{"id":10099,"date":"1970-01-01T00:00:00","date_gmt":"1970-01-01T00:00:00","guid":{"rendered":"https:\/\/elfsight.com\/fr\/?page_id=10099"},"modified":"2025-07-10T13:17:26","modified_gmt":"2025-07-10T13:17:26","slug":"opencart","status":"publish","type":"page","link":"https:\/\/elfsight.com\/fr\/rss-feed-widget\/opencart\/","title":{"rendered":"RSS Feed &#8211; OpenCart"},"content":{"rendered":"<div class=\"application-platform-content-item-description application-platform-content-item\" id=\"description\" data-nav-section=\"description\"> <h2>Description<\/h2> <p>Le flux RSS Elfsight pour OpenCart est une extension unique pour promouvoir les \u00e9motions et les exp\u00e9riences. Avec lui, vous pouvez concevoir un flux individualis\u00e9 compos\u00e9 du contenu de diff\u00e9rents sites d&rsquo;actualit\u00e9s &#8211; et le placer directement sur votre site Web. Exercez un contr\u00f4le complet sur un contenu affich\u00e9 et \u00e9liminez le spam et tout contenu ind\u00e9sirable au moyen d&rsquo;une mod\u00e9ration manuelle. L&rsquo;\u00e9diteur en ligne totalement r\u00e9actif vous propose des mod\u00e8les vari\u00e9s \u00e0 choisir. <\/p> <p><b>Avec le flux RSS, obtenez une croissance commerciale durable et de meilleures ventes <\/b><\/p> <\/div> <div class=\"application-platform-content-item-features application-platform-content-item\" id=\"features\" data-nav-section=\"features\"> <h2>Les fonctionnalit\u00e9s essentielles du widget incluent<\/h2> <ul><li>Couvrez la section de t\u00eate pour donner \u00e0 votre outil un aspect minimaliste. <\/li><li>Supprimez tout spam et contenu ind\u00e9sirable gr\u00e2ce au mode de mod\u00e9ration manuelle. <\/li><li>S\u00e9lectionnez l&rsquo;une des six mises en page pr\u00e9sentes\u00a0: Carrousel, Slider, Grille, Liste, Collage, Ma\u00e7onnerie. <\/li><li>Laissez vos messages s&rsquo;afficher dans une fen\u00eatre contextuelle. <\/li><\/ul><p><a href=\"#demo\">Examinez toutes les fonctionnalit\u00e9s de personnalisation dans une d\u00e9mo compl\u00e8te<\/a><\/p> <\/div> <div class=\"application-platform-content-item-installation application-platform-content-item\" id=\"installation\" data-nav-section=\"installation\"> <h2>Comment int\u00e9grer un flux RSS dans mon site OpenCart\u00a0? <\/h2> <p>Remplissez simplement les instructions ci-dessous pour commencer \u00e0 utiliser l&rsquo;extension. <\/p> <ol><li><b>R\u00e9alisez notre d\u00e9mo gratuite et commencez \u00e0 fa\u00e7onner votre extension personnalis\u00e9e. <\/b><br> D\u00e9terminez l&rsquo;apparence et les aspects souhait\u00e9s de l&rsquo;extension et appliquez les corrections. <\/li> <li><b>Recevez le code unique r\u00e9v\u00e9l\u00e9 dans la bo\u00eete sur Elfsight Apps. <\/b><br> Juste une fois la g\u00e9n\u00e9ration de votre plugin termin\u00e9e, copiez le code exclusif de la fen\u00eatre qui appara\u00eet et enregistrez-le pour une occasion future. <\/li> <li><b>Entrez en utilisant le widget sur le site Web OpenCart. <\/b><br> Ajoutez le code que vous avez enregistr\u00e9 auparavant sur votre site Web et enregistrez les ajustements. <\/li> <li><b>Fait\u00a0! L&rsquo;int\u00e9gration est pleinement r\u00e9alis\u00e9e. <\/b><br> Acc\u00e9dez \u00e0 votre site Web pour d\u00e9couvrir les performances de l&rsquo;extension. <\/li><\/ol> <p>Si vous rencontrez des probl\u00e8mes, n&rsquo;h\u00e9sitez pas \u00e0 postuler pour notre \u00e9quipe d&rsquo;assistance. Nos sp\u00e9cialistes ont h\u00e2te de r\u00e9soudre toutes les difficult\u00e9s que vous pourriez rencontrer avec le plugin. <\/p> <\/div><div class=\"faq\" data-component=\"FAQ\"><div class=\"faq-item\">\r\n\t\t\t\t\t<div class=\"faq-item-question\">\r\n\t\t\t\t\t\t<h3 class=\"faq-item-question-text\">Existe-t-il une option pour int\u00e9grer un flux RSS \u00e0 ma page d'accueil OpenCart sans comp\u00e9tences en codage ?<\/h3>\r\n\r\n\t\t\t\t\t\t<div class=\"faq-item-question-icon\"><\/div>\r\n\t\t\t\t\t<\/div>\r\n\r\n\t\t\t\t\t<div class=\"faq-item-answer\">\r\n\t\t\t\t\t\t<div class=\"faq-item-answer-text\"><p>Soci\u00e9t\u00e9 Elfsight fournit une solution qui vous permet de cr\u00e9er vous-m\u00eame un plugin de flux RSS, consultez le guide simple\u00a0: <\/p><ul><li>Travailler dans l&rsquo;\u00e9diteur en ligne pour cr\u00e9er un widget de flux RSS que vous souhaitez inclure sur votre site Web OpenCart.<\/li><li>Choisissez l&rsquo;un des mod\u00e8les pr\u00e9d\u00e9finis et modifiez les param\u00e8tres du flux RSS, modifiez la mise en page et les couleurs, incluez votre contenu sans comp\u00e9tences en codage.<\/li><li>Cliquez pour enregistrer le flux RSS et obtenir son installation. code, qui peut \u00eatre inclus gratuitement dans votre page d&rsquo;accueil OpenCart.<\/li><\/ul><p>\u00c0 l&rsquo;aide de l&rsquo;\u00e9diteur intuitif, tout internaute peut g\u00e9n\u00e9rer une application de flux RSS en ligne et l&rsquo;ajouter facilement \u00e0 sa page d&rsquo;accueil OpenCart. Il n&rsquo;est pas n\u00e9cessaire de souscrire un abonnement payant ou de divulguer les donn\u00e9es de votre carte pour acc\u00e9der \u00e0 Elfsight Editor. Si vous rencontrez des obstacles \u00e0 une \u00e9tape quelconque, n&rsquo;h\u00e9sitez pas \u00e0 contacter notre support technique client.<\/p><\/div>\r\n\t\t\t\t\t<\/div>\r\n\t\t\t\t<\/div><\/div>","protected":false},"excerpt":{"rendered":"","protected":false},"author":9,"featured_media":0,"parent":3330,"menu_order":0,"comment_status":"closed","ping_status":"closed","template":"templates\/template-application-platform.php","meta":{"publish_to_discourse":"","publish_post_category":"","wpdc_auto_publish_overridden":"","wpdc_topic_tags":"","wpdc_pin_topic":"","wpdc_pin_until":"","discourse_post_id":"","discourse_permalink":"","wpdc_publishing_response":"","wpdc_publishing_error":"","footnotes":""},"class_list":["post-10099","page","type-page","status-publish","hentry"],"yoast_head":"<!-- This site is optimized with the Yoast SEO plugin v25.3.1 - https:\/\/yoast.com\/wordpress\/plugins\/seo\/ -->\n<title>Ajoutez l&#039;extension de flux RSS au site Web OpenCart (rapide et gratuit)<\/title>\n<meta name=\"description\" content=\"Int\u00e9grez une extension de flux RSS adapt\u00e9e aux mobiles sur votre site OpenCart. Appliquez la d\u00e9mo pratique d&#039;Elfsight et cr\u00e9ez votre superbe flux RSS.\" \/>\n<meta name=\"robots\" content=\"index, follow, max-snippet:-1, max-image-preview:large, max-video-preview:-1\" \/>\n<link rel=\"canonical\" href=\"https:\/\/elfsight.com\/fr\/rss-feed-widget\/opencart\/\" \/>\n<meta property=\"og:locale\" content=\"fr_FR\" \/>\n<meta property=\"og:type\" content=\"article\" \/>\n<meta property=\"og:title\" content=\"Ajoutez l&#039;extension de flux RSS au site Web OpenCart (rapide et gratuit)\" \/>\n<meta property=\"og:description\" content=\"Int\u00e9grez une extension de flux RSS adapt\u00e9e aux mobiles sur votre site OpenCart. Appliquez la d\u00e9mo pratique d&#039;Elfsight et cr\u00e9ez votre superbe flux RSS.\" \/>\n<meta property=\"og:url\" content=\"https:\/\/elfsight.com\/fr\/rss-feed-widget\/opencart\/\" \/>\n<meta property=\"og:site_name\" content=\"Elfsight FR\" \/>\n<meta property=\"article:modified_time\" content=\"2025-07-10T13:17:26+00:00\" \/>\n<meta name=\"twitter:card\" content=\"summary_large_image\" \/>\n<meta name=\"twitter:label1\" content=\"Dur\u00e9e de lecture estim\u00e9e\" \/>\n\t<meta name=\"twitter:data1\" content=\"3 minutes\" \/>\n<!-- \/ Yoast SEO plugin. -->","yoast_head_json":{"title":"Ajoutez l'extension de flux RSS au site Web OpenCart (rapide et gratuit)","description":"Int\u00e9grez une extension de flux RSS adapt\u00e9e aux mobiles sur votre site OpenCart. Appliquez la d\u00e9mo pratique d'Elfsight et cr\u00e9ez votre superbe flux RSS.","robots":{"index":"index","follow":"follow","max-snippet":"max-snippet:-1","max-image-preview":"max-image-preview:large","max-video-preview":"max-video-preview:-1"},"canonical":"https:\/\/elfsight.com\/fr\/rss-feed-widget\/opencart\/","og_locale":"fr_FR","og_type":"article","og_title":"Ajoutez l'extension de flux RSS au site Web OpenCart (rapide et gratuit)","og_description":"Int\u00e9grez une extension de flux RSS adapt\u00e9e aux mobiles sur votre site OpenCart. Appliquez la d\u00e9mo pratique d'Elfsight et cr\u00e9ez votre superbe flux RSS.","og_url":"https:\/\/elfsight.com\/fr\/rss-feed-widget\/opencart\/","og_site_name":"Elfsight FR","article_modified_time":"2025-07-10T13:17:26+00:00","twitter_card":"summary_large_image","twitter_misc":{"Dur\u00e9e de lecture estim\u00e9e":"3 minutes"},"schema":{"@context":"https:\/\/schema.org","@graph":[{"@type":"WebPage","@id":"https:\/\/elfsight.com\/fr\/rss-feed-widget\/opencart\/","url":"https:\/\/elfsight.com\/fr\/rss-feed-widget\/opencart\/","name":"Ajoutez l'extension de flux RSS au site Web OpenCart (rapide et gratuit)","isPartOf":{"@id":"https:\/\/elfsight.com\/fr\/#website"},"datePublished":"1970-01-01T00:00:00+00:00","dateModified":"2025-07-10T13:17:26+00:00","description":"Int\u00e9grez une extension de flux RSS adapt\u00e9e aux mobiles sur votre site OpenCart. Appliquez la d\u00e9mo pratique d'Elfsight et cr\u00e9ez votre superbe flux RSS.","breadcrumb":{"@id":"https:\/\/elfsight.com\/fr\/rss-feed-widget\/opencart\/#breadcrumb"},"inLanguage":"fr-FR","potentialAction":[{"@type":"ReadAction","target":["https:\/\/elfsight.com\/fr\/rss-feed-widget\/opencart\/"]}]},{"@type":"BreadcrumbList","@id":"https:\/\/elfsight.com\/fr\/rss-feed-widget\/opencart\/#breadcrumb","itemListElement":[{"@type":"ListItem","position":1,"name":"Home","item":"https:\/\/elfsight.com\/fr\/"},{"@type":"ListItem","position":2,"name":"RSS Feed","item":"https:\/\/elfsight.com\/fr\/rss-feed-widget\/"},{"@type":"ListItem","position":3,"name":"RSS Feed &#8211; OpenCart"}]},{"@type":"WebSite","@id":"https:\/\/elfsight.com\/fr\/#website","url":"https:\/\/elfsight.com\/fr\/","name":"Elfsight FR","description":"","potentialAction":[{"@type":"SearchAction","target":{"@type":"EntryPoint","urlTemplate":"https:\/\/elfsight.com\/fr\/?s={search_term_string}"},"query-input":{"@type":"PropertyValueSpecification","valueRequired":true,"valueName":"search_term_string"}}],"inLanguage":"fr-FR"}]}},"meta_box":{"industry":"","seo_heading":"","heading":"","description":"","cta_heading":"","cta_description":"","application":"3329","h1":"Extension de flux RSS OpenCart","h1_caption":"Int\u00e9grez un flux RSS sur votre site Web pour afficher du contenu provenant de sources externes, en gardant votre site Web \u00e0 jour avec du mat\u00e9riel frais dans votre site Web Opencart sans effort.","application_category":[],"applications_title":"","applications_request_title":"","applications_request_button_text":"","hero_text":"","hero_video":"","hero_video_schema_markup":"","selling_points_title":"","selling_points_caption":"","selling_points":[],"selling_points_cta_text":"","features_title":"","features":"","ed_cta_examples_text":"","ed_cta_examples_hidden":"","ed_cta_demo_text":"","ed_cta_demo_hidden":"","why_caption":"","why_editor_title":"","why_editor_text":"","why_team_title":"","why_team_text":"","why_service_title":"","why_service_text":"","template_catalog_visible":"","template_catalog_title":"","template_catalog_text":"","template_catalog_categories_visible":"","demo_title":"Cr\u00e9ez votre extension de flux RSS","demo_caption":"Configurez votre flux RSS et ajoutez-le gratuitement \u00e0 votre site Web OpenCart\u00a0!","default_faq_hidden":"","app_template_category":[],"platform":"359","template_public_id":"","codecanyon_url":"","codecanyon_item_id":"","codecanyon_price":"","pricing_caption":"","pricing_elfsight_apps_hide_column":"","pricing_elfsight_apps_url":"","pricing_codecanyon_price_caption":"","integration_category":[],"integration_request_title":"","integration_request_cta":"","integration_platform":"","integrations":[],"platform_category":[],"video_schema_markup":"","price":"\u00e0 partir de 0$ \/ mois","trial":"","benefits":[{"text":"Service d'installation gratuit"},{"text":"Service client comp\u00e9tent"},{"text":"Garantie de remboursement de 14 jours"},{"text":"D\u00e9veloppement continu"}],"button_url":"","button_target_blank":"","button_nofollow":"","attributes":[{"name":"Installations","content":"10,000 - 100,000"},{"name":"Sensible","content":"Oui"},{"name":"Navigateurs compatibles","content":"Firefox, Safari, Opera, Chrome, Edge"}],"tags":[],"tags_disable_links":"","hide_more_platforms":"","video_object":"","demo_hide_cta":"","demo_hide_cloud_options":"","pricing_title":"","pricing":[{"pricing_icon":"platform","pricing_title":"Elfsight Apps","pricing_title_caption":"Version ind\u00e9pendante de la plateforme","pricing_price":"from $0 \/ month","pricing_price_caption":"commencez avec un forfait gratuit","pricing_benefits":[{"text":"Domaines illimit\u00e9s"},{"text":"Support premium et ponctuel et bien document\u00e9"},{"text":"Assistance \u00e0 l'installation gratuite"},{"text":"Conception flexible"}],"pricing_button_text":"Ajouter au site Web","pricing_button_url":"#demo"}],"related_apps_title":"","related_apps_hidden":"","author":"","image":[],"title":"","job":"","social_networks":[]},"_links":{"self":[{"href":"https:\/\/elfsight.com\/fr\/wp-json\/wp\/v2\/pages\/10099","targetHints":{"allow":["GET"]}}],"collection":[{"href":"https:\/\/elfsight.com\/fr\/wp-json\/wp\/v2\/pages"}],"about":[{"href":"https:\/\/elfsight.com\/fr\/wp-json\/wp\/v2\/types\/page"}],"author":[{"embeddable":true,"href":"https:\/\/elfsight.com\/fr\/wp-json\/wp\/v2\/users\/9"}],"replies":[{"embeddable":true,"href":"https:\/\/elfsight.com\/fr\/wp-json\/wp\/v2\/comments?post=10099"}],"version-history":[{"count":1,"href":"https:\/\/elfsight.com\/fr\/wp-json\/wp\/v2\/pages\/10099\/revisions"}],"predecessor-version":[{"id":10103,"href":"https:\/\/elfsight.com\/fr\/wp-json\/wp\/v2\/pages\/10099\/revisions\/10103"}],"up":[{"embeddable":true,"href":"https:\/\/elfsight.com\/fr\/wp-json\/wp\/v2\/pages\/3330"}],"wp:attachment":[{"href":"https:\/\/elfsight.com\/fr\/wp-json\/wp\/v2\/media?parent=10099"}],"curies":[{"name":"wp","href":"https:\/\/api.w.org\/{rel}","templated":true}]}}