{"id":10098,"date":"1970-01-01T00:00:00","date_gmt":"1970-01-01T00:00:00","guid":{"rendered":"https:\/\/elfsight.com\/fr\/?page_id=10098"},"modified":"2026-02-19T12:24:56","modified_gmt":"2026-02-19T12:24:56","slug":"shopify","status":"publish","type":"page","link":"https:\/\/elfsight.com\/fr\/rss-feed-widget\/shopify\/","title":{"rendered":"RSS Feed &#8211; Shopify"},"content":{"rendered":"<div class=\"application-platform-content-item-description application-platform-content-item\" id=\"description\" data-nav-section=\"description\"> <h2>Int\u00e9grer le flux RSS sur Shopify avec le widget Elfsight<\/h2> <p>Le flux RSS Elfsight pour Shopify est une application exclusive pour le marketing des \u00e9motions et exp\u00e9riences. En l&rsquo;utilisant, vous pouvez concevoir un flux personnalis\u00e9 compos\u00e9 du contenu de divers blogs d&rsquo;actualit\u00e9 &#8211; et le pr\u00e9senter directement sur votre site Web. Profitez d&rsquo;un contr\u00f4le total sur un contenu affich\u00e9 et \u00e9liminez le spam et tout contenu ind\u00e9sirable en appliquant une mod\u00e9ration manuelle. L&rsquo;\u00e9diteur en ligne totalement r\u00e9actif vous propose plusieurs mod\u00e8les \u00e0 s\u00e9lectionner. <\/p> <p><b>Rendez votre site Web plus efficace pour les cibles commerciales avec le flux RSS<\/b><\/p> <\/div> <div class=\"application-platform-content-item-features application-platform-content-item\" id=\"features\" data-nav-section=\"features\"> <h2>Trouvez ci-dessous les principales fonctionnalit\u00e9s du app\u00a0: <\/h2> <ul><li>Couvrez la section d&rsquo;en-t\u00eate pour donner au widget un aspect minimaliste. <\/li><li>Supprimez tout spam et contenu ind\u00e9sirable via la mod\u00e9ration manuelle. <\/li><li>S\u00e9lectionnez l&rsquo;une des 6 mises en page pr\u00e9sentes\u00a0: Liste, Carrousel, Grille, Collage, Ma\u00e7onnerie, Slider. <\/li><li>Laissez vos publications s&rsquo;afficher dans un mode pop-up. <\/li><\/ul><p><a href=\"#demo\">Vous pouvez explorer toutes les fonctionnalit\u00e9s du widget dans la d\u00e9mo sur cette page<\/a><\/p> <\/div> <div class=\"application-platform-content-item-installation application-platform-content-item\" id=\"installation\" data-nav-section=\"installation\"> <h2>Comment int\u00e9grer un flux RSS dans mon site Shopify\u00a0? <\/h2><div class=\"video-container\">\n<iframe width=\"720\" height=\"405\" src=\"https:\/\/www.youtube.com\/embed\/4cZpTq_B90U?si=8L_ahSYjWA5FrzrM\" frameborder=\"0\" allowfullscreen=\"\"><\/iframe>\n<\/div> <p>Suivez simplement les instructions ci-dessous pour int\u00e9grer l&rsquo;application. <\/p> <ol><li><b>Ouvrez notre \u00e9diteur gratuit et commencez \u00e0 fa\u00e7onner votre application personnalis\u00e9e. <\/b><br> Choisissez le design et les fonctionnalit\u00e9s pr\u00e9f\u00e9r\u00e9s du plugin et enregistrez les corrections. <\/li> <li><b>Copiez votre code personnel affich\u00e9 dans le formulaire sp\u00e9cial sur Elfsight Apps. <\/b><br> Une fois la configuration de votre application personnelle termin\u00e9e, copiez le code exclusif dans la case qui appara\u00eet et conservez-le pour une utilisation future. <\/li> <li><b>Initiez l&rsquo;utilisation de l&rsquo;application sur le site Web Shopify. <\/b><br> Saisissez le code que vous avez enregistr\u00e9 r\u00e9cemment sur votre page d&rsquo;accueil et enregistrez les modifications. <\/li> <li><b>L&rsquo;installation est effectu\u00e9e avec succ\u00e8s. <\/b><br> Visitez votre page pour jeter un \u0153il au travail de l&rsquo;application. <\/li><\/ol> <p>Si vous rencontrez des probl\u00e8mes, n&rsquo;h\u00e9sitez pas \u00e0 faire appel \u00e0 notre \u00e9quipe de service client. Nos sp\u00e9cialistes seront ravis de r\u00e9soudre tous les probl\u00e8mes que vous pourriez rencontrer avec l&rsquo;application. <\/p> <\/div><div class=\"faq\" data-component=\"FAQ\"><div class=\"faq-item\">\r\n\t\t\t\t\t<div class=\"faq-item-question\">\r\n\t\t\t\t\t\t<h3 class=\"faq-item-question-text\">Existe-t-il une option pour ajouter un flux RSS \u00e0 mon site Web Shopify sans comp\u00e9tences en codage ?<\/h3>\r\n\r\n\t\t\t\t\t\t<div class=\"faq-item-question-icon\"><\/div>\r\n\t\t\t\t\t<\/div>\r\n\r\n\t\t\t\t\t<div class=\"faq-item-answer\">\r\n\t\t\t\t\t\t<div class=\"faq-item-answer-text\"><p>Soci\u00e9t\u00e9 Elfsight introduit une solution qui permet aux propri\u00e9taires de sites de g\u00e9n\u00e9rer vous-m\u00eame un plugin de flux RSS, d\u00e9couvrez les \u00e9tapes simples\u00a0: <\/p><ul><li> Acc\u00e9dez \u00e0 l&rsquo;\u00e9diteur en direct pour cr\u00e9er un plugin de flux RSS que vous souhaitez int\u00e9grer sur votre page d&rsquo;accueil Shopify. .<\/li><li>Choisissez l&rsquo;un des mod\u00e8les pr\u00e9d\u00e9finis et adaptez les param\u00e8tres du flux RSS, ajoutez votre contenu, modifiez la mise en page et la palette de couleurs sans exp\u00e9rience de codage.<\/li><li>Enregistrez les param\u00e8tres que vous J&rsquo;ai cr\u00e9\u00e9 un flux RSS et copi\u00e9 le code d&rsquo;installation du plugin, que vous pouvez facilement inclure gratuitement dans n&rsquo;importe quelle page d&rsquo;accueil de Shopify.<\/li><\/ul><p>Avec notre configurateur facile \u00e0 utiliser, chaque internaute peut cr\u00e9er du RSS. Alimentez en ligne et incluez sans effort sur n\u2019importe quel site Shopify. Il n&rsquo;est pas n\u00e9cessaire de souscrire un abonnement payant ou de soumettre les donn\u00e9es de votre carte pour acc\u00e9der au service Elfsight. Si vous rencontrez des probl\u00e8mes \u00e0 n&rsquo;importe quelle \u00e9tape, n&rsquo;h\u00e9sitez pas \u00e0 contacter notre \u00e9quipe d&rsquo;assistance.<\/p><\/div>\r\n\t\t\t\t\t<\/div>\r\n\t\t\t\t<\/div><\/div>","protected":false},"excerpt":{"rendered":"","protected":false},"author":9,"featured_media":0,"parent":3330,"menu_order":0,"comment_status":"closed","ping_status":"closed","template":"templates\/template-application-platform.php","meta":{"publish_to_discourse":"","publish_post_category":"","wpdc_auto_publish_overridden":"","wpdc_topic_tags":"","wpdc_pin_topic":"","wpdc_pin_until":"","discourse_post_id":"","discourse_permalink":"","wpdc_publishing_response":"","wpdc_publishing_error":"","footnotes":""},"class_list":["post-10098","page","type-page","status-publish","hentry"],"yoast_head":"<!-- This site is optimized with the Yoast SEO plugin v25.3.1 - https:\/\/yoast.com\/wordpress\/plugins\/seo\/ -->\n<title>Ajoutez l&#039;application de flux RSS au site Web Shopify (rapide et gratuit)<\/title>\n<meta name=\"description\" content=\"Ins\u00e9rez une application de flux RSS facile \u00e0 g\u00e9rer sur votre site Web Shopify. Utilisez la d\u00e9mo pratique d&#039;Elfsight et g\u00e9n\u00e9rez votre superbe flux RSS.\" \/>\n<meta name=\"robots\" content=\"index, follow, max-snippet:-1, max-image-preview:large, max-video-preview:-1\" \/>\n<link rel=\"canonical\" href=\"https:\/\/elfsight.com\/fr\/rss-feed-widget\/shopify\/\" \/>\n<meta property=\"og:locale\" content=\"fr_FR\" \/>\n<meta property=\"og:type\" content=\"article\" \/>\n<meta property=\"og:title\" content=\"Ajoutez l&#039;application de flux RSS au site Web Shopify (rapide et gratuit)\" \/>\n<meta property=\"og:description\" content=\"Ins\u00e9rez une application de flux RSS facile \u00e0 g\u00e9rer sur votre site Web Shopify. Utilisez la d\u00e9mo pratique d&#039;Elfsight et g\u00e9n\u00e9rez votre superbe flux RSS.\" \/>\n<meta property=\"og:url\" content=\"https:\/\/elfsight.com\/fr\/rss-feed-widget\/shopify\/\" \/>\n<meta property=\"og:site_name\" content=\"Elfsight FR\" \/>\n<meta property=\"article:modified_time\" content=\"2026-02-19T12:24:56+00:00\" \/>\n<meta name=\"twitter:card\" content=\"summary_large_image\" \/>\n<meta name=\"twitter:label1\" content=\"Dur\u00e9e de lecture estim\u00e9e\" \/>\n\t<meta name=\"twitter:data1\" content=\"3 minutes\" \/>\n<!-- \/ Yoast SEO plugin. -->","yoast_head_json":{"title":"Ajoutez l'application de flux RSS au site Web Shopify (rapide et gratuit)","description":"Ins\u00e9rez une application de flux RSS facile \u00e0 g\u00e9rer sur votre site Web Shopify. Utilisez la d\u00e9mo pratique d'Elfsight et g\u00e9n\u00e9rez votre superbe flux RSS.","robots":{"index":"index","follow":"follow","max-snippet":"max-snippet:-1","max-image-preview":"max-image-preview:large","max-video-preview":"max-video-preview:-1"},"canonical":"https:\/\/elfsight.com\/fr\/rss-feed-widget\/shopify\/","og_locale":"fr_FR","og_type":"article","og_title":"Ajoutez l'application de flux RSS au site Web Shopify (rapide et gratuit)","og_description":"Ins\u00e9rez une application de flux RSS facile \u00e0 g\u00e9rer sur votre site Web Shopify. Utilisez la d\u00e9mo pratique d'Elfsight et g\u00e9n\u00e9rez votre superbe flux RSS.","og_url":"https:\/\/elfsight.com\/fr\/rss-feed-widget\/shopify\/","og_site_name":"Elfsight FR","article_modified_time":"2026-02-19T12:24:56+00:00","twitter_card":"summary_large_image","twitter_misc":{"Dur\u00e9e de lecture estim\u00e9e":"3 minutes"},"schema":{"@context":"https:\/\/schema.org","@graph":[{"@type":"WebPage","@id":"https:\/\/elfsight.com\/fr\/rss-feed-widget\/shopify\/","url":"https:\/\/elfsight.com\/fr\/rss-feed-widget\/shopify\/","name":"Ajoutez l'application de flux RSS au site Web Shopify (rapide et gratuit)","isPartOf":{"@id":"https:\/\/elfsight.com\/fr\/#website"},"datePublished":"1970-01-01T00:00:00+00:00","dateModified":"2026-02-19T12:24:56+00:00","description":"Ins\u00e9rez une application de flux RSS facile \u00e0 g\u00e9rer sur votre site Web Shopify. Utilisez la d\u00e9mo pratique d'Elfsight et g\u00e9n\u00e9rez votre superbe flux RSS.","breadcrumb":{"@id":"https:\/\/elfsight.com\/fr\/rss-feed-widget\/shopify\/#breadcrumb"},"inLanguage":"fr-FR","potentialAction":[{"@type":"ReadAction","target":["https:\/\/elfsight.com\/fr\/rss-feed-widget\/shopify\/"]}]},{"@type":"BreadcrumbList","@id":"https:\/\/elfsight.com\/fr\/rss-feed-widget\/shopify\/#breadcrumb","itemListElement":[{"@type":"ListItem","position":1,"name":"Home","item":"https:\/\/elfsight.com\/fr\/"},{"@type":"ListItem","position":2,"name":"RSS Feed","item":"https:\/\/elfsight.com\/fr\/rss-feed-widget\/"},{"@type":"ListItem","position":3,"name":"RSS Feed &#8211; Shopify"}]},{"@type":"WebSite","@id":"https:\/\/elfsight.com\/fr\/#website","url":"https:\/\/elfsight.com\/fr\/","name":"Elfsight FR","description":"","potentialAction":[{"@type":"SearchAction","target":{"@type":"EntryPoint","urlTemplate":"https:\/\/elfsight.com\/fr\/?s={search_term_string}"},"query-input":{"@type":"PropertyValueSpecification","valueRequired":true,"valueName":"search_term_string"}}],"inLanguage":"fr-FR"}]}},"meta_box":{"industry":"","seo_heading":"","heading":"","description":"","cta_heading":"","cta_description":"","application":"3329","h1":"Application de flux RSS Shopify","h1_caption":"Int\u00e9grez un flux RSS sur votre site Web pour afficher du contenu provenant de sources externes, gardant ainsi votre site Web \u00e0 jour avec du mat\u00e9riel r\u00e9cent sur votre site Web Shopify sans effort.","application_category":[],"applications_title":"","applications_request_title":"","applications_request_button_text":"","hero_text":"","hero_video":"","hero_video_schema_markup":"","selling_points_title":"","selling_points_caption":"","selling_points":[],"selling_points_cta_text":"","features_title":"","features":"","ed_cta_examples_text":"","ed_cta_examples_hidden":"","ed_cta_demo_text":"","ed_cta_demo_hidden":"","why_caption":"","why_editor_title":"","why_editor_text":"","why_team_title":"","why_team_text":"","why_service_title":"","why_service_text":"","template_catalog_visible":"0","template_catalog_title":"","template_catalog_text":"","template_catalog_categories_visible":"","demo_title":"Cr\u00e9ez votre application de flux RSS","demo_caption":"Configurez votre flux RSS et ajoutez-le \u00e0 votre site Web Shopify gratuitement !","default_faq_hidden":"","app_template_category":[],"platform":"360","template_public_id":"","codecanyon_url":"","codecanyon_item_id":"","codecanyon_price":"","pricing_caption":"","pricing_elfsight_apps_hide_column":"","pricing_elfsight_apps_url":"","pricing_codecanyon_price_caption":"","integration_category":[],"integration_request_title":"","integration_request_cta":"","integration_platform":"","integrations":[],"platform_category":[],"video_schema_markup":"","price":"\u00e0 partir de 0$ \/ mois","trial":"","benefits":[{"text":"Aide \u00e0 l'installation gratuite"},{"text":"Service client comp\u00e9tent"},{"text":"Garantie de remboursement de 14 jours"},{"text":"Futures am\u00e9liorations gratuites"}],"button_url":"","button_target_blank":"0","button_nofollow":"0","attributes":[{"name":"Installations","content":"10,000 - 100,000"},{"name":"Sensible","content":"Oui"},{"name":"Navigateurs compatibles","content":"Firefox, Safari, Opera, Chrome, Edge"}],"tags":[],"tags_disable_links":"0","hide_more_platforms":"0","video_object":"","demo_hide_cta":"0","demo_hide_cloud_options":"0","pricing_title":"","pricing":[{"pricing_icon":"platform","pricing_title":"Elfsight Apps","pricing_title_caption":"Version multiplateforme qui convient \u00e0 n'importe quel site","pricing_price":"from $0 \/ month","pricing_price_caption":"commencez avec un forfait gratuit","pricing_benefits":[{"text":"Sites Web illimit\u00e9s"},{"text":"Assistance rapide et ponctuelle"},{"text":"Aide \u00e0 l'installation gratuite"},{"text":"Conception flexible"}],"pricing_button_text":"Ajouter au site Web","pricing_button_url":"#demo"}],"related_apps_title":"","related_apps_hidden":"0","author":"","image":[],"title":"","job":"","social_networks":[]},"_links":{"self":[{"href":"https:\/\/elfsight.com\/fr\/wp-json\/wp\/v2\/pages\/10098","targetHints":{"allow":["GET"]}}],"collection":[{"href":"https:\/\/elfsight.com\/fr\/wp-json\/wp\/v2\/pages"}],"about":[{"href":"https:\/\/elfsight.com\/fr\/wp-json\/wp\/v2\/types\/page"}],"author":[{"embeddable":true,"href":"https:\/\/elfsight.com\/fr\/wp-json\/wp\/v2\/users\/9"}],"replies":[{"embeddable":true,"href":"https:\/\/elfsight.com\/fr\/wp-json\/wp\/v2\/comments?post=10098"}],"version-history":[{"count":2,"href":"https:\/\/elfsight.com\/fr\/wp-json\/wp\/v2\/pages\/10098\/revisions"}],"predecessor-version":[{"id":16812,"href":"https:\/\/elfsight.com\/fr\/wp-json\/wp\/v2\/pages\/10098\/revisions\/16812"}],"up":[{"embeddable":true,"href":"https:\/\/elfsight.com\/fr\/wp-json\/wp\/v2\/pages\/3330"}],"wp:attachment":[{"href":"https:\/\/elfsight.com\/fr\/wp-json\/wp\/v2\/media?parent=10098"}],"curies":[{"name":"wp","href":"https:\/\/api.w.org\/{rel}","templated":true}]}}