{"id":10093,"date":"1970-01-01T00:00:00","date_gmt":"1970-01-01T00:00:00","guid":{"rendered":"https:\/\/elfsight.com\/fr\/?page_id=10093"},"modified":"2026-02-19T13:37:00","modified_gmt":"2026-02-19T13:37:00","slug":"squarespace","status":"publish","type":"page","link":"https:\/\/elfsight.com\/fr\/rss-feed-widget\/squarespace\/","title":{"rendered":"RSS Feed &#8211; Squarespace"},"content":{"rendered":"<div class=\"application-platform-content-item-description application-platform-content-item\" id=\"description\" data-nav-section=\"description\"> <h2>Int\u00e9grer un flux RSS sur Squarespace avec le widget Elfsight<\/h2> <p>Elfsight RSS Feed pour Squarespace est un plugin exclusif pour promouvoir les \u00e9motions et exp\u00e9riences. Avec lui, vous pouvez cr\u00e9er un flux personnalis\u00e9 compos\u00e9 du contenu de divers blogs d&rsquo;actualit\u00e9s &#8211; et le pr\u00e9senter directement sur votre site Web. Exercez le contr\u00f4le total sur un contenu affich\u00e9 et d\u00e9barrassez-vous du spam et de tout contenu ind\u00e9sirable gr\u00e2ce \u00e0 la mod\u00e9ration manuelle. Le configurateur en ligne enti\u00e8rement r\u00e9actif vous propose de nombreux mod\u00e8les parmi lesquels choisir. <\/p> <p><b>Rendez votre site plus efficace pour atteindre vos objectifs commerciaux gr\u00e2ce au flux RSS<\/b><\/p> <\/div> <div class=\"application-platform-content-item-features application-platform-content-item\" id=\"features\" data-nav-section=\"features\"> <h2>Les fonctionnalit\u00e9s essentielles du plugin contain<\/h2> <ul><li>Couvrez la section de t\u00eate pour donner \u00e0 votre outil un aspect minimaliste. <\/li><li>\u00c9liminez tout spam et tout contenu r\u00e9ticent en appliquant une mod\u00e9ration manuelle. <\/li><li>Choisissez l&rsquo;une des 6 mises en page disponibles\u00a0: Grille, Carrousel, Ma\u00e7onnerie, Collage, Curseur, Liste. <\/li><li>Autorisez l&rsquo;affichage de vos publications dans une fen\u00eatre contextuelle. <\/li><\/ul><p><a href=\"#demo\">Examinez toutes les fonctionnalit\u00e9s de personnalisation dans une d\u00e9mo 100\u00a0% fonctionnelle<\/a><\/p> <\/div> <div class=\"application-platform-content-item-installation application-platform-content-item\" id=\"installation\" data-nav-section=\"installation\"> <h2>Comment puis-je ajouter un flux RSS sur mon site Web Squarespace\u00a0? <\/h2><div class=\"video-container\">\n<iframe width=\"720\" height=\"405\" src=\"https:\/\/www.youtube.com\/embed\/H1rNEh6zRsc?si=jqN2FPUARTcTwXWt\" frameborder=\"0\" allowfullscreen=\"\"><\/iframe>\n<\/div> <p>Suivez simplement les instructions ci-dessous pour int\u00e9grer le plugin. <\/p> <ol><li><b>R\u00e9alisez notre d\u00e9mo gratuite et commencez \u00e0 cr\u00e9er votre plugin unique. <\/b><br> Recherchez l&rsquo;apparence et les caract\u00e9ristiques personnalis\u00e9es du widget et appliquez les modifications. <\/li> <li><b>Copiez votre code individuel affich\u00e9 dans le formulaire sp\u00e9cial sur Elfsight Apps. <\/b><br> D\u00e8s que la g\u00e9n\u00e9ration de votre plugin est termin\u00e9e, copiez le code individuel dans la fen\u00eatre qui appara\u00eet et conservez-le pour une utilisation ult\u00e9rieure. <\/li> <li><b>Commencez l&rsquo;application du plugin sur le site Web Squarespace. <\/b><br> Impl\u00e9mentez le code que vous avez copi\u00e9 auparavant dans votre site Web et enregistrez les ajustements. <\/li> <li><b>Fait\u00a0! L&rsquo;installation est termin\u00e9e avec succ\u00e8s. <\/b><br> Visitez votre site pour jeter un \u0153il aux performances du widget. <\/li><\/ol> <p>\u00c0 condition de faire face \u00e0 des demandes de renseignements ou de faire face \u00e0 des obstacles, n&rsquo;h\u00e9sitez pas \u00e0 vous adresser \u00e0 notre \u00e9quipe du service client. Nos collaborateurs sont d\u00e9sireux de r\u00e9soudre toutes les difficult\u00e9s que vous pourriez rencontrer avec l&rsquo;outil. <\/p> <\/div><div class=\"faq\" data-component=\"FAQ\"><div class=\"faq-item\">\r\n\t\t\t\t\t<div class=\"faq-item-question\">\r\n\t\t\t\t\t\t<h3 class=\"faq-item-question-text\">De quelle mani\u00e8re est-il possible d'int\u00e9grer un flux RSS \u00e0 mon Squarespace sans aucune exp\u00e9rience en codage ?<\/h3>\r\n\r\n\t\t\t\t\t\t<div class=\"faq-item-question-icon\"><\/div>\r\n\t\t\t\t\t<\/div>\r\n\r\n\t\t\t\t\t<div class=\"faq-item-answer\">\r\n\t\t\t\t\t\t<div class=\"faq-item-answer-text\"><p>Soci\u00e9t\u00e9 Elfsight fournit une solution Cloud qui permet aux utilisateurs de cr\u00e9er eux-m\u00eames une section de flux RSS. D\u00e9couvrez \u00e0 quel point le processus est simple\u00a0: <\/p><ul><li>Travailler dans la d\u00e9mo en ligne pour g\u00e9n\u00e9rer une application de flux RSS que vous souhaitez ajouter sur le site Squarespace. .<\/li><li>Choisissez l&rsquo;un de nos mod\u00e8les pr\u00e9d\u00e9finis et modifiez les param\u00e8tres du flux RSS, modifiez la mise en page et la palette de couleurs, ajoutez votre contenu sans aucune connaissance en codage.<\/li><li>Cliquez pour enregistrer le flux RSS et obtenez son code d&rsquo;installation, qui peut \u00eatre facilement coll\u00e9 dans la page Web Squarespace sans avoir besoin d&rsquo;acheter un abonnement payant.<\/li><\/ul><p>\u00c0 l&rsquo;aide de l&rsquo;\u00e9diteur intuitif, tout utilisateur Web peut cr\u00e9er une section de flux RSS et simplement ajouter vers la page Web Squarespace. Vous ne devez pas payer ni divulguer les informations d\u2019identification de votre carte pour acc\u00e9der \u00e0 l\u2019\u00e9diteur. Si vous rencontrez des obstacles de quelque nature que ce soit, n&rsquo;h\u00e9sitez pas \u00e0 contacter notre support technique client.<\/p><\/div>\r\n\t\t\t\t\t<\/div>\r\n\t\t\t\t<\/div><\/div>","protected":false},"excerpt":{"rendered":"","protected":false},"author":9,"featured_media":0,"parent":3330,"menu_order":0,"comment_status":"closed","ping_status":"closed","template":"templates\/template-application-platform.php","meta":{"publish_to_discourse":"","publish_post_category":"","wpdc_auto_publish_overridden":"","wpdc_topic_tags":"","wpdc_pin_topic":"","wpdc_pin_until":"","discourse_post_id":"","discourse_permalink":"","wpdc_publishing_response":"","wpdc_publishing_error":"","footnotes":""},"class_list":["post-10093","page","type-page","status-publish","hentry"],"yoast_head":"<!-- This site is optimized with the Yoast SEO plugin v25.3.1 - https:\/\/yoast.com\/wordpress\/plugins\/seo\/ -->\n<title>Ajoutez le plugin RSS Feed au site Web Squarespace (rapide et gratuit)<\/title>\n<meta name=\"description\" content=\"Impl\u00e9mentez un plugin de flux RSS r\u00e9actif sur votre page Squarespace. Utilisez la d\u00e9mo pratique d&#039;Elfsight et modifiez votre superbe flux RSS.\" \/>\n<meta name=\"robots\" content=\"index, follow, max-snippet:-1, max-image-preview:large, max-video-preview:-1\" \/>\n<link rel=\"canonical\" href=\"https:\/\/elfsight.com\/fr\/rss-feed-widget\/squarespace\/\" \/>\n<meta property=\"og:locale\" content=\"fr_FR\" \/>\n<meta property=\"og:type\" content=\"article\" \/>\n<meta property=\"og:title\" content=\"Ajoutez le plugin RSS Feed au site Web Squarespace (rapide et gratuit)\" \/>\n<meta property=\"og:description\" content=\"Impl\u00e9mentez un plugin de flux RSS r\u00e9actif sur votre page Squarespace. Utilisez la d\u00e9mo pratique d&#039;Elfsight et modifiez votre superbe flux RSS.\" \/>\n<meta property=\"og:url\" content=\"https:\/\/elfsight.com\/fr\/rss-feed-widget\/squarespace\/\" \/>\n<meta property=\"og:site_name\" content=\"Elfsight FR\" \/>\n<meta property=\"article:modified_time\" content=\"2026-02-19T13:37:00+00:00\" \/>\n<meta name=\"twitter:card\" content=\"summary_large_image\" \/>\n<meta name=\"twitter:label1\" content=\"Dur\u00e9e de lecture estim\u00e9e\" \/>\n\t<meta name=\"twitter:data1\" content=\"3 minutes\" \/>\n<!-- \/ Yoast SEO plugin. -->","yoast_head_json":{"title":"Ajoutez le plugin RSS Feed au site Web Squarespace (rapide et gratuit)","description":"Impl\u00e9mentez un plugin de flux RSS r\u00e9actif sur votre page Squarespace. Utilisez la d\u00e9mo pratique d'Elfsight et modifiez votre superbe flux RSS.","robots":{"index":"index","follow":"follow","max-snippet":"max-snippet:-1","max-image-preview":"max-image-preview:large","max-video-preview":"max-video-preview:-1"},"canonical":"https:\/\/elfsight.com\/fr\/rss-feed-widget\/squarespace\/","og_locale":"fr_FR","og_type":"article","og_title":"Ajoutez le plugin RSS Feed au site Web Squarespace (rapide et gratuit)","og_description":"Impl\u00e9mentez un plugin de flux RSS r\u00e9actif sur votre page Squarespace. Utilisez la d\u00e9mo pratique d'Elfsight et modifiez votre superbe flux RSS.","og_url":"https:\/\/elfsight.com\/fr\/rss-feed-widget\/squarespace\/","og_site_name":"Elfsight FR","article_modified_time":"2026-02-19T13:37:00+00:00","twitter_card":"summary_large_image","twitter_misc":{"Dur\u00e9e de lecture estim\u00e9e":"3 minutes"},"schema":{"@context":"https:\/\/schema.org","@graph":[{"@type":"WebPage","@id":"https:\/\/elfsight.com\/fr\/rss-feed-widget\/squarespace\/","url":"https:\/\/elfsight.com\/fr\/rss-feed-widget\/squarespace\/","name":"Ajoutez le plugin RSS Feed au site Web Squarespace (rapide et gratuit)","isPartOf":{"@id":"https:\/\/elfsight.com\/fr\/#website"},"datePublished":"1970-01-01T00:00:00+00:00","dateModified":"2026-02-19T13:37:00+00:00","description":"Impl\u00e9mentez un plugin de flux RSS r\u00e9actif sur votre page Squarespace. Utilisez la d\u00e9mo pratique d'Elfsight et modifiez votre superbe flux RSS.","breadcrumb":{"@id":"https:\/\/elfsight.com\/fr\/rss-feed-widget\/squarespace\/#breadcrumb"},"inLanguage":"fr-FR","potentialAction":[{"@type":"ReadAction","target":["https:\/\/elfsight.com\/fr\/rss-feed-widget\/squarespace\/"]}]},{"@type":"BreadcrumbList","@id":"https:\/\/elfsight.com\/fr\/rss-feed-widget\/squarespace\/#breadcrumb","itemListElement":[{"@type":"ListItem","position":1,"name":"Home","item":"https:\/\/elfsight.com\/fr\/"},{"@type":"ListItem","position":2,"name":"RSS Feed","item":"https:\/\/elfsight.com\/fr\/rss-feed-widget\/"},{"@type":"ListItem","position":3,"name":"RSS Feed &#8211; Squarespace"}]},{"@type":"WebSite","@id":"https:\/\/elfsight.com\/fr\/#website","url":"https:\/\/elfsight.com\/fr\/","name":"Elfsight FR","description":"","potentialAction":[{"@type":"SearchAction","target":{"@type":"EntryPoint","urlTemplate":"https:\/\/elfsight.com\/fr\/?s={search_term_string}"},"query-input":{"@type":"PropertyValueSpecification","valueRequired":true,"valueName":"search_term_string"}}],"inLanguage":"fr-FR"}]}},"meta_box":{"industry":"","seo_heading":"","heading":"","description":"","cta_heading":"","cta_description":"","application":"3329","h1":"Plugin de flux RSS Squarespace","h1_caption":"Int\u00e9grez un flux RSS sur votre site Web pour afficher du contenu provenant de sources externes, gardant ainsi votre site Web \u00e0 jour avec du mat\u00e9riel r\u00e9cent sur votre site Web Squarespace sans effort.","application_category":[],"applications_title":"","applications_request_title":"","applications_request_button_text":"","hero_text":"","hero_video":"","hero_video_schema_markup":"","selling_points_title":"","selling_points_caption":"","selling_points":[],"selling_points_cta_text":"","features_title":"","features":"","ed_cta_examples_text":"","ed_cta_examples_hidden":"","ed_cta_demo_text":"","ed_cta_demo_hidden":"","why_caption":"","why_editor_title":"","why_editor_text":"","why_team_title":"","why_team_text":"","why_service_title":"","why_service_text":"","template_catalog_visible":"0","template_catalog_title":"","template_catalog_text":"","template_catalog_categories_visible":"","demo_title":"Cr\u00e9ez votre plugin de flux RSS","demo_caption":"Configurez votre flux RSS et ajoutez-le gratuitement \u00e0 votre site Squarespace !","default_faq_hidden":"","app_template_category":[],"platform":"361","template_public_id":"","codecanyon_url":"","codecanyon_item_id":"","codecanyon_price":"","pricing_caption":"","pricing_elfsight_apps_hide_column":"","pricing_elfsight_apps_url":"","pricing_codecanyon_price_caption":"","integration_category":[],"integration_request_title":"","integration_request_cta":"","integration_platform":"","integrations":[],"platform_category":[],"video_schema_markup":"","price":"\u00e0 partir de 0$ \/ mois","trial":"","benefits":[{"text":"Aide \u00e0 l'installation gratuite"},{"text":"Service client efficace"},{"text":"Garantie de remboursement de 14 jours"},{"text":"D\u00e9veloppement continu"}],"button_url":"","button_target_blank":"0","button_nofollow":"0","attributes":[{"name":"Installations","content":"10,000 - 100,000"},{"name":"Sensible","content":"Oui"},{"name":"Navigateurs compatibles","content":"Firefox, Safari, Opera, Chrome, Edge"}],"tags":[],"tags_disable_links":"0","hide_more_platforms":"0","video_object":"","demo_hide_cta":"0","demo_hide_cloud_options":"0","pricing_title":"","pricing":[{"pricing_icon":"platform","pricing_title":"Elfsight Apps","pricing_title_caption":"Solution num\u00e9rique multiplateforme qui fonctionne sur n'importe quel site Web","pricing_price":"from $0 \/ month","pricing_price_caption":"commencez avec un forfait gratuit","pricing_benefits":[{"text":"Domaines illimit\u00e9s"},{"text":"Support client d\u00e9di\u00e9"},{"text":"Service d'installation gratuit"},{"text":"Conception flexible"}],"pricing_button_text":"Ajouter au site Web","pricing_button_url":"#demo"}],"related_apps_title":"","related_apps_hidden":"0","author":"","image":[],"title":"","job":"","social_networks":[]},"_links":{"self":[{"href":"https:\/\/elfsight.com\/fr\/wp-json\/wp\/v2\/pages\/10093","targetHints":{"allow":["GET"]}}],"collection":[{"href":"https:\/\/elfsight.com\/fr\/wp-json\/wp\/v2\/pages"}],"about":[{"href":"https:\/\/elfsight.com\/fr\/wp-json\/wp\/v2\/types\/page"}],"author":[{"embeddable":true,"href":"https:\/\/elfsight.com\/fr\/wp-json\/wp\/v2\/users\/9"}],"replies":[{"embeddable":true,"href":"https:\/\/elfsight.com\/fr\/wp-json\/wp\/v2\/comments?post=10093"}],"version-history":[{"count":2,"href":"https:\/\/elfsight.com\/fr\/wp-json\/wp\/v2\/pages\/10093\/revisions"}],"predecessor-version":[{"id":16813,"href":"https:\/\/elfsight.com\/fr\/wp-json\/wp\/v2\/pages\/10093\/revisions\/16813"}],"up":[{"embeddable":true,"href":"https:\/\/elfsight.com\/fr\/wp-json\/wp\/v2\/pages\/3330"}],"wp:attachment":[{"href":"https:\/\/elfsight.com\/fr\/wp-json\/wp\/v2\/media?parent=10093"}],"curies":[{"name":"wp","href":"https:\/\/api.w.org\/{rel}","templated":true}]}}