{"id":10085,"date":"1970-01-01T00:00:00","date_gmt":"1970-01-01T00:00:00","guid":{"rendered":"https:\/\/elfsight.com\/fr\/?page_id=10085"},"modified":"2026-02-19T14:32:13","modified_gmt":"2026-02-19T14:32:13","slug":"wix","status":"publish","type":"page","link":"https:\/\/elfsight.com\/fr\/rss-feed-widget\/wix\/","title":{"rendered":"RSS Feed &#8211; Wix"},"content":{"rendered":"<div class=\"application-platform-content-item-description application-platform-content-item\" id=\"description\" data-nav-section=\"description\"> <h2>Description<\/h2> <p>Elfsight RSS Feed pour Wix est une application exclusive pour commercialiser des \u00e9motions et des exp\u00e9riences. En l&rsquo;utilisant, vous pouvez cr\u00e9er un flux personnalis\u00e9 compos\u00e9 du contenu de divers blogs &#8211; et le pr\u00e9senter directement sur votre site Web. Exercez un contr\u00f4le total sur un contenu affich\u00e9 et supprimez le spam et tout contenu ind\u00e9sirable au moyen d&rsquo;une mod\u00e9ration manuelle. Le configurateur en ligne enti\u00e8rement r\u00e9actif vous propose plusieurs mod\u00e8les \u00e0 choisir. <\/p> <p><b>Am\u00e9liorez le succ\u00e8s de votre site Web aupr\u00e8s des cibles commerciales gr\u00e2ce au flux RSS<\/b><\/p> <\/div> <div class=\"application-platform-content-item-features application-platform-content-item\" id=\"features\" data-nav-section=\"features\"> <h2>Les fonctionnalit\u00e9s centrales du widget contain<\/h2> <ul><li>Masquez l&rsquo;en-t\u00eate pour donner \u00e0 votre application un aspect minimaliste. <\/li><li>D\u00e9barrassez-vous de tout spam et contenu ind\u00e9sirable gr\u00e2ce \u00e0 la mod\u00e9ration manuelle. <\/li><li>S\u00e9lectionnez l&rsquo;une des six mises en page disponibles\u00a0: Carrousel, Slider, Collage, Grille, Liste, Ma\u00e7onnerie. <\/li><li>Laissez vos messages appara\u00eetre dans un mode pop-up. <\/li><\/ul><p><a href=\"#demo\">Vous pouvez essayer toutes les fonctionnalit\u00e9s du widget dans la d\u00e9mo ci-dessous<\/a><\/p> <\/div> <div class=\"application-platform-content-item- installation application-platform-content-item\" id=\" installation\" data-nav-section=\" installation\"> <h2>Comment int\u00e9grer un flux RSS sur mon site Wix\u00a0? <\/h2> <div class=\"video-container\">\n<iframe width=\"720\" height=\"405\" src=\"https:\/\/www.youtube.com\/embed\/M09G4ho9ZwI?si=QUgKnPRPiudhll6Z\" frameborder=\"0\" allowfullscreen=\"\"><\/iframe>\n<\/div><p>Suivez simplement quelques \u00e9tapes d\u00e9crites ci-dessous pour ins\u00e9rer l&rsquo;application. <\/p> <ol><li><b>G\u00e9rez notre \u00e9diteur gratuit et commencez \u00e0 cr\u00e9er votre application sur mesure. <\/b><br> Choisissez l&rsquo;interface pr\u00e9f\u00e9rable et les caract\u00e9ristiques fonctionnelles de l&rsquo;outil et appliquez les modifications. <\/li> <li><b>Recevez le code individuel expos\u00e9 dans la bo\u00eete sur les applications Elfsight. <\/b><br> D\u00e8s que la configuration de votre widget est termin\u00e9e, copiez le code individuel de la fen\u00eatre contextuelle qui appara\u00eet et enregistrez-le pour une utilisation ult\u00e9rieure. <\/li> <li><b>Entrez sur l&rsquo;utilisation de l&rsquo;application sur votre site Wix. <\/b><br> Int\u00e9grez le code que vous avez enregistr\u00e9 r\u00e9cemment dans votre page et appliquez les ajustements. <\/li> <li><b>Fait\u00a0! L&rsquo;int\u00e9gration est enti\u00e8rement r\u00e9alis\u00e9e. <\/b><br> Acc\u00e9dez \u00e0 votre site pour voir les performances du widget. <\/li><\/ol> <p>Si vous rencontrez des difficult\u00e9s, n&rsquo;h\u00e9sitez pas \u00e0 contacter notre \u00e9quipe d&rsquo;assistance. Nos consultants seront ravis de vous aider avec toutes les difficult\u00e9s que vous pourriez rencontrer avec le produit. <\/p> <\/div><div class=\"faq\" data-component=\"FAQ\"><div class=\"faq-item\">\r\n\t\t\t\t\t<div class=\"faq-item-question\">\r\n\t\t\t\t\t\t<h3 class=\"faq-item-question-text\">Existe-t-il un moyen d'int\u00e9grer un flux RSS \u00e0 mon site Web Wix sans exp\u00e9rience en codage ?<\/h3>\r\n\r\n\t\t\t\t\t\t<div class=\"faq-item-question-icon\"><\/div>\r\n\t\t\t\t\t<\/div>\r\n\r\n\t\t\t\t\t<div class=\"faq-item-answer\">\r\n\t\t\t\t\t\t<div class=\"faq-item-answer-text\"><p>Soci\u00e9t\u00e9 Elfsight propose une solution Cloud qui permet \u00e0 l&rsquo;utilisateur de cr\u00e9er vous-m\u00eame un widget de flux RSS. Voyez \u00e0 quel point c&rsquo;est simple\u00a0: <\/p><ul><li>Commencez \u00e0 travailler directement dans l&rsquo;\u00e9diteur en ligne pour cr\u00e9er un widget de flux RSS que vous souhaitez ajouter \u00e0 votre Site Wix.<\/li><li>Choisissez l&rsquo;un des nombreux mod\u00e8les pr\u00eats \u00e0 l&#8217;emploi et ajustez les param\u00e8tres du flux RSS, mettez \u00e0 jour votre contenu, modifiez la mise en page et les couleurs sans codage.<\/li><li>Cliquez pour enregistrer le Flux RSS et obtenez le code du plugin \u00e0 int\u00e9grer, que vous pouvez facilement ajouter au site Web Wix sans avoir besoin d&rsquo;acheter une version payante.<\/li><\/ul><p>Avec l&rsquo;aide de notre configurateur facile \u00e0 utiliser, chaque utilisateur Web peut cr\u00e9er une section de flux RSS en ligne et la coller facilement sur le site Web Wix. Il n&rsquo;est pas n\u00e9cessaire d&rsquo;obtenir un forfait payant ou de divulguer les informations d&rsquo;identification de votre carte pour acc\u00e9der \u00e0 notre \u00e9diteur. Si vous rencontrez des probl\u00e8mes de quelque nature que ce soit, n&rsquo;h\u00e9sitez pas \u00e0 parler \u00e0 notre service client.<\/p><\/div>\r\n\t\t\t\t\t<\/div>\r\n\t\t\t\t<\/div><\/div>","protected":false},"excerpt":{"rendered":"","protected":false},"author":9,"featured_media":0,"parent":3330,"menu_order":0,"comment_status":"closed","ping_status":"closed","template":"templates\/template-application-platform.php","meta":{"publish_to_discourse":"","publish_post_category":"","wpdc_auto_publish_overridden":"","wpdc_topic_tags":"","wpdc_pin_topic":"","wpdc_pin_until":"","discourse_post_id":"","discourse_permalink":"","wpdc_publishing_response":"","wpdc_publishing_error":"","footnotes":""},"class_list":["post-10085","page","type-page","status-publish","hentry"],"yoast_head":"<!-- This site is optimized with the Yoast SEO plugin v25.3.1 - https:\/\/yoast.com\/wordpress\/plugins\/seo\/ -->\n<title>Ajoutez l&#039;application Flux RSS au site Wix (rapide et gratuit)<\/title>\n<meta name=\"description\" content=\"Int\u00e9grez une application de flux RSS facile \u00e0 g\u00e9rer sur votre site Wix. Utilisez la d\u00e9mo pratique d&#039;Elfsight et cr\u00e9ez votre flux RSS \u00e9l\u00e9gant en quelques clics\" \/>\n<meta name=\"robots\" content=\"index, follow, max-snippet:-1, max-image-preview:large, max-video-preview:-1\" \/>\n<link rel=\"canonical\" href=\"https:\/\/elfsight.com\/fr\/rss-feed-widget\/wix\/\" \/>\n<meta property=\"og:locale\" content=\"fr_FR\" \/>\n<meta property=\"og:type\" content=\"article\" \/>\n<meta property=\"og:title\" content=\"Ajoutez l&#039;application Flux RSS au site Wix (rapide et gratuit)\" \/>\n<meta property=\"og:description\" content=\"Int\u00e9grez une application de flux RSS facile \u00e0 g\u00e9rer sur votre site Wix. Utilisez la d\u00e9mo pratique d&#039;Elfsight et cr\u00e9ez votre flux RSS \u00e9l\u00e9gant en quelques clics\" \/>\n<meta property=\"og:url\" content=\"https:\/\/elfsight.com\/fr\/rss-feed-widget\/wix\/\" \/>\n<meta property=\"og:site_name\" content=\"Elfsight FR\" \/>\n<meta property=\"article:modified_time\" content=\"2026-02-19T14:32:13+00:00\" \/>\n<meta name=\"twitter:card\" content=\"summary_large_image\" \/>\n<meta name=\"twitter:label1\" content=\"Dur\u00e9e de lecture estim\u00e9e\" \/>\n\t<meta name=\"twitter:data1\" content=\"3 minutes\" \/>\n<!-- \/ Yoast SEO plugin. -->","yoast_head_json":{"title":"Ajoutez l'application Flux RSS au site Wix (rapide et gratuit)","description":"Int\u00e9grez une application de flux RSS facile \u00e0 g\u00e9rer sur votre site Wix. Utilisez la d\u00e9mo pratique d'Elfsight et cr\u00e9ez votre flux RSS \u00e9l\u00e9gant en quelques clics","robots":{"index":"index","follow":"follow","max-snippet":"max-snippet:-1","max-image-preview":"max-image-preview:large","max-video-preview":"max-video-preview:-1"},"canonical":"https:\/\/elfsight.com\/fr\/rss-feed-widget\/wix\/","og_locale":"fr_FR","og_type":"article","og_title":"Ajoutez l'application Flux RSS au site Wix (rapide et gratuit)","og_description":"Int\u00e9grez une application de flux RSS facile \u00e0 g\u00e9rer sur votre site Wix. Utilisez la d\u00e9mo pratique d'Elfsight et cr\u00e9ez votre flux RSS \u00e9l\u00e9gant en quelques clics","og_url":"https:\/\/elfsight.com\/fr\/rss-feed-widget\/wix\/","og_site_name":"Elfsight FR","article_modified_time":"2026-02-19T14:32:13+00:00","twitter_card":"summary_large_image","twitter_misc":{"Dur\u00e9e de lecture estim\u00e9e":"3 minutes"},"schema":{"@context":"https:\/\/schema.org","@graph":[{"@type":"WebPage","@id":"https:\/\/elfsight.com\/fr\/rss-feed-widget\/wix\/","url":"https:\/\/elfsight.com\/fr\/rss-feed-widget\/wix\/","name":"Ajoutez l'application Flux RSS au site Wix (rapide et gratuit)","isPartOf":{"@id":"https:\/\/elfsight.com\/fr\/#website"},"datePublished":"1970-01-01T00:00:00+00:00","dateModified":"2026-02-19T14:32:13+00:00","description":"Int\u00e9grez une application de flux RSS facile \u00e0 g\u00e9rer sur votre site Wix. Utilisez la d\u00e9mo pratique d'Elfsight et cr\u00e9ez votre flux RSS \u00e9l\u00e9gant en quelques clics","breadcrumb":{"@id":"https:\/\/elfsight.com\/fr\/rss-feed-widget\/wix\/#breadcrumb"},"inLanguage":"fr-FR","potentialAction":[{"@type":"ReadAction","target":["https:\/\/elfsight.com\/fr\/rss-feed-widget\/wix\/"]}]},{"@type":"BreadcrumbList","@id":"https:\/\/elfsight.com\/fr\/rss-feed-widget\/wix\/#breadcrumb","itemListElement":[{"@type":"ListItem","position":1,"name":"Home","item":"https:\/\/elfsight.com\/fr\/"},{"@type":"ListItem","position":2,"name":"RSS Feed","item":"https:\/\/elfsight.com\/fr\/rss-feed-widget\/"},{"@type":"ListItem","position":3,"name":"RSS Feed &#8211; Wix"}]},{"@type":"WebSite","@id":"https:\/\/elfsight.com\/fr\/#website","url":"https:\/\/elfsight.com\/fr\/","name":"Elfsight FR","description":"","potentialAction":[{"@type":"SearchAction","target":{"@type":"EntryPoint","urlTemplate":"https:\/\/elfsight.com\/fr\/?s={search_term_string}"},"query-input":{"@type":"PropertyValueSpecification","valueRequired":true,"valueName":"search_term_string"}}],"inLanguage":"fr-FR"}]}},"meta_box":{"industry":"","seo_heading":"","heading":"","description":"","cta_heading":"","cta_description":"","application":"3329","h1":"Application Wix Flux RSS","h1_caption":"Int\u00e9grez un flux RSS sur votre site Web pour afficher du contenu provenant de sources externes, gardant ainsi votre site Web \u00e0 jour avec du mat\u00e9riel r\u00e9cent sur votre site Web Wix sans effort.","application_category":[],"applications_title":"","applications_request_title":"","applications_request_button_text":"","hero_text":"","hero_video":"","hero_video_schema_markup":"","selling_points_title":"","selling_points_caption":"","selling_points":[],"selling_points_cta_text":"","features_title":"","features":"","ed_cta_examples_text":"","ed_cta_examples_hidden":"","ed_cta_demo_text":"","ed_cta_demo_hidden":"","why_caption":"","why_editor_title":"","why_editor_text":"","why_team_title":"","why_team_text":"","why_service_title":"","why_service_text":"","template_catalog_visible":"0","template_catalog_title":"","template_catalog_text":"","template_catalog_categories_visible":"","demo_title":"Cr\u00e9ez votre application de flux RSS","demo_caption":"Configurez votre flux RSS et ajoutez-le \u00e0 votre site Wix gratuitement !","default_faq_hidden":"","app_template_category":[],"platform":"345","template_public_id":"","codecanyon_url":"","codecanyon_item_id":"","codecanyon_price":"","pricing_caption":"","pricing_elfsight_apps_hide_column":"","pricing_elfsight_apps_url":"","pricing_codecanyon_price_caption":"","integration_category":[],"integration_request_title":"","integration_request_cta":"","integration_platform":"","integrations":[],"platform_category":[],"video_schema_markup":"","price":"\u00e0 partir de 0$ \/ mois","trial":"","benefits":[{"text":"Aide \u00e0 l'installation gratuite"},{"text":"Service client professionnel"},{"text":"Garantie de remboursement de 14 jours"},{"text":"Mise \u00e0 jour constante"}],"button_url":"","button_target_blank":"0","button_nofollow":"0","attributes":[{"name":"Installations","content":"10,000 - 100,000"},{"name":"Sensible","content":"Oui"},{"name":"Navigateurs compatibles","content":"Firefox, Safari, Opera, Chrome, Edge"}],"tags":[],"tags_disable_links":"0","hide_more_platforms":"0","video_object":"","demo_hide_cta":"0","demo_hide_cloud_options":"0","pricing_title":"","pricing":[{"pricing_icon":"platform","pricing_title":"Elfsight Apps","pricing_title_caption":"Version ind\u00e9pendante de la plate-forme qui fonctionne sur n'importe quel site","pricing_price":"from $0 \/ month","pricing_price_caption":"commencez avec un forfait gratuit","pricing_benefits":[{"text":"Domaines illimit\u00e9s"},{"text":"Assistance entreprise 24h\/24 et 7j\/7"},{"text":"Aide \u00e0 l'installation gratuite"},{"text":"Conception flexible"}],"pricing_button_text":"Ajouter au site Web","pricing_button_url":"#demo"}],"related_apps_title":"","related_apps_hidden":"0","author":"","image":[],"title":"","job":"","social_networks":[]},"_links":{"self":[{"href":"https:\/\/elfsight.com\/fr\/wp-json\/wp\/v2\/pages\/10085","targetHints":{"allow":["GET"]}}],"collection":[{"href":"https:\/\/elfsight.com\/fr\/wp-json\/wp\/v2\/pages"}],"about":[{"href":"https:\/\/elfsight.com\/fr\/wp-json\/wp\/v2\/types\/page"}],"author":[{"embeddable":true,"href":"https:\/\/elfsight.com\/fr\/wp-json\/wp\/v2\/users\/9"}],"replies":[{"embeddable":true,"href":"https:\/\/elfsight.com\/fr\/wp-json\/wp\/v2\/comments?post=10085"}],"version-history":[{"count":2,"href":"https:\/\/elfsight.com\/fr\/wp-json\/wp\/v2\/pages\/10085\/revisions"}],"predecessor-version":[{"id":16814,"href":"https:\/\/elfsight.com\/fr\/wp-json\/wp\/v2\/pages\/10085\/revisions\/16814"}],"up":[{"embeddable":true,"href":"https:\/\/elfsight.com\/fr\/wp-json\/wp\/v2\/pages\/3330"}],"wp:attachment":[{"href":"https:\/\/elfsight.com\/fr\/wp-json\/wp\/v2\/media?parent=10085"}],"curies":[{"name":"wp","href":"https:\/\/api.w.org\/{rel}","templated":true}]}}