{"id":10083,"date":"1970-01-01T00:00:00","date_gmt":"1970-01-01T00:00:00","guid":{"rendered":"https:\/\/elfsight.com\/fr\/?page_id=10083"},"modified":"2025-07-10T13:19:13","modified_gmt":"2025-07-10T13:19:13","slug":"woocommerce","status":"publish","type":"page","link":"https:\/\/elfsight.com\/fr\/rss-feed-widget\/woocommerce\/","title":{"rendered":"RSS Feed &#8211; WooCommerce"},"content":{"rendered":"<div class=\"application-platform-content-item-description application-platform-content-item\" id=\"description\" data-nav-section=\"description\"> <h2>Description<\/h2> <p>Elfsight RSS Feed pour WooCommerce est un plugin pour le marketing des \u00e9motions et des exp\u00e9riences. En l&rsquo;utilisant, vous pouvez cr\u00e9er un flux personnalis\u00e9 compos\u00e9 du contenu de divers blogs et le placer directement sur votre site Web. Exercez un contr\u00f4le complet sur un contenu d\u00e9montr\u00e9 et d\u00e9barrassez-vous du spam et de tout contenu ind\u00e9sirable gr\u00e2ce \u00e0 la mod\u00e9ration manuelle. Le configurateur en ligne totalement r\u00e9actif vous propose divers mod\u00e8les \u00e0 choisir. <\/p> <p><b>Avec le flux RSS, constatez une forte croissance de votre entreprise et une augmentation des ventes <\/b><\/p> <\/div> <div class=\"application-platform-content-item-features application-platform-content-item\" id=\"features\" data-nav-section=\"features\"> <h2>Explorez la liste des meilleurs fonctionnalit\u00e9s\u00a0: <\/h2> <ul><li>Dissimulez la section d&rsquo;en-t\u00eate pour donner au widget un aspect minimaliste. <\/li><li>\u00c9liminez tout spam et tout contenu ind\u00e9sirable gr\u00e2ce \u00e0 la mod\u00e9ration manuelle. <\/li><li>S\u00e9lectionnez l&rsquo;une des 6 mises en page disponibles\u00a0: Grille, Curseur, Ma\u00e7onnerie, Carrousel, Collage, Liste. <\/li><li>Permettez que vos publications soient affich\u00e9es en mode pop-up. <\/li><\/ul><p><a href=\"#demo\">Vous pouvez d\u00e9couvrir toutes les capacit\u00e9s du plugin dans la d\u00e9mo <\/a><\/p> <\/div> <div class=\"application-platform-content-item-installation  application-platform-content-item\" id=\"installation \" data-nav-section=\"installation \"> <h2>Comment puis-je ajouter un flux RSS sur mon site WooCommerce\u00a0? <\/h2> <p>Suivez simplement les instructions ci-dessous pour int\u00e9grer le widget. <\/p> <ol><li><b>G\u00e9rez notre configurateur gratuit et commencez \u00e0 cr\u00e9er votre plugin personnalis\u00e9. <\/b><br> Choisissez l&rsquo;apparence et les sp\u00e9cifications pr\u00e9f\u00e9rables de l&rsquo;outil et enregistrez les corrections. <\/li> <li><b>Copiez le code individuel expos\u00e9 dans la fen\u00eatre sur les applications Elfsight. <\/b><br> Juste apr\u00e8s la g\u00e9n\u00e9ration de votre plugin personnel, copiez le code individuel dans la case qui appara\u00eet et conservez-le pour vos besoins futurs. <\/li> <li><b>Initiez l&rsquo;utilisation du plugin sur votre site Web WooCommerce. <\/b><br> Int\u00e9grez le code enregistr\u00e9 pr\u00e9c\u00e9demment dans votre page et enregistrez les am\u00e9liorations. <\/li> <li><b>L&rsquo;installation est termin\u00e9e avec succ\u00e8s. <\/b><br> Acc\u00e9dez \u00e0 votre page pour voir comment fonctionne l&rsquo;outil. <\/li><\/ol> <p>Si vous avez des questions ou si vous rencontrez des complications, n&rsquo;h\u00e9sitez pas \u00e0 contacter notre service client. Nos collaborateurs seront ravis de vous aider avec toutes les questions que vous pourriez avoir avec le plugin. <\/p> <\/div><div class=\"faq\" data-component=\"FAQ\"><div class=\"faq-item\">\r\n\t\t\t\t\t<div class=\"faq-item-question\">\r\n\t\t\t\t\t\t<h3 class=\"faq-item-question-text\">Comment ajouter un flux RSS \u00e0 ma page Web WooCommerce sans aucune connaissance en codage ?<\/h3>\r\n\r\n\t\t\t\t\t\t<div class=\"faq-item-question-icon\"><\/div>\r\n\t\t\t\t\t<\/div>\r\n\r\n\t\t\t\t\t<div class=\"faq-item-answer\">\r\n\t\t\t\t\t\t<div class=\"faq-item-answer-text\"><p>La soci\u00e9t\u00e9 Elfsight propose un Solution cloud qui vous permet de cr\u00e9er vous-m\u00eame un plugin de flux RSS, d\u00e9couvrez les \u00e9tapes simples\u00a0: <\/p><ul><li>Acc\u00e9dez \u00e0 la d\u00e9mo en direct pour g\u00e9n\u00e9rer une section de flux RSS que vous souhaitez inclure sur WooCommerce.<\/li> <li>Cliquez sur l&rsquo;un de nos mod\u00e8les pr\u00e9d\u00e9finis et modifiez les param\u00e8tres du flux RSS, modifiez la mise en page et les couleurs, mettez \u00e0 jour votre contenu sans aucune comp\u00e9tence en codage.<\/li><li>Enregistrez les param\u00e8tres que vous avez d\u00e9finis dans le flux RSS. et obtenez le code d&rsquo;installation du widget, qui peut \u00eatre simplement inclus dans n&rsquo;importe quelle page d&rsquo;accueil WooCommerce dans le cadre d&rsquo;un plan gratuit.<\/li><\/ul><p>Avec l&rsquo;\u00e9diteur intuitif, tout internaute peut cr\u00e9er un flux RSS et l&rsquo;int\u00e9grer sans effort au site WooCommerce. Vous ne devez pas payer ni soumettre les donn\u00e9es de votre carte pour acc\u00e9der au service. Si vous rencontrez des obstacles \u00e0 une \u00e9tape quelconque, n&rsquo;h\u00e9sitez pas \u00e0 contacter notre \u00e9quipe d&rsquo;assistance technique.<\/p><\/div>\r\n\t\t\t\t\t<\/div>\r\n\t\t\t\t<\/div><\/div>","protected":false},"excerpt":{"rendered":"","protected":false},"author":9,"featured_media":0,"parent":3330,"menu_order":0,"comment_status":"closed","ping_status":"closed","template":"templates\/template-application-platform.php","meta":{"publish_to_discourse":"","publish_post_category":"","wpdc_auto_publish_overridden":"","wpdc_topic_tags":"","wpdc_pin_topic":"","wpdc_pin_until":"","discourse_post_id":"","discourse_permalink":"","wpdc_publishing_response":"","wpdc_publishing_error":"","footnotes":""},"class_list":["post-10083","page","type-page","status-publish","hentry"],"yoast_head":"<!-- This site is optimized with the Yoast SEO plugin v25.3.1 - https:\/\/yoast.com\/wordpress\/plugins\/seo\/ -->\n<title>Ajouter le plugin RSS Feed au site Web WooCommerce (rapide et gratuit)<\/title>\n<meta name=\"description\" content=\"Ajoutez un plugin de flux RSS r\u00e9actif sur votre site WooCommerce. Utilisez la d\u00e9mo pratique d&#039;Elfsight et cr\u00e9ez votre fascinant flux RSS en quelques clics\" \/>\n<meta name=\"robots\" content=\"index, follow, max-snippet:-1, max-image-preview:large, max-video-preview:-1\" \/>\n<link rel=\"canonical\" href=\"https:\/\/elfsight.com\/fr\/rss-feed-widget\/woocommerce\/\" \/>\n<meta property=\"og:locale\" content=\"fr_FR\" \/>\n<meta property=\"og:type\" content=\"article\" \/>\n<meta property=\"og:title\" content=\"Ajouter le plugin RSS Feed au site Web WooCommerce (rapide et gratuit)\" \/>\n<meta property=\"og:description\" content=\"Ajoutez un plugin de flux RSS r\u00e9actif sur votre site WooCommerce. Utilisez la d\u00e9mo pratique d&#039;Elfsight et cr\u00e9ez votre fascinant flux RSS en quelques clics\" \/>\n<meta property=\"og:url\" content=\"https:\/\/elfsight.com\/fr\/rss-feed-widget\/woocommerce\/\" \/>\n<meta property=\"og:site_name\" content=\"Elfsight FR\" \/>\n<meta property=\"article:modified_time\" content=\"2025-07-10T13:19:13+00:00\" \/>\n<meta name=\"twitter:card\" content=\"summary_large_image\" \/>\n<meta name=\"twitter:label1\" content=\"Dur\u00e9e de lecture estim\u00e9e\" \/>\n\t<meta name=\"twitter:data1\" content=\"3 minutes\" \/>\n<!-- \/ Yoast SEO plugin. -->","yoast_head_json":{"title":"Ajouter le plugin RSS Feed au site Web WooCommerce (rapide et gratuit)","description":"Ajoutez un plugin de flux RSS r\u00e9actif sur votre site WooCommerce. Utilisez la d\u00e9mo pratique d'Elfsight et cr\u00e9ez votre fascinant flux RSS en quelques clics","robots":{"index":"index","follow":"follow","max-snippet":"max-snippet:-1","max-image-preview":"max-image-preview:large","max-video-preview":"max-video-preview:-1"},"canonical":"https:\/\/elfsight.com\/fr\/rss-feed-widget\/woocommerce\/","og_locale":"fr_FR","og_type":"article","og_title":"Ajouter le plugin RSS Feed au site Web WooCommerce (rapide et gratuit)","og_description":"Ajoutez un plugin de flux RSS r\u00e9actif sur votre site WooCommerce. Utilisez la d\u00e9mo pratique d'Elfsight et cr\u00e9ez votre fascinant flux RSS en quelques clics","og_url":"https:\/\/elfsight.com\/fr\/rss-feed-widget\/woocommerce\/","og_site_name":"Elfsight FR","article_modified_time":"2025-07-10T13:19:13+00:00","twitter_card":"summary_large_image","twitter_misc":{"Dur\u00e9e de lecture estim\u00e9e":"3 minutes"},"schema":{"@context":"https:\/\/schema.org","@graph":[{"@type":"WebPage","@id":"https:\/\/elfsight.com\/fr\/rss-feed-widget\/woocommerce\/","url":"https:\/\/elfsight.com\/fr\/rss-feed-widget\/woocommerce\/","name":"Ajouter le plugin RSS Feed au site Web WooCommerce (rapide et gratuit)","isPartOf":{"@id":"https:\/\/elfsight.com\/fr\/#website"},"datePublished":"1970-01-01T00:00:00+00:00","dateModified":"2025-07-10T13:19:13+00:00","description":"Ajoutez un plugin de flux RSS r\u00e9actif sur votre site WooCommerce. Utilisez la d\u00e9mo pratique d'Elfsight et cr\u00e9ez votre fascinant flux RSS en quelques clics","breadcrumb":{"@id":"https:\/\/elfsight.com\/fr\/rss-feed-widget\/woocommerce\/#breadcrumb"},"inLanguage":"fr-FR","potentialAction":[{"@type":"ReadAction","target":["https:\/\/elfsight.com\/fr\/rss-feed-widget\/woocommerce\/"]}]},{"@type":"BreadcrumbList","@id":"https:\/\/elfsight.com\/fr\/rss-feed-widget\/woocommerce\/#breadcrumb","itemListElement":[{"@type":"ListItem","position":1,"name":"Home","item":"https:\/\/elfsight.com\/fr\/"},{"@type":"ListItem","position":2,"name":"RSS Feed","item":"https:\/\/elfsight.com\/fr\/rss-feed-widget\/"},{"@type":"ListItem","position":3,"name":"RSS Feed &#8211; WooCommerce"}]},{"@type":"WebSite","@id":"https:\/\/elfsight.com\/fr\/#website","url":"https:\/\/elfsight.com\/fr\/","name":"Elfsight FR","description":"","potentialAction":[{"@type":"SearchAction","target":{"@type":"EntryPoint","urlTemplate":"https:\/\/elfsight.com\/fr\/?s={search_term_string}"},"query-input":{"@type":"PropertyValueSpecification","valueRequired":true,"valueName":"search_term_string"}}],"inLanguage":"fr-FR"}]}},"meta_box":{"industry":"","seo_heading":"","heading":"","description":"","cta_heading":"","cta_description":"","application":"3329","h1":"Plugin de flux RSS WooCommerce","h1_caption":"Int\u00e9grez un flux RSS sur votre site Web pour afficher du contenu provenant de sources externes, en gardant votre site Web \u00e0 jour avec du mat\u00e9riel frais dans votre site Web WooCommerce sans effort.","application_category":[],"applications_title":"","applications_request_title":"","applications_request_button_text":"","hero_text":"","hero_video":"","hero_video_schema_markup":"","selling_points_title":"","selling_points_caption":"","selling_points":[],"selling_points_cta_text":"","features_title":"","features":"","ed_cta_examples_text":"","ed_cta_examples_hidden":"","ed_cta_demo_text":"","ed_cta_demo_hidden":"","why_caption":"","why_editor_title":"","why_editor_text":"","why_team_title":"","why_team_text":"","why_service_title":"","why_service_text":"","template_catalog_visible":"","template_catalog_title":"","template_catalog_text":"","template_catalog_categories_visible":"","demo_title":"Cr\u00e9ez votre application de flux RSS","demo_caption":"Configurez votre flux RSS et ajoutez-le \u00e0 votre site WooCommerce gratuitement !","default_faq_hidden":"","app_template_category":[],"platform":"397","template_public_id":"","codecanyon_url":"","codecanyon_item_id":"","codecanyon_price":"","pricing_caption":"","pricing_elfsight_apps_hide_column":"","pricing_elfsight_apps_url":"","pricing_codecanyon_price_caption":"","integration_category":[],"integration_request_title":"","integration_request_cta":"","integration_platform":"","integrations":[],"platform_category":[],"video_schema_markup":"","price":"\u00e0 partir de 0$ \/ mois","trial":"","benefits":[{"text":"Service d'installation gratuit"},{"text":"Service client comp\u00e9tent"},{"text":"Garantie de remboursement de 14 jours"},{"text":"Mises \u00e0 jour continues"}],"button_url":"","button_target_blank":"","button_nofollow":"","attributes":[{"name":"Installations","content":"10,000 - 100,000"},{"name":"Sensible","content":"Oui"},{"name":"Navigateurs compatibles","content":"Firefox, Safari, Opera, Chrome, Edge"}],"tags":[],"tags_disable_links":"","hide_more_platforms":"","video_object":"","demo_hide_cta":"","demo_hide_cloud_options":"","pricing_title":"","pricing":[{"pricing_icon":"platform","pricing_title":"Elfsight Apps","pricing_title_caption":"Version ind\u00e9pendante de la plate-forme qui convient \u00e0 n'importe quel site Web","pricing_price":"from $0 \/ month","pricing_price_caption":"commencez avec un forfait gratuit","pricing_benefits":[{"text":"Domaines illimit\u00e9s"},{"text":"Accompagnement d\u00e9di\u00e9 de l'entreprise"},{"text":"Aide \u00e0 l'installation gratuite"},{"text":"Enti\u00e8rement personnalisable"}],"pricing_button_text":"Ajouter au site Web","pricing_button_url":"#demo"}],"related_apps_title":"","related_apps_hidden":"","author":"","image":[],"title":"","job":"","social_networks":[]},"_links":{"self":[{"href":"https:\/\/elfsight.com\/fr\/wp-json\/wp\/v2\/pages\/10083","targetHints":{"allow":["GET"]}}],"collection":[{"href":"https:\/\/elfsight.com\/fr\/wp-json\/wp\/v2\/pages"}],"about":[{"href":"https:\/\/elfsight.com\/fr\/wp-json\/wp\/v2\/types\/page"}],"author":[{"embeddable":true,"href":"https:\/\/elfsight.com\/fr\/wp-json\/wp\/v2\/users\/9"}],"replies":[{"embeddable":true,"href":"https:\/\/elfsight.com\/fr\/wp-json\/wp\/v2\/comments?post=10083"}],"version-history":[{"count":1,"href":"https:\/\/elfsight.com\/fr\/wp-json\/wp\/v2\/pages\/10083\/revisions"}],"predecessor-version":[{"id":10087,"href":"https:\/\/elfsight.com\/fr\/wp-json\/wp\/v2\/pages\/10083\/revisions\/10087"}],"up":[{"embeddable":true,"href":"https:\/\/elfsight.com\/fr\/wp-json\/wp\/v2\/pages\/3330"}],"wp:attachment":[{"href":"https:\/\/elfsight.com\/fr\/wp-json\/wp\/v2\/media?parent=10083"}],"curies":[{"name":"wp","href":"https:\/\/api.w.org\/{rel}","templated":true}]}}