{"id":10077,"date":"1970-01-01T00:00:00","date_gmt":"1970-01-01T00:00:00","guid":{"rendered":"https:\/\/elfsight.com\/fr\/?page_id=10077"},"modified":"2025-07-10T13:16:03","modified_gmt":"2025-07-10T13:16:03","slug":"godaddy","status":"publish","type":"page","link":"https:\/\/elfsight.com\/fr\/rss-feed-widget\/godaddy\/","title":{"rendered":"RSS Feed &#8211; GoDaddy"},"content":{"rendered":"<div class=\"application-platform-content-item-description application-platform-content-item\" id=\"description\" data-nav-section=\"description\"> <h2>Int\u00e9grer le flux RSS sur la plateforme avec le widget Elfsight<\/h2> <p>Le flux RSS Elfsight est un plugin sp\u00e9cial pour promouvoir les \u00e9motions et les exp\u00e9riences. Avec lui, vous pouvez cr\u00e9er un flux personnalis\u00e9 compos\u00e9 du contenu de nombreux blogs &#8211; et le d\u00e9montrer directement sur votre site Internet. Exercez un contr\u00f4le complet sur un contenu d\u00e9montr\u00e9 et supprimez le spam et tout contenu ind\u00e9sirable au moyen d&rsquo;une mod\u00e9ration manuelle. L&rsquo;\u00e9diteur en ligne totalement r\u00e9actif vous propose plusieurs mod\u00e8les \u00e0 choisir. <\/p> <p><b>Avec le flux RSS, d\u00e9marrez un d\u00e9veloppement commercial durable et augmentez vos ventes <\/b><\/p> <\/div> <div class=\"application-platform-content-item-features application-platform-content-item\" id=\"features\" data-nav-section=\"features\"> <h2>Vous trouverez ci-dessous les fonctionnalit\u00e9s de base du plugin\u00a0: <\/h2> <ul><li>Masquer l&rsquo;en-t\u00eate pour donner au plugin un aspect minimaliste. <\/li><li>D\u00e9barrassez-vous de tout spam et contenu ind\u00e9sirable via la mod\u00e9ration manuelle. <\/li><li>Choisissez l&rsquo;une des six mises en page pr\u00e9sentes\u00a0: Ma\u00e7onnerie, Collage, Liste, Carrousel, Slider, Grille,. <\/li><li>Faites en sorte que vos messages soient affich\u00e9s dans une fen\u00eatre contextuelle. <\/li><\/ul><p><a href=\"#demo\">Essayez simplement cette d\u00e9mo pour comprendre les fonctionnalit\u00e9s du plugin<\/a><\/p> <\/div> <div class=\"application-platform-content-item-installation application-platform-content-item\" id=\"installation\" data-nav-section=\"installation\"> <h2>Comment ajouter un flux RSS \u00e0 mon site Web GoDaddy\u00a0? <\/h2> <p>Appliquez simplement les instructions ci-dessous pour ins\u00e9rer l&rsquo;outil. <\/p> <ol><li><b>Utilisez notre \u00e9diteur gratuit et commencez \u00e0 cr\u00e9er votre propre plugin. <\/b><br> Recherchez le look et les param\u00e8tres s\u00e9lectionn\u00e9s du plugin et enregistrez les modifications. <\/li> <li><b>Obtenez le code personnel r\u00e9v\u00e9l\u00e9 dans le formulaire sp\u00e9cial sur Elfsight Apps. <\/b><br> D\u00e8s que la configuration de votre outil personnel est termin\u00e9e, copiez le code individuel de la fen\u00eatre contextuelle qui appara\u00eet et conservez-le pour une utilisation ult\u00e9rieure. <\/li> <li><b>Entrez sur l&rsquo;utilisation du plugin sur la page d&rsquo;accueil de GoDaddy. <\/b><br> Int\u00e9grez le code que vous avez enregistr\u00e9 auparavant dans votre site Web et appliquez les ajustements. <\/li> <li><b>Vous avez termin\u00e9\u00a0! L&rsquo;int\u00e9gration est termin\u00e9e avec succ\u00e8s. <\/b><br> Acc\u00e9dez \u00e0 votre site pour v\u00e9rifier les performances du plugin. <\/li><\/ol> <p>\u00c0 condition de faire face \u00e0 des demandes de renseignements ou de rencontrer des difficult\u00e9s, n&rsquo;h\u00e9sitez pas \u00e0 \u00e9crire \u00e0 notre service client. Nos sp\u00e9cialistes seront ravis de r\u00e9soudre toutes les questions que vous pourriez vous poser avec le plugin. <\/p> <\/div><div class=\"faq\" data-component=\"FAQ\"><div class=\"faq-item\">\r\n\t\t\t\t\t<div class=\"faq-item-question\">\r\n\t\t\t\t\t\t<h3 class=\"faq-item-question-text\">Comment puis-je ajouter un flux RSS \u00e0 mon GoDaddy sans comp\u00e9tences en codage ?<\/h3>\r\n\r\n\t\t\t\t\t\t<div class=\"faq-item-question-icon\"><\/div>\r\n\t\t\t\t\t<\/div>\r\n\r\n\t\t\t\t\t<div class=\"faq-item-answer\">\r\n\t\t\t\t\t\t<div class=\"faq-item-answer-text\"><p>La soci\u00e9t\u00e9 Elfsight propose une solution qui permet \u00e0 un large public de cr\u00e9er vous-m\u00eame une application de flux RSS, suivez les \u00e9tapes simples\u00a0: <\/p><ul><li>Travailler directement dans l&rsquo;\u00e9diteur en direct pour cr\u00e9er une application de flux RSS que vous aimeriez voir appara\u00eetre sur la page d&rsquo;accueil de GoDaddy.<\/li> <li>S\u00e9lectionnez l&rsquo;un des nombreux mod\u00e8les pr\u00eats \u00e0 l&#8217;emploi et adaptez les param\u00e8tres du flux RSS, incluez votre contenu, transformez la mise en page et les couleurs sans codage.<\/li><li>Enregistrez le flux RSS et obtenez son code pour l&rsquo;installation, qui peut \u00eatre inclus dans la page d&rsquo;accueil de GoDaddy \u00e0 l&rsquo;aide d&rsquo;un forfait gratuit.<\/li><\/ul><p>Gr\u00e2ce \u00e0 notre \u00e9diteur convivial, tout utilisateur Web peut cr\u00e9er un plugin de flux RSS et l&rsquo;int\u00e9grer \u00e0 n&rsquo;importe quel site GoDaddy. Il n&rsquo;est pas n\u00e9cessaire de souscrire un abonnement payant ou de soumettre les donn\u00e9es de votre carte pour acc\u00e9der \u00e0 l&rsquo;\u00e9diteur. Si vous rencontrez des probl\u00e8mes \u00e0 n&rsquo;importe quelle \u00e9tape, veuillez contacter notre support technique client.<\/p><\/div>\r\n\t\t\t\t\t<\/div>\r\n\t\t\t\t<\/div><\/div>","protected":false},"excerpt":{"rendered":"","protected":false},"author":9,"featured_media":0,"parent":3330,"menu_order":0,"comment_status":"closed","ping_status":"closed","template":"templates\/template-application-platform.php","meta":{"publish_to_discourse":"","publish_post_category":"","wpdc_auto_publish_overridden":"","wpdc_topic_tags":"","wpdc_pin_topic":"","wpdc_pin_until":"","discourse_post_id":"","discourse_permalink":"","wpdc_publishing_response":"","wpdc_publishing_error":"","footnotes":""},"class_list":["post-10077","page","type-page","status-publish","hentry"],"yoast_head":"<!-- This site is optimized with the Yoast SEO plugin v25.3.1 - https:\/\/yoast.com\/wordpress\/plugins\/seo\/ -->\n<title>Flux RSS - Ajoutez le plugin de flux RSS au site Web GoDaddy\u00a0!<\/title>\n<meta name=\"description\" content=\"Ins\u00e9rez un plugin de flux RSS facile \u00e0 g\u00e9rer sur votre site Web GoDaddy. Utilisez la d\u00e9mo pratique d&#039;Elfsight et modifiez votre superbe flux RSS\u00a0!\" \/>\n<meta name=\"robots\" content=\"index, follow, max-snippet:-1, max-image-preview:large, max-video-preview:-1\" \/>\n<link rel=\"canonical\" href=\"https:\/\/elfsight.com\/fr\/rss-feed-widget\/godaddy\/\" \/>\n<meta property=\"og:locale\" content=\"fr_FR\" \/>\n<meta property=\"og:type\" content=\"article\" \/>\n<meta property=\"og:title\" content=\"Flux RSS - Ajoutez le plugin de flux RSS au site Web GoDaddy\u00a0!\" \/>\n<meta property=\"og:description\" content=\"Ins\u00e9rez un plugin de flux RSS facile \u00e0 g\u00e9rer sur votre site Web GoDaddy. Utilisez la d\u00e9mo pratique d&#039;Elfsight et modifiez votre superbe flux RSS\u00a0!\" \/>\n<meta property=\"og:url\" content=\"https:\/\/elfsight.com\/fr\/rss-feed-widget\/godaddy\/\" \/>\n<meta property=\"og:site_name\" content=\"Elfsight FR\" \/>\n<meta property=\"article:modified_time\" content=\"2025-07-10T13:16:03+00:00\" \/>\n<meta name=\"twitter:card\" content=\"summary_large_image\" \/>\n<meta name=\"twitter:label1\" content=\"Dur\u00e9e de lecture estim\u00e9e\" \/>\n\t<meta name=\"twitter:data1\" content=\"3 minutes\" \/>\n<!-- \/ Yoast SEO plugin. -->","yoast_head_json":{"title":"Flux RSS - Ajoutez le plugin de flux RSS au site Web GoDaddy\u00a0!","description":"Ins\u00e9rez un plugin de flux RSS facile \u00e0 g\u00e9rer sur votre site Web GoDaddy. Utilisez la d\u00e9mo pratique d'Elfsight et modifiez votre superbe flux RSS\u00a0!","robots":{"index":"index","follow":"follow","max-snippet":"max-snippet:-1","max-image-preview":"max-image-preview:large","max-video-preview":"max-video-preview:-1"},"canonical":"https:\/\/elfsight.com\/fr\/rss-feed-widget\/godaddy\/","og_locale":"fr_FR","og_type":"article","og_title":"Flux RSS - Ajoutez le plugin de flux RSS au site Web GoDaddy\u00a0!","og_description":"Ins\u00e9rez un plugin de flux RSS facile \u00e0 g\u00e9rer sur votre site Web GoDaddy. Utilisez la d\u00e9mo pratique d'Elfsight et modifiez votre superbe flux RSS\u00a0!","og_url":"https:\/\/elfsight.com\/fr\/rss-feed-widget\/godaddy\/","og_site_name":"Elfsight FR","article_modified_time":"2025-07-10T13:16:03+00:00","twitter_card":"summary_large_image","twitter_misc":{"Dur\u00e9e de lecture estim\u00e9e":"3 minutes"},"schema":{"@context":"https:\/\/schema.org","@graph":[{"@type":"WebPage","@id":"https:\/\/elfsight.com\/fr\/rss-feed-widget\/godaddy\/","url":"https:\/\/elfsight.com\/fr\/rss-feed-widget\/godaddy\/","name":"Flux RSS - Ajoutez le plugin de flux RSS au site Web GoDaddy\u00a0!","isPartOf":{"@id":"https:\/\/elfsight.com\/fr\/#website"},"datePublished":"1970-01-01T00:00:00+00:00","dateModified":"2025-07-10T13:16:03+00:00","description":"Ins\u00e9rez un plugin de flux RSS facile \u00e0 g\u00e9rer sur votre site Web GoDaddy. Utilisez la d\u00e9mo pratique d'Elfsight et modifiez votre superbe flux RSS\u00a0!","breadcrumb":{"@id":"https:\/\/elfsight.com\/fr\/rss-feed-widget\/godaddy\/#breadcrumb"},"inLanguage":"fr-FR","potentialAction":[{"@type":"ReadAction","target":["https:\/\/elfsight.com\/fr\/rss-feed-widget\/godaddy\/"]}]},{"@type":"BreadcrumbList","@id":"https:\/\/elfsight.com\/fr\/rss-feed-widget\/godaddy\/#breadcrumb","itemListElement":[{"@type":"ListItem","position":1,"name":"Home","item":"https:\/\/elfsight.com\/fr\/"},{"@type":"ListItem","position":2,"name":"RSS Feed","item":"https:\/\/elfsight.com\/fr\/rss-feed-widget\/"},{"@type":"ListItem","position":3,"name":"RSS Feed &#8211; GoDaddy"}]},{"@type":"WebSite","@id":"https:\/\/elfsight.com\/fr\/#website","url":"https:\/\/elfsight.com\/fr\/","name":"Elfsight FR","description":"","potentialAction":[{"@type":"SearchAction","target":{"@type":"EntryPoint","urlTemplate":"https:\/\/elfsight.com\/fr\/?s={search_term_string}"},"query-input":{"@type":"PropertyValueSpecification","valueRequired":true,"valueName":"search_term_string"}}],"inLanguage":"fr-FR"}]}},"meta_box":{"industry":"","seo_heading":"","heading":"","description":"","cta_heading":"","cta_description":"","application":"3329","h1":"Plugin de flux RSS GoDaddy","h1_caption":"Int\u00e9grez un flux RSS sur votre site Web pour afficher du contenu provenant de sources externes, gardant ainsi votre site Web \u00e0 jour avec du mat\u00e9riel r\u00e9cent sur votre site Web GoDaddy sans effort.","application_category":[],"applications_title":"","applications_request_title":"","applications_request_button_text":"","hero_text":"","hero_video":"","hero_video_schema_markup":"","selling_points_title":"","selling_points_caption":"","selling_points":[],"selling_points_cta_text":"","features_title":"","features":"","ed_cta_examples_text":"","ed_cta_examples_hidden":"","ed_cta_demo_text":"","ed_cta_demo_hidden":"","why_caption":"","why_editor_title":"","why_editor_text":"","why_team_title":"","why_team_text":"","why_service_title":"","why_service_text":"","template_catalog_visible":"","template_catalog_title":"","template_catalog_text":"","template_catalog_categories_visible":"","demo_title":"Cr\u00e9ez votre plugin de flux RSS","demo_caption":"Configurez votre flux RSS et ajoutez-le gratuitement \u00e0 votre site Web GoDaddy\u00a0!","default_faq_hidden":"","app_template_category":[],"platform":"370","template_public_id":"","codecanyon_url":"","codecanyon_item_id":"","codecanyon_price":"","pricing_caption":"","pricing_elfsight_apps_hide_column":"","pricing_elfsight_apps_url":"","pricing_codecanyon_price_caption":"","integration_category":[],"integration_request_title":"","integration_request_cta":"","integration_platform":"","integrations":[],"platform_category":[],"video_schema_markup":"","price":"\u00e0 partir de 0$ \/ mois","trial":"","benefits":[{"text":"Aide \u00e0 l'installation gratuite"},{"text":"Service client professionnel"},{"text":"Garantie de remboursement de 14 jours"},{"text":"Mise \u00e0 jour constante"}],"button_url":"","button_target_blank":"","button_nofollow":"","attributes":[{"name":"Installations","content":"10,000 - 100,000"},{"name":"Sensible","content":"Oui"},{"name":"Navigateurs compatibles","content":"IE11, Firefox, Safari, Opera, Chrome, Edge"}],"tags":[],"tags_disable_links":"","hide_more_platforms":"","video_object":"","demo_hide_cta":"","demo_hide_cloud_options":"","pricing_title":"","pricing":[{"pricing_icon":"platform","pricing_title":"Elfsight Apps","pricing_title_caption":"Solution multiplateforme","pricing_price":"from $0 \/ month","pricing_price_caption":"commencez avec un forfait gratuit","pricing_benefits":[{"text":"Domaines illimit\u00e9s"},{"text":"Accompagnement professionnel et bien document\u00e9"},{"text":"Aide \u00e0 l'installation gratuite"},{"text":"100% personnalisable"}],"pricing_button_text":"Ajouter au site Web","pricing_button_url":"#demo"}],"related_apps_title":"","related_apps_hidden":"","author":"","image":[],"title":"","job":"","social_networks":[]},"_links":{"self":[{"href":"https:\/\/elfsight.com\/fr\/wp-json\/wp\/v2\/pages\/10077","targetHints":{"allow":["GET"]}}],"collection":[{"href":"https:\/\/elfsight.com\/fr\/wp-json\/wp\/v2\/pages"}],"about":[{"href":"https:\/\/elfsight.com\/fr\/wp-json\/wp\/v2\/types\/page"}],"author":[{"embeddable":true,"href":"https:\/\/elfsight.com\/fr\/wp-json\/wp\/v2\/users\/9"}],"replies":[{"embeddable":true,"href":"https:\/\/elfsight.com\/fr\/wp-json\/wp\/v2\/comments?post=10077"}],"version-history":[{"count":1,"href":"https:\/\/elfsight.com\/fr\/wp-json\/wp\/v2\/pages\/10077\/revisions"}],"predecessor-version":[{"id":10081,"href":"https:\/\/elfsight.com\/fr\/wp-json\/wp\/v2\/pages\/10077\/revisions\/10081"}],"up":[{"embeddable":true,"href":"https:\/\/elfsight.com\/fr\/wp-json\/wp\/v2\/pages\/3330"}],"wp:attachment":[{"href":"https:\/\/elfsight.com\/fr\/wp-json\/wp\/v2\/media?parent=10077"}],"curies":[{"name":"wp","href":"https:\/\/api.w.org\/{rel}","templated":true}]}}