{"id":10076,"date":"1970-01-01T00:00:00","date_gmt":"1970-01-01T00:00:00","guid":{"rendered":"https:\/\/elfsight.com\/fr\/?page_id=10076"},"modified":"2025-07-10T13:17:35","modified_gmt":"2025-07-10T13:17:35","slug":"prestashop","status":"publish","type":"page","link":"https:\/\/elfsight.com\/fr\/rss-feed-widget\/prestashop\/","title":{"rendered":"RSS Feed &#8211; PrestaShop"},"content":{"rendered":"<div class=\"application-platform-content-item-description application-platform-content-item\" id=\"description\" data-nav-section=\"description\"> <h2>Description<\/h2> <p>Le flux RSS Elfsight pour Prestashop est un module compl\u00e9mentaire dont l&rsquo;objectif principal est de vous aider avec toutes les demandes r\u00e9elles d&rsquo;obtention impressions et demandes des clients de votre site. R\u00e9v\u00e9lez les parties essentielles \u00e0 remplir, s\u00e9lectionnez le mod\u00e8le requis et personnalisez l&rsquo;interface pour motiver vos visiteurs \u00e0 laisser des demandes pour les services de votre entreprise. Le flux social est con\u00e7u pour r\u00e9pondre \u00e0 toutes vos demandes afin d&rsquo;obtenir des commentaires et de rester toujours en contact avec vos clients.<\/p><p><b>Lancez le flux RSS pour atteindre les sommets de votre entreprise plus efficacement\u00a0! <\/b><\/p> <\/div> <div class=\"application-platform-content-item-features application-platform-content-item\" id=\"features\" data-nav-section=\"features\"> <h2>Voici les principales fonctionnalit\u00e9s de l&rsquo;addon\u00a0: <\/h2> <ul><li>Int\u00e9grez votre contenu \u00e0 partir de plusieurs sources<\/li><li>Filtrage automatique manuel et mode de mod\u00e9ration des fonctionnalit\u00e9s<\/li><li>Mode de mod\u00e9ration automatique pour un t\u00e9l\u00e9chargement fluide du contenu<\/li><li>Cinq mod\u00e8les de publication pr\u00eats \u00e0 l&#8217;emploi avec diff\u00e9rentes positions de texte, de photo et d&rsquo;image d&rsquo;auteur. <\/li><li>Les vid\u00e9os sont lues automatiquement en mode popup<\/li><li>Laissez vos posts appara\u00eetre dans un pop-up <\/li><li>2 variantes de repr\u00e9sentation des posts pop-up\u00a0: slider et flux <\/li><\/ul><p><a href=\"#demo\">Essayez simplement cette d\u00e9mo pour avoir une id\u00e9e compl\u00e8te<\/a><\/p> <\/div> <div class=\"application-platform-content-item-installation application-platform-content-item\" id=\"installation\" data-nav-section=\"installation\"> <h2>Comment puis-je ajouter un flux RSS \u00e0 ma page Web PrestaShop\u00a0? <\/h2> <p>Suivez simplement plusieurs \u00e9tapes d\u00e9crites ci-dessous pour int\u00e9grer l&rsquo;outil. <\/p> <ol><li><b>Utilisez notre \u00e9diteur gratuit et commencez \u00e0 cr\u00e9er votre instrument personnalis\u00e9. <\/b><br> Recherchez la mise en page et les aspects pr\u00e9f\u00e9r\u00e9s du module compl\u00e9mentaire et enregistrez les modifications. <\/li> <li><b>Recevez le code individuel qui appara\u00eet dans le formulaire sp\u00e9cial sur Elfsight Apps. <\/b><br> D\u00e8s que la configuration de votre module compl\u00e9mentaire personnel est termin\u00e9e, copiez le code personnel de la fen\u00eatre contextuelle apparue et enregistrez-le pour un besoin ult\u00e9rieur. <\/li> <li><b>Commencez l&rsquo;utilisation de l&rsquo;addon sur la page d&rsquo;accueil de PrestaShop. <\/b><br> Ins\u00e9rez le code que vous avez enregistr\u00e9 r\u00e9cemment dans votre page Web et enregistrez les corrections. <\/li> <li><b>L&rsquo;installation est termin\u00e9e avec succ\u00e8s. <\/b><br> Acc\u00e9dez \u00e0 votre site pour voir en action le travail du widget. <\/li><\/ol> <p>Si vous rencontrez des difficult\u00e9s, veuillez contacter notre \u00e9quipe d&rsquo;assistance. Nos collaborateurs se feront un plaisir de r\u00e9soudre tous les probl\u00e8mes que vous pourriez rencontrer avec l&rsquo;addon. <\/p> <\/div><div class=\"faq\" data-component=\"FAQ\"><div class=\"faq-item\">\r\n\t\t\t\t\t<div class=\"faq-item-question\">\r\n\t\t\t\t\t\t<h3 class=\"faq-item-question-text\">Existe-t-il un moyen d'ajouter un flux RSS \u00e0 ma page Web PrestaShop sans comp\u00e9tences en codage ?<\/h3>\r\n\r\n\t\t\t\t\t\t<div class=\"faq-item-question-icon\"><\/div>\r\n\t\t\t\t\t<\/div>\r\n\r\n\t\t\t\t\t<div class=\"faq-item-answer\">\r\n\t\t\t\t\t\t<div class=\"faq-item-answer-text\"><p>Soci\u00e9t\u00e9 Elfsight propose une solution Cloud qui permet aux propri\u00e9taires de sites de cr\u00e9er vous-m\u00eame une application de flux RSS. D\u00e9couvrez le guide simple\u00a0: <\/p><ul><li> Acc\u00e9dez \u00e0 l&rsquo;\u00e9diteur en ligne pour g\u00e9n\u00e9rer une application de flux RSS que vous souhaitez int\u00e9grer sur votre site Web PrestaShop. .<\/li><li>Choisissez l&rsquo;un de nos mod\u00e8les pr\u00eats \u00e0 l&#8217;emploi et adaptez les param\u00e8tres du flux RSS, modifiez la mise en page et la palette de couleurs, ajoutez votre contenu sans comp\u00e9tences en codage.<\/li><li>Enregistrez le flux RSS et obtenez du code \u00e0 int\u00e9grer, que vous pouvez ajouter gratuitement au site PrestaShop.<\/li><\/ul><p>Avec l&rsquo;aide de notre configurateur intuitif, tout internaute peut g\u00e9n\u00e9rer un widget de flux RSS et simplement l&rsquo;inclure sur n&rsquo;importe quel site PrestaShop. Vous ne devriez pas souscrire \u00e0 un forfait payant ni saisir les donn\u00e9es de votre carte pour acc\u00e9der \u00e0 Elfsight Editor. Si vous rencontrez des obstacles \u00e0 n&rsquo;importe quelle \u00e9tape, n&rsquo;h\u00e9sitez pas \u00e0 contacter notre \u00e9quipe d&rsquo;assistance technique.<\/p><\/div>\r\n\t\t\t\t\t<\/div>\r\n\t\t\t\t<\/div><\/div>","protected":false},"excerpt":{"rendered":"","protected":false},"author":9,"featured_media":0,"parent":3330,"menu_order":0,"comment_status":"closed","ping_status":"closed","template":"templates\/template-application-platform.php","meta":{"publish_to_discourse":"","publish_post_category":"","wpdc_auto_publish_overridden":"","wpdc_topic_tags":"","wpdc_pin_topic":"","wpdc_pin_until":"","discourse_post_id":"","discourse_permalink":"","wpdc_publishing_response":"","wpdc_publishing_error":"","footnotes":""},"class_list":["post-10076","page","type-page","status-publish","hentry"],"yoast_head":"<!-- This site is optimized with the Yoast SEO plugin v25.3.1 - https:\/\/yoast.com\/wordpress\/plugins\/seo\/ -->\n<title>Ajouter le plugin RSS Feed au site PrestaShop (rapide et gratuit)<\/title>\n<meta name=\"description\" content=\"Impl\u00e9mentez un module compl\u00e9mentaire de flux RSS r\u00e9actif sur votre page PrestaShop. Utilisez la d\u00e9mo pratique d&#039;Elfsight et modifiez votre superbe flux RSS.\" \/>\n<meta name=\"robots\" content=\"index, follow, max-snippet:-1, max-image-preview:large, max-video-preview:-1\" \/>\n<link rel=\"canonical\" href=\"https:\/\/elfsight.com\/fr\/rss-feed-widget\/prestashop\/\" \/>\n<meta property=\"og:locale\" content=\"fr_FR\" \/>\n<meta property=\"og:type\" content=\"article\" \/>\n<meta property=\"og:title\" content=\"Ajouter le plugin RSS Feed au site PrestaShop (rapide et gratuit)\" \/>\n<meta property=\"og:description\" content=\"Impl\u00e9mentez un module compl\u00e9mentaire de flux RSS r\u00e9actif sur votre page PrestaShop. Utilisez la d\u00e9mo pratique d&#039;Elfsight et modifiez votre superbe flux RSS.\" \/>\n<meta property=\"og:url\" content=\"https:\/\/elfsight.com\/fr\/rss-feed-widget\/prestashop\/\" \/>\n<meta property=\"og:site_name\" content=\"Elfsight FR\" \/>\n<meta property=\"article:modified_time\" content=\"2025-07-10T13:17:35+00:00\" \/>\n<meta name=\"twitter:card\" content=\"summary_large_image\" \/>\n<meta name=\"twitter:label1\" content=\"Dur\u00e9e de lecture estim\u00e9e\" \/>\n\t<meta name=\"twitter:data1\" content=\"3 minutes\" \/>\n<!-- \/ Yoast SEO plugin. -->","yoast_head_json":{"title":"Ajouter le plugin RSS Feed au site PrestaShop (rapide et gratuit)","description":"Impl\u00e9mentez un module compl\u00e9mentaire de flux RSS r\u00e9actif sur votre page PrestaShop. Utilisez la d\u00e9mo pratique d'Elfsight et modifiez votre superbe flux RSS.","robots":{"index":"index","follow":"follow","max-snippet":"max-snippet:-1","max-image-preview":"max-image-preview:large","max-video-preview":"max-video-preview:-1"},"canonical":"https:\/\/elfsight.com\/fr\/rss-feed-widget\/prestashop\/","og_locale":"fr_FR","og_type":"article","og_title":"Ajouter le plugin RSS Feed au site PrestaShop (rapide et gratuit)","og_description":"Impl\u00e9mentez un module compl\u00e9mentaire de flux RSS r\u00e9actif sur votre page PrestaShop. Utilisez la d\u00e9mo pratique d'Elfsight et modifiez votre superbe flux RSS.","og_url":"https:\/\/elfsight.com\/fr\/rss-feed-widget\/prestashop\/","og_site_name":"Elfsight FR","article_modified_time":"2025-07-10T13:17:35+00:00","twitter_card":"summary_large_image","twitter_misc":{"Dur\u00e9e de lecture estim\u00e9e":"3 minutes"},"schema":{"@context":"https:\/\/schema.org","@graph":[{"@type":"WebPage","@id":"https:\/\/elfsight.com\/fr\/rss-feed-widget\/prestashop\/","url":"https:\/\/elfsight.com\/fr\/rss-feed-widget\/prestashop\/","name":"Ajouter le plugin RSS Feed au site PrestaShop (rapide et gratuit)","isPartOf":{"@id":"https:\/\/elfsight.com\/fr\/#website"},"datePublished":"1970-01-01T00:00:00+00:00","dateModified":"2025-07-10T13:17:35+00:00","description":"Impl\u00e9mentez un module compl\u00e9mentaire de flux RSS r\u00e9actif sur votre page PrestaShop. Utilisez la d\u00e9mo pratique d'Elfsight et modifiez votre superbe flux RSS.","breadcrumb":{"@id":"https:\/\/elfsight.com\/fr\/rss-feed-widget\/prestashop\/#breadcrumb"},"inLanguage":"fr-FR","potentialAction":[{"@type":"ReadAction","target":["https:\/\/elfsight.com\/fr\/rss-feed-widget\/prestashop\/"]}]},{"@type":"BreadcrumbList","@id":"https:\/\/elfsight.com\/fr\/rss-feed-widget\/prestashop\/#breadcrumb","itemListElement":[{"@type":"ListItem","position":1,"name":"Home","item":"https:\/\/elfsight.com\/fr\/"},{"@type":"ListItem","position":2,"name":"RSS Feed","item":"https:\/\/elfsight.com\/fr\/rss-feed-widget\/"},{"@type":"ListItem","position":3,"name":"RSS Feed &#8211; PrestaShop"}]},{"@type":"WebSite","@id":"https:\/\/elfsight.com\/fr\/#website","url":"https:\/\/elfsight.com\/fr\/","name":"Elfsight FR","description":"","potentialAction":[{"@type":"SearchAction","target":{"@type":"EntryPoint","urlTemplate":"https:\/\/elfsight.com\/fr\/?s={search_term_string}"},"query-input":{"@type":"PropertyValueSpecification","valueRequired":true,"valueName":"search_term_string"}}],"inLanguage":"fr-FR"}]}},"meta_box":{"industry":"","seo_heading":"","heading":"","description":"","cta_heading":"","cta_description":"","application":"3329","h1":"Module compl\u00e9mentaire de flux RSS PrestaShop","h1_caption":"Int\u00e9grez un flux RSS sur votre site Web pour afficher du contenu provenant de sources externes, en gardant votre site Web \u00e0 jour avec du mat\u00e9riel frais dans votre site Web Prestashop sans effort.","application_category":[],"applications_title":"","applications_request_title":"","applications_request_button_text":"","hero_text":"","hero_video":"","hero_video_schema_markup":"","selling_points_title":"","selling_points_caption":"","selling_points":[],"selling_points_cta_text":"","features_title":"","features":"","ed_cta_examples_text":"","ed_cta_examples_hidden":"","ed_cta_demo_text":"","ed_cta_demo_hidden":"","why_caption":"","why_editor_title":"","why_editor_text":"","why_team_title":"","why_team_text":"","why_service_title":"","why_service_text":"","template_catalog_visible":"","template_catalog_title":"","template_catalog_text":"","template_catalog_categories_visible":"","demo_title":"Cr\u00e9ez votre module compl\u00e9mentaire de flux RSS","demo_caption":"Configurez votre flux RSS et ajoutez-le gratuitement \u00e0 votre site PrestaShop !","default_faq_hidden":"","app_template_category":[],"platform":"3190","template_public_id":"","codecanyon_url":"","codecanyon_item_id":"","codecanyon_price":"","pricing_caption":"","pricing_elfsight_apps_hide_column":"","pricing_elfsight_apps_url":"","pricing_codecanyon_price_caption":"","integration_category":[],"integration_request_title":"","integration_request_cta":"","integration_platform":"","integrations":[],"platform_category":[],"video_schema_markup":"","price":"\u00e0 partir de 0$ \/ mois","trial":"","benefits":[{"text":"Service d'installation gratuit"},{"text":"Service client professionnel"},{"text":"Garantie de remboursement de 14 jours"},{"text":"Am\u00e9liorations gratuites \u00e0 vie"}],"button_url":"","button_target_blank":"","button_nofollow":"","attributes":[{"name":"Installations","content":"10,000 - 100,000"},{"name":"Sensible","content":"Oui"},{"name":"Navigateurs compatibles","content":"Firefox, Safari, Opera, Chrome, Edge"}],"tags":[],"tags_disable_links":"","hide_more_platforms":"","video_object":"","demo_hide_cta":"","demo_hide_cloud_options":"","pricing_title":"","pricing":[{"pricing_icon":"platform","pricing_title":"Elfsight Apps","pricing_title_caption":"Solution multiplateforme qui fonctionne sur n'importe quel site Web","pricing_price":"from $0 \/ month","pricing_price_caption":"commencez avec un forfait gratuit","pricing_benefits":[{"text":"Sites Web illimit\u00e9s"},{"text":"Assistance client 24h\/24 et 7j\/7"},{"text":"Aide \u00e0 l'installation gratuite"},{"text":"Enti\u00e8rement personnalisable"}],"pricing_button_text":"Ajouter au site Web","pricing_button_url":"#demo"}],"related_apps_title":"","related_apps_hidden":"","author":"","image":[],"title":"","job":"","social_networks":[]},"_links":{"self":[{"href":"https:\/\/elfsight.com\/fr\/wp-json\/wp\/v2\/pages\/10076","targetHints":{"allow":["GET"]}}],"collection":[{"href":"https:\/\/elfsight.com\/fr\/wp-json\/wp\/v2\/pages"}],"about":[{"href":"https:\/\/elfsight.com\/fr\/wp-json\/wp\/v2\/types\/page"}],"author":[{"embeddable":true,"href":"https:\/\/elfsight.com\/fr\/wp-json\/wp\/v2\/users\/9"}],"replies":[{"embeddable":true,"href":"https:\/\/elfsight.com\/fr\/wp-json\/wp\/v2\/comments?post=10076"}],"version-history":[{"count":1,"href":"https:\/\/elfsight.com\/fr\/wp-json\/wp\/v2\/pages\/10076\/revisions"}],"predecessor-version":[{"id":10080,"href":"https:\/\/elfsight.com\/fr\/wp-json\/wp\/v2\/pages\/10076\/revisions\/10080"}],"up":[{"embeddable":true,"href":"https:\/\/elfsight.com\/fr\/wp-json\/wp\/v2\/pages\/3330"}],"wp:attachment":[{"href":"https:\/\/elfsight.com\/fr\/wp-json\/wp\/v2\/media?parent=10076"}],"curies":[{"name":"wp","href":"https:\/\/api.w.org\/{rel}","templated":true}]}}