{"id":10068,"date":"1970-01-01T00:00:00","date_gmt":"1970-01-01T00:00:00","guid":{"rendered":"https:\/\/elfsight.com\/fr\/?page_id=10068"},"modified":"2025-07-10T13:12:49","modified_gmt":"2025-07-10T13:12:49","slug":"drupal","status":"publish","type":"page","link":"https:\/\/elfsight.com\/fr\/restaurant-menu-widget\/drupal\/","title":{"rendered":"Restaurant Menu &#8211; Drupal"},"content":{"rendered":"<div class=\"application-platform-content-item-description application-platform-content-item\" id=\"description\" data-nav-section=\"description\"> <h2>Description<\/h2><p>Elfsight Restaurant Menu est un module g\u00e9rable pour la pr\u00e9sentation de votre vari\u00e9t\u00e9 de plats et de boissons directement sur votre site Web. C&rsquo;est un moyen pratique de familiariser vos visiteurs avec votre vari\u00e9t\u00e9, de transmettre des caract\u00e9ristiques exceptionnelles et d&rsquo;attirer leur attention avec des photos de produits captivantes. Le widget est extr\u00eamement pratique. Gr\u00e2ce \u00e0 lui, vous pouvez cr\u00e9er une gamme infinie de pages de menu avec une grande quantit\u00e9 d&rsquo;\u00e9l\u00e9ments ou simplement pr\u00e9senter une liste concise que vous servez. S\u00e9lectionnez un sch\u00e9ma clair, sombre ou modifiez les param\u00e8tres souhait\u00e9s, en recolorant tous les \u00e9l\u00e9ments. De plus, votre menu peut toujours \u00eatre actuel : vous pouvez modifier les prix, une liste d&rsquo;articles, ajouter de nouvelles boissons ou m\u00eame des menus en quelques secondes ! Fini les menus pr\u00eats \u00e0 imprimer qu&rsquo;il faut cr\u00e9er d\u00e8s le d\u00e9but. Commencez \u00e0 cr\u00e9er votre superbe module d\u00e8s maintenant\u00a0! <\/p> <p><b>Ajoutez un menu de restaurant pour atteindre vos objectifs commerciaux plus simplement\u00a0! Gr\u00e2ce au menu de votre site Web, vous pouvez attirer plus de clients potentiels et b\u00e9n\u00e9ficier d&rsquo;un d\u00e9veloppement commercial solide\u00a0!<\/b><\/p> <\/div> <div class=\"application-platform-content-item-features application-platform-content-item\" id=\"features\" data-nav-section=\"features\"> <h2>Vous trouverez ci-dessous les principales fonctionnalit\u00e9s du module. : <\/h2> <ul><li> Outil facile \u00e0 utiliser m\u00eame pour les utilisateurs non professionnels<\/li><li>Quantit\u00e9 illimit\u00e9e de menus, sections ou \u00e9l\u00e9ments, divis\u00e9s \u00e0 l&rsquo;aide de dispositions d&rsquo;onglets, de listes ou de ma\u00e7onnerie <\/li><li>Menu simple \u00e0 mettre \u00e0 jour et tous ses composants\u00a0: prix, plats de saison, boissons, etc.<\/li><li> R\u00e9digez une description d\u00e9taill\u00e9e des articles\u00a0: ic\u00f4nes, informations nutritionnelles et badges <\/li><li>T\u00e9l\u00e9chargez des images app\u00e9tissantes pour les \u00e9l\u00e9ments et pr\u00e9sentez-les m\u00eame en mode popup<\/li><li>Ajustez et repeignez tous les \u00e9l\u00e9ments\u00a0: texte, jeu de couleurs et ic\u00f4nes<\/li><\/ul><p><a href=\"#demo\">Vous pouvez v\u00e9rifier les offres du widget \u00e0 l&rsquo;aide de la d\u00e9mo<\/a><\/p> <\/div> <div class=\"application-platform-content-item-installation application-platform-content-item\" id=\"installation\" data-nav-section=\"installation\"> <h2>Comment int\u00e9grer le menu du restaurant sur mon Drupal site Web\u00a0?<\/h2><div class=\"video-container\"><iframe width=\"720\" height=\"405\" src=\"https:\/\/www.youtube.com\/embed\/-Qa4XGQedkQ\" frameborder=\"0\" allowfullscreen=\"\"><\/iframe><\/div><p>Suivez simplement les instructions ci-dessous pour activer l&rsquo;outil\u00a0: <\/p> <ol><li><b>Ex\u00e9cutez notre configurateur gratuit et commencez \u00e0 cr\u00e9er votre personnalis\u00e9- module r\u00e9alis\u00e9. <\/b><br> Choisissez la disposition et les aspects souhait\u00e9s du module et appliquez toutes les corrections. <\/li> <li><b>Acqu\u00e9rir le code individuel apparaissant dans le formulaire sp\u00e9cial sur Elfsight Apps. <\/b><br> Une fois la personnalisation de votre module personnel termin\u00e9e, copiez le code individuel dans la fen\u00eatre qui appara\u00eet et enregistrez-le pour une utilisation ult\u00e9rieure. <\/li> <li><b>Commencez \u00e0 utiliser le module sur votre page Web Drupal. <\/b><br> Placez le code que vous avez enregistr\u00e9 auparavant sur votre site Web et enregistrez les ajustements. <\/li> <li><b>L&rsquo;installation est enti\u00e8rement effectu\u00e9e. <\/b><br> Acc\u00e9dez \u00e0 votre page Web pour voir en action les performances du module. <\/li><\/ol><p>Si vous avez des questions ou rencontrez des difficult\u00e9s, n&rsquo;h\u00e9sitez pas \u00e0 contacter notre service client. L&rsquo;\u00e9quipe Elfsight a h\u00e2te de vous aider avec toutes les questions que vous pourriez avoir avec le module. <\/p> <div class=\"faq\" data-component=\"FAQ\"><div class=\"faq-item\">\r\n\t\t\t\t\t<div class=\"faq-item-question\">\r\n\t\t\t\t\t\t<h3 class=\"faq-item-question-text\">Comment ajouter un menu de restaurant \u00e0 mon site Drupal sans coder ?<\/h3>\r\n\r\n\t\t\t\t\t\t<div class=\"faq-item-question-icon\"><\/div>\r\n\t\t\t\t\t<\/div>\r\n\r\n\t\t\t\t\t<div class=\"faq-item-answer\">\r\n\t\t\t\t\t\t<div class=\"faq-item-answer-text\"> <p>Elfsight propose une solution SaaS qui permet aux utilisateurs de cr\u00e9er vous-m\u00eame un widget de menu de restaurant. D\u00e9couvrez les instructions simples\u00a0: Acc\u00e9dez \u00e0 l&rsquo;\u00e9diteur en direct pour cr\u00e9er une application de menu de restaurant que vous souhaitez int\u00e9grer sur votre page d&rsquo;accueil Drupal. S\u00e9lectionnez l&rsquo;un des nombreux mod\u00e8les pr\u00eats \u00e0 l&#8217;emploi et modifiez les param\u00e8tres du menu du restaurant, incluez votre contenu, modifiez la disposition et la couleur des \u00e9l\u00e9ments sans aucune connaissance en codage. Cliquez pour enregistrer les param\u00e8tres que vous avez d\u00e9finis dans Restaurant Menu et copier le code d&rsquo;installation, que vous pouvez simplement inclure gratuitement dans n&rsquo;importe quelle page Web Drupal. Gr\u00e2ce \u00e0 notre configurateur intuitif, tout utilisateur Web peut cr\u00e9er un menu de restaurant en ligne et le coller sur la page Web Drupal. Vous ne devriez pas souscrire \u00e0 un forfait payant ni saisir les informations d&rsquo;identification de votre carte pour acc\u00e9der au service Elfsight. Si vous rencontrez des probl\u00e8mes \u00e0 n&rsquo;importe quelle \u00e9tape, n&rsquo;h\u00e9sitez pas \u00e0 contacter notre service client.<\/p> <\/div>\r\n\t\t\t\t\t<\/div>\r\n\t\t\t\t<\/div> <\/div><\/div><!-- \/wp:html - &gt; \/wp:html -->","protected":false},"excerpt":{"rendered":"","protected":false},"author":9,"featured_media":0,"parent":2842,"menu_order":0,"comment_status":"closed","ping_status":"closed","template":"templates\/template-application-platform.php","meta":{"publish_to_discourse":"","publish_post_category":"","wpdc_auto_publish_overridden":"","wpdc_topic_tags":"","wpdc_pin_topic":"","wpdc_pin_until":"","discourse_post_id":"","discourse_permalink":"","wpdc_publishing_response":"","wpdc_publishing_error":"","footnotes":""},"class_list":["post-10068","page","type-page","status-publish","hentry"],"yoast_head":"<!-- This site is optimized with the Yoast SEO plugin v25.3.1 - https:\/\/yoast.com\/wordpress\/plugins\/seo\/ -->\n<title>Menu de restaurant pour le site Web Drupal - superbe et gratuit<\/title>\n<meta name=\"description\" content=\"Ins\u00e9rez un menu de restaurant r\u00e9actif sur votre page Web Drupal. Essayez la d\u00e9mo pratique d&#039;Elfsight et cr\u00e9ez votre superbe module en quelques clics\" \/>\n<meta name=\"robots\" content=\"index, follow, max-snippet:-1, max-image-preview:large, max-video-preview:-1\" \/>\n<link rel=\"canonical\" href=\"https:\/\/elfsight.com\/fr\/restaurant-menu-widget\/drupal\/\" \/>\n<meta property=\"og:locale\" content=\"fr_FR\" \/>\n<meta property=\"og:type\" content=\"article\" \/>\n<meta property=\"og:title\" content=\"Menu de restaurant pour le site Web Drupal - superbe et gratuit\" \/>\n<meta property=\"og:description\" content=\"Ins\u00e9rez un menu de restaurant r\u00e9actif sur votre page Web Drupal. Essayez la d\u00e9mo pratique d&#039;Elfsight et cr\u00e9ez votre superbe module en quelques clics\" \/>\n<meta property=\"og:url\" content=\"https:\/\/elfsight.com\/fr\/restaurant-menu-widget\/drupal\/\" \/>\n<meta property=\"og:site_name\" content=\"Elfsight FR\" \/>\n<meta property=\"article:modified_time\" content=\"2025-07-10T13:12:49+00:00\" \/>\n<meta name=\"twitter:card\" content=\"summary_large_image\" \/>\n<meta name=\"twitter:label1\" content=\"Dur\u00e9e de lecture estim\u00e9e\" \/>\n\t<meta name=\"twitter:data1\" content=\"4 minutes\" \/>\n<!-- \/ Yoast SEO plugin. -->","yoast_head_json":{"title":"Menu de restaurant pour le site Web Drupal - superbe et gratuit","description":"Ins\u00e9rez un menu de restaurant r\u00e9actif sur votre page Web Drupal. Essayez la d\u00e9mo pratique d'Elfsight et cr\u00e9ez votre superbe module en quelques clics","robots":{"index":"index","follow":"follow","max-snippet":"max-snippet:-1","max-image-preview":"max-image-preview:large","max-video-preview":"max-video-preview:-1"},"canonical":"https:\/\/elfsight.com\/fr\/restaurant-menu-widget\/drupal\/","og_locale":"fr_FR","og_type":"article","og_title":"Menu de restaurant pour le site Web Drupal - superbe et gratuit","og_description":"Ins\u00e9rez un menu de restaurant r\u00e9actif sur votre page Web Drupal. Essayez la d\u00e9mo pratique d'Elfsight et cr\u00e9ez votre superbe module en quelques clics","og_url":"https:\/\/elfsight.com\/fr\/restaurant-menu-widget\/drupal\/","og_site_name":"Elfsight FR","article_modified_time":"2025-07-10T13:12:49+00:00","twitter_card":"summary_large_image","twitter_misc":{"Dur\u00e9e de lecture estim\u00e9e":"4 minutes"},"schema":{"@context":"https:\/\/schema.org","@graph":[{"@type":"WebPage","@id":"https:\/\/elfsight.com\/fr\/restaurant-menu-widget\/drupal\/","url":"https:\/\/elfsight.com\/fr\/restaurant-menu-widget\/drupal\/","name":"Menu de restaurant pour le site Web Drupal - superbe et gratuit","isPartOf":{"@id":"https:\/\/elfsight.com\/fr\/#website"},"datePublished":"1970-01-01T00:00:00+00:00","dateModified":"2025-07-10T13:12:49+00:00","description":"Ins\u00e9rez un menu de restaurant r\u00e9actif sur votre page Web Drupal. Essayez la d\u00e9mo pratique d'Elfsight et cr\u00e9ez votre superbe module en quelques clics","breadcrumb":{"@id":"https:\/\/elfsight.com\/fr\/restaurant-menu-widget\/drupal\/#breadcrumb"},"inLanguage":"fr-FR","potentialAction":[{"@type":"ReadAction","target":["https:\/\/elfsight.com\/fr\/restaurant-menu-widget\/drupal\/"]}]},{"@type":"BreadcrumbList","@id":"https:\/\/elfsight.com\/fr\/restaurant-menu-widget\/drupal\/#breadcrumb","itemListElement":[{"@type":"ListItem","position":1,"name":"Home","item":"https:\/\/elfsight.com\/fr\/"},{"@type":"ListItem","position":2,"name":"Restaurant Menu","item":"https:\/\/elfsight.com\/fr\/restaurant-menu-widget\/"},{"@type":"ListItem","position":3,"name":"Restaurant Menu &#8211; Drupal"}]},{"@type":"WebSite","@id":"https:\/\/elfsight.com\/fr\/#website","url":"https:\/\/elfsight.com\/fr\/","name":"Elfsight FR","description":"","potentialAction":[{"@type":"SearchAction","target":{"@type":"EntryPoint","urlTemplate":"https:\/\/elfsight.com\/fr\/?s={search_term_string}"},"query-input":{"@type":"PropertyValueSpecification","valueRequired":true,"valueName":"search_term_string"}}],"inLanguage":"fr-FR"}]}},"meta_box":{"industry":"","seo_heading":"","heading":"","description":"","cta_heading":"","cta_description":"","application":"2836","h1":"Module Menu de restaurant Drupal","h1_caption":"Pr\u00e9sentez le menu de votre restaurant dans un format visuellement attrayant, facile \u00e0 mettre \u00e0 jour et convivial sur votre site Web Drupal sans effort.","application_category":[],"applications_title":"","applications_request_title":"","applications_request_button_text":"","hero_text":"","hero_video":"","hero_video_schema_markup":"","selling_points_title":"","selling_points_caption":"","selling_points":[],"selling_points_cta_text":"","features_title":"","features":"","ed_cta_examples_text":"","ed_cta_examples_hidden":"","ed_cta_demo_text":"","ed_cta_demo_hidden":"","why_caption":"","why_editor_title":"","why_editor_text":"","why_team_title":"","why_team_text":"","why_service_title":"","why_service_text":"","template_catalog_visible":"","template_catalog_title":"","template_catalog_text":"","template_catalog_categories_visible":"","demo_title":"Cr\u00e9ez votre module Menu de restaurant","demo_caption":"Configurez votre menu de restaurant et ajoutez-le gratuitement \u00e0 votre site Drupal\u00a0!","default_faq_hidden":"","app_template_category":[],"platform":"351","template_public_id":"","codecanyon_url":"","codecanyon_item_id":"","codecanyon_price":"","pricing_caption":"","pricing_elfsight_apps_hide_column":"","pricing_elfsight_apps_url":"","pricing_codecanyon_price_caption":"","integration_category":[],"integration_request_title":"","integration_request_cta":"","integration_platform":"","integrations":[],"platform_category":[],"video_schema_markup":"","price":"\u00e0 partir de 0$ \/ mois","trial":"","benefits":[{"text":"Aide \u00e0 l'installation gratuite"},{"text":"Un soutien exceptionnel"},{"text":"Garantie de remboursement de 14 jours"},{"text":"Futures mises \u00e0 jour gratuites"}],"button_url":"","button_target_blank":"","button_nofollow":"","attributes":[{"name":"Installations","content":"10,000 - 100,000"},{"name":"Sensible","content":"Oui"},{"name":"Navigateurs compatibles","content":"Firefox, Safari, Opera, Chrome, Edge"}],"tags":[],"tags_disable_links":"","hide_more_platforms":"","video_object":"","demo_hide_cta":"","demo_hide_cloud_options":"","pricing_title":"","pricing":[{"pricing_icon":"platform","pricing_title":"Elfsight Apps","pricing_title_caption":"Solution num\u00e9rique multiplateforme","pricing_price":"from $0 \/ month","pricing_price_caption":"commencez avec un forfait gratuit","pricing_benefits":[{"text":"Domaines illimit\u00e9s"},{"text":"Assistance entreprise premium"},{"text":"Service d'installation gratuit"},{"text":"Offre sp\u00e9ciale pour plusieurs applications"}],"pricing_button_text":"Ajouter au site Web","pricing_button_url":"#demo"}],"related_apps_title":"","related_apps_hidden":"","author":"","image":[],"title":"","job":"","social_networks":[]},"_links":{"self":[{"href":"https:\/\/elfsight.com\/fr\/wp-json\/wp\/v2\/pages\/10068","targetHints":{"allow":["GET"]}}],"collection":[{"href":"https:\/\/elfsight.com\/fr\/wp-json\/wp\/v2\/pages"}],"about":[{"href":"https:\/\/elfsight.com\/fr\/wp-json\/wp\/v2\/types\/page"}],"author":[{"embeddable":true,"href":"https:\/\/elfsight.com\/fr\/wp-json\/wp\/v2\/users\/9"}],"replies":[{"embeddable":true,"href":"https:\/\/elfsight.com\/fr\/wp-json\/wp\/v2\/comments?post=10068"}],"version-history":[{"count":2,"href":"https:\/\/elfsight.com\/fr\/wp-json\/wp\/v2\/pages\/10068\/revisions"}],"predecessor-version":[{"id":14561,"href":"https:\/\/elfsight.com\/fr\/wp-json\/wp\/v2\/pages\/10068\/revisions\/14561"}],"up":[{"embeddable":true,"href":"https:\/\/elfsight.com\/fr\/wp-json\/wp\/v2\/pages\/2842"}],"wp:attachment":[{"href":"https:\/\/elfsight.com\/fr\/wp-json\/wp\/v2\/media?parent=10068"}],"curies":[{"name":"wp","href":"https:\/\/api.w.org\/{rel}","templated":true}]}}