{"id":10067,"date":"1970-01-01T00:00:00","date_gmt":"1970-01-01T00:00:00","guid":{"rendered":"https:\/\/elfsight.com\/fr\/?page_id=10067"},"modified":"2025-07-10T13:13:07","modified_gmt":"2025-07-10T13:13:07","slug":"facebook","status":"publish","type":"page","link":"https:\/\/elfsight.com\/fr\/restaurant-menu-widget\/facebook\/","title":{"rendered":"Restaurant Menu &#8211; Facebook Page"},"content":{"rendered":"<div class=\"application-platform-content-item-description application-platform-content-item\" id=\"description\" data-nav-section=\"description\"> <h2>Description<\/h2><p>Le menu du restaurant est un instrument convivial permettant de pr\u00e9senter votre vari\u00e9t\u00e9 d&rsquo;aliments et de boissons directement sur votre site web. C&rsquo;est le moyen le plus rapide de pr\u00e9senter votre cuisine aux invit\u00e9s et de les tenter avec des photos culinaires app\u00e9tissantes. Le menu du restaurant est extr\u00eamement personnalis\u00e9. Avec lui, vous pouvez composer n&rsquo;importe quelle quantit\u00e9 de menus avec de nombreux \u00e9l\u00e9ments ou simplement cr\u00e9er une liste concise des repas que vous servez. S\u00e9lectionnez un sch\u00e9ma clair ou sombre ou ajustez les param\u00e8tres que vous aimez, en recolorant tous les \u00e9l\u00e9ments. De plus, votre menu peut toujours rester \u00e0 jour\u00a0: modifiez les prix, une liste d&rsquo;articles, ajoutez de nouveaux plats ou m\u00eame des menus en quelques secondes\u00a0!<\/p> <p><b> B\u00e9n\u00e9ficiez de l&rsquo;exp\u00e9rience d&rsquo;un d\u00e9veloppement commercial plus rapide. et des ventes plus \u00e9lev\u00e9es. Essayez d&rsquo;utiliser Restaurant Menu par Elfsight\u00a0!<\/b><\/p><\/div> <div class=\"application-platform-content-item-features application-platform-content-item\" id=\"features\" data-nav-section=\"features\"> <h2>Le widget poss\u00e8de des fonctionnalit\u00e9s pr\u00e9cieuses, consultez-en quelques-unes\u00a0: <\/h2> <ul><li>Outil convivial m\u00eame pour les utilisateurs non professionnels<\/li><li>Quantit\u00e9 infinie de menus, sections ou \u00e9l\u00e9ments, form\u00e9s en dispositions d&rsquo;onglets, de listes ou de ma\u00e7onnerie<\/li><li>Menu facile \u00e0 mettre \u00e0 jour et toutes ses unit\u00e9s partout o\u00f9 vous en avez besoin\u00a0: r\u00e9ductions, aliments de saison, boissons, etc. <\/li><li> Montrez une description d\u00e9taill\u00e9e des articles, y compris des ic\u00f4nes, des informations nutritionnelles et des badges.<\/li><li>Ajoutez de superbes photos de vos repas et m\u00eame de vos cadeaux. les en mode popup <\/li><li>Changez la couleur de tous les \u00e9l\u00e9ments\u00a0: texte, jeu de couleurs et ic\u00f4nes. <\/li><\/ul><p><a href=\"#demo\">Vous pouvez tester toutes les capacit\u00e9s du widget dans la d\u00e9mo d\u00e8s maintenant<\/a><\/p> <\/div> <div class=\"application-platform-content-item-installation application-platform-content-item\" id=\"installation\" data-nav-section=\"installation\"> <h2>Comment int\u00e9grer le menu du restaurant sur ma page Facebook\u00a0? <\/h2> <p>Suivez simplement les \u00e9tapes ci-dessous pour commencer \u00e0 travailler avec le widget\u00a0: <\/p> <ol><li><b>G\u00e9rez notre \u00e9diteur gratuit et commencez \u00e0 fa\u00e7onner votre instrument personnalis\u00e9. <\/b><br> D\u00e9terminez l&rsquo;interface et les aspects pr\u00e9f\u00e9rables de l&rsquo;outil et enregistrez les modifications. <\/li> <li><b>Recevez votre code unique r\u00e9v\u00e9l\u00e9 dans la bo\u00eete sur Elfsight Apps. <\/b><br> Une fois la cr\u00e9ation de votre widget termin\u00e9e, copiez le code exclusif dans la fen\u00eatre qui appara\u00eet et enregistrez-le pour vos besoins futurs. <\/li> <li><b>Commencez \u00e0 utiliser le menu du restaurant sur la page d&rsquo;accueil de Facebook. <\/b><br> Int\u00e9grez le code que vous avez enregistr\u00e9 auparavant dans votre page Web et appliquez les modifications. <\/li> <li><b>L&rsquo;installation est enti\u00e8rement effectu\u00e9e. <\/b><br> Acc\u00e9dez \u00e0 votre page Web pour voir le travail du widget. <\/li><\/ol> <p>\u00c0 condition de r\u00e9pondre \u00e0 des questions ou de rencontrer quelques obstacles, n&rsquo;h\u00e9sitez pas \u00e0 \u00e9crire \u00e0 notre \u00e9quipe d&rsquo;assistance. Nos consultants seront ravis de r\u00e9soudre toutes les questions que vous pourriez vous poser avec le widget. <\/p> <div class=\"faq\" data-component=\"FAQ\"><div class=\"faq-item\">\r\n\t\t\t\t\t<div class=\"faq-item-question\">\r\n\t\t\t\t\t\t<h3 class=\"faq-item-question-text\">Existe-t-il un moyen d'ajouter un menu de restaurant \u00e0 ma page Facebook sans coder ?<\/h3>\r\n\r\n\t\t\t\t\t\t<div class=\"faq-item-question-icon\"><\/div>\r\n\t\t\t\t\t<\/div>\r\n\r\n\t\t\t\t\t<div class=\"faq-item-answer\">\r\n\t\t\t\t\t\t<div class=\"faq-item-answer-text\"> <p>La soci\u00e9t\u00e9 Elfsight propose une solution SaaS qui vous permet d&rsquo;\u00e9tablir vous-m\u00eame un plugin de menu de restaurant, voir comme c&rsquo;est simple\u00a0: travaillez directement dans la d\u00e9mo en direct pour cr\u00e9er un plugin de menu de restaurant que vous souhaitez ajouter sur votre page Facebook. Cliquez sur l&rsquo;un des mod\u00e8les pr\u00e9d\u00e9finis et modifiez les param\u00e8tres du menu du restaurant, incluez votre contenu, modifiez la mise en page et les couleurs sans aucune comp\u00e9tence en codage. Cliquez pour enregistrer les param\u00e8tres que vous avez d\u00e9finis dans le menu du restaurant et obtenir le code d&rsquo;installation, qui peut \u00eatre facilement ajout\u00e9 sur la page d&rsquo;accueil de votre page Facebook sans avoir besoin d&rsquo;acheter une version payante. Gr\u00e2ce \u00e0 notre configurateur intuitif, tout internaute peut cr\u00e9er une application de menu de restaurant et l&rsquo;inclure sur le site Web de la page Facebook. Il n&rsquo;est pas n\u00e9cessaire de payer ou de saisir les informations d&rsquo;identification de votre carte pour acc\u00e9der au service Elfsight. Si vous rencontrez des probl\u00e8mes \u00e0 n&rsquo;importe quelle \u00e9tape, n&rsquo;h\u00e9sitez pas \u00e0 contacter notre \u00e9quipe d&rsquo;assistance technique.<\/p> <\/div>\r\n\t\t\t\t\t<\/div>\r\n\t\t\t\t<\/div> <\/div><\/div>","protected":false},"excerpt":{"rendered":"","protected":false},"author":9,"featured_media":0,"parent":2842,"menu_order":0,"comment_status":"closed","ping_status":"closed","template":"templates\/template-application-platform.php","meta":{"publish_to_discourse":"","publish_post_category":"","wpdc_auto_publish_overridden":"","wpdc_topic_tags":"","wpdc_pin_topic":"","wpdc_pin_until":"","discourse_post_id":"","discourse_permalink":"","wpdc_publishing_response":"","wpdc_publishing_error":"","footnotes":""},"class_list":["post-10067","page","type-page","status-publish","hentry"],"yoast_head":"<!-- This site is optimized with the Yoast SEO plugin v25.3.1 - https:\/\/yoast.com\/wordpress\/plugins\/seo\/ -->\n<title>Menu de restaurant pour le site Web de la page Facebook - rapide et gratuit<\/title>\n<meta name=\"description\" content=\"Int\u00e9grez un widget de menu de restaurant facile \u00e0 g\u00e9rer sur votre site Web Facebook. Essayez la d\u00e9mo pratique d&#039;Elfsight et cr\u00e9ez votre magnifique widget en quelques minutes seulement\" \/>\n<meta name=\"robots\" content=\"index, follow, max-snippet:-1, max-image-preview:large, max-video-preview:-1\" \/>\n<link rel=\"canonical\" href=\"https:\/\/elfsight.com\/fr\/restaurant-menu-widget\/facebook\/\" \/>\n<meta property=\"og:locale\" content=\"fr_FR\" \/>\n<meta property=\"og:type\" content=\"article\" \/>\n<meta property=\"og:title\" content=\"Menu de restaurant pour le site Web de la page Facebook - rapide et gratuit\" \/>\n<meta property=\"og:description\" content=\"Int\u00e9grez un widget de menu de restaurant facile \u00e0 g\u00e9rer sur votre site Web Facebook. Essayez la d\u00e9mo pratique d&#039;Elfsight et cr\u00e9ez votre magnifique widget en quelques minutes seulement\" \/>\n<meta property=\"og:url\" content=\"https:\/\/elfsight.com\/fr\/restaurant-menu-widget\/facebook\/\" \/>\n<meta property=\"og:site_name\" content=\"Elfsight FR\" \/>\n<meta property=\"article:modified_time\" content=\"2025-07-10T13:13:07+00:00\" \/>\n<meta name=\"twitter:card\" content=\"summary_large_image\" \/>\n<meta name=\"twitter:label1\" content=\"Dur\u00e9e de lecture estim\u00e9e\" \/>\n\t<meta name=\"twitter:data1\" content=\"3 minutes\" \/>\n<!-- \/ Yoast SEO plugin. -->","yoast_head_json":{"title":"Menu de restaurant pour le site Web de la page Facebook - rapide et gratuit","description":"Int\u00e9grez un widget de menu de restaurant facile \u00e0 g\u00e9rer sur votre site Web Facebook. Essayez la d\u00e9mo pratique d'Elfsight et cr\u00e9ez votre magnifique widget en quelques minutes seulement","robots":{"index":"index","follow":"follow","max-snippet":"max-snippet:-1","max-image-preview":"max-image-preview:large","max-video-preview":"max-video-preview:-1"},"canonical":"https:\/\/elfsight.com\/fr\/restaurant-menu-widget\/facebook\/","og_locale":"fr_FR","og_type":"article","og_title":"Menu de restaurant pour le site Web de la page Facebook - rapide et gratuit","og_description":"Int\u00e9grez un widget de menu de restaurant facile \u00e0 g\u00e9rer sur votre site Web Facebook. Essayez la d\u00e9mo pratique d'Elfsight et cr\u00e9ez votre magnifique widget en quelques minutes seulement","og_url":"https:\/\/elfsight.com\/fr\/restaurant-menu-widget\/facebook\/","og_site_name":"Elfsight FR","article_modified_time":"2025-07-10T13:13:07+00:00","twitter_card":"summary_large_image","twitter_misc":{"Dur\u00e9e de lecture estim\u00e9e":"3 minutes"},"schema":{"@context":"https:\/\/schema.org","@graph":[{"@type":"WebPage","@id":"https:\/\/elfsight.com\/fr\/restaurant-menu-widget\/facebook\/","url":"https:\/\/elfsight.com\/fr\/restaurant-menu-widget\/facebook\/","name":"Menu de restaurant pour le site Web de la page Facebook - rapide et gratuit","isPartOf":{"@id":"https:\/\/elfsight.com\/fr\/#website"},"datePublished":"1970-01-01T00:00:00+00:00","dateModified":"2025-07-10T13:13:07+00:00","description":"Int\u00e9grez un widget de menu de restaurant facile \u00e0 g\u00e9rer sur votre site Web Facebook. Essayez la d\u00e9mo pratique d'Elfsight et cr\u00e9ez votre magnifique widget en quelques minutes seulement","breadcrumb":{"@id":"https:\/\/elfsight.com\/fr\/restaurant-menu-widget\/facebook\/#breadcrumb"},"inLanguage":"fr-FR","potentialAction":[{"@type":"ReadAction","target":["https:\/\/elfsight.com\/fr\/restaurant-menu-widget\/facebook\/"]}]},{"@type":"BreadcrumbList","@id":"https:\/\/elfsight.com\/fr\/restaurant-menu-widget\/facebook\/#breadcrumb","itemListElement":[{"@type":"ListItem","position":1,"name":"Home","item":"https:\/\/elfsight.com\/fr\/"},{"@type":"ListItem","position":2,"name":"Restaurant Menu","item":"https:\/\/elfsight.com\/fr\/restaurant-menu-widget\/"},{"@type":"ListItem","position":3,"name":"Restaurant Menu &#8211; Facebook Page"}]},{"@type":"WebSite","@id":"https:\/\/elfsight.com\/fr\/#website","url":"https:\/\/elfsight.com\/fr\/","name":"Elfsight FR","description":"","potentialAction":[{"@type":"SearchAction","target":{"@type":"EntryPoint","urlTemplate":"https:\/\/elfsight.com\/fr\/?s={search_term_string}"},"query-input":{"@type":"PropertyValueSpecification","valueRequired":true,"valueName":"search_term_string"}}],"inLanguage":"fr-FR"}]}},"meta_box":{"industry":"","seo_heading":"","heading":"","description":"","cta_heading":"","cta_description":"","application":"2836","h1":"Widget de menu de restaurant de page Facebook","h1_caption":"Pr\u00e9sentez le menu de votre restaurant dans un format visuellement attrayant, facile \u00e0 mettre \u00e0 jour et convivial sur votre site Web de page Facebook sans effort.","application_category":[],"applications_title":"","applications_request_title":"","applications_request_button_text":"","hero_text":"","hero_video":"","hero_video_schema_markup":"","selling_points_title":"","selling_points_caption":"","selling_points":[],"selling_points_cta_text":"","features_title":"","features":"","ed_cta_examples_text":"","ed_cta_examples_hidden":"","ed_cta_demo_text":"","ed_cta_demo_hidden":"","why_caption":"","why_editor_title":"","why_editor_text":"","why_team_title":"","why_team_text":"","why_service_title":"","why_service_text":"","template_catalog_visible":"","template_catalog_title":"","template_catalog_text":"","template_catalog_categories_visible":"","demo_title":"Cr\u00e9ez votre widget Menu de restaurant","demo_caption":"Configurez votre menu de restaurant et ajoutez-le gratuitement \u00e0 votre page Facebook\u00a0!","default_faq_hidden":"","app_template_category":[],"platform":"394","template_public_id":"","codecanyon_url":"","codecanyon_item_id":"","codecanyon_price":"","pricing_caption":"","pricing_elfsight_apps_hide_column":"","pricing_elfsight_apps_url":"","pricing_codecanyon_price_caption":"","integration_category":[],"integration_request_title":"","integration_request_cta":"","integration_platform":"","integrations":[],"platform_category":[],"video_schema_markup":"","price":"\u00e0 partir de 0$ \/ mois","trial":"","benefits":[{"text":"Service d'installation gratuit"},{"text":"Service client comp\u00e9tent"},{"text":"Garantie de remboursement de 14 jours"},{"text":"Mise \u00e0 jour constante"}],"button_url":"","button_target_blank":"","button_nofollow":"","attributes":[{"name":"Installations","content":"10,000 - 100,000"},{"name":"R\u00e9activit\u00e9","content":"Conception adaptative"},{"name":"Navigateurs compatibles","content":"Edge, Firefox, Opera, Chrome, Safari"}],"tags":[],"tags_disable_links":"","hide_more_platforms":"","video_object":"","demo_hide_cta":"","demo_hide_cloud_options":"","pricing_title":"","pricing":[{"pricing_icon":"platform","pricing_title":"Elfsight Apps","pricing_title_caption":"Version multiplateforme qui convient \u00e0 n'importe quel site Web","pricing_price":"from $0 \/ month","pricing_price_caption":"commencez avec un forfait gratuit","pricing_benefits":[{"text":"Sites Web illimit\u00e9s"},{"text":"Assistance professionnelle et ponctuelle"},{"text":"Aide \u00e0 l'installation gratuite"},{"text":"100% personnalisable"}],"pricing_button_text":"Ajouter au site Web","pricing_button_url":"#demo"}],"related_apps_title":"","related_apps_hidden":"","author":"","image":[],"title":"","job":"","social_networks":[]},"_links":{"self":[{"href":"https:\/\/elfsight.com\/fr\/wp-json\/wp\/v2\/pages\/10067","targetHints":{"allow":["GET"]}}],"collection":[{"href":"https:\/\/elfsight.com\/fr\/wp-json\/wp\/v2\/pages"}],"about":[{"href":"https:\/\/elfsight.com\/fr\/wp-json\/wp\/v2\/types\/page"}],"author":[{"embeddable":true,"href":"https:\/\/elfsight.com\/fr\/wp-json\/wp\/v2\/users\/9"}],"replies":[{"embeddable":true,"href":"https:\/\/elfsight.com\/fr\/wp-json\/wp\/v2\/comments?post=10067"}],"version-history":[{"count":1,"href":"https:\/\/elfsight.com\/fr\/wp-json\/wp\/v2\/pages\/10067\/revisions"}],"predecessor-version":[{"id":10071,"href":"https:\/\/elfsight.com\/fr\/wp-json\/wp\/v2\/pages\/10067\/revisions\/10071"}],"up":[{"embeddable":true,"href":"https:\/\/elfsight.com\/fr\/wp-json\/wp\/v2\/pages\/2842"}],"wp:attachment":[{"href":"https:\/\/elfsight.com\/fr\/wp-json\/wp\/v2\/media?parent=10067"}],"curies":[{"name":"wp","href":"https:\/\/api.w.org\/{rel}","templated":true}]}}