{"id":10066,"date":"1970-01-01T00:00:00","date_gmt":"1970-01-01T00:00:00","guid":{"rendered":"https:\/\/elfsight.com\/fr\/?page_id=10066"},"modified":"2025-07-10T13:13:01","modified_gmt":"2025-07-10T13:13:01","slug":"elementor","status":"publish","type":"page","link":"https:\/\/elfsight.com\/fr\/restaurant-menu-widget\/elementor\/","title":{"rendered":"Restaurant Menu &#8211; Elementor"},"content":{"rendered":"<div class=\"application-platform-content-item-description application-platform-content-item\" id=\"description\" data-nav-section=\"description\"> <h2>Int\u00e9grer le menu du restaurant sur Elementor avec le widget Elfsight<\/h2><p>Le menu du restaurant Elfsight est un outil pratique pour afficher votre assortiment de repas et des boissons directement sur votre site Web. Le widget est absolument convivial. Gr\u00e2ce \u00e0 lui, vous pouvez d\u00e9finir un grand nombre de menus avec un nombre illimit\u00e9 d&rsquo;\u00e9l\u00e9ments ou simplement afficher une liste concise des plats que vous servez. N&rsquo;h\u00e9sitez pas \u00e0 choisir un sch\u00e9ma clair, sombre ou \u00e0 modifier tout ce que vous aimez, en changeant toutes les couleurs d&rsquo;accent. Le widget permet \u00e9galement aux informations de rester toujours \u00e0 jour\u00a0: prix corrects, liste d&rsquo;articles, ajout de nouvelles boissons ou m\u00eame de menus en quelques secondes seulement\u00a0! Fini les menus statiques qu&rsquo;il faut former d\u00e8s le d\u00e9part. Commencez simplement \u00e0 cr\u00e9er votre menu app\u00e9tissant d\u00e8s maintenant\u00a0! <\/p> <p><b> En ayant le widget Menu du restaurant directement sur la page Web de votre entreprise, vous pouvez avoir plus d&rsquo;invit\u00e9s et voir les affaires actives. Commencez \u00e0 utiliser Restaurant Menu par Elfsight\u00a0!<\/b><\/p> <\/div> <div class=\"application-platform-content-item-features application-platform-content-item\" id=\"features\" data-nav-section=\"features\"> <h2>Voici quelques fonctionnalit\u00e9s de base du widget\u00a0: <\/h2> <ul><li> Un outil facile m\u00eame pour les utilisateurs non professionnels <\/li><li>Quantit\u00e9 personnalis\u00e9e de menus, sections ou \u00e9l\u00e9ments, form\u00e9s avec des dispositions d&rsquo;onglets, de liste ou de ma\u00e7onnerie<\/li><li>Menu simple \u00e0 mettre \u00e0 jour et tous ses \u00e9l\u00e9ments, comme des r\u00e9ductions, des promotions saisonni\u00e8res, etc. <\/li><li> Montrez de nombreuses informations suppl\u00e9mentaires sur les articles, y compris des ic\u00f4nes, des \u00e9l\u00e9ments nutritionnels et des badges <\/li><li>Joignez des photos app\u00e9tissantes pour les articles et montrez-les m\u00eame dans une vue contextuelle <\/li><li>Ajustez et changez la couleur de tous les \u00e9l\u00e9ments, comme le texte, la palette de couleurs et les ic\u00f4nes <\/li><\/ul><p><a href=\"#demo\">Examinez toutes les fonctionnalit\u00e9s de personnalisation de mani\u00e8re enti\u00e8rement fonctionnelle d\u00e9mo<\/a><\/p> <\/div> <div class=\"application-platform-content-item-installation application-platform-content-item\" id=\"installation\" data-nav-section=\"installation\"> <h2>Comment ajouter un menu de restaurant \u00e0 mon site Elementor\u00a0? <\/h2> <div class=\"video-container\"><iframe width=\"720\" height=\"405\" src=\"https:\/\/www.youtube.com\/embed\/dzt-nRfEjsM\" frameborder=\"0\" allowfullscreen=\"\"><\/iframe><\/div><p>Appliquez simplement les instructions ci-dessous pour int\u00e9grer le widget\u00a0: <\/p> <ol><li><b>G\u00e9rez notre d\u00e9mo gratuite et commencez \u00e0 cr\u00e9er votre menu personnalis\u00e9. <\/b><br> Pr\u00e9cisez l&rsquo;interface s\u00e9lectionn\u00e9e et les fonctionnalit\u00e9s du plugin et enregistrez les corrections. <\/li> <li><b>Acqu\u00e9rez votre code unique qui appara\u00eet dans le formulaire sp\u00e9cial sur Elfsight Apps. <\/b><br> Juste apr\u00e8s la g\u00e9n\u00e9ration de votre menu personnel, copiez le code individuel dans la fen\u00eatre contextuelle apparue et enregistrez-le pour une occasion future. <\/li> <li><b>Commencez \u00e0 utiliser l&rsquo;outil sur votre page d&rsquo;accueil Elementor. <\/b><br> Ajoutez le code enregistr\u00e9 pr\u00e9c\u00e9demment dans votre page d&rsquo;accueil et appliquez les modifications. <\/li> <li><b>L&rsquo;installation s&rsquo;est termin\u00e9e avec succ\u00e8s. <\/b><br> Visitez votre page Web pour jeter un \u0153il au travail du widget. <\/li><\/ol> <p>Si vous avez des demandes de renseignements ou rencontrez des complications, n&rsquo;h\u00e9sitez pas \u00e0 contacter notre \u00e9quipe de service client. Nos collaborateurs seront ravis de r\u00e9soudre tous les probl\u00e8mes que vous pourriez rencontrer avec le widget. <\/p> <div class=\"faq\" data-component=\"FAQ\"><div class=\"faq-item\">\r\n\t\t\t\t\t<div class=\"faq-item-question\">\r\n\t\t\t\t\t\t<h3 class=\"faq-item-question-text\">Existe-t-il un moyen d'int\u00e9grer le menu de restaurant \u00e0 ma page Web Elementor sans codage ?<\/h3>\r\n\r\n\t\t\t\t\t\t<div class=\"faq-item-question-icon\"><\/div>\r\n\t\t\t\t\t<\/div>\r\n\r\n\t\t\t\t\t<div class=\"faq-item-answer\">\r\n\t\t\t\t\t\t<div class=\"faq-item-answer-text\"> <p>Elfsight propose une solution qui permet aux propri\u00e9taires de sites de cr\u00e9er vous-m\u00eame une application de menu de restaurant, v\u00e9rifiez comme c&rsquo;est simple\u00a0: acc\u00e9dez \u00e0 l&rsquo;\u00e9diteur en direct pour cr\u00e9er un widget de menu de restaurant que vous souhaitez int\u00e9grer sur la page Web Elementor. S\u00e9lectionnez l&rsquo;un des mod\u00e8les pr\u00e9d\u00e9finis et modifiez les param\u00e8tres du menu du restaurant, transformez la disposition et la couleur des \u00e9l\u00e9ments et ajoutez votre contenu, sans aucune exp\u00e9rience de codage. Enregistrez le menu du restaurant et obtenez le code d&rsquo;installation du plugin, que vous pouvez int\u00e9grer sans effort dans n&rsquo;importe quel site Elementor dans le cadre d&rsquo;un plan gratuit. Avec l&rsquo;aide du configurateur convivial, chaque utilisateur Web peut g\u00e9n\u00e9rer une section de menu de restaurant en ligne et l&rsquo;ajouter facilement \u00e0 n&rsquo;importe quelle page d&rsquo;accueil d&rsquo;Elementor. Il n&rsquo;est pas n\u00e9cessaire de payer ou de divulguer les donn\u00e9es de votre carte pour acc\u00e9der \u00e0 notre \u00e9diteur. Si vous rencontrez des obstacles \u00e0 une \u00e9tape quelconque, n&rsquo;h\u00e9sitez pas \u00e0 contacter notre service client.<\/p> <\/div>\r\n\t\t\t\t\t<\/div>\r\n\t\t\t\t<\/div> <\/div><\/div>","protected":false},"excerpt":{"rendered":"","protected":false},"author":9,"featured_media":0,"parent":2842,"menu_order":0,"comment_status":"closed","ping_status":"closed","template":"templates\/template-application-platform.php","meta":{"publish_to_discourse":"","publish_post_category":"","wpdc_auto_publish_overridden":"","wpdc_topic_tags":"","wpdc_pin_topic":"","wpdc_pin_until":"","discourse_post_id":"","discourse_permalink":"","wpdc_publishing_response":"","wpdc_publishing_error":"","footnotes":""},"class_list":["post-10066","page","type-page","status-publish","hentry"],"yoast_head":"<!-- This site is optimized with the Yoast SEO plugin v25.3.1 - https:\/\/yoast.com\/wordpress\/plugins\/seo\/ -->\n<title>Menu de restaurant pour le site Web Elementor - rapide et gratuit<\/title>\n<meta name=\"description\" content=\"Impl\u00e9mentez un widget de menu de restaurant convivial sur votre page Web Elementor. Essayez la d\u00e9mo pratique d&#039;Elfsight et modifiez votre outil \u00e9l\u00e9gant en quelques minutes seulement\" \/>\n<meta name=\"robots\" content=\"index, follow, max-snippet:-1, max-image-preview:large, max-video-preview:-1\" \/>\n<link rel=\"canonical\" href=\"https:\/\/elfsight.com\/fr\/restaurant-menu-widget\/elementor\/\" \/>\n<meta property=\"og:locale\" content=\"fr_FR\" \/>\n<meta property=\"og:type\" content=\"article\" \/>\n<meta property=\"og:title\" content=\"Menu de restaurant pour le site Web Elementor - rapide et gratuit\" \/>\n<meta property=\"og:description\" content=\"Impl\u00e9mentez un widget de menu de restaurant convivial sur votre page Web Elementor. Essayez la d\u00e9mo pratique d&#039;Elfsight et modifiez votre outil \u00e9l\u00e9gant en quelques minutes seulement\" \/>\n<meta property=\"og:url\" content=\"https:\/\/elfsight.com\/fr\/restaurant-menu-widget\/elementor\/\" \/>\n<meta property=\"og:site_name\" content=\"Elfsight FR\" \/>\n<meta property=\"article:modified_time\" content=\"2025-07-10T13:13:01+00:00\" \/>\n<meta name=\"twitter:card\" content=\"summary_large_image\" \/>\n<meta name=\"twitter:label1\" content=\"Dur\u00e9e de lecture estim\u00e9e\" \/>\n\t<meta name=\"twitter:data1\" content=\"4 minutes\" \/>\n<!-- \/ Yoast SEO plugin. -->","yoast_head_json":{"title":"Menu de restaurant pour le site Web Elementor - rapide et gratuit","description":"Impl\u00e9mentez un widget de menu de restaurant convivial sur votre page Web Elementor. Essayez la d\u00e9mo pratique d'Elfsight et modifiez votre outil \u00e9l\u00e9gant en quelques minutes seulement","robots":{"index":"index","follow":"follow","max-snippet":"max-snippet:-1","max-image-preview":"max-image-preview:large","max-video-preview":"max-video-preview:-1"},"canonical":"https:\/\/elfsight.com\/fr\/restaurant-menu-widget\/elementor\/","og_locale":"fr_FR","og_type":"article","og_title":"Menu de restaurant pour le site Web Elementor - rapide et gratuit","og_description":"Impl\u00e9mentez un widget de menu de restaurant convivial sur votre page Web Elementor. Essayez la d\u00e9mo pratique d'Elfsight et modifiez votre outil \u00e9l\u00e9gant en quelques minutes seulement","og_url":"https:\/\/elfsight.com\/fr\/restaurant-menu-widget\/elementor\/","og_site_name":"Elfsight FR","article_modified_time":"2025-07-10T13:13:01+00:00","twitter_card":"summary_large_image","twitter_misc":{"Dur\u00e9e de lecture estim\u00e9e":"4 minutes"},"schema":{"@context":"https:\/\/schema.org","@graph":[{"@type":"WebPage","@id":"https:\/\/elfsight.com\/fr\/restaurant-menu-widget\/elementor\/","url":"https:\/\/elfsight.com\/fr\/restaurant-menu-widget\/elementor\/","name":"Menu de restaurant pour le site Web Elementor - rapide et gratuit","isPartOf":{"@id":"https:\/\/elfsight.com\/fr\/#website"},"datePublished":"1970-01-01T00:00:00+00:00","dateModified":"2025-07-10T13:13:01+00:00","description":"Impl\u00e9mentez un widget de menu de restaurant convivial sur votre page Web Elementor. Essayez la d\u00e9mo pratique d'Elfsight et modifiez votre outil \u00e9l\u00e9gant en quelques minutes seulement","breadcrumb":{"@id":"https:\/\/elfsight.com\/fr\/restaurant-menu-widget\/elementor\/#breadcrumb"},"inLanguage":"fr-FR","potentialAction":[{"@type":"ReadAction","target":["https:\/\/elfsight.com\/fr\/restaurant-menu-widget\/elementor\/"]}]},{"@type":"BreadcrumbList","@id":"https:\/\/elfsight.com\/fr\/restaurant-menu-widget\/elementor\/#breadcrumb","itemListElement":[{"@type":"ListItem","position":1,"name":"Home","item":"https:\/\/elfsight.com\/fr\/"},{"@type":"ListItem","position":2,"name":"Restaurant Menu","item":"https:\/\/elfsight.com\/fr\/restaurant-menu-widget\/"},{"@type":"ListItem","position":3,"name":"Restaurant Menu &#8211; Elementor"}]},{"@type":"WebSite","@id":"https:\/\/elfsight.com\/fr\/#website","url":"https:\/\/elfsight.com\/fr\/","name":"Elfsight FR","description":"","potentialAction":[{"@type":"SearchAction","target":{"@type":"EntryPoint","urlTemplate":"https:\/\/elfsight.com\/fr\/?s={search_term_string}"},"query-input":{"@type":"PropertyValueSpecification","valueRequired":true,"valueName":"search_term_string"}}],"inLanguage":"fr-FR"}]}},"meta_box":{"industry":"","seo_heading":"","heading":"","description":"","cta_heading":"","cta_description":"","application":"2836","h1":"Widget de menu de restaurant Elementor","h1_caption":"Pr\u00e9sentez le menu de votre restaurant dans un format visuellement attrayant, facile \u00e0 mettre \u00e0 jour et convivial sur votre site Web Elementor sans effort.","application_category":[],"applications_title":"","applications_request_title":"","applications_request_button_text":"","hero_text":"","hero_video":"","hero_video_schema_markup":"","selling_points_title":"","selling_points_caption":"","selling_points":[],"selling_points_cta_text":"","features_title":"","features":"","ed_cta_examples_text":"","ed_cta_examples_hidden":"","ed_cta_demo_text":"","ed_cta_demo_hidden":"","why_caption":"","why_editor_title":"","why_editor_text":"","why_team_title":"","why_team_text":"","why_service_title":"","why_service_text":"","template_catalog_visible":"","template_catalog_title":"","template_catalog_text":"","template_catalog_categories_visible":"","demo_title":"Cr\u00e9ez votre widget Menu de restaurant","demo_caption":"Configurez votre menu de restaurant et ajoutez-le gratuitement \u00e0 votre site Web Elementor\u00a0!","default_faq_hidden":"","app_template_category":[],"platform":"385","template_public_id":"","codecanyon_url":"","codecanyon_item_id":"","codecanyon_price":"","pricing_caption":"","pricing_elfsight_apps_hide_column":"","pricing_elfsight_apps_url":"","pricing_codecanyon_price_caption":"","integration_category":[],"integration_request_title":"","integration_request_cta":"","integration_platform":"","integrations":[],"platform_category":[],"video_schema_markup":"","price":"\u00e0 partir de 0$ \/ mois","trial":"","benefits":[{"text":"Aide \u00e0 l'installation gratuite"},{"text":"Support client exp\u00e9riment\u00e9"},{"text":"Garantie de remboursement de 14 jours"},{"text":"Mises \u00e0 jour r\u00e9guli\u00e8res"}],"button_url":"","button_target_blank":"","button_nofollow":"","attributes":[{"name":"Installations","content":"10,000 - 100,000"},{"name":"Sensible","content":"Oui"},{"name":"Navigateurs compatibles","content":"Firefox, Safari, Opera, Chrome, Edge"}],"tags":[],"tags_disable_links":"","hide_more_platforms":"","video_object":"","demo_hide_cta":"","demo_hide_cloud_options":"","pricing_title":"","pricing":[{"pricing_icon":"platform","pricing_title":"Elfsight Apps","pricing_title_caption":"Version multiplateforme qui fonctionne sur n'importe quel site Web","pricing_price":"from $0 \/ month","pricing_price_caption":"commencez avec un forfait gratuit","pricing_benefits":[{"text":"Domaines illimit\u00e9s"},{"text":"Assistance premium et ponctuelle"},{"text":"Aide \u00e0 l'installation gratuite"},{"text":"Offre \u00e0 dur\u00e9e limit\u00e9e pour plusieurs applications"}],"pricing_button_text":"Ajouter au site Web","pricing_button_url":"#demo"}],"related_apps_title":"","related_apps_hidden":"","author":"","image":[],"title":"","job":"","social_networks":[]},"_links":{"self":[{"href":"https:\/\/elfsight.com\/fr\/wp-json\/wp\/v2\/pages\/10066","targetHints":{"allow":["GET"]}}],"collection":[{"href":"https:\/\/elfsight.com\/fr\/wp-json\/wp\/v2\/pages"}],"about":[{"href":"https:\/\/elfsight.com\/fr\/wp-json\/wp\/v2\/types\/page"}],"author":[{"embeddable":true,"href":"https:\/\/elfsight.com\/fr\/wp-json\/wp\/v2\/users\/9"}],"replies":[{"embeddable":true,"href":"https:\/\/elfsight.com\/fr\/wp-json\/wp\/v2\/comments?post=10066"}],"version-history":[{"count":1,"href":"https:\/\/elfsight.com\/fr\/wp-json\/wp\/v2\/pages\/10066\/revisions"}],"predecessor-version":[{"id":10070,"href":"https:\/\/elfsight.com\/fr\/wp-json\/wp\/v2\/pages\/10066\/revisions\/10070"}],"up":[{"embeddable":true,"href":"https:\/\/elfsight.com\/fr\/wp-json\/wp\/v2\/pages\/2842"}],"wp:attachment":[{"href":"https:\/\/elfsight.com\/fr\/wp-json\/wp\/v2\/media?parent=10066"}],"curies":[{"name":"wp","href":"https:\/\/api.w.org\/{rel}","templated":true}]}}