{"id":10061,"date":"1970-01-01T00:00:00","date_gmt":"1970-01-01T00:00:00","guid":{"rendered":"https:\/\/elfsight.com\/fr\/?page_id=10061"},"modified":"2025-07-10T13:13:46","modified_gmt":"2025-07-10T13:13:46","slug":"joomla","status":"publish","type":"page","link":"https:\/\/elfsight.com\/fr\/restaurant-menu-widget\/joomla\/","title":{"rendered":"Restaurant Menu &#8211; Joomla"},"content":{"rendered":"<div class=\"application-platform-content-item-description application-platform-content-item\" id=\"description\" data-nav-section=\"description\"> <h2>Description<\/h2><p>Elfsight Restaurant Menu est un outil g\u00e9rable pour la pr\u00e9sentation de votre diversit\u00e9 de repas et de boissons directement sur votre site Web. L&rsquo;extension est absolument adapt\u00e9e \u00e0 l&rsquo;utilisateur. Gr\u00e2ce \u00e0 lui, vous pouvez s\u00e9lectionner toute une gamme de menus avec de nombreuses sections et \u00e9l\u00e9ments ou simplement dresser une br\u00e8ve liste des produits que vous servez. Choisissez un sch\u00e9ma clair, sombre ou adaptez tout ce que vous aimez, en recolorant tous les \u00e9l\u00e9ments. Fini les menus statiques que vous devez cr\u00e9er d\u00e8s le d\u00e9part. La plus grande opportunit\u00e9 du menu du restaurant est de rester toujours \u00e0 jour : vous pouvez modifier les prix, une liste d&rsquo;articles, ajouter de nouvelles boissons ou m\u00eame des menus en quelques secondes ! Commencez simplement \u00e0 cr\u00e9er votre merveilleux menu d\u00e8s maintenant\u00a0! <\/p><p><b>Ins\u00e9rez le menu du restaurant pour atteindre les sommets de votre entreprise avec moins d&rsquo;effort\u00a0! Avec l\u2019aide de l\u2019extension, vous pouvez avoir plus de clients potentiels et d\u00e9marrer un d\u00e9veloppement commercial plus rapide. Essayez d&rsquo;utiliser Restaurant Menu par Elfsight maintenant\u00a0!<\/b><\/p> <\/div> <div class=\"application-platform-content-item-features application-platform-content-item\" id=\"features\" data-nav-section=\"features\"> <h2>Trouvez les fonctionnalit\u00e9s de base de l&rsquo;extension ci-dessous\u00a0: <\/h2> <ul><li>Facile -\u00e0 g\u00e9rer m\u00eame pour les utilisateurs non-technologiques<\/li><li>Nombre personnalis\u00e9 de menus, sections ou \u00e9l\u00e9ments, organis\u00e9s avec des dispositions d&rsquo;onglets, de liste ou de ma\u00e7onnerie <\/li><li>Menu facile \u00e0 mettre \u00e0 jour et tous ses composants o\u00f9 que vous soyez souhait\u00a0: r\u00e9ductions, plats et boissons de saison, etc. <\/li><li> Montrez une description d\u00e9taill\u00e9e des articles, y compris des ic\u00f4nes, des informations nutritionnelles et des badges <\/li><li>Joignez des photos all\u00e9chantes pour les articles et montrez-les m\u00eame dans vue contextuelle <\/li><li>Modifiez et repeignez tous les \u00e9l\u00e9ments\u00a0: texte, jeu de couleurs et ic\u00f4nes <\/li><\/ul><p><a href=\"#demo\">Explorez tous les param\u00e8tres dans une d\u00e9mo compl\u00e8te <\/a><\/p> <\/div> <div class=\"application-platform-content-item-installation application-platform-content-item\" id=\"installation\" data-nav-section=\"installation\"> <h2>Comment int\u00e9grer le menu du restaurant sur mon site Joomla\u00a0? <\/h2> <div class=\"video-container\"><iframe width=\"720\" height=\"405\" src=\"https:\/\/www.youtube.com\/embed\/pLYU5eR9As8\" frameborder=\"0\" allowfullscreen=\"\"><\/iframe><\/div><p>Appliquez simplement les instructions ci-dessous pour ins\u00e9rer l&rsquo;outil\u00a0: <\/p> <ol><li><b>Lancez notre d\u00e9mo gratuite et commencez \u00e0 cr\u00e9er votre extension personnalis\u00e9e. <\/b><br> Sp\u00e9cifiez la disposition et les aspects pr\u00e9f\u00e9rables de l&rsquo;extension et appliquez toutes les modifications. <\/li> <li><b>Acqu\u00e9rez votre code individuel d\u00e9montr\u00e9 dans le formulaire sp\u00e9cial sur Elfsight Apps. <\/b><br> D\u00e8s que la configuration de votre extension est termin\u00e9e, copiez le code individuel de la case qui appara\u00eet et conservez-le pour une occasion ult\u00e9rieure. <\/li> <li><b>Commencez \u00e0 utiliser l&rsquo;extension sur le site Joomla. <\/b><br> Impl\u00e9mentez le code que vous avez copi\u00e9 r\u00e9cemment dans votre site et enregistrez les am\u00e9liorations. <\/li> <li><b>L&rsquo;installation est termin\u00e9e avec succ\u00e8s. <\/b><br> Acc\u00e9dez \u00e0 votre page Web pour examiner le fonctionnement de l&rsquo;extension. <\/li><\/ol><p>Si vous rencontrez des difficult\u00e9s, n&rsquo;h\u00e9sitez pas \u00e0 contacter notre \u00e9quipe d&rsquo;assistance. Nos consultants se feront un plaisir de r\u00e9soudre toutes les questions que vous pourriez avoir avec le produit. <\/p> <div class=\"faq\" data-component=\"FAQ\"><div class=\"faq-item\">\r\n\t\t\t\t\t<div class=\"faq-item-question\">\r\n\t\t\t\t\t\t<h3 class=\"faq-item-question-text\">Comment int\u00e9grer un menu de restaurant sur mon site Joomla sans comp\u00e9tences en codage ?<\/h3>\r\n\r\n\t\t\t\t\t\t<div class=\"faq-item-question-icon\"><\/div>\r\n\t\t\t\t\t<\/div>\r\n\r\n\t\t\t\t\t<div class=\"faq-item-answer\">\r\n\t\t\t\t\t\t<div class=\"faq-item-answer-text\"> <p>La soci\u00e9t\u00e9 Elfsight propose une solution Cloud qui vous permet de cr\u00e9er vous-m\u00eame une section de menu de restaurant, apprenez les \u00e9tapes simples \u00e9tapes\u00a0: Acc\u00e9dez \u00e0 la d\u00e9mo en ligne pour cr\u00e9er un widget de menu de restaurant que vous souhaitez int\u00e9grer sur la page Web Joomla. S\u00e9lectionnez l&rsquo;un des mod\u00e8les pr\u00e9d\u00e9finis et ajustez les param\u00e8tres du menu du restaurant, incluez votre contenu, modifiez la disposition et la couleur des \u00e9l\u00e9ments sans aucune exp\u00e9rience de codage. Cliquez pour enregistrer le menu du restaurant et copiez le code \u00e0 int\u00e9grer, qui peut \u00eatre facilement inclus dans le site Web Joomla sans acheter d&rsquo;abonnement payant. En travaillant dans notre configurateur intuitif, chaque internaute peut cr\u00e9er une section de menu de restaurant en ligne et la coller sur le site Web Joomla. Vous ne devez pas payer ni saisir les donn\u00e9es de votre carte pour acc\u00e9der au service Elfsight. Si vous rencontrez des probl\u00e8mes \u00e0 n&rsquo;importe quelle \u00e9tape, veuillez contacter notre service client.<\/p> <\/div>\r\n\t\t\t\t\t<\/div>\r\n\t\t\t\t<\/div> <\/div><\/div>","protected":false},"excerpt":{"rendered":"","protected":false},"author":9,"featured_media":0,"parent":2842,"menu_order":0,"comment_status":"closed","ping_status":"closed","template":"templates\/template-application-platform.php","meta":{"publish_to_discourse":"","publish_post_category":"","wpdc_auto_publish_overridden":"","wpdc_topic_tags":"","wpdc_pin_topic":"","wpdc_pin_until":"","discourse_post_id":"","discourse_permalink":"","wpdc_publishing_response":"","wpdc_publishing_error":"","footnotes":""},"class_list":["post-10061","page","type-page","status-publish","hentry"],"yoast_head":"<!-- This site is optimized with the Yoast SEO plugin v25.3.1 - https:\/\/yoast.com\/wordpress\/plugins\/seo\/ -->\n<title>Menu de restaurant pour le site Joomla - \u00e9l\u00e9gant et gratuit<\/title>\n<meta name=\"description\" content=\"Ajoutez un menu de restaurant facile \u00e0 g\u00e9rer sur votre site Joomla. Utilisez la d\u00e9mo pratique d&#039;Elfsight et cr\u00e9ez votre magnifique extension en quelques minutes seulement\" \/>\n<meta name=\"robots\" content=\"index, follow, max-snippet:-1, max-image-preview:large, max-video-preview:-1\" \/>\n<link rel=\"canonical\" href=\"https:\/\/elfsight.com\/fr\/restaurant-menu-widget\/joomla\/\" \/>\n<meta property=\"og:locale\" content=\"fr_FR\" \/>\n<meta property=\"og:type\" content=\"article\" \/>\n<meta property=\"og:title\" content=\"Menu de restaurant pour le site Joomla - \u00e9l\u00e9gant et gratuit\" \/>\n<meta property=\"og:description\" content=\"Ajoutez un menu de restaurant facile \u00e0 g\u00e9rer sur votre site Joomla. Utilisez la d\u00e9mo pratique d&#039;Elfsight et cr\u00e9ez votre magnifique extension en quelques minutes seulement\" \/>\n<meta property=\"og:url\" content=\"https:\/\/elfsight.com\/fr\/restaurant-menu-widget\/joomla\/\" \/>\n<meta property=\"og:site_name\" content=\"Elfsight FR\" \/>\n<meta property=\"article:modified_time\" content=\"2025-07-10T13:13:46+00:00\" \/>\n<meta name=\"twitter:card\" content=\"summary_large_image\" \/>\n<meta name=\"twitter:label1\" content=\"Dur\u00e9e de lecture estim\u00e9e\" \/>\n\t<meta name=\"twitter:data1\" content=\"3 minutes\" \/>\n<!-- \/ Yoast SEO plugin. -->","yoast_head_json":{"title":"Menu de restaurant pour le site Joomla - \u00e9l\u00e9gant et gratuit","description":"Ajoutez un menu de restaurant facile \u00e0 g\u00e9rer sur votre site Joomla. Utilisez la d\u00e9mo pratique d'Elfsight et cr\u00e9ez votre magnifique extension en quelques minutes seulement","robots":{"index":"index","follow":"follow","max-snippet":"max-snippet:-1","max-image-preview":"max-image-preview:large","max-video-preview":"max-video-preview:-1"},"canonical":"https:\/\/elfsight.com\/fr\/restaurant-menu-widget\/joomla\/","og_locale":"fr_FR","og_type":"article","og_title":"Menu de restaurant pour le site Joomla - \u00e9l\u00e9gant et gratuit","og_description":"Ajoutez un menu de restaurant facile \u00e0 g\u00e9rer sur votre site Joomla. Utilisez la d\u00e9mo pratique d'Elfsight et cr\u00e9ez votre magnifique extension en quelques minutes seulement","og_url":"https:\/\/elfsight.com\/fr\/restaurant-menu-widget\/joomla\/","og_site_name":"Elfsight FR","article_modified_time":"2025-07-10T13:13:46+00:00","twitter_card":"summary_large_image","twitter_misc":{"Dur\u00e9e de lecture estim\u00e9e":"3 minutes"},"schema":{"@context":"https:\/\/schema.org","@graph":[{"@type":"WebPage","@id":"https:\/\/elfsight.com\/fr\/restaurant-menu-widget\/joomla\/","url":"https:\/\/elfsight.com\/fr\/restaurant-menu-widget\/joomla\/","name":"Menu de restaurant pour le site Joomla - \u00e9l\u00e9gant et gratuit","isPartOf":{"@id":"https:\/\/elfsight.com\/fr\/#website"},"datePublished":"1970-01-01T00:00:00+00:00","dateModified":"2025-07-10T13:13:46+00:00","description":"Ajoutez un menu de restaurant facile \u00e0 g\u00e9rer sur votre site Joomla. Utilisez la d\u00e9mo pratique d'Elfsight et cr\u00e9ez votre magnifique extension en quelques minutes seulement","breadcrumb":{"@id":"https:\/\/elfsight.com\/fr\/restaurant-menu-widget\/joomla\/#breadcrumb"},"inLanguage":"fr-FR","potentialAction":[{"@type":"ReadAction","target":["https:\/\/elfsight.com\/fr\/restaurant-menu-widget\/joomla\/"]}]},{"@type":"BreadcrumbList","@id":"https:\/\/elfsight.com\/fr\/restaurant-menu-widget\/joomla\/#breadcrumb","itemListElement":[{"@type":"ListItem","position":1,"name":"Home","item":"https:\/\/elfsight.com\/fr\/"},{"@type":"ListItem","position":2,"name":"Restaurant Menu","item":"https:\/\/elfsight.com\/fr\/restaurant-menu-widget\/"},{"@type":"ListItem","position":3,"name":"Restaurant Menu &#8211; Joomla"}]},{"@type":"WebSite","@id":"https:\/\/elfsight.com\/fr\/#website","url":"https:\/\/elfsight.com\/fr\/","name":"Elfsight FR","description":"","potentialAction":[{"@type":"SearchAction","target":{"@type":"EntryPoint","urlTemplate":"https:\/\/elfsight.com\/fr\/?s={search_term_string}"},"query-input":{"@type":"PropertyValueSpecification","valueRequired":true,"valueName":"search_term_string"}}],"inLanguage":"fr-FR"}]}},"meta_box":{"industry":"","seo_heading":"","heading":"","description":"","cta_heading":"","cta_description":"","application":"2836","h1":"Extension du menu de restaurant Joomla","h1_caption":"Pr\u00e9sentez le menu de votre restaurant dans un format visuellement attrayant, facile \u00e0 mettre \u00e0 jour et convivial sur votre site Web Joomla sans effort.","application_category":[],"applications_title":"","applications_request_title":"","applications_request_button_text":"","hero_text":"","hero_video":"","hero_video_schema_markup":"","selling_points_title":"","selling_points_caption":"","selling_points":[],"selling_points_cta_text":"","features_title":"","features":"","ed_cta_examples_text":"","ed_cta_examples_hidden":"","ed_cta_demo_text":"","ed_cta_demo_hidden":"","why_caption":"","why_editor_title":"","why_editor_text":"","why_team_title":"","why_team_text":"","why_service_title":"","why_service_text":"","template_catalog_visible":"","template_catalog_title":"","template_catalog_text":"","template_catalog_categories_visible":"","demo_title":"Cr\u00e9ez votre plugin Menu de Restaurant","demo_caption":"Configurez votre menu de restaurant et ajoutez-le gratuitement \u00e0 votre site Joomla !","default_faq_hidden":"","app_template_category":[],"platform":"354","template_public_id":"","codecanyon_url":"","codecanyon_item_id":"","codecanyon_price":"","pricing_caption":"","pricing_elfsight_apps_hide_column":"","pricing_elfsight_apps_url":"","pricing_codecanyon_price_caption":"","integration_category":[],"integration_request_title":"","integration_request_cta":"","integration_platform":"","integrations":[],"platform_category":[],"video_schema_markup":"","price":"\u00e0 partir de 0$ \/ mois","trial":"","benefits":[{"text":"Aide \u00e0 l'installation gratuite"},{"text":"Support client exp\u00e9riment\u00e9"},{"text":"Garantie de remboursement de 14 jours"},{"text":"Am\u00e9liorations continues"}],"button_url":"","button_target_blank":"","button_nofollow":"","attributes":[{"name":"Installations","content":"10,000 - 100,000"},{"name":"Sensible","content":"Oui"},{"name":"Navigateurs compatibles","content":"Firefox, Safari, Opera, Chrome, Edge"}],"tags":[],"tags_disable_links":"","hide_more_platforms":"","video_object":"","demo_hide_cta":"","demo_hide_cloud_options":"","pricing_title":"","pricing":[{"pricing_icon":"platform","pricing_title":"Elfsight Apps","pricing_title_caption":"Solution multiplateforme qui fonctionne sur n'importe quel site Web","pricing_price":"from $0 \/ month","pricing_price_caption":"commencez avec un forfait gratuit","pricing_benefits":[{"text":"Domaines illimit\u00e9s"},{"text":"Assistance client gratuite"},{"text":"Assistance \u00e0 l'installation gratuite"},{"text":"Offre sp\u00e9ciale pour plusieurs applications"}],"pricing_button_text":"Ajouter au site Web","pricing_button_url":"#demo"}],"related_apps_title":"","related_apps_hidden":"","author":"","image":[],"title":"","job":"","social_networks":[]},"_links":{"self":[{"href":"https:\/\/elfsight.com\/fr\/wp-json\/wp\/v2\/pages\/10061","targetHints":{"allow":["GET"]}}],"collection":[{"href":"https:\/\/elfsight.com\/fr\/wp-json\/wp\/v2\/pages"}],"about":[{"href":"https:\/\/elfsight.com\/fr\/wp-json\/wp\/v2\/types\/page"}],"author":[{"embeddable":true,"href":"https:\/\/elfsight.com\/fr\/wp-json\/wp\/v2\/users\/9"}],"replies":[{"embeddable":true,"href":"https:\/\/elfsight.com\/fr\/wp-json\/wp\/v2\/comments?post=10061"}],"version-history":[{"count":1,"href":"https:\/\/elfsight.com\/fr\/wp-json\/wp\/v2\/pages\/10061\/revisions"}],"predecessor-version":[{"id":10065,"href":"https:\/\/elfsight.com\/fr\/wp-json\/wp\/v2\/pages\/10061\/revisions\/10065"}],"up":[{"embeddable":true,"href":"https:\/\/elfsight.com\/fr\/wp-json\/wp\/v2\/pages\/2842"}],"wp:attachment":[{"href":"https:\/\/elfsight.com\/fr\/wp-json\/wp\/v2\/media?parent=10061"}],"curies":[{"name":"wp","href":"https:\/\/api.w.org\/{rel}","templated":true}]}}