{"id":10060,"date":"1970-01-01T00:00:00","date_gmt":"1970-01-01T00:00:00","guid":{"rendered":"https:\/\/elfsight.com\/fr\/?page_id=10060"},"modified":"2025-07-10T13:13:56","modified_gmt":"2025-07-10T13:13:56","slug":"jquery","status":"publish","type":"page","link":"https:\/\/elfsight.com\/fr\/restaurant-menu-widget\/jquery\/","title":{"rendered":"Restaurant Menu &#8211; jQuery"},"content":{"rendered":"<div class=\"application-platform-content-item-description application-platform-content-item\" id=\"description\" data-nav-section=\"description\"> <h2>Description<\/h2><p>Le menu du restaurant Elfsight est un moyen simple de repr\u00e9senter votre diversit\u00e9, de transmettre un concept original et d&rsquo;attirer les invit\u00e9s avec des images de plats. L&rsquo;outil est absolument adapt\u00e9 \u00e0 l&rsquo;utilisateur. Gr\u00e2ce \u00e0 lui, vous pouvez d\u00e9finir une gamme infinie de menus avec une \u00e9norme quantit\u00e9 de plats ou simplement cr\u00e9er une courte liste des sp\u00e9cialit\u00e9s que vous servez. N&rsquo;h\u00e9sitez pas \u00e0 choisir un sch\u00e9ma clair ou sombre ou \u00e0 modifier les param\u00e8tres \u00e0 votre guise, en recolorant tous les \u00e9l\u00e9ments. Le plugin peut \u00e9galement \u00eatre toujours \u00e0 jour : des prix corrects, une liste d&rsquo;articles, ajouter de nouveaux plats ou m\u00eame des menus de saison en quelques secondes ! Fini les menus statiques que vous devez former au tout d\u00e9but. Commencez simplement \u00e0 cr\u00e9er votre menu fascinant d\u00e8s maintenant\u00a0! <\/p> <p><b>Avec le plugin Restaurant Menu sur votre site Web, votre entreprise peut avoir plus de clients et avoir un solide d\u00e9veloppement commercial\u00a0!<\/b><\/p> <\/div> <div class=\"application-platform-content-item-features application-platform-content-item\" id=\"features\" data-nav-section=\"features\"> <h2>Ce ne sont l\u00e0 que quelques-unes de la grande vari\u00e9t\u00e9 de fonctionnalit\u00e9s du plugin\u00a0: <\/h2> <ul><li>Facile \u00e0 g\u00e9rer m\u00eame pour les utilisateurs non-technologiques <\/li><li>Quantit\u00e9 illimit\u00e9e de menus, sections ou \u00e9l\u00e9ments , organis\u00e9s selon des mises en page \u00e9l\u00e9gantes <\/li><li>Menu facile \u00e0 modifier et tous ses param\u00e8tres \u00e0 tout moment\u00a0: remises, promotions saisonni\u00e8res, etc. <\/li><li> \u00c9crivez des informations suppl\u00e9mentaires d\u00e9taill\u00e9es sur les articles, m\u00eame des ic\u00f4nes , \u00e9l\u00e9ments nutritionnels et badges <\/li><li>T\u00e9l\u00e9chargez des photos app\u00e9tissantes pour les articles et pr\u00e9sentez-les m\u00eame en mode popup <\/li><li>Adaptez et repeignez tous les \u00e9l\u00e9ments\u00a0: texte, jeu de couleurs et ic\u00f4nes <\/li><\/ul><p><a href=\"#demo\">Essayez toutes les options de personnalisation dans la d\u00e9mo compl\u00e8te<\/a><\/p> <\/div> <div class=\"application-platform-content-item-installation application-platform-content-item\" id=\"installation\" data-nav-section=\"installation\"> <h2>Comment puis-je ajouter le menu du restaurant \u00e0 ma page Web jQuery\u00a0? <\/h2> <p>Suivez simplement les \u00e9tapes d\u00e9crites ci-dessous pour activer le plugin\u00a0: <\/p> <ol><li><b>Ouvrez notre \u00e9diteur gratuit et commencez \u00e0 cr\u00e9er votre plugin sur mesure. <\/b><br> Sp\u00e9cifiez la disposition et les sp\u00e9cifications souhait\u00e9es du menu du restaurant et enregistrez les modifications. <\/li> <li><b>Copiez votre code individuel expos\u00e9 dans le formulaire sp\u00e9cial sur Elfsight Apps. <\/b><br> D\u00e8s que la configuration de votre outil personnel est termin\u00e9e, copiez le code exclusif de la fen\u00eatre apparue et conservez-le pour une utilisation ult\u00e9rieure. <\/li> <li><b>Commencez \u00e0 utiliser le widget sur le site jQuery. <\/b><br> Ajoutez le code que vous avez enregistr\u00e9 auparavant dans votre page Web et appliquez les am\u00e9liorations. <\/li> <li><b>Fait\u00a0! L&rsquo;int\u00e9gration est r\u00e9ussie. <\/b><br> Visitez votre site Web pour jeter un \u0153il aux performances du plugin. <\/li><\/ol> <p>Si vous avez des demandes de renseignements ou rencontrez des complications, n&rsquo;h\u00e9sitez pas \u00e0 contacter notre service client. L&rsquo;\u00e9quipe Elfsight est impatiente de vous aider avec toutes les questions que vous pourriez avoir avec le plugin. <\/p> <div class=\"faq\" data-component=\"FAQ\"><div class=\"faq-item\">\r\n\t\t\t\t\t<div class=\"faq-item-question\">\r\n\t\t\t\t\t\t<h3 class=\"faq-item-question-text\">Existe-t-il une m\u00e9thode pour ajouter un menu de restaurant \u00e0 ma page d'accueil jQuery sans exp\u00e9rience en codage ?<\/h3>\r\n\r\n\t\t\t\t\t\t<div class=\"faq-item-question-icon\"><\/div>\r\n\t\t\t\t\t<\/div>\r\n\r\n\t\t\t\t\t<div class=\"faq-item-answer\">\r\n\t\t\t\t\t\t<div class=\"faq-item-answer-text\"> <p>Elfsight pr\u00e9sente une solution SaaS qui permet aux propri\u00e9taires de sites de g\u00e9n\u00e9rer vous-m\u00eame un widget de menu de restaurant, d\u00e9couvrez les instructions simples\u00a0: Acc\u00e9dez \u00e0 l&rsquo;\u00e9diteur en direct pour cr\u00e9er un widget Menu de restaurant que vous souhaitez int\u00e9grer sur votre site Web jQuery. Choisissez l&rsquo;un de nos mod\u00e8les pr\u00eats \u00e0 l&#8217;emploi et modifiez les param\u00e8tres du menu du restaurant, modifiez la mise en page et les couleurs, ajoutez votre contenu, sans connaissances en codage. Cliquez pour enregistrer le menu du restaurant et copier le code d&rsquo;installation, que vous pouvez facilement ajouter sur n&rsquo;importe quel site jQuery sans avoir besoin d&rsquo;acheter une version payante. Avec l&rsquo;aide de notre \u00e9diteur simple, tout internaute peut g\u00e9n\u00e9rer un widget de menu de restaurant en ligne et l&rsquo;int\u00e9grer simplement au site Web jQuery. Il n&rsquo;est pas n\u00e9cessaire de payer ou de soumettre les donn\u00e9es de votre carte pour acc\u00e9der au service Elfsight. Si vous rencontrez des probl\u00e8mes \u00e0 n&rsquo;importe quelle \u00e9tape, n&rsquo;h\u00e9sitez pas \u00e0 contacter notre support technique client.<\/p> <\/div>\r\n\t\t\t\t\t<\/div>\r\n\t\t\t\t<\/div> <\/div><\/div>","protected":false},"excerpt":{"rendered":"","protected":false},"author":9,"featured_media":0,"parent":2842,"menu_order":0,"comment_status":"closed","ping_status":"closed","template":"templates\/template-application-platform.php","meta":{"publish_to_discourse":"","publish_post_category":"","wpdc_auto_publish_overridden":"","wpdc_topic_tags":"","wpdc_pin_topic":"","wpdc_pin_until":"","discourse_post_id":"","discourse_permalink":"","wpdc_publishing_response":"","wpdc_publishing_error":"","footnotes":""},"class_list":["post-10060","page","type-page","status-publish","hentry"],"yoast_head":"<!-- This site is optimized with the Yoast SEO plugin v25.3.1 - https:\/\/yoast.com\/wordpress\/plugins\/seo\/ -->\n<title>Menu de restaurant pour votre site Web jQuery - rapide et gratuit<\/title>\n<meta name=\"description\" content=\"Int\u00e9grez un plugin Restaurant Menu adapt\u00e9 aux mobiles sur votre page jQuery. Essayez la d\u00e9mo pratique d&#039;Elfsight et modifiez votre magnifique plugin en quelques clics\" \/>\n<meta name=\"robots\" content=\"index, follow, max-snippet:-1, max-image-preview:large, max-video-preview:-1\" \/>\n<link rel=\"canonical\" href=\"https:\/\/elfsight.com\/fr\/restaurant-menu-widget\/jquery\/\" \/>\n<meta property=\"og:locale\" content=\"fr_FR\" \/>\n<meta property=\"og:type\" content=\"article\" \/>\n<meta property=\"og:title\" content=\"Menu de restaurant pour votre site Web jQuery - rapide et gratuit\" \/>\n<meta property=\"og:description\" content=\"Int\u00e9grez un plugin Restaurant Menu adapt\u00e9 aux mobiles sur votre page jQuery. Essayez la d\u00e9mo pratique d&#039;Elfsight et modifiez votre magnifique plugin en quelques clics\" \/>\n<meta property=\"og:url\" content=\"https:\/\/elfsight.com\/fr\/restaurant-menu-widget\/jquery\/\" \/>\n<meta property=\"og:site_name\" content=\"Elfsight FR\" \/>\n<meta property=\"article:modified_time\" content=\"2025-07-10T13:13:56+00:00\" \/>\n<meta name=\"twitter:card\" content=\"summary_large_image\" \/>\n<meta name=\"twitter:label1\" content=\"Dur\u00e9e de lecture estim\u00e9e\" \/>\n\t<meta name=\"twitter:data1\" content=\"3 minutes\" \/>\n<!-- \/ Yoast SEO plugin. -->","yoast_head_json":{"title":"Menu de restaurant pour votre site Web jQuery - rapide et gratuit","description":"Int\u00e9grez un plugin Restaurant Menu adapt\u00e9 aux mobiles sur votre page jQuery. Essayez la d\u00e9mo pratique d'Elfsight et modifiez votre magnifique plugin en quelques clics","robots":{"index":"index","follow":"follow","max-snippet":"max-snippet:-1","max-image-preview":"max-image-preview:large","max-video-preview":"max-video-preview:-1"},"canonical":"https:\/\/elfsight.com\/fr\/restaurant-menu-widget\/jquery\/","og_locale":"fr_FR","og_type":"article","og_title":"Menu de restaurant pour votre site Web jQuery - rapide et gratuit","og_description":"Int\u00e9grez un plugin Restaurant Menu adapt\u00e9 aux mobiles sur votre page jQuery. Essayez la d\u00e9mo pratique d'Elfsight et modifiez votre magnifique plugin en quelques clics","og_url":"https:\/\/elfsight.com\/fr\/restaurant-menu-widget\/jquery\/","og_site_name":"Elfsight FR","article_modified_time":"2025-07-10T13:13:56+00:00","twitter_card":"summary_large_image","twitter_misc":{"Dur\u00e9e de lecture estim\u00e9e":"3 minutes"},"schema":{"@context":"https:\/\/schema.org","@graph":[{"@type":"WebPage","@id":"https:\/\/elfsight.com\/fr\/restaurant-menu-widget\/jquery\/","url":"https:\/\/elfsight.com\/fr\/restaurant-menu-widget\/jquery\/","name":"Menu de restaurant pour votre site Web jQuery - rapide et gratuit","isPartOf":{"@id":"https:\/\/elfsight.com\/fr\/#website"},"datePublished":"1970-01-01T00:00:00+00:00","dateModified":"2025-07-10T13:13:56+00:00","description":"Int\u00e9grez un plugin Restaurant Menu adapt\u00e9 aux mobiles sur votre page jQuery. Essayez la d\u00e9mo pratique d'Elfsight et modifiez votre magnifique plugin en quelques clics","breadcrumb":{"@id":"https:\/\/elfsight.com\/fr\/restaurant-menu-widget\/jquery\/#breadcrumb"},"inLanguage":"fr-FR","potentialAction":[{"@type":"ReadAction","target":["https:\/\/elfsight.com\/fr\/restaurant-menu-widget\/jquery\/"]}]},{"@type":"BreadcrumbList","@id":"https:\/\/elfsight.com\/fr\/restaurant-menu-widget\/jquery\/#breadcrumb","itemListElement":[{"@type":"ListItem","position":1,"name":"Home","item":"https:\/\/elfsight.com\/fr\/"},{"@type":"ListItem","position":2,"name":"Restaurant Menu","item":"https:\/\/elfsight.com\/fr\/restaurant-menu-widget\/"},{"@type":"ListItem","position":3,"name":"Restaurant Menu &#8211; jQuery"}]},{"@type":"WebSite","@id":"https:\/\/elfsight.com\/fr\/#website","url":"https:\/\/elfsight.com\/fr\/","name":"Elfsight FR","description":"","potentialAction":[{"@type":"SearchAction","target":{"@type":"EntryPoint","urlTemplate":"https:\/\/elfsight.com\/fr\/?s={search_term_string}"},"query-input":{"@type":"PropertyValueSpecification","valueRequired":true,"valueName":"search_term_string"}}],"inLanguage":"fr-FR"}]}},"meta_box":{"industry":"","seo_heading":"","heading":"","description":"","cta_heading":"","cta_description":"","application":"2836","h1":"Plugin de menu de restaurant jQuery","h1_caption":"Pr\u00e9sentez le menu de votre restaurant dans un format visuellement attrayant, facile \u00e0 mettre \u00e0 jour et convivial sur votre site Web jQuery sans effort.","application_category":[],"applications_title":"","applications_request_title":"","applications_request_button_text":"","hero_text":"","hero_video":"","hero_video_schema_markup":"","selling_points_title":"","selling_points_caption":"","selling_points":[],"selling_points_cta_text":"","features_title":"","features":"","ed_cta_examples_text":"","ed_cta_examples_hidden":"","ed_cta_demo_text":"","ed_cta_demo_hidden":"","why_caption":"","why_editor_title":"","why_editor_text":"","why_team_title":"","why_team_text":"","why_service_title":"","why_service_text":"","template_catalog_visible":"","template_catalog_title":"","template_catalog_text":"","template_catalog_categories_visible":"","demo_title":"Cr\u00e9ez votre plugin Menu de Restaurant","demo_caption":"Configurez votre menu de restaurant et ajoutez-le gratuitement \u00e0 votre site Web jQuery\u00a0!","default_faq_hidden":"","app_template_category":[],"platform":"355","template_public_id":"","codecanyon_url":"","codecanyon_item_id":"","codecanyon_price":"","pricing_caption":"","pricing_elfsight_apps_hide_column":"","pricing_elfsight_apps_url":"","pricing_codecanyon_price_caption":"","integration_category":[],"integration_request_title":"","integration_request_cta":"","integration_platform":"","integrations":[],"platform_category":[],"video_schema_markup":"","price":"\u00e0 partir de 0$ \/ mois","trial":"","benefits":[{"text":"Aide \u00e0 l'installation gratuite"},{"text":"Service client efficace"},{"text":"Garantie de remboursement de 14 jours"},{"text":"Mises \u00e0 jour r\u00e9guli\u00e8res"}],"button_url":"","button_target_blank":"","button_nofollow":"","attributes":[{"name":"Installations","content":"10,000 - 100,000"},{"name":"Sensible","content":"Oui"},{"name":"Navigateurs compatibles","content":"Firefox, Safari, Opera, Chrome, Edge"}],"tags":[],"tags_disable_links":"","hide_more_platforms":"","video_object":"","demo_hide_cta":"","demo_hide_cloud_options":"","pricing_title":"","pricing":[{"pricing_icon":"platform","pricing_title":"Elfsight Apps","pricing_title_caption":"Solution ind\u00e9pendante de la plateforme qui fonctionne sur n'importe quel site","pricing_price":"from $0 \/ month","pricing_price_caption":"commencez avec un forfait gratuit","pricing_benefits":[{"text":"Domaines illimit\u00e9s"},{"text":"Assistance 24h\/24 et 7j\/7, ponctuelle et bien document\u00e9e"},{"text":"Assistance \u00e0 l'installation gratuite"},{"text":"Conception flexible"}],"pricing_button_text":"Ajouter au site Web","pricing_button_url":"#demo"}],"related_apps_title":"","related_apps_hidden":"","author":"","image":[],"title":"","job":"","social_networks":[]},"_links":{"self":[{"href":"https:\/\/elfsight.com\/fr\/wp-json\/wp\/v2\/pages\/10060","targetHints":{"allow":["GET"]}}],"collection":[{"href":"https:\/\/elfsight.com\/fr\/wp-json\/wp\/v2\/pages"}],"about":[{"href":"https:\/\/elfsight.com\/fr\/wp-json\/wp\/v2\/types\/page"}],"author":[{"embeddable":true,"href":"https:\/\/elfsight.com\/fr\/wp-json\/wp\/v2\/users\/9"}],"replies":[{"embeddable":true,"href":"https:\/\/elfsight.com\/fr\/wp-json\/wp\/v2\/comments?post=10060"}],"version-history":[{"count":1,"href":"https:\/\/elfsight.com\/fr\/wp-json\/wp\/v2\/pages\/10060\/revisions"}],"predecessor-version":[{"id":10064,"href":"https:\/\/elfsight.com\/fr\/wp-json\/wp\/v2\/pages\/10060\/revisions\/10064"}],"up":[{"embeddable":true,"href":"https:\/\/elfsight.com\/fr\/wp-json\/wp\/v2\/pages\/2842"}],"wp:attachment":[{"href":"https:\/\/elfsight.com\/fr\/wp-json\/wp\/v2\/media?parent=10060"}],"curies":[{"name":"wp","href":"https:\/\/api.w.org\/{rel}","templated":true}]}}