{"id":10058,"date":"1970-01-01T00:00:00","date_gmt":"1970-01-01T00:00:00","guid":{"rendered":"https:\/\/elfsight.com\/fr\/?page_id=10058"},"modified":"2025-07-10T13:13:35","modified_gmt":"2025-07-10T13:13:35","slug":"iframe","status":"publish","type":"page","link":"https:\/\/elfsight.com\/fr\/restaurant-menu-widget\/iframe\/","title":{"rendered":"Restaurant Menu &#8211; iFrame"},"content":{"rendered":"<div class=\"application-platform-content-item-description application-platform-content-item\" id=\"description\" data-nav-section=\"description\"> <h2>Int\u00e9grer le menu du restaurant sur iFrame avec le widget Elfsight<\/h2><p>Le menu du restaurant est un moyen simple de familiariser vos clients potentiels avec votre cuisine, soulignez un concept exceptionnel et captez leur attention avec des images culinaires magn\u00e9tiques. Le widget est tr\u00e8s convivial. Vous pouvez cr\u00e9er un nombre illimit\u00e9 de pages de menu avec un grand nombre d&rsquo;\u00e9l\u00e9ments ou simplement dresser une liste concise des sp\u00e9cialit\u00e9s que vous servez. D\u00e9finissez un sch\u00e9ma clair ou sombre ou ajustez les \u00e9l\u00e9ments que vous aimez, en repeignant toutes les couleurs d&rsquo;accent. Fini les fichiers PDF que vous devez cr\u00e9er d\u00e8s le d\u00e9part. Corrigez les informations dans votre menu \u00e0 tout moment\u00a0: prix, articles, ajoutez de nouveaux plats ou m\u00eame des menus en quelques secondes seulement\u00a0! Cr\u00e9ez votre meilleur menu maintenant\u00a0! <\/p><p><b>Lancez le menu du restaurant pour atteindre plus facilement vos objectifs commerciaux. En ayant le menu sur votre site Web, votre restaurant peut inviter plus de visiteurs et r\u00e9aliser un fort d\u00e9veloppement commercial ! <\/b><\/p><\/div> <div class=\"application-platform-content-item-features application-platform-content-item\" id=\"features\" data-nav-section=\"features\"> <h2>Voici seulement quelques-unes des fonctionnalit\u00e9s de widget les plus \u00e9tonnantes\u00a0: <\/h2> <ul><li>Facile \u00e0 g\u00e9rer, m\u00eame pour utilisateurs non-technologiques <\/li><li>Quantit\u00e9 illimit\u00e9e de menus, sections ou \u00e9l\u00e9ments, class\u00e9s avec des dispositions d&rsquo;onglets, de liste ou de ma\u00e7onnerie <\/li><li>Menu facile \u00e0 mettre \u00e0 jour et tous ses composants \u00e0 tout moment\u00a0: r\u00e9ductions , promotions saisonni\u00e8res, etc. <\/li><li> \u00c9crivez les caract\u00e9ristiques d\u00e9taill\u00e9es des articles, m\u00eame des ic\u00f4nes, des informations nutritionnelles et des badges <\/li><li> T\u00e9l\u00e9chargez de d\u00e9licieuses photos pour les articles et pr\u00e9sentez-les m\u00eame en mode popup <\/li><li>Personnalisez et repeignez tous les \u00e9l\u00e9ments\u00a0: texte, jeu de couleurs et ic\u00f4nes <\/li><\/ul><p><a href=\"#demo\">Consultez simplement cette d\u00e9mo pour voir ce que vaut le widget<\/a><\/p> <\/div> <div class=\"application-platform-content-item-installation application-platform-content-item\" id=\"installation\" data-nav-section=\"installation\"> <h2>Comment puis-je int\u00e9grer le menu du restaurant sur mon site iFrame\u00a0? <\/h2> <p>Suivez simplement les \u00e9tapes d\u00e9crites ci-dessous pour ins\u00e9rer le widget\u00a0: <\/p> <ol><li><b>Ex\u00e9cutez notre configurateur gratuit et commencez \u00e0 cr\u00e9er votre widget personnalis\u00e9. <\/b><br> D\u00e9terminez l&rsquo;interface et les options pr\u00e9f\u00e9rables de l&rsquo;outil et enregistrez les corrections. <\/li> <li><b>Copiez le code individuel expos\u00e9 dans la fen\u00eatre sur les applications Elfsight. <\/b><br> Juste une fois la configuration de votre outil termin\u00e9e, copiez le code exclusif dans la case qui appara\u00eet et conservez-le pour une occasion ult\u00e9rieure. <\/li> <li><b>Commencez \u00e0 utiliser le widget sur votre site Web iFrame. <\/b><br> Placez le code que vous avez enregistr\u00e9 r\u00e9cemment dans votre page d&rsquo;accueil et enregistrez les modifications. <\/li> <li><b>Vous avez termin\u00e9\u00a0! L&rsquo;int\u00e9gration est effectu\u00e9e avec succ\u00e8s. <\/b><br> Visitez votre page pour observer comment fonctionne le plugin. <\/li><\/ol> <p>Si vous avez des questions ou rencontrez des difficult\u00e9s, veuillez contacter notre service client. Nos consultants seront ravis de r\u00e9soudre tous les probl\u00e8mes que vous pourriez rencontrer avec le widget. <\/p> <div class=\"faq\" data-component=\"FAQ\"><div class=\"faq-item\">\r\n\t\t\t\t\t<div class=\"faq-item-question\">\r\n\t\t\t\t\t\t<h3 class=\"faq-item-question-text\">Existe-t-il une m\u00e9thode pour int\u00e9grer le menu du restaurant \u00e0 ma page d'accueil iFrame sans aucune connaissance en codage ?<\/h3>\r\n\r\n\t\t\t\t\t\t<div class=\"faq-item-question-icon\"><\/div>\r\n\t\t\t\t\t<\/div>\r\n\r\n\t\t\t\t\t<div class=\"faq-item-answer\">\r\n\t\t\t\t\t\t<div class=\"faq-item-answer-text\"> <p>La soci\u00e9t\u00e9 Elfsight propose une solution Cloud qui vous permet d&rsquo;\u00e9tablir vous-m\u00eame un plugin de menu du restaurant, d\u00e9couvrez \u00e0 quel point le processus est simple\u00a0: acc\u00e9dez \u00e0 la d\u00e9mo en ligne pour cr\u00e9er un widget de menu de restaurant que vous souhaitez int\u00e9grer sur votre page Web iFrame. Choisissez l&rsquo;un des nombreux mod\u00e8les pr\u00e9d\u00e9finis et modifiez les param\u00e8tres du menu du restaurant, modifiez la mise en page et les couleurs et mettez \u00e0 jour votre contenu, sans aucun codage. Cliquez pour enregistrer les param\u00e8tres que vous avez d\u00e9finis dans le menu du restaurant et obtenir le code d&rsquo;int\u00e9gration, qui peut \u00eatre coll\u00e9 sans effort et gratuitement dans votre site iFrame. Gr\u00e2ce \u00e0 notre \u00e9diteur intuitif, chaque utilisateur Web peut g\u00e9n\u00e9rer une application de menu de restaurant et l&rsquo;int\u00e9grer simplement \u00e0 son site Web iFrame. Il n&rsquo;est pas n\u00e9cessaire de payer ou de divulguer les donn\u00e9es de votre carte pour acc\u00e9der \u00e0 notre \u00e9diteur. Si vous rencontrez des probl\u00e8mes de quelque nature que ce soit, n&rsquo;h\u00e9sitez pas \u00e0 contacter notre \u00e9quipe d&rsquo;assistance technique.<\/p> <\/div>\r\n\t\t\t\t\t<\/div>\r\n\t\t\t\t<\/div> <\/div><\/div>","protected":false},"excerpt":{"rendered":"","protected":false},"author":9,"featured_media":0,"parent":2842,"menu_order":0,"comment_status":"closed","ping_status":"closed","template":"templates\/template-application-platform.php","meta":{"publish_to_discourse":"","publish_post_category":"","wpdc_auto_publish_overridden":"","wpdc_topic_tags":"","wpdc_pin_topic":"","wpdc_pin_until":"","discourse_post_id":"","discourse_permalink":"","wpdc_publishing_response":"","wpdc_publishing_error":"","footnotes":""},"class_list":["post-10058","page","type-page","status-publish","hentry"],"yoast_head":"<!-- This site is optimized with the Yoast SEO plugin v25.3.1 - https:\/\/yoast.com\/wordpress\/plugins\/seo\/ -->\n<title>Menu de restaurant pour les sites Web iFrame - \u00e9l\u00e9gant et gratuit<\/title>\n<meta name=\"description\" content=\"Ins\u00e9rez un menu de restaurant convivial sur votre page Web iFrame. Utilisez la d\u00e9mo pratique d&#039;Elfsight et modifiez votre widget unique en quelques clics\" \/>\n<meta name=\"robots\" content=\"index, follow, max-snippet:-1, max-image-preview:large, max-video-preview:-1\" \/>\n<link rel=\"canonical\" href=\"https:\/\/elfsight.com\/fr\/restaurant-menu-widget\/iframe\/\" \/>\n<meta property=\"og:locale\" content=\"fr_FR\" \/>\n<meta property=\"og:type\" content=\"article\" \/>\n<meta property=\"og:title\" content=\"Menu de restaurant pour les sites Web iFrame - \u00e9l\u00e9gant et gratuit\" \/>\n<meta property=\"og:description\" content=\"Ins\u00e9rez un menu de restaurant convivial sur votre page Web iFrame. Utilisez la d\u00e9mo pratique d&#039;Elfsight et modifiez votre widget unique en quelques clics\" \/>\n<meta property=\"og:url\" content=\"https:\/\/elfsight.com\/fr\/restaurant-menu-widget\/iframe\/\" \/>\n<meta property=\"og:site_name\" content=\"Elfsight FR\" \/>\n<meta property=\"article:modified_time\" content=\"2025-07-10T13:13:35+00:00\" \/>\n<meta name=\"twitter:card\" content=\"summary_large_image\" \/>\n<meta name=\"twitter:label1\" content=\"Dur\u00e9e de lecture estim\u00e9e\" \/>\n\t<meta name=\"twitter:data1\" content=\"4 minutes\" \/>\n<!-- \/ Yoast SEO plugin. -->","yoast_head_json":{"title":"Menu de restaurant pour les sites Web iFrame - \u00e9l\u00e9gant et gratuit","description":"Ins\u00e9rez un menu de restaurant convivial sur votre page Web iFrame. Utilisez la d\u00e9mo pratique d'Elfsight et modifiez votre widget unique en quelques clics","robots":{"index":"index","follow":"follow","max-snippet":"max-snippet:-1","max-image-preview":"max-image-preview:large","max-video-preview":"max-video-preview:-1"},"canonical":"https:\/\/elfsight.com\/fr\/restaurant-menu-widget\/iframe\/","og_locale":"fr_FR","og_type":"article","og_title":"Menu de restaurant pour les sites Web iFrame - \u00e9l\u00e9gant et gratuit","og_description":"Ins\u00e9rez un menu de restaurant convivial sur votre page Web iFrame. Utilisez la d\u00e9mo pratique d'Elfsight et modifiez votre widget unique en quelques clics","og_url":"https:\/\/elfsight.com\/fr\/restaurant-menu-widget\/iframe\/","og_site_name":"Elfsight FR","article_modified_time":"2025-07-10T13:13:35+00:00","twitter_card":"summary_large_image","twitter_misc":{"Dur\u00e9e de lecture estim\u00e9e":"4 minutes"},"schema":{"@context":"https:\/\/schema.org","@graph":[{"@type":"WebPage","@id":"https:\/\/elfsight.com\/fr\/restaurant-menu-widget\/iframe\/","url":"https:\/\/elfsight.com\/fr\/restaurant-menu-widget\/iframe\/","name":"Menu de restaurant pour les sites Web iFrame - \u00e9l\u00e9gant et gratuit","isPartOf":{"@id":"https:\/\/elfsight.com\/fr\/#website"},"datePublished":"1970-01-01T00:00:00+00:00","dateModified":"2025-07-10T13:13:35+00:00","description":"Ins\u00e9rez un menu de restaurant convivial sur votre page Web iFrame. Utilisez la d\u00e9mo pratique d'Elfsight et modifiez votre widget unique en quelques clics","breadcrumb":{"@id":"https:\/\/elfsight.com\/fr\/restaurant-menu-widget\/iframe\/#breadcrumb"},"inLanguage":"fr-FR","potentialAction":[{"@type":"ReadAction","target":["https:\/\/elfsight.com\/fr\/restaurant-menu-widget\/iframe\/"]}]},{"@type":"BreadcrumbList","@id":"https:\/\/elfsight.com\/fr\/restaurant-menu-widget\/iframe\/#breadcrumb","itemListElement":[{"@type":"ListItem","position":1,"name":"Home","item":"https:\/\/elfsight.com\/fr\/"},{"@type":"ListItem","position":2,"name":"Restaurant Menu","item":"https:\/\/elfsight.com\/fr\/restaurant-menu-widget\/"},{"@type":"ListItem","position":3,"name":"Restaurant Menu &#8211; iFrame"}]},{"@type":"WebSite","@id":"https:\/\/elfsight.com\/fr\/#website","url":"https:\/\/elfsight.com\/fr\/","name":"Elfsight FR","description":"","potentialAction":[{"@type":"SearchAction","target":{"@type":"EntryPoint","urlTemplate":"https:\/\/elfsight.com\/fr\/?s={search_term_string}"},"query-input":{"@type":"PropertyValueSpecification","valueRequired":true,"valueName":"search_term_string"}}],"inLanguage":"fr-FR"}]}},"meta_box":{"industry":"","seo_heading":"","heading":"","description":"","cta_heading":"","cta_description":"","application":"2836","h1":"Widget de menu de restaurant iFrame","h1_caption":"Pr\u00e9sentez le menu de votre restaurant dans un format visuellement attrayant, facile \u00e0 mettre \u00e0 jour et convivial sur votre site Web iFrame, sans effort.","application_category":[],"applications_title":"","applications_request_title":"","applications_request_button_text":"","hero_text":"","hero_video":"","hero_video_schema_markup":"","selling_points_title":"","selling_points_caption":"","selling_points":[],"selling_points_cta_text":"","features_title":"","features":"","ed_cta_examples_text":"","ed_cta_examples_hidden":"","ed_cta_demo_text":"","ed_cta_demo_hidden":"","why_caption":"","why_editor_title":"","why_editor_text":"","why_team_title":"","why_team_text":"","why_service_title":"","why_service_text":"","template_catalog_visible":"","template_catalog_title":"","template_catalog_text":"","template_catalog_categories_visible":"","demo_title":"Cr\u00e9ez votre widget Menu de restaurant","demo_caption":"Configurez votre menu de restaurant et ajoutez-le gratuitement \u00e0 votre site Web iFrame\u00a0!","default_faq_hidden":"","app_template_category":[],"platform":"371","template_public_id":"","codecanyon_url":"","codecanyon_item_id":"","codecanyon_price":"","pricing_caption":"","pricing_elfsight_apps_hide_column":"","pricing_elfsight_apps_url":"","pricing_codecanyon_price_caption":"","integration_category":[],"integration_request_title":"","integration_request_cta":"","integration_platform":"","integrations":[],"platform_category":[],"video_schema_markup":"","price":"\u00e0 partir de 0$ \/ mois","trial":"","benefits":[{"text":"Aide \u00e0 l'installation gratuite"},{"text":"Un soutien exceptionnel"},{"text":"Garantie de remboursement de 14 jours"},{"text":"Mises \u00e0 jour \u00e0 vie"}],"button_url":"","button_target_blank":"","button_nofollow":"","attributes":[{"name":"Installations","content":"10,000 - 100,000"},{"name":"Sensible","content":"Oui"},{"name":"Navigateurs compatibles","content":"Firefox, Chrome, Safari, Edge, Opera"}],"tags":[],"tags_disable_links":"","hide_more_platforms":"","video_object":"","demo_hide_cta":"","demo_hide_cloud_options":"","pricing_title":"","pricing":[{"pricing_icon":"platform","pricing_title":"Elfsight Apps","pricing_title_caption":"Logiciel ind\u00e9pendant de la plate-forme qui fonctionne sur n'importe quel site Web","pricing_price":"from $0 \/ month","pricing_price_caption":"commencez avec un forfait gratuit","pricing_benefits":[{"text":"Nombre illimit\u00e9 de sites Web"},{"text":"Assistance professionnelle et ponctuelle"},{"text":"Service d'installation gratuit"},{"text":"Prix \u200b\u200bsp\u00e9cial pour plusieurs applications"}],"pricing_button_text":"Ajouter au site Web","pricing_button_url":"#demo"}],"related_apps_title":"","related_apps_hidden":"","author":"","image":[],"title":"","job":"","social_networks":[]},"_links":{"self":[{"href":"https:\/\/elfsight.com\/fr\/wp-json\/wp\/v2\/pages\/10058","targetHints":{"allow":["GET"]}}],"collection":[{"href":"https:\/\/elfsight.com\/fr\/wp-json\/wp\/v2\/pages"}],"about":[{"href":"https:\/\/elfsight.com\/fr\/wp-json\/wp\/v2\/types\/page"}],"author":[{"embeddable":true,"href":"https:\/\/elfsight.com\/fr\/wp-json\/wp\/v2\/users\/9"}],"replies":[{"embeddable":true,"href":"https:\/\/elfsight.com\/fr\/wp-json\/wp\/v2\/comments?post=10058"}],"version-history":[{"count":1,"href":"https:\/\/elfsight.com\/fr\/wp-json\/wp\/v2\/pages\/10058\/revisions"}],"predecessor-version":[{"id":10062,"href":"https:\/\/elfsight.com\/fr\/wp-json\/wp\/v2\/pages\/10058\/revisions\/10062"}],"up":[{"embeddable":true,"href":"https:\/\/elfsight.com\/fr\/wp-json\/wp\/v2\/pages\/2842"}],"wp:attachment":[{"href":"https:\/\/elfsight.com\/fr\/wp-json\/wp\/v2\/media?parent=10058"}],"curies":[{"name":"wp","href":"https:\/\/api.w.org\/{rel}","templated":true}]}}