{"id":10053,"date":"1970-01-01T00:00:00","date_gmt":"1970-01-01T00:00:00","guid":{"rendered":"https:\/\/elfsight.com\/fr\/?page_id=10053"},"modified":"2025-01-10T12:52:24","modified_gmt":"2025-01-10T12:52:24","slug":"magento","status":"publish","type":"page","link":"https:\/\/elfsight.com\/fr\/restaurant-menu-widget\/magento\/","title":{"rendered":"Restaurant Menu &#8211; Magento"},"content":{"rendered":"\n<div class=\"application-platform-content-item-description application-platform-content-item\" id=\"description\" data-nav-section=\"description\"> <h2>Description<\/h2><p>Le menu du restaurant est un moyen pratique de repr\u00e9senter votre cuisine, de transmettre une id\u00e9e originale et de capter l&rsquo;attention des utilisateurs. avec des images de plats attrayantes. L&rsquo;instrument est tr\u00e8s maniable. Gr\u00e2ce \u00e0 lui, vous pouvez cr\u00e9er une grande quantit\u00e9 de menus avec de nombreuses sections ou simplement pr\u00e9senter une br\u00e8ve liste des repas que vous servez. Choisissez un sch\u00e9ma clair ou sombre ou personnalisez les \u00e9l\u00e9ments de votre choix en les recolorant tous. De plus, votre menu peut \u00eatre toujours pertinent : corriger les prix, mettre \u00e0 jour la liste des produits, ajouter de nouveaux plats ou m\u00eame des menus en un clic ! Commencez simplement \u00e0 cr\u00e9er votre menu app\u00e9tissant d\u00e8s maintenant. <\/p> <p><b>Ajoutez un menu de restaurant pour atteindre vos pics de profits avec moins d&rsquo;effort\u00a0! Gr\u00e2ce au menu de votre page Web, vous pouvez attirer plus de clients et acc\u00e9l\u00e9rer la croissance de votre entreprise\u00a0! <\/b><\/p> <\/div> <div class=\"application-platform-content-item-features application-platform-content-item\" id=\"features\" data-nav-section=\"features\"> <h2>Voici les fonctionnalit\u00e9s de base de l&rsquo;extension\u00a0: <\/h2> <ul><li>Convivial m\u00eame pour les utilisateurs non professionnels <\/li><li>Nombre illimit\u00e9 de menus, sections ou \u00e9l\u00e9ments, organis\u00e9s avec des mises en page de style <\/li><li>Menu facile \u00e0 mettre \u00e0 jour et tous ses composants \u00e0 tout moment\u00a0: prix, promotions saisonni\u00e8res, etc. <\/li> <li> Montrez des informations suppl\u00e9mentaires d\u00e9taill\u00e9es sur les articles, par exemple des ic\u00f4nes, des \u00e9l\u00e9ments nutritionnels et des badges <\/li><li>T\u00e9l\u00e9chargez de superbes images pour les articles et affichez-les m\u00eame en mode contextuel <\/li><li>Personnalisez et changez la couleur de tous les \u00e9l\u00e9ments\u00a0: texte, jeu de couleurs et ic\u00f4nes <\/li><\/ul><p><a href=\"#demo\">Essayez toutes les options de personnalisation dans une d\u00e9mo 100\u00a0% fonctionnelle<\/a><\/p> <\/div> <div class=\"application-platform-content-item-installation application-platform-content-item\" id=\"installation\" data-nav-section=\"installation\"> <h2>Comment ajouter un menu de restaurant sur mon site Web Magento\u00a0? <\/h2> <p>Suivez simplement les instructions ci-dessous pour int\u00e9grer l&rsquo;outil\u00a0: <\/p> <ol><li><b>Utilisez notre d\u00e9mo gratuite et commencez \u00e0 fa\u00e7onner votre extension unique. <\/b><br> D\u00e9terminez la conception et les options appropri\u00e9es de l&rsquo;extension et enregistrez toutes les modifications. <\/li> <li><b>Copiez votre code individuel apparaissant dans la case sur les applications Elfsight. <\/b><br> Juste une fois la configuration de votre extension personnelle termin\u00e9e, copiez le code individuel de la fen\u00eatre qui appara\u00eet et enregistrez-le pour une utilisation ult\u00e9rieure. <\/li> <li><b>Commencez l&rsquo;application de l&rsquo;extension sur votre site Web Magento. <\/b><br> Int\u00e9grez le code enregistr\u00e9 pr\u00e9c\u00e9demment dans votre site internet et enregistrez les corrections. <\/li> <li><b>Fait\u00a0! L&rsquo;int\u00e9gration est enti\u00e8rement r\u00e9alis\u00e9e. <\/b><br> Acc\u00e9dez \u00e0 votre page Web pour voir en action le travail de l&rsquo;extension. <\/li><\/ol><p>Si vous rencontrez des difficult\u00e9s, n&rsquo;h\u00e9sitez pas \u00e0 contacter notre service client. Nos sp\u00e9cialistes seront ravis de r\u00e9soudre tous les probl\u00e8mes que vous pourriez rencontrer avec votre extension. <\/p> <div class=\"faq\" data-component=\"FAQ\"><div class=\"faq-item\">\r\n\t\t\t\t\t<div class=\"faq-item-question\">\r\n\t\t\t\t\t\t<h3 class=\"faq-item-question-text\">Comment int\u00e9grer le menu de restaurant sur mon site Magento sans comp\u00e9tences en codage ?<\/h3>\r\n\r\n\t\t\t\t\t\t<div class=\"faq-item-question-icon\"><\/div>\r\n\t\t\t\t\t<\/div>\r\n\r\n\t\t\t\t\t<div class=\"faq-item-answer\">\r\n\t\t\t\t\t\t<div class=\"faq-item-answer-text\"> <p>La soci\u00e9t\u00e9 Elfsight propose une solution Cloud qui permet aux propri\u00e9taires de sites de cr\u00e9er vous-m\u00eame un widget de menu de restaurant, d\u00e9couvrez comment Le processus est simple\u00a0: commencez \u00e0 travailler directement dans la d\u00e9mo en ligne pour cr\u00e9er une section de menu de restaurant que vous souhaiteriez voir appara\u00eetre sur le site Web de Magento. S\u00e9lectionnez l&rsquo;un des nombreux mod\u00e8les pr\u00e9d\u00e9finis et adaptez les param\u00e8tres du menu du restaurant, mettez \u00e0 jour votre contenu, modifiez la mise en page et les couleurs sans codage. Cliquez pour enregistrer le menu du restaurant et obtenir le code d&rsquo;int\u00e9gration, que vous pouvez coller gratuitement sur le site Magento. Avec l&rsquo;aide de l&rsquo;\u00e9diteur facile \u00e0 utiliser, chaque utilisateur Web peut \u00e9tablir un menu de restaurant et l&rsquo;int\u00e9grer facilement \u00e0 n&rsquo;importe quelle page Web Magento. Il n&rsquo;est pas n\u00e9cessaire de payer ou de saisir les donn\u00e9es de votre carte pour acc\u00e9der \u00e0 notre service. Si vous rencontrez des obstacles de quelque nature que ce soit, n&rsquo;h\u00e9sitez pas \u00e0 contacter notre support technique client.<\/p> <\/div>\r\n\t\t\t\t\t<\/div>\r\n\t\t\t\t<\/div> <\/div><\/div><!-- \/wp:html - &gt; \/wp:html -->\n","protected":false},"excerpt":{"rendered":"","protected":false},"author":9,"featured_media":0,"parent":2842,"menu_order":0,"comment_status":"closed","ping_status":"closed","template":"templates\/template-application-platform.php","meta":{"publish_to_discourse":"","publish_post_category":"","wpdc_auto_publish_overridden":"","wpdc_topic_tags":"","wpdc_pin_topic":"","wpdc_pin_until":"","discourse_post_id":"","discourse_permalink":"","wpdc_publishing_response":"","wpdc_publishing_error":"","footnotes":""},"class_list":["post-10053","page","type-page","status-publish","hentry"],"yoast_head":"<!-- This site is optimized with the Yoast SEO plugin v25.3.1 - https:\/\/yoast.com\/wordpress\/plugins\/seo\/ -->\n<title>Menu de restaurant pour les sites Web Magento - rapide et gratuit<\/title>\n<meta name=\"description\" content=\"Ins\u00e9rez un menu de restaurant facile \u00e0 g\u00e9rer sur votre site Magento. Utilisez la d\u00e9mo pratique d&#039;Elfsight et cr\u00e9ez votre extension unique en quelques clics\" \/>\n<meta name=\"robots\" content=\"index, follow, max-snippet:-1, max-image-preview:large, max-video-preview:-1\" \/>\n<link rel=\"canonical\" href=\"https:\/\/elfsight.com\/fr\/restaurant-menu-widget\/magento\/\" \/>\n<meta property=\"og:locale\" content=\"fr_FR\" \/>\n<meta property=\"og:type\" content=\"article\" \/>\n<meta property=\"og:title\" content=\"Menu de restaurant pour les sites Web Magento - rapide et gratuit\" \/>\n<meta property=\"og:description\" content=\"Ins\u00e9rez un menu de restaurant facile \u00e0 g\u00e9rer sur votre site Magento. Utilisez la d\u00e9mo pratique d&#039;Elfsight et cr\u00e9ez votre extension unique en quelques clics\" \/>\n<meta property=\"og:url\" content=\"https:\/\/elfsight.com\/fr\/restaurant-menu-widget\/magento\/\" \/>\n<meta property=\"og:site_name\" content=\"Elfsight FR\" \/>\n<meta property=\"article:modified_time\" content=\"2025-01-10T12:52:24+00:00\" \/>\n<meta name=\"twitter:card\" content=\"summary_large_image\" \/>\n<meta name=\"twitter:label1\" content=\"Dur\u00e9e de lecture estim\u00e9e\" \/>\n\t<meta name=\"twitter:data1\" content=\"4 minutes\" \/>\n<!-- \/ Yoast SEO plugin. -->","yoast_head_json":{"title":"Menu de restaurant pour les sites Web Magento - rapide et gratuit","description":"Ins\u00e9rez un menu de restaurant facile \u00e0 g\u00e9rer sur votre site Magento. Utilisez la d\u00e9mo pratique d'Elfsight et cr\u00e9ez votre extension unique en quelques clics","robots":{"index":"index","follow":"follow","max-snippet":"max-snippet:-1","max-image-preview":"max-image-preview:large","max-video-preview":"max-video-preview:-1"},"canonical":"https:\/\/elfsight.com\/fr\/restaurant-menu-widget\/magento\/","og_locale":"fr_FR","og_type":"article","og_title":"Menu de restaurant pour les sites Web Magento - rapide et gratuit","og_description":"Ins\u00e9rez un menu de restaurant facile \u00e0 g\u00e9rer sur votre site Magento. Utilisez la d\u00e9mo pratique d'Elfsight et cr\u00e9ez votre extension unique en quelques clics","og_url":"https:\/\/elfsight.com\/fr\/restaurant-menu-widget\/magento\/","og_site_name":"Elfsight FR","article_modified_time":"2025-01-10T12:52:24+00:00","twitter_card":"summary_large_image","twitter_misc":{"Dur\u00e9e de lecture estim\u00e9e":"4 minutes"},"schema":{"@context":"https:\/\/schema.org","@graph":[{"@type":"WebPage","@id":"https:\/\/elfsight.com\/fr\/restaurant-menu-widget\/magento\/","url":"https:\/\/elfsight.com\/fr\/restaurant-menu-widget\/magento\/","name":"Menu de restaurant pour les sites Web Magento - rapide et gratuit","isPartOf":{"@id":"https:\/\/elfsight.com\/fr\/#website"},"datePublished":"1970-01-01T00:00:00+00:00","dateModified":"2025-01-10T12:52:24+00:00","description":"Ins\u00e9rez un menu de restaurant facile \u00e0 g\u00e9rer sur votre site Magento. Utilisez la d\u00e9mo pratique d'Elfsight et cr\u00e9ez votre extension unique en quelques clics","breadcrumb":{"@id":"https:\/\/elfsight.com\/fr\/restaurant-menu-widget\/magento\/#breadcrumb"},"inLanguage":"fr-FR","potentialAction":[{"@type":"ReadAction","target":["https:\/\/elfsight.com\/fr\/restaurant-menu-widget\/magento\/"]}]},{"@type":"BreadcrumbList","@id":"https:\/\/elfsight.com\/fr\/restaurant-menu-widget\/magento\/#breadcrumb","itemListElement":[{"@type":"ListItem","position":1,"name":"Home","item":"https:\/\/elfsight.com\/fr\/"},{"@type":"ListItem","position":2,"name":"Restaurant Menu","item":"https:\/\/elfsight.com\/fr\/restaurant-menu-widget\/"},{"@type":"ListItem","position":3,"name":"Restaurant Menu &#8211; Magento"}]},{"@type":"WebSite","@id":"https:\/\/elfsight.com\/fr\/#website","url":"https:\/\/elfsight.com\/fr\/","name":"Elfsight FR","description":"","potentialAction":[{"@type":"SearchAction","target":{"@type":"EntryPoint","urlTemplate":"https:\/\/elfsight.com\/fr\/?s={search_term_string}"},"query-input":{"@type":"PropertyValueSpecification","valueRequired":true,"valueName":"search_term_string"}}],"inLanguage":"fr-FR"}]}},"meta_box":{"industry":"","seo_heading":"","heading":"","description":"","cta_heading":"","cta_description":"","application":"2836","h1":"Extension du menu du restaurant Magento","h1_caption":"Pr\u00e9sentez le menu de votre restaurant dans un format visuellement attrayant, facile \u00e0 mettre \u00e0 jour et convivial sur votre site Web Magento sans effort.","application_category":[],"applications_title":"","applications_request_title":"","applications_request_button_text":"","hero_text":"","hero_video":"","hero_video_schema_markup":"","selling_points_title":"","selling_points_caption":"","selling_points":[],"selling_points_cta_text":"","features_title":"","features":"","ed_cta_examples_text":"","ed_cta_examples_hidden":"","ed_cta_demo_text":"","ed_cta_demo_hidden":"","why_caption":"","why_editor_title":"","why_editor_text":"","why_team_title":"","why_team_text":"","why_service_title":"","why_service_text":"","template_catalog_visible":"0","template_catalog_title":"","template_catalog_text":"","template_catalog_categories_visible":"","demo_title":"Cr\u00e9ez votre extension de menu de restaurant","demo_caption":"Configurez votre menu de restaurant et ajoutez-le gratuitement \u00e0 votre site Web Magento\u00a0!","default_faq_hidden":"","app_template_category":[],"platform":"357","template_public_id":"","codecanyon_url":"","codecanyon_item_id":"","codecanyon_price":"","pricing_caption":"","pricing_elfsight_apps_hide_column":"","pricing_elfsight_apps_url":"","pricing_codecanyon_price_caption":"","integration_category":[],"integration_request_title":"","integration_request_cta":"","integration_platform":"","integrations":[],"platform_category":[],"video_schema_markup":"","price":"\u00e0 partir de 0$ \/ mois","trial":"","benefits":[{"text":"Service d'installation gratuit"},{"text":"Service client professionnel"},{"text":"Garantie de remboursement de 14 jours"},{"text":"Am\u00e9liorations gratuites et continues"}],"button_url":"","button_target_blank":"0","button_nofollow":"0","attributes":[{"name":"Installations","content":"10,000 - 100,000"},{"name":"Sensible","content":"Oui"},{"name":"Navigateurs compatibles","content":"Firefox, Safari, Opera, Chrome, Edge"}],"tags":[],"tags_disable_links":"0","hide_more_platforms":"","video_object":"","demo_hide_cta":"0","demo_hide_cloud_options":"0","pricing_title":"","pricing":[{"pricing_icon":"platform","pricing_title":"Elfsight Apps","pricing_title_caption":"Solution num\u00e9rique multiplateforme","pricing_price":"from $0 \/ month","pricing_price_caption":"commencez avec un forfait gratuit","pricing_benefits":[{"text":"Sites Web illimit\u00e9s"},{"text":"Support d'entreprise premium et bien document\u00e9"},{"text":"Assistance \u00e0 l'installation gratuite"},{"text":"100% personnalisable"}],"pricing_button_text":"Ajouter au site Web","pricing_button_url":"#demo"}],"related_apps_title":"","related_apps_hidden":"0","author":"","image":[],"title":"","job":"","social_networks":[]},"_links":{"self":[{"href":"https:\/\/elfsight.com\/fr\/wp-json\/wp\/v2\/pages\/10053","targetHints":{"allow":["GET"]}}],"collection":[{"href":"https:\/\/elfsight.com\/fr\/wp-json\/wp\/v2\/pages"}],"about":[{"href":"https:\/\/elfsight.com\/fr\/wp-json\/wp\/v2\/types\/page"}],"author":[{"embeddable":true,"href":"https:\/\/elfsight.com\/fr\/wp-json\/wp\/v2\/users\/9"}],"replies":[{"embeddable":true,"href":"https:\/\/elfsight.com\/fr\/wp-json\/wp\/v2\/comments?post=10053"}],"version-history":[{"count":2,"href":"https:\/\/elfsight.com\/fr\/wp-json\/wp\/v2\/pages\/10053\/revisions"}],"predecessor-version":[{"id":16126,"href":"https:\/\/elfsight.com\/fr\/wp-json\/wp\/v2\/pages\/10053\/revisions\/16126"}],"up":[{"embeddable":true,"href":"https:\/\/elfsight.com\/fr\/wp-json\/wp\/v2\/pages\/2842"}],"wp:attachment":[{"href":"https:\/\/elfsight.com\/fr\/wp-json\/wp\/v2\/media?parent=10053"}],"curies":[{"name":"wp","href":"https:\/\/api.w.org\/{rel}","templated":true}]}}