{"id":10044,"date":"1970-01-01T00:00:00","date_gmt":"1970-01-01T00:00:00","guid":{"rendered":"https:\/\/elfsight.com\/fr\/?page_id=10044"},"modified":"2025-07-10T13:14:29","modified_gmt":"2025-07-10T13:14:29","slug":"squarespace","status":"publish","type":"page","link":"https:\/\/elfsight.com\/fr\/restaurant-menu-widget\/squarespace\/","title":{"rendered":"Restaurant Menu &#8211; Squarespace"},"content":{"rendered":"<div class=\"application-platform-content-item-description application-platform-content-item\" id=\"description\" data-nav-section=\"description\"> <h2>Int\u00e9grer le produit sur la plateforme avec le widget Elfsight<\/h2><p>Elfsight Restaurant Menu est un plugin facile \u00e0 utiliser pour afficher votre assortiment de plats et de boissons directement sur votre site Web pour attirer le plus de clients possible. Le plugin est extr\u00eamement convivial. Gr\u00e2ce \u00e0 lui, vous pouvez cr\u00e9er un nombre illimit\u00e9 de pages de menu avec une grande quantit\u00e9 d&rsquo;\u00e9l\u00e9ments ou simplement pr\u00e9senter une br\u00e8ve liste des sp\u00e9cialit\u00e9s que vous servez. N&rsquo;h\u00e9sitez pas \u00e0 choisir un sch\u00e9ma clair, sombre ou \u00e0 modifier les param\u00e8tres dont vous avez besoin, en recolorant tous les \u00e9l\u00e9ments. La plus grande opportunit\u00e9 du plugin est de rester toujours pertinent : vous pouvez mettre \u00e0 jour les prix, la liste des articles, ajouter de nouveaux repas ou m\u00eame des menus en quelques secondes ! Fini les fichiers PDF qu&rsquo;il faut r\u00e9\u00e9crire d\u00e8s le d\u00e9but. Commencez simplement \u00e0 cr\u00e9er votre superbe menu d\u00e8s maintenant. <\/p> <p><b>Lancez Restaurant Menu pour atteindre vos objectifs commerciaux plus efficacement\u00a0! Avec l&rsquo;aide du menu sur votre page Web, votre entreprise peut attirer plus de clients potentiels et conna\u00eetre une solide croissance commerciale. Essayez d&rsquo;utiliser Restaurant Menu par Elfsight\u00a0!<\/b><\/p><\/div> <div class=\"application-platform-content-item-features application-platform-content-item\" id=\"features\" data-nav-section=\"features\"> <h2>Voici quelques-unes des fonctionnalit\u00e9s pr\u00e9cieuses du plugin\u00a0: <\/h2> <ul><li> Convivial m\u00eame pour les utilisateurs non-technologiques <\/li><li>Quantit\u00e9 illimit\u00e9e de menus, sections ou \u00e9l\u00e9ments, organis\u00e9s selon des mises en page \u00e9poustouflantes <\/li><li>Menu simple \u00e0 mettre \u00e0 jour et tous ses \u00e9l\u00e9ments o\u00f9 que vous soyez\u00a0: prix, aliments de saison, boissons, etc. <\/li><li> R\u00e9digez une description d\u00e9taill\u00e9e des articles, y compris des ic\u00f4nes, des informations nutritionnelles et des badges <\/li><li> D\u00e9finissez de d\u00e9licieuses images pour les articles et affichez-les m\u00eame en mode contextuel . <\/li><li>Modifiez et recolorez tous les \u00e9l\u00e9ments\u00a0: texte, jeu de couleurs et ic\u00f4nes. <\/li><\/ul><p><a href=\"#demo\">Essayez simplement cette d\u00e9mo pour comprendre les fonctionnalit\u00e9s du widget<\/a><\/p> <\/div> <div class=\"application-platform-content-item-installation  application-platform-content-item\" id=\"installation \" data-nav-section=\"installation \"> <h2>Comment int\u00e9grer le menu du restaurant \u00e0 mon site Squarespace\u00a0? <\/h2><div class=\"video-container\"><iframe width=\"720\" height=\"405\" src=\"https:\/\/www.youtube.com\/embed\/NN_NHhewpvI\" frameborder=\"0\" allowfullscreen=\"\"><\/iframe><\/div><p>Appliquez simplement les instructions ci-dessous pour commencer \u00e0 travailler avec le plugin\u00a0: <\/p><ol><li><b>Lancez notre d\u00e9mo gratuite et commencez \u00e0 cr\u00e9er votre propre plugin. <\/b><br> Recherchez la conception et les sp\u00e9cifications pr\u00e9f\u00e9rables pour l&rsquo;outil et appliquez les modifications. <\/li> <li><b>Obtenez votre code individuel affich\u00e9 dans la fen\u00eatre des applications Elfsight. <\/b><br> D\u00e8s que la configuration de votre widget est termin\u00e9e, copiez le code personnel dans la fen\u00eatre qui appara\u00eet et conservez-le pour une utilisation ult\u00e9rieure. <\/li> <li><b>Commencez \u00e0 utiliser le plugin sur votre page d&rsquo;accueil Squarespace. <\/b><br> Ins\u00e9rez le code que vous avez enregistr\u00e9 r\u00e9cemment dans votre page et appliquez les ajustements. <\/li> <li><b>Vous avez termin\u00e9\u00a0! La configuration est effectu\u00e9e avec succ\u00e8s. <\/b><br> Visitez votre page pour jeter un oeil au travail du plugin. <\/li><\/ol> <p>Si vous rencontrez des obstacles, n&rsquo;h\u00e9sitez pas \u00e0 contacter notre \u00e9quipe d&rsquo;assistance. Nos collaborateurs seront ravis de vous aider avec toutes les questions que vous pourriez avoir avec le plugin. <\/p> <div class=\"faq\" data-component=\"FAQ\"><div class=\"faq-item\">\r\n\t\t\t\t\t<div class=\"faq-item-question\">\r\n\t\t\t\t\t\t<h3 class=\"faq-item-question-text\">Existe-t-il un moyen d'ajouter un menu de restaurant \u00e0 ma page d'accueil Squarespace sans coder ?<\/h3>\r\n\r\n\t\t\t\t\t\t<div class=\"faq-item-question-icon\"><\/div>\r\n\t\t\t\t\t<\/div>\r\n\r\n\t\t\t\t\t<div class=\"faq-item-answer\">\r\n\t\t\t\t\t\t<div class=\"faq-item-answer-text\"> <p>Elfsight pr\u00e9sente une solution qui permet aux propri\u00e9taires de sites de cr\u00e9er vous-m\u00eame une application de menu de restaurant, voir le instructions simples\u00a0: acc\u00e9dez \u00e0 la d\u00e9mo en direct pour cr\u00e9er une application de menu de restaurant que vous souhaitez int\u00e9grer \u00e0 votre Squarespace. Cliquez sur l&rsquo;un des nombreux mod\u00e8les pr\u00e9d\u00e9finis et modifiez les param\u00e8tres du menu du restaurant, incluez votre contenu, changez la mise en page et les couleurs sans aucune comp\u00e9tence en codage. Enregistrez les param\u00e8tres que vous avez d\u00e9finis dans Restaurant Menu et copiez son code pour l&rsquo;installation, qui peut \u00eatre facilement coll\u00e9 gratuitement sur la page Web Squarespace. Avec l&rsquo;aide de notre configurateur facile \u00e0 utiliser, tout internaute peut cr\u00e9er une application de menu de restaurant en ligne et l&rsquo;int\u00e9grer facilement \u00e0 son site Web Squarespace. Il n&rsquo;est pas n\u00e9cessaire d&rsquo;obtenir un forfait payant ou de divulguer les donn\u00e9es de votre carte pour acc\u00e9der \u00e0 notre \u00e9diteur. Si vous rencontrez des probl\u00e8mes de quelque nature que ce soit, n&rsquo;h\u00e9sitez pas \u00e0 contacter notre \u00e9quipe d&rsquo;assistance.<\/p> <\/div>\r\n\t\t\t\t\t<\/div>\r\n\t\t\t\t<\/div> <\/div><\/div>","protected":false},"excerpt":{"rendered":"","protected":false},"author":9,"featured_media":0,"parent":2842,"menu_order":0,"comment_status":"closed","ping_status":"closed","template":"templates\/template-application-platform.php","meta":{"publish_to_discourse":"","publish_post_category":"","wpdc_auto_publish_overridden":"","wpdc_topic_tags":"","wpdc_pin_topic":"","wpdc_pin_until":"","discourse_post_id":"","discourse_permalink":"","wpdc_publishing_response":"","wpdc_publishing_error":"","footnotes":""},"class_list":["post-10044","page","type-page","status-publish","hentry"],"yoast_head":"<!-- This site is optimized with the Yoast SEO plugin v25.3.1 - https:\/\/yoast.com\/wordpress\/plugins\/seo\/ -->\n<title>Menu de restaurant pour les sites Web Squarespace - rapide et gratuit<\/title>\n<meta name=\"description\" content=\"Int\u00e9grez une application de menu de restaurant adapt\u00e9e aux mobiles sur votre page Web Squarespace. Essayez la d\u00e9mo pratique d&#039;Elfsight et modifiez votre superbe plugin en quelques secondes seulement\" \/>\n<meta name=\"robots\" content=\"index, follow, max-snippet:-1, max-image-preview:large, max-video-preview:-1\" \/>\n<link rel=\"canonical\" href=\"https:\/\/elfsight.com\/fr\/restaurant-menu-widget\/squarespace\/\" \/>\n<meta property=\"og:locale\" content=\"fr_FR\" \/>\n<meta property=\"og:type\" content=\"article\" \/>\n<meta property=\"og:title\" content=\"Menu de restaurant pour les sites Web Squarespace - rapide et gratuit\" \/>\n<meta property=\"og:description\" content=\"Int\u00e9grez une application de menu de restaurant adapt\u00e9e aux mobiles sur votre page Web Squarespace. Essayez la d\u00e9mo pratique d&#039;Elfsight et modifiez votre superbe plugin en quelques secondes seulement\" \/>\n<meta property=\"og:url\" content=\"https:\/\/elfsight.com\/fr\/restaurant-menu-widget\/squarespace\/\" \/>\n<meta property=\"og:site_name\" content=\"Elfsight FR\" \/>\n<meta property=\"article:modified_time\" content=\"2025-07-10T13:14:29+00:00\" \/>\n<meta name=\"twitter:card\" content=\"summary_large_image\" \/>\n<meta name=\"twitter:label1\" content=\"Dur\u00e9e de lecture estim\u00e9e\" \/>\n\t<meta name=\"twitter:data1\" content=\"4 minutes\" \/>\n<!-- \/ Yoast SEO plugin. -->","yoast_head_json":{"title":"Menu de restaurant pour les sites Web Squarespace - rapide et gratuit","description":"Int\u00e9grez une application de menu de restaurant adapt\u00e9e aux mobiles sur votre page Web Squarespace. Essayez la d\u00e9mo pratique d'Elfsight et modifiez votre superbe plugin en quelques secondes seulement","robots":{"index":"index","follow":"follow","max-snippet":"max-snippet:-1","max-image-preview":"max-image-preview:large","max-video-preview":"max-video-preview:-1"},"canonical":"https:\/\/elfsight.com\/fr\/restaurant-menu-widget\/squarespace\/","og_locale":"fr_FR","og_type":"article","og_title":"Menu de restaurant pour les sites Web Squarespace - rapide et gratuit","og_description":"Int\u00e9grez une application de menu de restaurant adapt\u00e9e aux mobiles sur votre page Web Squarespace. Essayez la d\u00e9mo pratique d'Elfsight et modifiez votre superbe plugin en quelques secondes seulement","og_url":"https:\/\/elfsight.com\/fr\/restaurant-menu-widget\/squarespace\/","og_site_name":"Elfsight FR","article_modified_time":"2025-07-10T13:14:29+00:00","twitter_card":"summary_large_image","twitter_misc":{"Dur\u00e9e de lecture estim\u00e9e":"4 minutes"},"schema":{"@context":"https:\/\/schema.org","@graph":[{"@type":"WebPage","@id":"https:\/\/elfsight.com\/fr\/restaurant-menu-widget\/squarespace\/","url":"https:\/\/elfsight.com\/fr\/restaurant-menu-widget\/squarespace\/","name":"Menu de restaurant pour les sites Web Squarespace - rapide et gratuit","isPartOf":{"@id":"https:\/\/elfsight.com\/fr\/#website"},"datePublished":"1970-01-01T00:00:00+00:00","dateModified":"2025-07-10T13:14:29+00:00","description":"Int\u00e9grez une application de menu de restaurant adapt\u00e9e aux mobiles sur votre page Web Squarespace. Essayez la d\u00e9mo pratique d'Elfsight et modifiez votre superbe plugin en quelques secondes seulement","breadcrumb":{"@id":"https:\/\/elfsight.com\/fr\/restaurant-menu-widget\/squarespace\/#breadcrumb"},"inLanguage":"fr-FR","potentialAction":[{"@type":"ReadAction","target":["https:\/\/elfsight.com\/fr\/restaurant-menu-widget\/squarespace\/"]}]},{"@type":"BreadcrumbList","@id":"https:\/\/elfsight.com\/fr\/restaurant-menu-widget\/squarespace\/#breadcrumb","itemListElement":[{"@type":"ListItem","position":1,"name":"Home","item":"https:\/\/elfsight.com\/fr\/"},{"@type":"ListItem","position":2,"name":"Restaurant Menu","item":"https:\/\/elfsight.com\/fr\/restaurant-menu-widget\/"},{"@type":"ListItem","position":3,"name":"Restaurant Menu &#8211; Squarespace"}]},{"@type":"WebSite","@id":"https:\/\/elfsight.com\/fr\/#website","url":"https:\/\/elfsight.com\/fr\/","name":"Elfsight FR","description":"","potentialAction":[{"@type":"SearchAction","target":{"@type":"EntryPoint","urlTemplate":"https:\/\/elfsight.com\/fr\/?s={search_term_string}"},"query-input":{"@type":"PropertyValueSpecification","valueRequired":true,"valueName":"search_term_string"}}],"inLanguage":"fr-FR"}]}},"meta_box":{"industry":"","seo_heading":"","heading":"","description":"","cta_heading":"","cta_description":"","application":"2836","h1":"Plugin de menu de restaurant Squarespace","h1_caption":"Pr\u00e9sentez le menu de votre restaurant dans un format visuellement attrayant, facile \u00e0 mettre \u00e0 jour et convivial sur votre site Web Squarespace sans effort.","application_category":[],"applications_title":"","applications_request_title":"","applications_request_button_text":"","hero_text":"","hero_video":"","hero_video_schema_markup":"","selling_points_title":"","selling_points_caption":"","selling_points":[],"selling_points_cta_text":"","features_title":"","features":"","ed_cta_examples_text":"","ed_cta_examples_hidden":"","ed_cta_demo_text":"","ed_cta_demo_hidden":"","why_caption":"","why_editor_title":"","why_editor_text":"","why_team_title":"","why_team_text":"","why_service_title":"","why_service_text":"","template_catalog_visible":"","template_catalog_title":"","template_catalog_text":"","template_catalog_categories_visible":"","demo_title":"Cr\u00e9ez votre plugin Menu de Restaurant","demo_caption":"Configurez votre menu de restaurant et ajoutez-le gratuitement \u00e0 votre site Web Squarespace\u00a0!","default_faq_hidden":"","app_template_category":[],"platform":"361","template_public_id":"","codecanyon_url":"","codecanyon_item_id":"","codecanyon_price":"","pricing_caption":"","pricing_elfsight_apps_hide_column":"","pricing_elfsight_apps_url":"","pricing_codecanyon_price_caption":"","integration_category":[],"integration_request_title":"","integration_request_cta":"","integration_platform":"","integrations":[],"platform_category":[],"video_schema_markup":"","price":"\u00e0 partir de 0$ \/ mois","trial":"","benefits":[{"text":"Assistance \u00e0 l'installation gratuite"},{"text":"Service client efficace"},{"text":"Garantie de remboursement de 14 jours"},{"text":"Am\u00e9liorations gratuites \u00e0 vie"}],"button_url":"","button_target_blank":"","button_nofollow":"","attributes":[{"name":"Installations","content":"10,000 - 100,000"},{"name":"Sensible","content":"Oui"},{"name":"Navigateurs compatibles","content":"Firefox, Safari, Opera, Chrome, Edge"}],"tags":[],"tags_disable_links":"","hide_more_platforms":"","video_object":"","demo_hide_cta":"","demo_hide_cloud_options":"","pricing_title":"","pricing":[{"pricing_icon":"platform","pricing_title":"Elfsight Apps","pricing_title_caption":"Solution num\u00e9rique ind\u00e9pendante de la plateforme","pricing_price":"from $0 \/ month","pricing_price_caption":"commencez avec un forfait gratuit","pricing_benefits":[{"text":"Sites Web illimit\u00e9s"},{"text":"Assistance rapide et ponctuelle"},{"text":"Service d'installation gratuit"},{"text":"Conception flexible"}],"pricing_button_text":"Ajouter au site Web","pricing_button_url":"#demo"}],"related_apps_title":"","related_apps_hidden":"","author":"","image":[],"title":"","job":"","social_networks":[]},"_links":{"self":[{"href":"https:\/\/elfsight.com\/fr\/wp-json\/wp\/v2\/pages\/10044","targetHints":{"allow":["GET"]}}],"collection":[{"href":"https:\/\/elfsight.com\/fr\/wp-json\/wp\/v2\/pages"}],"about":[{"href":"https:\/\/elfsight.com\/fr\/wp-json\/wp\/v2\/types\/page"}],"author":[{"embeddable":true,"href":"https:\/\/elfsight.com\/fr\/wp-json\/wp\/v2\/users\/9"}],"replies":[{"embeddable":true,"href":"https:\/\/elfsight.com\/fr\/wp-json\/wp\/v2\/comments?post=10044"}],"version-history":[{"count":1,"href":"https:\/\/elfsight.com\/fr\/wp-json\/wp\/v2\/pages\/10044\/revisions"}],"predecessor-version":[{"id":10048,"href":"https:\/\/elfsight.com\/fr\/wp-json\/wp\/v2\/pages\/10044\/revisions\/10048"}],"up":[{"embeddable":true,"href":"https:\/\/elfsight.com\/fr\/wp-json\/wp\/v2\/pages\/2842"}],"wp:attachment":[{"href":"https:\/\/elfsight.com\/fr\/wp-json\/wp\/v2\/media?parent=10044"}],"curies":[{"name":"wp","href":"https:\/\/api.w.org\/{rel}","templated":true}]}}