{"id":10042,"date":"1970-01-01T00:00:00","date_gmt":"1970-01-01T00:00:00","guid":{"rendered":"https:\/\/elfsight.com\/fr\/?page_id=10042"},"modified":"2025-07-10T13:14:46","modified_gmt":"2025-07-10T13:14:46","slug":"weebly","status":"publish","type":"page","link":"https:\/\/elfsight.com\/fr\/restaurant-menu-widget\/weebly\/","title":{"rendered":"Restaurant Menu &#8211; Weebly"},"content":{"rendered":"<div class=\"application-platform-content-item-description application-platform-content-item\" id=\"description\" data-nav-section=\"description\"> <h2>Description<\/h2><p>Le menu du restaurant est un excellent moyen de repr\u00e9senter votre cuisine, un concept original et de tenter votre public avec des plats app\u00e9tissants. images de produits. L&rsquo;application est tr\u00e8s pratique et vous pouvez cr\u00e9er de nombreux menus avec une quantit\u00e9 incroyable de sections et d&rsquo;\u00e9l\u00e9ments. S\u00e9lectionnez un sch\u00e9ma clair ou sombre ou modifiez les param\u00e8tres \u00e0 votre guise, en recolorant tous les \u00e9l\u00e9ments. Le widget permet \u00e9galement de conserver les informations pertinentes\u00a0: corriger les prix, modifier la liste des articles, ajouter de nouveaux plats ou m\u00eame des menus marins en quelques secondes seulement\u00a0! Fini les fichiers PDF que vous devez cr\u00e9er \u00e0 partir de z\u00e9ro. Commencez simplement \u00e0 cr\u00e9er votre menu fascinant d\u00e8s maintenant.<\/p> <p><b>Ins\u00e9rez un menu de restaurant pour atteindre plus rapidement vos objectifs commerciaux\u00a0! En utilisant le menu de votre site Web, votre restaurant peut attirer plus de visiteurs et d\u00e9marrer une croissance commerciale active\u00a0!<\/b><\/p> <\/div> <div class=\"application-platform-content-item-features application-platform-content-item\" id=\"features\" data-nav-section=\"features\"> <h2>Il existe certaines des fonctionnalit\u00e9s de widget les plus importantes. : <\/h2> <ul><li>Facile \u00e0 g\u00e9rer m\u00eame pour les utilisateurs non professionnels <\/li><li>Nombre illimit\u00e9 de menus, sections ou \u00e9l\u00e9ments, qui sont simplement \u00e0 organiser avec les mises en page de l&rsquo;application <\/li><li>Corrigez le menu et tous ses \u00e9l\u00e9ments o\u00f9 vous le souhaitez en quelques clics<\/li><li>Ajoutez des d\u00e9tails pour chaque \u00e9l\u00e9ment, par exemple des ic\u00f4nes, des informations nutritionnelles et des badges <\/li><li>Joignez des photos all\u00e9chantes pour les \u00e9l\u00e9ments et vous pouvez m\u00eame les d\u00e9montrer en mode popup <\/li><li>Modifiez et repeignez tous les \u00e9l\u00e9ments\u00a0: texte, jeu de couleurs et ic\u00f4nes <\/li><\/ul><p><a href=\"#demo\">Essayez simplement cette d\u00e9mo pour obtenez une id\u00e9e compl\u00e8te<\/a><\/p> <\/div> <div class=\"application-platform-content-item-installation application-platform-content-item\" id=\"installation\" data-nav-section=\"installation\"> <h2>Comment ajouter un menu de restaurant sur mon site Web Weebly\u00a0? <\/h2><div class=\"video-container\"><iframe width=\"720\" height=\"405\" src=\"https:\/\/www.youtube.com\/embed\/EkHtqti-bY4\" frameborder=\"0\" allowfullscreen=\"\"><\/iframe><\/div><p>Suivez simplement les \u00e9tapes ci-dessous pour ajouter l&rsquo;outil\u00a0: <\/p> <ol><li><b>Lancez notre \u00e9diteur gratuit et commencez \u00e0 cr\u00e9er votre personnalisation application cr\u00e9\u00e9e. <\/b><br> D\u00e9terminez l&rsquo;apparence appropri\u00e9e et les caract\u00e9ristiques fonctionnelles de l&rsquo;application et appliquez toutes les corrections. <\/li> <li><b>Obtenez le code unique qui appara\u00eet dans le formulaire sp\u00e9cial sur les applications Elfsight. <\/b><br> D\u00e8s que la personnalisation de votre application est termin\u00e9e, copiez le code personnel dans la fen\u00eatre qui appara\u00eet et conservez-le pour une utilisation ult\u00e9rieure. <\/li> <li><b>Commencez \u00e0 utiliser l&rsquo;application sur votre site Weebly. <\/b><br> Saisissez le code que vous avez r\u00e9cemment copi\u00e9 dans votre page Web et appliquez les modifications. <\/li> <li><b>L&rsquo;installation est termin\u00e9e avec succ\u00e8s. <\/b><br> Ouvrez votre page Web pour v\u00e9rifier le fonctionnement de l&rsquo;application. <\/li><\/ol><p>Si vous rencontrez des difficult\u00e9s, n&rsquo;h\u00e9sitez pas \u00e0 faire appel \u00e0 notre service client. Notre \u00e9quipe Elfsight est d\u00e9sireuse de r\u00e9soudre toutes les difficult\u00e9s que vous pourriez rencontrer avec l&rsquo;application. <\/p> <div class=\"faq\" data-component=\"FAQ\"><div class=\"faq-item\">\r\n\t\t\t\t\t<div class=\"faq-item-question\">\r\n\t\t\t\t\t\t<h3 class=\"faq-item-question-text\">Existe-t-il une m\u00e9thode pour ajouter un menu de restaurant \u00e0 ma page Web Weebly sans exp\u00e9rience en codage ?<\/h3>\r\n\r\n\t\t\t\t\t\t<div class=\"faq-item-question-icon\"><\/div>\r\n\t\t\t\t\t<\/div>\r\n\r\n\t\t\t\t\t<div class=\"faq-item-answer\">\r\n\t\t\t\t\t\t<div class=\"faq-item-answer-text\"> <p>Elfsight fournit une solution SaaS qui vous permet de cr\u00e9er vous-m\u00eame un widget de menu de restaurant, voyez \u00e0 quel point c&rsquo;est simple : acc\u00e9dez \u00e0 l&rsquo;\u00e9diteur en direct pour cr\u00e9er un plugin de menu de restaurant que vous souhaitez ajouter sur le site Web Weebly. S\u00e9lectionnez l&rsquo;un des mod\u00e8les pr\u00e9d\u00e9finis et ajustez les param\u00e8tres du menu du restaurant, changez la disposition et la couleur des \u00e9l\u00e9ments et mettez \u00e0 jour votre contenu, sans aucune exp\u00e9rience de codage. Cliquez pour enregistrer le menu du restaurant et copiez le code d&rsquo;installation, que vous pouvez int\u00e9grer sans effort dans le site Web Weebly dans le cadre d&rsquo;un forfait gratuit. Gr\u00e2ce \u00e0 notre \u00e9diteur convivial, tout internaute peut cr\u00e9er un widget de menu de restaurant en ligne et le coller sans effort sur son site Weebly. Il n&rsquo;est pas n\u00e9cessaire de souscrire un abonnement payant ou de soumettre les donn\u00e9es de votre carte pour acc\u00e9der au service. Si vous rencontrez des probl\u00e8mes de quelque nature que ce soit, n&rsquo;h\u00e9sitez pas \u00e0 parler \u00e0 notre \u00e9quipe d&rsquo;assistance technique.<\/p> <\/div>\r\n\t\t\t\t\t<\/div>\r\n\t\t\t\t<\/div> <\/div><\/div>","protected":false},"excerpt":{"rendered":"","protected":false},"author":9,"featured_media":0,"parent":2842,"menu_order":0,"comment_status":"closed","ping_status":"closed","template":"templates\/template-application-platform.php","meta":{"publish_to_discourse":"","publish_post_category":"","wpdc_auto_publish_overridden":"","wpdc_topic_tags":"","wpdc_pin_topic":"","wpdc_pin_until":"","discourse_post_id":"","discourse_permalink":"","wpdc_publishing_response":"","wpdc_publishing_error":"","footnotes":""},"class_list":["post-10042","page","type-page","status-publish","hentry"],"yoast_head":"<!-- This site is optimized with the Yoast SEO plugin v25.3.1 - https:\/\/yoast.com\/wordpress\/plugins\/seo\/ -->\n<title>Menu de restaurant pour vos sites Web Weebly - gratuit et \u00e9l\u00e9gant<\/title>\n<meta name=\"description\" content=\"Impl\u00e9mentez une application de menu de restaurant r\u00e9active sur votre site Weebly. Essayez la d\u00e9mo pratique d&#039;Elfsight et g\u00e9n\u00e9rez votre superbe application en quelques minutes seulement.\" \/>\n<meta name=\"robots\" content=\"index, follow, max-snippet:-1, max-image-preview:large, max-video-preview:-1\" \/>\n<link rel=\"canonical\" href=\"https:\/\/elfsight.com\/fr\/restaurant-menu-widget\/weebly\/\" \/>\n<meta property=\"og:locale\" content=\"fr_FR\" \/>\n<meta property=\"og:type\" content=\"article\" \/>\n<meta property=\"og:title\" content=\"Menu de restaurant pour vos sites Web Weebly - gratuit et \u00e9l\u00e9gant\" \/>\n<meta property=\"og:description\" content=\"Impl\u00e9mentez une application de menu de restaurant r\u00e9active sur votre site Weebly. Essayez la d\u00e9mo pratique d&#039;Elfsight et g\u00e9n\u00e9rez votre superbe application en quelques minutes seulement.\" \/>\n<meta property=\"og:url\" content=\"https:\/\/elfsight.com\/fr\/restaurant-menu-widget\/weebly\/\" \/>\n<meta property=\"og:site_name\" content=\"Elfsight FR\" \/>\n<meta property=\"article:modified_time\" content=\"2025-07-10T13:14:46+00:00\" \/>\n<meta name=\"twitter:card\" content=\"summary_large_image\" \/>\n<meta name=\"twitter:label1\" content=\"Dur\u00e9e de lecture estim\u00e9e\" \/>\n\t<meta name=\"twitter:data1\" content=\"3 minutes\" \/>\n<!-- \/ Yoast SEO plugin. -->","yoast_head_json":{"title":"Menu de restaurant pour vos sites Web Weebly - gratuit et \u00e9l\u00e9gant","description":"Impl\u00e9mentez une application de menu de restaurant r\u00e9active sur votre site Weebly. Essayez la d\u00e9mo pratique d'Elfsight et g\u00e9n\u00e9rez votre superbe application en quelques minutes seulement.","robots":{"index":"index","follow":"follow","max-snippet":"max-snippet:-1","max-image-preview":"max-image-preview:large","max-video-preview":"max-video-preview:-1"},"canonical":"https:\/\/elfsight.com\/fr\/restaurant-menu-widget\/weebly\/","og_locale":"fr_FR","og_type":"article","og_title":"Menu de restaurant pour vos sites Web Weebly - gratuit et \u00e9l\u00e9gant","og_description":"Impl\u00e9mentez une application de menu de restaurant r\u00e9active sur votre site Weebly. Essayez la d\u00e9mo pratique d'Elfsight et g\u00e9n\u00e9rez votre superbe application en quelques minutes seulement.","og_url":"https:\/\/elfsight.com\/fr\/restaurant-menu-widget\/weebly\/","og_site_name":"Elfsight FR","article_modified_time":"2025-07-10T13:14:46+00:00","twitter_card":"summary_large_image","twitter_misc":{"Dur\u00e9e de lecture estim\u00e9e":"3 minutes"},"schema":{"@context":"https:\/\/schema.org","@graph":[{"@type":"WebPage","@id":"https:\/\/elfsight.com\/fr\/restaurant-menu-widget\/weebly\/","url":"https:\/\/elfsight.com\/fr\/restaurant-menu-widget\/weebly\/","name":"Menu de restaurant pour vos sites Web Weebly - gratuit et \u00e9l\u00e9gant","isPartOf":{"@id":"https:\/\/elfsight.com\/fr\/#website"},"datePublished":"1970-01-01T00:00:00+00:00","dateModified":"2025-07-10T13:14:46+00:00","description":"Impl\u00e9mentez une application de menu de restaurant r\u00e9active sur votre site Weebly. Essayez la d\u00e9mo pratique d'Elfsight et g\u00e9n\u00e9rez votre superbe application en quelques minutes seulement.","breadcrumb":{"@id":"https:\/\/elfsight.com\/fr\/restaurant-menu-widget\/weebly\/#breadcrumb"},"inLanguage":"fr-FR","potentialAction":[{"@type":"ReadAction","target":["https:\/\/elfsight.com\/fr\/restaurant-menu-widget\/weebly\/"]}]},{"@type":"BreadcrumbList","@id":"https:\/\/elfsight.com\/fr\/restaurant-menu-widget\/weebly\/#breadcrumb","itemListElement":[{"@type":"ListItem","position":1,"name":"Home","item":"https:\/\/elfsight.com\/fr\/"},{"@type":"ListItem","position":2,"name":"Restaurant Menu","item":"https:\/\/elfsight.com\/fr\/restaurant-menu-widget\/"},{"@type":"ListItem","position":3,"name":"Restaurant Menu &#8211; Weebly"}]},{"@type":"WebSite","@id":"https:\/\/elfsight.com\/fr\/#website","url":"https:\/\/elfsight.com\/fr\/","name":"Elfsight FR","description":"","potentialAction":[{"@type":"SearchAction","target":{"@type":"EntryPoint","urlTemplate":"https:\/\/elfsight.com\/fr\/?s={search_term_string}"},"query-input":{"@type":"PropertyValueSpecification","valueRequired":true,"valueName":"search_term_string"}}],"inLanguage":"fr-FR"}]}},"meta_box":{"industry":"","seo_heading":"","heading":"","description":"","cta_heading":"","cta_description":"","application":"2836","h1":"Application Menu de restaurant Weebly","h1_caption":"Pr\u00e9sentez le menu de votre restaurant dans un format visuellement attrayant, facile \u00e0 mettre \u00e0 jour et convivial sur votre site Web Weebly sans effort.","application_category":[],"applications_title":"","applications_request_title":"","applications_request_button_text":"","hero_text":"","hero_video":"","hero_video_schema_markup":"","selling_points_title":"","selling_points_caption":"","selling_points":[],"selling_points_cta_text":"","features_title":"","features":"","ed_cta_examples_text":"","ed_cta_examples_hidden":"","ed_cta_demo_text":"","ed_cta_demo_hidden":"","why_caption":"","why_editor_title":"","why_editor_text":"","why_team_title":"","why_team_text":"","why_service_title":"","why_service_text":"","template_catalog_visible":"","template_catalog_title":"","template_catalog_text":"","template_catalog_categories_visible":"","demo_title":"Cr\u00e9ez votre application de menu de restaurant","demo_caption":"Configurez votre menu de restaurant et ajoutez-le gratuitement \u00e0 votre site Web Weebly\u00a0!","default_faq_hidden":"","app_template_category":[],"platform":"363","template_public_id":"","codecanyon_url":"","codecanyon_item_id":"","codecanyon_price":"","pricing_caption":"","pricing_elfsight_apps_hide_column":"","pricing_elfsight_apps_url":"","pricing_codecanyon_price_caption":"","integration_category":[],"integration_request_title":"","integration_request_cta":"","integration_platform":"","integrations":[],"platform_category":[],"video_schema_markup":"","price":"\u00e0 partir de 0$ \/ mois","trial":"","benefits":[{"text":"Service d'installation gratuit"},{"text":"Assistance premium"},{"text":"Garantie de remboursement de 14 jours"},{"text":"D\u00e9veloppement continu"}],"button_url":"","button_target_blank":"","button_nofollow":"","attributes":[{"name":"Installations","content":"10,000 - 100,000"},{"name":"Sensible","content":"Oui"},{"name":"Navigateurs compatibles","content":"Firefox, Safari, Opera, Chrome, Edge"}],"tags":[],"tags_disable_links":"","hide_more_platforms":"","video_object":"","demo_hide_cta":"","demo_hide_cloud_options":"","pricing_title":"","pricing":[{"pricing_icon":"platform","pricing_title":"Elfsight Apps","pricing_title_caption":"Version ind\u00e9pendante de la plate-forme qui convient \u00e0 n'importe quel site Web","pricing_price":"from $0 \/ month","pricing_price_caption":"commencez avec un forfait gratuit","pricing_benefits":[{"text":"Domaines illimit\u00e9s"},{"text":"Assistance entreprise premium"},{"text":"Assistance \u00e0 l'installation gratuite"},{"text":"Enti\u00e8rement personnalisable"}],"pricing_button_text":"Ajouter au site Web","pricing_button_url":"#demo"}],"related_apps_title":"","related_apps_hidden":"","author":"","image":[],"title":"","job":"","social_networks":[]},"_links":{"self":[{"href":"https:\/\/elfsight.com\/fr\/wp-json\/wp\/v2\/pages\/10042","targetHints":{"allow":["GET"]}}],"collection":[{"href":"https:\/\/elfsight.com\/fr\/wp-json\/wp\/v2\/pages"}],"about":[{"href":"https:\/\/elfsight.com\/fr\/wp-json\/wp\/v2\/types\/page"}],"author":[{"embeddable":true,"href":"https:\/\/elfsight.com\/fr\/wp-json\/wp\/v2\/users\/9"}],"replies":[{"embeddable":true,"href":"https:\/\/elfsight.com\/fr\/wp-json\/wp\/v2\/comments?post=10042"}],"version-history":[{"count":1,"href":"https:\/\/elfsight.com\/fr\/wp-json\/wp\/v2\/pages\/10042\/revisions"}],"predecessor-version":[{"id":10046,"href":"https:\/\/elfsight.com\/fr\/wp-json\/wp\/v2\/pages\/10042\/revisions\/10046"}],"up":[{"embeddable":true,"href":"https:\/\/elfsight.com\/fr\/wp-json\/wp\/v2\/pages\/2842"}],"wp:attachment":[{"href":"https:\/\/elfsight.com\/fr\/wp-json\/wp\/v2\/media?parent=10042"}],"curies":[{"name":"wp","href":"https:\/\/api.w.org\/{rel}","templated":true}]}}