{"id":10035,"date":"1970-01-01T00:00:00","date_gmt":"1970-01-01T00:00:00","guid":{"rendered":"https:\/\/elfsight.com\/fr\/?page_id=10035"},"modified":"2025-01-10T12:54:55","modified_gmt":"2025-01-10T12:54:55","slug":"woocommerce","status":"publish","type":"page","link":"https:\/\/elfsight.com\/fr\/restaurant-menu-widget\/woocommerce\/","title":{"rendered":"Restaurant Menu &#8211; WooCommerce"},"content":{"rendered":"\n<div class=\"application-platform-content-item-description application-platform-content-item\" id=\"description\" data-nav-section=\"description\"> <h2>Description<\/h2><p>Elfsight Restaurant Menu est un widget pratique pour afficher votre diversit\u00e9 d&rsquo;articles directement sur votre site. C&rsquo;est un moyen simple d&rsquo;informer vos invit\u00e9s sur votre cuisine, de leur souligner un concept original et de les attirer avec des photos culinaires attrayantes. Le plugin est hautement adapt\u00e9 \u00e0 l&rsquo;utilisateur. Vous pouvez cr\u00e9er n&rsquo;importe quel nombre de menus avec une grande quantit\u00e9 d&rsquo;articles ou simplement dresser une liste concise des sp\u00e9cialit\u00e9s que vous servez. Choisissez un sch\u00e9ma clair ou sombre ou ajustez tout ce que vous souhaitez, en repeignant toutes les couleurs d&rsquo;accent. Le plugin permet \u00e9galement de garder vos informations \u00e0 jour\u00a0: corriger les prix ou la liste des articles, ajouter de nouveaux repas ou m\u00eame des menus en quelques secondes\u00a0! Fini les fichiers PDF que vous devez configurer d\u00e8s le d\u00e9but. Commencez simplement \u00e0 cr\u00e9er votre menu app\u00e9tissant d\u00e8s maintenant. <\/p> <p><b>Ajoutez un menu de restaurant pour relever les d\u00e9fis de votre entreprise plus efficacement. Gr\u00e2ce au menu de votre site Internet, vous pouvez facilement augmenter le nombre de vos invit\u00e9s ! <\/b><\/p><\/div> <div class=\"application-platform-content-item-features application-platform-content-item\" id=\"features\" data-nav-section=\"features\"> <h2>Certaines des meilleures fonctionnalit\u00e9s de notre plugin\u00a0: <\/h2> <ul><li>Outil facile \u00e0 g\u00e9rer, m\u00eame pour utilisateurs non professionnels<\/li><li>Une quantit\u00e9 infinie de menus, de sections ou d&rsquo;\u00e9l\u00e9ments simplement dispos\u00e9s selon diff\u00e9rentes mises en page<\/li><li>Gardez les informations \u00e0 jour et modifiez-les selon vos besoins<\/li><li> R\u00e9digez une description d\u00e9taill\u00e9e des articles, par exemple des ic\u00f4nes, des \u00e9l\u00e9ments nutritionnels et des badges <\/li><li>Joignez de superbes images pour les articles et affichez-les m\u00eame dans une vue contextuelle <\/li><li>Adaptez et recolorez n&rsquo;importe quel \u00e9l\u00e9ment\u00a0: texte , jeu de couleurs et ic\u00f4nes<\/li><\/ul><p><a href=\"#demo\">Vous pouvez d\u00e9couvrir toutes les fonctionnalit\u00e9s du widget dans la d\u00e9mo sur cette page<\/a><\/p> <\/div> <div class=\"application-platform-content-item-installation application-platform-content-item\" id=\"installation\" data-nav-section=\"installation\"> <h2>Comment int\u00e9grer le menu du restaurant \u00e0 mon site WooCommerce\u00a0? <\/h2> <p>Suivez simplement les instructions ci-dessous pour ins\u00e9rer le plugin\u00a0: <\/p> <ol><li><b>Lancez notre \u00e9diteur gratuit et commencez \u00e0 cr\u00e9er votre instrument unique. <\/b><br> Choisissez l&rsquo;apparence et les param\u00e8tres souhait\u00e9s de l&rsquo;outil et enregistrez les modifications. <\/li> <li><b>Obtenez le code individuel qui est affich\u00e9 dans la case sur les applications Elfsight. <\/b><br> D\u00e8s que la cr\u00e9ation de votre outil est termin\u00e9e, copiez le code individuel de la bo\u00eete qui appara\u00eet et enregistrez-le pour d&rsquo;autres besoins. <\/li> <li><b>Initiez l&rsquo;utilisation du plugin sur votre page Web WooCommerce. <\/b><br> Ins\u00e9rez le code que vous avez copi\u00e9 auparavant dans votre page et appliquez les ajustements. <\/li> <li><b>L&rsquo;installation s&rsquo;est termin\u00e9e avec succ\u00e8s. <\/b><br> Visitez votre site Web pour observer les performances du plugin. <\/li><\/ol> <p>Si vous avez des questions ou rencontrez des probl\u00e8mes, n&rsquo;h\u00e9sitez pas \u00e0 contacter notre \u00e9quipe d&rsquo;assistance. L&rsquo;\u00e9quipe Elfsight souhaite vous aider avec toutes les difficult\u00e9s que vous pourriez rencontrer avec le plugin. <\/p> <div class=\"faq\" data-component=\"FAQ\"><div class=\"faq-item\">\r\n\t\t\t\t\t<div class=\"faq-item-question\">\r\n\t\t\t\t\t\t<h3 class=\"faq-item-question-text\">Comment int\u00e9grer le menu de restaurant \u00e0 mon site WooCommerce sans aucune connaissance en codage ?<\/h3>\r\n\r\n\t\t\t\t\t\t<div class=\"faq-item-question-icon\"><\/div>\r\n\t\t\t\t\t<\/div>\r\n\r\n\t\t\t\t\t<div class=\"faq-item-answer\">\r\n\t\t\t\t\t\t<div class=\"faq-item-answer-text\"> <p>Elfsight fournit une solution Cloud qui permet aux propri\u00e9taires de sites de g\u00e9n\u00e9rer vous-m\u00eame une application de menu de restaurant. D\u00e9couvrez la proc\u00e9dure simple instructions\u00a0: Acc\u00e9dez \u00e0 l&rsquo;\u00e9diteur en direct pour cr\u00e9er une section de menu de restaurant que vous souhaitez voir appara\u00eetre sur votre page Web WooCommerce. Choisissez l&rsquo;un des mod\u00e8les pr\u00eats \u00e0 l&#8217;emploi et modifiez les param\u00e8tres du menu du restaurant, incluez votre contenu, changez la disposition et la couleur des \u00e9l\u00e9ments sans aucune comp\u00e9tence en codage. Enregistrez le menu du restaurant et obtenez le code du plugin \u00e0 int\u00e9grer, qui peut \u00eatre facilement coll\u00e9 sur le site WooCommerce dans le cadre d&rsquo;un plan gratuit. Avec l&rsquo;aide de notre \u00e9diteur convivial, tout internaute peut cr\u00e9er un widget de menu de restaurant en ligne et l&rsquo;inclure facilement sur le site WooCommerce. Il n&rsquo;est pas n\u00e9cessaire d&rsquo;obtenir un forfait payant ou de soumettre les donn\u00e9es de votre carte pour acc\u00e9der \u00e0 notre \u00e9diteur. Si vous rencontrez des probl\u00e8mes \u00e0 n&rsquo;importe quelle \u00e9tape, n&rsquo;h\u00e9sitez pas \u00e0 contacter notre support technique client.<\/p> <\/div>\r\n\t\t\t\t\t<\/div>\r\n\t\t\t\t<\/div> <\/div><\/div>\n","protected":false},"excerpt":{"rendered":"","protected":false},"author":9,"featured_media":0,"parent":2842,"menu_order":0,"comment_status":"closed","ping_status":"closed","template":"templates\/template-application-platform.php","meta":{"publish_to_discourse":"","publish_post_category":"","wpdc_auto_publish_overridden":"","wpdc_topic_tags":"","wpdc_pin_topic":"","wpdc_pin_until":"","discourse_post_id":"","discourse_permalink":"","wpdc_publishing_response":"","wpdc_publishing_error":"","footnotes":""},"class_list":["post-10035","page","type-page","status-publish","hentry"],"yoast_head":"<!-- This site is optimized with the Yoast SEO plugin v25.3.1 - https:\/\/yoast.com\/wordpress\/plugins\/seo\/ -->\n<title>Menu de restaurant pour les pages WooCommerce \u2013 facile et gratuit<\/title>\n<meta name=\"description\" content=\"Ins\u00e9rez un plugin Responsive Restaurant Menu sur votre site WooCommerce. Utilisez la d\u00e9mo pratique d&#039;Elfsight et g\u00e9n\u00e9rez votre menu fascinant en quelques clics\" \/>\n<meta name=\"robots\" content=\"index, follow, max-snippet:-1, max-image-preview:large, max-video-preview:-1\" \/>\n<link rel=\"canonical\" href=\"https:\/\/elfsight.com\/fr\/restaurant-menu-widget\/woocommerce\/\" \/>\n<meta property=\"og:locale\" content=\"fr_FR\" \/>\n<meta property=\"og:type\" content=\"article\" \/>\n<meta property=\"og:title\" content=\"Menu de restaurant pour les pages WooCommerce \u2013 facile et gratuit\" \/>\n<meta property=\"og:description\" content=\"Ins\u00e9rez un plugin Responsive Restaurant Menu sur votre site WooCommerce. Utilisez la d\u00e9mo pratique d&#039;Elfsight et g\u00e9n\u00e9rez votre menu fascinant en quelques clics\" \/>\n<meta property=\"og:url\" content=\"https:\/\/elfsight.com\/fr\/restaurant-menu-widget\/woocommerce\/\" \/>\n<meta property=\"og:site_name\" content=\"Elfsight FR\" \/>\n<meta property=\"article:modified_time\" content=\"2025-01-10T12:54:55+00:00\" \/>\n<meta name=\"twitter:card\" content=\"summary_large_image\" \/>\n<meta name=\"twitter:label1\" content=\"Dur\u00e9e de lecture estim\u00e9e\" \/>\n\t<meta name=\"twitter:data1\" content=\"4 minutes\" \/>\n<!-- \/ Yoast SEO plugin. -->","yoast_head_json":{"title":"Menu de restaurant pour les pages WooCommerce \u2013 facile et gratuit","description":"Ins\u00e9rez un plugin Responsive Restaurant Menu sur votre site WooCommerce. Utilisez la d\u00e9mo pratique d'Elfsight et g\u00e9n\u00e9rez votre menu fascinant en quelques clics","robots":{"index":"index","follow":"follow","max-snippet":"max-snippet:-1","max-image-preview":"max-image-preview:large","max-video-preview":"max-video-preview:-1"},"canonical":"https:\/\/elfsight.com\/fr\/restaurant-menu-widget\/woocommerce\/","og_locale":"fr_FR","og_type":"article","og_title":"Menu de restaurant pour les pages WooCommerce \u2013 facile et gratuit","og_description":"Ins\u00e9rez un plugin Responsive Restaurant Menu sur votre site WooCommerce. Utilisez la d\u00e9mo pratique d'Elfsight et g\u00e9n\u00e9rez votre menu fascinant en quelques clics","og_url":"https:\/\/elfsight.com\/fr\/restaurant-menu-widget\/woocommerce\/","og_site_name":"Elfsight FR","article_modified_time":"2025-01-10T12:54:55+00:00","twitter_card":"summary_large_image","twitter_misc":{"Dur\u00e9e de lecture estim\u00e9e":"4 minutes"},"schema":{"@context":"https:\/\/schema.org","@graph":[{"@type":"WebPage","@id":"https:\/\/elfsight.com\/fr\/restaurant-menu-widget\/woocommerce\/","url":"https:\/\/elfsight.com\/fr\/restaurant-menu-widget\/woocommerce\/","name":"Menu de restaurant pour les pages WooCommerce \u2013 facile et gratuit","isPartOf":{"@id":"https:\/\/elfsight.com\/fr\/#website"},"datePublished":"1970-01-01T00:00:00+00:00","dateModified":"2025-01-10T12:54:55+00:00","description":"Ins\u00e9rez un plugin Responsive Restaurant Menu sur votre site WooCommerce. Utilisez la d\u00e9mo pratique d'Elfsight et g\u00e9n\u00e9rez votre menu fascinant en quelques clics","breadcrumb":{"@id":"https:\/\/elfsight.com\/fr\/restaurant-menu-widget\/woocommerce\/#breadcrumb"},"inLanguage":"fr-FR","potentialAction":[{"@type":"ReadAction","target":["https:\/\/elfsight.com\/fr\/restaurant-menu-widget\/woocommerce\/"]}]},{"@type":"BreadcrumbList","@id":"https:\/\/elfsight.com\/fr\/restaurant-menu-widget\/woocommerce\/#breadcrumb","itemListElement":[{"@type":"ListItem","position":1,"name":"Home","item":"https:\/\/elfsight.com\/fr\/"},{"@type":"ListItem","position":2,"name":"Restaurant Menu","item":"https:\/\/elfsight.com\/fr\/restaurant-menu-widget\/"},{"@type":"ListItem","position":3,"name":"Restaurant Menu &#8211; WooCommerce"}]},{"@type":"WebSite","@id":"https:\/\/elfsight.com\/fr\/#website","url":"https:\/\/elfsight.com\/fr\/","name":"Elfsight FR","description":"","potentialAction":[{"@type":"SearchAction","target":{"@type":"EntryPoint","urlTemplate":"https:\/\/elfsight.com\/fr\/?s={search_term_string}"},"query-input":{"@type":"PropertyValueSpecification","valueRequired":true,"valueName":"search_term_string"}}],"inLanguage":"fr-FR"}]}},"meta_box":{"industry":"","seo_heading":"","heading":"","description":"","cta_heading":"","cta_description":"","application":"2836","h1":"Plugin de menu de restaurant WooCommerce","h1_caption":"Pr\u00e9sentez le menu de votre restaurant dans un format visuellement attrayant, facile \u00e0 mettre \u00e0 jour et convivial sur votre site Web WooCommerce sans effort.","application_category":[],"applications_title":"","applications_request_title":"","applications_request_button_text":"","hero_text":"","hero_video":"","hero_video_schema_markup":"","selling_points_title":"","selling_points_caption":"","selling_points":[],"selling_points_cta_text":"","features_title":"","features":"","ed_cta_examples_text":"","ed_cta_examples_hidden":"","ed_cta_demo_text":"","ed_cta_demo_hidden":"","why_caption":"","why_editor_title":"","why_editor_text":"","why_team_title":"","why_team_text":"","why_service_title":"","why_service_text":"","template_catalog_visible":"0","template_catalog_title":"","template_catalog_text":"","template_catalog_categories_visible":"","demo_title":"Cr\u00e9ez votre application de menu de restaurant","demo_caption":"Configurez votre menu de restaurant et ajoutez-le \u00e0 votre site Web WooCommerce gratuitement !","default_faq_hidden":"","app_template_category":[],"platform":"397","template_public_id":"","codecanyon_url":"","codecanyon_item_id":"","codecanyon_price":"","pricing_caption":"","pricing_elfsight_apps_hide_column":"","pricing_elfsight_apps_url":"","pricing_codecanyon_price_caption":"","integration_category":[],"integration_request_title":"","integration_request_cta":"","integration_platform":"","integrations":[],"platform_category":[],"video_schema_markup":"","price":"\u00e0 partir de 0$ \/ mois","trial":"","benefits":[{"text":"Service d'installation gratuit"},{"text":"Service client comp\u00e9tent"},{"text":"Garantie de remboursement de 14 jours"},{"text":"Am\u00e9liorations gratuites et continues"}],"button_url":"","button_target_blank":"0","button_nofollow":"0","attributes":[{"name":"Installations","content":"10,000 - 100,000"},{"name":"Sensible","content":"Oui"},{"name":"Navigateurs compatibles","content":"Firefox, Safari, Opera, Chrome, Edge"}],"tags":[],"tags_disable_links":"0","hide_more_platforms":"","video_object":"","demo_hide_cta":"0","demo_hide_cloud_options":"0","pricing_title":"","pricing":[{"pricing_icon":"platform","pricing_title":"Elfsight Apps","pricing_title_caption":"Version multiplateforme qui fonctionne sur n'importe quel site Web","pricing_price":"from $0 \/ month","pricing_price_caption":"commencez avec un forfait gratuit","pricing_benefits":[{"text":"Domaines illimit\u00e9s"},{"text":"Assistance premium et ponctuelle"},{"text":"Assistance \u00e0 l'installation gratuite"},{"text":"Conception flexible"}],"pricing_button_text":"Ajouter au site Web","pricing_button_url":"#demo"}],"related_apps_title":"","related_apps_hidden":"0","author":"","image":[],"title":"","job":"","social_networks":[]},"_links":{"self":[{"href":"https:\/\/elfsight.com\/fr\/wp-json\/wp\/v2\/pages\/10035","targetHints":{"allow":["GET"]}}],"collection":[{"href":"https:\/\/elfsight.com\/fr\/wp-json\/wp\/v2\/pages"}],"about":[{"href":"https:\/\/elfsight.com\/fr\/wp-json\/wp\/v2\/types\/page"}],"author":[{"embeddable":true,"href":"https:\/\/elfsight.com\/fr\/wp-json\/wp\/v2\/users\/9"}],"replies":[{"embeddable":true,"href":"https:\/\/elfsight.com\/fr\/wp-json\/wp\/v2\/comments?post=10035"}],"version-history":[{"count":2,"href":"https:\/\/elfsight.com\/fr\/wp-json\/wp\/v2\/pages\/10035\/revisions"}],"predecessor-version":[{"id":16128,"href":"https:\/\/elfsight.com\/fr\/wp-json\/wp\/v2\/pages\/10035\/revisions\/16128"}],"up":[{"embeddable":true,"href":"https:\/\/elfsight.com\/fr\/wp-json\/wp\/v2\/pages\/2842"}],"wp:attachment":[{"href":"https:\/\/elfsight.com\/fr\/wp-json\/wp\/v2\/media?parent=10035"}],"curies":[{"name":"wp","href":"https:\/\/api.w.org\/{rel}","templated":true}]}}