{"id":10021,"date":"1970-01-01T00:00:00","date_gmt":"1970-01-01T00:00:00","guid":{"rendered":"https:\/\/elfsight.com\/fr\/?page_id=10021"},"modified":"2025-07-10T13:13:41","modified_gmt":"2025-07-10T13:13:41","slug":"jimdo","status":"publish","type":"page","link":"https:\/\/elfsight.com\/fr\/restaurant-menu-widget\/jimdo\/","title":{"rendered":"Restaurant Menu &#8211; Jimdo"},"content":{"rendered":"<div class=\"application-platform-content-item-description application-platform-content-item\" id=\"description\" data-nav-section=\"description\"><h2>Description<\/h2> <p>Elfsight Restaurant Menu est un instrument pratique pour afficher votre assortiment d&rsquo;articles directement sur votre page. C&rsquo;est un excellent moyen de faire conna\u00eetre vos offres sp\u00e9ciales \u00e0 vos clients potentiels, de repr\u00e9senter des caract\u00e9ristiques uniques et de les mod\u00e9liser avec des photos de repas attrayantes. Le menu du restaurant est plut\u00f4t personnalisable. Gr\u00e2ce \u00e0 lui, vous pouvez composer une quantit\u00e9 illimit\u00e9e de menus avec une grande quantit\u00e9 d&rsquo;\u00e9l\u00e9ments. Ou pr\u00e9sentez simplement une liste concise des plats que vous servez. S\u00e9lectionnez un sch\u00e9ma clair ou sombre ou ajustez les \u00e9l\u00e9ments de votre choix, en recolorant tous les \u00e9l\u00e9ments. De plus, votre menu peut toujours rester toujours \u00e0 jour : vous pouvez corriger les prix, une liste d&rsquo;articles, ajouter de nouveaux plats ou m\u00eame des menus en un clic ! Fini les menus statiques qu\u2019il faut cr\u00e9er d\u00e8s le d\u00e9part. Commencez simplement \u00e0 cr\u00e9er votre menu fascinant d\u00e8s maintenant. <\/p><p><b>Essayez d&rsquo;utiliser Restaurant Menu pour relever vos d\u00e9fis commerciaux avec moins d&rsquo;effort\u00a0! <\/b><br><\/div> <div class=\"application-platform-content-item-features application-platform-content-item\" id=\"features\" data-nav-section=\"features\"> <h2>Consultez la liste des fonctionnalit\u00e9s les plus utiles\u00a0: <\/h2> <ul><li>Nombre illimit\u00e9 de sections, d&rsquo;\u00e9l\u00e9ments ou de menus <\/li><li>Menu toujours \u00e0 jour et facile \u00e0 modifier<\/li><li>Ajouter des titres, des l\u00e9gendes et du texte de pied de page<\/li><li>Afficher la description d\u00e9taill\u00e9e des articles, y compris les badges et les informations nutritionnelles. <\/li><li>T\u00e9l\u00e9chargez vos propres images pour les articles<\/li><li>Mettez \u00e0 jour toutes les informations \u00e0 tout moment\u00a0: prix, promotions saisonni\u00e8res, etc. <\/li><li>Ajustez le mode contextuel et s\u00e9lectionnez les fonctionnalit\u00e9s \u00e0 display<\/li><\/ul><p><a href=\"#demo\">Vous pouvez explorer toutes les fonctionnalit\u00e9s du widget dans la d\u00e9mo d\u00e8s maintenant<\/a><\/p> <\/div> <div class=\"application-platform-content-item-installation application-platform-content-item\" id=\"installation\" data-nav-section=\"installation\"> <h2>Comment ajouter un menu de restaurant \u00e0 ma page web Jimdo ? <\/h2> <p>Suivez simplement les instructions ci-dessous pour int\u00e9grer l&rsquo;outil. <\/p> <ol><li><b>Lancez notre \u00e9diteur gratuit et commencez \u00e0 cr\u00e9er votre instrument unique. <\/b><br> D\u00e9terminez l&rsquo;interface et les options pr\u00e9f\u00e9rables du widget et appliquez les corrections. <\/li> <li><b>Copiez votre code unique apparaissant dans la case sur Elfsight Apps. <\/b><br> Juste apr\u00e8s avoir termin\u00e9 la configuration de votre widget personnel, copiez le code personnel dans la case et conservez-le pour une utilisation ult\u00e9rieure. <\/li> <li><b>Commencez \u00e0 utiliser l&rsquo;outil sur votre site Jimdo. <\/b><br> Ajoutez le code que vous avez enregistr\u00e9 r\u00e9cemment sur votre site Web et enregistrez les corrections. <\/li> <li><b>Fait\u00a0! L&rsquo;int\u00e9gration est enti\u00e8rement termin\u00e9e. <\/b><br> Rendez-vous sur votre site pour voir le fonctionnement du widget. <\/li><\/ol> <p>Si vous rencontrez des difficult\u00e9s, n&rsquo;h\u00e9sitez pas \u00e0 faire appel \u00e0 notre \u00e9quipe d&rsquo;assistance. Nos sp\u00e9cialistes seront ravis de vous aider avec toutes les difficult\u00e9s que vous pourriez rencontrer avec le widget. <\/p> <div class=\"faq\" data-component=\"FAQ\"><div class=\"faq-item\">\r\n\t\t\t\t\t<div class=\"faq-item-question\">\r\n\t\t\t\t\t\t<h3 class=\"faq-item-question-text\">De quelle mani\u00e8re est-il possible d'ajouter un menu de restaurant \u00e0 mon site Jimdo sans aucune connaissance en codage ?<\/h3>\r\n\r\n\t\t\t\t\t\t<div class=\"faq-item-question-icon\"><\/div>\r\n\t\t\t\t\t<\/div>\r\n\r\n\t\t\t\t\t<div class=\"faq-item-answer\">\r\n\t\t\t\t\t\t<div class=\"faq-item-answer-text\"> <p>Elfsight propose une solution qui permet aux utilisateurs de cr\u00e9er eux-m\u00eames une section de menu de restaurant. , regardez le guide simple\u00a0: Acc\u00e9dez \u00e0 la d\u00e9mo en direct pour cr\u00e9er un plugin de menu de restaurant que vous aimeriez voir sur votre site Web Jimdo. Choisissez l&rsquo;un des nombreux mod\u00e8les pr\u00eats \u00e0 l&#8217;emploi et ajustez les param\u00e8tres du menu du restaurant, mettez \u00e0 jour votre contenu, modifiez la mise en page et la palette de couleurs sans aucun codage. Cliquez pour enregistrer les param\u00e8tres que vous avez d\u00e9finis dans le menu du restaurant et copiez le code du plugin \u00e0 int\u00e9grer, que vous pouvez simplement inclure gratuitement sur le site Jimdo. En travaillant dans l&rsquo;\u00e9diteur simple, chaque utilisateur Web peut cr\u00e9er une section de menu de restaurant en ligne et l&rsquo;inclure facilement sur le site Web Jimdo. Vous ne devez pas payer ni divulguer les donn\u00e9es de votre carte pour acc\u00e9der \u00e0 notre service. Si vous rencontrez des probl\u00e8mes \u00e0 n&rsquo;importe quelle \u00e9tape, n&rsquo;h\u00e9sitez pas \u00e0 contacter notre \u00e9quipe d&rsquo;assistance technique.<\/p> <\/div>\r\n\t\t\t\t\t<\/div>\r\n\t\t\t\t<\/div> <\/div><\/div>","protected":false},"excerpt":{"rendered":"","protected":false},"author":9,"featured_media":0,"parent":2842,"menu_order":0,"comment_status":"closed","ping_status":"closed","template":"templates\/template-application-platform.php","meta":{"publish_to_discourse":"","publish_post_category":"","wpdc_auto_publish_overridden":"","wpdc_topic_tags":"","wpdc_pin_topic":"","wpdc_pin_until":"","discourse_post_id":"","discourse_permalink":"","wpdc_publishing_response":"","wpdc_publishing_error":"","footnotes":""},"class_list":["post-10021","page","type-page","status-publish","hentry"],"yoast_head":"<!-- This site is optimized with the Yoast SEO plugin v25.3.1 - https:\/\/yoast.com\/wordpress\/plugins\/seo\/ -->\n<title>Menu de restaurant pour les sites Jimdo - rapide et gratuit<\/title>\n<meta name=\"description\" content=\"Int\u00e9grez un widget de menu de restaurant adapt\u00e9 aux mobiles sur votre page Web Jimdo. Essayez la d\u00e9mo Elfsight et modifiez votre widget en quelques secondes seulement\" \/>\n<meta name=\"robots\" content=\"index, follow, max-snippet:-1, max-image-preview:large, max-video-preview:-1\" \/>\n<link rel=\"canonical\" href=\"https:\/\/elfsight.com\/fr\/restaurant-menu-widget\/jimdo\/\" \/>\n<meta property=\"og:locale\" content=\"fr_FR\" \/>\n<meta property=\"og:type\" content=\"article\" \/>\n<meta property=\"og:title\" content=\"Menu de restaurant pour les sites Jimdo - rapide et gratuit\" \/>\n<meta property=\"og:description\" content=\"Int\u00e9grez un widget de menu de restaurant adapt\u00e9 aux mobiles sur votre page Web Jimdo. Essayez la d\u00e9mo Elfsight et modifiez votre widget en quelques secondes seulement\" \/>\n<meta property=\"og:url\" content=\"https:\/\/elfsight.com\/fr\/restaurant-menu-widget\/jimdo\/\" \/>\n<meta property=\"og:site_name\" content=\"Elfsight FR\" \/>\n<meta property=\"article:modified_time\" content=\"2025-07-10T13:13:41+00:00\" \/>\n<meta name=\"twitter:card\" content=\"summary_large_image\" \/>\n<meta name=\"twitter:label1\" content=\"Dur\u00e9e de lecture estim\u00e9e\" \/>\n\t<meta name=\"twitter:data1\" content=\"3 minutes\" \/>\n<!-- \/ Yoast SEO plugin. -->","yoast_head_json":{"title":"Menu de restaurant pour les sites Jimdo - rapide et gratuit","description":"Int\u00e9grez un widget de menu de restaurant adapt\u00e9 aux mobiles sur votre page Web Jimdo. Essayez la d\u00e9mo Elfsight et modifiez votre widget en quelques secondes seulement","robots":{"index":"index","follow":"follow","max-snippet":"max-snippet:-1","max-image-preview":"max-image-preview:large","max-video-preview":"max-video-preview:-1"},"canonical":"https:\/\/elfsight.com\/fr\/restaurant-menu-widget\/jimdo\/","og_locale":"fr_FR","og_type":"article","og_title":"Menu de restaurant pour les sites Jimdo - rapide et gratuit","og_description":"Int\u00e9grez un widget de menu de restaurant adapt\u00e9 aux mobiles sur votre page Web Jimdo. Essayez la d\u00e9mo Elfsight et modifiez votre widget en quelques secondes seulement","og_url":"https:\/\/elfsight.com\/fr\/restaurant-menu-widget\/jimdo\/","og_site_name":"Elfsight FR","article_modified_time":"2025-07-10T13:13:41+00:00","twitter_card":"summary_large_image","twitter_misc":{"Dur\u00e9e de lecture estim\u00e9e":"3 minutes"},"schema":{"@context":"https:\/\/schema.org","@graph":[{"@type":"WebPage","@id":"https:\/\/elfsight.com\/fr\/restaurant-menu-widget\/jimdo\/","url":"https:\/\/elfsight.com\/fr\/restaurant-menu-widget\/jimdo\/","name":"Menu de restaurant pour les sites Jimdo - rapide et gratuit","isPartOf":{"@id":"https:\/\/elfsight.com\/fr\/#website"},"datePublished":"1970-01-01T00:00:00+00:00","dateModified":"2025-07-10T13:13:41+00:00","description":"Int\u00e9grez un widget de menu de restaurant adapt\u00e9 aux mobiles sur votre page Web Jimdo. Essayez la d\u00e9mo Elfsight et modifiez votre widget en quelques secondes seulement","breadcrumb":{"@id":"https:\/\/elfsight.com\/fr\/restaurant-menu-widget\/jimdo\/#breadcrumb"},"inLanguage":"fr-FR","potentialAction":[{"@type":"ReadAction","target":["https:\/\/elfsight.com\/fr\/restaurant-menu-widget\/jimdo\/"]}]},{"@type":"BreadcrumbList","@id":"https:\/\/elfsight.com\/fr\/restaurant-menu-widget\/jimdo\/#breadcrumb","itemListElement":[{"@type":"ListItem","position":1,"name":"Home","item":"https:\/\/elfsight.com\/fr\/"},{"@type":"ListItem","position":2,"name":"Restaurant Menu","item":"https:\/\/elfsight.com\/fr\/restaurant-menu-widget\/"},{"@type":"ListItem","position":3,"name":"Restaurant Menu &#8211; Jimdo"}]},{"@type":"WebSite","@id":"https:\/\/elfsight.com\/fr\/#website","url":"https:\/\/elfsight.com\/fr\/","name":"Elfsight FR","description":"","potentialAction":[{"@type":"SearchAction","target":{"@type":"EntryPoint","urlTemplate":"https:\/\/elfsight.com\/fr\/?s={search_term_string}"},"query-input":{"@type":"PropertyValueSpecification","valueRequired":true,"valueName":"search_term_string"}}],"inLanguage":"fr-FR"}]}},"meta_box":{"industry":"","seo_heading":"","heading":"","description":"","cta_heading":"","cta_description":"","application":"2836","h1":"Widget Menu du Restaurant Jimdo","h1_caption":"Pr\u00e9sentez le menu de votre restaurant dans un format visuellement attrayant, facile \u00e0 mettre \u00e0 jour et convivial sur votre site Web Jimdo, sans effort.","application_category":[],"applications_title":"","applications_request_title":"","applications_request_button_text":"","hero_text":"","hero_video":"","hero_video_schema_markup":"","selling_points_title":"","selling_points_caption":"","selling_points":[],"selling_points_cta_text":"","features_title":"","features":"","ed_cta_examples_text":"","ed_cta_examples_hidden":"","ed_cta_demo_text":"","ed_cta_demo_hidden":"","why_caption":"","why_editor_title":"","why_editor_text":"","why_team_title":"","why_team_text":"","why_service_title":"","why_service_text":"","template_catalog_visible":"","template_catalog_title":"","template_catalog_text":"","template_catalog_categories_visible":"","demo_title":"Cr\u00e9ez votre widget Menu de restaurant","demo_caption":"Configurez votre menu de restaurant et ajoutez-le gratuitement \u00e0 votre site Jimdo !","default_faq_hidden":"","app_template_category":[],"platform":"372","template_public_id":"","codecanyon_url":"","codecanyon_item_id":"","codecanyon_price":"","pricing_caption":"","pricing_elfsight_apps_hide_column":"","pricing_elfsight_apps_url":"","pricing_codecanyon_price_caption":"","integration_category":[],"integration_request_title":"","integration_request_cta":"","integration_platform":"","integrations":[],"platform_category":[],"video_schema_markup":"","price":"\u00e0 partir de 0$ \/ mois","trial":"","benefits":[{"text":"Aide \u00e0 l'installation gratuite"},{"text":"Service client efficace"},{"text":"Garantie de remboursement de 14 jours"},{"text":"Mise \u00e0 jour constante"}],"button_url":"","button_target_blank":"","button_nofollow":"","attributes":[{"name":"Installations","content":"10,000 - 100,000"},{"name":"Sensible","content":"Oui"},{"name":"Navigateurs compatibles","content":"Firefox, Safari, Opera, Chrome, Edge"}],"tags":[],"tags_disable_links":"","hide_more_platforms":"","video_object":"","demo_hide_cta":"","demo_hide_cloud_options":"","pricing_title":"","pricing":[{"pricing_icon":"platform","pricing_title":"Elfsight Apps","pricing_title_caption":"Logiciel ind\u00e9pendant de la plate-forme","pricing_price":"from $0 \/ month","pricing_price_caption":"commencez avec un forfait gratuit","pricing_benefits":[{"text":"Domaines illimit\u00e9s"},{"text":"Assistance premium"},{"text":"Assistance \u00e0 l'installation gratuite"},{"text":"Enti\u00e8rement personnalisable"}],"pricing_button_text":"Ajouter au site Web","pricing_button_url":"#demo"}],"related_apps_title":"","related_apps_hidden":"","author":"","image":[],"title":"","job":"","social_networks":[]},"_links":{"self":[{"href":"https:\/\/elfsight.com\/fr\/wp-json\/wp\/v2\/pages\/10021","targetHints":{"allow":["GET"]}}],"collection":[{"href":"https:\/\/elfsight.com\/fr\/wp-json\/wp\/v2\/pages"}],"about":[{"href":"https:\/\/elfsight.com\/fr\/wp-json\/wp\/v2\/types\/page"}],"author":[{"embeddable":true,"href":"https:\/\/elfsight.com\/fr\/wp-json\/wp\/v2\/users\/9"}],"replies":[{"embeddable":true,"href":"https:\/\/elfsight.com\/fr\/wp-json\/wp\/v2\/comments?post=10021"}],"version-history":[{"count":1,"href":"https:\/\/elfsight.com\/fr\/wp-json\/wp\/v2\/pages\/10021\/revisions"}],"predecessor-version":[{"id":10025,"href":"https:\/\/elfsight.com\/fr\/wp-json\/wp\/v2\/pages\/10021\/revisions\/10025"}],"up":[{"embeddable":true,"href":"https:\/\/elfsight.com\/fr\/wp-json\/wp\/v2\/pages\/2842"}],"wp:attachment":[{"href":"https:\/\/elfsight.com\/fr\/wp-json\/wp\/v2\/media?parent=10021"}],"curies":[{"name":"wp","href":"https:\/\/api.w.org\/{rel}","templated":true}]}}