{"id":10019,"date":"1970-01-01T00:00:00","date_gmt":"1970-01-01T00:00:00","guid":{"rendered":"https:\/\/elfsight.com\/fr\/?page_id=10019"},"modified":"2025-07-10T13:09:52","modified_gmt":"2025-07-10T13:09:52","slug":"bigcommerce","status":"publish","type":"page","link":"https:\/\/elfsight.com\/fr\/radio-player-widget\/bigcommerce\/","title":{"rendered":"Radio Player &#8211; BigCommerce"},"content":{"rendered":"<div class=\"application-platform-content-item-description application-platform-content-item\" id=\"description\" data-nav-section=\"description\"> <h2>Description<\/h2> <p>Elfsight Player est une application simple vous permettant de diffuser des stations de radio directement sur les pages de votre site. Le widget est extr\u00eamement r\u00e9glable\u00a0: vous \u00eates libre de modifier son emplacement, de l&rsquo;ins\u00e9rer n&rsquo;importe o\u00f9 sur la page, de modifier sa taille, de repeindre l&rsquo;arri\u00e8re-plan et toutes les autres parties pour le combiner avec la mise en page de votre site, d&rsquo;appliquer une palette de couleurs sombres, d&rsquo;afficher les couvertures et d&rsquo;afficher ou masquer 3 \u00e9l\u00e9ments suppl\u00e9mentaires du joueur comme le titre, le statut et autres. Incluez autant de stations que vous le souhaitez pour divertir vos utilisateurs, activez la lecture automatique et n&rsquo;ayez aucun doute : vos utilisateurs ne quitteront pas votre page d&rsquo;accueil pr\u00e9cipitamment ! <\/p> <p><b>Offrez \u00e0 votre audience une toute nouvelle source de contenu utile et divertissant gr\u00e2ce \u00e0 Elfsight Radio Player pour BigCommerce.<\/b><\/p> <\/div> <div class=\"application-platform-content-item-features application-platform-content-item\" id=\"features\" data-nav-section=\"features\"> <h2>Ce ne sont l\u00e0 que quelques-unes des nombreuses fonctionnalit\u00e9s de l&rsquo;application\u00a0:<\/h2> <ul><li>Diverses modifications de couleurs.<\/li><li>Th\u00e8me de couleur sombre\/clair.<\/li><li>Deux mises en page. pr\u00eat \u00e0 l&#8217;emploi.<\/li><li>Une option pour utiliser l&rsquo;image d&rsquo;arri\u00e8re-plan.<\/li><li>Ajoutez un nombre infini de stations.<\/li><\/ul><p><a href=\"#demo\">Essayez simplement cette d\u00e9mo pour voir comment elle fonctionne<\/a><\/p> <\/div> <div class=\"application-platform-content-item-installation application-platform-content-item\" id=\"installation\" data-nav-section=\"installation\"> <h2>Comment ajouter Radio Player \u00e0 ma page Web BigCommerce\u00a0?<\/h2><div class=\"video-container\"><iframe width=\"720\" height=\"405\" src=\"https:\/\/www.youtube.com\/embed\/FXlrphETgSE\" frameborder=\"0\" allowfullscreen><\/iframe><\/div><p>Appliquez simplement les instructions ci-dessous pour int\u00e9grer l&rsquo;application.<\/p> <ol><li><b>Utilisez notre d\u00e9mo gratuite et commencez \u00e0 fa\u00e7onner votre widget personnalis\u00e9. <\/b><br> Sp\u00e9cifiez la conception et les caract\u00e9ristiques pr\u00e9f\u00e9r\u00e9es du widget et enregistrez toutes les modifications. <\/li> <li><b>Copiez votre code personnel qui appara\u00eet dans le formulaire sp\u00e9cial sur les applications Elfsight. <\/b><br> Une fois la g\u00e9n\u00e9ration de votre widget termin\u00e9e, copiez le code exclusif de la case apparue et conservez-le pour une utilisation ult\u00e9rieure. <\/li> <li><b>Initiez l&rsquo;application du widget sur votre site BigCommerce. <\/b><br> Impl\u00e9mentez le code que vous avez copi\u00e9 r\u00e9cemment dans votre site et enregistrez les modifications. <\/li> <li><b>La configuration est enti\u00e8rement effectu\u00e9e. <\/b><br> Ouvrez votre page Web pour observer les performances du widget. <\/li><\/ol><p>Si vous rencontrez des difficult\u00e9s, n&rsquo;h\u00e9sitez pas \u00e0 contacter notre service client. Nos collaborateurs sont impatients de r\u00e9soudre toutes les difficult\u00e9s que vous pourriez rencontrer avec le widget.<\/p> <\/div>","protected":false},"excerpt":{"rendered":"","protected":false},"author":9,"featured_media":0,"parent":2723,"menu_order":0,"comment_status":"closed","ping_status":"closed","template":"templates\/template-application-platform.php","meta":{"publish_to_discourse":"","publish_post_category":"","wpdc_auto_publish_overridden":"","wpdc_topic_tags":"","wpdc_pin_topic":"","wpdc_pin_until":"","discourse_post_id":"","discourse_permalink":"","wpdc_publishing_response":"","wpdc_publishing_error":"","footnotes":""},"class_list":["post-10019","page","type-page","status-publish","hentry"],"yoast_head":"<!-- This site is optimized with the Yoast SEO plugin v25.3.1 - https:\/\/yoast.com\/wordpress\/plugins\/seo\/ -->\n<title>Application Radio Player pour le site Web BigCommerce (rapide et gratuite)<\/title>\n<meta name=\"description\" content=\"Int\u00e9grez une application Radio Player r\u00e9active \u00e0 votre site Web BigCommerce. Utilisez notre d\u00e9mo pratique et g\u00e9n\u00e9rez votre widget Radio sans effort !\" \/>\n<meta name=\"robots\" content=\"index, follow, max-snippet:-1, max-image-preview:large, max-video-preview:-1\" \/>\n<link rel=\"canonical\" href=\"https:\/\/elfsight.com\/fr\/radio-player-widget\/bigcommerce\/\" \/>\n<meta property=\"og:locale\" content=\"fr_FR\" \/>\n<meta property=\"og:type\" content=\"article\" \/>\n<meta property=\"og:title\" content=\"Application Radio Player pour le site Web BigCommerce (rapide et gratuite)\" \/>\n<meta property=\"og:description\" content=\"Int\u00e9grez une application Radio Player r\u00e9active \u00e0 votre site Web BigCommerce. Utilisez notre d\u00e9mo pratique et g\u00e9n\u00e9rez votre widget Radio sans effort !\" \/>\n<meta property=\"og:url\" content=\"https:\/\/elfsight.com\/fr\/radio-player-widget\/bigcommerce\/\" \/>\n<meta property=\"og:site_name\" content=\"Elfsight FR\" \/>\n<meta property=\"article:modified_time\" content=\"2025-07-10T13:09:52+00:00\" \/>\n<meta name=\"twitter:card\" content=\"summary_large_image\" \/>\n<meta name=\"twitter:label1\" content=\"Dur\u00e9e de lecture estim\u00e9e\" \/>\n\t<meta name=\"twitter:data1\" content=\"2 minutes\" \/>\n<!-- \/ Yoast SEO plugin. -->","yoast_head_json":{"title":"Application Radio Player pour le site Web BigCommerce (rapide et gratuite)","description":"Int\u00e9grez une application Radio Player r\u00e9active \u00e0 votre site Web BigCommerce. Utilisez notre d\u00e9mo pratique et g\u00e9n\u00e9rez votre widget Radio sans effort !","robots":{"index":"index","follow":"follow","max-snippet":"max-snippet:-1","max-image-preview":"max-image-preview:large","max-video-preview":"max-video-preview:-1"},"canonical":"https:\/\/elfsight.com\/fr\/radio-player-widget\/bigcommerce\/","og_locale":"fr_FR","og_type":"article","og_title":"Application Radio Player pour le site Web BigCommerce (rapide et gratuite)","og_description":"Int\u00e9grez une application Radio Player r\u00e9active \u00e0 votre site Web BigCommerce. Utilisez notre d\u00e9mo pratique et g\u00e9n\u00e9rez votre widget Radio sans effort !","og_url":"https:\/\/elfsight.com\/fr\/radio-player-widget\/bigcommerce\/","og_site_name":"Elfsight FR","article_modified_time":"2025-07-10T13:09:52+00:00","twitter_card":"summary_large_image","twitter_misc":{"Dur\u00e9e de lecture estim\u00e9e":"2 minutes"},"schema":{"@context":"https:\/\/schema.org","@graph":[{"@type":"WebPage","@id":"https:\/\/elfsight.com\/fr\/radio-player-widget\/bigcommerce\/","url":"https:\/\/elfsight.com\/fr\/radio-player-widget\/bigcommerce\/","name":"Application Radio Player pour le site Web BigCommerce (rapide et gratuite)","isPartOf":{"@id":"https:\/\/elfsight.com\/fr\/#website"},"datePublished":"1970-01-01T00:00:00+00:00","dateModified":"2025-07-10T13:09:52+00:00","description":"Int\u00e9grez une application Radio Player r\u00e9active \u00e0 votre site Web BigCommerce. Utilisez notre d\u00e9mo pratique et g\u00e9n\u00e9rez votre widget Radio sans effort !","breadcrumb":{"@id":"https:\/\/elfsight.com\/fr\/radio-player-widget\/bigcommerce\/#breadcrumb"},"inLanguage":"fr-FR","potentialAction":[{"@type":"ReadAction","target":["https:\/\/elfsight.com\/fr\/radio-player-widget\/bigcommerce\/"]}]},{"@type":"BreadcrumbList","@id":"https:\/\/elfsight.com\/fr\/radio-player-widget\/bigcommerce\/#breadcrumb","itemListElement":[{"@type":"ListItem","position":1,"name":"Home","item":"https:\/\/elfsight.com\/fr\/"},{"@type":"ListItem","position":2,"name":"Radio Player","item":"https:\/\/elfsight.com\/fr\/radio-player-widget\/"},{"@type":"ListItem","position":3,"name":"Radio Player &#8211; BigCommerce"}]},{"@type":"WebSite","@id":"https:\/\/elfsight.com\/fr\/#website","url":"https:\/\/elfsight.com\/fr\/","name":"Elfsight FR","description":"","potentialAction":[{"@type":"SearchAction","target":{"@type":"EntryPoint","urlTemplate":"https:\/\/elfsight.com\/fr\/?s={search_term_string}"},"query-input":{"@type":"PropertyValueSpecification","valueRequired":true,"valueName":"search_term_string"}}],"inLanguage":"fr-FR"}]}},"meta_box":{"industry":"","seo_heading":"","heading":"","description":"","cta_heading":"","cta_description":"","application":"2722","h1":"Application BigCommerce Radio Player","h1_caption":"Ajoutez un flux radio en direct \u00e0 votre site Web avec un lecteur personnalisable qui adapte sans effort votre image de marque \u00e0 votre site Web BigCommerce.","application_category":[],"applications_title":"","applications_request_title":"","applications_request_button_text":"","hero_text":"","hero_video":"","hero_video_schema_markup":"","selling_points_title":"","selling_points_caption":"","selling_points":[],"selling_points_cta_text":"","features_title":"","features":"","ed_cta_examples_text":"","ed_cta_examples_hidden":"","ed_cta_demo_text":"","ed_cta_demo_hidden":"","why_caption":"","why_editor_title":"","why_editor_text":"","why_team_title":"","why_team_text":"","why_service_title":"","why_service_text":"","template_catalog_visible":"","template_catalog_title":"","template_catalog_text":"","template_catalog_categories_visible":"","demo_title":"Cr\u00e9ez votre application Radio Player","demo_caption":"Configurez votre Radio Player et ajoutez-le gratuitement \u00e0 votre site BigCommerce !","default_faq_hidden":"","app_template_category":[],"platform":"347","template_public_id":"","codecanyon_url":"","codecanyon_item_id":"","codecanyon_price":"","pricing_caption":"","pricing_elfsight_apps_hide_column":"","pricing_elfsight_apps_url":"","pricing_codecanyon_price_caption":"","integration_category":[],"integration_request_title":"","integration_request_cta":"","integration_platform":"","integrations":[],"platform_category":[],"video_schema_markup":"","price":"\u00e0 partir de 0$ \/ mois","trial":"","benefits":[{"text":"Service d'installation gratuit"},{"text":"Service client comp\u00e9tent"},{"text":"Garantie de remboursement de 14 jours"},{"text":"Futures mises \u00e0 jour gratuites"}],"button_url":"","button_target_blank":"","button_nofollow":"","attributes":[{"name":"Installations","content":"10,000 - 100,000"},{"name":"Sensible","content":"Oui"},{"name":"Navigateurs compatibles","content":"Firefox, Safari, Opera, Chrome, Edge"}],"tags":[],"tags_disable_links":"","hide_more_platforms":"","video_object":"","demo_hide_cta":"","demo_hide_cloud_options":"","pricing_title":"","pricing":[{"pricing_icon":"platform","pricing_title":"Elfsight Apps","pricing_title_caption":"Logiciel ind\u00e9pendant de la plate-forme qui convient \u00e0 n'importe quel site","pricing_price":"from $0 \/ month","pricing_price_caption":"commencez avec un forfait gratuit","pricing_benefits":[{"text":"Sites Web illimit\u00e9s"},{"text":"Support client 24h\/24 et 7j\/7 et bien document\u00e9"},{"text":"Assistance \u00e0 l'installation gratuite"},{"text":"Conception flexible"}],"pricing_button_text":"Ajouter au site Web","pricing_button_url":"#demo"}],"related_apps_title":"","related_apps_hidden":"","author":"","image":[],"title":"","job":"","social_networks":[]},"_links":{"self":[{"href":"https:\/\/elfsight.com\/fr\/wp-json\/wp\/v2\/pages\/10019","targetHints":{"allow":["GET"]}}],"collection":[{"href":"https:\/\/elfsight.com\/fr\/wp-json\/wp\/v2\/pages"}],"about":[{"href":"https:\/\/elfsight.com\/fr\/wp-json\/wp\/v2\/types\/page"}],"author":[{"embeddable":true,"href":"https:\/\/elfsight.com\/fr\/wp-json\/wp\/v2\/users\/9"}],"replies":[{"embeddable":true,"href":"https:\/\/elfsight.com\/fr\/wp-json\/wp\/v2\/comments?post=10019"}],"version-history":[{"count":1,"href":"https:\/\/elfsight.com\/fr\/wp-json\/wp\/v2\/pages\/10019\/revisions"}],"predecessor-version":[{"id":10023,"href":"https:\/\/elfsight.com\/fr\/wp-json\/wp\/v2\/pages\/10019\/revisions\/10023"}],"up":[{"embeddable":true,"href":"https:\/\/elfsight.com\/fr\/wp-json\/wp\/v2\/pages\/2723"}],"wp:attachment":[{"href":"https:\/\/elfsight.com\/fr\/wp-json\/wp\/v2\/media?parent=10019"}],"curies":[{"name":"wp","href":"https:\/\/api.w.org\/{rel}","templated":true}]}}