{"id":10018,"date":"1970-01-01T00:00:00","date_gmt":"1970-01-01T00:00:00","guid":{"rendered":"https:\/\/elfsight.com\/fr\/?page_id=10018"},"modified":"2025-07-10T13:09:59","modified_gmt":"2025-07-10T13:09:59","slug":"blogger","status":"publish","type":"page","link":"https:\/\/elfsight.com\/fr\/radio-player-widget\/blogger\/","title":{"rendered":"Radio Player &#8211; Blogger"},"content":{"rendered":"<div class=\"application-platform-content-item-description application-platform-content-item\" id=\"description\" data-nav-section=\"description\"> <h2>Description<\/h2> <p>Elfsight Player est un simple widget vous permettant de diffuser des stations de radio directement sur votre page Web. L&rsquo;outil est extr\u00eamement modifiable\u00a0: vous pouvez modifier sa position, le d\u00e9finir n&rsquo;importe o\u00f9 sur la page, modifier sa taille, repeindre l&rsquo;arri\u00e8re-plan et toutes les autres parties pour le combiner avec le style de votre site Web, appliquer une palette de couleurs sombres, d\u00e9montrer des images et d\u00e9montrer ou masquer trois des composants de joueur suppl\u00e9mentaires tels que le titre, le statut et autres. Vous pouvez t\u00e9l\u00e9charger autant de stations que vous le souhaitez pour ravir vos utilisateurs, activer la lecture automatique et soyez-en s\u00fbr : votre public ne quittera pas votre site pr\u00e9cipitamment ! <\/p> <p><b>Pr\u00e9sentez \u00e0 vos utilisateurs une source suppl\u00e9mentaire de contenu utile et int\u00e9ressant en utilisant Elfsight Streaming Radio pour Blogger<\/b><\/p> <\/div> <div class=\"application-platform-content-item-features application-platform-content-item\" id=\"features\" data-nav-section=\"features\"> <h2> Voici les principales caract\u00e9ristiques du widget\u00a0:<\/h2> <ul><li>De nombreuses variations de couleurs.<\/li><li>Th\u00e8me de couleur sombre\/clair.<\/li><li>Deux mises en page applicables.<\/li> <li>Possibilit\u00e9 d&rsquo;ajouter une image de fond.<\/li><li>Adjectez un nombre infini de stations.<\/li><\/ul><p><a href=\"#demo\">Explorez toutes les fonctionnalit\u00e9s de personnalisation \u00e0 100\u00a0% d\u00e9mo fonctionnelle<\/a><\/p> <\/div> <div class=\"application-platform-content-item-installation application-platform-content-item\" id=\"installation\" data-nav-section=\"installation\"> <h2>Comment puis-je int\u00e9grer Radio Player dans ma page Web Blogger\u00a0?<\/h2> <div class=\"video-container\"><iframe width=\"720\" height=\"405\" src=\"https:\/\/www.youtube.com\/embed\/TGUTfHUOukk\" frameborder=\"0\" allowfullscreen><\/iframe><\/div><p>Prenez simplement suivez les \u00e9tapes suivantes pr\u00e9sent\u00e9es ci-dessous pour commencer \u00e0 utiliser l&rsquo;outil.<\/p> <ol><li><b>G\u00e9rez notre configurateur gratuit et commencez \u00e0 cr\u00e9er votre widget personnalis\u00e9.<\/b><br> Choisissez l&rsquo;apparence et les aspects pr\u00e9f\u00e9r\u00e9s du plugin. et appliquez les modifications.<\/li> <li><b>Recevez votre code unique affich\u00e9 dans le formulaire sp\u00e9cial sur Elfsight Apps.<\/b><br> D\u00e8s que l&rsquo;installation de votre plugin est termin\u00e9e, copiez le code personnel dans la fen\u00eatre contextuelle qui appara\u00eet et enregistrez-le pour une occasion ult\u00e9rieure.<\/li> <li><b>Commencez l&rsquo;application de la radio en streaming sur votre page Web Blogger.<\/b><br> Impl\u00e9mentez le code enregistr\u00e9 r\u00e9cemment dans votre page et appliquez-le. les am\u00e9liorations. <\/li> <li><b>Vous avez termin\u00e9\u00a0! L&rsquo;int\u00e9gration s&rsquo;est termin\u00e9e avec succ\u00e8s.<\/b><br> Acc\u00e9dez \u00e0 votre site Web pour examiner les performances du plugin.<\/li><\/ol> <p>Si vous rencontrez des questions ou rencontrez des obstacles, veuillez faire appel \u00e0 notre le personnel de soutien. Nos consultants ont h\u00e2te de vous aider avec tous les probl\u00e8mes que vous pourriez rencontrer avec le produit.<\/p> <\/div>","protected":false},"excerpt":{"rendered":"","protected":false},"author":9,"featured_media":0,"parent":2723,"menu_order":0,"comment_status":"closed","ping_status":"closed","template":"templates\/template-application-platform.php","meta":{"publish_to_discourse":"","publish_post_category":"","wpdc_auto_publish_overridden":"","wpdc_topic_tags":"","wpdc_pin_topic":"","wpdc_pin_until":"","discourse_post_id":"","discourse_permalink":"","wpdc_publishing_response":"","wpdc_publishing_error":"","footnotes":""},"class_list":["post-10018","page","type-page","status-publish","hentry"],"yoast_head":"<!-- This site is optimized with the Yoast SEO plugin v25.3.1 - https:\/\/yoast.com\/wordpress\/plugins\/seo\/ -->\n<title>Widget Streaming Radio Player pour le site Web Blogger (gratuit et facile)<\/title>\n<meta name=\"description\" content=\"Int\u00e9grez un widget Streaming Radio Player \u00e0 votre site Web Blogger. Appliquez notre d\u00e9mo pratique et cr\u00e9ez votre plugin Radio sans effort !\" \/>\n<meta name=\"robots\" content=\"index, follow, max-snippet:-1, max-image-preview:large, max-video-preview:-1\" \/>\n<link rel=\"canonical\" href=\"https:\/\/elfsight.com\/fr\/radio-player-widget\/blogger\/\" \/>\n<meta property=\"og:locale\" content=\"fr_FR\" \/>\n<meta property=\"og:type\" content=\"article\" \/>\n<meta property=\"og:title\" content=\"Widget Streaming Radio Player pour le site Web Blogger (gratuit et facile)\" \/>\n<meta property=\"og:description\" content=\"Int\u00e9grez un widget Streaming Radio Player \u00e0 votre site Web Blogger. Appliquez notre d\u00e9mo pratique et cr\u00e9ez votre plugin Radio sans effort !\" \/>\n<meta property=\"og:url\" content=\"https:\/\/elfsight.com\/fr\/radio-player-widget\/blogger\/\" \/>\n<meta property=\"og:site_name\" content=\"Elfsight FR\" \/>\n<meta property=\"article:modified_time\" content=\"2025-07-10T13:09:59+00:00\" \/>\n<meta name=\"twitter:card\" content=\"summary_large_image\" \/>\n<meta name=\"twitter:label1\" content=\"Dur\u00e9e de lecture estim\u00e9e\" \/>\n\t<meta name=\"twitter:data1\" content=\"2 minutes\" \/>\n<!-- \/ Yoast SEO plugin. -->","yoast_head_json":{"title":"Widget Streaming Radio Player pour le site Web Blogger (gratuit et facile)","description":"Int\u00e9grez un widget Streaming Radio Player \u00e0 votre site Web Blogger. Appliquez notre d\u00e9mo pratique et cr\u00e9ez votre plugin Radio sans effort !","robots":{"index":"index","follow":"follow","max-snippet":"max-snippet:-1","max-image-preview":"max-image-preview:large","max-video-preview":"max-video-preview:-1"},"canonical":"https:\/\/elfsight.com\/fr\/radio-player-widget\/blogger\/","og_locale":"fr_FR","og_type":"article","og_title":"Widget Streaming Radio Player pour le site Web Blogger (gratuit et facile)","og_description":"Int\u00e9grez un widget Streaming Radio Player \u00e0 votre site Web Blogger. Appliquez notre d\u00e9mo pratique et cr\u00e9ez votre plugin Radio sans effort !","og_url":"https:\/\/elfsight.com\/fr\/radio-player-widget\/blogger\/","og_site_name":"Elfsight FR","article_modified_time":"2025-07-10T13:09:59+00:00","twitter_card":"summary_large_image","twitter_misc":{"Dur\u00e9e de lecture estim\u00e9e":"2 minutes"},"schema":{"@context":"https:\/\/schema.org","@graph":[{"@type":"WebPage","@id":"https:\/\/elfsight.com\/fr\/radio-player-widget\/blogger\/","url":"https:\/\/elfsight.com\/fr\/radio-player-widget\/blogger\/","name":"Widget Streaming Radio Player pour le site Web Blogger (gratuit et facile)","isPartOf":{"@id":"https:\/\/elfsight.com\/fr\/#website"},"datePublished":"1970-01-01T00:00:00+00:00","dateModified":"2025-07-10T13:09:59+00:00","description":"Int\u00e9grez un widget Streaming Radio Player \u00e0 votre site Web Blogger. Appliquez notre d\u00e9mo pratique et cr\u00e9ez votre plugin Radio sans effort !","breadcrumb":{"@id":"https:\/\/elfsight.com\/fr\/radio-player-widget\/blogger\/#breadcrumb"},"inLanguage":"fr-FR","potentialAction":[{"@type":"ReadAction","target":["https:\/\/elfsight.com\/fr\/radio-player-widget\/blogger\/"]}]},{"@type":"BreadcrumbList","@id":"https:\/\/elfsight.com\/fr\/radio-player-widget\/blogger\/#breadcrumb","itemListElement":[{"@type":"ListItem","position":1,"name":"Home","item":"https:\/\/elfsight.com\/fr\/"},{"@type":"ListItem","position":2,"name":"Radio Player","item":"https:\/\/elfsight.com\/fr\/radio-player-widget\/"},{"@type":"ListItem","position":3,"name":"Radio Player &#8211; Blogger"}]},{"@type":"WebSite","@id":"https:\/\/elfsight.com\/fr\/#website","url":"https:\/\/elfsight.com\/fr\/","name":"Elfsight FR","description":"","potentialAction":[{"@type":"SearchAction","target":{"@type":"EntryPoint","urlTemplate":"https:\/\/elfsight.com\/fr\/?s={search_term_string}"},"query-input":{"@type":"PropertyValueSpecification","valueRequired":true,"valueName":"search_term_string"}}],"inLanguage":"fr-FR"}]}},"meta_box":{"industry":"","seo_heading":"","heading":"","description":"","cta_heading":"","cta_description":"","application":"2722","h1":"Widget Lecteur Radio Blogger","h1_caption":"Ajoutez un flux radio en direct \u00e0 votre site Web avec un lecteur personnalisable qui adapte facilement votre image de marque \u00e0 votre site Web Blogger.","application_category":[],"applications_title":"","applications_request_title":"","applications_request_button_text":"","hero_text":"","hero_video":"","hero_video_schema_markup":"","selling_points_title":"","selling_points_caption":"","selling_points":[],"selling_points_cta_text":"","features_title":"","features":"","ed_cta_examples_text":"","ed_cta_examples_hidden":"","ed_cta_demo_text":"","ed_cta_demo_hidden":"","why_caption":"","why_editor_title":"","why_editor_text":"","why_team_title":"","why_team_text":"","why_service_title":"","why_service_text":"","template_catalog_visible":"","template_catalog_title":"","template_catalog_text":"","template_catalog_categories_visible":"","demo_title":"Cr\u00e9ez votre widget Lecteur Radio","demo_caption":"Configurez votre Player Radio et ajoutez-le gratuitement \u00e0 votre site Blogger\u00a0!","default_faq_hidden":"","app_template_category":[],"platform":"348","template_public_id":"","codecanyon_url":"","codecanyon_item_id":"","codecanyon_price":"","pricing_caption":"","pricing_elfsight_apps_hide_column":"","pricing_elfsight_apps_url":"","pricing_codecanyon_price_caption":"","integration_category":[],"integration_request_title":"","integration_request_cta":"","integration_platform":"","integrations":[],"platform_category":[],"video_schema_markup":"","price":"\u00e0 partir de 0$ \/ mois","trial":"","benefits":[{"text":"Aide \u00e0 l'installation gratuite"},{"text":"Service client efficace"},{"text":"Garantie de remboursement de 14 jours"},{"text":"Mises \u00e0 jour gratuites \u00e0 vie"}],"button_url":"","button_target_blank":"","button_nofollow":"","attributes":[{"name":"Installations","content":"10,000 - 100,000"},{"name":"Sensible","content":"Oui"},{"name":"Navigateurs compatibles","content":"Firefox, Safari, Opera, Chrome, Edge"}],"tags":[],"tags_disable_links":"","hide_more_platforms":"","video_object":"","demo_hide_cta":"","demo_hide_cloud_options":"","pricing_title":"","pricing":[{"pricing_icon":"platform","pricing_title":"Elfsight Apps","pricing_title_caption":"Version multiplateforme qui fonctionne sur n'importe quel site","pricing_price":"from $0 \/ month","pricing_price_caption":"commencez avec un forfait gratuit","pricing_benefits":[{"text":"Domaines illimit\u00e9s"},{"text":"Accompagnement professionnel et bien document\u00e9"},{"text":"Service d'installation gratuit"},{"text":"Enti\u00e8rement personnalisable"}],"pricing_button_text":"Ajouter au site Web","pricing_button_url":"#demo"}],"related_apps_title":"","related_apps_hidden":"","author":"","image":[],"title":"","job":"","social_networks":[]},"_links":{"self":[{"href":"https:\/\/elfsight.com\/fr\/wp-json\/wp\/v2\/pages\/10018","targetHints":{"allow":["GET"]}}],"collection":[{"href":"https:\/\/elfsight.com\/fr\/wp-json\/wp\/v2\/pages"}],"about":[{"href":"https:\/\/elfsight.com\/fr\/wp-json\/wp\/v2\/types\/page"}],"author":[{"embeddable":true,"href":"https:\/\/elfsight.com\/fr\/wp-json\/wp\/v2\/users\/9"}],"replies":[{"embeddable":true,"href":"https:\/\/elfsight.com\/fr\/wp-json\/wp\/v2\/comments?post=10018"}],"version-history":[{"count":1,"href":"https:\/\/elfsight.com\/fr\/wp-json\/wp\/v2\/pages\/10018\/revisions"}],"predecessor-version":[{"id":10022,"href":"https:\/\/elfsight.com\/fr\/wp-json\/wp\/v2\/pages\/10018\/revisions\/10022"}],"up":[{"embeddable":true,"href":"https:\/\/elfsight.com\/fr\/wp-json\/wp\/v2\/pages\/2723"}],"wp:attachment":[{"href":"https:\/\/elfsight.com\/fr\/wp-json\/wp\/v2\/media?parent=10018"}],"curies":[{"name":"wp","href":"https:\/\/api.w.org\/{rel}","templated":true}]}}