{"id":10013,"date":"1970-01-01T00:00:00","date_gmt":"1970-01-01T00:00:00","guid":{"rendered":"https:\/\/elfsight.com\/fr\/?page_id=10013"},"modified":"2024-12-19T10:41:27","modified_gmt":"2024-12-19T10:41:27","slug":"drupal","status":"publish","type":"page","link":"https:\/\/elfsight.com\/fr\/radio-player-widget\/drupal\/","title":{"rendered":"Radio Player &#8211; Drupal"},"content":{"rendered":"\n<div class=\"application-platform-content-item-description application-platform-content-item\" id=\"description\" data-nav-section=\"description\"> <h2>Description<\/h2> <p>Le module Elfsight Radio est un outil simple vous donnant la possibilit\u00e9 de lire des stations de radio directement sur votre site Web. Le widget est remarquablement r\u00e9glable\u00a0: vous pouvez changer sa position, l&rsquo;int\u00e9grer n&rsquo;importe o\u00f9 sur la page, changer sa taille, recolorer l&rsquo;arri\u00e8re-plan et tous les autres \u00e9l\u00e9ments pour le m\u00e9langer avec le design de votre site Web, appliquer un th\u00e8me sombre, afficher les couvertures et afficher ou masquer trois autres parties du joueur, par exemple le titre, le statut et plus encore. Ajoutez autant de stations que vous le souhaitez pour divertir vos visiteurs, activez l&rsquo;option de lecture automatique et n&rsquo;h\u00e9sitez pas, votre audience ne quittera pas votre site de sit\u00f4t ! <\/p> <p><b>Fournissez \u00e0 vos visiteurs une source suppl\u00e9mentaire de contenu utile et divertissant en utilisant Radio Player pour Drupal<\/b><\/p> <\/div> <div class=\"application-platform-content-item-features application-platform-content-item\" id=\"features\" data-nav-section=\"features\"> <h2> D\u00e9couvrez la liste des fonctionnalit\u00e9s les plus utiles\u00a0: <\/h2> <ul><li>De nombreuses modifications de couleurs. <\/li><li>Th\u00e8me de couleur sombre\/clair. <\/li><li>2 mises en page disponibles. <\/li><li>Une opportunit\u00e9 d&rsquo;ajouter une image d&rsquo;arri\u00e8re-plan. <\/li><li>Ajoutez un nombre illimit\u00e9 de stations<\/li><\/ul><p><a href=\"#demo\">Cochez simplement cette d\u00e9mo pour voir comment cela fonctionne<\/a><\/p> <\/div> <div class=\"application-platform-content-item-installation application-platform-content-item\" id=\"installation\" data-nav-section=\"installation\"> <h2>Comment ajouter Radio Player sur mon site Drupal ?<\/h2><div class=\"video-container\"><iframe width=\"720\" height=\"405\" src=\"https:\/\/www.youtube.com\/embed\/PLMlzTHsVPM\" frameborder=\"0\" allowfullscreen><\/iframe><\/div><p>Suivez simplement les instructions ci-dessous pour activer le module.<\/p> <ol><li><b>Utilisez notre \u00e9diteur gratuit et commencez \u00e0 travailler avec votre module personnalis\u00e9. <\/b><br> Choisissez l&rsquo;interface personnalis\u00e9e et les sp\u00e9cifications du module et appliquez toutes les corrections. <\/li> <li><b>Copiez votre code personnel qui appara\u00eet dans la bo\u00eete sur les applications Elfsight. <\/b><br> Juste apr\u00e8s la g\u00e9n\u00e9ration de votre module, copiez votre code depuis la bo\u00eete qui appara\u00eet et enregistrez-le pour une utilisation ult\u00e9rieure. <\/li> <li><b>Initier l&#8217;emploi du module sur le site Drupal. <\/b><br> Int\u00e9grez le code que vous avez enregistr\u00e9 r\u00e9cemment dans votre page Web et enregistrez les modifications. <\/li> <li><b>L&rsquo;installation s&rsquo;est termin\u00e9e avec succ\u00e8s. <\/b><br> Visitez votre site pour examiner les performances du module. <\/li><\/ol><p>Si vous rencontrez des difficult\u00e9s, veuillez vous adresser \u00e0 notre service client. Nos consultants seront ravis de r\u00e9soudre toutes les questions que vous pourriez avoir avec le produit.<\/p> <\/div>\n","protected":false},"excerpt":{"rendered":"","protected":false},"author":9,"featured_media":0,"parent":2723,"menu_order":0,"comment_status":"closed","ping_status":"closed","template":"templates\/template-application-platform.php","meta":{"publish_to_discourse":"","publish_post_category":"","wpdc_auto_publish_overridden":"","wpdc_topic_tags":"","wpdc_pin_topic":"","wpdc_pin_until":"","discourse_post_id":"","discourse_permalink":"","wpdc_publishing_response":"","wpdc_publishing_error":"","footnotes":""},"class_list":["post-10013","page","type-page","status-publish","hentry"],"yoast_head":"<!-- This site is optimized with the Yoast SEO plugin v25.3.1 - https:\/\/yoast.com\/wordpress\/plugins\/seo\/ -->\n<title>Widget Streaming Radio Player pour le site Drupal (gratuit et facile)<\/title>\n<meta name=\"description\" content=\"Int\u00e9grez un module Radio r\u00e9actif \u00e0 votre site Web Drupal. Utilisez notre d\u00e9mo pratique et g\u00e9n\u00e9rez votre widget Radio sans effort !\" \/>\n<meta name=\"robots\" content=\"index, follow, max-snippet:-1, max-image-preview:large, max-video-preview:-1\" \/>\n<link rel=\"canonical\" href=\"https:\/\/elfsight.com\/fr\/radio-player-widget\/drupal\/\" \/>\n<meta property=\"og:locale\" content=\"fr_FR\" \/>\n<meta property=\"og:type\" content=\"article\" \/>\n<meta property=\"og:title\" content=\"Widget Streaming Radio Player pour le site Drupal (gratuit et facile)\" \/>\n<meta property=\"og:description\" content=\"Int\u00e9grez un module Radio r\u00e9actif \u00e0 votre site Web Drupal. Utilisez notre d\u00e9mo pratique et g\u00e9n\u00e9rez votre widget Radio sans effort !\" \/>\n<meta property=\"og:url\" content=\"https:\/\/elfsight.com\/fr\/radio-player-widget\/drupal\/\" \/>\n<meta property=\"og:site_name\" content=\"Elfsight FR\" \/>\n<meta property=\"article:modified_time\" content=\"2024-12-19T10:41:27+00:00\" \/>\n<meta name=\"twitter:card\" content=\"summary_large_image\" \/>\n<meta name=\"twitter:label1\" content=\"Dur\u00e9e de lecture estim\u00e9e\" \/>\n\t<meta name=\"twitter:data1\" content=\"2 minutes\" \/>\n<!-- \/ Yoast SEO plugin. -->","yoast_head_json":{"title":"Widget Streaming Radio Player pour le site Drupal (gratuit et facile)","description":"Int\u00e9grez un module Radio r\u00e9actif \u00e0 votre site Web Drupal. Utilisez notre d\u00e9mo pratique et g\u00e9n\u00e9rez votre widget Radio sans effort !","robots":{"index":"index","follow":"follow","max-snippet":"max-snippet:-1","max-image-preview":"max-image-preview:large","max-video-preview":"max-video-preview:-1"},"canonical":"https:\/\/elfsight.com\/fr\/radio-player-widget\/drupal\/","og_locale":"fr_FR","og_type":"article","og_title":"Widget Streaming Radio Player pour le site Drupal (gratuit et facile)","og_description":"Int\u00e9grez un module Radio r\u00e9actif \u00e0 votre site Web Drupal. Utilisez notre d\u00e9mo pratique et g\u00e9n\u00e9rez votre widget Radio sans effort !","og_url":"https:\/\/elfsight.com\/fr\/radio-player-widget\/drupal\/","og_site_name":"Elfsight FR","article_modified_time":"2024-12-19T10:41:27+00:00","twitter_card":"summary_large_image","twitter_misc":{"Dur\u00e9e de lecture estim\u00e9e":"2 minutes"},"schema":{"@context":"https:\/\/schema.org","@graph":[{"@type":"WebPage","@id":"https:\/\/elfsight.com\/fr\/radio-player-widget\/drupal\/","url":"https:\/\/elfsight.com\/fr\/radio-player-widget\/drupal\/","name":"Widget Streaming Radio Player pour le site Drupal (gratuit et facile)","isPartOf":{"@id":"https:\/\/elfsight.com\/fr\/#website"},"datePublished":"1970-01-01T00:00:00+00:00","dateModified":"2024-12-19T10:41:27+00:00","description":"Int\u00e9grez un module Radio r\u00e9actif \u00e0 votre site Web Drupal. Utilisez notre d\u00e9mo pratique et g\u00e9n\u00e9rez votre widget Radio sans effort !","breadcrumb":{"@id":"https:\/\/elfsight.com\/fr\/radio-player-widget\/drupal\/#breadcrumb"},"inLanguage":"fr-FR","potentialAction":[{"@type":"ReadAction","target":["https:\/\/elfsight.com\/fr\/radio-player-widget\/drupal\/"]}]},{"@type":"BreadcrumbList","@id":"https:\/\/elfsight.com\/fr\/radio-player-widget\/drupal\/#breadcrumb","itemListElement":[{"@type":"ListItem","position":1,"name":"Home","item":"https:\/\/elfsight.com\/fr\/"},{"@type":"ListItem","position":2,"name":"Radio Player","item":"https:\/\/elfsight.com\/fr\/radio-player-widget\/"},{"@type":"ListItem","position":3,"name":"Radio Player &#8211; Drupal"}]},{"@type":"WebSite","@id":"https:\/\/elfsight.com\/fr\/#website","url":"https:\/\/elfsight.com\/fr\/","name":"Elfsight FR","description":"","potentialAction":[{"@type":"SearchAction","target":{"@type":"EntryPoint","urlTemplate":"https:\/\/elfsight.com\/fr\/?s={search_term_string}"},"query-input":{"@type":"PropertyValueSpecification","valueRequired":true,"valueName":"search_term_string"}}],"inLanguage":"fr-FR"}]}},"meta_box":{"industry":"","seo_heading":"","heading":"","description":"","cta_heading":"","cta_description":"","application":"2722","h1":"Module Lecteur Radio Drupal","h1_caption":"Ajoutez un flux radio en direct \u00e0 votre site Web avec un lecteur personnalisable qui adapte facilement votre image de marque \u00e0 votre site Web Drupal.","application_category":[],"applications_title":"","applications_request_title":"","applications_request_button_text":"","hero_text":"","hero_video":"","hero_video_schema_markup":"","selling_points_title":"","selling_points_caption":"","selling_points":[],"selling_points_cta_text":"","features_title":"","features":"","ed_cta_examples_text":"","ed_cta_examples_hidden":"","ed_cta_demo_text":"","ed_cta_demo_hidden":"","why_caption":"","why_editor_title":"","why_editor_text":"","why_team_title":"","why_team_text":"","why_service_title":"","why_service_text":"","template_catalog_visible":"0","template_catalog_title":"","template_catalog_text":"","template_catalog_categories_visible":"","demo_title":"Cr\u00e9ez votre module Lecteur Radio","demo_caption":"Configurez votre Player Radio et ajoutez-le gratuitement \u00e0 votre site Drupal !","default_faq_hidden":"","app_template_category":[],"platform":"351","template_public_id":"","codecanyon_url":"","codecanyon_item_id":"","codecanyon_price":"","pricing_caption":"","pricing_elfsight_apps_hide_column":"","pricing_elfsight_apps_url":"","pricing_codecanyon_price_caption":"","integration_category":[],"integration_request_title":"","integration_request_cta":"","integration_platform":"","integrations":[],"platform_category":[],"video_schema_markup":"","price":"\u00e0 partir de 0$ \/ mois","trial":"","benefits":[{"text":"Service d'installation gratuit"},{"text":"Assistance premium"},{"text":"Garantie de remboursement de 14 jours"},{"text":"Mise \u00e0 jour constante"}],"button_url":"","button_target_blank":"0","button_nofollow":"0","attributes":[{"name":"Installations","content":"10,000 - 100,000"},{"name":"Sensible","content":"Oui"},{"name":"Navigateurs compatibles","content":"Firefox, Safari, Opera, Chrome, Edge"}],"tags":[],"tags_disable_links":"0","hide_more_platforms":"","video_object":"","demo_hide_cta":"0","demo_hide_cloud_options":"0","pricing_title":"","pricing":[{"pricing_icon":"platform","pricing_title":"Elfsight Apps","pricing_title_caption":"Version multiplateforme adapt\u00e9e \u00e0 n'importe quel site Web","pricing_price":"from $0 \/ month","pricing_price_caption":"commencez avec un forfait gratuit","pricing_benefits":[{"text":"Sites Web illimit\u00e9s"},{"text":"Accompagnement professionnel"},{"text":"Assistance \u00e0 l'installation gratuite"},{"text":"Prix \u200b\u200bsp\u00e9cial pour plusieurs applications"}],"pricing_button_text":"Ajouter au site Web","pricing_button_url":"#demo"}],"related_apps_title":"","related_apps_hidden":"0","author":"","image":[],"title":"","job":"","social_networks":[]},"_links":{"self":[{"href":"https:\/\/elfsight.com\/fr\/wp-json\/wp\/v2\/pages\/10013","targetHints":{"allow":["GET"]}}],"collection":[{"href":"https:\/\/elfsight.com\/fr\/wp-json\/wp\/v2\/pages"}],"about":[{"href":"https:\/\/elfsight.com\/fr\/wp-json\/wp\/v2\/types\/page"}],"author":[{"embeddable":true,"href":"https:\/\/elfsight.com\/fr\/wp-json\/wp\/v2\/users\/9"}],"replies":[{"embeddable":true,"href":"https:\/\/elfsight.com\/fr\/wp-json\/wp\/v2\/comments?post=10013"}],"version-history":[{"count":2,"href":"https:\/\/elfsight.com\/fr\/wp-json\/wp\/v2\/pages\/10013\/revisions"}],"predecessor-version":[{"id":15904,"href":"https:\/\/elfsight.com\/fr\/wp-json\/wp\/v2\/pages\/10013\/revisions\/15904"}],"up":[{"embeddable":true,"href":"https:\/\/elfsight.com\/fr\/wp-json\/wp\/v2\/pages\/2723"}],"wp:attachment":[{"href":"https:\/\/elfsight.com\/fr\/wp-json\/wp\/v2\/media?parent=10013"}],"curies":[{"name":"wp","href":"https:\/\/api.w.org\/{rel}","templated":true}]}}