{"id":10011,"date":"1970-01-01T00:00:00","date_gmt":"1970-01-01T00:00:00","guid":{"rendered":"https:\/\/elfsight.com\/fr\/?page_id=10011"},"modified":"2025-07-10T13:10:07","modified_gmt":"2025-07-10T13:10:07","slug":"elementor","status":"publish","type":"page","link":"https:\/\/elfsight.com\/fr\/radio-player-widget\/elementor\/","title":{"rendered":"Radio Player &#8211; Elementor"},"content":{"rendered":"<div class=\"application-platform-content-item-description application-platform-content-item\" id=\"description\" data-nav-section=\"description\"> <h2>Int\u00e9grer Radio Player sur Elementor avec le widget Elfsight<\/h2> <p>Elfsight Player est un widget simple vous donnant la possibilit\u00e9 de lire la radio stations directement sur les pages de votre site. Le plugin est hautement personnalisable\u00a0: vous \u00eates libre de changer sa position, de le placer n&rsquo;importe o\u00f9 sur la page, de modifier sa taille, de modifier l&rsquo;arri\u00e8re-plan et d&rsquo;autres parties pour le m\u00e9langer au style de votre site Web, d&rsquo;utiliser un jeu de couleurs sombres, d&rsquo;afficher des images et afficher ou masquer trois \u00e9l\u00e9ments suppl\u00e9mentaires du joueur tels que le titre, le statut et plus encore. T\u00e9l\u00e9chargez autant de stations que n\u00e9cessaire pour ravir vos utilisateurs, activez l&rsquo;option de lecture automatique et n&rsquo;ayez aucun doute : vos visiteurs ne quitteront pas votre page Web imm\u00e9diatement ! <\/p> <p><b>\u00c9quipez vos utilisateurs d&rsquo;une nouvelle source de contenu utile et int\u00e9ressant en utilisant Elfsight Radio Player pour Elementor<\/b><\/p> <\/div> <div class=\"application-platform-content-item-features application-platform-content-item\" id=\"features\" data-nav-section=\"features\"> <h2> Consultez la liste des fonctionnalit\u00e9s les plus utiles\u00a0: <\/h2> <ul><li>Variations de couleurs illimit\u00e9es.<\/li><li>Sch\u00e9ma de couleurs fonc\u00e9\/clair.<\/li><li>2 mises en page pr\u00eates \u00e0 l&#8217;emploi.<\/li><li>Une option pour ajouter une image d&rsquo;arri\u00e8re-plan.<\/li><li>Ajoutez un nombre illimit\u00e9 de stations.<\/li><\/ul><p><a href=\"#demo\">Vous pouvez d\u00e9couvrir le toutes les fonctionnalit\u00e9s du widget dans la d\u00e9mo <\/a><\/p> <\/div> <div class=\"application-platform-content-item-installation application-platform-content-item\" id=\"installation\" data-nav-section=\"installation\"> <h2>Comment puis-je ajouter Radio Player \u00e0 mon site Elementor\u00a0?<\/h2><div class=\"conteneur vid\u00e9o\"><iframe width=\"720\" height=\"405\" src=\"https:\/\/www.youtube.com\/embed\/jqhwmGwQQZU\" frameborder=\"0\" allowfullscreen=\"\"><\/iframe><\/div><p>Suivez simplement les \u00e9tapes ci-dessous pour int\u00e9grer le widget.<\/p> <ol><li><b>Utilisez notre d\u00e9mo gratuite et commencez \u00e0 cr\u00e9er votre propre widget.<\/b><br> D\u00e9terminez la forme personnalis\u00e9e et les aspects du plugin et appliquez les modifications.<\/li> <li><b>Copiez le code personnel affich\u00e9 dans la fen\u00eatre sur les applications Elfsight.<\/b><br> Lors de la configuration de votre compte personnel Le plugin est termin\u00e9, copiez le code individuel de la fen\u00eatre qui appara\u00eet et enregistrez-le pour un besoin ult\u00e9rieur.<\/li> <li><b>Commencez l&rsquo;utilisation du widget sur le site Elementor.<\/b><br> Impl\u00e9mentez le code du plugin copi\u00e9 avant dans votre page et enregistrez les corrections.<\/li> <li><b>C&rsquo;est fait\u00a0! L&rsquo;int\u00e9gration est r\u00e9alis\u00e9e avec succ\u00e8s.<\/b><br> Rendez-vous sur votre site internet pour v\u00e9rifier le fonctionnement du plugin.<\/li><\/ol> <p>\u00c0 condition de r\u00e9pondre \u00e0 des demandes ou de rencontrer des difficult\u00e9s, n&rsquo;h\u00e9sitez pas pour vous adresser \u00e0 notre \u00e9quipe d&rsquo;assistance. Nos consultants seront ravis de r\u00e9pondre \u00e0 toutes vos questions concernant le widget.<\/p> <div class=\"faq\" data-component=\"FAQ\"><div class=\"faq-item\">\r\n\t\t\t\t\t<div class=\"faq-item-question\">\r\n\t\t\t\t\t\t<h3 class=\"faq-item-question-text\">Comment puis-je int\u00e9grer une galerie vid\u00e9o YouTube dans mon site Web Squarespace sans comp\u00e9tences en codage ?<\/h3>\r\n\r\n\t\t\t\t\t\t<div class=\"faq-item-question-icon\"><\/div>\r\n\t\t\t\t\t<\/div>\r\n\r\n\t\t\t\t\t<div class=\"faq-item-answer\">\r\n\t\t\t\t\t\t<div class=\"faq-item-answer-text\"><p>Elfsight fournit une solution bas\u00e9e sur le cloud qui permet aux utilisateurs de cr\u00e9er eux-m\u00eames une galerie vid\u00e9o YouTube. Observez \u00e0 quel point le processus est simple\u00a0:<\/p><ul><li>Acc\u00e9dez \u00e0 l&rsquo;\u00e9diteur en ligne pour cr\u00e9er une section de galerie de vid\u00e9os YouTube que vous souhaitez ins\u00e9rer dans votre site Squarespace.<\/li><li>Optez pour une section. de nos mod\u00e8les pr\u00e9structur\u00e9s et modifiez les param\u00e8tres de la galerie vid\u00e9o YouTube, ajustez la conception et la palette de couleurs, int\u00e9grez votre contenu sans aucune exigence de codage.<\/li><li>Conservez les pr\u00e9f\u00e9rences que vous avez d\u00e9finies pour la galerie vid\u00e9o YouTube et obtenez le code d&rsquo;inclusion du widget, qui peut \u00eatre facilement int\u00e9gr\u00e9 \u00e0 votre site Squarespace sans frais.<\/li><\/ul><p>En utilisant l&rsquo;\u00e9diteur convivial, tout utilisateur Web peut cr\u00e9er une section Galerie de vid\u00e9os YouTube et ajoutez-le \u00e0 leur site Web Squarespace. Il n&rsquo;est pas n\u00e9cessaire de payer ni de divulguer les d\u00e9tails de votre carte pour acc\u00e9der \u00e0 l&rsquo;\u00e9diteur Elfsight. Si vous rencontrez des difficult\u00e9s \u00e0 un moment donn\u00e9, n&rsquo;h\u00e9sitez pas \u00e0 contacter notre service client.<\/p><\/div>\r\n\t\t\t\t\t<\/div>\r\n\t\t\t\t<\/div><\/div><\/div>","protected":false},"excerpt":{"rendered":"","protected":false},"author":9,"featured_media":0,"parent":2723,"menu_order":0,"comment_status":"closed","ping_status":"closed","template":"templates\/template-application-platform.php","meta":{"publish_to_discourse":"","publish_post_category":"","wpdc_auto_publish_overridden":"","wpdc_topic_tags":"","wpdc_pin_topic":"","wpdc_pin_until":"","discourse_post_id":"","discourse_permalink":"","wpdc_publishing_response":"","wpdc_publishing_error":"","footnotes":""},"class_list":["post-10011","page","type-page","status-publish","hentry"],"yoast_head":"<!-- This site is optimized with the Yoast SEO plugin v25.3.1 - https:\/\/yoast.com\/wordpress\/plugins\/seo\/ -->\n<title>Site Web Elfsight Radio Player pour Elementor (gratuit et rapide)<\/title>\n<meta name=\"description\" content=\"Ajoutez un widget Radio Player r\u00e9actif \u00e0 votre site Web. Profitez de notre d\u00e9mo pratique et fa\u00e7onnez votre outil sans effort\u00a0!\" \/>\n<meta name=\"robots\" content=\"index, follow, max-snippet:-1, max-image-preview:large, max-video-preview:-1\" \/>\n<link rel=\"canonical\" href=\"https:\/\/elfsight.com\/fr\/radio-player-widget\/elementor\/\" \/>\n<meta property=\"og:locale\" content=\"fr_FR\" \/>\n<meta property=\"og:type\" content=\"article\" \/>\n<meta property=\"og:title\" content=\"Site Web Elfsight Radio Player pour Elementor (gratuit et rapide)\" \/>\n<meta property=\"og:description\" content=\"Ajoutez un widget Radio Player r\u00e9actif \u00e0 votre site Web. Profitez de notre d\u00e9mo pratique et fa\u00e7onnez votre outil sans effort\u00a0!\" \/>\n<meta property=\"og:url\" content=\"https:\/\/elfsight.com\/fr\/radio-player-widget\/elementor\/\" \/>\n<meta property=\"og:site_name\" content=\"Elfsight FR\" \/>\n<meta property=\"article:modified_time\" content=\"2025-07-10T13:10:07+00:00\" \/>\n<meta name=\"twitter:card\" content=\"summary_large_image\" \/>\n<meta name=\"twitter:label1\" content=\"Dur\u00e9e de lecture estim\u00e9e\" \/>\n\t<meta name=\"twitter:data1\" content=\"3 minutes\" \/>\n<!-- \/ Yoast SEO plugin. -->","yoast_head_json":{"title":"Site Web Elfsight Radio Player pour Elementor (gratuit et rapide)","description":"Ajoutez un widget Radio Player r\u00e9actif \u00e0 votre site Web. Profitez de notre d\u00e9mo pratique et fa\u00e7onnez votre outil sans effort\u00a0!","robots":{"index":"index","follow":"follow","max-snippet":"max-snippet:-1","max-image-preview":"max-image-preview:large","max-video-preview":"max-video-preview:-1"},"canonical":"https:\/\/elfsight.com\/fr\/radio-player-widget\/elementor\/","og_locale":"fr_FR","og_type":"article","og_title":"Site Web Elfsight Radio Player pour Elementor (gratuit et rapide)","og_description":"Ajoutez un widget Radio Player r\u00e9actif \u00e0 votre site Web. Profitez de notre d\u00e9mo pratique et fa\u00e7onnez votre outil sans effort\u00a0!","og_url":"https:\/\/elfsight.com\/fr\/radio-player-widget\/elementor\/","og_site_name":"Elfsight FR","article_modified_time":"2025-07-10T13:10:07+00:00","twitter_card":"summary_large_image","twitter_misc":{"Dur\u00e9e de lecture estim\u00e9e":"3 minutes"},"schema":{"@context":"https:\/\/schema.org","@graph":[{"@type":"WebPage","@id":"https:\/\/elfsight.com\/fr\/radio-player-widget\/elementor\/","url":"https:\/\/elfsight.com\/fr\/radio-player-widget\/elementor\/","name":"Site Web Elfsight Radio Player pour Elementor (gratuit et rapide)","isPartOf":{"@id":"https:\/\/elfsight.com\/fr\/#website"},"datePublished":"1970-01-01T00:00:00+00:00","dateModified":"2025-07-10T13:10:07+00:00","description":"Ajoutez un widget Radio Player r\u00e9actif \u00e0 votre site Web. Profitez de notre d\u00e9mo pratique et fa\u00e7onnez votre outil sans effort\u00a0!","breadcrumb":{"@id":"https:\/\/elfsight.com\/fr\/radio-player-widget\/elementor\/#breadcrumb"},"inLanguage":"fr-FR","potentialAction":[{"@type":"ReadAction","target":["https:\/\/elfsight.com\/fr\/radio-player-widget\/elementor\/"]}]},{"@type":"BreadcrumbList","@id":"https:\/\/elfsight.com\/fr\/radio-player-widget\/elementor\/#breadcrumb","itemListElement":[{"@type":"ListItem","position":1,"name":"Home","item":"https:\/\/elfsight.com\/fr\/"},{"@type":"ListItem","position":2,"name":"Radio Player","item":"https:\/\/elfsight.com\/fr\/radio-player-widget\/"},{"@type":"ListItem","position":3,"name":"Radio Player &#8211; Elementor"}]},{"@type":"WebSite","@id":"https:\/\/elfsight.com\/fr\/#website","url":"https:\/\/elfsight.com\/fr\/","name":"Elfsight FR","description":"","potentialAction":[{"@type":"SearchAction","target":{"@type":"EntryPoint","urlTemplate":"https:\/\/elfsight.com\/fr\/?s={search_term_string}"},"query-input":{"@type":"PropertyValueSpecification","valueRequired":true,"valueName":"search_term_string"}}],"inLanguage":"fr-FR"}]}},"meta_box":{"industry":"","seo_heading":"","heading":"","description":"","cta_heading":"","cta_description":"","application":"2722","h1":"Widget du lecteur radio Elementor","h1_caption":"Ajoutez un flux radio en direct \u00e0 votre site Web avec un lecteur personnalisable qui adapte sans effort votre image de marque \u00e0 votre site Web Elementor.","application_category":[],"applications_title":"","applications_request_title":"","applications_request_button_text":"","hero_text":"","hero_video":"","hero_video_schema_markup":"","selling_points_title":"","selling_points_caption":"","selling_points":[],"selling_points_cta_text":"","features_title":"","features":"","ed_cta_examples_text":"","ed_cta_examples_hidden":"","ed_cta_demo_text":"","ed_cta_demo_hidden":"","why_caption":"","why_editor_title":"","why_editor_text":"","why_team_title":"","why_team_text":"","why_service_title":"","why_service_text":"","template_catalog_visible":"","template_catalog_title":"","template_catalog_text":"","template_catalog_categories_visible":"","demo_title":"Cr\u00e9ez votre widget Lecteur Radio","demo_caption":"Configurez votre lecteur radio et ajoutez-le gratuitement \u00e0 votre site Web Elementor\u00a0!","default_faq_hidden":"","app_template_category":[],"platform":"385","template_public_id":"","codecanyon_url":"","codecanyon_item_id":"","codecanyon_price":"","pricing_caption":"","pricing_elfsight_apps_hide_column":"","pricing_elfsight_apps_url":"","pricing_codecanyon_price_caption":"","integration_category":[],"integration_request_title":"","integration_request_cta":"","integration_platform":"","integrations":[],"platform_category":[],"video_schema_markup":"","price":"\u00e0 partir de 0$ \/ mois","trial":"","benefits":[{"text":"Aide \u00e0 l'installation gratuite"},{"text":"Soutien exceptionnel"},{"text":"Garantie de remboursement de 14 jours"},{"text":"Am\u00e9liorations continues"}],"button_url":"","button_target_blank":"","button_nofollow":"","attributes":[{"name":"Installations","content":"10,000 - 100,000"},{"name":"Sensible","content":"Oui"},{"name":"Navigateurs compatibles","content":"Firefox, Safari, Opera, Chrome, Edge"}],"tags":[],"tags_disable_links":"","hide_more_platforms":"","video_object":"","demo_hide_cta":"","demo_hide_cloud_options":"","pricing_title":"","pricing":[{"pricing_icon":"platform","pricing_title":"Elfsight Apps","pricing_title_caption":"Logiciel ind\u00e9pendant de la plate-forme qui fonctionne sur n'importe quel site Web","pricing_price":"from $0 \/ month","pricing_price_caption":"commencez avec un forfait gratuit","pricing_benefits":[{"text":"Sites Web illimit\u00e9s"},{"text":"Assistance 24h\/24 et 7j\/7"},{"text":"Aide \u00e0 l'installation gratuite"},{"text":"Tr\u00e8s bonne affaire pour plusieurs applications"}],"pricing_button_text":"Ajouter au site Web","pricing_button_url":"#demo"}],"related_apps_title":"","related_apps_hidden":"","author":"","image":[],"title":"","job":"","social_networks":[]},"_links":{"self":[{"href":"https:\/\/elfsight.com\/fr\/wp-json\/wp\/v2\/pages\/10011","targetHints":{"allow":["GET"]}}],"collection":[{"href":"https:\/\/elfsight.com\/fr\/wp-json\/wp\/v2\/pages"}],"about":[{"href":"https:\/\/elfsight.com\/fr\/wp-json\/wp\/v2\/types\/page"}],"author":[{"embeddable":true,"href":"https:\/\/elfsight.com\/fr\/wp-json\/wp\/v2\/users\/9"}],"replies":[{"embeddable":true,"href":"https:\/\/elfsight.com\/fr\/wp-json\/wp\/v2\/comments?post=10011"}],"version-history":[{"count":1,"href":"https:\/\/elfsight.com\/fr\/wp-json\/wp\/v2\/pages\/10011\/revisions"}],"predecessor-version":[{"id":10015,"href":"https:\/\/elfsight.com\/fr\/wp-json\/wp\/v2\/pages\/10011\/revisions\/10015"}],"up":[{"embeddable":true,"href":"https:\/\/elfsight.com\/fr\/wp-json\/wp\/v2\/pages\/2723"}],"wp:attachment":[{"href":"https:\/\/elfsight.com\/fr\/wp-json\/wp\/v2\/media?parent=10011"}],"curies":[{"name":"wp","href":"https:\/\/api.w.org\/{rel}","templated":true}]}}