{"id":10005,"date":"1970-01-01T00:00:00","date_gmt":"1970-01-01T00:00:00","guid":{"rendered":"https:\/\/elfsight.com\/fr\/?page_id=10005"},"modified":"2025-07-10T13:11:03","modified_gmt":"2025-07-10T13:11:03","slug":"jquery","status":"publish","type":"page","link":"https:\/\/elfsight.com\/fr\/radio-player-widget\/jquery\/","title":{"rendered":"Radio Player &#8211; jQuery"},"content":{"rendered":"<div class=\"application-platform-content-item-description application-platform-content-item\" id=\"description\" data-nav-section=\"description\"> <h2>Description<\/h2> <p>Elfsight Radio est un plugin simple vous donnant la possibilit\u00e9 de diffuser des stations de radio directement sur les pages de votre site Web. . Le widget est totalement modifiable\u00a0: vous pouvez changer sa position, l&rsquo;installer n&rsquo;importe o\u00f9 sur la page, redimensionner sa taille, repeindre l&rsquo;arri\u00e8re-plan et tous les autres \u00e9l\u00e9ments pour le m\u00e9langer au design de votre site, utiliser des couleurs sombres, d\u00e9montrer des couvertures et afficher ou masquer trois autres parties du joueur comme le titre, le statut et autres. Incluez autant de stations que vous le souhaitez pour ravir vos visiteurs, activez l&rsquo;option de lecture automatique et soyez-en s\u00fbr : vos visiteurs ne quitteront pas votre site pr\u00e9cipitamment ! <\/p> <p><b>Fournissez \u00e0 votre audience une toute nouvelle source de contenu utile et engageant via Elfsight Radio Player<\/b><\/p> <\/div> <div class=\"application-platform-content-item-features application-platform-content-item\" id=\"features\" data-nav-section=\"features\"> <h2>Voir la liste des caract\u00e9ristiques les plus importantes\u00a0: <\/h2> <ul><li>Diverses variations de couleurs.<\/li><li>Sch\u00e9ma de couleurs fonc\u00e9\/clair.<\/li><li>Deux mises en page applicables.<\/li> <li>Possibilit\u00e9 d&rsquo;ajouter une image de fond.<\/li><li>Un nombre infini de stations.<\/li><\/ul><p><a href=\"#demo\">Vous pouvez essayer toutes les fonctionnalit\u00e9s du plugin dans la d\u00e9mo sur cette page<\/a><\/p> <\/div> <div class=\"application-platform-content-item-installation application-platform-content-item\" id=\"installation\" data-nav-section=\"installation\"> <h2>Comment int\u00e9grer Radio Player sur mon site jQuery\u00a0?<\/h2> <p>Il suffit d&rsquo;effectuer le directives ci-dessous pour int\u00e9grer le plugin.<\/p> <ol><li><b>Ouvrez notre \u00e9diteur gratuit et commencez \u00e0 cr\u00e9er votre plugin personnalis\u00e9.<\/b><br> D\u00e9terminez la forme pr\u00e9f\u00e9r\u00e9e et les caract\u00e9ristiques fonctionnelles du plugin et enregistrez les corrections.<\/li> <li><b>Recevez le code unique qui appara\u00eet dans la bo\u00eete sur Elfsight Apps.<\/b><br> D\u00e8s que la personnalisation de votre widget personnel est termin\u00e9e, copiez le code individuel sur la fen\u00eatre apparue et conservez-la pour une occasion ult\u00e9rieure.<\/li> <li><b>Commencez \u00e0 utiliser le widget Radio sur la page d&rsquo;accueil de jQuery.<\/b><br> Int\u00e9grez le code enregistr\u00e9 r\u00e9cemment dans votre page Web et appliquez les modifications .<\/li> <li><b>Fait\u00a0! L&rsquo;int\u00e9gration est enti\u00e8rement r\u00e9alis\u00e9e.<\/b><br> Rendez-vous sur votre page pour revoir le travail du widget.<\/li><\/ol> <p>Si vous rencontrez des difficult\u00e9s, n&rsquo;h\u00e9sitez pas \u00e0 vous adresser \u00e0 notre le personnel de soutien. Nos collaborateurs seront ravis de r\u00e9soudre tous les probl\u00e8mes que vous pourriez rencontrer avec le produit. <\/p> <\/div>","protected":false},"excerpt":{"rendered":"","protected":false},"author":9,"featured_media":0,"parent":2723,"menu_order":0,"comment_status":"closed","ping_status":"closed","template":"templates\/template-application-platform.php","meta":{"publish_to_discourse":"","publish_post_category":"","wpdc_auto_publish_overridden":"","wpdc_topic_tags":"","wpdc_pin_topic":"","wpdc_pin_until":"","discourse_post_id":"","discourse_permalink":"","wpdc_publishing_response":"","wpdc_publishing_error":"","footnotes":""},"class_list":["post-10005","page","type-page","status-publish","hentry"],"yoast_head":"<!-- This site is optimized with the Yoast SEO plugin v25.3.1 - https:\/\/yoast.com\/wordpress\/plugins\/seo\/ -->\n<title>Elfsight Radio Player pour le site Web jQuery (rapide et gratuit)<\/title>\n<meta name=\"description\" content=\"Impl\u00e9mentez un plugin Radio Player r\u00e9actif sur votre page d&#039;accueil. Utilisez notre d\u00e9mo g\u00e9rable et cr\u00e9ez facilement votre plugin\u00a0!\" \/>\n<meta name=\"robots\" content=\"index, follow, max-snippet:-1, max-image-preview:large, max-video-preview:-1\" \/>\n<link rel=\"canonical\" href=\"https:\/\/elfsight.com\/fr\/radio-player-widget\/jquery\/\" \/>\n<meta property=\"og:locale\" content=\"fr_FR\" \/>\n<meta property=\"og:type\" content=\"article\" \/>\n<meta property=\"og:title\" content=\"Elfsight Radio Player pour le site Web jQuery (rapide et gratuit)\" \/>\n<meta property=\"og:description\" content=\"Impl\u00e9mentez un plugin Radio Player r\u00e9actif sur votre page d&#039;accueil. Utilisez notre d\u00e9mo g\u00e9rable et cr\u00e9ez facilement votre plugin\u00a0!\" \/>\n<meta property=\"og:url\" content=\"https:\/\/elfsight.com\/fr\/radio-player-widget\/jquery\/\" \/>\n<meta property=\"og:site_name\" content=\"Elfsight FR\" \/>\n<meta property=\"article:modified_time\" content=\"2025-07-10T13:11:03+00:00\" \/>\n<meta name=\"twitter:card\" content=\"summary_large_image\" \/>\n<meta name=\"twitter:label1\" content=\"Dur\u00e9e de lecture estim\u00e9e\" \/>\n\t<meta name=\"twitter:data1\" content=\"2 minutes\" \/>\n<!-- \/ Yoast SEO plugin. -->","yoast_head_json":{"title":"Elfsight Radio Player pour le site Web jQuery (rapide et gratuit)","description":"Impl\u00e9mentez un plugin Radio Player r\u00e9actif sur votre page d'accueil. Utilisez notre d\u00e9mo g\u00e9rable et cr\u00e9ez facilement votre plugin\u00a0!","robots":{"index":"index","follow":"follow","max-snippet":"max-snippet:-1","max-image-preview":"max-image-preview:large","max-video-preview":"max-video-preview:-1"},"canonical":"https:\/\/elfsight.com\/fr\/radio-player-widget\/jquery\/","og_locale":"fr_FR","og_type":"article","og_title":"Elfsight Radio Player pour le site Web jQuery (rapide et gratuit)","og_description":"Impl\u00e9mentez un plugin Radio Player r\u00e9actif sur votre page d'accueil. Utilisez notre d\u00e9mo g\u00e9rable et cr\u00e9ez facilement votre plugin\u00a0!","og_url":"https:\/\/elfsight.com\/fr\/radio-player-widget\/jquery\/","og_site_name":"Elfsight FR","article_modified_time":"2025-07-10T13:11:03+00:00","twitter_card":"summary_large_image","twitter_misc":{"Dur\u00e9e de lecture estim\u00e9e":"2 minutes"},"schema":{"@context":"https:\/\/schema.org","@graph":[{"@type":"WebPage","@id":"https:\/\/elfsight.com\/fr\/radio-player-widget\/jquery\/","url":"https:\/\/elfsight.com\/fr\/radio-player-widget\/jquery\/","name":"Elfsight Radio Player pour le site Web jQuery (rapide et gratuit)","isPartOf":{"@id":"https:\/\/elfsight.com\/fr\/#website"},"datePublished":"1970-01-01T00:00:00+00:00","dateModified":"2025-07-10T13:11:03+00:00","description":"Impl\u00e9mentez un plugin Radio Player r\u00e9actif sur votre page d'accueil. Utilisez notre d\u00e9mo g\u00e9rable et cr\u00e9ez facilement votre plugin\u00a0!","breadcrumb":{"@id":"https:\/\/elfsight.com\/fr\/radio-player-widget\/jquery\/#breadcrumb"},"inLanguage":"fr-FR","potentialAction":[{"@type":"ReadAction","target":["https:\/\/elfsight.com\/fr\/radio-player-widget\/jquery\/"]}]},{"@type":"BreadcrumbList","@id":"https:\/\/elfsight.com\/fr\/radio-player-widget\/jquery\/#breadcrumb","itemListElement":[{"@type":"ListItem","position":1,"name":"Home","item":"https:\/\/elfsight.com\/fr\/"},{"@type":"ListItem","position":2,"name":"Radio Player","item":"https:\/\/elfsight.com\/fr\/radio-player-widget\/"},{"@type":"ListItem","position":3,"name":"Radio Player &#8211; jQuery"}]},{"@type":"WebSite","@id":"https:\/\/elfsight.com\/fr\/#website","url":"https:\/\/elfsight.com\/fr\/","name":"Elfsight FR","description":"","potentialAction":[{"@type":"SearchAction","target":{"@type":"EntryPoint","urlTemplate":"https:\/\/elfsight.com\/fr\/?s={search_term_string}"},"query-input":{"@type":"PropertyValueSpecification","valueRequired":true,"valueName":"search_term_string"}}],"inLanguage":"fr-FR"}]}},"meta_box":{"industry":"","seo_heading":"","heading":"","description":"","cta_heading":"","cta_description":"","application":"2722","h1":"Plugin jQuery Radio Player","h1_caption":"Ajoutez un flux radio en direct \u00e0 votre site Web avec un lecteur personnalisable qui adapte facilement votre image de marque \u00e0 votre site Web jQuery.","application_category":[],"applications_title":"","applications_request_title":"","applications_request_button_text":"","hero_text":"","hero_video":"","hero_video_schema_markup":"","selling_points_title":"","selling_points_caption":"","selling_points":[],"selling_points_cta_text":"","features_title":"","features":"","ed_cta_examples_text":"","ed_cta_examples_hidden":"","ed_cta_demo_text":"","ed_cta_demo_hidden":"","why_caption":"","why_editor_title":"","why_editor_text":"","why_team_title":"","why_team_text":"","why_service_title":"","why_service_text":"","template_catalog_visible":"","template_catalog_title":"","template_catalog_text":"","template_catalog_categories_visible":"","demo_title":"Cr\u00e9ez votre plugin Radio Player","demo_caption":"Configurez votre lecteur radio et ajoutez-le gratuitement \u00e0 votre site Web jQuery\u00a0!","default_faq_hidden":"","app_template_category":[],"platform":"355","template_public_id":"","codecanyon_url":"","codecanyon_item_id":"","codecanyon_price":"","pricing_caption":"","pricing_elfsight_apps_hide_column":"","pricing_elfsight_apps_url":"","pricing_codecanyon_price_caption":"","integration_category":[],"integration_request_title":"","integration_request_cta":"","integration_platform":"","integrations":[],"platform_category":[],"video_schema_markup":"","price":"\u00e0 partir de 0$ \/ mois","trial":"","benefits":[{"text":"Aide \u00e0 l'installation gratuite"},{"text":"Support client exp\u00e9riment\u00e9"},{"text":"Garantie de remboursement de 14 jours"},{"text":"Mise \u00e0 jour constante"}],"button_url":"","button_target_blank":"","button_nofollow":"","attributes":[{"name":"Installations","content":"10,000 - 100,000"},{"name":"Sensible","content":"Oui"},{"name":"Navigateurs compatibles","content":"Firefox, Safari, Opera, Chrome, Edge"}],"tags":[],"tags_disable_links":"","hide_more_platforms":"","video_object":"","demo_hide_cta":"","demo_hide_cloud_options":"","pricing_title":"","pricing":[{"pricing_icon":"platform","pricing_title":"Elfsight Apps","pricing_title_caption":"Solution multiplateforme","pricing_price":"from $0 \/ month","pricing_price_caption":"commencez avec un forfait gratuit","pricing_benefits":[{"text":"Sites Web illimit\u00e9s"},{"text":"Support client premium et bien document\u00e9"},{"text":"Assistance \u00e0 l'installation gratuite"},{"text":"100% personnalisable"}],"pricing_button_text":"Ajouter au site Web","pricing_button_url":"#demo"}],"related_apps_title":"","related_apps_hidden":"","author":"","image":[],"title":"","job":"","social_networks":[]},"_links":{"self":[{"href":"https:\/\/elfsight.com\/fr\/wp-json\/wp\/v2\/pages\/10005","targetHints":{"allow":["GET"]}}],"collection":[{"href":"https:\/\/elfsight.com\/fr\/wp-json\/wp\/v2\/pages"}],"about":[{"href":"https:\/\/elfsight.com\/fr\/wp-json\/wp\/v2\/types\/page"}],"author":[{"embeddable":true,"href":"https:\/\/elfsight.com\/fr\/wp-json\/wp\/v2\/users\/9"}],"replies":[{"embeddable":true,"href":"https:\/\/elfsight.com\/fr\/wp-json\/wp\/v2\/comments?post=10005"}],"version-history":[{"count":1,"href":"https:\/\/elfsight.com\/fr\/wp-json\/wp\/v2\/pages\/10005\/revisions"}],"predecessor-version":[{"id":10009,"href":"https:\/\/elfsight.com\/fr\/wp-json\/wp\/v2\/pages\/10005\/revisions\/10009"}],"up":[{"embeddable":true,"href":"https:\/\/elfsight.com\/fr\/wp-json\/wp\/v2\/pages\/2723"}],"wp:attachment":[{"href":"https:\/\/elfsight.com\/fr\/wp-json\/wp\/v2\/media?parent=10005"}],"curies":[{"name":"wp","href":"https:\/\/api.w.org\/{rel}","templated":true}]}}