{"id":10004,"date":"1970-01-01T00:00:00","date_gmt":"1970-01-01T00:00:00","guid":{"rendered":"https:\/\/elfsight.com\/fr\/?page_id=10004"},"modified":"2024-12-19T10:49:49","modified_gmt":"2024-12-19T10:49:49","slug":"iframe","status":"publish","type":"page","link":"https:\/\/elfsight.com\/fr\/radio-player-widget\/iframe\/","title":{"rendered":"Radio Player &#8211; iFrame"},"content":{"rendered":"\n<div class=\"application-platform-content-item-description application-platform-content-item\" id=\"description\" data-nav-section=\"description\"> <h2>Int\u00e9grer un lecteur radio sur iFrame avec le widget Elfsight<\/h2> <p>Elfsight Radio est un widget simple vous permettant de lire directement les stations de radio sur votre site Internet. Le plugin est remarquablement modifiable\u00a0: vous \u00eates libre de modifier sa position, de le placer n&rsquo;importe o\u00f9 sur la page, de modifier sa taille, de modifier l&rsquo;arri\u00e8re-plan et d&rsquo;autres \u00e9l\u00e9ments pour le m\u00e9langer avec la mise en page de votre site, d&rsquo;appliquer une palette de couleurs sombres, d&rsquo;afficher les couvertures et d\u00e9montrer ou dissimuler trois d\u00e9tails suppl\u00e9mentaires sur le joueur, par exemple le titre, le statut et plus encore. Incluez autant de stations que vous le souhaitez pour divertir vos visiteurs, activez la lecture automatique et soyez-en s\u00fbr\u00a0: votre public ne quittera pas votre page d&rsquo;accueil pr\u00e9cipitamment\u00a0!<\/p> <p><b>Accordez \u00e0 votre public une source suppl\u00e9mentaire d&rsquo;informations utiles. et un contenu engageant gr\u00e2ce \u00e0 Elfsight Radio Player.<\/b><\/p> <\/div> <div class=\"application-platform-content-item-features application-platform-content-item\" id=\"features\" data-nav-section=\"features\"> <h2>Le widget comprend des fonctionnalit\u00e9s pratiques et rapides, visualisez-en quelques-unes\u00a0:<\/h2> <ul><li>Diverses variations de couleurs.<\/li><li>Th\u00e8me de couleur sombre\/clair.<\/li><li>Deux mises en page applicables.<\/li><li>Une option pour ajouter une image d&rsquo;arri\u00e8re-plan.<\/li> <li>Une quantit\u00e9 infinie de stations.<\/li><\/ul><p><a href=\"#demo\">Essayez simplement cette d\u00e9mo pour voir ce que vaut le plugin<\/a><\/p> <\/div> <div class=\"application-platform-content-item-installation application-platform-content-item\" id=\"installation\" data-nav-section=\"installation\"> <h2>Comment ajouter le plugin Radio Player \u00e0 iFrame\u00a0?<\/h2> <p>Appliquez simplement les instructions ci-dessous pour ajouter le widget.<\/p> <ol><li> <b>Ex\u00e9cutez notre configurateur gratuit et commencez \u00e0 fa\u00e7onner votre instrument personnalis\u00e9.<\/b><br> Choisissez la forme et les param\u00e8tres appropri\u00e9s du widget et enregistrez les modifications.<\/li> <li><b>Obtenez le code individuel r\u00e9v\u00e9l\u00e9 dans la case sur les applications Elfsight.<\/b><br> Lorsque la cr\u00e9ation de votre widget personnel est termin\u00e9e, copiez le code individuel de la fen\u00eatre qui appara\u00eet et enregistrez-le pour un besoin futur.<\/li> <li><b>Initier utilisation du plugin radio sur iFrame.<\/b><br> Collez le code enregistr\u00e9 pr\u00e9c\u00e9demment dans votre site Web et enregistrez les am\u00e9liorations.<\/li> <li><b>L&rsquo;installation est enti\u00e8rement effectu\u00e9e.<\/b><br> Visitez votre page pour voir comment fonctionne le widget.<\/li><\/ol> <p>En cas de traitement de demandes ou de difficult\u00e9s, veuillez demander l&rsquo;aide de notre \u00e9quipe de service client. Nos sp\u00e9cialistes seront ravis de r\u00e9soudre toutes les difficult\u00e9s que vous pourriez rencontrer avec le plugin.<\/p> <div class=\"faq\" data-component=\"FAQ\"><div class=\"faq-item\">\r\n\t\t\t\t\t<div class=\"faq-item-question\">\r\n\t\t\t\t\t\t<h3 class=\"faq-item-question-text\">Comment int\u00e9grer un widget Radio Player sur mon site Squarespace sans comp\u00e9tences en codage ?<\/h3>\r\n\r\n\t\t\t\t\t\t<div class=\"faq-item-question-icon\"><\/div>\r\n\t\t\t\t\t<\/div>\r\n\r\n\t\t\t\t\t<div class=\"faq-item-answer\">\r\n\t\t\t\t\t\t<div class=\"faq-item-answer-text\"><p> Elfsight fournit une solution bas\u00e9e sur le cloud qui permet aux utilisateurs de cr\u00e9er eux-m\u00eames un widget Radio Player. D\u00e9couvrez \u00e0 quel point le processus est simple\u00a0:<\/p><ul><li>Acc\u00e9dez \u00e0 l&rsquo;\u00e9diteur en ligne pour cr\u00e9er une section de widget Radio Player que vous souhaitez int\u00e9grer \u00e0 votre site Squarespace.<\/li><li>Choisissez l&rsquo;une des options suivantes\u00a0: nos mod\u00e8les pr\u00e9d\u00e9finis et configurez les param\u00e8tres du widget Radio Player, ajustez la mise en page et la palette de couleurs, et incluez votre contenu sans avoir besoin de codage.<\/li><li>Enregistrez les param\u00e8tres que vous avez personnalis\u00e9s pour le widget Radio Player et acqu\u00e9rir le code d&rsquo;int\u00e9gration, qui peut \u00eatre ins\u00e9r\u00e9 sans effort et sans frais dans votre site Squarespace.<\/li><\/ul><p>En utilisant l&rsquo;\u00e9diteur convivial, tout internaute peut cr\u00e9er une section de widget Radio Player et ajouter sur leur site Web Squarespace. Il n&rsquo;y a aucune exigence de paiement ni la n\u00e9cessit\u00e9 de divulguer les informations de votre carte pour acc\u00e9der \u00e0 l&rsquo;\u00e9diteur Elfsight. Si vous rencontrez des difficult\u00e9s \u00e0 un moment donn\u00e9, n&rsquo;h\u00e9sitez pas \u00e0 contacter notre service client pour obtenir de l&rsquo;aide.<\/p><\/div>\r\n\t\t\t\t\t<\/div>\r\n\t\t\t\t<\/div><\/div><\/div>\n","protected":false},"excerpt":{"rendered":"","protected":false},"author":9,"featured_media":0,"parent":2723,"menu_order":0,"comment_status":"closed","ping_status":"closed","template":"templates\/template-application-platform.php","meta":{"publish_to_discourse":"","publish_post_category":"","wpdc_auto_publish_overridden":"","wpdc_topic_tags":"","wpdc_pin_topic":"","wpdc_pin_until":"","discourse_post_id":"","discourse_permalink":"","wpdc_publishing_response":"","wpdc_publishing_error":"","footnotes":""},"class_list":["post-10004","page","type-page","status-publish","hentry"],"yoast_head":"<!-- This site is optimized with the Yoast SEO plugin v25.3.1 - https:\/\/yoast.com\/wordpress\/plugins\/seo\/ -->\n<title>Widget Radio Player pour le site Web iFrame (gratuit et facile)<\/title>\n<meta name=\"description\" content=\"Int\u00e9grez un bouton de lecteur radio r\u00e9actif dans votre page Web iFrame. Utilisez notre d\u00e9mo pratique et g\u00e9n\u00e9rez votre plugin facilement\u00a0!\" \/>\n<meta name=\"robots\" content=\"index, follow, max-snippet:-1, max-image-preview:large, max-video-preview:-1\" \/>\n<link rel=\"canonical\" href=\"https:\/\/elfsight.com\/fr\/radio-player-widget\/iframe\/\" \/>\n<meta property=\"og:locale\" content=\"fr_FR\" \/>\n<meta property=\"og:type\" content=\"article\" \/>\n<meta property=\"og:title\" content=\"Widget Radio Player pour le site Web iFrame (gratuit et facile)\" \/>\n<meta property=\"og:description\" content=\"Int\u00e9grez un bouton de lecteur radio r\u00e9actif dans votre page Web iFrame. Utilisez notre d\u00e9mo pratique et g\u00e9n\u00e9rez votre plugin facilement\u00a0!\" \/>\n<meta property=\"og:url\" content=\"https:\/\/elfsight.com\/fr\/radio-player-widget\/iframe\/\" \/>\n<meta property=\"og:site_name\" content=\"Elfsight FR\" \/>\n<meta property=\"article:modified_time\" content=\"2024-12-19T10:49:49+00:00\" \/>\n<meta name=\"twitter:card\" content=\"summary_large_image\" \/>\n<meta name=\"twitter:label1\" content=\"Dur\u00e9e de lecture estim\u00e9e\" \/>\n\t<meta name=\"twitter:data1\" content=\"3 minutes\" \/>\n<!-- \/ Yoast SEO plugin. -->","yoast_head_json":{"title":"Widget Radio Player pour le site Web iFrame (gratuit et facile)","description":"Int\u00e9grez un bouton de lecteur radio r\u00e9actif dans votre page Web iFrame. Utilisez notre d\u00e9mo pratique et g\u00e9n\u00e9rez votre plugin facilement\u00a0!","robots":{"index":"index","follow":"follow","max-snippet":"max-snippet:-1","max-image-preview":"max-image-preview:large","max-video-preview":"max-video-preview:-1"},"canonical":"https:\/\/elfsight.com\/fr\/radio-player-widget\/iframe\/","og_locale":"fr_FR","og_type":"article","og_title":"Widget Radio Player pour le site Web iFrame (gratuit et facile)","og_description":"Int\u00e9grez un bouton de lecteur radio r\u00e9actif dans votre page Web iFrame. Utilisez notre d\u00e9mo pratique et g\u00e9n\u00e9rez votre plugin facilement\u00a0!","og_url":"https:\/\/elfsight.com\/fr\/radio-player-widget\/iframe\/","og_site_name":"Elfsight FR","article_modified_time":"2024-12-19T10:49:49+00:00","twitter_card":"summary_large_image","twitter_misc":{"Dur\u00e9e de lecture estim\u00e9e":"3 minutes"},"schema":{"@context":"https:\/\/schema.org","@graph":[{"@type":"WebPage","@id":"https:\/\/elfsight.com\/fr\/radio-player-widget\/iframe\/","url":"https:\/\/elfsight.com\/fr\/radio-player-widget\/iframe\/","name":"Widget Radio Player pour le site Web iFrame (gratuit et facile)","isPartOf":{"@id":"https:\/\/elfsight.com\/fr\/#website"},"datePublished":"1970-01-01T00:00:00+00:00","dateModified":"2024-12-19T10:49:49+00:00","description":"Int\u00e9grez un bouton de lecteur radio r\u00e9actif dans votre page Web iFrame. Utilisez notre d\u00e9mo pratique et g\u00e9n\u00e9rez votre plugin facilement\u00a0!","breadcrumb":{"@id":"https:\/\/elfsight.com\/fr\/radio-player-widget\/iframe\/#breadcrumb"},"inLanguage":"fr-FR","potentialAction":[{"@type":"ReadAction","target":["https:\/\/elfsight.com\/fr\/radio-player-widget\/iframe\/"]}]},{"@type":"BreadcrumbList","@id":"https:\/\/elfsight.com\/fr\/radio-player-widget\/iframe\/#breadcrumb","itemListElement":[{"@type":"ListItem","position":1,"name":"Home","item":"https:\/\/elfsight.com\/fr\/"},{"@type":"ListItem","position":2,"name":"Radio Player","item":"https:\/\/elfsight.com\/fr\/radio-player-widget\/"},{"@type":"ListItem","position":3,"name":"Radio Player &#8211; iFrame"}]},{"@type":"WebSite","@id":"https:\/\/elfsight.com\/fr\/#website","url":"https:\/\/elfsight.com\/fr\/","name":"Elfsight FR","description":"","potentialAction":[{"@type":"SearchAction","target":{"@type":"EntryPoint","urlTemplate":"https:\/\/elfsight.com\/fr\/?s={search_term_string}"},"query-input":{"@type":"PropertyValueSpecification","valueRequired":true,"valueName":"search_term_string"}}],"inLanguage":"fr-FR"}]}},"meta_box":{"industry":"","seo_heading":"","heading":"","description":"","cta_heading":"","cta_description":"","application":"2722","h1":"Widget du lecteur radio iFrame","h1_caption":"Ajoutez un flux radio en direct \u00e0 votre site Web avec un lecteur personnalisable qui adapte facilement votre image de marque \u00e0 votre site Web iFrame.","application_category":[],"applications_title":"","applications_request_title":"","applications_request_button_text":"","hero_text":"","hero_video":"","hero_video_schema_markup":"","selling_points_title":"","selling_points_caption":"","selling_points":[],"selling_points_cta_text":"","features_title":"","features":"","ed_cta_examples_text":"","ed_cta_examples_hidden":"","ed_cta_demo_text":"","ed_cta_demo_hidden":"","why_caption":"","why_editor_title":"","why_editor_text":"","why_team_title":"","why_team_text":"","why_service_title":"","why_service_text":"","template_catalog_visible":"0","template_catalog_title":"","template_catalog_text":"","template_catalog_categories_visible":"","demo_title":"Cr\u00e9ez votre widget Lecteur Radio","demo_caption":"Configurez votre lecteur radio et ajoutez-le gratuitement \u00e0 votre site Web iFrame\u00a0!","default_faq_hidden":"","app_template_category":[],"platform":"371","template_public_id":"","codecanyon_url":"","codecanyon_item_id":"","codecanyon_price":"","pricing_caption":"","pricing_elfsight_apps_hide_column":"","pricing_elfsight_apps_url":"","pricing_codecanyon_price_caption":"","integration_category":[],"integration_request_title":"","integration_request_cta":"","integration_platform":"","integrations":[],"platform_category":[],"video_schema_markup":"","price":"\u00e0 partir de 0$ \/ mois","trial":"","benefits":[{"text":"Aide \u00e0 l'installation gratuite"},{"text":"Service client comp\u00e9tent"},{"text":"Garantie de remboursement de 14 jours"},{"text":"Futures mises \u00e0 jour gratuites"}],"button_url":"","button_target_blank":"0","button_nofollow":"0","attributes":[{"name":"Installations","content":"10,000 - 100,000"},{"name":"Sensible","content":"Oui"},{"name":"Navigateurs compatibles","content":"Firefox, Safari, Opera, Chrome, Edge"}],"tags":[],"tags_disable_links":"0","hide_more_platforms":"","video_object":"","demo_hide_cta":"0","demo_hide_cloud_options":"0","pricing_title":"","pricing":[{"pricing_icon":"platform","pricing_title":"Elfsight Apps","pricing_title_caption":"Logiciel multiplateforme adapt\u00e9 \u00e0 n'importe quel site Web","pricing_price":"from $0 \/ month","pricing_price_caption":"commencez avec un forfait gratuit","pricing_benefits":[{"text":"Sites Web illimit\u00e9s"},{"text":"Assistance premium"},{"text":"Service d'installation gratuit"},{"text":"Offre sp\u00e9ciale pour plusieurs applications"}],"pricing_button_text":"Ajouter au site Web","pricing_button_url":"#demo"}],"related_apps_title":"","related_apps_hidden":"0","author":"","image":[],"title":"","job":"","social_networks":[]},"_links":{"self":[{"href":"https:\/\/elfsight.com\/fr\/wp-json\/wp\/v2\/pages\/10004","targetHints":{"allow":["GET"]}}],"collection":[{"href":"https:\/\/elfsight.com\/fr\/wp-json\/wp\/v2\/pages"}],"about":[{"href":"https:\/\/elfsight.com\/fr\/wp-json\/wp\/v2\/types\/page"}],"author":[{"embeddable":true,"href":"https:\/\/elfsight.com\/fr\/wp-json\/wp\/v2\/users\/9"}],"replies":[{"embeddable":true,"href":"https:\/\/elfsight.com\/fr\/wp-json\/wp\/v2\/comments?post=10004"}],"version-history":[{"count":2,"href":"https:\/\/elfsight.com\/fr\/wp-json\/wp\/v2\/pages\/10004\/revisions"}],"predecessor-version":[{"id":15906,"href":"https:\/\/elfsight.com\/fr\/wp-json\/wp\/v2\/pages\/10004\/revisions\/15906"}],"up":[{"embeddable":true,"href":"https:\/\/elfsight.com\/fr\/wp-json\/wp\/v2\/pages\/2723"}],"wp:attachment":[{"href":"https:\/\/elfsight.com\/fr\/wp-json\/wp\/v2\/media?parent=10004"}],"curies":[{"name":"wp","href":"https:\/\/api.w.org\/{rel}","templated":true}]}}