{"id":10003,"date":"1970-01-01T00:00:00","date_gmt":"1970-01-01T00:00:00","guid":{"rendered":"https:\/\/elfsight.com\/fr\/?page_id=10003"},"modified":"2025-07-10T13:11:13","modified_gmt":"2025-07-10T13:11:13","slug":"magento","status":"publish","type":"page","link":"https:\/\/elfsight.com\/fr\/radio-player-widget\/magento\/","title":{"rendered":"Radio Player &#8211; Magento"},"content":{"rendered":"<div class=\"application-platform-content-item-description application-platform-content-item\" id=\"description\" data-nav-section=\"description\"> <h2>Description<\/h2> <p>Elfsight Radio est une extension simple vous donnant la possibilit\u00e9 de diffuser des stations de radio directement sur votre page Web. Le plugin est remarquablement personnalisable\u00a0: vous pouvez modifier sa position, l&rsquo;ins\u00e9rer n&rsquo;importe o\u00f9 sur la page, redimensionner sa taille, recolorer l&rsquo;arri\u00e8re-plan et tous les autres \u00e9l\u00e9ments pour le m\u00e9langer avec la mise en page de votre site Web, utiliser un th\u00e8me sombre, r\u00e9v\u00e9ler des couvertures et afficher ou masquer. trois d\u00e9tails suppl\u00e9mentaires sur le joueur tels que le titre, le statut et plus encore. Vous pouvez t\u00e9l\u00e9charger autant de stations que vous le souhaitez pour divertir vos utilisateurs, activer la lecture automatique et \u00eatre s\u00fbr que vos visiteurs ne quitteront pas votre site Web imm\u00e9diatement ! <\/p> <p><b>Offrez \u00e0 vos utilisateurs une source suppl\u00e9mentaire de contenu utile et int\u00e9ressant en utilisant Radio Player<\/b><\/p> <\/div> <div class=\"application-platform-content-item-features application-platform-content-item\" id=\"features\" data-nav-section=\"features\"> <h2>Ce ne sont que plusieurs des puissantes fonctionnalit\u00e9s de l&rsquo;extension\u00a0:<\/h2> <ul><li>Diverses variations de couleurs. <\/li><li>Th\u00e8me de couleur sombre\/clair. <\/li><li>2 mises en page disponibles. <\/li><li>Une option pour ajouter une image d&rsquo;arri\u00e8re-plan. <\/li><li>Adjectez un nombre infini de stations<\/li><\/ul><p><a href=\"#demo\">Essayez toutes les fonctionnalit\u00e9s de personnalisation dans une d\u00e9mo compl\u00e8te<\/a><\/p> <\/div> <div class=\"application-platform-content-item-installation application-platform-content-item\" id=\"installation\" data-nav-section=\"installation\"> <h2>Comment ajouter Radio Player \u00e0 mon site Magento\u00a0?<\/h2> <p>Suivez simplement quelques \u00e9tapes d\u00e9crites ci-dessous pour int\u00e9grer le plugin.<\/p> <ol><li><b>Utilisez notre \u00e9diteur gratuit et commencez \u00e0 travailler avec votre extension personnalis\u00e9e. <\/b><br> Recherchez la disposition s\u00e9lectionn\u00e9e et les sp\u00e9cifications de l&rsquo;extension et appliquez toutes les corrections. <\/li> <li><b>Acqu\u00e9rez votre code personnel apparaissant dans la case sur Elfsight Apps. <\/b><br> Une fois la g\u00e9n\u00e9ration de votre extension personnelle termin\u00e9e, copiez votre code depuis la bo\u00eete qui appara\u00eet et conservez-le pour une occasion ult\u00e9rieure. <\/li> <li><b>Commencez \u00e0 utiliser l&rsquo;extension sur votre site Web Magento. <\/b><br> Saisissez le code que vous avez r\u00e9cemment copi\u00e9 sur votre site Web et appliquez les modifications. <\/li> <li><b>L&rsquo;installation est enti\u00e8rement termin\u00e9e. <\/b><br> Acc\u00e9dez \u00e0 votre site Web pour observer comment fonctionne l&rsquo;extension. <\/li><\/ol><p>Si vous rencontrez des difficult\u00e9s, n&rsquo;h\u00e9sitez pas \u00e0 contacter notre \u00e9quipe d&rsquo;assistance. Nos sp\u00e9cialistes sont impatients de vous aider avec toutes les questions que vous pourriez avoir avec le widget. <\/p> <\/div>","protected":false},"excerpt":{"rendered":"","protected":false},"author":9,"featured_media":0,"parent":2723,"menu_order":0,"comment_status":"closed","ping_status":"closed","template":"templates\/template-application-platform.php","meta":{"publish_to_discourse":"","publish_post_category":"","wpdc_auto_publish_overridden":"","wpdc_topic_tags":"","wpdc_pin_topic":"","wpdc_pin_until":"","discourse_post_id":"","discourse_permalink":"","wpdc_publishing_response":"","wpdc_publishing_error":"","footnotes":""},"class_list":["post-10003","page","type-page","status-publish","hentry"],"yoast_head":"<!-- This site is optimized with the Yoast SEO plugin v25.3.1 - https:\/\/yoast.com\/wordpress\/plugins\/seo\/ -->\n<title>Site Web Elfsight Radio Player pour Magento (gratuit et facile)<\/title>\n<meta name=\"description\" content=\"Int\u00e9grez une extension Radio Player r\u00e9active sur votre page d&#039;accueil. Utilisez notre d\u00e9mo pratique et fa\u00e7onnez votre widget sans effort\u00a0!\" \/>\n<meta name=\"robots\" content=\"index, follow, max-snippet:-1, max-image-preview:large, max-video-preview:-1\" \/>\n<link rel=\"canonical\" href=\"https:\/\/elfsight.com\/fr\/radio-player-widget\/magento\/\" \/>\n<meta property=\"og:locale\" content=\"fr_FR\" \/>\n<meta property=\"og:type\" content=\"article\" \/>\n<meta property=\"og:title\" content=\"Site Web Elfsight Radio Player pour Magento (gratuit et facile)\" \/>\n<meta property=\"og:description\" content=\"Int\u00e9grez une extension Radio Player r\u00e9active sur votre page d&#039;accueil. Utilisez notre d\u00e9mo pratique et fa\u00e7onnez votre widget sans effort\u00a0!\" \/>\n<meta property=\"og:url\" content=\"https:\/\/elfsight.com\/fr\/radio-player-widget\/magento\/\" \/>\n<meta property=\"og:site_name\" content=\"Elfsight FR\" \/>\n<meta property=\"article:modified_time\" content=\"2025-07-10T13:11:13+00:00\" \/>\n<meta name=\"twitter:card\" content=\"summary_large_image\" \/>\n<meta name=\"twitter:label1\" content=\"Dur\u00e9e de lecture estim\u00e9e\" \/>\n\t<meta name=\"twitter:data1\" content=\"2 minutes\" \/>\n<!-- \/ Yoast SEO plugin. -->","yoast_head_json":{"title":"Site Web Elfsight Radio Player pour Magento (gratuit et facile)","description":"Int\u00e9grez une extension Radio Player r\u00e9active sur votre page d'accueil. Utilisez notre d\u00e9mo pratique et fa\u00e7onnez votre widget sans effort\u00a0!","robots":{"index":"index","follow":"follow","max-snippet":"max-snippet:-1","max-image-preview":"max-image-preview:large","max-video-preview":"max-video-preview:-1"},"canonical":"https:\/\/elfsight.com\/fr\/radio-player-widget\/magento\/","og_locale":"fr_FR","og_type":"article","og_title":"Site Web Elfsight Radio Player pour Magento (gratuit et facile)","og_description":"Int\u00e9grez une extension Radio Player r\u00e9active sur votre page d'accueil. Utilisez notre d\u00e9mo pratique et fa\u00e7onnez votre widget sans effort\u00a0!","og_url":"https:\/\/elfsight.com\/fr\/radio-player-widget\/magento\/","og_site_name":"Elfsight FR","article_modified_time":"2025-07-10T13:11:13+00:00","twitter_card":"summary_large_image","twitter_misc":{"Dur\u00e9e de lecture estim\u00e9e":"2 minutes"},"schema":{"@context":"https:\/\/schema.org","@graph":[{"@type":"WebPage","@id":"https:\/\/elfsight.com\/fr\/radio-player-widget\/magento\/","url":"https:\/\/elfsight.com\/fr\/radio-player-widget\/magento\/","name":"Site Web Elfsight Radio Player pour Magento (gratuit et facile)","isPartOf":{"@id":"https:\/\/elfsight.com\/fr\/#website"},"datePublished":"1970-01-01T00:00:00+00:00","dateModified":"2025-07-10T13:11:13+00:00","description":"Int\u00e9grez une extension Radio Player r\u00e9active sur votre page d'accueil. Utilisez notre d\u00e9mo pratique et fa\u00e7onnez votre widget sans effort\u00a0!","breadcrumb":{"@id":"https:\/\/elfsight.com\/fr\/radio-player-widget\/magento\/#breadcrumb"},"inLanguage":"fr-FR","potentialAction":[{"@type":"ReadAction","target":["https:\/\/elfsight.com\/fr\/radio-player-widget\/magento\/"]}]},{"@type":"BreadcrumbList","@id":"https:\/\/elfsight.com\/fr\/radio-player-widget\/magento\/#breadcrumb","itemListElement":[{"@type":"ListItem","position":1,"name":"Home","item":"https:\/\/elfsight.com\/fr\/"},{"@type":"ListItem","position":2,"name":"Radio Player","item":"https:\/\/elfsight.com\/fr\/radio-player-widget\/"},{"@type":"ListItem","position":3,"name":"Radio Player &#8211; Magento"}]},{"@type":"WebSite","@id":"https:\/\/elfsight.com\/fr\/#website","url":"https:\/\/elfsight.com\/fr\/","name":"Elfsight FR","description":"","potentialAction":[{"@type":"SearchAction","target":{"@type":"EntryPoint","urlTemplate":"https:\/\/elfsight.com\/fr\/?s={search_term_string}"},"query-input":{"@type":"PropertyValueSpecification","valueRequired":true,"valueName":"search_term_string"}}],"inLanguage":"fr-FR"}]}},"meta_box":{"industry":"","seo_heading":"","heading":"","description":"","cta_heading":"","cta_description":"","application":"2722","h1":"Extension du lecteur radio Magento","h1_caption":"Ajoutez un flux radio en direct \u00e0 votre site Web avec un lecteur personnalisable qui adapte facilement votre image de marque \u00e0 votre site Web Magento.","application_category":[],"applications_title":"","applications_request_title":"","applications_request_button_text":"","hero_text":"","hero_video":"","hero_video_schema_markup":"","selling_points_title":"","selling_points_caption":"","selling_points":[],"selling_points_cta_text":"","features_title":"","features":"","ed_cta_examples_text":"","ed_cta_examples_hidden":"","ed_cta_demo_text":"","ed_cta_demo_hidden":"","why_caption":"","why_editor_title":"","why_editor_text":"","why_team_title":"","why_team_text":"","why_service_title":"","why_service_text":"","template_catalog_visible":"","template_catalog_title":"","template_catalog_text":"","template_catalog_categories_visible":"","demo_title":"Cr\u00e9ez votre extension Radio Player","demo_caption":"Configurez votre Radio Player et ajoutez-le \u00e0 votre site Magento gratuitement !","default_faq_hidden":"","app_template_category":[],"platform":"357","template_public_id":"","codecanyon_url":"","codecanyon_item_id":"","codecanyon_price":"","pricing_caption":"","pricing_elfsight_apps_hide_column":"","pricing_elfsight_apps_url":"","pricing_codecanyon_price_caption":"","integration_category":[],"integration_request_title":"","integration_request_cta":"","integration_platform":"","integrations":[],"platform_category":[],"video_schema_markup":"","price":"\u00e0 partir de 0$ \/ mois","trial":"","benefits":[{"text":"Service d'installation gratuit"},{"text":"Support client exp\u00e9riment\u00e9"},{"text":"Garantie de remboursement de 14 jours"},{"text":"Futures am\u00e9liorations gratuites"}],"button_url":"","button_target_blank":"","button_nofollow":"","attributes":[{"name":"Installations","content":"10,000 - 100,000"},{"name":"Sensible","content":"Oui"},{"name":"Navigateurs compatibles","content":"Firefox, Safari, Opera, Chrome, Edge"}],"tags":[],"tags_disable_links":"","hide_more_platforms":"","video_object":"","demo_hide_cta":"","demo_hide_cloud_options":"","pricing_title":"","pricing":[{"pricing_icon":"platform","pricing_title":"Elfsight Apps","pricing_title_caption":"Solution multiplateforme adapt\u00e9e \u00e0 n'importe quel site Web","pricing_price":"from $0 \/ month","pricing_price_caption":"commencez avec un forfait gratuit","pricing_benefits":[{"text":"Domaines illimit\u00e9s"},{"text":"Support d\u2019entreprise d\u00e9di\u00e9 et bien document\u00e9"},{"text":"Assistance \u00e0 l'installation gratuite"},{"text":"100% personnalisable"}],"pricing_button_text":"Ajouter au site Web","pricing_button_url":"#demo"}],"related_apps_title":"","related_apps_hidden":"","author":"","image":[],"title":"","job":"","social_networks":[]},"_links":{"self":[{"href":"https:\/\/elfsight.com\/fr\/wp-json\/wp\/v2\/pages\/10003","targetHints":{"allow":["GET"]}}],"collection":[{"href":"https:\/\/elfsight.com\/fr\/wp-json\/wp\/v2\/pages"}],"about":[{"href":"https:\/\/elfsight.com\/fr\/wp-json\/wp\/v2\/types\/page"}],"author":[{"embeddable":true,"href":"https:\/\/elfsight.com\/fr\/wp-json\/wp\/v2\/users\/9"}],"replies":[{"embeddable":true,"href":"https:\/\/elfsight.com\/fr\/wp-json\/wp\/v2\/comments?post=10003"}],"version-history":[{"count":1,"href":"https:\/\/elfsight.com\/fr\/wp-json\/wp\/v2\/pages\/10003\/revisions"}],"predecessor-version":[{"id":10007,"href":"https:\/\/elfsight.com\/fr\/wp-json\/wp\/v2\/pages\/10003\/revisions\/10007"}],"up":[{"embeddable":true,"href":"https:\/\/elfsight.com\/fr\/wp-json\/wp\/v2\/pages\/2723"}],"wp:attachment":[{"href":"https:\/\/elfsight.com\/fr\/wp-json\/wp\/v2\/media?parent=10003"}],"curies":[{"name":"wp","href":"https:\/\/api.w.org\/{rel}","templated":true}]}}