{"id":10002,"date":"1970-01-01T00:00:00","date_gmt":"1970-01-01T00:00:00","guid":{"rendered":"https:\/\/elfsight.com\/fr\/?page_id=10002"},"modified":"2025-07-10T13:10:43","modified_gmt":"2025-07-10T13:10:43","slug":"html","status":"publish","type":"page","link":"https:\/\/elfsight.com\/fr\/radio-player-widget\/html\/","title":{"rendered":"Radio Player &#8211; HTML"},"content":{"rendered":"<div class=\"application-platform-content-item-description application-platform-content-item\" id=\"description\" data-nav-section=\"description\"> <h2>Description<\/h2> <p>Elfsight Live Stream Player est un widget simple vous permettant de lire des stations de radio directement sur votre site Web. Le plugin est hautement modifiable\u00a0: vous \u00eates libre de changer sa position, de le d\u00e9finir n&rsquo;importe o\u00f9 sur la page, de modifier sa taille, de recolorer l&rsquo;arri\u00e8re-plan et d&rsquo;autres parties pour le m\u00e9langer avec la mise en page de votre site, d&rsquo;appliquer un th\u00e8me sombre, de d\u00e9montrer des images et d&rsquo;afficher ou de masquer 3 d&rsquo;autres composants du joueur tels que le titre, le statut et plus encore. Vous pouvez t\u00e9l\u00e9charger autant de stations que vous le souhaitez pour engager votre public, activer la lecture automatique et n&rsquo;ayez aucun doute : vos utilisateurs ne quitteront pas votre page d&rsquo;accueil imm\u00e9diatement ! <\/p> <p><b>\u00c9quipez votre audience avec une toute nouvelle source de contenu utile et engageant utilisant Elfsight Live Radio Player pour HTML<\/b><\/p> <\/div> <div class=\"application-platform-content-item-features application-platform-content-item\" id=\"features\" data-nav-section=\"features\"> <h2>Le widget offre des fonctionnalit\u00e9s utiles et simples, voyez-en quelques-unes\u00a0:<\/h2> <ul><li>De nombreuses variations de couleurs.<\/li><li>Sch\u00e9ma de couleurs sombres\/claires.<\/li><li>Deux mises en page applicables.<\/li><li>Une option pour ajouter une image d&rsquo;arri\u00e8re-plan.<\/li><li>Adjecter un nombre illimit\u00e9 de stations.<\/li><\/ul><p><a href=\"#demo\"> Consultez simplement cette d\u00e9mo pour voir comment cela fonctionne<\/a><\/p> <\/div> <div class=\"application-platform-content-item-installation application-platform-content-item\" id=\"installation\" data-nav-section=\"installation\"> <h2>Comment int\u00e9grer Radio Player sur un site Web HTML\u00a0?<\/h2> <div class=\" conteneur vid\u00e9o\"><iframe width=\"720\" height=\"405\" src=\"https:\/\/www.youtube.com\/embed\/jB68F2g1d1I\" frameborder=\"0\" allowfullscreen><\/iframe><\/div><p>Suivez simplement les \u00e9tapes pr\u00e9sent\u00e9es ci-dessous pour int\u00e9grer le widget.<\/p> <ol><li><b>\u00c0 l&rsquo;aide de notre \u00e9diteur gratuit, commencez \u00e0 fa\u00e7onner votre lecteur de diffusion en direct.<\/b><br> D\u00e9terminez l&rsquo;apparence appropri\u00e9e et traits fonctionnels du plugin et appliquez les modifications.<\/li> <li><b>Copiez le code unique qui appara\u00eet dans la case sur Elfsight Apps.<\/b><br> D\u00e8s que la configuration de votre plugin est termin\u00e9e , copiez le code personnel dans la bo\u00eete qui appara\u00eet et enregistrez-le pour une occasion ult\u00e9rieure.<\/li> <li><b>Commencez \u00e0 utiliser le widget radio sur votre site Web HTML.<\/b><br> Entrez le code que vous&rsquo; J&rsquo;ai r\u00e9cemment enregistr\u00e9 votre page et appliquez les modifications.<\/li> <li><b>L&rsquo;installation est enti\u00e8rement effectu\u00e9e.<\/b><br> Acc\u00e9dez \u00e0 votre page pour inspecter les performances du plugin.<\/li><\/ol> <p>Si vous rencontrez des difficult\u00e9s, n&rsquo;h\u00e9sitez pas \u00e0 \u00e9crire \u00e0 notre service client. Nos collaborateurs seront ravis de vous aider avec tous les probl\u00e8mes que vous pourriez rencontrer avec le widget.<\/p> <\/div>","protected":false},"excerpt":{"rendered":"","protected":false},"author":9,"featured_media":0,"parent":2723,"menu_order":0,"comment_status":"closed","ping_status":"closed","template":"templates\/template-application-platform.php","meta":{"publish_to_discourse":"","publish_post_category":"","wpdc_auto_publish_overridden":"","wpdc_topic_tags":"","wpdc_pin_topic":"","wpdc_pin_until":"","discourse_post_id":"","discourse_permalink":"","wpdc_publishing_response":"","wpdc_publishing_error":"","footnotes":""},"class_list":["post-10002","page","type-page","status-publish","hentry"],"yoast_head":"<!-- This site is optimized with the Yoast SEO plugin v25.3.1 - https:\/\/yoast.com\/wordpress\/plugins\/seo\/ -->\n<title>Code du widget HTML Radio Player pour site Web (gratuit et facile)<\/title>\n<meta name=\"description\" content=\"Int\u00e9grez un code de widget HTML Radio Player r\u00e9actif sur votre site Web. Appliquez notre d\u00e9mo pratique et cr\u00e9ez votre Radio Stream Player sans effort\u00a0!\" \/>\n<meta name=\"robots\" content=\"index, follow, max-snippet:-1, max-image-preview:large, max-video-preview:-1\" \/>\n<link rel=\"canonical\" href=\"https:\/\/elfsight.com\/fr\/radio-player-widget\/html\/\" \/>\n<meta property=\"og:locale\" content=\"fr_FR\" \/>\n<meta property=\"og:type\" content=\"article\" \/>\n<meta property=\"og:title\" content=\"Code du widget HTML Radio Player pour site Web (gratuit et facile)\" \/>\n<meta property=\"og:description\" content=\"Int\u00e9grez un code de widget HTML Radio Player r\u00e9actif sur votre site Web. Appliquez notre d\u00e9mo pratique et cr\u00e9ez votre Radio Stream Player sans effort\u00a0!\" \/>\n<meta property=\"og:url\" content=\"https:\/\/elfsight.com\/fr\/radio-player-widget\/html\/\" \/>\n<meta property=\"og:site_name\" content=\"Elfsight FR\" \/>\n<meta property=\"article:modified_time\" content=\"2025-07-10T13:10:43+00:00\" \/>\n<meta name=\"twitter:card\" content=\"summary_large_image\" \/>\n<meta name=\"twitter:label1\" content=\"Dur\u00e9e de lecture estim\u00e9e\" \/>\n\t<meta name=\"twitter:data1\" content=\"2 minutes\" \/>\n<!-- \/ Yoast SEO plugin. -->","yoast_head_json":{"title":"Code du widget HTML Radio Player pour site Web (gratuit et facile)","description":"Int\u00e9grez un code de widget HTML Radio Player r\u00e9actif sur votre site Web. Appliquez notre d\u00e9mo pratique et cr\u00e9ez votre Radio Stream Player sans effort\u00a0!","robots":{"index":"index","follow":"follow","max-snippet":"max-snippet:-1","max-image-preview":"max-image-preview:large","max-video-preview":"max-video-preview:-1"},"canonical":"https:\/\/elfsight.com\/fr\/radio-player-widget\/html\/","og_locale":"fr_FR","og_type":"article","og_title":"Code du widget HTML Radio Player pour site Web (gratuit et facile)","og_description":"Int\u00e9grez un code de widget HTML Radio Player r\u00e9actif sur votre site Web. Appliquez notre d\u00e9mo pratique et cr\u00e9ez votre Radio Stream Player sans effort\u00a0!","og_url":"https:\/\/elfsight.com\/fr\/radio-player-widget\/html\/","og_site_name":"Elfsight FR","article_modified_time":"2025-07-10T13:10:43+00:00","twitter_card":"summary_large_image","twitter_misc":{"Dur\u00e9e de lecture estim\u00e9e":"2 minutes"},"schema":{"@context":"https:\/\/schema.org","@graph":[{"@type":"WebPage","@id":"https:\/\/elfsight.com\/fr\/radio-player-widget\/html\/","url":"https:\/\/elfsight.com\/fr\/radio-player-widget\/html\/","name":"Code du widget HTML Radio Player pour site Web (gratuit et facile)","isPartOf":{"@id":"https:\/\/elfsight.com\/fr\/#website"},"datePublished":"1970-01-01T00:00:00+00:00","dateModified":"2025-07-10T13:10:43+00:00","description":"Int\u00e9grez un code de widget HTML Radio Player r\u00e9actif sur votre site Web. Appliquez notre d\u00e9mo pratique et cr\u00e9ez votre Radio Stream Player sans effort\u00a0!","breadcrumb":{"@id":"https:\/\/elfsight.com\/fr\/radio-player-widget\/html\/#breadcrumb"},"inLanguage":"fr-FR","potentialAction":[{"@type":"ReadAction","target":["https:\/\/elfsight.com\/fr\/radio-player-widget\/html\/"]}]},{"@type":"BreadcrumbList","@id":"https:\/\/elfsight.com\/fr\/radio-player-widget\/html\/#breadcrumb","itemListElement":[{"@type":"ListItem","position":1,"name":"Home","item":"https:\/\/elfsight.com\/fr\/"},{"@type":"ListItem","position":2,"name":"Radio Player","item":"https:\/\/elfsight.com\/fr\/radio-player-widget\/"},{"@type":"ListItem","position":3,"name":"Radio Player &#8211; HTML"}]},{"@type":"WebSite","@id":"https:\/\/elfsight.com\/fr\/#website","url":"https:\/\/elfsight.com\/fr\/","name":"Elfsight FR","description":"","potentialAction":[{"@type":"SearchAction","target":{"@type":"EntryPoint","urlTemplate":"https:\/\/elfsight.com\/fr\/?s={search_term_string}"},"query-input":{"@type":"PropertyValueSpecification","valueRequired":true,"valueName":"search_term_string"}}],"inLanguage":"fr-FR"}]}},"meta_box":{"industry":"","seo_heading":"","heading":"","description":"","cta_heading":"","cta_description":"","application":"2722","h1":"Widget Lecteur Radio HTML","h1_caption":"Ajoutez un flux radio en direct \u00e0 votre site Web avec un lecteur personnalisable qui adapte facilement votre image de marque \u00e0 votre site Web HTML.","application_category":[],"applications_title":"","applications_request_title":"","applications_request_button_text":"","hero_text":"","hero_video":"","hero_video_schema_markup":"","selling_points_title":"","selling_points_caption":"","selling_points":[],"selling_points_cta_text":"","features_title":"","features":"","ed_cta_examples_text":"","ed_cta_examples_hidden":"","ed_cta_demo_text":"","ed_cta_demo_hidden":"","why_caption":"","why_editor_title":"","why_editor_text":"","why_team_title":"","why_team_text":"","why_service_title":"","why_service_text":"","template_catalog_visible":"","template_catalog_title":"","template_catalog_text":"","template_catalog_categories_visible":"","demo_title":"Cr\u00e9ez votre widget Lecteur Radio","demo_caption":"Configurez votre Player Radio et ajoutez-le \u00e0 votre site HTML gratuitement !","default_faq_hidden":"","app_template_category":[],"platform":"352","template_public_id":"","codecanyon_url":"","codecanyon_item_id":"","codecanyon_price":"","pricing_caption":"","pricing_elfsight_apps_hide_column":"","pricing_elfsight_apps_url":"","pricing_codecanyon_price_caption":"","integration_category":[],"integration_request_title":"","integration_request_cta":"","integration_platform":"","integrations":[],"platform_category":[],"video_schema_markup":"","price":"\u00e0 partir de 0$ \/ mois","trial":"","benefits":[{"text":"Aide \u00e0 l'installation gratuite"},{"text":"Soutien exceptionnel"},{"text":"Garantie de remboursement de 14 jours"},{"text":"D\u00e9veloppement continu"}],"button_url":"","button_target_blank":"","button_nofollow":"","attributes":[{"name":"Installations","content":"10,000 - 100,000"},{"name":"Sensible","content":"Oui"},{"name":"Navigateurs compatibles","content":"Firefox, Safari, Opera, Chrome, Edge"}],"tags":[],"tags_disable_links":"","hide_more_platforms":"","video_object":"","demo_hide_cta":"","demo_hide_cloud_options":"","pricing_title":"","pricing":[{"pricing_icon":"platform","pricing_title":"Elfsight Apps","pricing_title_caption":"Version multiplateforme","pricing_price":"from $0 \/ month","pricing_price_caption":"commencez avec un forfait gratuit","pricing_benefits":[{"text":"Sites Web illimit\u00e9s"},{"text":"Support client d\u00e9di\u00e9"},{"text":"Aide \u00e0 l'installation gratuite"},{"text":"Prix \u200b\u200b\u00e0 attraper pour plusieurs applications"}],"pricing_button_text":"Ajouter au site Web","pricing_button_url":"#demo"}],"related_apps_title":"","related_apps_hidden":"","author":"","image":[],"title":"","job":"","social_networks":[]},"_links":{"self":[{"href":"https:\/\/elfsight.com\/fr\/wp-json\/wp\/v2\/pages\/10002","targetHints":{"allow":["GET"]}}],"collection":[{"href":"https:\/\/elfsight.com\/fr\/wp-json\/wp\/v2\/pages"}],"about":[{"href":"https:\/\/elfsight.com\/fr\/wp-json\/wp\/v2\/types\/page"}],"author":[{"embeddable":true,"href":"https:\/\/elfsight.com\/fr\/wp-json\/wp\/v2\/users\/9"}],"replies":[{"embeddable":true,"href":"https:\/\/elfsight.com\/fr\/wp-json\/wp\/v2\/comments?post=10002"}],"version-history":[{"count":1,"href":"https:\/\/elfsight.com\/fr\/wp-json\/wp\/v2\/pages\/10002\/revisions"}],"predecessor-version":[{"id":10006,"href":"https:\/\/elfsight.com\/fr\/wp-json\/wp\/v2\/pages\/10002\/revisions\/10006"}],"up":[{"embeddable":true,"href":"https:\/\/elfsight.com\/fr\/wp-json\/wp\/v2\/pages\/2723"}],"wp:attachment":[{"href":"https:\/\/elfsight.com\/fr\/wp-json\/wp\/v2\/media?parent=10002"}],"curies":[{"name":"wp","href":"https:\/\/api.w.org\/{rel}","templated":true}]}}