{"id":8922,"date":"1970-01-01T00:00:00","date_gmt":"1970-01-01T00:00:00","guid":{"rendered":"https:\/\/elfsight.com\/es\/?page_id=8922"},"modified":"2025-02-06T15:29:37","modified_gmt":"2025-02-06T15:29:37","slug":"prestashop","status":"publish","type":"page","link":"https:\/\/elfsight.com\/es\/all-in-one-reviews-widget\/prestashop\/","title":{"rendered":"All-in-One Reviews &#8211; PrestaShop"},"content":{"rendered":"<h2>Descripci\u00f3n<\/h2> <p>El widget de rese\u00f1as todo en uno es un instrumento \u00fatil que le brinda la oportunidad de demostrar las rese\u00f1as de sus productos directamente en su p\u00e1gina web desde todos los sitios de rese\u00f1as populares. Con la ayuda de nuestro complemento, podr\u00e1 utilizar filtros para ocultar las rese\u00f1as no deseadas, presumir de su calificaci\u00f3n de estrellas y de cantidad directamente desde su cuenta en cualquier p\u00e1gina web de rese\u00f1as de negocios, agregar datos sobre los autores de las rese\u00f1as y adjuntar un bot\u00f3n de llamado a la acci\u00f3n que inspirar\u00e1 a los visitantes a escribir su opini\u00f3n. El widget de Rese\u00f1as todo en uno lo impulsar\u00e1 a mostrar su excelente prueba social en el sitio web y comenzar a recibir m\u00e1s ventas nuevas. <\/p><p><b>\u00a1Empiece a aplicar revisiones todo en uno para alcanzar sus objetivos comerciales m\u00e1s r\u00e1pido! <\/b><\/p> [\/application_platform_content_item] <div class=\"application-platform-content-item-features application-platform-content-item\" id=\"features\" data-nav-section=\"features\"> <h2>Explore la lista de las caracter\u00edsticas m\u00e1s destacadas: <\/h2> <ul><li>Agregue botones de CTA para guiar a los visitantes del sitio hacia la conversi\u00f3n. <\/li><li>Regula la duraci\u00f3n del cambio de diapositiva. <\/li><li>Elija entre muchas funciones. <\/li><li>Coloca tu contenido en cualquier lugar de la p\u00e1gina mediante posici\u00f3n avanzada. <\/li><li>Modificar 5 opciones de contenido. <\/li><\/ul><p><a href=\"#demo\">Pruebe todas las opciones de personalizaci\u00f3n en una demostraci\u00f3n con todas las funciones<\/a><\/p> <\/div> <div class=\"application-platform-content-item-installation application-platform-content-item\" id=\"installation\" data-nav-section=\"installation\"> <h2>\u00bfC\u00f3mo puedo agregar rese\u00f1as todo en uno a mi sitio PrestaShop? <\/h2> <p>Simplemente siga las pautas a continuaci\u00f3n para comenzar a utilizar la herramienta. <\/p> <ol><li><b>Abra nuestra demostraci\u00f3n gratuita y comience a crear su complemento personalizado. <\/b><br> Determine el aspecto y los aspectos personalizados de la herramienta y guarde las correcciones. <\/li> <li><b>Adquiera el c\u00f3digo personal que aparece en la ventana de Elfsight Apps. <\/b><br> Tan pronto como finalice la personalizaci\u00f3n de su widget, copie el c\u00f3digo exclusivo en la ventana que aparece y gu\u00e1rdelo para usarlo en el futuro. <\/li> <li><b>Comience a utilizar el complemento en su sitio web PrestaShop. <\/b><br>Integra el c\u00f3digo que has guardado recientemente en tu p\u00e1gina de inicio y guarda las modificaciones. <\/li> <li><b>\u00a1Listo! La configuraci\u00f3n est\u00e1 completamente realizada. <\/b><br> Vaya a su p\u00e1gina para examinar el rendimiento del widget. <\/li><\/ol> <p>En caso de que experimente alg\u00fan problema, no dude en ponerse en contacto con nuestro personal de soporte. Nuestra gente estar\u00e1 encantada de resolver todas las dudas que puedas tener con el complemento. <\/p> <div class=\"faq\" data-component=\"FAQ\"> <div class=\"faq-item\">\r\n\t\t\t\t\t<div class=\"faq-item-question\">\r\n\t\t\t\t\t\t<h3 class=\"faq-item-question-text\">\u00bfC\u00f3mo puedo agregar Rese\u00f1as todo en uno a mi sitio web PrestaShop sin conocimientos de codificaci\u00f3n?<\/h3>\r\n\r\n\t\t\t\t\t\t<div class=\"faq-item-question-icon\"><\/div>\r\n\t\t\t\t\t<\/div>\r\n\r\n\t\t\t\t\t<div class=\"faq-item-answer\">\r\n\t\t\t\t\t\t<div class=\"faq-item-answer-text\"> <p>Elfsight proporciona una soluci\u00f3n SaaS que le permite crear usted mismo un widget de Rese\u00f1as todo en uno. Vea lo f\u00e1cil que es el proceso: trabaje directamente en el editor en l\u00ednea para crear un widget de Rese\u00f1as todo en uno que le gustar\u00eda ver en su sitio web de PrestaShop. Elija una de las plantillas predise\u00f1adas y ajuste la configuraci\u00f3n de Rese\u00f1as todo en uno, agregue su contenido, cambie el dise\u00f1o y la combinaci\u00f3n de colores sin conocimientos de codificaci\u00f3n. Guarde las Rese\u00f1as Todo en Uno y copie su c\u00f3digo de instalaci\u00f3n, que puede insertar f\u00e1cilmente en su sitio web PrestaShop sin necesidad de comprar un plan pago. Con nuestro editor intuitivo, cualquier usuario de Internet puede crear un widget de rese\u00f1as todo en uno en l\u00ednea e incrustarlo f\u00e1cilmente en su sitio web PrestaShop. No es necesario pagar ni ingresar las credenciales de su tarjeta para acceder al servicio. Si tiene alg\u00fan problema en cualquier paso, no dude en ponerse en contacto con nuestro equipo de soporte t\u00e9cnico.<\/p> <\/div>\r\n\t\t\t\t\t<\/div>\r\n\t\t\t\t<\/div> <\/div> <\/div>","protected":false},"excerpt":{"rendered":"Descripci\u00f3n El widget de rese\u00f1as todo en uno es un instrumento \u00fatil que le brinda la oportunidad de demostrar las rese\u00f1as de sus productos directamente en su p\u00e1gina web desde todos los sitios de rese\u00f1as populares. Con la ayuda de nuestro complemento, podr\u00e1 utilizar filtros para ocultar las rese\u00f1as no&#8230;","protected":false},"author":9,"featured_media":0,"parent":394,"menu_order":0,"comment_status":"closed","ping_status":"closed","template":"templates\/template-application-platform.php","meta":{"publish_to_discourse":"","publish_post_category":"","wpdc_auto_publish_overridden":"","wpdc_topic_tags":"","wpdc_pin_topic":"","wpdc_pin_until":"","discourse_post_id":"","discourse_permalink":"","wpdc_publishing_response":"","wpdc_publishing_error":"","footnotes":""},"class_list":["post-8922","page","type-page","status-publish","hentry"],"yoast_head":"<!-- This site is optimized with the Yoast SEO plugin v25.3.1 - https:\/\/yoast.com\/wordpress\/plugins\/seo\/ -->\n<title>Agregue un widget responsivo de Rese\u00f1as todo en uno a su sitio web PrestaShop<\/title>\n<meta name=\"description\" content=\"Inserta un complemento Rese\u00f1as responsivo en tu sitio PrestaShop y gana plena confianza. Utilice la demostraci\u00f3n f\u00e1cil de usar de Elfsight para crear su complemento.\" \/>\n<meta name=\"robots\" content=\"index, follow, max-snippet:-1, max-image-preview:large, max-video-preview:-1\" \/>\n<link rel=\"canonical\" href=\"https:\/\/elfsight.com\/es\/all-in-one-reviews-widget\/prestashop\/\" \/>\n<meta property=\"og:locale\" content=\"es_ES\" \/>\n<meta property=\"og:type\" content=\"article\" \/>\n<meta property=\"og:title\" content=\"Agregue un widget responsivo de Rese\u00f1as todo en uno a su sitio web PrestaShop\" \/>\n<meta property=\"og:description\" content=\"Inserta un complemento Rese\u00f1as responsivo en tu sitio PrestaShop y gana plena confianza. Utilice la demostraci\u00f3n f\u00e1cil de usar de Elfsight para crear su complemento.\" \/>\n<meta property=\"og:url\" content=\"https:\/\/elfsight.com\/es\/all-in-one-reviews-widget\/prestashop\/\" \/>\n<meta property=\"og:site_name\" content=\"Elfsight ES\" \/>\n<meta property=\"article:modified_time\" content=\"2025-02-06T15:29:37+00:00\" \/>\n<meta name=\"twitter:card\" content=\"summary_large_image\" \/>\n<meta name=\"twitter:label1\" content=\"Tiempo de lectura\" \/>\n\t<meta name=\"twitter:data1\" content=\"3 minutos\" \/>\n<!-- \/ Yoast SEO plugin. -->","yoast_head_json":{"title":"Agregue un widget responsivo de Rese\u00f1as todo en uno a su sitio web PrestaShop","description":"Inserta un complemento Rese\u00f1as responsivo en tu sitio PrestaShop y gana plena confianza. Utilice la demostraci\u00f3n f\u00e1cil de usar de Elfsight para crear su complemento.","robots":{"index":"index","follow":"follow","max-snippet":"max-snippet:-1","max-image-preview":"max-image-preview:large","max-video-preview":"max-video-preview:-1"},"canonical":"https:\/\/elfsight.com\/es\/all-in-one-reviews-widget\/prestashop\/","og_locale":"es_ES","og_type":"article","og_title":"Agregue un widget responsivo de Rese\u00f1as todo en uno a su sitio web PrestaShop","og_description":"Inserta un complemento Rese\u00f1as responsivo en tu sitio PrestaShop y gana plena confianza. Utilice la demostraci\u00f3n f\u00e1cil de usar de Elfsight para crear su complemento.","og_url":"https:\/\/elfsight.com\/es\/all-in-one-reviews-widget\/prestashop\/","og_site_name":"Elfsight ES","article_modified_time":"2025-02-06T15:29:37+00:00","twitter_card":"summary_large_image","twitter_misc":{"Tiempo de lectura":"3 minutos"},"schema":{"@context":"https:\/\/schema.org","@graph":[{"@type":"WebPage","@id":"https:\/\/elfsight.com\/es\/all-in-one-reviews-widget\/prestashop\/","url":"https:\/\/elfsight.com\/es\/all-in-one-reviews-widget\/prestashop\/","name":"Agregue un widget responsivo de Rese\u00f1as todo en uno a su sitio web PrestaShop","isPartOf":{"@id":"https:\/\/elfsight.com\/es\/#website"},"datePublished":"1970-01-01T00:00:00+00:00","dateModified":"2025-02-06T15:29:37+00:00","description":"Inserta un complemento Rese\u00f1as responsivo en tu sitio PrestaShop y gana plena confianza. Utilice la demostraci\u00f3n f\u00e1cil de usar de Elfsight para crear su complemento.","breadcrumb":{"@id":"https:\/\/elfsight.com\/es\/all-in-one-reviews-widget\/prestashop\/#breadcrumb"},"inLanguage":"es","potentialAction":[{"@type":"ReadAction","target":["https:\/\/elfsight.com\/es\/all-in-one-reviews-widget\/prestashop\/"]}]},{"@type":"BreadcrumbList","@id":"https:\/\/elfsight.com\/es\/all-in-one-reviews-widget\/prestashop\/#breadcrumb","itemListElement":[{"@type":"ListItem","position":1,"name":"Home","item":"https:\/\/elfsight.com\/es\/"},{"@type":"ListItem","position":2,"name":"All-in-One Reviews","item":"https:\/\/elfsight.com\/es\/all-in-one-reviews-widget\/"},{"@type":"ListItem","position":3,"name":"All-in-One Reviews &#8211; PrestaShop"}]},{"@type":"WebSite","@id":"https:\/\/elfsight.com\/es\/#website","url":"https:\/\/elfsight.com\/es\/","name":"Elfsight ES","description":"Just another Elfsight Sites site","potentialAction":[{"@type":"SearchAction","target":{"@type":"EntryPoint","urlTemplate":"https:\/\/elfsight.com\/es\/?s={search_term_string}"},"query-input":{"@type":"PropertyValueSpecification","valueRequired":true,"valueName":"search_term_string"}}],"inLanguage":"es"}]}},"meta_box":{"industry":"","seo_heading":"","heading":"","description":"","cta_heading":"","cta_description":"","application":"393","h1":"Complemento PrestaShop All-in-One Reviews","h1_caption":"Aumente la confianza del cliente publicando testimonios sobre su negocio directamente en su sitio web","application_category":[],"applications_title":"","applications_request_title":"","applications_request_button_text":"","hero_text":"","hero_video":"","hero_video_schema_markup":"","selling_points_title":"","selling_points_caption":"","selling_points":[],"selling_points_cta_text":"","features_title":"","features":"","ed_cta_examples_text":"","ed_cta_examples_hidden":"","ed_cta_demo_text":"","ed_cta_demo_hidden":"","why_caption":"","why_editor_title":"","why_editor_text":"","why_team_title":"","why_team_text":"","why_service_title":"","why_service_text":"","template_catalog_visible":"","template_catalog_title":"","template_catalog_text":"","template_catalog_categories_visible":"","demo_title":"Cree su complemento de rese\u00f1as todo en uno","demo_caption":"\u00a1Configure sus Rese\u00f1as Todo en Uno y agr\u00e9guelas a su sitio web PrestaShop gratis!","default_faq_hidden":"","app_template_category":[],"platform":"2250","template_public_id":"","codecanyon_url":"","codecanyon_item_id":"","codecanyon_price":"","pricing_caption":"","pricing_elfsight_apps_hide_column":"","pricing_elfsight_apps_url":"","pricing_codecanyon_price_caption":"","integration_category":[],"integration_request_title":"","integration_request_cta":"","integration_platform":"","integrations":[],"platform_category":[],"video_schema_markup":"","price":"desde $0 \/ mes","trial":"","benefits":[{"text":"Ayuda de instalaci\u00f3n gratuita"},{"text":"Soporte premium"},{"text":"Garant\u00eda de devoluci\u00f3n de dinero de 14 d\u00edas"},{"text":"Futuras actualizaciones gratuitas"}],"button_url":"#demo","button_target_blank":"","button_nofollow":"","attributes":[{"name":"Instalaciones","content":"100,000 - 500,000"},{"name":"Sensible","content":"S\u00ed"},{"name":"Navegadores compatibles","content":"Firefox, Safari, Opera, Chrome, Edge"}],"tags":[],"tags_disable_links":"","hide_more_platforms":"","video_object":"","demo_hide_cta":"","demo_hide_cloud_options":"","pricing_title":"","pricing":[{"pricing_icon":"platform","pricing_title":"Elfsight Apps","pricing_title_caption":"Soluci\u00f3n multiplataforma que funciona en cualquier sitio web","pricing_price":"desde $0 \/ mes","pricing_price_caption":"comienza con un plan gratuito","pricing_benefits":[{"text":"Dominios ilimitados"},{"text":"Soporte profesional de la empresa"},{"text":"Ayuda de instalaci\u00f3n gratuita"},{"text":"Dise\u00f1o flexible"}],"pricing_button_text":"A\u00f1adir al sitio web","pricing_button_url":"#demo"}],"related_apps_title":"","related_apps_hidden":"","author":"","image":[],"title":"","job":"","social_networks":[]},"_links":{"self":[{"href":"https:\/\/elfsight.com\/es\/wp-json\/wp\/v2\/pages\/8922","targetHints":{"allow":["GET"]}}],"collection":[{"href":"https:\/\/elfsight.com\/es\/wp-json\/wp\/v2\/pages"}],"about":[{"href":"https:\/\/elfsight.com\/es\/wp-json\/wp\/v2\/types\/page"}],"author":[{"embeddable":true,"href":"https:\/\/elfsight.com\/es\/wp-json\/wp\/v2\/users\/9"}],"replies":[{"embeddable":true,"href":"https:\/\/elfsight.com\/es\/wp-json\/wp\/v2\/comments?post=8922"}],"version-history":[{"count":2,"href":"https:\/\/elfsight.com\/es\/wp-json\/wp\/v2\/pages\/8922\/revisions"}],"predecessor-version":[{"id":18373,"href":"https:\/\/elfsight.com\/es\/wp-json\/wp\/v2\/pages\/8922\/revisions\/18373"}],"up":[{"embeddable":true,"href":"https:\/\/elfsight.com\/es\/wp-json\/wp\/v2\/pages\/394"}],"wp:attachment":[{"href":"https:\/\/elfsight.com\/es\/wp-json\/wp\/v2\/media?parent=8922"}],"curies":[{"name":"wp","href":"https:\/\/api.w.org\/{rel}","templated":true}]}}