{"id":8907,"date":"1970-01-01T00:00:00","date_gmt":"1970-01-01T00:00:00","guid":{"rendered":"https:\/\/elfsight.com\/es\/?page_id=8907"},"modified":"2025-02-06T15:29:37","modified_gmt":"2025-02-06T15:29:37","slug":"jimdo","status":"publish","type":"page","link":"https:\/\/elfsight.com\/es\/all-in-one-reviews-widget\/jimdo\/","title":{"rendered":"All-in-One Reviews &#8211; Jimdo"},"content":{"rendered":"<div class=\"application-platform-content-item-description application-platform-content-item\" id=\"description\" data-nav-section=\"description\"> <h2>Descripci\u00f3n<\/h2> <p>Elfsight All-in-One Reviews es un \u00fatil widget que le ofrece la posibilidad de demostrar las rese\u00f1as de sus ofertas directamente en su p\u00e1gina web desde todos los principales sitios de rese\u00f1as de negocios. Al utilizar nuestro widget, tendr\u00e1 la oportunidad de aplicar filtros para ocultar los comentarios no deseados, exponer su calificaci\u00f3n de estrellas y cantidad de su cuenta en cualquier p\u00e1gina web de rese\u00f1as de negocios, agregar datos sobre los creadores de las rese\u00f1as y adjuntar un llamado a la acci\u00f3n que motivar\u00e1 a los visitantes a dejar sus pensamientos. Nuestra aplicaci\u00f3n Google Reviews lo ayudar\u00e1 a revelar su notable prueba social directamente en el sitio web y comenzar a recibir m\u00e1s compras nuevas. <\/p><p><b>\u00a1Inserte rese\u00f1as todo en uno para alcanzar sus desaf\u00edos de comercio electr\u00f3nico con menos esfuerzo! <\/b><\/p> <\/div> <div class=\"application-platform-content-item-features application-platform-content-item\" id=\"features\" data-nav-section=\"features\"> <h2>Estas son solo algunas de las m\u00faltiples caracter\u00edsticas del widget: <\/h2> <ul><li>3 tipos de filtros: por tipo, cantidad de rese\u00f1as y excluir por<\/li><li>Cuatro tipos de dise\u00f1o: control deslizante, lista, cuadr\u00edcula y mamposter\u00eda<\/li><li>arrastra navegaci\u00f3n y tipos de flechas en el control deslizante dise\u00f1o<\/li><li>Configura la velocidad de reproducci\u00f3n autom\u00e1tica y la velocidad de diapositiva<\/li><li>Selecciona el tipo de paginaci\u00f3n en el dise\u00f1o del control deslizante<\/li><li>3 plantillas de rese\u00f1a: Bubble, Classic, Spotlight<\/li><li>Seis elementos flexibles de las rese\u00f1as: fecha y calificaci\u00f3n de estrellas, foto, nombre del autor, recomendaci\u00f3n.<\/li><li>Una opci\u00f3n para cambiar el tama\u00f1o de fuente del texto de la rese\u00f1a<\/li><\/ul><p><a href=\"#demo\">Puedes probar c\u00f3mo funciona el widget probando la demostraci\u00f3n<\/a><\/p> <\/div> <div class=\"application-platform-content-item-installation application-platform-content-item\" id=\"installation\" data-nav-section=\"installation\"> <h2>\u00bfC\u00f3mo puedo a\u00f1adir Rese\u00f1as todo en uno a mi sitio web Jimdo? <\/h2> <p>Simplemente siga estos pasos que se presentan a continuaci\u00f3n para integrar la herramienta. <\/p> <ol><li><b>Administra nuestro editor gratuito y comienza a crear tu widget personalizado. <\/b><br> Determine la forma y funcionalidad deseadas del widget y guarde las modificaciones. <\/li> <li><b>Exponga su c\u00f3digo individual en el cuadro de Elfsight Apps. <\/b><br> Inmediatamente despu\u00e9s de finalizar la creaci\u00f3n de su herramienta personal, copie el c\u00f3digo personal en la ventana que aparece y gu\u00e1rdelo para su uso posterior. <\/li> <li><b>Empiece a utilizar la herramienta en la p\u00e1gina de inicio de Jimdo. <\/b><br>Ingresa el c\u00f3digo guardado recientemente en tu p\u00e1gina y guarda las mejoras. <\/li> <li><b>\u00a1Ya terminaste! La configuraci\u00f3n est\u00e1 completamente realizada. <\/b><br> Vaya a su p\u00e1gina para ver c\u00f3mo funciona la herramienta. <\/li><\/ol> <p>Suponiendo que tenga algunas dificultades, no dude en buscar ayuda de nuestro personal de atenci\u00f3n al cliente. Nuestros especialistas est\u00e1n deseando resolver todos los problemas que pueda tener con la herramienta. <\/p> <div class=\"faq\" data-component=\"FAQ\"> <div class=\"faq-item\">\r\n\t\t\t\t\t<div class=\"faq-item-question\">\r\n\t\t\t\t\t\t<h3 class=\"faq-item-question-text\">\u00bfC\u00f3mo agregar rese\u00f1as todo en uno a mi sitio web Jimdo sin conocimientos de codificaci\u00f3n?<\/h3>\r\n\r\n\t\t\t\t\t\t<div class=\"faq-item-question-icon\"><\/div>\r\n\t\t\t\t\t<\/div>\r\n\r\n\t\t\t\t\t<div class=\"faq-item-answer\">\r\n\t\t\t\t\t\t<div class=\"faq-item-answer-text\"> <p>Elfsight proporciona una soluci\u00f3n SaaS que te permite crear un widget de rese\u00f1as todo en uno t\u00fa mismo. Mira lo f\u00e1cil que es el proceso: trabaja directamente en el editor en l\u00ednea para crear un widget de rese\u00f1as todo en uno que te gustar\u00eda ver en tu sitio web Jimdo. Elija una de las plantillas predise\u00f1adas y ajuste la configuraci\u00f3n de Rese\u00f1as todo en uno, agregue su contenido, cambie el dise\u00f1o y la combinaci\u00f3n de colores sin conocimientos de codificaci\u00f3n. Guarda las Rese\u00f1as del Todo en Uno y copia su c\u00f3digo de instalaci\u00f3n, que podr\u00e1s agregar f\u00e1cilmente a tu sitio web Jimdo sin necesidad de comprar un plan pago. Con nuestro editor intuitivo, cualquier usuario de Internet puede crear un widget de Rese\u00f1as todo en uno online e incrustarlo f\u00e1cilmente en su sitio web Jimdo. No es necesario pagar ni ingresar las credenciales de su tarjeta para acceder al servicio. Si tiene alg\u00fan problema en cualquier paso, no dude en ponerse en contacto con nuestro equipo de soporte t\u00e9cnico.<\/p> <\/div>\r\n\t\t\t\t\t<\/div>\r\n\t\t\t\t<\/div> <\/div> <\/div>","protected":false},"excerpt":{"rendered":"","protected":false},"author":9,"featured_media":0,"parent":394,"menu_order":0,"comment_status":"closed","ping_status":"closed","template":"templates\/template-application-platform.php","meta":{"publish_to_discourse":"","publish_post_category":"","wpdc_auto_publish_overridden":"","wpdc_topic_tags":"","wpdc_pin_topic":"","wpdc_pin_until":"","discourse_post_id":"","discourse_permalink":"","wpdc_publishing_response":"","wpdc_publishing_error":"","footnotes":""},"class_list":["post-8907","page","type-page","status-publish","hentry"],"yoast_head":"<!-- This site is optimized with the Yoast SEO plugin v25.3.1 - https:\/\/yoast.com\/wordpress\/plugins\/seo\/ -->\n<title>A\u00f1ade un widget responsivo de Rese\u00f1as todo en uno a tu sitio web Jimdo<\/title>\n<meta name=\"description\" content=\"Inserta un widget Rese\u00f1as responsivo en tu sitio Jimdo y gana plena confianza. Utilice la demostraci\u00f3n de Elfsight para crear su herramienta personalizada.\" \/>\n<meta name=\"robots\" content=\"index, follow, max-snippet:-1, max-image-preview:large, max-video-preview:-1\" \/>\n<link rel=\"canonical\" href=\"https:\/\/elfsight.com\/es\/all-in-one-reviews-widget\/jimdo\/\" \/>\n<meta property=\"og:locale\" content=\"es_ES\" \/>\n<meta property=\"og:type\" content=\"article\" \/>\n<meta property=\"og:title\" content=\"A\u00f1ade un widget responsivo de Rese\u00f1as todo en uno a tu sitio web Jimdo\" \/>\n<meta property=\"og:description\" content=\"Inserta un widget Rese\u00f1as responsivo en tu sitio Jimdo y gana plena confianza. Utilice la demostraci\u00f3n de Elfsight para crear su herramienta personalizada.\" \/>\n<meta property=\"og:url\" content=\"https:\/\/elfsight.com\/es\/all-in-one-reviews-widget\/jimdo\/\" \/>\n<meta property=\"og:site_name\" content=\"Elfsight ES\" \/>\n<meta property=\"article:modified_time\" content=\"2025-02-06T15:29:37+00:00\" \/>\n<meta name=\"twitter:card\" content=\"summary_large_image\" \/>\n<meta name=\"twitter:label1\" content=\"Tiempo de lectura\" \/>\n\t<meta name=\"twitter:data1\" content=\"3 minutos\" \/>\n<!-- \/ Yoast SEO plugin. -->","yoast_head_json":{"title":"A\u00f1ade un widget responsivo de Rese\u00f1as todo en uno a tu sitio web Jimdo","description":"Inserta un widget Rese\u00f1as responsivo en tu sitio Jimdo y gana plena confianza. Utilice la demostraci\u00f3n de Elfsight para crear su herramienta personalizada.","robots":{"index":"index","follow":"follow","max-snippet":"max-snippet:-1","max-image-preview":"max-image-preview:large","max-video-preview":"max-video-preview:-1"},"canonical":"https:\/\/elfsight.com\/es\/all-in-one-reviews-widget\/jimdo\/","og_locale":"es_ES","og_type":"article","og_title":"A\u00f1ade un widget responsivo de Rese\u00f1as todo en uno a tu sitio web Jimdo","og_description":"Inserta un widget Rese\u00f1as responsivo en tu sitio Jimdo y gana plena confianza. Utilice la demostraci\u00f3n de Elfsight para crear su herramienta personalizada.","og_url":"https:\/\/elfsight.com\/es\/all-in-one-reviews-widget\/jimdo\/","og_site_name":"Elfsight ES","article_modified_time":"2025-02-06T15:29:37+00:00","twitter_card":"summary_large_image","twitter_misc":{"Tiempo de lectura":"3 minutos"},"schema":{"@context":"https:\/\/schema.org","@graph":[{"@type":"WebPage","@id":"https:\/\/elfsight.com\/es\/all-in-one-reviews-widget\/jimdo\/","url":"https:\/\/elfsight.com\/es\/all-in-one-reviews-widget\/jimdo\/","name":"A\u00f1ade un widget responsivo de Rese\u00f1as todo en uno a tu sitio web Jimdo","isPartOf":{"@id":"https:\/\/elfsight.com\/es\/#website"},"datePublished":"1970-01-01T00:00:00+00:00","dateModified":"2025-02-06T15:29:37+00:00","description":"Inserta un widget Rese\u00f1as responsivo en tu sitio Jimdo y gana plena confianza. Utilice la demostraci\u00f3n de Elfsight para crear su herramienta personalizada.","breadcrumb":{"@id":"https:\/\/elfsight.com\/es\/all-in-one-reviews-widget\/jimdo\/#breadcrumb"},"inLanguage":"es","potentialAction":[{"@type":"ReadAction","target":["https:\/\/elfsight.com\/es\/all-in-one-reviews-widget\/jimdo\/"]}]},{"@type":"BreadcrumbList","@id":"https:\/\/elfsight.com\/es\/all-in-one-reviews-widget\/jimdo\/#breadcrumb","itemListElement":[{"@type":"ListItem","position":1,"name":"Home","item":"https:\/\/elfsight.com\/es\/"},{"@type":"ListItem","position":2,"name":"All-in-One Reviews","item":"https:\/\/elfsight.com\/es\/all-in-one-reviews-widget\/"},{"@type":"ListItem","position":3,"name":"All-in-One Reviews &#8211; Jimdo"}]},{"@type":"WebSite","@id":"https:\/\/elfsight.com\/es\/#website","url":"https:\/\/elfsight.com\/es\/","name":"Elfsight ES","description":"Just another Elfsight Sites site","potentialAction":[{"@type":"SearchAction","target":{"@type":"EntryPoint","urlTemplate":"https:\/\/elfsight.com\/es\/?s={search_term_string}"},"query-input":{"@type":"PropertyValueSpecification","valueRequired":true,"valueName":"search_term_string"}}],"inLanguage":"es"}]}},"meta_box":{"industry":"","seo_heading":"","heading":"","description":"","cta_heading":"","cta_description":"","application":"393","h1":"Widget de rese\u00f1as de Jimdo todo en uno","h1_caption":"Aumente la confianza de los clientes transmitiendo testimonios sobre su negocio directamente en su sitio web","application_category":[],"applications_title":"","applications_request_title":"","applications_request_button_text":"","hero_text":"","hero_video":"","hero_video_schema_markup":"","selling_points_title":"","selling_points_caption":"","selling_points":[],"selling_points_cta_text":"","features_title":"","features":"","ed_cta_examples_text":"","ed_cta_examples_hidden":"","ed_cta_demo_text":"","ed_cta_demo_hidden":"","why_caption":"","why_editor_title":"","why_editor_text":"","why_team_title":"","why_team_text":"","why_service_title":"","why_service_text":"","template_catalog_visible":"","template_catalog_title":"","template_catalog_text":"","template_catalog_categories_visible":"","demo_title":"Cree su widget de rese\u00f1as todo en uno","demo_caption":"\u00a1Configura tus Rese\u00f1as Todo en Uno y a\u00f1\u00e1delas a tu sitio web Jimdo gratis!","default_faq_hidden":"","app_template_category":[],"platform":"2198","template_public_id":"","codecanyon_url":"","codecanyon_item_id":"","codecanyon_price":"","pricing_caption":"","pricing_elfsight_apps_hide_column":"","pricing_elfsight_apps_url":"","pricing_codecanyon_price_caption":"","integration_category":[],"integration_request_title":"","integration_request_cta":"","integration_platform":"","integrations":[],"platform_category":[],"video_schema_markup":"","price":"desde $0 \/ mes","trial":"","benefits":[{"text":"Servicio de instalaci\u00f3n gratuito"},{"text":"Servicio al cliente profesional"},{"text":"Garant\u00eda de devoluci\u00f3n de dinero de 14 d\u00edas"},{"text":"Actualizando constantemente"}],"button_url":"#demo","button_target_blank":"","button_nofollow":"","attributes":[{"name":"Instalaciones","content":"100,000 - 500,000"},{"name":"Sensible","content":"S\u00ed"},{"name":"Navegadores compatibles","content":"Firefox, Safari, Opera, Chrome, Edge"}],"tags":[],"tags_disable_links":"","hide_more_platforms":"","video_object":"","demo_hide_cta":"","demo_hide_cloud_options":"","pricing_title":"","pricing":[{"pricing_icon":"platform","pricing_title":"Elfsight Apps","pricing_title_caption":"Versi\u00f3n multiplataforma","pricing_price":"desde $0 \/ mes","pricing_price_caption":"comienza con un plan gratuito","pricing_benefits":[{"text":"Sitios web ilimitados"},{"text":"Soporte premium"},{"text":"Asistencia de instalaci\u00f3n gratuita"},{"text":"Dise\u00f1o flexible"}],"pricing_button_text":"A\u00f1adir al sitio web","pricing_button_url":"#demo"}],"related_apps_title":"","related_apps_hidden":"","author":"","image":[],"title":"","job":"","social_networks":[]},"_links":{"self":[{"href":"https:\/\/elfsight.com\/es\/wp-json\/wp\/v2\/pages\/8907","targetHints":{"allow":["GET"]}}],"collection":[{"href":"https:\/\/elfsight.com\/es\/wp-json\/wp\/v2\/pages"}],"about":[{"href":"https:\/\/elfsight.com\/es\/wp-json\/wp\/v2\/types\/page"}],"author":[{"embeddable":true,"href":"https:\/\/elfsight.com\/es\/wp-json\/wp\/v2\/users\/9"}],"replies":[{"embeddable":true,"href":"https:\/\/elfsight.com\/es\/wp-json\/wp\/v2\/comments?post=8907"}],"version-history":[{"count":2,"href":"https:\/\/elfsight.com\/es\/wp-json\/wp\/v2\/pages\/8907\/revisions"}],"predecessor-version":[{"id":18374,"href":"https:\/\/elfsight.com\/es\/wp-json\/wp\/v2\/pages\/8907\/revisions\/18374"}],"up":[{"embeddable":true,"href":"https:\/\/elfsight.com\/es\/wp-json\/wp\/v2\/pages\/394"}],"wp:attachment":[{"href":"https:\/\/elfsight.com\/es\/wp-json\/wp\/v2\/media?parent=8907"}],"curies":[{"name":"wp","href":"https:\/\/api.w.org\/{rel}","templated":true}]}}