{"id":8883,"date":"1970-01-01T00:00:00","date_gmt":"1970-01-01T00:00:00","guid":{"rendered":"https:\/\/elfsight.com\/es\/?page_id=8883"},"modified":"2025-02-06T15:29:37","modified_gmt":"2025-02-06T15:29:37","slug":"woocommerce","status":"publish","type":"page","link":"https:\/\/elfsight.com\/es\/all-in-one-chat-widget\/woocommerce\/","title":{"rendered":"All-in-One Chat &#8211; WooCommerce"},"content":{"rendered":"<div class=\"application-platform-content-item-description application-platform-content-item\" id=\"description\" data-nav-section=\"description\"> <h2>Descripci\u00f3n<\/h2> <p>El chat en vivo todo en uno de Elfsight es una de las formas m\u00e1s r\u00e1pidas para que los clientes del sitio web se comuniquen con usted y obtengan soporte de su parte. Podr\u00e1 permanecer disponible en vivo sin parar en todos los mensajeros m\u00e1s utilizados. Incruste el complemento en su p\u00e1gina y podr\u00e1 activarlo en p\u00e1ginas seleccionadas o para grupos separados de visitantes, definir iniciadores de inicio de chat, crear su texto de bienvenida, configurar \u00edconos y m\u00e1s. Al utilizar el complemento en la p\u00e1gina, permanecer\u00e1 accesible para las personas en todo momento y en cualquier lugar. <\/p> <p><b>\u00a1Todos los mensajeros conocidos como Facebook, Viber, Telegram, WhatsApp y m\u00e1s en uno para una interacci\u00f3n m\u00e1xima y c\u00f3moda con los clientes!<\/b><\/p> <p><b>Consolide las demandas de sus clientes<\/b><br>Al fusionar todos los canales de comunicaci\u00f3n conocidos en el complemento del cuadro de chat responsivo, podr\u00e1 resolver m\u00faltiples tareas en un solo lugar, mejorando la satisfacci\u00f3n del cliente.<\/p><p><b>Profundamente personalizable herramienta<\/b><br>WhatsApp, Viber, Facebook Messenger, Discord, Telegram, Line: puedes aplicarlos todos juntos o elegir los que satisfagan tus necesidades, adaptando sus colores, tama\u00f1o y mucho m\u00e1s.<\/b><p><b>Mant\u00e9n una comunicaci\u00f3n en tiempo real<\/b><br>Al colocar el widget de chat en vivo en tu sitio web, conocer\u00e1s mejor a tus visitantes, brind\u00e1ndoles un servicio l\u00edder en su clase y ofreciendo informaci\u00f3n m\u00e1s espec\u00edfica. servicios.<\/b><\/div> <div class=\"application-platform-content-item-features application-platform-content-item\" id=\"features\" data-nav-section=\"features\"> <h2>Las funciones de widget m\u00e1s populares incluyen<\/h2> <ul><li>Agregue el complemento de mensajer\u00eda de chat en l\u00ednea todo en uno en su p\u00e1gina para conversar con los usuarios. <\/li><li>Tres variantes de posici\u00f3n de chat: burbuja flotante, burbuja incrustada y ventana de chat incrustada. <\/li><li>Una colecci\u00f3n de \u00edconos de burbujas para que puedas seleccionar. <\/li><li>T\u00edtulo de chat flexible con imagen de p\u00e1gina, nombre y t\u00edtulo<\/li><li>Configurar la imagen de la p\u00e1gina de forma predeterminada, desde la colecci\u00f3n o cargar una imagen personalizada. <\/li><\/ul><p><a href=\"#demo\">Simplemente pruebe esta demostraci\u00f3n para tener una idea completa<\/a><\/p> <\/div> <div class=\"application-platform-content-item-installation application-platform-content-item\" id=\"installation\" data-nav-section=\"installation\"> <h2>\u00bfC\u00f3mo puedo agregar el complemento All in One Chat a mi sitio WooCommerce?<\/h2> <p>Simplemente siga las pautas a continuaci\u00f3n para integrar el complemento. <\/p> <ol><li><b>Aplicando nuestro configurador gratuito, comience a crear su complemento personalizado. <\/b><br> Elija el dise\u00f1o y las especificaciones adecuados del widget y guarde las correcciones.<\/li> <li><b>Adquiera su c\u00f3digo personal que aparece en el cuadro de Elfsight Apps. <\/b><br> Tan pronto como finalice la configuraci\u00f3n de su widget, copie el c\u00f3digo personal del cuadro que aparece y gu\u00e1rdelo para ocasiones posteriores.<\/li> <li><b>Comience a usar el complemento en la p\u00e1gina de inicio de WooCommerce.<\/b><br> Agregue el c\u00f3digo copiado anteriormente en su p\u00e1gina y aplique las modificaciones.<\/li> <li><b>\u00a1Listo! La integraci\u00f3n se realiz\u00f3 completamente.<\/b><br> Vaya a su sitio para inspeccionar c\u00f3mo funciona el Chat Box.<\/li><\/ol> <p>En caso de que tenga algunas complicaciones, no dude en comunicarse con nuestro equipo de servicio al cliente. Nuestra gente desea ayudarle con todos los problemas que pueda tener con el widget. <\/p> <\/div><div class=\"faq\" data-component=\"FAQ\"><div class=\"faq-item\">\r\n\t\t\t\t\t<div class=\"faq-item-question\">\r\n\t\t\t\t\t\t<h3 class=\"faq-item-question-text\">\u00bfC\u00f3mo puedo insertar un chat en vivo en el sitio WooCommerce?<\/h3>\r\n\r\n\t\t\t\t\t\t<div class=\"faq-item-question-icon\"><\/div>\r\n\t\t\t\t\t<\/div>\r\n\r\n\t\t\t\t\t<div class=\"faq-item-answer\">\r\n\t\t\t\t\t\t<div class=\"faq-item-answer-text\"><p>La base de la herramienta se lleva a cabo en las p\u00e1ginas de Elfsight y no es necesario aprender a codificar. Vaya a nuestra demostraci\u00f3n en vivo para crear su complemento personal, adquirir el c\u00f3digo e integrarlo en su sitio. <\/p><\/div>\r\n\t\t\t\t\t<\/div>\r\n\t\t\t\t<\/div><div class=\"faq-item\">\r\n\t\t\t\t\t<div class=\"faq-item-question\">\r\n\t\t\t\t\t\t<h3 class=\"faq-item-question-text\">Los mejores ejemplos de uso de la integraci\u00f3n del chat en vivo<\/h3>\r\n\r\n\t\t\t\t\t\t<div class=\"faq-item-question-icon\"><\/div>\r\n\t\t\t\t\t<\/div>\r\n\r\n\t\t\t\t\t<div class=\"faq-item-answer\">\r\n\t\t\t\t\t\t<div class=\"faq-item-answer-text\"><p>Le brindamos toneladas de oportunidades de personalizaci\u00f3n: widgets completos para insertar en la secci\u00f3n de contenido, complementos flotantes con oportunidades de desplazamiento, miniaturas para el pie de p\u00e1gina, la secci\u00f3n principal y todo tipo de oportunidades verticales para men\u00fas y barras laterales del sitio web. <\/p><\/div>\r\n\t\t\t\t\t<\/div>\r\n\t\t\t\t<\/div><div class=\"faq-item\">\r\n\t\t\t\t\t<div class=\"faq-item-question\">\r\n\t\t\t\t\t\t<h3 class=\"faq-item-question-text\">\u00bfC\u00f3mo puedo crear un chat en vivo de comentarios o de incorporaci\u00f3n con la ayuda del editor?<\/h3>\r\n\r\n\t\t\t\t\t\t<div class=\"faq-item-question-icon\"><\/div>\r\n\t\t\t\t\t<\/div>\r\n\r\n\t\t\t\t\t<div class=\"faq-item-answer\">\r\n\t\t\t\t\t\t<div class=\"faq-item-answer-text\"><p>Puedes crear variaciones de cualquier widget. Hay una gran cantidad de dise\u00f1os a su disposici\u00f3n en el editor, y todos ellos se pueden ajustar r\u00e1pidamente de la manera que necesite. <\/p><\/div>\r\n\t\t\t\t\t<\/div>\r\n\t\t\t\t<\/div><\/div>","protected":false},"excerpt":{"rendered":"","protected":false},"author":9,"featured_media":0,"parent":418,"menu_order":0,"comment_status":"closed","ping_status":"closed","template":"templates\/template-application-platform.php","meta":{"publish_to_discourse":"","publish_post_category":"","wpdc_auto_publish_overridden":"","wpdc_topic_tags":"","wpdc_pin_topic":"","wpdc_pin_until":"","discourse_post_id":"","discourse_permalink":"","wpdc_publishing_response":"","wpdc_publishing_error":"","footnotes":""},"class_list":["post-8883","page","type-page","status-publish","hentry"],"yoast_head":"<!-- This site is optimized with the Yoast SEO plugin v25.3.1 - https:\/\/yoast.com\/wordpress\/plugins\/seo\/ -->\n<title>Chat en vivo: agregue el complemento de chat para sitios web de WooCommerce (gratis y r\u00e1pido)<\/title>\n<meta name=\"description\" content=\"Implemente su complemento All-in-One Live Chat en WooCommerce en 1-2-3. Utilice nuestra demostraci\u00f3n activa para crear su exclusivo cuadro de chat en l\u00ednea sin esfuerzo.\" \/>\n<meta name=\"robots\" content=\"index, follow, max-snippet:-1, max-image-preview:large, max-video-preview:-1\" \/>\n<link rel=\"canonical\" href=\"https:\/\/elfsight.com\/es\/all-in-one-chat-widget\/woocommerce\/\" \/>\n<meta property=\"og:locale\" content=\"es_ES\" \/>\n<meta property=\"og:type\" content=\"article\" \/>\n<meta property=\"og:title\" content=\"Chat en vivo: agregue el complemento de chat para sitios web de WooCommerce (gratis y r\u00e1pido)\" \/>\n<meta property=\"og:description\" content=\"Implemente su complemento All-in-One Live Chat en WooCommerce en 1-2-3. Utilice nuestra demostraci\u00f3n activa para crear su exclusivo cuadro de chat en l\u00ednea sin esfuerzo.\" \/>\n<meta property=\"og:url\" content=\"https:\/\/elfsight.com\/es\/all-in-one-chat-widget\/woocommerce\/\" \/>\n<meta property=\"og:site_name\" content=\"Elfsight ES\" \/>\n<meta property=\"article:modified_time\" content=\"2025-02-06T15:29:37+00:00\" \/>\n<meta name=\"twitter:card\" content=\"summary_large_image\" \/>\n<meta name=\"twitter:label1\" content=\"Tiempo de lectura\" \/>\n\t<meta name=\"twitter:data1\" content=\"4 minutos\" \/>\n<!-- \/ Yoast SEO plugin. -->","yoast_head_json":{"title":"Chat en vivo: agregue el complemento de chat para sitios web de WooCommerce (gratis y r\u00e1pido)","description":"Implemente su complemento All-in-One Live Chat en WooCommerce en 1-2-3. Utilice nuestra demostraci\u00f3n activa para crear su exclusivo cuadro de chat en l\u00ednea sin esfuerzo.","robots":{"index":"index","follow":"follow","max-snippet":"max-snippet:-1","max-image-preview":"max-image-preview:large","max-video-preview":"max-video-preview:-1"},"canonical":"https:\/\/elfsight.com\/es\/all-in-one-chat-widget\/woocommerce\/","og_locale":"es_ES","og_type":"article","og_title":"Chat en vivo: agregue el complemento de chat para sitios web de WooCommerce (gratis y r\u00e1pido)","og_description":"Implemente su complemento All-in-One Live Chat en WooCommerce en 1-2-3. Utilice nuestra demostraci\u00f3n activa para crear su exclusivo cuadro de chat en l\u00ednea sin esfuerzo.","og_url":"https:\/\/elfsight.com\/es\/all-in-one-chat-widget\/woocommerce\/","og_site_name":"Elfsight ES","article_modified_time":"2025-02-06T15:29:37+00:00","twitter_card":"summary_large_image","twitter_misc":{"Tiempo de lectura":"4 minutos"},"schema":{"@context":"https:\/\/schema.org","@graph":[{"@type":"WebPage","@id":"https:\/\/elfsight.com\/es\/all-in-one-chat-widget\/woocommerce\/","url":"https:\/\/elfsight.com\/es\/all-in-one-chat-widget\/woocommerce\/","name":"Chat en vivo: agregue el complemento de chat para sitios web de WooCommerce (gratis y r\u00e1pido)","isPartOf":{"@id":"https:\/\/elfsight.com\/es\/#website"},"datePublished":"1970-01-01T00:00:00+00:00","dateModified":"2025-02-06T15:29:37+00:00","description":"Implemente su complemento All-in-One Live Chat en WooCommerce en 1-2-3. Utilice nuestra demostraci\u00f3n activa para crear su exclusivo cuadro de chat en l\u00ednea sin esfuerzo.","breadcrumb":{"@id":"https:\/\/elfsight.com\/es\/all-in-one-chat-widget\/woocommerce\/#breadcrumb"},"inLanguage":"es","potentialAction":[{"@type":"ReadAction","target":["https:\/\/elfsight.com\/es\/all-in-one-chat-widget\/woocommerce\/"]}]},{"@type":"BreadcrumbList","@id":"https:\/\/elfsight.com\/es\/all-in-one-chat-widget\/woocommerce\/#breadcrumb","itemListElement":[{"@type":"ListItem","position":1,"name":"Home","item":"https:\/\/elfsight.com\/es\/"},{"@type":"ListItem","position":2,"name":"All-in-One Chat","item":"https:\/\/elfsight.com\/es\/all-in-one-chat-widget\/"},{"@type":"ListItem","position":3,"name":"All-in-One Chat &#8211; WooCommerce"}]},{"@type":"WebSite","@id":"https:\/\/elfsight.com\/es\/#website","url":"https:\/\/elfsight.com\/es\/","name":"Elfsight ES","description":"Just another Elfsight Sites site","potentialAction":[{"@type":"SearchAction","target":{"@type":"EntryPoint","urlTemplate":"https:\/\/elfsight.com\/es\/?s={search_term_string}"},"query-input":{"@type":"PropertyValueSpecification","valueRequired":true,"valueName":"search_term_string"}}],"inLanguage":"es"}]}},"meta_box":{"industry":"","seo_heading":"","heading":"","description":"","cta_heading":"","cta_description":"","application":"416","h1":"Complemento de chat en vivo de WooCommerce","h1_caption":"Ofrezca a sus clientes la posibilidad de comunicarse con usted en m\u00faltiples plataformas de mensajer\u00eda como WhatsApp, Facebook, Telegram y m\u00e1s desde una aplicaci\u00f3n en su sitio web WooCommerce sin esfuerzo.","application_category":[],"applications_title":"","applications_request_title":"","applications_request_button_text":"","hero_text":"","hero_video":"","hero_video_schema_markup":"","selling_points_title":"","selling_points_caption":"","selling_points":[],"selling_points_cta_text":"","features_title":"","features":"","ed_cta_examples_text":"","ed_cta_examples_hidden":"","ed_cta_demo_text":"","ed_cta_demo_hidden":"","why_caption":"","why_editor_title":"","why_editor_text":"","why_team_title":"","why_team_text":"","why_service_title":"","why_service_text":"","template_catalog_visible":"","template_catalog_title":"","template_catalog_text":"","template_catalog_categories_visible":"","demo_title":"Crea tu aplicaci\u00f3n de chat todo en uno","demo_caption":"\u00a1Configure su chat todo en uno y agr\u00e9guelo a su sitio web WooCommerce gratis!","default_faq_hidden":"","app_template_category":[],"platform":"2311","template_public_id":"","codecanyon_url":"","codecanyon_item_id":"","codecanyon_price":"","pricing_caption":"","pricing_elfsight_apps_hide_column":"","pricing_elfsight_apps_url":"","pricing_codecanyon_price_caption":"","integration_category":[],"integration_request_title":"","integration_request_cta":"","integration_platform":"","integrations":[],"platform_category":[],"video_schema_markup":"","price":"desde $0 \/ mes","trial":"","benefits":[{"text":"Ayuda de instalaci\u00f3n gratuita"},{"text":"Soporte excepcional"},{"text":"Garant\u00eda de devoluci\u00f3n de dinero de 14 d\u00edas"},{"text":"Desarrollo continuo"}],"button_url":"#demo","button_target_blank":"","button_nofollow":"","attributes":[{"name":"Instalaciones","content":"100,000 - 500,000"},{"name":"Sensible","content":"S\u00ed"},{"name":"Navegadores compatibles","content":"Firefox, Safari, Opera, Chrome, Edge"}],"tags":[],"tags_disable_links":"","hide_more_platforms":"","video_object":"","demo_hide_cta":"","demo_hide_cloud_options":"","pricing_title":"","pricing":[{"pricing_icon":"platform","pricing_title":"Elfsight Apps","pricing_title_caption":"Soluci\u00f3n independiente de plataforma que funciona en cualquier sitio","pricing_price":"desde $0 \/ mes","pricing_price_caption":"comienza con un plan gratuito","pricing_benefits":[{"text":"Sitios web ilimitados"},{"text":"Soporte premium y puntual"},{"text":"Ayuda de instalaci\u00f3n gratuita"},{"text":"100% personalizable"}],"pricing_button_text":"A\u00f1adir al sitio web","pricing_button_url":"#demo"}],"related_apps_title":"","related_apps_hidden":"","author":"","image":[],"title":"","job":"","social_networks":[]},"_links":{"self":[{"href":"https:\/\/elfsight.com\/es\/wp-json\/wp\/v2\/pages\/8883","targetHints":{"allow":["GET"]}}],"collection":[{"href":"https:\/\/elfsight.com\/es\/wp-json\/wp\/v2\/pages"}],"about":[{"href":"https:\/\/elfsight.com\/es\/wp-json\/wp\/v2\/types\/page"}],"author":[{"embeddable":true,"href":"https:\/\/elfsight.com\/es\/wp-json\/wp\/v2\/users\/9"}],"replies":[{"embeddable":true,"href":"https:\/\/elfsight.com\/es\/wp-json\/wp\/v2\/comments?post=8883"}],"version-history":[{"count":2,"href":"https:\/\/elfsight.com\/es\/wp-json\/wp\/v2\/pages\/8883\/revisions"}],"predecessor-version":[{"id":18375,"href":"https:\/\/elfsight.com\/es\/wp-json\/wp\/v2\/pages\/8883\/revisions\/18375"}],"up":[{"embeddable":true,"href":"https:\/\/elfsight.com\/es\/wp-json\/wp\/v2\/pages\/418"}],"wp:attachment":[{"href":"https:\/\/elfsight.com\/es\/wp-json\/wp\/v2\/media?parent=8883"}],"curies":[{"name":"wp","href":"https:\/\/api.w.org\/{rel}","templated":true}]}}