{"id":8853,"date":"1970-01-01T00:00:00","date_gmt":"1970-01-01T00:00:00","guid":{"rendered":"https:\/\/elfsight.com\/es\/?page_id=8853"},"modified":"2025-02-06T15:29:45","modified_gmt":"2025-02-06T15:29:45","slug":"jimdo","status":"publish","type":"page","link":"https:\/\/elfsight.com\/es\/all-in-one-chat-widget\/jimdo\/","title":{"rendered":"All-in-One Chat &#8211; Jimdo"},"content":{"rendered":"<div class=\"application-platform-content-item-description application-platform-content-item\" id=\"description\" data-nav-section=\"description\"> <h2>Descripci\u00f3n<\/h2> <p>El chat todo en uno creado por Elfsight es el m\u00e1s r\u00e1pido para que los clientes de tu sitio web se dirijan a ti y tengan respuestas a sus preguntas y solicitudes. Eres libre de permanecer disponible en vivo para los clientes en el mensajero m\u00e1s c\u00f3modo durante todo el d\u00eda. Inserte Chat Todo en Uno en su tienda y podr\u00e1 aparecer en p\u00e1ginas espec\u00edficas o para grupos seleccionados de usuarios, introducir activadores de inicio de chat, mostrar su mensaje de bienvenida exclusivo, configurar \u00edconos y aplicar otras personalizaciones. Al tener el chat All-in-One Chat en su p\u00e1gina web, ser\u00e1 f\u00e1cil comunicarse con sus espectadores a cualquier hora y sin importar d\u00f3nde se encuentre. <\/p><p><b>Con All-in-One Chat, observe un s\u00f3lido desarrollo empresarial y aumente las ventas.<\/b><\/p> <\/div> <div class=\"application-platform-content-item-features application-platform-content-item\" id=\"features\" data-nav-section=\"features\"> <h2>Ofrecemos funciones pr\u00e1cticas y sencillas, vea algunas de ellas: <\/h2> <ul><li>Integre All-in-One Chat messenger en su tienda para comunicarse con los visitantes<\/li><li>Respuesta mensajes directamente desde su cuenta de All-in-One Chat<\/li><li>Utilice 3 opciones de posici\u00f3n del chat: como burbuja flotante, burbuja incrustada y ventana de chat incrustada<\/li><li>Explore una colecci\u00f3n de \u00edconos de burbujas para elegir<\/li><li>Ingrese su texto personalizado de la burbuja de chat<\/li><\/ul><p><a href=\"#demo\">Simplemente pruebe esta demostraci\u00f3n para comprender la funcionalidad del widget<\/a><\/p> <\/div> <div class=\"application-platform-content-item-installation application-platform-content-item\" id=\"installation\" data-nav-section=\"installation\"> <h2>\u00bfC\u00f3mo agregar All-in-One Chat a mi p\u00e1gina web de Jimdo? <\/h2> <p>Simplemente aplique las instrucciones a continuaci\u00f3n para comenzar a trabajar con el widget. <\/p> <ol><li><b>Utilice nuestra demostraci\u00f3n gratuita y comience a crear su widget personalizado. <\/b><br> Encuentre la forma personalizada y las especificaciones del widget y aplique las correcciones. <\/li> <li><b>Adquiera el c\u00f3digo \u00fanico que aparece en el formulario especial de Elfsight Apps. <\/b><br> Inmediatamente despu\u00e9s de completar la creaci\u00f3n de su widget personal, copie el c\u00f3digo exclusivo en la ventana que aparece y gu\u00e1rdelo para usarlo m\u00e1s adelante. <\/li> <li><b>Empiece a utilizar la herramienta en la p\u00e1gina web de Jimdo. <\/b><br>Coloca el c\u00f3digo guardado anteriormente en tu sitio web y aplica las mejoras. <\/li> <li><b>\u00a1Listo! La configuraci\u00f3n se realiza con \u00e9xito. <\/b><br>Vaya a su p\u00e1gina web para ver en acci\u00f3n c\u00f3mo funciona el widget. <\/li><\/ol> <p>En caso de tener dudas o encontrar obst\u00e1culos, no tema buscar ayuda de nuestro personal de soporte. Nuestros consultores est\u00e1n ansiosos por resolver todas las dificultades que pueda tener con el widget. <\/p> <div class=\"faq\" data-component=\"FAQ\"><div class=\"faq-item\">\r\n\t\t\t\t\t<div class=\"faq-item-question\">\r\n\t\t\t\t\t\t<h3 class=\"faq-item-question-text\">\u00bfC\u00f3mo puedo a\u00f1adir All-in-one Chat a mi sitio web Jimdo sin conocimientos de codificaci\u00f3n?<\/h3>\r\n\r\n\t\t\t\t\t\t<div class=\"faq-item-question-icon\"><\/div>\r\n\t\t\t\t\t<\/div>\r\n\r\n\t\t\t\t\t<div class=\"faq-item-answer\">\r\n\t\t\t\t\t\t<div class=\"faq-item-answer-text\"><p>Elfsight proporciona una soluci\u00f3n SaaS que te permite crear un widget All-in-one Chat t\u00fa mismo. Mira lo f\u00e1cil que es el proceso: trabaja directamente en el editor en l\u00ednea para crear un widget All-in-one Chat que te gustar\u00eda ver en tu sitio web Jimdo. Elija una de las plantillas predise\u00f1adas y ajuste la configuraci\u00f3n del chat todo en uno, agregue su contenido, cambie el dise\u00f1o y los colores sin conocimientos de codificaci\u00f3n. Guarda el chat todo en uno y copia su c\u00f3digo de instalaci\u00f3n para que puedas agregarlo f\u00e1cilmente a tu sitio web Jimdo sin comprar una suscripci\u00f3n paga. Con nuestro editor intuitivo, cualquier usuario de Internet puede crear un widget de chat todo en uno online e incrustarlo f\u00e1cilmente en su sitio web Jimdo. No es necesario pagar ni ingresar las credenciales de su tarjeta para acceder al servicio. Si tiene alg\u00fan problema en cualquier paso, no dude en ponerse en contacto con nuestro equipo de soporte t\u00e9cnico.<\/p><\/div>\r\n\t\t\t\t\t<\/div>\r\n\t\t\t\t<\/div><\/div><\/div>","protected":false},"excerpt":{"rendered":"","protected":false},"author":9,"featured_media":0,"parent":418,"menu_order":0,"comment_status":"closed","ping_status":"closed","template":"templates\/template-application-platform.php","meta":{"publish_to_discourse":"","publish_post_category":"","wpdc_auto_publish_overridden":"","wpdc_topic_tags":"","wpdc_pin_topic":"","wpdc_pin_until":"","discourse_post_id":"","discourse_permalink":"","wpdc_publishing_response":"","wpdc_publishing_error":"","footnotes":""},"class_list":["post-8853","page","type-page","status-publish","hentry"],"yoast_head":"<!-- This site is optimized with the Yoast SEO plugin v25.3.1 - https:\/\/yoast.com\/wordpress\/plugins\/seo\/ -->\n<title>Widget de chat en vivo | Chat online con sitios web de Jimdo (f\u00e1cil y gratis)<\/title>\n<meta name=\"description\" content=\"A\u00f1ade r\u00e1pidamente tu widget de chat en vivo todo en uno en la p\u00e1gina de inicio de Jimdo. Utilice nuestra demostraci\u00f3n en vivo para crear su cuadro de chat en l\u00ednea f\u00e1cilmente y sin codificaci\u00f3n.\" \/>\n<meta name=\"robots\" content=\"index, follow, max-snippet:-1, max-image-preview:large, max-video-preview:-1\" \/>\n<link rel=\"canonical\" href=\"https:\/\/elfsight.com\/es\/all-in-one-chat-widget\/jimdo\/\" \/>\n<meta property=\"og:locale\" content=\"es_ES\" \/>\n<meta property=\"og:type\" content=\"article\" \/>\n<meta property=\"og:title\" content=\"Widget de chat en vivo | Chat online con sitios web de Jimdo (f\u00e1cil y gratis)\" \/>\n<meta property=\"og:description\" content=\"A\u00f1ade r\u00e1pidamente tu widget de chat en vivo todo en uno en la p\u00e1gina de inicio de Jimdo. Utilice nuestra demostraci\u00f3n en vivo para crear su cuadro de chat en l\u00ednea f\u00e1cilmente y sin codificaci\u00f3n.\" \/>\n<meta property=\"og:url\" content=\"https:\/\/elfsight.com\/es\/all-in-one-chat-widget\/jimdo\/\" \/>\n<meta property=\"og:site_name\" content=\"Elfsight ES\" \/>\n<meta property=\"article:modified_time\" content=\"2025-02-06T15:29:45+00:00\" \/>\n<meta name=\"twitter:card\" content=\"summary_large_image\" \/>\n<meta name=\"twitter:label1\" content=\"Tiempo de lectura\" \/>\n\t<meta name=\"twitter:data1\" content=\"3 minutos\" \/>\n<!-- \/ Yoast SEO plugin. -->","yoast_head_json":{"title":"Widget de chat en vivo | Chat online con sitios web de Jimdo (f\u00e1cil y gratis)","description":"A\u00f1ade r\u00e1pidamente tu widget de chat en vivo todo en uno en la p\u00e1gina de inicio de Jimdo. Utilice nuestra demostraci\u00f3n en vivo para crear su cuadro de chat en l\u00ednea f\u00e1cilmente y sin codificaci\u00f3n.","robots":{"index":"index","follow":"follow","max-snippet":"max-snippet:-1","max-image-preview":"max-image-preview:large","max-video-preview":"max-video-preview:-1"},"canonical":"https:\/\/elfsight.com\/es\/all-in-one-chat-widget\/jimdo\/","og_locale":"es_ES","og_type":"article","og_title":"Widget de chat en vivo | Chat online con sitios web de Jimdo (f\u00e1cil y gratis)","og_description":"A\u00f1ade r\u00e1pidamente tu widget de chat en vivo todo en uno en la p\u00e1gina de inicio de Jimdo. Utilice nuestra demostraci\u00f3n en vivo para crear su cuadro de chat en l\u00ednea f\u00e1cilmente y sin codificaci\u00f3n.","og_url":"https:\/\/elfsight.com\/es\/all-in-one-chat-widget\/jimdo\/","og_site_name":"Elfsight ES","article_modified_time":"2025-02-06T15:29:45+00:00","twitter_card":"summary_large_image","twitter_misc":{"Tiempo de lectura":"3 minutos"},"schema":{"@context":"https:\/\/schema.org","@graph":[{"@type":"WebPage","@id":"https:\/\/elfsight.com\/es\/all-in-one-chat-widget\/jimdo\/","url":"https:\/\/elfsight.com\/es\/all-in-one-chat-widget\/jimdo\/","name":"Widget de chat en vivo | Chat online con sitios web de Jimdo (f\u00e1cil y gratis)","isPartOf":{"@id":"https:\/\/elfsight.com\/es\/#website"},"datePublished":"1970-01-01T00:00:00+00:00","dateModified":"2025-02-06T15:29:45+00:00","description":"A\u00f1ade r\u00e1pidamente tu widget de chat en vivo todo en uno en la p\u00e1gina de inicio de Jimdo. Utilice nuestra demostraci\u00f3n en vivo para crear su cuadro de chat en l\u00ednea f\u00e1cilmente y sin codificaci\u00f3n.","breadcrumb":{"@id":"https:\/\/elfsight.com\/es\/all-in-one-chat-widget\/jimdo\/#breadcrumb"},"inLanguage":"es","potentialAction":[{"@type":"ReadAction","target":["https:\/\/elfsight.com\/es\/all-in-one-chat-widget\/jimdo\/"]}]},{"@type":"BreadcrumbList","@id":"https:\/\/elfsight.com\/es\/all-in-one-chat-widget\/jimdo\/#breadcrumb","itemListElement":[{"@type":"ListItem","position":1,"name":"Home","item":"https:\/\/elfsight.com\/es\/"},{"@type":"ListItem","position":2,"name":"All-in-One Chat","item":"https:\/\/elfsight.com\/es\/all-in-one-chat-widget\/"},{"@type":"ListItem","position":3,"name":"All-in-One Chat &#8211; Jimdo"}]},{"@type":"WebSite","@id":"https:\/\/elfsight.com\/es\/#website","url":"https:\/\/elfsight.com\/es\/","name":"Elfsight ES","description":"Just another Elfsight Sites site","potentialAction":[{"@type":"SearchAction","target":{"@type":"EntryPoint","urlTemplate":"https:\/\/elfsight.com\/es\/?s={search_term_string}"},"query-input":{"@type":"PropertyValueSpecification","valueRequired":true,"valueName":"search_term_string"}}],"inLanguage":"es"}]}},"meta_box":{"industry":"","seo_heading":"","heading":"","description":"","cta_heading":"","cta_description":"","application":"416","h1":"Widget de chat en vivo de Jimdo","h1_caption":"Ofrezca a sus clientes la posibilidad de comunicarse con usted en m\u00faltiples plataformas de mensajer\u00eda como WhatsApp, Facebook, Telegram y m\u00e1s desde un widget en su sitio web Jimdo sin esfuerzo.","application_category":[],"applications_title":"","applications_request_title":"","applications_request_button_text":"","hero_text":"","hero_video":"","hero_video_schema_markup":"","selling_points_title":"","selling_points_caption":"","selling_points":[],"selling_points_cta_text":"","features_title":"","features":"","ed_cta_examples_text":"","ed_cta_examples_hidden":"","ed_cta_demo_text":"","ed_cta_demo_hidden":"","why_caption":"","why_editor_title":"","why_editor_text":"","why_team_title":"","why_team_text":"","why_service_title":"","why_service_text":"","template_catalog_visible":"","template_catalog_title":"","template_catalog_text":"","template_catalog_categories_visible":"","demo_title":"Crea tu widget de chat todo en uno","demo_caption":"\u00a1Configura tu Chat Todo en Uno y a\u00f1\u00e1delo a tu sitio web Jimdo gratis!","default_faq_hidden":"","app_template_category":[],"platform":"2198","template_public_id":"","codecanyon_url":"","codecanyon_item_id":"","codecanyon_price":"","pricing_caption":"","pricing_elfsight_apps_hide_column":"","pricing_elfsight_apps_url":"","pricing_codecanyon_price_caption":"","integration_category":[],"integration_request_title":"","integration_request_cta":"","integration_platform":"","integrations":[],"platform_category":[],"video_schema_markup":"","price":"desde $0 \/ mes","trial":"","benefits":[{"text":"Ayuda de instalaci\u00f3n gratuita"},{"text":"Soporte premium"},{"text":"Garant\u00eda de reembolso de 14 d\u00edas"},{"text":"Actualizaciones peri\u00f3dicas"}],"button_url":"#demo","button_target_blank":"","button_nofollow":"","attributes":[{"name":"Instalaciones","content":"100,000 - 500,000"},{"name":"Sensible","content":"S\u00ed"},{"name":"Navegadores compatibles","content":"Firefox, Safari, Opera, Chrome, Edge"}],"tags":[],"tags_disable_links":"","hide_more_platforms":"","video_object":"","demo_hide_cta":"","demo_hide_cloud_options":"","pricing_title":"","pricing":[{"pricing_icon":"platform","pricing_title":"Elfsight Apps","pricing_title_caption":"Soluci\u00f3n independiente de plataforma que funciona en cualquier sitio","pricing_price":"desde $0 \/ mes","pricing_price_caption":"comienza con el plan gratuito","pricing_benefits":[{"text":"Sitios web ilimitados"},{"text":"Soporte premium de la empresa y bien documentado."},{"text":"Ayuda de instalaci\u00f3n gratuita"},{"text":"Dise\u00f1o flexible"}],"pricing_button_text":"A\u00f1adir al sitio web","pricing_button_url":"#demo"}],"related_apps_title":"","related_apps_hidden":"","author":"","image":[],"title":"","job":"","social_networks":[]},"_links":{"self":[{"href":"https:\/\/elfsight.com\/es\/wp-json\/wp\/v2\/pages\/8853","targetHints":{"allow":["GET"]}}],"collection":[{"href":"https:\/\/elfsight.com\/es\/wp-json\/wp\/v2\/pages"}],"about":[{"href":"https:\/\/elfsight.com\/es\/wp-json\/wp\/v2\/types\/page"}],"author":[{"embeddable":true,"href":"https:\/\/elfsight.com\/es\/wp-json\/wp\/v2\/users\/9"}],"replies":[{"embeddable":true,"href":"https:\/\/elfsight.com\/es\/wp-json\/wp\/v2\/comments?post=8853"}],"version-history":[{"count":2,"href":"https:\/\/elfsight.com\/es\/wp-json\/wp\/v2\/pages\/8853\/revisions"}],"predecessor-version":[{"id":18377,"href":"https:\/\/elfsight.com\/es\/wp-json\/wp\/v2\/pages\/8853\/revisions\/18377"}],"up":[{"embeddable":true,"href":"https:\/\/elfsight.com\/es\/wp-json\/wp\/v2\/pages\/418"}],"wp:attachment":[{"href":"https:\/\/elfsight.com\/es\/wp-json\/wp\/v2\/media?parent=8853"}],"curies":[{"name":"wp","href":"https:\/\/api.w.org\/{rel}","templated":true}]}}