{"id":8827,"date":"1970-01-01T00:00:00","date_gmt":"1970-01-01T00:00:00","guid":{"rendered":"https:\/\/elfsight.com\/es\/?page_id=8827"},"modified":"2025-02-06T15:29:45","modified_gmt":"2025-02-06T15:29:45","slug":"weebly","status":"publish","type":"page","link":"https:\/\/elfsight.com\/es\/airbnb-reviews-widget\/weebly\/","title":{"rendered":"Airbnb Reviews &#8211; Weebly"},"content":{"rendered":"<div class=\"application-platform-content-item-description application-platform-content-item\" id=\"description\" data-nav-section=\"description\"> <h2>Descripci\u00f3n<\/h2> <p>Si desea revelar su alta calificaci\u00f3n y convencer a los visitantes del sitio web de que su alojamiento es popular entre los visitantes, Elfsight Airbnb Reviews se adapta perfectamente a sus necesidades. Con esta herramienta, podr\u00e1 insertar rese\u00f1as de clientes de Airbnb en su sitio web con informaci\u00f3n sobre sus autores, filtrarlas para revelar solo las buenas, mostrar calificaciones y un bot\u00f3n de solicitud de rese\u00f1a que llevar\u00e1 a las personas a su cuenta de Airbnb, para que puedan agregar una rese\u00f1a nueva.<\/p> <div class=\"faq\" data-component=\"FAQ\"><div class=\"faq-item\">\r\n\t\t\t\t\t<div class=\"faq-item-question\">\r\n\t\t\t\t\t\t<h3 class=\"faq-item-question-text\">\u00bfD\u00f3nde puedo insertarlo?<\/h3>\r\n\r\n\t\t\t\t\t\t<div class=\"faq-item-question-icon\"><\/div>\r\n\t\t\t\t\t<\/div>\r\n\r\n\t\t\t\t\t<div class=\"faq-item-answer\">\r\n\t\t\t\t\t\t<div class=\"faq-item-answer-text\"> <p>El widget se puede agregar en cualquier p\u00e1gina donde le gustar\u00eda demostrar su alta valoraci\u00f3n y popularidad entre los clientes. Si lo necesita en todas las p\u00e1ginas de su sitio, simplemente puede agregarlo a la plantilla del sitio web.<\/p> <\/div>\r\n\t\t\t\t\t<\/div>\r\n\t\t\t\t<\/div><div class=\"faq-item\">\r\n\t\t\t\t\t<div class=\"faq-item-question\">\r\n\t\t\t\t\t\t<h3 class=\"faq-item-question-text\">\u00bfC\u00f3mo podr\u00eda beneficiarme del widget?<\/h3>\r\n\r\n\t\t\t\t\t\t<div class=\"faq-item-question-icon\"><\/div>\r\n\t\t\t\t\t<\/div>\r\n\r\n\t\t\t\t\t<div class=\"faq-item-answer\">\r\n\t\t\t\t\t\t<div class=\"faq-item-answer-text\"> <p>Las rese\u00f1as publicadas por personas reales parecen m\u00e1ximamente cre\u00edbles para los usuarios de su sitio y significan para ellos que sus ofertas satisfacen a los clientes. Las altas calificaciones y las impresiones positivas pueden ayudar a impulsar las ventas en su sitio web. Adem\u00e1s, el bot\u00f3n de redireccionamiento puede contribuir a tener m\u00e1s opiniones de clientes relacionadas con tus ofertas o servicios en Airbnb. <\/p> <\/div>\r\n\t\t\t\t\t<\/div>\r\n\t\t\t\t<\/div> <div class=\"faq-item\">\r\n\t\t\t\t\t<div class=\"faq-item-question\">\r\n\t\t\t\t\t\t<h3 class=\"faq-item-question-text\">\u00bfC\u00f3mo puedo agregar rese\u00f1as de Airbnb en mi sitio web Weebly?<\/h3>\r\n\r\n\t\t\t\t\t\t<div class=\"faq-item-question-icon\"><\/div>\r\n\t\t\t\t\t<\/div>\r\n\r\n\t\t\t\t\t<div class=\"faq-item-answer\">\r\n\t\t\t\t\t\t<div class=\"faq-item-answer-text\"> <p>Solo te llevar\u00e1 dos minutos de tu tiempo comenzar a usar el widget. Agregar es muy r\u00e1pido, gratuito y no incluye codificaci\u00f3n. <\/p> <ol><li>Existe una opci\u00f3n para integrar Rese\u00f1as de Airbnb en su sitio a trav\u00e9s de nuestro servicio. Para ello, deber\u00e1 consultar una breve descripci\u00f3n a continuaci\u00f3n en esta p\u00e1gina. <\/li> <li>Las rese\u00f1as de Airbnb de Elfsight se pueden insertar a trav\u00e9s de nuestro servicio o del mercado. Puede ver todos los detalles de estas opciones y elegir una m\u00e1s adecuada. <\/li> <\/ol> <\/div>\r\n\t\t\t\t\t<\/div>\r\n\t\t\t\t<\/div> <\/div> <\/div> <div class=\"application-platform-content-item-features application-platform-content-item\" id=\"features\" data-nav-section=\"features\"> <h2>Caracter\u00edsticas<\/h2> <p>Consulta la lista de las caracter\u00edsticas m\u00e1s destacadas de Elfsight Airbnb Reviews. Hacen que el widget sea realmente eficiente para usted: <\/p> <ul> <li>3 tipos de filtros: por tipo, excluido por y cantidad de rese\u00f1as para mostrar; <\/li> <li>El bot\u00f3n de solicitud de revisi\u00f3n dirige a los visitantes a su p\u00e1gina de Airbnb; <\/li> <li>Dos escenarios posibles despu\u00e9s del rechazo de la solicitud de revisi\u00f3n: revelar su mensaje u ocultar el bot\u00f3n. <\/li> <\/ul><p><a href=\"#demo\">Consulta todas las funciones en nuestra demostraci\u00f3n en vivo<\/a><\/p> <\/div> <div class=\"application-platform-content-item-installation application-platform-content-item\" id=\"installation\" data-nav-section=\"installation\"> <h2>Aprende c\u00f3mo insertar rese\u00f1as de Airbnb en tu sitio Weebly<\/h2> <div class=\"video-container\"><iframe width=\"720\" height=\"405\" src=\"https:\/\/www.youtube.com\/embed\/QJLHFCIKx-o\" frameborder=\"0\"><\/iframe><\/div><p>Los siguientes pasos son lo \u00fanico que necesita para publicar.<\/p> <ol><li><b>Emplee nuestro editor gratuito y comience a darle forma a su aplicaci\u00f3n personalizada. <\/b><br>Elija el dise\u00f1o y las opciones preferidos de la aplicaci\u00f3n y aplique todas las correcciones. <\/li> <li><b>Adquiera su c\u00f3digo \u00fanico que se muestra en el formulario especial en Elfsight Apps. <\/b><br> Cuando finalice el establecimiento de su aplicaci\u00f3n, copie el c\u00f3digo personal de la ventana emergente que aparece y gu\u00e1rdelo para ocasiones posteriores. <\/li> <li><b>Iniciar el uso de la aplicaci\u00f3n en la p\u00e1gina web de Weebly. <\/b><br>Implemente el c\u00f3digo que ha copiado antes en su p\u00e1gina y guarde los ajustes. <\/li> <li><b>La instalaci\u00f3n ha finalizado por completo. <\/b><br> Vaya a su sitio web para revisar c\u00f3mo se est\u00e1 ejecutando la aplicaci\u00f3n. <\/li><\/ol><p>\u00bfA\u00fan dudas de algo? \u00bfO tienes preguntas? Una sola petici\u00f3n a nuestro servicio de atenci\u00f3n al cliente solucionar\u00e1 cualquier problema. <\/p> <\/div>","protected":false},"excerpt":{"rendered":"","protected":false},"author":9,"featured_media":0,"parent":438,"menu_order":0,"comment_status":"closed","ping_status":"closed","template":"templates\/template-application-platform.php","meta":{"publish_to_discourse":"","publish_post_category":"","wpdc_auto_publish_overridden":"","wpdc_topic_tags":"","wpdc_pin_topic":"","wpdc_pin_until":"","discourse_post_id":"","discourse_permalink":"","wpdc_publishing_response":"","wpdc_publishing_error":"","footnotes":""},"class_list":["post-8827","page","type-page","status-publish","hentry"],"yoast_head":"<!-- This site is optimized with the Yoast SEO plugin v25.3.1 - https:\/\/yoast.com\/wordpress\/plugins\/seo\/ -->\n<title>Inserta rese\u00f1as de Airbnb en tu sitio web Weebly (en 2 minutos)<\/title>\n<meta name=\"description\" content=\"Utilice la posibilidad de crear rese\u00f1as de Airbnb y mostrarlas en su sitio Weebly. Disfrute del servicio de atenci\u00f3n al cliente gratuito y otras ventajas de Elfsight.\" \/>\n<meta name=\"robots\" content=\"index, follow, max-snippet:-1, max-image-preview:large, max-video-preview:-1\" \/>\n<link rel=\"canonical\" href=\"https:\/\/elfsight.com\/es\/airbnb-reviews-widget\/weebly\/\" \/>\n<meta property=\"og:locale\" content=\"es_ES\" \/>\n<meta property=\"og:type\" content=\"article\" \/>\n<meta property=\"og:title\" content=\"Inserta rese\u00f1as de Airbnb en tu sitio web Weebly (en 2 minutos)\" \/>\n<meta property=\"og:description\" content=\"Utilice la posibilidad de crear rese\u00f1as de Airbnb y mostrarlas en su sitio Weebly. Disfrute del servicio de atenci\u00f3n al cliente gratuito y otras ventajas de Elfsight.\" \/>\n<meta property=\"og:url\" content=\"https:\/\/elfsight.com\/es\/airbnb-reviews-widget\/weebly\/\" \/>\n<meta property=\"og:site_name\" content=\"Elfsight ES\" \/>\n<meta property=\"article:modified_time\" content=\"2025-02-06T15:29:45+00:00\" \/>\n<meta name=\"twitter:card\" content=\"summary_large_image\" \/>\n<meta name=\"twitter:label1\" content=\"Tiempo de lectura\" \/>\n\t<meta name=\"twitter:data1\" content=\"3 minutos\" \/>\n<!-- \/ Yoast SEO plugin. -->","yoast_head_json":{"title":"Inserta rese\u00f1as de Airbnb en tu sitio web Weebly (en 2 minutos)","description":"Utilice la posibilidad de crear rese\u00f1as de Airbnb y mostrarlas en su sitio Weebly. Disfrute del servicio de atenci\u00f3n al cliente gratuito y otras ventajas de Elfsight.","robots":{"index":"index","follow":"follow","max-snippet":"max-snippet:-1","max-image-preview":"max-image-preview:large","max-video-preview":"max-video-preview:-1"},"canonical":"https:\/\/elfsight.com\/es\/airbnb-reviews-widget\/weebly\/","og_locale":"es_ES","og_type":"article","og_title":"Inserta rese\u00f1as de Airbnb en tu sitio web Weebly (en 2 minutos)","og_description":"Utilice la posibilidad de crear rese\u00f1as de Airbnb y mostrarlas en su sitio Weebly. Disfrute del servicio de atenci\u00f3n al cliente gratuito y otras ventajas de Elfsight.","og_url":"https:\/\/elfsight.com\/es\/airbnb-reviews-widget\/weebly\/","og_site_name":"Elfsight ES","article_modified_time":"2025-02-06T15:29:45+00:00","twitter_card":"summary_large_image","twitter_misc":{"Tiempo de lectura":"3 minutos"},"schema":{"@context":"https:\/\/schema.org","@graph":[{"@type":"WebPage","@id":"https:\/\/elfsight.com\/es\/airbnb-reviews-widget\/weebly\/","url":"https:\/\/elfsight.com\/es\/airbnb-reviews-widget\/weebly\/","name":"Inserta rese\u00f1as de Airbnb en tu sitio web Weebly (en 2 minutos)","isPartOf":{"@id":"https:\/\/elfsight.com\/es\/#website"},"datePublished":"1970-01-01T00:00:00+00:00","dateModified":"2025-02-06T15:29:45+00:00","description":"Utilice la posibilidad de crear rese\u00f1as de Airbnb y mostrarlas en su sitio Weebly. Disfrute del servicio de atenci\u00f3n al cliente gratuito y otras ventajas de Elfsight.","breadcrumb":{"@id":"https:\/\/elfsight.com\/es\/airbnb-reviews-widget\/weebly\/#breadcrumb"},"inLanguage":"es","potentialAction":[{"@type":"ReadAction","target":["https:\/\/elfsight.com\/es\/airbnb-reviews-widget\/weebly\/"]}]},{"@type":"BreadcrumbList","@id":"https:\/\/elfsight.com\/es\/airbnb-reviews-widget\/weebly\/#breadcrumb","itemListElement":[{"@type":"ListItem","position":1,"name":"Home","item":"https:\/\/elfsight.com\/es\/"},{"@type":"ListItem","position":2,"name":"Airbnb Reviews","item":"https:\/\/elfsight.com\/es\/airbnb-reviews-widget\/"},{"@type":"ListItem","position":3,"name":"Airbnb Reviews &#8211; Weebly"}]},{"@type":"WebSite","@id":"https:\/\/elfsight.com\/es\/#website","url":"https:\/\/elfsight.com\/es\/","name":"Elfsight ES","description":"Just another Elfsight Sites site","potentialAction":[{"@type":"SearchAction","target":{"@type":"EntryPoint","urlTemplate":"https:\/\/elfsight.com\/es\/?s={search_term_string}"},"query-input":{"@type":"PropertyValueSpecification","valueRequired":true,"valueName":"search_term_string"}}],"inLanguage":"es"}]}},"meta_box":{"industry":"","seo_heading":"","heading":"","description":"","cta_heading":"","cta_description":"","application":"437","h1":"Opiniones de Airbnb sobre Weebly","h1_caption":"Muestre las impresiones m\u00e1s atractivas de los clientes sobre Airbnb en su sitio web","application_category":[],"applications_title":"","applications_request_title":"","applications_request_button_text":"","hero_text":"","hero_video":"","hero_video_schema_markup":"","selling_points_title":"","selling_points_caption":"","selling_points":[],"selling_points_cta_text":"","features_title":"","features":"","ed_cta_examples_text":"","ed_cta_examples_hidden":"","ed_cta_demo_text":"","ed_cta_demo_hidden":"","why_caption":"","why_editor_title":"","why_editor_text":"","why_team_title":"","why_team_text":"","why_service_title":"","why_service_text":"","template_catalog_visible":"","template_catalog_title":"","template_catalog_text":"","template_catalog_categories_visible":"","demo_title":"Crea tu aplicaci\u00f3n de rese\u00f1as de Airbnb","demo_caption":"\u00a1Configura tus rese\u00f1as de Airbnb y agr\u00e9galas a tu sitio web Weebly gratis!","default_faq_hidden":"","app_template_category":[],"platform":"109","template_public_id":"","codecanyon_url":"","codecanyon_item_id":"","codecanyon_price":"","pricing_caption":"","pricing_elfsight_apps_hide_column":"","pricing_elfsight_apps_url":"","pricing_codecanyon_price_caption":"","integration_category":[],"integration_request_title":"","integration_request_cta":"","integration_platform":"","integrations":[],"platform_category":[],"video_schema_markup":"","price":"desde $0 \/ mes","trial":"","benefits":[{"text":"Servicio de instalaci\u00f3n gratuito"},{"text":"Servicio al cliente profesional"},{"text":"Garant\u00eda de devoluci\u00f3n de dinero de 14 d\u00edas"},{"text":"Desarrollo continuo"}],"button_url":"#demo","button_target_blank":"","button_nofollow":"","attributes":[{"name":"Instalaciones","content":"10,000 - 100,000"},{"name":"Sensible","content":"S\u00ed"},{"name":"Navegadores compatibles","content":"Firefox, Safari, Opera, Chrome, Edge"}],"tags":[],"tags_disable_links":"","hide_more_platforms":"","video_object":"","demo_hide_cta":"","demo_hide_cloud_options":"","pricing_title":"","pricing":[{"pricing_icon":"platform","pricing_title":"Elfsight Apps","pricing_title_caption":"Soluci\u00f3n multiplataforma que funciona en cualquier sitio","pricing_price":"desde $0 \/ mes","pricing_price_caption":"comienza con un plan gratuito","pricing_benefits":[{"text":"Dominios ilimitados"},{"text":"Soporte premium"},{"text":"Soporte de instalaci\u00f3n gratuito"},{"text":"100% personalizable"}],"pricing_button_text":"A\u00f1adir al sitio web","pricing_button_url":"#demo"}],"related_apps_title":"","related_apps_hidden":"","author":"","image":[],"title":"","job":"","social_networks":[]},"_links":{"self":[{"href":"https:\/\/elfsight.com\/es\/wp-json\/wp\/v2\/pages\/8827","targetHints":{"allow":["GET"]}}],"collection":[{"href":"https:\/\/elfsight.com\/es\/wp-json\/wp\/v2\/pages"}],"about":[{"href":"https:\/\/elfsight.com\/es\/wp-json\/wp\/v2\/types\/page"}],"author":[{"embeddable":true,"href":"https:\/\/elfsight.com\/es\/wp-json\/wp\/v2\/users\/9"}],"replies":[{"embeddable":true,"href":"https:\/\/elfsight.com\/es\/wp-json\/wp\/v2\/comments?post=8827"}],"version-history":[{"count":2,"href":"https:\/\/elfsight.com\/es\/wp-json\/wp\/v2\/pages\/8827\/revisions"}],"predecessor-version":[{"id":18380,"href":"https:\/\/elfsight.com\/es\/wp-json\/wp\/v2\/pages\/8827\/revisions\/18380"}],"up":[{"embeddable":true,"href":"https:\/\/elfsight.com\/es\/wp-json\/wp\/v2\/pages\/438"}],"wp:attachment":[{"href":"https:\/\/elfsight.com\/es\/wp-json\/wp\/v2\/media?parent=8827"}],"curies":[{"name":"wp","href":"https:\/\/api.w.org\/{rel}","templated":true}]}}