{"id":8826,"date":"1970-01-01T00:00:00","date_gmt":"1970-01-01T00:00:00","guid":{"rendered":"https:\/\/elfsight.com\/es\/?page_id=8826"},"modified":"2025-02-06T15:29:53","modified_gmt":"2025-02-06T15:29:53","slug":"webnode","status":"publish","type":"page","link":"https:\/\/elfsight.com\/es\/airbnb-reviews-widget\/webnode\/","title":{"rendered":"Airbnb Reviews &#8211; Webnode"},"content":{"rendered":"<div class=\"application-platform-content-item-description application-platform-content-item\" id=\"description\" data-nav-section=\"description\"> <h2>Descripci\u00f3n<\/h2> <p>Elfsight Airbnb Reviews es un widget sencillo que le permite publicar rese\u00f1as sobre sus ofertas de los usuarios de Airbnb en el sitio web. Con nuestro widget, puede aplicar filtros para ocultar rese\u00f1as no deseadas, revelar sus calificaciones de estrellas y n\u00fameros de Airbnb, proporcionar informaci\u00f3n sobre los autores y colocar un bot\u00f3n que ayudar\u00e1 a los visitantes a escribir una rese\u00f1a m\u00e1s en Airbnb. Las rese\u00f1as de Airbnb de Elfsight le ayudar\u00e1n a demostrar su prueba social perfecta en su sitio web y a aumentar las ventas. <\/p> <div class=\"faq\" data-component=\"FAQ\"><div class=\"faq-item\">\r\n\t\t\t\t\t<div class=\"faq-item-question\">\r\n\t\t\t\t\t\t<h3 class=\"faq-item-question-text\">\u00bfD\u00f3nde puedo mostrarlo?<\/h3>\r\n\r\n\t\t\t\t\t\t<div class=\"faq-item-question-icon\"><\/div>\r\n\t\t\t\t\t<\/div>\r\n\r\n\t\t\t\t\t<div class=\"faq-item-answer\">\r\n\t\t\t\t\t\t<div class=\"faq-item-answer-text\"> <p>El widget se puede insertar en cualquier p\u00e1gina web donde necesite presumir de su alta calificaci\u00f3n y popularidad entre los clientes. Si lo necesita en todas las p\u00e1ginas de su sitio, simplemente puede agregarlo a la plantilla del sitio web. <\/p> <\/div>\r\n\t\t\t\t\t<\/div>\r\n\t\t\t\t<\/div><div class=\"faq-item\">\r\n\t\t\t\t\t<div class=\"faq-item-question\">\r\n\t\t\t\t\t\t<h3 class=\"faq-item-question-text\">\u00bfC\u00f3mo puedo beneficiarme de este complemento?<\/h3>\r\n\r\n\t\t\t\t\t\t<div class=\"faq-item-question-icon\"><\/div>\r\n\t\t\t\t\t<\/div>\r\n\r\n\t\t\t\t\t<div class=\"faq-item-answer\">\r\n\t\t\t\t\t\t<div class=\"faq-item-answer-text\"> <p>Las rese\u00f1as compartidas por personas reales son de m\u00e1xima confianza para los clientes de su sitio web y significan para ellos que su empresa es confiable. Una calificaci\u00f3n alta y buenas impresiones pueden ayudar a aumentar el nivel de ventas en su sitio. Adem\u00e1s, el bot\u00f3n de redireccionamiento puede contribuir a atraer nuevas opiniones de clientes en Airbnb. <\/p> <\/div>\r\n\t\t\t\t\t<\/div>\r\n\t\t\t\t<\/div> <div class=\"faq-item\">\r\n\t\t\t\t\t<div class=\"faq-item-question\">\r\n\t\t\t\t\t\t<h3 class=\"faq-item-question-text\">\u00bfC\u00f3mo puedo instalar Rese\u00f1as de Airbnb en mi sitio web Webnode?<\/h3>\r\n\r\n\t\t\t\t\t\t<div class=\"faq-item-question-icon\"><\/div>\r\n\t\t\t\t\t<\/div>\r\n\r\n\t\t\t\t\t<div class=\"faq-item-answer\">\r\n\t\t\t\t\t\t<div class=\"faq-item-answer-text\"> <p>Solo te llevar\u00e1 un par de minutos de tu tiempo tener el widget en funcionamiento. Es s\u00faper r\u00e1pido, gratuito y no requiere codificaci\u00f3n. <\/p> <ol><li>Existe una opci\u00f3n para introducir Rese\u00f1as de Airbnb en el sitio directamente a trav\u00e9s de nuestro servicio. Simplemente siga la gu\u00eda que aparece en esta p\u00e1gina. <\/li> <li>Las rese\u00f1as de Airbnb de Elfsight se pueden integrar directamente a trav\u00e9s de nuestro servicio o en el mercado. Puedes ver las ventajas de ambas opciones y elegir la tuya.<\/li> <\/ol> <\/div>\r\n\t\t\t\t\t<\/div>\r\n\t\t\t\t<\/div> <\/div> <\/div> <div class=\"application-platform-content-item-features application-platform-content-item\" id=\"features\" data-nav-section=\"features\"> <h2>Caracter\u00edsticas<\/h2> <p>Para lograr una percepci\u00f3n clara de las rese\u00f1as de Airbnb, consulta la lista de sus funciones principales. Hacen que este widget sea incre\u00edblemente efectivo para su sitio web: <\/p> <ul> <li>3 filtros predefinidos: por tipo, excluir por y cantidad de rese\u00f1as para mostrar; <\/li> <li>El bot\u00f3n de solicitud de revisi\u00f3n lleva a los usuarios a su p\u00e1gina de Airbnb; <\/li> <li>Dos variantes de escenarios despu\u00e9s del rechazo de la solicitud de revisi\u00f3n: mostrar un mensaje de texto u ocultar el bot\u00f3n. <\/li> <\/ul><p><a href=\"#demo\">Para explorar m\u00e1s funciones, vea nuestra demostraci\u00f3n en vivo<\/a><\/p> <\/div> <div class=\"application-platform-content-item-installation application-platform-content-item\" id=\"installation\" data-nav-section=\"installation\"> <h2>Descubra c\u00f3mo pegar las Rese\u00f1as de Airbnb en su p\u00e1gina de Webnode<\/h2> <p>Las siguientes acciones son lo \u00fanico que necesita para tener las Rese\u00f1as de Airbnb activas. <\/p> <ol><li><b>Genera tu complemento exclusivo de Airbnb<\/b><br> Utilizando nuestro editor gratuito, crea un complemento con una apariencia y funcionalidad personalizadas. <\/li><li><b>Adquiera el c\u00f3digo individual para mostrar el complemento<\/b><br> Despu\u00e9s de haber personalizado su widget, obtendr\u00e1 el c\u00f3digo \u00fanico en la ventana emergente de Elfsight Apps. Copie el c\u00f3digo para uso futuro. <\/li> <li><b>Integra el complemento en tu sitio web Webnode<\/b><br>Define el lugar donde planeas mostrar el complemento y agrega el c\u00f3digo guardado all\u00ed. Guarda los resultados.<\/li> <li><b>\u00a1La integraci\u00f3n es exitosa!<\/b><br> Ve a tu p\u00e1gina web para ver tus rese\u00f1as.<\/li> <\/ol><p>\u00bfA\u00fan dudas de algo? \u00bfO tienes consultas? Una sola petici\u00f3n a nuestro servicio de atenci\u00f3n al cliente solucionar\u00e1 cualquier problema. <\/p> <\/div>","protected":false},"excerpt":{"rendered":"","protected":false},"author":9,"featured_media":0,"parent":438,"menu_order":0,"comment_status":"closed","ping_status":"closed","template":"templates\/template-application-platform.php","meta":{"publish_to_discourse":"","publish_post_category":"","wpdc_auto_publish_overridden":"","wpdc_topic_tags":"","wpdc_pin_topic":"","wpdc_pin_until":"","discourse_post_id":"","discourse_permalink":"","wpdc_publishing_response":"","wpdc_publishing_error":"","footnotes":""},"class_list":["post-8826","page","type-page","status-publish","hentry"],"yoast_head":"<!-- This site is optimized with the Yoast SEO plugin v25.3.1 - https:\/\/yoast.com\/wordpress\/plugins\/seo\/ -->\n<title>Inserta Rese\u00f1as de Airbnb en tu sitio web Webnode (f\u00e1cil y r\u00e1pido)<\/title>\n<meta name=\"description\" content=\"Con Elfsight, dale forma a tu widget de Rese\u00f1as de Airbnb y mu\u00e9stralo en el sitio Webnode, sin mucho esfuerzo. Disponemos de atenci\u00f3n al cliente gratuita y m\u00e1s bonos.\" \/>\n<meta name=\"robots\" content=\"index, follow, max-snippet:-1, max-image-preview:large, max-video-preview:-1\" \/>\n<link rel=\"canonical\" href=\"https:\/\/elfsight.com\/es\/airbnb-reviews-widget\/webnode\/\" \/>\n<meta property=\"og:locale\" content=\"es_ES\" \/>\n<meta property=\"og:type\" content=\"article\" \/>\n<meta property=\"og:title\" content=\"Inserta Rese\u00f1as de Airbnb en tu sitio web Webnode (f\u00e1cil y r\u00e1pido)\" \/>\n<meta property=\"og:description\" content=\"Con Elfsight, dale forma a tu widget de Rese\u00f1as de Airbnb y mu\u00e9stralo en el sitio Webnode, sin mucho esfuerzo. Disponemos de atenci\u00f3n al cliente gratuita y m\u00e1s bonos.\" \/>\n<meta property=\"og:url\" content=\"https:\/\/elfsight.com\/es\/airbnb-reviews-widget\/webnode\/\" \/>\n<meta property=\"og:site_name\" content=\"Elfsight ES\" \/>\n<meta property=\"article:modified_time\" content=\"2025-02-06T15:29:53+00:00\" \/>\n<meta name=\"twitter:card\" content=\"summary_large_image\" \/>\n<meta name=\"twitter:label1\" content=\"Tiempo de lectura\" \/>\n\t<meta name=\"twitter:data1\" content=\"3 minutos\" \/>\n<!-- \/ Yoast SEO plugin. -->","yoast_head_json":{"title":"Inserta Rese\u00f1as de Airbnb en tu sitio web Webnode (f\u00e1cil y r\u00e1pido)","description":"Con Elfsight, dale forma a tu widget de Rese\u00f1as de Airbnb y mu\u00e9stralo en el sitio Webnode, sin mucho esfuerzo. Disponemos de atenci\u00f3n al cliente gratuita y m\u00e1s bonos.","robots":{"index":"index","follow":"follow","max-snippet":"max-snippet:-1","max-image-preview":"max-image-preview:large","max-video-preview":"max-video-preview:-1"},"canonical":"https:\/\/elfsight.com\/es\/airbnb-reviews-widget\/webnode\/","og_locale":"es_ES","og_type":"article","og_title":"Inserta Rese\u00f1as de Airbnb en tu sitio web Webnode (f\u00e1cil y r\u00e1pido)","og_description":"Con Elfsight, dale forma a tu widget de Rese\u00f1as de Airbnb y mu\u00e9stralo en el sitio Webnode, sin mucho esfuerzo. Disponemos de atenci\u00f3n al cliente gratuita y m\u00e1s bonos.","og_url":"https:\/\/elfsight.com\/es\/airbnb-reviews-widget\/webnode\/","og_site_name":"Elfsight ES","article_modified_time":"2025-02-06T15:29:53+00:00","twitter_card":"summary_large_image","twitter_misc":{"Tiempo de lectura":"3 minutos"},"schema":{"@context":"https:\/\/schema.org","@graph":[{"@type":"WebPage","@id":"https:\/\/elfsight.com\/es\/airbnb-reviews-widget\/webnode\/","url":"https:\/\/elfsight.com\/es\/airbnb-reviews-widget\/webnode\/","name":"Inserta Rese\u00f1as de Airbnb en tu sitio web Webnode (f\u00e1cil y r\u00e1pido)","isPartOf":{"@id":"https:\/\/elfsight.com\/es\/#website"},"datePublished":"1970-01-01T00:00:00+00:00","dateModified":"2025-02-06T15:29:53+00:00","description":"Con Elfsight, dale forma a tu widget de Rese\u00f1as de Airbnb y mu\u00e9stralo en el sitio Webnode, sin mucho esfuerzo. Disponemos de atenci\u00f3n al cliente gratuita y m\u00e1s bonos.","breadcrumb":{"@id":"https:\/\/elfsight.com\/es\/airbnb-reviews-widget\/webnode\/#breadcrumb"},"inLanguage":"es","potentialAction":[{"@type":"ReadAction","target":["https:\/\/elfsight.com\/es\/airbnb-reviews-widget\/webnode\/"]}]},{"@type":"BreadcrumbList","@id":"https:\/\/elfsight.com\/es\/airbnb-reviews-widget\/webnode\/#breadcrumb","itemListElement":[{"@type":"ListItem","position":1,"name":"Home","item":"https:\/\/elfsight.com\/es\/"},{"@type":"ListItem","position":2,"name":"Airbnb Reviews","item":"https:\/\/elfsight.com\/es\/airbnb-reviews-widget\/"},{"@type":"ListItem","position":3,"name":"Airbnb Reviews &#8211; Webnode"}]},{"@type":"WebSite","@id":"https:\/\/elfsight.com\/es\/#website","url":"https:\/\/elfsight.com\/es\/","name":"Elfsight ES","description":"Just another Elfsight Sites site","potentialAction":[{"@type":"SearchAction","target":{"@type":"EntryPoint","urlTemplate":"https:\/\/elfsight.com\/es\/?s={search_term_string}"},"query-input":{"@type":"PropertyValueSpecification","valueRequired":true,"valueName":"search_term_string"}}],"inLanguage":"es"}]}},"meta_box":{"industry":"","seo_heading":"","heading":"","description":"","cta_heading":"","cta_description":"","application":"437","h1":"Opiniones de Airbnb sobre Webnode","h1_caption":"Agregue las opiniones de clientes m\u00e1s atractivas de Airbnb en su sitio","application_category":[],"applications_title":"","applications_request_title":"","applications_request_button_text":"","hero_text":"","hero_video":"","hero_video_schema_markup":"","selling_points_title":"","selling_points_caption":"","selling_points":[],"selling_points_cta_text":"","features_title":"","features":"","ed_cta_examples_text":"","ed_cta_examples_hidden":"","ed_cta_demo_text":"","ed_cta_demo_hidden":"","why_caption":"","why_editor_title":"","why_editor_text":"","why_team_title":"","why_team_text":"","why_service_title":"","why_service_text":"","template_catalog_visible":"","template_catalog_title":"","template_catalog_text":"","template_catalog_categories_visible":"","demo_title":"Crea tu widget de Rese\u00f1as de Airbnb","demo_caption":"\u00a1Configura tus Opiniones de Airbnb y a\u00f1\u00e1delas a tu sitio web de Webnode gratis!","default_faq_hidden":"","app_template_category":[],"platform":"2302","template_public_id":"","codecanyon_url":"","codecanyon_item_id":"","codecanyon_price":"","pricing_caption":"","pricing_elfsight_apps_hide_column":"","pricing_elfsight_apps_url":"","pricing_codecanyon_price_caption":"","integration_category":[],"integration_request_title":"","integration_request_cta":"","integration_platform":"","integrations":[],"platform_category":[],"video_schema_markup":"","price":"desde $0 \/ mes","trial":"","benefits":[{"text":"Asistencia de instalaci\u00f3n gratuita"},{"text":"Servicio al cliente eficaz"},{"text":"Garant\u00eda de devoluci\u00f3n de dinero de 14 d\u00edas"},{"text":"Mejoras continuas"}],"button_url":"#demo","button_target_blank":"","button_nofollow":"","attributes":[{"name":"Instalaciones","content":"10,000 - 100,000"},{"name":"Sensible","content":"S\u00ed"},{"name":"Navegadores compatibles","content":"Firefox, Safari, Opera, Chrome, Edge"}],"tags":[],"tags_disable_links":"","hide_more_platforms":"","video_object":"","demo_hide_cta":"","demo_hide_cloud_options":"","pricing_title":"","pricing":[{"pricing_icon":"platform","pricing_title":"Elfsight Apps","pricing_title_caption":"Versi\u00f3n independiente de la plataforma que funciona en cualquier sitio","pricing_price":"desde $0 \/ mes","pricing_price_caption":"comienza con el plan gratuito","pricing_benefits":[{"text":"Sitios web ilimitados"},{"text":"Soporte de la empresa 24 horas al d\u00eda, 7 d\u00edas a la semana y bien documentado."},{"text":"Asistencia de instalaci\u00f3n gratuita"},{"text":"Precio a alcanzar para m\u00faltiples aplicaciones"}],"pricing_button_text":"A\u00f1adir al sitio web","pricing_button_url":"#demo"}],"related_apps_title":"","related_apps_hidden":"","author":"","image":[],"title":"","job":"","social_networks":[]},"_links":{"self":[{"href":"https:\/\/elfsight.com\/es\/wp-json\/wp\/v2\/pages\/8826","targetHints":{"allow":["GET"]}}],"collection":[{"href":"https:\/\/elfsight.com\/es\/wp-json\/wp\/v2\/pages"}],"about":[{"href":"https:\/\/elfsight.com\/es\/wp-json\/wp\/v2\/types\/page"}],"author":[{"embeddable":true,"href":"https:\/\/elfsight.com\/es\/wp-json\/wp\/v2\/users\/9"}],"replies":[{"embeddable":true,"href":"https:\/\/elfsight.com\/es\/wp-json\/wp\/v2\/comments?post=8826"}],"version-history":[{"count":2,"href":"https:\/\/elfsight.com\/es\/wp-json\/wp\/v2\/pages\/8826\/revisions"}],"predecessor-version":[{"id":18381,"href":"https:\/\/elfsight.com\/es\/wp-json\/wp\/v2\/pages\/8826\/revisions\/18381"}],"up":[{"embeddable":true,"href":"https:\/\/elfsight.com\/es\/wp-json\/wp\/v2\/pages\/438"}],"wp:attachment":[{"href":"https:\/\/elfsight.com\/es\/wp-json\/wp\/v2\/media?parent=8826"}],"curies":[{"name":"wp","href":"https:\/\/api.w.org\/{rel}","templated":true}]}}