{"id":8820,"date":"1970-01-01T00:00:00","date_gmt":"1970-01-01T00:00:00","guid":{"rendered":"https:\/\/elfsight.com\/es\/?page_id=8820"},"modified":"2025-02-06T15:29:53","modified_gmt":"2025-02-06T15:29:53","slug":"squarespace","status":"publish","type":"page","link":"https:\/\/elfsight.com\/es\/airbnb-reviews-widget\/squarespace\/","title":{"rendered":"Airbnb Reviews &#8211; Squarespace"},"content":{"rendered":"<div class=\"application-platform-content-item-description application-platform-content-item\" id=\"description\" data-nav-section=\"description\"> <h2>Incorpore Rese\u00f1as de Airbnb en Squarespace con el widget Elfsight<\/h2> <p>Si desea presumir de su alta calificaci\u00f3n y convencer a los visitantes del sitio web de que sus invitados siempre estar\u00e1n contentos, el widget de Rese\u00f1as de Airbnb de Elfsight ser\u00e1 la elecci\u00f3n correcta. Con este widget, puede mostrar las opiniones de los clientes de Airbnb en su sitio web con detalles sobre sus autores, filtrarlas para revelar solo las positivas, mostrar calificaciones y un bot\u00f3n activo que llevar\u00e1 a los usuarios a su p\u00e1gina de Airbnb, para que puedan escribir su opini\u00f3n.<\/p> <div class=\"faq\" data-component=\"FAQ\"><div class=\"faq-item\">\r\n\t\t\t\t\t<div class=\"faq-item-question\">\r\n\t\t\t\t\t\t<h3 class=\"faq-item-question-text\">\u00bfD\u00f3nde puedo agregar rese\u00f1as de Airbnb?<\/h3>\r\n\r\n\t\t\t\t\t\t<div class=\"faq-item-question-icon\"><\/div>\r\n\t\t\t\t\t<\/div>\r\n\r\n\t\t\t\t\t<div class=\"faq-item-answer\">\r\n\t\t\t\t\t\t<div class=\"faq-item-answer-text\"> <p>Nuestro widget se puede insertar en cualquier p\u00e1gina web donde desee demostrar su gran aprecio y popularidad entre los clientes. Si lo necesita en todas las p\u00e1ginas de su sitio, puede insertarlo f\u00e1cilmente en la plantilla del sitio web. <\/p> <\/div>\r\n\t\t\t\t\t<\/div>\r\n\t\t\t\t<\/div><div class=\"faq-item\">\r\n\t\t\t\t\t<div class=\"faq-item-question\">\r\n\t\t\t\t\t\t<h3 class=\"faq-item-question-text\">\u00bfQu\u00e9 ventajas me puede dar?<\/h3>\r\n\r\n\t\t\t\t\t\t<div class=\"faq-item-question-icon\"><\/div>\r\n\t\t\t\t\t<\/div>\r\n\r\n\t\t\t\t\t<div class=\"faq-item-answer\">\r\n\t\t\t\t\t\t<div class=\"faq-item-answer-text\"> <p>Las rese\u00f1as de personas reales son absolutamente cre\u00edbles para los visitantes de su sitio web y les demuestran que se puede confiar en su empresa. Una calificaci\u00f3n alta y excelentes impresiones pueden ayudar a aumentar las compras en su sitio. M\u00e1s a\u00fan, el bot\u00f3n de redireccionamiento puede contribuir a tener m\u00e1s opiniones de clientes sobre sus ofertas o servicios en Airbnb. <\/p> <\/div>\r\n\t\t\t\t\t<\/div>\r\n\t\t\t\t<\/div> <div class=\"faq-item\">\r\n\t\t\t\t\t<div class=\"faq-item-question\">\r\n\t\t\t\t\t\t<h3 class=\"faq-item-question-text\">\u00bfC\u00f3mo puedo agregar rese\u00f1as de Airbnb en mi sitio de Squarespace?<\/h3>\r\n\r\n\t\t\t\t\t\t<div class=\"faq-item-question-icon\"><\/div>\r\n\t\t\t\t\t<\/div>\r\n\r\n\t\t\t\t\t<div class=\"faq-item-answer\">\r\n\t\t\t\t\t\t<div class=\"faq-item-answer-text\"> <p>Solo necesitas un minuto para activar tu widget de rese\u00f1as. La configuraci\u00f3n es realmente r\u00e1pida, gratuita y sin codificaci\u00f3n. <\/p> <ol><li>Puedes agregar rese\u00f1as de Airbnb a tu sitio a trav\u00e9s de nuestro servicio. Simplemente vea una breve descripci\u00f3n en esta p\u00e1gina. <\/li> <li>El widget se puede introducir a trav\u00e9s de nuestro servicio o a trav\u00e9s del mercado. Aqu\u00ed podr\u00e1s conocer las ventajas de estas variantes y elegir la tuya. <\/li> <\/ol> <\/div>\r\n\t\t\t\t\t<\/div>\r\n\t\t\t\t<\/div> <\/div> <\/div> <div class=\"application-platform-content-item-features application-platform-content-item\" id=\"features\" data-nav-section=\"features\"> <h2>Caracter\u00edsticas principales del widget de rese\u00f1as de Airbnb<\/h2> <p>Para obtener un conocimiento completo del widget, examina la lista de las caracter\u00edsticas principales. Hacen que este widget sea incre\u00edblemente beneficioso para su promoci\u00f3n: <\/p> <ul> <li>4 dise\u00f1os listos para usar: Lista, Cuadr\u00edcula, Mamposter\u00eda y Control deslizante; <\/li> <li>El bot\u00f3n para solicitar una rese\u00f1a lleva a los visitantes a su p\u00e1gina de Airbnb; <\/li> <li>6 elementos personalizables de la interfaz: el nombre del autor y la foto, texto de recomendaci\u00f3n, fecha de publicaci\u00f3n, \u00edcono de Airbnb y calificaci\u00f3n de estrellas; <\/li> <\/ul><p><a href=\"#demo\">Consulta m\u00e1s funciones en nuestra demostraci\u00f3n<\/a><\/p> <\/div> <div class=\"application-platform-content-item-installation application-platform-content-item\" id=\"installation\" data-nav-section=\"installation\"> <h2>Comprueba c\u00f3mo colocar las rese\u00f1as de Airbnb en tu sitio de Squarespace<\/h2><div class=\"video-container\"><iframe width=\"720\" height=\"405\" src=\"https:\/\/www.youtube.com\/embed\/0Y3sEbIuoaE\" frameborder=\"0\"><\/iframe><\/div><p>Los siguientes pasos son lo \u00fanico que necesitas para que est\u00e9 libre de codificaci\u00f3n.<\/p> <ol><li><b>Crea tu complemento personal de Airbnb<\/b><br> Mediante nuestro configurador gratuito, crea un complemento con una interfaz y funciones preferidas. <\/li><li><b>Obtenga el c\u00f3digo individual para insertar el complemento<\/b><br> Despu\u00e9s de haber creado su widget, obtendr\u00e1 el c\u00f3digo de instalaci\u00f3n en la ventana que aparece en Elfsight Apps. Copia este c\u00f3digo. <\/li> <li><b>Muestra el complemento en tu sitio web de Squarespace<\/b><br> Elige el lugar donde deseas insertar el complemento y pega el c\u00f3digo guardado all\u00ed. Aplicar los resultados. <\/li> <li><b>\u00a1Felicitaciones! \u00a1Acabas de integrar el widget!<\/b><br> Ingresa al sitio para comprobar tu trabajo.<\/li> <\/ol><p>\u00bfA\u00fan dudas de algo? \u00bfO experimentando problemas? Simplemente escriba una solicitud a nuestro servicio de atenci\u00f3n al cliente para ayudarle con cualquier tipo de problema.<\/p> <\/div>","protected":false},"excerpt":{"rendered":"","protected":false},"author":9,"featured_media":0,"parent":438,"menu_order":0,"comment_status":"closed","ping_status":"closed","template":"templates\/template-application-platform.php","meta":{"publish_to_discourse":"","publish_post_category":"","wpdc_auto_publish_overridden":"","wpdc_topic_tags":"","wpdc_pin_topic":"","wpdc_pin_until":"","discourse_post_id":"","discourse_permalink":"","wpdc_publishing_response":"","wpdc_publishing_error":"","footnotes":""},"class_list":["post-8820","page","type-page","status-publish","hentry"],"yoast_head":"<!-- This site is optimized with the Yoast SEO plugin v25.3.1 - https:\/\/yoast.com\/wordpress\/plugins\/seo\/ -->\n<title>Inserta rese\u00f1as de Airbnb en tu sitio web de Squarespace (en 2 minutos)<\/title>\n<meta name=\"description\" content=\"Es f\u00e1cil crear tu widget de Rese\u00f1as de Airbnb y colocarlo en tu sitio web de Squarespace. La atenci\u00f3n al cliente de Elfsight es gratuita.\" \/>\n<meta name=\"robots\" content=\"index, follow, max-snippet:-1, max-image-preview:large, max-video-preview:-1\" \/>\n<link rel=\"canonical\" href=\"https:\/\/elfsight.com\/es\/airbnb-reviews-widget\/squarespace\/\" \/>\n<meta property=\"og:locale\" content=\"es_ES\" \/>\n<meta property=\"og:type\" content=\"article\" \/>\n<meta property=\"og:title\" content=\"Inserta rese\u00f1as de Airbnb en tu sitio web de Squarespace (en 2 minutos)\" \/>\n<meta property=\"og:description\" content=\"Es f\u00e1cil crear tu widget de Rese\u00f1as de Airbnb y colocarlo en tu sitio web de Squarespace. La atenci\u00f3n al cliente de Elfsight es gratuita.\" \/>\n<meta property=\"og:url\" content=\"https:\/\/elfsight.com\/es\/airbnb-reviews-widget\/squarespace\/\" \/>\n<meta property=\"og:site_name\" content=\"Elfsight ES\" \/>\n<meta property=\"article:modified_time\" content=\"2025-02-06T15:29:53+00:00\" \/>\n<meta name=\"twitter:card\" content=\"summary_large_image\" \/>\n<meta name=\"twitter:label1\" content=\"Tiempo de lectura\" \/>\n\t<meta name=\"twitter:data1\" content=\"3 minutos\" \/>\n<!-- \/ Yoast SEO plugin. -->","yoast_head_json":{"title":"Inserta rese\u00f1as de Airbnb en tu sitio web de Squarespace (en 2 minutos)","description":"Es f\u00e1cil crear tu widget de Rese\u00f1as de Airbnb y colocarlo en tu sitio web de Squarespace. La atenci\u00f3n al cliente de Elfsight es gratuita.","robots":{"index":"index","follow":"follow","max-snippet":"max-snippet:-1","max-image-preview":"max-image-preview:large","max-video-preview":"max-video-preview:-1"},"canonical":"https:\/\/elfsight.com\/es\/airbnb-reviews-widget\/squarespace\/","og_locale":"es_ES","og_type":"article","og_title":"Inserta rese\u00f1as de Airbnb en tu sitio web de Squarespace (en 2 minutos)","og_description":"Es f\u00e1cil crear tu widget de Rese\u00f1as de Airbnb y colocarlo en tu sitio web de Squarespace. La atenci\u00f3n al cliente de Elfsight es gratuita.","og_url":"https:\/\/elfsight.com\/es\/airbnb-reviews-widget\/squarespace\/","og_site_name":"Elfsight ES","article_modified_time":"2025-02-06T15:29:53+00:00","twitter_card":"summary_large_image","twitter_misc":{"Tiempo de lectura":"3 minutos"},"schema":{"@context":"https:\/\/schema.org","@graph":[{"@type":"WebPage","@id":"https:\/\/elfsight.com\/es\/airbnb-reviews-widget\/squarespace\/","url":"https:\/\/elfsight.com\/es\/airbnb-reviews-widget\/squarespace\/","name":"Inserta rese\u00f1as de Airbnb en tu sitio web de Squarespace (en 2 minutos)","isPartOf":{"@id":"https:\/\/elfsight.com\/es\/#website"},"datePublished":"1970-01-01T00:00:00+00:00","dateModified":"2025-02-06T15:29:53+00:00","description":"Es f\u00e1cil crear tu widget de Rese\u00f1as de Airbnb y colocarlo en tu sitio web de Squarespace. La atenci\u00f3n al cliente de Elfsight es gratuita.","breadcrumb":{"@id":"https:\/\/elfsight.com\/es\/airbnb-reviews-widget\/squarespace\/#breadcrumb"},"inLanguage":"es","potentialAction":[{"@type":"ReadAction","target":["https:\/\/elfsight.com\/es\/airbnb-reviews-widget\/squarespace\/"]}]},{"@type":"BreadcrumbList","@id":"https:\/\/elfsight.com\/es\/airbnb-reviews-widget\/squarespace\/#breadcrumb","itemListElement":[{"@type":"ListItem","position":1,"name":"Home","item":"https:\/\/elfsight.com\/es\/"},{"@type":"ListItem","position":2,"name":"Airbnb Reviews","item":"https:\/\/elfsight.com\/es\/airbnb-reviews-widget\/"},{"@type":"ListItem","position":3,"name":"Airbnb Reviews &#8211; Squarespace"}]},{"@type":"WebSite","@id":"https:\/\/elfsight.com\/es\/#website","url":"https:\/\/elfsight.com\/es\/","name":"Elfsight ES","description":"Just another Elfsight Sites site","potentialAction":[{"@type":"SearchAction","target":{"@type":"EntryPoint","urlTemplate":"https:\/\/elfsight.com\/es\/?s={search_term_string}"},"query-input":{"@type":"PropertyValueSpecification","valueRequired":true,"valueName":"search_term_string"}}],"inLanguage":"es"}]}},"meta_box":{"industry":"","seo_heading":"","heading":"","description":"","cta_heading":"","cta_description":"","application":"437","h1":"Rese\u00f1as de Airbnb en Squarespace","h1_caption":"Publique las rese\u00f1as de clientes m\u00e1s atractivas de Airbnb en su sitio web","application_category":[],"applications_title":"","applications_request_title":"","applications_request_button_text":"","hero_text":"","hero_video":"","hero_video_schema_markup":"","selling_points_title":"","selling_points_caption":"","selling_points":[],"selling_points_cta_text":"","features_title":"","features":"","ed_cta_examples_text":"","ed_cta_examples_hidden":"","ed_cta_demo_text":"","ed_cta_demo_hidden":"","why_caption":"","why_editor_title":"","why_editor_text":"","why_team_title":"","why_team_text":"","why_service_title":"","why_service_text":"","template_catalog_visible":"","template_catalog_title":"","template_catalog_text":"","template_catalog_categories_visible":"","demo_title":"Crea tu complemento de rese\u00f1as de Airbnb","demo_caption":"\u00a1Configura tus rese\u00f1as de Airbnb y agr\u00e9galas a tu sitio web de Squarespace gratis!","default_faq_hidden":"","app_template_category":[],"platform":"100","template_public_id":"","codecanyon_url":"","codecanyon_item_id":"","codecanyon_price":"","pricing_caption":"","pricing_elfsight_apps_hide_column":"","pricing_elfsight_apps_url":"","pricing_codecanyon_price_caption":"","integration_category":[],"integration_request_title":"","integration_request_cta":"","integration_platform":"","integrations":[],"platform_category":[],"video_schema_markup":"","price":"desde $0 \/ mes","trial":"","benefits":[{"text":"Servicio al cliente profesional"},{"text":"Ayuda de instalaci\u00f3n gratuita"},{"text":"Garant\u00eda de devoluci\u00f3n de dinero de 14 d\u00edas"},{"text":"Actualizaciones gratuitas continuas"}],"button_url":"#demo","button_target_blank":"","button_nofollow":"","attributes":[{"name":"Instalaciones","content":"10,000 - 100,000"},{"name":"Sensible","content":"S\u00ed"},{"name":"Navegadores compatibles","content":"Firefox, Safari, Opera, Chrome, Edge"}],"tags":[],"tags_disable_links":"","hide_more_platforms":"","video_object":"","demo_hide_cta":"","demo_hide_cloud_options":"","pricing_title":"","pricing":[{"pricing_icon":"platform","pricing_title":"Elfsight Apps","pricing_title_caption":"Software multiplataforma","pricing_price":"desde $0 \/ mes","pricing_price_caption":"comienza con un plan gratuito","pricing_benefits":[{"text":"Dominios ilimitados"},{"text":"Soporte premium y bien documentado."},{"text":"Ayuda de instalaci\u00f3n gratuita"},{"text":"Totalmente personalizable"}],"pricing_button_text":"A\u00f1adir al sitio web","pricing_button_url":"#demo"}],"related_apps_title":"","related_apps_hidden":"","author":"","image":[],"title":"","job":"","social_networks":[]},"_links":{"self":[{"href":"https:\/\/elfsight.com\/es\/wp-json\/wp\/v2\/pages\/8820","targetHints":{"allow":["GET"]}}],"collection":[{"href":"https:\/\/elfsight.com\/es\/wp-json\/wp\/v2\/pages"}],"about":[{"href":"https:\/\/elfsight.com\/es\/wp-json\/wp\/v2\/types\/page"}],"author":[{"embeddable":true,"href":"https:\/\/elfsight.com\/es\/wp-json\/wp\/v2\/users\/9"}],"replies":[{"embeddable":true,"href":"https:\/\/elfsight.com\/es\/wp-json\/wp\/v2\/comments?post=8820"}],"version-history":[{"count":2,"href":"https:\/\/elfsight.com\/es\/wp-json\/wp\/v2\/pages\/8820\/revisions"}],"predecessor-version":[{"id":18383,"href":"https:\/\/elfsight.com\/es\/wp-json\/wp\/v2\/pages\/8820\/revisions\/18383"}],"up":[{"embeddable":true,"href":"https:\/\/elfsight.com\/es\/wp-json\/wp\/v2\/pages\/438"}],"wp:attachment":[{"href":"https:\/\/elfsight.com\/es\/wp-json\/wp\/v2\/media?parent=8820"}],"curies":[{"name":"wp","href":"https:\/\/api.w.org\/{rel}","templated":true}]}}