{"id":8819,"date":"1970-01-01T00:00:00","date_gmt":"1970-01-01T00:00:00","guid":{"rendered":"https:\/\/elfsight.com\/es\/?page_id=8819"},"modified":"2025-02-06T15:29:53","modified_gmt":"2025-02-06T15:29:53","slug":"shopify","status":"publish","type":"page","link":"https:\/\/elfsight.com\/es\/airbnb-reviews-widget\/shopify\/","title":{"rendered":"Airbnb Reviews &#8211; Shopify"},"content":{"rendered":"<div class=\"application-platform-content-item-description application-platform-content-item\" id=\"description\" data-nav-section=\"description\"> <h2>Incrustar rese\u00f1as de Airbnb en Shopify con el widget de Elfsight<\/h2> <p>Elfsight Airbnb Reviews es una herramienta \u00fatil que te ayudar\u00e1 a demostrar en tu sitio rese\u00f1as sobre tus ofertas de los usuarios de Airbnb. Con la ayuda de nuestro widget, podr\u00e1 aplicar filtros para clasificar rese\u00f1as no deseadas, mostrar sus calificaciones de estrellas y n\u00fameros de Airbnb, mostrar detalles sobre los autores y colocar un bot\u00f3n que redirigir\u00e1 a los visitantes para que dejen una rese\u00f1a m\u00e1s en Airbnb. Las rese\u00f1as de Airbnb de Elfsight le ayudar\u00e1n a presumir de su prueba social perfecta en su sitio web personal y a atraer nuevas ventas. <\/p> <div class=\"faq\" data-component=\"FAQ\"><div class=\"faq-item\">\r\n\t\t\t\t\t<div class=\"faq-item-question\">\r\n\t\t\t\t\t\t<h3 class=\"faq-item-question-text\">\u00bfD\u00f3nde puedo agregar el widget en mi sitio web?<\/h3>\r\n\r\n\t\t\t\t\t\t<div class=\"faq-item-question-icon\"><\/div>\r\n\t\t\t\t\t<\/div>\r\n\r\n\t\t\t\t\t<div class=\"faq-item-answer\">\r\n\t\t\t\t\t\t<div class=\"faq-item-answer-text\"> <p>Puedes integrar el widget en cualquier p\u00e1gina de tu sitio o insertarlo en la plantilla, en este caso se mostrar\u00e1 en todas las p\u00e1ginas. Las rese\u00f1as pueden funcionar bien en las p\u00e1ginas de productos o en la p\u00e1gina Acerca de nosotros, donde le gustar\u00eda impresionar a los usuarios con su alta calificaci\u00f3n. <\/p> <\/div>\r\n\t\t\t\t\t<\/div>\r\n\t\t\t\t<\/div><div class=\"faq-item\">\r\n\t\t\t\t\t<div class=\"faq-item-question\">\r\n\t\t\t\t\t\t<h3 class=\"faq-item-question-text\">\u00bfC\u00f3mo me beneficio de este complemento?<\/h3>\r\n\r\n\t\t\t\t\t\t<div class=\"faq-item-question-icon\"><\/div>\r\n\t\t\t\t\t<\/div>\r\n\r\n\t\t\t\t\t<div class=\"faq-item-answer\">\r\n\t\t\t\t\t\t<div class=\"faq-item-answer-text\"> <p>Las rese\u00f1as escritas por personas reales son perfectamente confiables para los usuarios de su sitio y les indican que se puede confiar en su empresa. Las calificaciones altas y las rese\u00f1as excelentes pueden ayudar a impulsar las compras en su sitio web. Adem\u00e1s, el bot\u00f3n de redireccionamiento contribuir\u00e1 a tener m\u00e1s opiniones de clientes sobre tu negocio en Airbnb. <\/p> <\/div>\r\n\t\t\t\t\t<\/div>\r\n\t\t\t\t<\/div> <div class=\"faq-item\">\r\n\t\t\t\t\t<div class=\"faq-item-question\">\r\n\t\t\t\t\t\t<h3 class=\"faq-item-question-text\">\u00bfC\u00f3mo instalo Rese\u00f1as de Airbnb en mi sitio web Shopify?<\/h3>\r\n\r\n\t\t\t\t\t\t<div class=\"faq-item-question-icon\"><\/div>\r\n\t\t\t\t\t<\/div>\r\n\r\n\t\t\t\t\t<div class=\"faq-item-answer\">\r\n\t\t\t\t\t\t<div class=\"faq-item-answer-text\"> <p>Solo tomar\u00e1 un minuto comenzar a usar el widget. El proceso es muy r\u00e1pido, gratuito y no incluye codificaci\u00f3n. <\/p> <ol><li>Puedes agregar rese\u00f1as de Airbnb al sitio web en nuestro servicio. Simplemente siga los pasos de la breve descripci\u00f3n a continuaci\u00f3n en esta p\u00e1gina. <\/li> <li>Las rese\u00f1as de Airbnb de Elfsight se pueden integrar en nuestro servicio o a trav\u00e9s del mercado. Aqu\u00ed podr\u00e1s comparar m\u00e1s estas opciones y elegir la tuya. <\/li> <\/ol> <\/div>\r\n\t\t\t\t\t<\/div>\r\n\t\t\t\t<\/div> <\/div> <\/div> <div class=\"application-platform-content-item-features application-platform-content-item\" id=\"features\" data-nav-section=\"features\"> <h2>Principales caracter\u00edsticas del widget de Rese\u00f1as de Airbnb<\/h2> <p>Para tener un mejor conocimiento de las Rese\u00f1as de Airbnb, puedes estudiar la lista de sus principales caracter\u00edsticas. Hacen que nuestro widget sea m\u00e1s eficiente para su sitio web: <\/p> <ul> <li>Tres variantes de filtros: por tipo, excluir por y cantidad de rese\u00f1as para mostrar; <\/li> <li>El bot\u00f3n para solicitar una rese\u00f1a lleva a las personas a la p\u00e1gina de Airbnb; <\/li> <li>Dos variantes de escenarios de rechazo de solicitud de revisi\u00f3n: mostrar un mensaje de texto o eliminar el bot\u00f3n. <\/li> <\/ul><p><a href=\"#demo\">Para conocer todas las funciones, vea la demostraci\u00f3n en vivo<\/a><\/p> <\/div> <div class=\"application-platform-content-item-installation application-platform-content-item\" id=\"installation\" data-nav-section=\"installation\"> <h2>Vea c\u00f3mo insertar las Rese\u00f1as de Airbnb en su tienda Shopify<\/h2><div class=\"video-container\"><iframe width=\"720\" height=\"405\" src=\"https:\/\/www.youtube.com\/embed\/Vqjc4zTq7ZI\" frameborder=\"0\"><\/iframe><\/div><p>Los pasos a continuaci\u00f3n son lo \u00fanico que necesita para realizar una demostraci\u00f3n. <\/p> <ol><li><b>Administra nuestro editor gratuito y comienza a crear tu aplicaci\u00f3n personalizada. <\/b><br> Encuentre la disposici\u00f3n preferible y las caracter\u00edsticas funcionales de la aplicaci\u00f3n y guarde todas las ediciones. <\/li> <li><b>Copia tu c\u00f3digo \u00fanico que aparece en el cuadro de Elfsight Apps. <\/b><br> Tan pronto como finalice el establecimiento de su aplicaci\u00f3n, copie el c\u00f3digo personal de la ventana que aparece y gu\u00e1rdelo para ocasiones posteriores. <\/li> <li><b>Empieza a usar la aplicaci\u00f3n en tu sitio Shopify. <\/b><br>Integra el c\u00f3digo que has copiado anteriormente en tu sitio web y aplica las modificaciones. <\/li> <li><b>\u00a1Ya terminaste! La integraci\u00f3n se realiza por completo. <\/b><br> Vaya a su sitio para ver el rendimiento de la aplicaci\u00f3n. <\/li><\/ol><p>\u00bfA\u00fan no te decides? \u00bfO tienes preguntas? Simplemente env\u00ede una solicitud a nuestro departamento de atenci\u00f3n al cliente y resolver\u00e1 cualquier problema. <\/p> <\/div>","protected":false},"excerpt":{"rendered":"","protected":false},"author":9,"featured_media":0,"parent":438,"menu_order":0,"comment_status":"closed","ping_status":"closed","template":"templates\/template-application-platform.php","meta":{"publish_to_discourse":"","publish_post_category":"","wpdc_auto_publish_overridden":"","wpdc_topic_tags":"","wpdc_pin_topic":"","wpdc_pin_until":"","discourse_post_id":"","discourse_permalink":"","wpdc_publishing_response":"","wpdc_publishing_error":"","footnotes":""},"class_list":["post-8819","page","type-page","status-publish","hentry"],"yoast_head":"<!-- This site is optimized with the Yoast SEO plugin v25.3.1 - https:\/\/yoast.com\/wordpress\/plugins\/seo\/ -->\n<title>Inserta rese\u00f1as de Airbnb en tu sitio web de Shopify (f\u00e1cil y r\u00e1pido)<\/title>\n<meta name=\"description\" content=\"Es absolutamente sencillo darle forma a tu widget de Rese\u00f1as de Airbnb y publicarlo en tu tienda Shopify. La atenci\u00f3n al cliente de Elfsight es gratuita.\" \/>\n<meta name=\"robots\" content=\"index, follow, max-snippet:-1, max-image-preview:large, max-video-preview:-1\" \/>\n<link rel=\"canonical\" href=\"https:\/\/elfsight.com\/es\/airbnb-reviews-widget\/shopify\/\" \/>\n<meta property=\"og:locale\" content=\"es_ES\" \/>\n<meta property=\"og:type\" content=\"article\" \/>\n<meta property=\"og:title\" content=\"Inserta rese\u00f1as de Airbnb en tu sitio web de Shopify (f\u00e1cil y r\u00e1pido)\" \/>\n<meta property=\"og:description\" content=\"Es absolutamente sencillo darle forma a tu widget de Rese\u00f1as de Airbnb y publicarlo en tu tienda Shopify. La atenci\u00f3n al cliente de Elfsight es gratuita.\" \/>\n<meta property=\"og:url\" content=\"https:\/\/elfsight.com\/es\/airbnb-reviews-widget\/shopify\/\" \/>\n<meta property=\"og:site_name\" content=\"Elfsight ES\" \/>\n<meta property=\"article:modified_time\" content=\"2025-02-06T15:29:53+00:00\" \/>\n<meta name=\"twitter:card\" content=\"summary_large_image\" \/>\n<meta name=\"twitter:label1\" content=\"Tiempo de lectura\" \/>\n\t<meta name=\"twitter:data1\" content=\"3 minutos\" \/>\n<!-- \/ Yoast SEO plugin. -->","yoast_head_json":{"title":"Inserta rese\u00f1as de Airbnb en tu sitio web de Shopify (f\u00e1cil y r\u00e1pido)","description":"Es absolutamente sencillo darle forma a tu widget de Rese\u00f1as de Airbnb y publicarlo en tu tienda Shopify. La atenci\u00f3n al cliente de Elfsight es gratuita.","robots":{"index":"index","follow":"follow","max-snippet":"max-snippet:-1","max-image-preview":"max-image-preview:large","max-video-preview":"max-video-preview:-1"},"canonical":"https:\/\/elfsight.com\/es\/airbnb-reviews-widget\/shopify\/","og_locale":"es_ES","og_type":"article","og_title":"Inserta rese\u00f1as de Airbnb en tu sitio web de Shopify (f\u00e1cil y r\u00e1pido)","og_description":"Es absolutamente sencillo darle forma a tu widget de Rese\u00f1as de Airbnb y publicarlo en tu tienda Shopify. La atenci\u00f3n al cliente de Elfsight es gratuita.","og_url":"https:\/\/elfsight.com\/es\/airbnb-reviews-widget\/shopify\/","og_site_name":"Elfsight ES","article_modified_time":"2025-02-06T15:29:53+00:00","twitter_card":"summary_large_image","twitter_misc":{"Tiempo de lectura":"3 minutos"},"schema":{"@context":"https:\/\/schema.org","@graph":[{"@type":"WebPage","@id":"https:\/\/elfsight.com\/es\/airbnb-reviews-widget\/shopify\/","url":"https:\/\/elfsight.com\/es\/airbnb-reviews-widget\/shopify\/","name":"Inserta rese\u00f1as de Airbnb en tu sitio web de Shopify (f\u00e1cil y r\u00e1pido)","isPartOf":{"@id":"https:\/\/elfsight.com\/es\/#website"},"datePublished":"1970-01-01T00:00:00+00:00","dateModified":"2025-02-06T15:29:53+00:00","description":"Es absolutamente sencillo darle forma a tu widget de Rese\u00f1as de Airbnb y publicarlo en tu tienda Shopify. La atenci\u00f3n al cliente de Elfsight es gratuita.","breadcrumb":{"@id":"https:\/\/elfsight.com\/es\/airbnb-reviews-widget\/shopify\/#breadcrumb"},"inLanguage":"es","potentialAction":[{"@type":"ReadAction","target":["https:\/\/elfsight.com\/es\/airbnb-reviews-widget\/shopify\/"]}]},{"@type":"BreadcrumbList","@id":"https:\/\/elfsight.com\/es\/airbnb-reviews-widget\/shopify\/#breadcrumb","itemListElement":[{"@type":"ListItem","position":1,"name":"Home","item":"https:\/\/elfsight.com\/es\/"},{"@type":"ListItem","position":2,"name":"Airbnb Reviews","item":"https:\/\/elfsight.com\/es\/airbnb-reviews-widget\/"},{"@type":"ListItem","position":3,"name":"Airbnb Reviews &#8211; Shopify"}]},{"@type":"WebSite","@id":"https:\/\/elfsight.com\/es\/#website","url":"https:\/\/elfsight.com\/es\/","name":"Elfsight ES","description":"Just another Elfsight Sites site","potentialAction":[{"@type":"SearchAction","target":{"@type":"EntryPoint","urlTemplate":"https:\/\/elfsight.com\/es\/?s={search_term_string}"},"query-input":{"@type":"PropertyValueSpecification","valueRequired":true,"valueName":"search_term_string"}}],"inLanguage":"es"}]}},"meta_box":{"industry":"","seo_heading":"","heading":"","description":"","cta_heading":"","cta_description":"","application":"437","h1":"Shopify Rese\u00f1as de Airbnb","h1_caption":"Agregue las rese\u00f1as de usuarios m\u00e1s atractivas de Airbnb en su sitio","application_category":[],"applications_title":"","applications_request_title":"","applications_request_button_text":"","hero_text":"","hero_video":"","hero_video_schema_markup":"","selling_points_title":"","selling_points_caption":"","selling_points":[],"selling_points_cta_text":"","features_title":"","features":"","ed_cta_examples_text":"","ed_cta_examples_hidden":"","ed_cta_demo_text":"","ed_cta_demo_hidden":"","why_caption":"","why_editor_title":"","why_editor_text":"","why_team_title":"","why_team_text":"","why_service_title":"","why_service_text":"","template_catalog_visible":"","template_catalog_title":"","template_catalog_text":"","template_catalog_categories_visible":"","demo_title":"Crea tu aplicaci\u00f3n de rese\u00f1as de Airbnb","demo_caption":"\u00a1Configura tus rese\u00f1as de Airbnb y agr\u00e9galas a tu sitio web de Shopify gratis!","default_faq_hidden":"","app_template_category":[],"platform":"91","template_public_id":"","codecanyon_url":"","codecanyon_item_id":"","codecanyon_price":"","pricing_caption":"","pricing_elfsight_apps_hide_column":"","pricing_elfsight_apps_url":"","pricing_codecanyon_price_caption":"","integration_category":[],"integration_request_title":"","integration_request_cta":"","integration_platform":"","integrations":[],"platform_category":[],"video_schema_markup":"","price":"desde $0 \/ mes","trial":"","benefits":[{"text":"Servicio de instalaci\u00f3n gratuito"},{"text":"Soporte premium"},{"text":"Garant\u00eda de devoluci\u00f3n de dinero de 14 d\u00edas"},{"text":"Actualizaciones gratuitas continuas"}],"button_url":"#demo","button_target_blank":"","button_nofollow":"","attributes":[{"name":"Instalaciones","content":"10,000 - 100,000"},{"name":"Sensible","content":"S\u00ed"},{"name":"Navegadores compatibles","content":"Firefox, Safari, Opera, Chrome, Edge"}],"tags":[],"tags_disable_links":"","hide_more_platforms":"","video_object":"","demo_hide_cta":"","demo_hide_cloud_options":"","pricing_title":"","pricing":[{"pricing_icon":"cloud","pricing_title":"Elfsight Apps","pricing_title_caption":"Versi\u00f3n multiplataforma que funciona en cualquier sitio web.","pricing_price":"desde $0 \/ mes","pricing_price_caption":"comienza con el plan gratuito","pricing_benefits":[{"text":"Sitios web ilimitados"},{"text":"Soporte premium"},{"text":"Servicio de instalaci\u00f3n gratuito"},{"text":"Oferta especial para m\u00faltiples aplicaciones."}],"pricing_button_text":"A\u00f1adir al sitio web","pricing_button_url":"#demo"}],"related_apps_title":"","related_apps_hidden":"","author":"","image":[],"title":"","job":"","social_networks":[]},"_links":{"self":[{"href":"https:\/\/elfsight.com\/es\/wp-json\/wp\/v2\/pages\/8819","targetHints":{"allow":["GET"]}}],"collection":[{"href":"https:\/\/elfsight.com\/es\/wp-json\/wp\/v2\/pages"}],"about":[{"href":"https:\/\/elfsight.com\/es\/wp-json\/wp\/v2\/types\/page"}],"author":[{"embeddable":true,"href":"https:\/\/elfsight.com\/es\/wp-json\/wp\/v2\/users\/9"}],"replies":[{"embeddable":true,"href":"https:\/\/elfsight.com\/es\/wp-json\/wp\/v2\/comments?post=8819"}],"version-history":[{"count":2,"href":"https:\/\/elfsight.com\/es\/wp-json\/wp\/v2\/pages\/8819\/revisions"}],"predecessor-version":[{"id":18384,"href":"https:\/\/elfsight.com\/es\/wp-json\/wp\/v2\/pages\/8819\/revisions\/18384"}],"up":[{"embeddable":true,"href":"https:\/\/elfsight.com\/es\/wp-json\/wp\/v2\/pages\/438"}],"wp:attachment":[{"href":"https:\/\/elfsight.com\/es\/wp-json\/wp\/v2\/media?parent=8819"}],"curies":[{"name":"wp","href":"https:\/\/api.w.org\/{rel}","templated":true}]}}