{"id":8813,"date":"1970-01-01T00:00:00","date_gmt":"1970-01-01T00:00:00","guid":{"rendered":"https:\/\/elfsight.com\/es\/?page_id=8813"},"modified":"2025-02-06T15:30:05","modified_gmt":"2025-02-06T15:30:05","slug":"opencart","status":"publish","type":"page","link":"https:\/\/elfsight.com\/es\/airbnb-reviews-widget\/opencart\/","title":{"rendered":"Airbnb Reviews &#8211; OpenCart"},"content":{"rendered":"<div class=\"application-platform-content-item-description application-platform-content-item\" id=\"description\" data-nav-section=\"description\"> <h2>Descripci\u00f3n<\/h2> <p>Si desea revelar su aprecio entre los clientes y convencer a los visitantes del sitio de que a sus invitados les encanta visitar su lugar, el widget Elfsight Airbnb Reviews har\u00e1 el trabajo. Con este widget, demostrar\u00e1 f\u00e1cilmente las opiniones de los clientes de Airbnb en su sitio web con detalles sobre sus autores, puede usar filtros para mostrar solo las mejores, agregar calificaciones y un bot\u00f3n activo, que llevar\u00e1 a los usuarios a su cuenta de Airbnb, donde podr\u00e1n compartir una nueva opini\u00f3n. <\/p> <div class=\"faq\" data-component=\"FAQ\"><div class=\"faq-item\">\r\n\t\t\t\t\t<div class=\"faq-item-question\">\r\n\t\t\t\t\t\t<h3 class=\"faq-item-question-text\">\u00bfD\u00f3nde puedo publicar el widget en mi sitio?<\/h3>\r\n\r\n\t\t\t\t\t\t<div class=\"faq-item-question-icon\"><\/div>\r\n\t\t\t\t\t<\/div>\r\n\r\n\t\t\t\t\t<div class=\"faq-item-answer\">\r\n\t\t\t\t\t\t<div class=\"faq-item-answer-text\"> <p>Puede pegar el widget de revisi\u00f3n en cualquier p\u00e1gina del sitio web o colocarlo en la plantilla del sitio y aparecer\u00e1 en todas las p\u00e1ginas. Las rese\u00f1as son efectivas en las p\u00e1ginas de productos o en la p\u00e1gina Acerca de nosotros, los lugares donde le gustar\u00eda impresionar a los usuarios con su alta calificaci\u00f3n. <\/p> <\/div>\r\n\t\t\t\t\t<\/div>\r\n\t\t\t\t<\/div><div class=\"faq-item\">\r\n\t\t\t\t\t<div class=\"faq-item-question\">\r\n\t\t\t\t\t\t<h3 class=\"faq-item-question-text\">\u00bfC\u00f3mo me beneficio de este complemento?<\/h3>\r\n\r\n\t\t\t\t\t\t<div class=\"faq-item-question-icon\"><\/div>\r\n\t\t\t\t\t<\/div>\r\n\r\n\t\t\t\t\t<div class=\"faq-item-answer\">\r\n\t\t\t\t\t\t<div class=\"faq-item-answer-text\"> <p>Las rese\u00f1as dejadas por personas reales parecen cre\u00edbles para los usuarios de su sitio y les muestran que su empresa es confiable. Una calificaci\u00f3n alta y excelentes impresiones pueden ayudar a impulsar las ventas de su sitio web. Adem\u00e1s, el bot\u00f3n activo puede contribuir a que m\u00e1s usuarios escriban opiniones sobre su negocio en Airbnb. <\/p> <\/div>\r\n\t\t\t\t\t<\/div>\r\n\t\t\t\t<\/div> <div class=\"faq-item\">\r\n\t\t\t\t\t<div class=\"faq-item-question\">\r\n\t\t\t\t\t\t<h3 class=\"faq-item-question-text\">\u00bfQu\u00e9 necesito para insertar rese\u00f1as de Airbnb en mi sitio web OpenCart?<\/h3>\r\n\r\n\t\t\t\t\t\t<div class=\"faq-item-question-icon\"><\/div>\r\n\t\t\t\t\t<\/div>\r\n\r\n\t\t\t\t\t<div class=\"faq-item-answer\">\r\n\t\t\t\t\t\t<div class=\"faq-item-answer-text\"> <p>Solo toma tres minutos tener el widget en funcionamiento. La integraci\u00f3n es realmente r\u00e1pida, gratuita y sin codificaci\u00f3n. <\/p> <ol><li>Existe una opci\u00f3n para colocar el widget en la p\u00e1gina web a trav\u00e9s de nuestro servicio. Simplemente use la gu\u00eda a continuaci\u00f3n en esta p\u00e1gina. <\/li> <li>El widget se puede introducir a trav\u00e9s de nuestro servicio o a trav\u00e9s del mercado. Puede conocer todos los detalles de estas opciones y elegir una m\u00e1s adecuada. <\/li> <\/ol> <\/div>\r\n\t\t\t\t\t<\/div>\r\n\t\t\t\t<\/div> <\/div> <\/div> <div class=\"application-platform-content-item-features application-platform-content-item\" id=\"features\" data-nav-section=\"features\"> <h2>Caracter\u00edsticas<\/h2> <p>Para lograr un mejor conocimiento de las Opiniones de Airbnb, descubre la lista de sus caracter\u00edsticas esenciales. Hacen que el widget sea lo m\u00e1s beneficioso para su sitio web: <\/p> <ul> <li>Cuatro dise\u00f1os listos para usar: Lista, Cuadr\u00edcula, Mamposter\u00eda y Control deslizante; <\/li> <li>El bot\u00f3n activo para agregar otra rese\u00f1a dirige a las personas a la p\u00e1gina de Airbnb; <\/li> <li>Dos opciones de escenarios de rechazo de solicitud de revisi\u00f3n: revelar su mensaje u ocultar el bot\u00f3n. <\/li> <\/ul><p><a href=\"#demo\">Para ver una lista completa de funciones, vea nuestra demostraci\u00f3n en vivo<\/a><\/p> <\/div> <div class=\"application-platform-content-item-installation application-platform-content-item\" id=\"installation\" data-nav-section=\"installation\"> <h2>Vea c\u00f3mo insertar las Rese\u00f1as de Airbnb en su sitio web OpenCart<\/h2> <p> Un par de acciones sencillas son lo \u00fanico que necesita para tener activo el widget de Rese\u00f1as de Airbnb. <\/p> <ol><li><b>Realice nuestra demostraci\u00f3n gratuita y comience a darle forma a su extensi\u00f3n de Rese\u00f1as personalizada. <\/b><br> Determine el arreglo seleccionado y la interpretaci\u00f3n de la extensi\u00f3n y guarde todas las ediciones. <\/li> <li><b>Adquiera el c\u00f3digo \u00fanico que se muestra en el cuadro de Elfsight Apps. <\/b><br> Tan pronto como se complete la creaci\u00f3n de su extensi\u00f3n, copie su c\u00f3digo en el cuadro que aparece y gu\u00e1rdelo para su uso posterior. <\/li> <li><b>Iniciar el empleo de la extensi\u00f3n en el sitio OpenCart. <\/b><br> Pega el c\u00f3digo guardado anteriormente en tu sitio web y aplica los ajustes. <\/li> <li><b>\u00a1Ya terminaste! La incrustaci\u00f3n se realiza con \u00e9xito. <\/b><br>Abre tu p\u00e1gina web para ver el trabajo de la extensi\u00f3n. <\/li><\/ol><p>\u00bfA\u00fan no te has decidido? \u00bfO tropez\u00f3 con algo? Una sola solicitud a nuestro equipo de soporte ayudar\u00e1 con cada problema. <\/p> <\/div>","protected":false},"excerpt":{"rendered":"","protected":false},"author":9,"featured_media":0,"parent":438,"menu_order":0,"comment_status":"closed","ping_status":"closed","template":"templates\/template-application-platform.php","meta":{"publish_to_discourse":"","publish_post_category":"","wpdc_auto_publish_overridden":"","wpdc_topic_tags":"","wpdc_pin_topic":"","wpdc_pin_until":"","discourse_post_id":"","discourse_permalink":"","wpdc_publishing_response":"","wpdc_publishing_error":"","footnotes":""},"class_list":["post-8813","page","type-page","status-publish","hentry"],"yoast_head":"<!-- This site is optimized with the Yoast SEO plugin v25.3.1 - https:\/\/yoast.com\/wordpress\/plugins\/seo\/ -->\n<title>Inserte rese\u00f1as de Airbnb en su sitio web OpenCart (2025)<\/title>\n<meta name=\"description\" content=\"Es muy f\u00e1cil dise\u00f1ar su widget de Rese\u00f1as de Airbnb y mostrarlo en su sitio OpenCart. La atenci\u00f3n al cliente de Elfsight es gratuita.\" \/>\n<meta name=\"robots\" content=\"index, follow, max-snippet:-1, max-image-preview:large, max-video-preview:-1\" \/>\n<link rel=\"canonical\" href=\"https:\/\/elfsight.com\/es\/airbnb-reviews-widget\/opencart\/\" \/>\n<meta property=\"og:locale\" content=\"es_ES\" \/>\n<meta property=\"og:type\" content=\"article\" \/>\n<meta property=\"og:title\" content=\"Inserte rese\u00f1as de Airbnb en su sitio web OpenCart (2025)\" \/>\n<meta property=\"og:description\" content=\"Es muy f\u00e1cil dise\u00f1ar su widget de Rese\u00f1as de Airbnb y mostrarlo en su sitio OpenCart. La atenci\u00f3n al cliente de Elfsight es gratuita.\" \/>\n<meta property=\"og:url\" content=\"https:\/\/elfsight.com\/es\/airbnb-reviews-widget\/opencart\/\" \/>\n<meta property=\"og:site_name\" content=\"Elfsight ES\" \/>\n<meta property=\"article:modified_time\" content=\"2025-02-06T15:30:05+00:00\" \/>\n<meta name=\"twitter:card\" content=\"summary_large_image\" \/>\n<meta name=\"twitter:label1\" content=\"Tiempo de lectura\" \/>\n\t<meta name=\"twitter:data1\" content=\"3 minutos\" \/>\n<!-- \/ Yoast SEO plugin. -->","yoast_head_json":{"title":"Inserte rese\u00f1as de Airbnb en su sitio web OpenCart (2025)","description":"Es muy f\u00e1cil dise\u00f1ar su widget de Rese\u00f1as de Airbnb y mostrarlo en su sitio OpenCart. La atenci\u00f3n al cliente de Elfsight es gratuita.","robots":{"index":"index","follow":"follow","max-snippet":"max-snippet:-1","max-image-preview":"max-image-preview:large","max-video-preview":"max-video-preview:-1"},"canonical":"https:\/\/elfsight.com\/es\/airbnb-reviews-widget\/opencart\/","og_locale":"es_ES","og_type":"article","og_title":"Inserte rese\u00f1as de Airbnb en su sitio web OpenCart (2025)","og_description":"Es muy f\u00e1cil dise\u00f1ar su widget de Rese\u00f1as de Airbnb y mostrarlo en su sitio OpenCart. La atenci\u00f3n al cliente de Elfsight es gratuita.","og_url":"https:\/\/elfsight.com\/es\/airbnb-reviews-widget\/opencart\/","og_site_name":"Elfsight ES","article_modified_time":"2025-02-06T15:30:05+00:00","twitter_card":"summary_large_image","twitter_misc":{"Tiempo de lectura":"3 minutos"},"schema":{"@context":"https:\/\/schema.org","@graph":[{"@type":"WebPage","@id":"https:\/\/elfsight.com\/es\/airbnb-reviews-widget\/opencart\/","url":"https:\/\/elfsight.com\/es\/airbnb-reviews-widget\/opencart\/","name":"Inserte rese\u00f1as de Airbnb en su sitio web OpenCart (2025)","isPartOf":{"@id":"https:\/\/elfsight.com\/es\/#website"},"datePublished":"1970-01-01T00:00:00+00:00","dateModified":"2025-02-06T15:30:05+00:00","description":"Es muy f\u00e1cil dise\u00f1ar su widget de Rese\u00f1as de Airbnb y mostrarlo en su sitio OpenCart. La atenci\u00f3n al cliente de Elfsight es gratuita.","breadcrumb":{"@id":"https:\/\/elfsight.com\/es\/airbnb-reviews-widget\/opencart\/#breadcrumb"},"inLanguage":"es","potentialAction":[{"@type":"ReadAction","target":["https:\/\/elfsight.com\/es\/airbnb-reviews-widget\/opencart\/"]}]},{"@type":"BreadcrumbList","@id":"https:\/\/elfsight.com\/es\/airbnb-reviews-widget\/opencart\/#breadcrumb","itemListElement":[{"@type":"ListItem","position":1,"name":"Home","item":"https:\/\/elfsight.com\/es\/"},{"@type":"ListItem","position":2,"name":"Airbnb Reviews","item":"https:\/\/elfsight.com\/es\/airbnb-reviews-widget\/"},{"@type":"ListItem","position":3,"name":"Airbnb Reviews &#8211; OpenCart"}]},{"@type":"WebSite","@id":"https:\/\/elfsight.com\/es\/#website","url":"https:\/\/elfsight.com\/es\/","name":"Elfsight ES","description":"Just another Elfsight Sites site","potentialAction":[{"@type":"SearchAction","target":{"@type":"EntryPoint","urlTemplate":"https:\/\/elfsight.com\/es\/?s={search_term_string}"},"query-input":{"@type":"PropertyValueSpecification","valueRequired":true,"valueName":"search_term_string"}}],"inLanguage":"es"}]}},"meta_box":{"industry":"","seo_heading":"","heading":"","description":"","cta_heading":"","cta_description":"","application":"437","h1":"Rese\u00f1as de Airbnb en OpenCart","h1_caption":"Integre las opiniones de usuarios m\u00e1s atractivas de Airbnb en su sitio web","application_category":[],"applications_title":"","applications_request_title":"","applications_request_button_text":"","hero_text":"","hero_video":"","hero_video_schema_markup":"","selling_points_title":"","selling_points_caption":"","selling_points":[],"selling_points_cta_text":"","features_title":"","features":"","ed_cta_examples_text":"","ed_cta_examples_hidden":"","ed_cta_demo_text":"","ed_cta_demo_hidden":"","why_caption":"","why_editor_title":"","why_editor_text":"","why_team_title":"","why_team_text":"","why_service_title":"","why_service_text":"","template_catalog_visible":"","template_catalog_title":"","template_catalog_text":"","template_catalog_categories_visible":"","demo_title":"Crea tu extensi\u00f3n de Rese\u00f1as de Airbnb","demo_caption":"\u00a1Configure sus rese\u00f1as de Airbnb y agr\u00e9guelas a su sitio web OpenCart de forma gratuita!","default_faq_hidden":"","app_template_category":[],"platform":"88","template_public_id":"","codecanyon_url":"","codecanyon_item_id":"","codecanyon_price":"","pricing_caption":"","pricing_elfsight_apps_hide_column":"","pricing_elfsight_apps_url":"","pricing_codecanyon_price_caption":"","integration_category":[],"integration_request_title":"","integration_request_cta":"","integration_platform":"","integrations":[],"platform_category":[],"video_schema_markup":"","price":"desde $0 \/ mes","trial":"","benefits":[{"text":"Servicio de instalaci\u00f3n gratuito"},{"text":"Servicio al cliente profesional"},{"text":"Garant\u00eda de reembolso de 14 d\u00edas"},{"text":"Actualizaciones gratuitas continuas"}],"button_url":"#demo","button_target_blank":"","button_nofollow":"","attributes":[{"name":"Instalaciones","content":"10,000 - 100,000"},{"name":"Sensible","content":"S\u00ed"},{"name":"Navegadores compatibles","content":"Safari, Firefox, Opera, Edge, Chrome"}],"tags":[],"tags_disable_links":"","hide_more_platforms":"","video_object":"","demo_hide_cta":"","demo_hide_cloud_options":"","pricing_title":"","pricing":[{"pricing_icon":"platform","pricing_title":"Elfsight Apps","pricing_title_caption":"Versi\u00f3n independiente de plataforma que se adapta a cualquier sitio web","pricing_price":"desde $0 \/ mes","pricing_price_caption":"comienza con el plan gratuito","pricing_benefits":[{"text":"Sitios web ilimitados"},{"text":"Soporte profesional de la empresa"},{"text":"Servicio de instalaci\u00f3n gratuito"},{"text":"Dise\u00f1o flexible"}],"pricing_button_text":"A\u00f1adir al sitio web","pricing_button_url":"#demo"}],"related_apps_title":"","related_apps_hidden":"","author":"","image":[],"title":"","job":"","social_networks":[]},"_links":{"self":[{"href":"https:\/\/elfsight.com\/es\/wp-json\/wp\/v2\/pages\/8813","targetHints":{"allow":["GET"]}}],"collection":[{"href":"https:\/\/elfsight.com\/es\/wp-json\/wp\/v2\/pages"}],"about":[{"href":"https:\/\/elfsight.com\/es\/wp-json\/wp\/v2\/types\/page"}],"author":[{"embeddable":true,"href":"https:\/\/elfsight.com\/es\/wp-json\/wp\/v2\/users\/9"}],"replies":[{"embeddable":true,"href":"https:\/\/elfsight.com\/es\/wp-json\/wp\/v2\/comments?post=8813"}],"version-history":[{"count":2,"href":"https:\/\/elfsight.com\/es\/wp-json\/wp\/v2\/pages\/8813\/revisions"}],"predecessor-version":[{"id":18386,"href":"https:\/\/elfsight.com\/es\/wp-json\/wp\/v2\/pages\/8813\/revisions\/18386"}],"up":[{"embeddable":true,"href":"https:\/\/elfsight.com\/es\/wp-json\/wp\/v2\/pages\/438"}],"wp:attachment":[{"href":"https:\/\/elfsight.com\/es\/wp-json\/wp\/v2\/media?parent=8813"}],"curies":[{"name":"wp","href":"https:\/\/api.w.org\/{rel}","templated":true}]}}