{"id":8811,"date":"1970-01-01T00:00:00","date_gmt":"1970-01-01T00:00:00","guid":{"rendered":"https:\/\/elfsight.com\/es\/?page_id=8811"},"modified":"2025-02-06T15:30:05","modified_gmt":"2025-02-06T15:30:05","slug":"magento","status":"publish","type":"page","link":"https:\/\/elfsight.com\/es\/airbnb-reviews-widget\/magento\/","title":{"rendered":"Airbnb Reviews &#8211; Magento"},"content":{"rendered":"<div class=\"application-platform-content-item-description application-platform-content-item\" id=\"description\" data-nav-section=\"description\"> <h2>Descripci\u00f3n<\/h2> <p>Si necesita mostrar la alta valoraci\u00f3n que tiene por parte de los clientes y convencer a los visitantes del sitio web de que vale la pena quedarse en su lugar, el widget Elfsight Airbnb Reviews se adapta perfectamente a sus necesidades. Con nuestra herramienta, insertar\u00e1 r\u00e1pidamente rese\u00f1as de clientes de Airbnb en su sitio web con informaci\u00f3n sobre sus autores, las filtrar\u00e1 para mostrar solo positivas, mostrar\u00e1 calificaciones y un bot\u00f3n de solicitud de rese\u00f1a, que llevar\u00e1 a los usuarios a su cuenta de Airbnb, para que puedan compartir una rese\u00f1a m\u00e1s. <\/p> <div class=\"faq\" data-component=\"FAQ\"><div class=\"faq-item\">\r\n\t\t\t\t\t<div class=\"faq-item-question\">\r\n\t\t\t\t\t\t<h3 class=\"faq-item-question-text\">\u00bfD\u00f3nde puedo agregar el widget?<\/h3>\r\n\r\n\t\t\t\t\t\t<div class=\"faq-item-question-icon\"><\/div>\r\n\t\t\t\t\t<\/div>\r\n\r\n\t\t\t\t\t<div class=\"faq-item-answer\">\r\n\t\t\t\t\t\t<div class=\"faq-item-answer-text\"> <p>Nuestro widget se puede incrustar en cualquier p\u00e1gina donde desee mostrar su gran aprecio y popularidad entre los clientes. Si lo necesita en todas las p\u00e1ginas del sitio, puede pegarlo f\u00e1cilmente en la plantilla del sitio web. <\/p> <\/div>\r\n\t\t\t\t\t<\/div>\r\n\t\t\t\t<\/div><div class=\"faq-item\">\r\n\t\t\t\t\t<div class=\"faq-item-question\">\r\n\t\t\t\t\t\t<h3 class=\"faq-item-question-text\">\u00bfC\u00f3mo me beneficiar\u00eda las rese\u00f1as de Airbnb?<\/h3>\r\n\r\n\t\t\t\t\t\t<div class=\"faq-item-question-icon\"><\/div>\r\n\t\t\t\t\t<\/div>\r\n\r\n\t\t\t\t\t<div class=\"faq-item-answer\">\r\n\t\t\t\t\t\t<div class=\"faq-item-answer-text\"> <p>Las rese\u00f1as de personas reales son perfectamente confiables para los visitantes de su sitio y les indican que su empresa es confiable. Una calificaci\u00f3n alta y buenas impresiones pueden ayudar a aumentar el nivel de ventas de su sitio web. Adem\u00e1s, el bot\u00f3n de redireccionamiento puede contribuir a tener m\u00e1s opiniones de clientes sobre su negocio en Airbnb. <\/p> <\/div>\r\n\t\t\t\t\t<\/div>\r\n\t\t\t\t<\/div> <div class=\"faq-item\">\r\n\t\t\t\t\t<div class=\"faq-item-question\">\r\n\t\t\t\t\t\t<h3 class=\"faq-item-question-text\">\u00bfQu\u00e9 necesito para agregar rese\u00f1as de Airbnb en mi sitio Magento?<\/h3>\r\n\r\n\t\t\t\t\t\t<div class=\"faq-item-question-icon\"><\/div>\r\n\t\t\t\t\t<\/div>\r\n\r\n\t\t\t\t\t<div class=\"faq-item-answer\">\r\n\t\t\t\t\t\t<div class=\"faq-item-answer-text\"> <p>Solo necesitar\u00e1s un par de minutos para insertar el widget. El proceso es s\u00faper r\u00e1pido, gratuito y sin codificaci\u00f3n. <\/p> <ol><li>Puedes pegar Rese\u00f1as de Airbnb en tu sitio web directamente a trav\u00e9s de nuestro servicio. Simplemente consulte las instrucciones a continuaci\u00f3n en esta p\u00e1gina. <\/li> <li>Las rese\u00f1as de Airbnb de Elfsight se pueden insertar directamente en nuestro servicio o a trav\u00e9s del mercado. Puedes comparar las dos variantes y elegir la tuya. <\/li> <\/ol> <\/div>\r\n\t\t\t\t\t<\/div>\r\n\t\t\t\t<\/div> <\/div> <\/div> <div class=\"application-platform-content-item-features application-platform-content-item\" id=\"features\" data-nav-section=\"features\"> <h2>Caracter\u00edsticas<\/h2> <p>Para formarse una percepci\u00f3n m\u00e1s clara del widget, consulte la lista de sus funciones m\u00e1s destacadas. Hacen que nuestro widget sea realmente efectivo para tu tienda: <\/p> <ul> <li>4 tipos de dise\u00f1os: Lista, Cuadr\u00edcula, Mamposter\u00eda y Control deslizante; <\/li> <li>Una opci\u00f3n para mostrar u ocultar el encabezado del widget; <\/li> <li>Dos opciones de escenarios de rechazo de solicitud de revisi\u00f3n: mostrar su mensaje o eliminar el bot\u00f3n. <\/li> <\/ul><p><a href=\"#demo\">Para descubrir todas las funciones, vea nuestra demostraci\u00f3n<\/a><\/p> <\/div> <div class=\"application-platform-content-item-installation application-platform-content-item\" id=\"installation\" data-nav-section=\"installation\"> <h2>Descubra c\u00f3mo insertar las rese\u00f1as de Airbnb en su sitio web Magento<\/h2> <p>Las siguientes acciones son lo \u00fanico que debe hacer para comenzar a usar el widget. <\/p> <ol><li><b>Utilice nuestro configurador gratuito y comience a crear su extensi\u00f3n personalizada. <\/b><br> Determine la forma preferible y las especificaciones de la extensi\u00f3n y guarde todas las ediciones. <\/li> <li><b>Copia el c\u00f3digo \u00fanico que aparece en el cuadro de Elfsight Apps. <\/b><br> Una vez completada la generaci\u00f3n de su extensi\u00f3n personal, copie el c\u00f3digo exclusivo en la ventana emergente que aparece y gu\u00e1rdelo para usarlo m\u00e1s adelante. <\/li> <li><b>Inicie el uso de la extensi\u00f3n en su sitio web Magento. <\/b><br>Integre el c\u00f3digo que ha guardado anteriormente en su sitio y guarde las correcciones. <\/li> <li><b>La instalaci\u00f3n finaliz\u00f3 exitosamente. <\/b><br>Abre tu p\u00e1gina web para revisar el rendimiento de la extensi\u00f3n. <\/li><\/ol><p>\u00bfA\u00fan est\u00e1s inquieto? \u00bfO tropez\u00f3 con algo? Simplemente env\u00ede su solicitud a nuestro servicio de atenci\u00f3n al cliente y le ayudar\u00e1 con cada pregunta. <\/p> <\/div>","protected":false},"excerpt":{"rendered":"","protected":false},"author":9,"featured_media":0,"parent":438,"menu_order":0,"comment_status":"closed","ping_status":"closed","template":"templates\/template-application-platform.php","meta":{"publish_to_discourse":"","publish_post_category":"","wpdc_auto_publish_overridden":"","wpdc_topic_tags":"","wpdc_pin_topic":"","wpdc_pin_until":"","discourse_post_id":"","discourse_permalink":"","wpdc_publishing_response":"","wpdc_publishing_error":"","footnotes":""},"class_list":["post-8811","page","type-page","status-publish","hentry"],"yoast_head":"<!-- This site is optimized with the Yoast SEO plugin v25.3.1 - https:\/\/yoast.com\/wordpress\/plugins\/seo\/ -->\n<title>Inserte rese\u00f1as de Airbnb en su sitio web Magento (2025)<\/title>\n<meta name=\"description\" content=\"Aqu\u00ed tienes la posibilidad de crear un widget de Rese\u00f1as de Airbnb e incrustarlo en tu sitio web de Magento. Obtenga atenci\u00f3n al cliente gratuita y otras bonificaciones de Elfsight.\" \/>\n<meta name=\"robots\" content=\"index, follow, max-snippet:-1, max-image-preview:large, max-video-preview:-1\" \/>\n<link rel=\"canonical\" href=\"https:\/\/elfsight.com\/es\/airbnb-reviews-widget\/magento\/\" \/>\n<meta property=\"og:locale\" content=\"es_ES\" \/>\n<meta property=\"og:type\" content=\"article\" \/>\n<meta property=\"og:title\" content=\"Inserte rese\u00f1as de Airbnb en su sitio web Magento (2025)\" \/>\n<meta property=\"og:description\" content=\"Aqu\u00ed tienes la posibilidad de crear un widget de Rese\u00f1as de Airbnb e incrustarlo en tu sitio web de Magento. Obtenga atenci\u00f3n al cliente gratuita y otras bonificaciones de Elfsight.\" \/>\n<meta property=\"og:url\" content=\"https:\/\/elfsight.com\/es\/airbnb-reviews-widget\/magento\/\" \/>\n<meta property=\"og:site_name\" content=\"Elfsight ES\" \/>\n<meta property=\"article:modified_time\" content=\"2025-02-06T15:30:05+00:00\" \/>\n<meta name=\"twitter:card\" content=\"summary_large_image\" \/>\n<meta name=\"twitter:label1\" content=\"Tiempo de lectura\" \/>\n\t<meta name=\"twitter:data1\" content=\"3 minutos\" \/>\n<!-- \/ Yoast SEO plugin. -->","yoast_head_json":{"title":"Inserte rese\u00f1as de Airbnb en su sitio web Magento (2025)","description":"Aqu\u00ed tienes la posibilidad de crear un widget de Rese\u00f1as de Airbnb e incrustarlo en tu sitio web de Magento. Obtenga atenci\u00f3n al cliente gratuita y otras bonificaciones de Elfsight.","robots":{"index":"index","follow":"follow","max-snippet":"max-snippet:-1","max-image-preview":"max-image-preview:large","max-video-preview":"max-video-preview:-1"},"canonical":"https:\/\/elfsight.com\/es\/airbnb-reviews-widget\/magento\/","og_locale":"es_ES","og_type":"article","og_title":"Inserte rese\u00f1as de Airbnb en su sitio web Magento (2025)","og_description":"Aqu\u00ed tienes la posibilidad de crear un widget de Rese\u00f1as de Airbnb e incrustarlo en tu sitio web de Magento. Obtenga atenci\u00f3n al cliente gratuita y otras bonificaciones de Elfsight.","og_url":"https:\/\/elfsight.com\/es\/airbnb-reviews-widget\/magento\/","og_site_name":"Elfsight ES","article_modified_time":"2025-02-06T15:30:05+00:00","twitter_card":"summary_large_image","twitter_misc":{"Tiempo de lectura":"3 minutos"},"schema":{"@context":"https:\/\/schema.org","@graph":[{"@type":"WebPage","@id":"https:\/\/elfsight.com\/es\/airbnb-reviews-widget\/magento\/","url":"https:\/\/elfsight.com\/es\/airbnb-reviews-widget\/magento\/","name":"Inserte rese\u00f1as de Airbnb en su sitio web Magento (2025)","isPartOf":{"@id":"https:\/\/elfsight.com\/es\/#website"},"datePublished":"1970-01-01T00:00:00+00:00","dateModified":"2025-02-06T15:30:05+00:00","description":"Aqu\u00ed tienes la posibilidad de crear un widget de Rese\u00f1as de Airbnb e incrustarlo en tu sitio web de Magento. Obtenga atenci\u00f3n al cliente gratuita y otras bonificaciones de Elfsight.","breadcrumb":{"@id":"https:\/\/elfsight.com\/es\/airbnb-reviews-widget\/magento\/#breadcrumb"},"inLanguage":"es","potentialAction":[{"@type":"ReadAction","target":["https:\/\/elfsight.com\/es\/airbnb-reviews-widget\/magento\/"]}]},{"@type":"BreadcrumbList","@id":"https:\/\/elfsight.com\/es\/airbnb-reviews-widget\/magento\/#breadcrumb","itemListElement":[{"@type":"ListItem","position":1,"name":"Home","item":"https:\/\/elfsight.com\/es\/"},{"@type":"ListItem","position":2,"name":"Airbnb Reviews","item":"https:\/\/elfsight.com\/es\/airbnb-reviews-widget\/"},{"@type":"ListItem","position":3,"name":"Airbnb Reviews &#8211; Magento"}]},{"@type":"WebSite","@id":"https:\/\/elfsight.com\/es\/#website","url":"https:\/\/elfsight.com\/es\/","name":"Elfsight ES","description":"Just another Elfsight Sites site","potentialAction":[{"@type":"SearchAction","target":{"@type":"EntryPoint","urlTemplate":"https:\/\/elfsight.com\/es\/?s={search_term_string}"},"query-input":{"@type":"PropertyValueSpecification","valueRequired":true,"valueName":"search_term_string"}}],"inLanguage":"es"}]}},"meta_box":{"industry":"","seo_heading":"","heading":"","description":"","cta_heading":"","cta_description":"","application":"437","h1":"Magento Rese\u00f1as de Airbnb","h1_caption":"Integre las rese\u00f1as de usuarios m\u00e1s atractivas de Airbnb en su sitio web","application_category":[],"applications_title":"","applications_request_title":"","applications_request_button_text":"","hero_text":"","hero_video":"","hero_video_schema_markup":"","selling_points_title":"","selling_points_caption":"","selling_points":[],"selling_points_cta_text":"","features_title":"","features":"","ed_cta_examples_text":"","ed_cta_examples_hidden":"","ed_cta_demo_text":"","ed_cta_demo_hidden":"","why_caption":"","why_editor_title":"","why_editor_text":"","why_team_title":"","why_team_text":"","why_service_title":"","why_service_text":"","template_catalog_visible":"","template_catalog_title":"","template_catalog_text":"","template_catalog_categories_visible":"","demo_title":"Crea tu extensi\u00f3n de Rese\u00f1as de Airbnb","demo_caption":"\u00a1Configure sus rese\u00f1as de Airbnb y agr\u00e9guelas a su sitio web Magento de forma gratuita!","default_faq_hidden":"","app_template_category":[],"platform":"82","template_public_id":"","codecanyon_url":"","codecanyon_item_id":"","codecanyon_price":"","pricing_caption":"","pricing_elfsight_apps_hide_column":"","pricing_elfsight_apps_url":"","pricing_codecanyon_price_caption":"","integration_category":[],"integration_request_title":"","integration_request_cta":"","integration_platform":"","integrations":[],"platform_category":[],"video_schema_markup":"","price":"desde $0 \/ mes","trial":"","benefits":[{"text":"Servicio de instalaci\u00f3n gratuito"},{"text":"Soporte premium"},{"text":"Garant\u00eda de reembolso de 14 d\u00edas"},{"text":"Mejoras de por vida"}],"button_url":"#demo","button_target_blank":"","button_nofollow":"","attributes":[{"name":"Instalaciones","content":"10,000 - 100,000"},{"name":"Sensible","content":"S\u00ed"},{"name":"Navegadores compatibles","content":"Firefox, Safari, Opera, Chrome, Edge"}],"tags":[],"tags_disable_links":"","hide_more_platforms":"","video_object":"","demo_hide_cta":"","demo_hide_cloud_options":"","pricing_title":"","pricing":[{"pricing_icon":"platform","pricing_title":"Elfsight Apps","pricing_title_caption":"Versi\u00f3n multiplataforma que se adapta a cualquier sitio web","pricing_price":"desde $0 \/ mes","pricing_price_caption":"comienza con un plan gratuito","pricing_benefits":[{"text":"Dominios ilimitados"},{"text":"Soporte empresarial dedicado y bien documentado."},{"text":"Ayuda de instalaci\u00f3n gratuita"},{"text":"100% personalizable"}],"pricing_button_text":"A\u00f1adir al sitio web","pricing_button_url":"#demo"}],"related_apps_title":"","related_apps_hidden":"","author":"","image":[],"title":"","job":"","social_networks":[]},"_links":{"self":[{"href":"https:\/\/elfsight.com\/es\/wp-json\/wp\/v2\/pages\/8811","targetHints":{"allow":["GET"]}}],"collection":[{"href":"https:\/\/elfsight.com\/es\/wp-json\/wp\/v2\/pages"}],"about":[{"href":"https:\/\/elfsight.com\/es\/wp-json\/wp\/v2\/types\/page"}],"author":[{"embeddable":true,"href":"https:\/\/elfsight.com\/es\/wp-json\/wp\/v2\/users\/9"}],"replies":[{"embeddable":true,"href":"https:\/\/elfsight.com\/es\/wp-json\/wp\/v2\/comments?post=8811"}],"version-history":[{"count":2,"href":"https:\/\/elfsight.com\/es\/wp-json\/wp\/v2\/pages\/8811\/revisions"}],"predecessor-version":[{"id":18388,"href":"https:\/\/elfsight.com\/es\/wp-json\/wp\/v2\/pages\/8811\/revisions\/18388"}],"up":[{"embeddable":true,"href":"https:\/\/elfsight.com\/es\/wp-json\/wp\/v2\/pages\/438"}],"wp:attachment":[{"href":"https:\/\/elfsight.com\/es\/wp-json\/wp\/v2\/media?parent=8811"}],"curies":[{"name":"wp","href":"https:\/\/api.w.org\/{rel}","templated":true}]}}