{"id":8804,"date":"1970-01-01T00:00:00","date_gmt":"1970-01-01T00:00:00","guid":{"rendered":"https:\/\/elfsight.com\/es\/?page_id=8804"},"modified":"2025-02-06T15:30:14","modified_gmt":"2025-02-06T15:30:14","slug":"joomla","status":"publish","type":"page","link":"https:\/\/elfsight.com\/es\/airbnb-reviews-widget\/joomla\/","title":{"rendered":"Airbnb Reviews &#8211; Joomla"},"content":{"rendered":"<div class=\"application-platform-content-item-description application-platform-content-item\" id=\"description\" data-nav-section=\"description\"> <h2>Descripci\u00f3n<\/h2> <p>Si desea revelar la alta valoraci\u00f3n que tiene por parte de los clientes y convencer a los visitantes del sitio web de que sus ofertas tienen una buena relaci\u00f3n calidad-precio, Elfsight Airbnb Reviews es exactamente lo que necesita. Con nuestro widget, podr\u00e1 colocar rese\u00f1as de clientes de Airbnb en su sitio con detalles sobre sus autores, filtrarlas para revelar solo las mejores, mostrar calificaciones y un bot\u00f3n de solicitud de rese\u00f1a, que llevar\u00e1 a las personas a su cuenta de Airbnb, donde podr\u00e1n dejar su rese\u00f1a. <\/p> <div class=\"faq\" data-component=\"FAQ\"><div class=\"faq-item\">\r\n\t\t\t\t\t<div class=\"faq-item-question\">\r\n\t\t\t\t\t\t<h3 class=\"faq-item-question-text\">\u00bfD\u00f3nde puedo insertarlo?<\/h3>\r\n\r\n\t\t\t\t\t\t<div class=\"faq-item-question-icon\"><\/div>\r\n\t\t\t\t\t<\/div>\r\n\r\n\t\t\t\t\t<div class=\"faq-item-answer\">\r\n\t\t\t\t\t\t<div class=\"faq-item-answer-text\"> <p>El widget se puede agregar a cualquier p\u00e1gina donde desee demostrar su alta valoraci\u00f3n y popularidad entre los clientes. Si desea mostrar el widget en todas las p\u00e1ginas del sitio, simplemente puede insertarlo en la plantilla del sitio web. <\/p> <\/div>\r\n\t\t\t\t\t<\/div>\r\n\t\t\t\t<\/div><div class=\"faq-item\">\r\n\t\t\t\t\t<div class=\"faq-item-question\">\r\n\t\t\t\t\t\t<h3 class=\"faq-item-question-text\">\u00bfC\u00f3mo me beneficiar\u00eda las rese\u00f1as de Airbnb?<\/h3>\r\n\r\n\t\t\t\t\t\t<div class=\"faq-item-question-icon\"><\/div>\r\n\t\t\t\t\t<\/div>\r\n\r\n\t\t\t\t\t<div class=\"faq-item-answer\">\r\n\t\t\t\t\t\t<div class=\"faq-item-answer-text\"> <p>Las rese\u00f1as de personas reales parecen impecablemente cre\u00edbles para los clientes de su sitio web y les muestran que se puede confiar en su empresa. Las calificaciones altas y las impresiones positivas pueden ayudar a impulsar las compras en su sitio web. Adem\u00e1s, el bot\u00f3n de redireccionamiento contribuir\u00e1 a aumentar la cantidad de opiniones de clientes sobre tu alojamiento en Airbnb. <\/p> <\/div>\r\n\t\t\t\t\t<\/div>\r\n\t\t\t\t<\/div> <div class=\"faq-item\">\r\n\t\t\t\t\t<div class=\"faq-item-question\">\r\n\t\t\t\t\t\t<h3 class=\"faq-item-question-text\">\u00bfQu\u00e9 necesito para insertar rese\u00f1as de Airbnb en mi sitio web Joomla?<\/h3>\r\n\r\n\t\t\t\t\t\t<div class=\"faq-item-question-icon\"><\/div>\r\n\t\t\t\t\t<\/div>\r\n\r\n\t\t\t\t\t<div class=\"faq-item-answer\">\r\n\t\t\t\t\t\t<div class=\"faq-item-answer-text\"> <p>Solo tomar\u00e1 dos minutos activar el widget de rese\u00f1as. La instalaci\u00f3n es realmente r\u00e1pida, gratuita y sin codificaci\u00f3n. <\/p> <ol><li>Puedes introducir el widget en tu sitio directamente en nuestro servicio. Simplemente siga los pasos de las instrucciones que aparecen a continuaci\u00f3n en esta p\u00e1gina. <\/li> <li>El widget se puede agregar a trav\u00e9s de nuestro servicio o en el mercado. Podr\u00e1s ver los pros y los contras de estas variantes y decidir cu\u00e1l es m\u00e1s adecuada. <\/li> <\/ol> <\/div>\r\n\t\t\t\t\t<\/div>\r\n\t\t\t\t<\/div> <\/div> <\/div> <div class=\"application-platform-content-item-features application-platform-content-item\" id=\"features\" data-nav-section=\"features\"> <h2>Caracter\u00edsticas<\/h2> <p>Para tener una comprensi\u00f3n m\u00e1s clara de las rese\u00f1as de Airbnb, consulte la lista de sus funciones principales. Hacen que este widget sea realmente efectivo para usted: <\/p> <ul> <li>Cuatro dise\u00f1os predefinidos: Lista, Cuadr\u00edcula, Mamposter\u00eda y Control deslizante; <\/li> <li> Encabezado intercambiable del widget; <\/li> <li>Seis elementos ajustables de la interfaz: nombre e imagen del autor, recomendaci\u00f3n, fecha, \u00edcono de Airbnb y calificaci\u00f3n de estrellas; <\/li> <\/ul><p><a href=\"#demo\">Vea m\u00e1s funciones en nuestra demostraci\u00f3n en vivo<\/a><\/p> <\/div> <div class=\"application-platform-content-item-installation application-platform-content-item\" id=\"installation\" data-nav-section=\"installation\"> <h2>Aqu\u00ed se explica c\u00f3mo agregar rese\u00f1as de Airbnb en su sitio web Joomla<\/h2> <div class=\"video-container\"><iframe width=\"720\" height=\"405\" src=\"https:\/\/www.youtube.com\/embed\/8CCO0TUmH_g\" frameborder=\"0\"><\/iframe><\/div><p> Un par de acciones y el widget estar\u00e1 activo en su sitio. <\/p> <ol><li><b>Realiza nuestro configurador gratuito y comienza a trabajar con tu propia extensi\u00f3n. <\/b><br> Encuentre el aspecto y la funcionalidad preferibles de la extensi\u00f3n y guarde todas las ediciones. <\/li> <li><b>Adquiera el c\u00f3digo individual que se muestra en la ventana de Elfsight Apps. <\/b><br> Cuando finalice la personalizaci\u00f3n de su extensi\u00f3n, copie su c\u00f3digo en la ventana emergente que aparece y gu\u00e1rdelo para futuras ocasiones. <\/li> <li><b>Iniciar el uso de la extensi\u00f3n en el sitio web Joomla. <\/b><br> Implemente el c\u00f3digo que copi\u00f3 anteriormente en su p\u00e1gina y guarde las ediciones. <\/li> <li><b>\u00a1Ya terminaste! La configuraci\u00f3n finaliz\u00f3 exitosamente. <\/b><br>Vaya a su sitio web para comprobar el funcionamiento de la extensi\u00f3n. <\/li><\/ol><p>\u00bfA\u00fan tienes dudas? \u00bfO experimentando problemas? Simplemente env\u00ede su solicitud a nuestro servicio de atenci\u00f3n al cliente. Nuestro equipo dedicado resolver\u00e1 cada problema. <\/p> <\/div>","protected":false},"excerpt":{"rendered":"","protected":false},"author":9,"featured_media":0,"parent":438,"menu_order":0,"comment_status":"closed","ping_status":"closed","template":"templates\/template-application-platform.php","meta":{"publish_to_discourse":"","publish_post_category":"","wpdc_auto_publish_overridden":"","wpdc_topic_tags":"","wpdc_pin_topic":"","wpdc_pin_until":"","discourse_post_id":"","discourse_permalink":"","wpdc_publishing_response":"","wpdc_publishing_error":"","footnotes":""},"class_list":["post-8804","page","type-page","status-publish","hentry"],"yoast_head":"<!-- This site is optimized with the Yoast SEO plugin v25.3.1 - https:\/\/yoast.com\/wordpress\/plugins\/seo\/ -->\n<title>Inserta rese\u00f1as de Airbnb en tu sitio web Joomla (f\u00e1cil y r\u00e1pido)<\/title>\n<meta name=\"description\" content=\"Con Elfsight, dise\u00f1e su widget de Rese\u00f1as de Airbnb y col\u00f3quelo en su sitio web Joomla. Ofrecemos servicio al cliente gratuito y otros bonos.\" \/>\n<meta name=\"robots\" content=\"index, follow, max-snippet:-1, max-image-preview:large, max-video-preview:-1\" \/>\n<link rel=\"canonical\" href=\"https:\/\/elfsight.com\/es\/airbnb-reviews-widget\/joomla\/\" \/>\n<meta property=\"og:locale\" content=\"es_ES\" \/>\n<meta property=\"og:type\" content=\"article\" \/>\n<meta property=\"og:title\" content=\"Inserta rese\u00f1as de Airbnb en tu sitio web Joomla (f\u00e1cil y r\u00e1pido)\" \/>\n<meta property=\"og:description\" content=\"Con Elfsight, dise\u00f1e su widget de Rese\u00f1as de Airbnb y col\u00f3quelo en su sitio web Joomla. Ofrecemos servicio al cliente gratuito y otros bonos.\" \/>\n<meta property=\"og:url\" content=\"https:\/\/elfsight.com\/es\/airbnb-reviews-widget\/joomla\/\" \/>\n<meta property=\"og:site_name\" content=\"Elfsight ES\" \/>\n<meta property=\"article:modified_time\" content=\"2025-02-06T15:30:14+00:00\" \/>\n<meta name=\"twitter:card\" content=\"summary_large_image\" \/>\n<meta name=\"twitter:label1\" content=\"Tiempo de lectura\" \/>\n\t<meta name=\"twitter:data1\" content=\"3 minutos\" \/>\n<!-- \/ Yoast SEO plugin. -->","yoast_head_json":{"title":"Inserta rese\u00f1as de Airbnb en tu sitio web Joomla (f\u00e1cil y r\u00e1pido)","description":"Con Elfsight, dise\u00f1e su widget de Rese\u00f1as de Airbnb y col\u00f3quelo en su sitio web Joomla. Ofrecemos servicio al cliente gratuito y otros bonos.","robots":{"index":"index","follow":"follow","max-snippet":"max-snippet:-1","max-image-preview":"max-image-preview:large","max-video-preview":"max-video-preview:-1"},"canonical":"https:\/\/elfsight.com\/es\/airbnb-reviews-widget\/joomla\/","og_locale":"es_ES","og_type":"article","og_title":"Inserta rese\u00f1as de Airbnb en tu sitio web Joomla (f\u00e1cil y r\u00e1pido)","og_description":"Con Elfsight, dise\u00f1e su widget de Rese\u00f1as de Airbnb y col\u00f3quelo en su sitio web Joomla. Ofrecemos servicio al cliente gratuito y otros bonos.","og_url":"https:\/\/elfsight.com\/es\/airbnb-reviews-widget\/joomla\/","og_site_name":"Elfsight ES","article_modified_time":"2025-02-06T15:30:14+00:00","twitter_card":"summary_large_image","twitter_misc":{"Tiempo de lectura":"3 minutos"},"schema":{"@context":"https:\/\/schema.org","@graph":[{"@type":"WebPage","@id":"https:\/\/elfsight.com\/es\/airbnb-reviews-widget\/joomla\/","url":"https:\/\/elfsight.com\/es\/airbnb-reviews-widget\/joomla\/","name":"Inserta rese\u00f1as de Airbnb en tu sitio web Joomla (f\u00e1cil y r\u00e1pido)","isPartOf":{"@id":"https:\/\/elfsight.com\/es\/#website"},"datePublished":"1970-01-01T00:00:00+00:00","dateModified":"2025-02-06T15:30:14+00:00","description":"Con Elfsight, dise\u00f1e su widget de Rese\u00f1as de Airbnb y col\u00f3quelo en su sitio web Joomla. Ofrecemos servicio al cliente gratuito y otros bonos.","breadcrumb":{"@id":"https:\/\/elfsight.com\/es\/airbnb-reviews-widget\/joomla\/#breadcrumb"},"inLanguage":"es","potentialAction":[{"@type":"ReadAction","target":["https:\/\/elfsight.com\/es\/airbnb-reviews-widget\/joomla\/"]}]},{"@type":"BreadcrumbList","@id":"https:\/\/elfsight.com\/es\/airbnb-reviews-widget\/joomla\/#breadcrumb","itemListElement":[{"@type":"ListItem","position":1,"name":"Home","item":"https:\/\/elfsight.com\/es\/"},{"@type":"ListItem","position":2,"name":"Airbnb Reviews","item":"https:\/\/elfsight.com\/es\/airbnb-reviews-widget\/"},{"@type":"ListItem","position":3,"name":"Airbnb Reviews &#8211; Joomla"}]},{"@type":"WebSite","@id":"https:\/\/elfsight.com\/es\/#website","url":"https:\/\/elfsight.com\/es\/","name":"Elfsight ES","description":"Just another Elfsight Sites site","potentialAction":[{"@type":"SearchAction","target":{"@type":"EntryPoint","urlTemplate":"https:\/\/elfsight.com\/es\/?s={search_term_string}"},"query-input":{"@type":"PropertyValueSpecification","valueRequired":true,"valueName":"search_term_string"}}],"inLanguage":"es"}]}},"meta_box":{"industry":"","seo_heading":"","heading":"","description":"","cta_heading":"","cta_description":"","application":"437","h1":"Rese\u00f1as de Airbnb en Joomla","h1_caption":"Muestra las mejores opiniones de clientes de Airbnb en tu web","application_category":[],"applications_title":"","applications_request_title":"","applications_request_button_text":"","hero_text":"","hero_video":"","hero_video_schema_markup":"","selling_points_title":"","selling_points_caption":"","selling_points":[],"selling_points_cta_text":"","features_title":"","features":"","ed_cta_examples_text":"","ed_cta_examples_hidden":"","ed_cta_demo_text":"","ed_cta_demo_hidden":"","why_caption":"","why_editor_title":"","why_editor_text":"","why_team_title":"","why_team_text":"","why_service_title":"","why_service_text":"","template_catalog_visible":"","template_catalog_title":"","template_catalog_text":"","template_catalog_categories_visible":"","demo_title":"Crea tu complemento de rese\u00f1as de Airbnb","demo_caption":"\u00a1Configure sus rese\u00f1as de Airbnb y agr\u00e9guelas a su sitio web Joomla de forma gratuita!","default_faq_hidden":"","app_template_category":[],"platform":"73","template_public_id":"","codecanyon_url":"","codecanyon_item_id":"","codecanyon_price":"","pricing_caption":"","pricing_elfsight_apps_hide_column":"","pricing_elfsight_apps_url":"","pricing_codecanyon_price_caption":"","integration_category":[],"integration_request_title":"","integration_request_cta":"","integration_platform":"","integrations":[],"platform_category":[],"video_schema_markup":"","price":"desde $0 \/ mes","trial":"","benefits":[{"text":"Ayuda de instalaci\u00f3n gratuita"},{"text":"Servicio al cliente competente"},{"text":"Garant\u00eda de reembolso de 14 d\u00edas"},{"text":"Actualizando constantemente"}],"button_url":"#demo","button_target_blank":"","button_nofollow":"","attributes":[{"name":"Instalaciones","content":"10,000 - 100,000"},{"name":"Sensible","content":"S\u00ed"},{"name":"Navegadores compatibles","content":"Firefox, Safari, Opera, Chrome, Edge"}],"tags":[],"tags_disable_links":"","hide_more_platforms":"","video_object":"","demo_hide_cta":"","demo_hide_cloud_options":"","pricing_title":"","pricing":[{"pricing_icon":"platform","pricing_title":"Elfsight Apps","pricing_title_caption":"Versi\u00f3n multiplataforma que funciona en cualquier sitio web","pricing_price":"desde $0 \/ mes","pricing_price_caption":"comienza con el plan gratuito","pricing_benefits":[{"text":"Dominios ilimitados"},{"text":"Soporte r\u00e1pido y bien documentado."},{"text":"Servicio de instalaci\u00f3n gratuito"},{"text":"Oferta especial para m\u00faltiples aplicaciones."}],"pricing_button_text":"A\u00f1adir al sitio web","pricing_button_url":"#demo"}],"related_apps_title":"","related_apps_hidden":"","author":"","image":[],"title":"","job":"","social_networks":[]},"_links":{"self":[{"href":"https:\/\/elfsight.com\/es\/wp-json\/wp\/v2\/pages\/8804","targetHints":{"allow":["GET"]}}],"collection":[{"href":"https:\/\/elfsight.com\/es\/wp-json\/wp\/v2\/pages"}],"about":[{"href":"https:\/\/elfsight.com\/es\/wp-json\/wp\/v2\/types\/page"}],"author":[{"embeddable":true,"href":"https:\/\/elfsight.com\/es\/wp-json\/wp\/v2\/users\/9"}],"replies":[{"embeddable":true,"href":"https:\/\/elfsight.com\/es\/wp-json\/wp\/v2\/comments?post=8804"}],"version-history":[{"count":2,"href":"https:\/\/elfsight.com\/es\/wp-json\/wp\/v2\/pages\/8804\/revisions"}],"predecessor-version":[{"id":18391,"href":"https:\/\/elfsight.com\/es\/wp-json\/wp\/v2\/pages\/8804\/revisions\/18391"}],"up":[{"embeddable":true,"href":"https:\/\/elfsight.com\/es\/wp-json\/wp\/v2\/pages\/438"}],"wp:attachment":[{"href":"https:\/\/elfsight.com\/es\/wp-json\/wp\/v2\/media?parent=8804"}],"curies":[{"name":"wp","href":"https:\/\/api.w.org\/{rel}","templated":true}]}}