{"id":8802,"date":"1970-01-01T00:00:00","date_gmt":"1970-01-01T00:00:00","guid":{"rendered":"https:\/\/elfsight.com\/es\/?page_id=8802"},"modified":"2025-02-06T15:30:22","modified_gmt":"2025-02-06T15:30:22","slug":"iframe","status":"publish","type":"page","link":"https:\/\/elfsight.com\/es\/airbnb-reviews-widget\/iframe\/","title":{"rendered":"Airbnb Reviews &#8211; iFrame"},"content":{"rendered":"<div class=\"application-platform-content-item-description application-platform-content-item\" id=\"description\" data-nav-section=\"description\"><h2>Incorpore Rese\u00f1as de Airbnb en iFrame con el widget Elfsight<\/h2><p>Si necesita una forma de mostrar su agradecimiento entre los clientes y convencer a los visitantes del sitio web de que vale la pena visitar su lugar, el complemento Rese\u00f1as de Airbnb de Elfsight har\u00e1 el trabajo. Al tener nuestro complemento, demostrar\u00e1 r\u00e1pidamente las rese\u00f1as de los usuarios de Airbnb en su sitio web con informaci\u00f3n sobre sus autores, puede ordenarlas para mostrar solo las mejores, agregar calificaciones y un bot\u00f3n de redireccionamiento, que llevar\u00e1 a las personas a su p\u00e1gina de Airbnb, para que puedan escribir una rese\u00f1a nueva.<\/p> <\/div><div class=\"application-platform-content-item-features application-platform-content-item\" id=\"features\" data-nav-section=\"features\"><h2>Caracter\u00edsticas<\/h2><p>Consulte la lista de caracter\u00edsticas que tiene nuestro complemento: <\/p> <ul> <li>Tres opciones de filtros: por tipo, excluir por y cantidad de rese\u00f1as para mostrar; <\/li> <li>Una oportunidad para activar\/desactivar el encabezado del complemento; <\/li> <li>Seis elementos flexibles del complemento: nombre y foto del autor, texto de recomendaci\u00f3n, fecha, \u00edcono de Airbnb y calificaci\u00f3n de estrellas; <\/li> <\/ul><p><a href=\"#demo\">Compru\u00e9balos y m\u00e1s en la demostraci\u00f3n en vivo<\/a><\/p><\/div><div class=\"application-platform-content-item-installation application-platform-content-item\" id=\"installation\" data-nav-section=\"installation\"><h2>C\u00f3mo agregar el complemento de rese\u00f1as de Airbnb al sitio web iFrame<\/h2><p> As\u00ed es como puedes insertar el widget en tu sitio.  Solo un par de pasos: <\/p> <ol><li><b>Crea tu complemento personal de Airbnb<\/b><br> Con nuestra demostraci\u00f3n gratuita, obt\u00e9n un complemento con una interfaz personalizada y caracter\u00edsticas funcionales. <\/li><li><b>Copie el c\u00f3digo individual para configurar el complemento<\/b><br> Despu\u00e9s de haber configurado su complemento, obtendr\u00e1 el c\u00f3digo \u00fanico de la notificaci\u00f3n que aparece en Elfsight Apps. C\u00f3pialo. <\/li> <li><b>Integre el complemento en su sitio web iFrame<\/b><br> Busque el lugar donde planea mostrar el complemento y agregue el c\u00f3digo guardado all\u00ed. Aplicar las ediciones. <\/li> <li><b>\u00a1Felicitaciones! \u00a1Acabas de configurar el complemento!<\/b><br> Visita la tienda para ver tus rese\u00f1as. <\/li> <\/ol><p>\u00bfNecesitas nuestra ayuda? \u00bfTiene preguntas? \u00a1Estamos felices de poder ayudarte! Simplemente p\u00f3ngase en contacto con nuestro servicio de atenci\u00f3n al cliente.<\/p><div class=\"faq\" data-component=\"FAQ\"> <div class=\"faq-item\">\r\n\t\t\t\t\t<div class=\"faq-item-question\">\r\n\t\t\t\t\t\t<h3 class=\"faq-item-question-text\">\u00bfC\u00f3mo agregar rese\u00f1as de Airbnb a mi sitio web iFrame sin conocimientos de codificaci\u00f3n?<\/h3>\r\n\r\n\t\t\t\t\t\t<div class=\"faq-item-question-icon\"><\/div>\r\n\t\t\t\t\t<\/div>\r\n\r\n\t\t\t\t\t<div class=\"faq-item-answer\">\r\n\t\t\t\t\t\t<div class=\"faq-item-answer-text\"> <p>Elfsight proporciona una soluci\u00f3n SaaS que le permite crear un widget de rese\u00f1as de Airbnb usted mismo. Vea lo f\u00e1cil que es el proceso: trabaje directamente en el editor en l\u00ednea para crear un widget de rese\u00f1as de Airbnb que le gustar\u00eda ver en su sitio web iFrame. Elija una de las plantillas predise\u00f1adas y ajuste la configuraci\u00f3n de Rese\u00f1as de Airbnb, agregue su contenido, cambie el dise\u00f1o y la combinaci\u00f3n de colores sin conocimientos de codificaci\u00f3n. Guarde las rese\u00f1as de Airbnb y copie su c\u00f3digo de instalaci\u00f3n, que puede simplemente insertar en su sitio web iFrame sin necesidad de comprar una suscripci\u00f3n paga. Con nuestro editor intuitivo, cualquier usuario de Internet puede crear un widget de rese\u00f1as de Airbnb en l\u00ednea e incrustarlo f\u00e1cilmente en su sitio web iFrame. No es necesario pagar ni ingresar las credenciales de su tarjeta para acceder al servicio. Si tiene alg\u00fan problema en cualquier paso, no dude en ponerse en contacto con nuestro equipo de soporte t\u00e9cnico.<\/p> <\/div>\r\n\t\t\t\t\t<\/div>\r\n\t\t\t\t<\/div> <\/div> <\/div>","protected":false},"excerpt":{"rendered":"","protected":false},"author":9,"featured_media":0,"parent":438,"menu_order":0,"comment_status":"closed","ping_status":"closed","template":"templates\/template-application-platform.php","meta":{"publish_to_discourse":"","publish_post_category":"","wpdc_auto_publish_overridden":"","wpdc_topic_tags":"","wpdc_pin_topic":"","wpdc_pin_until":"","discourse_post_id":"","discourse_permalink":"","wpdc_publishing_response":"","wpdc_publishing_error":"","footnotes":""},"class_list":["post-8802","page","type-page","status-publish","hentry"],"yoast_head":"<!-- This site is optimized with the Yoast SEO plugin v25.3.1 - https:\/\/yoast.com\/wordpress\/plugins\/seo\/ -->\n<title>Complemento iFrame Airbnb Reviews para su sitio web (gratis y r\u00e1pido)<\/title>\n<meta name=\"description\" content=\"Esta es una oportunidad para dise\u00f1ar rese\u00f1as de Airbnb y agregarlas a su sitio web iFrame. Disfrutar\u00e1s de servicio al cliente gratuito y otras bonificaciones.\" \/>\n<meta name=\"robots\" content=\"index, follow, max-snippet:-1, max-image-preview:large, max-video-preview:-1\" \/>\n<link rel=\"canonical\" href=\"https:\/\/elfsight.com\/es\/airbnb-reviews-widget\/iframe\/\" \/>\n<meta property=\"og:locale\" content=\"es_ES\" \/>\n<meta property=\"og:type\" content=\"article\" \/>\n<meta property=\"og:title\" content=\"Complemento iFrame Airbnb Reviews para su sitio web (gratis y r\u00e1pido)\" \/>\n<meta property=\"og:description\" content=\"Esta es una oportunidad para dise\u00f1ar rese\u00f1as de Airbnb y agregarlas a su sitio web iFrame. Disfrutar\u00e1s de servicio al cliente gratuito y otras bonificaciones.\" \/>\n<meta property=\"og:url\" content=\"https:\/\/elfsight.com\/es\/airbnb-reviews-widget\/iframe\/\" \/>\n<meta property=\"og:site_name\" content=\"Elfsight ES\" \/>\n<meta property=\"article:modified_time\" content=\"2025-02-06T15:30:22+00:00\" \/>\n<meta name=\"twitter:card\" content=\"summary_large_image\" \/>\n<meta name=\"twitter:label1\" content=\"Tiempo de lectura\" \/>\n\t<meta name=\"twitter:data1\" content=\"3 minutos\" \/>\n<!-- \/ Yoast SEO plugin. -->","yoast_head_json":{"title":"Complemento iFrame Airbnb Reviews para su sitio web (gratis y r\u00e1pido)","description":"Esta es una oportunidad para dise\u00f1ar rese\u00f1as de Airbnb y agregarlas a su sitio web iFrame. Disfrutar\u00e1s de servicio al cliente gratuito y otras bonificaciones.","robots":{"index":"index","follow":"follow","max-snippet":"max-snippet:-1","max-image-preview":"max-image-preview:large","max-video-preview":"max-video-preview:-1"},"canonical":"https:\/\/elfsight.com\/es\/airbnb-reviews-widget\/iframe\/","og_locale":"es_ES","og_type":"article","og_title":"Complemento iFrame Airbnb Reviews para su sitio web (gratis y r\u00e1pido)","og_description":"Esta es una oportunidad para dise\u00f1ar rese\u00f1as de Airbnb y agregarlas a su sitio web iFrame. Disfrutar\u00e1s de servicio al cliente gratuito y otras bonificaciones.","og_url":"https:\/\/elfsight.com\/es\/airbnb-reviews-widget\/iframe\/","og_site_name":"Elfsight ES","article_modified_time":"2025-02-06T15:30:22+00:00","twitter_card":"summary_large_image","twitter_misc":{"Tiempo de lectura":"3 minutos"},"schema":{"@context":"https:\/\/schema.org","@graph":[{"@type":"WebPage","@id":"https:\/\/elfsight.com\/es\/airbnb-reviews-widget\/iframe\/","url":"https:\/\/elfsight.com\/es\/airbnb-reviews-widget\/iframe\/","name":"Complemento iFrame Airbnb Reviews para su sitio web (gratis y r\u00e1pido)","isPartOf":{"@id":"https:\/\/elfsight.com\/es\/#website"},"datePublished":"1970-01-01T00:00:00+00:00","dateModified":"2025-02-06T15:30:22+00:00","description":"Esta es una oportunidad para dise\u00f1ar rese\u00f1as de Airbnb y agregarlas a su sitio web iFrame. Disfrutar\u00e1s de servicio al cliente gratuito y otras bonificaciones.","breadcrumb":{"@id":"https:\/\/elfsight.com\/es\/airbnb-reviews-widget\/iframe\/#breadcrumb"},"inLanguage":"es","potentialAction":[{"@type":"ReadAction","target":["https:\/\/elfsight.com\/es\/airbnb-reviews-widget\/iframe\/"]}]},{"@type":"BreadcrumbList","@id":"https:\/\/elfsight.com\/es\/airbnb-reviews-widget\/iframe\/#breadcrumb","itemListElement":[{"@type":"ListItem","position":1,"name":"Home","item":"https:\/\/elfsight.com\/es\/"},{"@type":"ListItem","position":2,"name":"Airbnb Reviews","item":"https:\/\/elfsight.com\/es\/airbnb-reviews-widget\/"},{"@type":"ListItem","position":3,"name":"Airbnb Reviews &#8211; iFrame"}]},{"@type":"WebSite","@id":"https:\/\/elfsight.com\/es\/#website","url":"https:\/\/elfsight.com\/es\/","name":"Elfsight ES","description":"Just another Elfsight Sites site","potentialAction":[{"@type":"SearchAction","target":{"@type":"EntryPoint","urlTemplate":"https:\/\/elfsight.com\/es\/?s={search_term_string}"},"query-input":{"@type":"PropertyValueSpecification","valueRequired":true,"valueName":"search_term_string"}}],"inLanguage":"es"}]}},"meta_box":{"industry":"","seo_heading":"","heading":"","description":"","cta_heading":"","cta_description":"","application":"437","h1":"Rese\u00f1as de Airbnb sobre iFrame","h1_caption":"Agregue las rese\u00f1as de usuarios m\u00e1s atractivas de Airbnb en su sitio web","application_category":[],"applications_title":"","applications_request_title":"","applications_request_button_text":"","hero_text":"","hero_video":"","hero_video_schema_markup":"","selling_points_title":"","selling_points_caption":"","selling_points":[],"selling_points_cta_text":"","features_title":"","features":"","ed_cta_examples_text":"","ed_cta_examples_hidden":"","ed_cta_demo_text":"","ed_cta_demo_hidden":"","why_caption":"","why_editor_title":"","why_editor_text":"","why_team_title":"","why_team_text":"","why_service_title":"","why_service_text":"","template_catalog_visible":"","template_catalog_title":"","template_catalog_text":"","template_catalog_categories_visible":"","demo_title":"Crea tu widget de Rese\u00f1as de Airbnb","demo_caption":"\u00a1Configure sus rese\u00f1as de Airbnb y agr\u00e9guelas a su sitio web iFrame de forma gratuita!","default_faq_hidden":"","app_template_category":[],"platform":"2192","template_public_id":"","codecanyon_url":"","codecanyon_item_id":"","codecanyon_price":"","pricing_caption":"","pricing_elfsight_apps_hide_column":"","pricing_elfsight_apps_url":"","pricing_codecanyon_price_caption":"","integration_category":[],"integration_request_title":"","integration_request_cta":"","integration_platform":"","integrations":[],"platform_category":[],"video_schema_markup":"","price":"desde $0 \/ mes","trial":"","benefits":[{"text":"Asistencia de instalaci\u00f3n gratuita"},{"text":"Servicio al cliente competente"},{"text":"Garant\u00eda de devoluci\u00f3n de dinero de 14 d\u00edas"},{"text":"Mejoras continuas"}],"button_url":"#demo","button_target_blank":"","button_nofollow":"","attributes":[{"name":"Instalaciones","content":"10,000 - 100,000"},{"name":"Sensible","content":"S\u00ed"},{"name":"Navegadores compatibles","content":"Chrome, Edge, Safari, Firefox, Opera"}],"tags":[],"tags_disable_links":"","hide_more_platforms":"","video_object":"","demo_hide_cta":"","demo_hide_cloud_options":"","pricing_title":"","pricing":[{"pricing_icon":"platform","pricing_title":"Elfsight Apps","pricing_title_caption":"Versi\u00f3n multiplataforma que se adapta a cualquier sitio web","pricing_price":"desde $0 \/ mes","pricing_price_caption":"comienza con el plan gratuito","pricing_benefits":[{"text":"N\u00famero ilimitado de sitios web"},{"text":"Soporte r\u00e1pido"},{"text":"Soporte de instalaci\u00f3n gratuito"},{"text":"Oferta especial para m\u00faltiples aplicaciones"}],"pricing_button_text":"A\u00f1adir al sitio web","pricing_button_url":"#demo"}],"related_apps_title":"","related_apps_hidden":"","author":"","image":[],"title":"","job":"","social_networks":[]},"_links":{"self":[{"href":"https:\/\/elfsight.com\/es\/wp-json\/wp\/v2\/pages\/8802","targetHints":{"allow":["GET"]}}],"collection":[{"href":"https:\/\/elfsight.com\/es\/wp-json\/wp\/v2\/pages"}],"about":[{"href":"https:\/\/elfsight.com\/es\/wp-json\/wp\/v2\/types\/page"}],"author":[{"embeddable":true,"href":"https:\/\/elfsight.com\/es\/wp-json\/wp\/v2\/users\/9"}],"replies":[{"embeddable":true,"href":"https:\/\/elfsight.com\/es\/wp-json\/wp\/v2\/comments?post=8802"}],"version-history":[{"count":2,"href":"https:\/\/elfsight.com\/es\/wp-json\/wp\/v2\/pages\/8802\/revisions"}],"predecessor-version":[{"id":18393,"href":"https:\/\/elfsight.com\/es\/wp-json\/wp\/v2\/pages\/8802\/revisions\/18393"}],"up":[{"embeddable":true,"href":"https:\/\/elfsight.com\/es\/wp-json\/wp\/v2\/pages\/438"}],"wp:attachment":[{"href":"https:\/\/elfsight.com\/es\/wp-json\/wp\/v2\/media?parent=8802"}],"curies":[{"name":"wp","href":"https:\/\/api.w.org\/{rel}","templated":true}]}}