{"id":8796,"date":"1970-01-01T00:00:00","date_gmt":"1970-01-01T00:00:00","guid":{"rendered":"https:\/\/elfsight.com\/es\/?page_id=8796"},"modified":"2025-02-06T15:30:22","modified_gmt":"2025-02-06T15:30:22","slug":"google-sites","status":"publish","type":"page","link":"https:\/\/elfsight.com\/es\/airbnb-reviews-widget\/google-sites\/","title":{"rendered":"Airbnb Reviews &#8211; Google Sites"},"content":{"rendered":"<div class=\"application-platform-content-item-description application-platform-content-item\" id=\"description\" data-nav-section=\"description\"> <h2>Incorpore rese\u00f1as de Airbnb en Google Sites con el widget de Elfsight<\/h2> <p>Si desea revelar la alta valoraci\u00f3n que tiene por parte de los usuarios y convencer a los visitantes del sitio de que vale la pena comprar sus productos o servicios, el widget de rese\u00f1as de Airbnb de Elfsight para Google Sites le conviene perfectamente. Con la ayuda de este widget, puedes mostrar rese\u00f1as de clientes en tu sitio con informaci\u00f3n sobre sus autores, usar filtros para mostrar solo lo mejor, mostrar calificaciones y un bot\u00f3n activo que llevar\u00e1 a las personas a tu cuenta, donde podr\u00e1n agregar una nueva rese\u00f1a.<\/p> <p><b>\u00a1Integra rese\u00f1as de Airbnb para lograr tus desaf\u00edos comerciales de manera m\u00e1s eficiente!<\/b><\/p> <\/div> <div class=\"application-platform-content-item-features application-platform-content-item\" id=\"features\" data-nav-section=\"features\"> <h2>El widget tiene funciones potentes y sencillas, estas son algunas de ellas: <\/h2> <ul> <li>3 filtros listos para usar: por tipo, excluir por y cantidad de rese\u00f1as para mostrar; <\/li> <li>El bot\u00f3n para solicitar una rese\u00f1a lleva a las personas a la p\u00e1gina de Airbnb; <\/li> <li>Seis elementos personalizables de la interfaz: nombre y foto del autor, recomendaci\u00f3n, fecha de publicaci\u00f3n, \u00edcono de Airbnb y calificaci\u00f3n de estrellas; <\/li> <\/ul><p><a href=\"#demo\">Pruebe todas las opciones de personalizaci\u00f3n en una demostraci\u00f3n 100 % funcional<\/a><\/p> <\/div> <div class=\"application-platform-content-item-installation application-platform-content-item\" id=\"installation\" data-nav-section=\"installation\"> <h2>\u00bfC\u00f3mo agrego rese\u00f1as de Airbnb a mis sitios de Google?<\/h2><div class=\"video-container\"><iframe width=\"720\" height=\"405\" src=\"https:\/\/www.youtube.com\/embed\/Pksiqjy5qY4\" frameborder=\"0\"><\/iframe><\/div> <p>Simplemente siga las pautas a continuaci\u00f3n para comenzar a trabajar con el widget.<\/p> <ol><li><b>Administre nuestro configurador gratuito y comience a crear su propio complemento. <\/b><br> Encuentre la interfaz y las caracter\u00edsticas adecuadas del complemento y aplique las modificaciones. <\/li> <li><b>Adquiera su c\u00f3digo \u00fanico que se muestra en la ventana de Elfsight Apps. <\/b><br> Inmediatamente despu\u00e9s de completar la configuraci\u00f3n de su herramienta personal, copie el c\u00f3digo personal en el cuadro que aparece y gu\u00e1rdelo para su uso posterior. <\/li> <li><b>Comience a utilizar la herramienta en su sitio web de Google Sites. <\/b><br> Introduce el c\u00f3digo que has copiado recientemente en tu p\u00e1gina y guarda las correcciones. <\/li> <li><b>La instalaci\u00f3n se realiz\u00f3 correctamente. <\/b><br> Vaya a su sitio para examinar c\u00f3mo funciona la herramienta. <\/li><\/ol> <div class=\"tip-yellow tip\"><b>Debido a las peculiaridades del trabajo de Google Sites, el widget puede tener un aspecto diferente al de la demostraci\u00f3n en l\u00ednea. Nos disculpamos por cualquier inconveniente causado.<\/b><\/div><p>Si tiene alguna pregunta o enfrenta alguna dificultad, comun\u00edquese con nuestro equipo de atenci\u00f3n al cliente. Nuestra gente est\u00e1 deseando resolver todas las dificultades que puedas tener con el complemento. <\/p> <div class=\"faq\" data-component=\"FAQ\"> <div class=\"faq-item\">\r\n\t\t\t\t\t<div class=\"faq-item-question\">\r\n\t\t\t\t\t\t<h3 class=\"faq-item-question-text\">\u00bfC\u00f3mo puedo agregar Rese\u00f1as de Airbnb a mi sitio web de Google Sites sin conocimientos de codificaci\u00f3n?<\/h3>\r\n\r\n\t\t\t\t\t\t<div class=\"faq-item-question-icon\"><\/div>\r\n\t\t\t\t\t<\/div>\r\n\r\n\t\t\t\t\t<div class=\"faq-item-answer\">\r\n\t\t\t\t\t\t<div class=\"faq-item-answer-text\"> <p>Elfsight proporciona una soluci\u00f3n SaaS que le permite crear un widget de Rese\u00f1as de Airbnb usted mismo. Vea lo f\u00e1cil que es el proceso: trabaje directamente en el editor en l\u00ednea para crear un widget de Rese\u00f1as de Airbnb que le gustar\u00eda ver en su sitio web de Google Sites. Elija una de las plantillas predise\u00f1adas y ajuste la configuraci\u00f3n de Rese\u00f1as de Airbnb, agregue su contenido, cambie el dise\u00f1o y los colores sin conocimientos de codificaci\u00f3n. Guarde las rese\u00f1as de Airbnb y copie su c\u00f3digo de instalaci\u00f3n, que puede insertar f\u00e1cilmente en su sitio web de Google Sites sin comprar una suscripci\u00f3n paga. Con nuestro editor intuitivo, cualquier usuario de Internet puede crear un widget de rese\u00f1as de Airbnb en l\u00ednea e incrustarlo f\u00e1cilmente en su sitio web de Google Sites. No es necesario pagar ni ingresar las credenciales de su tarjeta para acceder al servicio. Si tiene alg\u00fan problema en cualquier paso, no dude en ponerse en contacto con nuestro equipo de soporte t\u00e9cnico.<\/p> <\/div>\r\n\t\t\t\t\t<\/div>\r\n\t\t\t\t<\/div> <\/div> <\/div>","protected":false},"excerpt":{"rendered":"","protected":false},"author":9,"featured_media":0,"parent":438,"menu_order":0,"comment_status":"closed","ping_status":"closed","template":"templates\/template-application-platform.php","meta":{"publish_to_discourse":"","publish_post_category":"","wpdc_auto_publish_overridden":"","wpdc_topic_tags":"","wpdc_pin_topic":"","wpdc_pin_until":"","discourse_post_id":"","discourse_permalink":"","wpdc_publishing_response":"","wpdc_publishing_error":"","footnotes":""},"class_list":["post-8796","page","type-page","status-publish","hentry"],"yoast_head":"<!-- This site is optimized with the Yoast SEO plugin v25.3.1 - https:\/\/yoast.com\/wordpress\/plugins\/seo\/ -->\n<title>Rese\u00f1as de Airbnb: agregar widget de rese\u00f1as a Google Sites (2025)<\/title>\n<meta name=\"description\" content=\"Inserta un widget responsivo de Rese\u00f1as de Airbnb en tus sitios de Google y gana plena confianza. Utilice la demostraci\u00f3n f\u00e1cil de usar de Elfsight para crear su funci\u00f3n personalizada.\" \/>\n<meta name=\"robots\" content=\"index, follow, max-snippet:-1, max-image-preview:large, max-video-preview:-1\" \/>\n<link rel=\"canonical\" href=\"https:\/\/elfsight.com\/es\/airbnb-reviews-widget\/google-sites\/\" \/>\n<meta property=\"og:locale\" content=\"es_ES\" \/>\n<meta property=\"og:type\" content=\"article\" \/>\n<meta property=\"og:title\" content=\"Rese\u00f1as de Airbnb: agregar widget de rese\u00f1as a Google Sites (2025)\" \/>\n<meta property=\"og:description\" content=\"Inserta un widget responsivo de Rese\u00f1as de Airbnb en tus sitios de Google y gana plena confianza. Utilice la demostraci\u00f3n f\u00e1cil de usar de Elfsight para crear su funci\u00f3n personalizada.\" \/>\n<meta property=\"og:url\" content=\"https:\/\/elfsight.com\/es\/airbnb-reviews-widget\/google-sites\/\" \/>\n<meta property=\"og:site_name\" content=\"Elfsight ES\" \/>\n<meta property=\"article:modified_time\" content=\"2025-02-06T15:30:22+00:00\" \/>\n<meta name=\"twitter:card\" content=\"summary_large_image\" \/>\n<meta name=\"twitter:label1\" content=\"Tiempo de lectura\" \/>\n\t<meta name=\"twitter:data1\" content=\"3 minutos\" \/>\n<!-- \/ Yoast SEO plugin. -->","yoast_head_json":{"title":"Rese\u00f1as de Airbnb: agregar widget de rese\u00f1as a Google Sites (2025)","description":"Inserta un widget responsivo de Rese\u00f1as de Airbnb en tus sitios de Google y gana plena confianza. Utilice la demostraci\u00f3n f\u00e1cil de usar de Elfsight para crear su funci\u00f3n personalizada.","robots":{"index":"index","follow":"follow","max-snippet":"max-snippet:-1","max-image-preview":"max-image-preview:large","max-video-preview":"max-video-preview:-1"},"canonical":"https:\/\/elfsight.com\/es\/airbnb-reviews-widget\/google-sites\/","og_locale":"es_ES","og_type":"article","og_title":"Rese\u00f1as de Airbnb: agregar widget de rese\u00f1as a Google Sites (2025)","og_description":"Inserta un widget responsivo de Rese\u00f1as de Airbnb en tus sitios de Google y gana plena confianza. Utilice la demostraci\u00f3n f\u00e1cil de usar de Elfsight para crear su funci\u00f3n personalizada.","og_url":"https:\/\/elfsight.com\/es\/airbnb-reviews-widget\/google-sites\/","og_site_name":"Elfsight ES","article_modified_time":"2025-02-06T15:30:22+00:00","twitter_card":"summary_large_image","twitter_misc":{"Tiempo de lectura":"3 minutos"},"schema":{"@context":"https:\/\/schema.org","@graph":[{"@type":"WebPage","@id":"https:\/\/elfsight.com\/es\/airbnb-reviews-widget\/google-sites\/","url":"https:\/\/elfsight.com\/es\/airbnb-reviews-widget\/google-sites\/","name":"Rese\u00f1as de Airbnb: agregar widget de rese\u00f1as a Google Sites (2025)","isPartOf":{"@id":"https:\/\/elfsight.com\/es\/#website"},"datePublished":"1970-01-01T00:00:00+00:00","dateModified":"2025-02-06T15:30:22+00:00","description":"Inserta un widget responsivo de Rese\u00f1as de Airbnb en tus sitios de Google y gana plena confianza. Utilice la demostraci\u00f3n f\u00e1cil de usar de Elfsight para crear su funci\u00f3n personalizada.","breadcrumb":{"@id":"https:\/\/elfsight.com\/es\/airbnb-reviews-widget\/google-sites\/#breadcrumb"},"inLanguage":"es","potentialAction":[{"@type":"ReadAction","target":["https:\/\/elfsight.com\/es\/airbnb-reviews-widget\/google-sites\/"]}]},{"@type":"BreadcrumbList","@id":"https:\/\/elfsight.com\/es\/airbnb-reviews-widget\/google-sites\/#breadcrumb","itemListElement":[{"@type":"ListItem","position":1,"name":"Home","item":"https:\/\/elfsight.com\/es\/"},{"@type":"ListItem","position":2,"name":"Airbnb Reviews","item":"https:\/\/elfsight.com\/es\/airbnb-reviews-widget\/"},{"@type":"ListItem","position":3,"name":"Airbnb Reviews &#8211; Google Sites"}]},{"@type":"WebSite","@id":"https:\/\/elfsight.com\/es\/#website","url":"https:\/\/elfsight.com\/es\/","name":"Elfsight ES","description":"Just another Elfsight Sites site","potentialAction":[{"@type":"SearchAction","target":{"@type":"EntryPoint","urlTemplate":"https:\/\/elfsight.com\/es\/?s={search_term_string}"},"query-input":{"@type":"PropertyValueSpecification","valueRequired":true,"valueName":"search_term_string"}}],"inLanguage":"es"}]}},"meta_box":{"industry":"","seo_heading":"","heading":"","description":"","cta_heading":"","cta_description":"","application":"437","h1":"Widget de rese\u00f1as de Airbnb de Google Sites","h1_caption":"A\u00f1ade las mejores opiniones de clientes de Airbnb en tu sitio web","application_category":[],"applications_title":"","applications_request_title":"","applications_request_button_text":"","hero_text":"","hero_video":"","hero_video_schema_markup":"","selling_points_title":"","selling_points_caption":"","selling_points":[],"selling_points_cta_text":"","features_title":"","features":"","ed_cta_examples_text":"","ed_cta_examples_hidden":"","ed_cta_demo_text":"","ed_cta_demo_hidden":"","why_caption":"","why_editor_title":"","why_editor_text":"","why_team_title":"","why_team_text":"","why_service_title":"","why_service_text":"","template_catalog_visible":"","template_catalog_title":"","template_catalog_text":"","template_catalog_categories_visible":"","demo_title":"Crea tu widget de Rese\u00f1as de Airbnb","demo_caption":"\u00a1Configure sus rese\u00f1as de Airbnb y agr\u00e9guelas a su sitio web de Google Sites de forma gratuita!","default_faq_hidden":"","app_template_category":[],"platform":"67","template_public_id":"","codecanyon_url":"","codecanyon_item_id":"","codecanyon_price":"","pricing_caption":"","pricing_elfsight_apps_hide_column":"","pricing_elfsight_apps_url":"","pricing_codecanyon_price_caption":"","integration_category":[],"integration_request_title":"","integration_request_cta":"","integration_platform":"","integrations":[],"platform_category":[],"video_schema_markup":"","price":"desde $0 \/ mes","trial":"","benefits":[{"text":"Servicio de instalaci\u00f3n gratuito"},{"text":"Servicio al cliente competente"},{"text":"Garant\u00eda de reembolso de 14 d\u00edas"},{"text":"Actualizaciones gratuitas continuas"}],"button_url":"#demo","button_target_blank":"","button_nofollow":"","attributes":[{"name":"Instalaciones","content":"10,000 - 100,000"},{"name":"Sensible","content":"Dise\u00f1o adaptativo"},{"name":"Navegadores compatibles","content":"Chrome, Safari, Opera, Edge, Firefox"}],"tags":[],"tags_disable_links":"","hide_more_platforms":"","video_object":"","demo_hide_cta":"","demo_hide_cloud_options":"","pricing_title":"","pricing":[{"pricing_icon":"platform","pricing_title":"Elfsight Apps","pricing_title_caption":"Versi\u00f3n multiplataforma que funciona en cualquier sitio web.","pricing_price":"desde $0 \/ mes","pricing_price_caption":"comienza con el plan gratuito","pricing_benefits":[{"text":"Sitios web ilimitados"},{"text":"Soporte dedicado y puntual"},{"text":"Soporte de instalaci\u00f3n gratuito"},{"text":"Oferta especial para m\u00faltiples aplicaciones."}],"pricing_button_text":"A\u00f1adir al sitio web","pricing_button_url":"#demo"}],"related_apps_title":"","related_apps_hidden":"","author":"","image":[],"title":"","job":"","social_networks":[]},"_links":{"self":[{"href":"https:\/\/elfsight.com\/es\/wp-json\/wp\/v2\/pages\/8796","targetHints":{"allow":["GET"]}}],"collection":[{"href":"https:\/\/elfsight.com\/es\/wp-json\/wp\/v2\/pages"}],"about":[{"href":"https:\/\/elfsight.com\/es\/wp-json\/wp\/v2\/types\/page"}],"author":[{"embeddable":true,"href":"https:\/\/elfsight.com\/es\/wp-json\/wp\/v2\/users\/9"}],"replies":[{"embeddable":true,"href":"https:\/\/elfsight.com\/es\/wp-json\/wp\/v2\/comments?post=8796"}],"version-history":[{"count":2,"href":"https:\/\/elfsight.com\/es\/wp-json\/wp\/v2\/pages\/8796\/revisions"}],"predecessor-version":[{"id":18395,"href":"https:\/\/elfsight.com\/es\/wp-json\/wp\/v2\/pages\/8796\/revisions\/18395"}],"up":[{"embeddable":true,"href":"https:\/\/elfsight.com\/es\/wp-json\/wp\/v2\/pages\/438"}],"wp:attachment":[{"href":"https:\/\/elfsight.com\/es\/wp-json\/wp\/v2\/media?parent=8796"}],"curies":[{"name":"wp","href":"https:\/\/api.w.org\/{rel}","templated":true}]}}