{"id":8794,"date":"1970-01-01T00:00:00","date_gmt":"1970-01-01T00:00:00","guid":{"rendered":"https:\/\/elfsight.com\/es\/?page_id=8794"},"modified":"2025-02-06T15:30:30","modified_gmt":"2025-02-06T15:30:30","slug":"elementor","status":"publish","type":"page","link":"https:\/\/elfsight.com\/es\/airbnb-reviews-widget\/elementor\/","title":{"rendered":"Airbnb Reviews &#8211; Elementor"},"content":{"rendered":"<div class=\"application-platform-content-item-description application-platform-content-item\" id=\"description\" data-nav-section=\"description\"> <h2>Incrustar rese\u00f1as de Airbnb en Elementor con el widget Elfsight<\/h2> <p>Elfsight Airbnb Reviews es una herramienta sencilla que le ayuda a mostrar en el sitio rese\u00f1as sobre sus productos o servicios de los usuarios de Airbnb. Con este widget, podr\u00e1 utilizar filtros para ocultar rese\u00f1as no deseadas, presumir de sus calificaciones de estrellas y n\u00fameros de Airbnb, mostrar informaci\u00f3n sobre los autores y mostrar un bot\u00f3n que redirigir\u00e1 a los visitantes para que escriban su rese\u00f1a en Airbnb. Las rese\u00f1as de Airbnb de Elfsight lo ayudar\u00e1n a mostrar su alta prueba social en el sitio web y aumentar las ventas. <\/p> <div class=\"faq\" data-component=\"FAQ\"><div class=\"faq-item\">\r\n\t\t\t\t\t<div class=\"faq-item-question\">\r\n\t\t\t\t\t\t<h3 class=\"faq-item-question-text\">\u00bfD\u00f3nde puedo agregar este complemento?<\/h3>\r\n\r\n\t\t\t\t\t\t<div class=\"faq-item-question-icon\"><\/div>\r\n\t\t\t\t\t<\/div>\r\n\r\n\t\t\t\t\t<div class=\"faq-item-answer\">\r\n\t\t\t\t\t\t<div class=\"faq-item-answer-text\"> <p>Puedes incrustar el widget de revisi\u00f3n en cualquier p\u00e1gina de tu sitio o pegarlo en la plantilla del sitio web y se mostrar\u00e1 en todas las p\u00e1ginas. Las rese\u00f1as pueden ser efectivas en las p\u00e1ginas de productos o en la p\u00e1gina Acerca de nosotros, \u00e1reas del sitio web donde desea demostrar su alta calificaci\u00f3n. <\/p> <\/div>\r\n\t\t\t\t\t<\/div>\r\n\t\t\t\t<\/div><div class=\"faq-item\">\r\n\t\t\t\t\t<div class=\"faq-item-question\">\r\n\t\t\t\t\t\t<h3 class=\"faq-item-question-text\">\u00bfCu\u00e1les son las ventajas de tener el widget para m\u00ed? <\/h3>\r\n\r\n\t\t\t\t\t\t<div class=\"faq-item-question-icon\"><\/div>\r\n\t\t\t\t\t<\/div>\r\n\r\n\t\t\t\t\t<div class=\"faq-item-answer\">\r\n\t\t\t\t\t\t<div class=\"faq-item-answer-text\"> <p>Las rese\u00f1as compartidas por personas reales son de m\u00e1xima confianza para los visitantes de su sitio y les demuestran que su empresa es un socio confiable. Una calificaci\u00f3n alta y excelentes cr\u00edticas pueden ayudar a fortalecer el nivel de ventas en su sitio. M\u00e1s a\u00fan, el bot\u00f3n activo puede contribuir a generar m\u00e1s opiniones de clientes relacionadas con sus ofertas o servicios en Airbnb. <\/p> <\/div>\r\n\t\t\t\t\t<\/div>\r\n\t\t\t\t<\/div> <div class=\"faq-item\">\r\n\t\t\t\t\t<div class=\"faq-item-question\">\r\n\t\t\t\t\t\t<h3 class=\"faq-item-question-text\">\u00bfC\u00f3mo puedo insertar rese\u00f1as de Airbnb en mi sitio web de Elementor? <\/h3>\r\n\r\n\t\t\t\t\t\t<div class=\"faq-item-question-icon\"><\/div>\r\n\t\t\t\t\t<\/div>\r\n\r\n\t\t\t\t\t<div class=\"faq-item-answer\">\r\n\t\t\t\t\t\t<div class=\"faq-item-answer-text\"> <p>Se tarda un minuto en configurar el widget. El proceso es realmente r\u00e1pido, gratuito y sin codificaci\u00f3n. <\/p> <ol><li>Existe una opci\u00f3n para introducir Rese\u00f1as de Airbnb en su p\u00e1gina web a trav\u00e9s de nuestro servicio. Para ello necesitar\u00e1s ver la gu\u00eda a continuaci\u00f3n en esta p\u00e1gina. <\/li> <li>Las rese\u00f1as de Airbnb de Elfsight se pueden integrar a trav\u00e9s de nuestro servicio o del mercado. Aqu\u00ed podr\u00e1s conocer todos los detalles de ambas variantes y elegir la tuya. <\/li> <\/ol> <\/div>\r\n\t\t\t\t\t<\/div>\r\n\t\t\t\t<\/div> <\/div> <\/div> <div class=\"application-platform-content-item-features application-platform-content-item\" id=\"features\" data-nav-section=\"features\"> <h2>Caracter\u00edsticas principales del widget de Rese\u00f1as de Airbnb<\/h2> <p>Para tener una comprensi\u00f3n completa de las Rese\u00f1as de Airbnb, puedes echar un vistazo a la lista de las caracter\u00edsticas principales. Hacen que el widget sea realmente beneficioso para usted: <\/p> <ul> <li>3 filtros listos para usar: por tipo, excluir por y cantidad de rese\u00f1as para mostrar; <\/li> <li>El bot\u00f3n para solicitar una rese\u00f1a dirige a los usuarios a su p\u00e1gina de Airbnb; <\/li> <li>Dos escenarios alternativos despu\u00e9s del rechazo de la solicitud de revisi\u00f3n: revelar un mensaje personalizado u ocultar el bot\u00f3n. <\/li> <\/ul><p><a href=\"#demo\">Para explorar todas las funciones, vea nuestra demostraci\u00f3n en vivo<\/a><\/p> <\/div> <div class=\"application-platform-content-item-installation application-platform-content-item\" id=\"installation\" data-nav-section=\"installation\"> <h2>Compruebe c\u00f3mo pegar las rese\u00f1as de Airbnb en su sitio de Elementor<\/h2><div class=\"video-container\"><iframe width=\"720\" height=\"405\" src=\"https:\/\/www.youtube.com\/embed\/8slWJdqidVY\" frameborder=\"0\"><\/iframe><\/div><p>Estas diversas acciones son lo \u00fanico que necesita integrar. <\/p> <ol><li><b>Construya su complemento personalizado de Airbnb<\/b><br> En nuestra demostraci\u00f3n gratuita, cree un complemento con una interfaz preferida y caracter\u00edsticas funcionales.<\/li><li><b>Copia el c\u00f3digo individual para configurar el complemento<\/b><br> Despu\u00e9s de haber personalizado su widget, obtendr\u00e1 el c\u00f3digo de instalaci\u00f3n desde la ventana que aparece en Elfsight Apps. Copia este c\u00f3digo.<\/li> <li><b> El complemento en tu sitio web de Elementor<\/b><br> Selecciona el lugar donde deseas mostrar el complemento e inserta el c\u00f3digo copiado all\u00ed. Aplica los resultados.<\/li> <li><b>\u00a1Listo!<\/b><br> Ve a la p\u00e1gina web para ver tu trabajo.<\/li> <\/ol><p>\u00bfA\u00fan dudas de algo? \u00bfO tropez\u00f3 con algo? Simplemente escriba una solicitud a nuestro departamento de atenci\u00f3n al cliente. Resolver\u00e1n cualquier tipo de problema. <\/p> <\/div>","protected":false},"excerpt":{"rendered":"","protected":false},"author":9,"featured_media":0,"parent":438,"menu_order":0,"comment_status":"closed","ping_status":"closed","template":"templates\/template-application-platform.php","meta":{"publish_to_discourse":"","publish_post_category":"","wpdc_auto_publish_overridden":"","wpdc_topic_tags":"","wpdc_pin_topic":"","wpdc_pin_until":"","discourse_post_id":"","discourse_permalink":"","wpdc_publishing_response":"","wpdc_publishing_error":"","footnotes":""},"class_list":["post-8794","page","type-page","status-publish","hentry"],"yoast_head":"<!-- This site is optimized with the Yoast SEO plugin v25.3.1 - https:\/\/yoast.com\/wordpress\/plugins\/seo\/ -->\n<title>Incruste rese\u00f1as de Airbnb en su sitio web de Elementor (2025)<\/title>\n<meta name=\"description\" content=\"Crear tu widget de Rese\u00f1as de Airbnb es muy sencillo. Agregue el widget a su sitio Elementor en segundos. El servicio al cliente de Elfsight es gratuito.\" \/>\n<meta name=\"robots\" content=\"index, follow, max-snippet:-1, max-image-preview:large, max-video-preview:-1\" \/>\n<link rel=\"canonical\" href=\"https:\/\/elfsight.com\/es\/airbnb-reviews-widget\/elementor\/\" \/>\n<meta property=\"og:locale\" content=\"es_ES\" \/>\n<meta property=\"og:type\" content=\"article\" \/>\n<meta property=\"og:title\" content=\"Incruste rese\u00f1as de Airbnb en su sitio web de Elementor (2025)\" \/>\n<meta property=\"og:description\" content=\"Crear tu widget de Rese\u00f1as de Airbnb es muy sencillo. Agregue el widget a su sitio Elementor en segundos. El servicio al cliente de Elfsight es gratuito.\" \/>\n<meta property=\"og:url\" content=\"https:\/\/elfsight.com\/es\/airbnb-reviews-widget\/elementor\/\" \/>\n<meta property=\"og:site_name\" content=\"Elfsight ES\" \/>\n<meta property=\"article:modified_time\" content=\"2025-02-06T15:30:30+00:00\" \/>\n<meta name=\"twitter:card\" content=\"summary_large_image\" \/>\n<meta name=\"twitter:label1\" content=\"Tiempo de lectura\" \/>\n\t<meta name=\"twitter:data1\" content=\"3 minutos\" \/>\n<!-- \/ Yoast SEO plugin. -->","yoast_head_json":{"title":"Incruste rese\u00f1as de Airbnb en su sitio web de Elementor (2025)","description":"Crear tu widget de Rese\u00f1as de Airbnb es muy sencillo. Agregue el widget a su sitio Elementor en segundos. El servicio al cliente de Elfsight es gratuito.","robots":{"index":"index","follow":"follow","max-snippet":"max-snippet:-1","max-image-preview":"max-image-preview:large","max-video-preview":"max-video-preview:-1"},"canonical":"https:\/\/elfsight.com\/es\/airbnb-reviews-widget\/elementor\/","og_locale":"es_ES","og_type":"article","og_title":"Incruste rese\u00f1as de Airbnb en su sitio web de Elementor (2025)","og_description":"Crear tu widget de Rese\u00f1as de Airbnb es muy sencillo. Agregue el widget a su sitio Elementor en segundos. El servicio al cliente de Elfsight es gratuito.","og_url":"https:\/\/elfsight.com\/es\/airbnb-reviews-widget\/elementor\/","og_site_name":"Elfsight ES","article_modified_time":"2025-02-06T15:30:30+00:00","twitter_card":"summary_large_image","twitter_misc":{"Tiempo de lectura":"3 minutos"},"schema":{"@context":"https:\/\/schema.org","@graph":[{"@type":"WebPage","@id":"https:\/\/elfsight.com\/es\/airbnb-reviews-widget\/elementor\/","url":"https:\/\/elfsight.com\/es\/airbnb-reviews-widget\/elementor\/","name":"Incruste rese\u00f1as de Airbnb en su sitio web de Elementor (2025)","isPartOf":{"@id":"https:\/\/elfsight.com\/es\/#website"},"datePublished":"1970-01-01T00:00:00+00:00","dateModified":"2025-02-06T15:30:30+00:00","description":"Crear tu widget de Rese\u00f1as de Airbnb es muy sencillo. Agregue el widget a su sitio Elementor en segundos. El servicio al cliente de Elfsight es gratuito.","breadcrumb":{"@id":"https:\/\/elfsight.com\/es\/airbnb-reviews-widget\/elementor\/#breadcrumb"},"inLanguage":"es","potentialAction":[{"@type":"ReadAction","target":["https:\/\/elfsight.com\/es\/airbnb-reviews-widget\/elementor\/"]}]},{"@type":"BreadcrumbList","@id":"https:\/\/elfsight.com\/es\/airbnb-reviews-widget\/elementor\/#breadcrumb","itemListElement":[{"@type":"ListItem","position":1,"name":"Home","item":"https:\/\/elfsight.com\/es\/"},{"@type":"ListItem","position":2,"name":"Airbnb Reviews","item":"https:\/\/elfsight.com\/es\/airbnb-reviews-widget\/"},{"@type":"ListItem","position":3,"name":"Airbnb Reviews &#8211; Elementor"}]},{"@type":"WebSite","@id":"https:\/\/elfsight.com\/es\/#website","url":"https:\/\/elfsight.com\/es\/","name":"Elfsight ES","description":"Just another Elfsight Sites site","potentialAction":[{"@type":"SearchAction","target":{"@type":"EntryPoint","urlTemplate":"https:\/\/elfsight.com\/es\/?s={search_term_string}"},"query-input":{"@type":"PropertyValueSpecification","valueRequired":true,"valueName":"search_term_string"}}],"inLanguage":"es"}]}},"meta_box":{"industry":"","seo_heading":"","heading":"","description":"","cta_heading":"","cta_description":"","application":"437","h1":"Evaluaciones de Airbnb sobre Elementor","h1_caption":"Publique las impresiones perfectas de sus clientes de Airbnb en su sitio","application_category":[],"applications_title":"","applications_request_title":"","applications_request_button_text":"","hero_text":"","hero_video":"","hero_video_schema_markup":"","selling_points_title":"","selling_points_caption":"","selling_points":[],"selling_points_cta_text":"","features_title":"","features":"","ed_cta_examples_text":"","ed_cta_examples_hidden":"","ed_cta_demo_text":"","ed_cta_demo_hidden":"","why_caption":"","why_editor_title":"","why_editor_text":"","why_team_title":"","why_team_text":"","why_service_title":"","why_service_text":"","template_catalog_visible":"","template_catalog_title":"","template_catalog_text":"","template_catalog_categories_visible":"","demo_title":"Crea tu widget de Rese\u00f1as de Airbnb","demo_caption":"\u00a1Configure sus rese\u00f1as de Airbnb y agr\u00e9guelas a su sitio web de Elementor de forma gratuita!","default_faq_hidden":"","app_template_category":[],"platform":"58","template_public_id":"","codecanyon_url":"","codecanyon_item_id":"","codecanyon_price":"","pricing_caption":"","pricing_elfsight_apps_hide_column":"","pricing_elfsight_apps_url":"","pricing_codecanyon_price_caption":"","integration_category":[],"integration_request_title":"","integration_request_cta":"","integration_platform":"","integrations":[],"platform_category":[],"video_schema_markup":"","price":"desde $0 \/ mes","trial":"","benefits":[{"text":"Asistencia de instalaci\u00f3n gratuita"},{"text":"Atenci\u00f3n al cliente experimentada"},{"text":"Garant\u00eda de reembolso de 14 d\u00edas"},{"text":"Actualizaciones continuas"}],"button_url":"#demo","button_target_blank":"","button_nofollow":"","attributes":[{"name":"Instalaciones","content":"10,000 - 100,000"},{"name":"Sensible","content":"S\u00ed"},{"name":"Navegadores compatibles","content":"Firefox, Safari, Opera, Chrome, Edge"}],"tags":[],"tags_disable_links":"","hide_more_platforms":"","video_object":"","demo_hide_cta":"","demo_hide_cloud_options":"","pricing_title":"","pricing":[{"pricing_icon":"platform","pricing_title":"Elfsight Apps","pricing_title_caption":"Soluci\u00f3n independiente de plataforma que se adapta a cualquier sitio","pricing_price":"desde $0 \/ mes","pricing_price_caption":"comienza con el plan gratuito","pricing_benefits":[{"text":"Dominios ilimitados"},{"text":"Atenci\u00f3n al cliente r\u00e1pida"},{"text":"Asistencia de instalaci\u00f3n gratuita"},{"text":"Gran oferta para m\u00faltiples aplicaciones"}],"pricing_button_text":"A\u00f1adir al sitio web","pricing_button_url":"#demo"}],"related_apps_title":"","related_apps_hidden":"","author":"","image":[],"title":"","job":"","social_networks":[]},"_links":{"self":[{"href":"https:\/\/elfsight.com\/es\/wp-json\/wp\/v2\/pages\/8794","targetHints":{"allow":["GET"]}}],"collection":[{"href":"https:\/\/elfsight.com\/es\/wp-json\/wp\/v2\/pages"}],"about":[{"href":"https:\/\/elfsight.com\/es\/wp-json\/wp\/v2\/types\/page"}],"author":[{"embeddable":true,"href":"https:\/\/elfsight.com\/es\/wp-json\/wp\/v2\/users\/9"}],"replies":[{"embeddable":true,"href":"https:\/\/elfsight.com\/es\/wp-json\/wp\/v2\/comments?post=8794"}],"version-history":[{"count":2,"href":"https:\/\/elfsight.com\/es\/wp-json\/wp\/v2\/pages\/8794\/revisions"}],"predecessor-version":[{"id":18397,"href":"https:\/\/elfsight.com\/es\/wp-json\/wp\/v2\/pages\/8794\/revisions\/18397"}],"up":[{"embeddable":true,"href":"https:\/\/elfsight.com\/es\/wp-json\/wp\/v2\/pages\/438"}],"wp:attachment":[{"href":"https:\/\/elfsight.com\/es\/wp-json\/wp\/v2\/media?parent=8794"}],"curies":[{"name":"wp","href":"https:\/\/api.w.org\/{rel}","templated":true}]}}