{"id":8789,"date":"1970-01-01T00:00:00","date_gmt":"1970-01-01T00:00:00","guid":{"rendered":"https:\/\/elfsight.com\/es\/?page_id=8789"},"modified":"2025-02-06T15:30:30","modified_gmt":"2025-02-06T15:30:30","slug":"drupal","status":"publish","type":"page","link":"https:\/\/elfsight.com\/es\/airbnb-reviews-widget\/drupal\/","title":{"rendered":"Airbnb Reviews &#8211; Drupal"},"content":{"rendered":"<div class=\"application-platform-content-item-description application-platform-content-item\" id=\"description\" data-nav-section=\"description\"> <h2>Descripci\u00f3n<\/h2> <p>Si est\u00e1 buscando una manera de demostrar su aprecio entre los usuarios y convencer a los visitantes del sitio web de que vale la pena gastar dinero en sus ofertas, Elfsight Airbnb Reviews har\u00e1 el trabajo. Con la ayuda de nuestro widget, puedes mostrar las opiniones de los usuarios de Airbnb en tu sitio. Incluya informaci\u00f3n sobre sus autores, use filtros para mostrar solo los buenos, agregue calificaciones y un bot\u00f3n de redireccionamiento, que atraer\u00e1 personas a su cuenta de Airbnb para que puedan publicar una nueva rese\u00f1a. <\/p> <div class=\"faq\" data-component=\"FAQ\"><div class=\"faq-item\">\r\n\t\t\t\t\t<div class=\"faq-item-question\">\r\n\t\t\t\t\t\t<h3 class=\"faq-item-question-text\">\u00bfD\u00f3nde puedo insertarlo en mi sitio web?<\/h3>\r\n\r\n\t\t\t\t\t\t<div class=\"faq-item-question-icon\"><\/div>\r\n\t\t\t\t\t<\/div>\r\n\r\n\t\t\t\t\t<div class=\"faq-item-answer\">\r\n\t\t\t\t\t\t<div class=\"faq-item-answer-text\"> <p>Puedes agregar el widget en cualquier p\u00e1gina del sitio web, o agregarlo a la plantilla, para que aparezca en todas las p\u00e1ginas. Las rese\u00f1as pueden funcionar bien en las p\u00e1ginas de productos o en la p\u00e1gina Acerca de nosotros, donde desea mostrar su alta valoraci\u00f3n. <\/p> <\/div>\r\n\t\t\t\t\t<\/div>\r\n\t\t\t\t<\/div><div class=\"faq-item\">\r\n\t\t\t\t\t<div class=\"faq-item-question\">\r\n\t\t\t\t\t\t<h3 class=\"faq-item-question-text\">\u00bfC\u00f3mo podr\u00eda beneficiarme de este complemento?<\/h3>\r\n\r\n\t\t\t\t\t\t<div class=\"faq-item-question-icon\"><\/div>\r\n\t\t\t\t\t<\/div>\r\n\r\n\t\t\t\t\t<div class=\"faq-item-answer\">\r\n\t\t\t\t\t\t<div class=\"faq-item-answer-text\"> <p>Las rese\u00f1as de personas reales parecen perfectamente confiables para los usuarios de su sitio web y les muestran que su negocio es confiable. Las calificaciones altas y las buenas cr\u00edticas pueden ayudar a atraer m\u00e1s hu\u00e9spedes. Adem\u00e1s, el bot\u00f3n de redireccionamiento puede contribuir a tener m\u00e1s rese\u00f1as relacionadas con tu lugar o servicios en Airbnb. <\/p> <\/div>\r\n\t\t\t\t\t<\/div>\r\n\t\t\t\t<\/div> <div class=\"faq-item\">\r\n\t\t\t\t\t<div class=\"faq-item-question\">\r\n\t\t\t\t\t\t<h3 class=\"faq-item-question-text\">\u00bfC\u00f3mo agrego Rese\u00f1as de Airbnb en mi sitio web?<\/h3>\r\n\r\n\t\t\t\t\t\t<div class=\"faq-item-question-icon\"><\/div>\r\n\t\t\t\t\t<\/div>\r\n\r\n\t\t\t\t\t<div class=\"faq-item-answer\">\r\n\t\t\t\t\t\t<div class=\"faq-item-answer-text\"> <p>Solo necesitar\u00e1s tres minutos para configurarlo. Es s\u00faper r\u00e1pido, gratuito y sin codificaci\u00f3n. <\/p> <ol><li>Puedes integrar Rese\u00f1as de Airbnb en tu sitio a trav\u00e9s de nuestro servicio. Para hacerlo vea la gu\u00eda abajo en esta p\u00e1gina. <\/li> <li>El widget se puede configurar a trav\u00e9s de nuestro servicio o en el mercado. Puede comparar m\u00e1s detalles las dos opciones y elegir la m\u00e1s adecuada. <\/li> <\/ol> <\/div>\r\n\t\t\t\t\t<\/div>\r\n\t\t\t\t<\/div> <\/div> <\/div> <div class=\"application-platform-content-item-features application-platform-content-item\" id=\"features\" data-nav-section=\"features\"> <h2>Caracter\u00edsticas<\/h2> <p>Para tener una mejor idea del widget, examine la lista de caracter\u00edsticas esenciales. Hacen que el widget sea m\u00e1s efectivo para usted: <\/p> <ul> <li>Cuatro dise\u00f1os disponibles: Lista, Cuadr\u00edcula, Mamposter\u00eda y Control deslizante; <\/li> <li>El bot\u00f3n de solicitud de revisi\u00f3n lleva a los clientes a la p\u00e1gina de Airbnb; <\/li> <li>Dos variantes de escenarios despu\u00e9s del rechazo de la solicitud de revisi\u00f3n: mostrar su mensaje u ocultar el bot\u00f3n. <\/li> <\/ul><p><a href=\"#demo\">Obtenga una lista completa de funciones en una demostraci\u00f3n en vivo<\/a><\/p> <\/div> <div class=\"application-platform-content-item-installation application-platform-content-item\" id=\"installation\" data-nav-section=\"installation\"> <h2>Descubra c\u00f3mo insertar las rese\u00f1as de Airbnb en su p\u00e1gina de Drupal<\/h2><div class=\"video-container\"><iframe width=\"720\" height=\"405\" src=\"https:\/\/www.youtube.com\/embed\/mbhB44s3LZs\" frameborder=\"0\"><\/iframe><\/div><p>Simplemente siga las pautas a continuaci\u00f3n para incrustar el m\u00f3dulo en Drupal.<\/p> <ol><li><b>Realice nuestro configurador gratuito y comience a formar su propio widget. <\/b><br> Elija el dise\u00f1o y los aspectos preferidos de drupal y guarde las ediciones. <\/li> <li><b>Obtenga el c\u00f3digo \u00fanico expuesto en la ventana de Elfsight Apps. <\/b><br> Inmediatamente despu\u00e9s de finalizar la configuraci\u00f3n de tu drupal personal de Airbnb Reviews, copia el c\u00f3digo personal en la ventana emergente que aparece y gu\u00e1rdalo para ocasiones posteriores. <\/li> <li><b>Comenzar a utilizar el m\u00f3dulo en el sitio web de Drupal. <\/b><br>Ingrese el c\u00f3digo guardado recientemente en su sitio web y guarde las modificaciones. <\/li> <li><b>La instalaci\u00f3n est\u00e1 completamente realizada. <\/b><br> Visite su p\u00e1gina para ver el rendimiento de la herramienta. <\/li><\/ol><p>\u00bfA\u00fan dudas de algo? \u00bfO tener problemas? Simplemente dirija una solicitud a nuestro servicio de atenci\u00f3n al cliente. Ellos resolver\u00e1n todos los problemas. <\/p> <\/div>","protected":false},"excerpt":{"rendered":"","protected":false},"author":9,"featured_media":0,"parent":438,"menu_order":0,"comment_status":"closed","ping_status":"closed","template":"templates\/template-application-platform.php","meta":{"publish_to_discourse":"","publish_post_category":"","wpdc_auto_publish_overridden":"","wpdc_topic_tags":"","wpdc_pin_topic":"","wpdc_pin_until":"","discourse_post_id":"","discourse_permalink":"","wpdc_publishing_response":"","wpdc_publishing_error":"","footnotes":""},"class_list":["post-8789","page","type-page","status-publish","hentry"],"yoast_head":"<!-- This site is optimized with the Yoast SEO plugin v25.3.1 - https:\/\/yoast.com\/wordpress\/plugins\/seo\/ -->\n<title>Inserta rese\u00f1as de Airbnb en tu sitio web Drupal (en 2 minutos)<\/title>\n<meta name=\"description\" content=\"Esta es una oportunidad para dise\u00f1ar el widget de Rese\u00f1as de Airbnb e integrarlo en su sitio Drupal. Disfrute del servicio de atenci\u00f3n al cliente gratuito y otras ventajas de Elfsight.\" \/>\n<meta name=\"robots\" content=\"index, follow, max-snippet:-1, max-image-preview:large, max-video-preview:-1\" \/>\n<link rel=\"canonical\" href=\"https:\/\/elfsight.com\/es\/airbnb-reviews-widget\/drupal\/\" \/>\n<meta property=\"og:locale\" content=\"es_ES\" \/>\n<meta property=\"og:type\" content=\"article\" \/>\n<meta property=\"og:title\" content=\"Inserta rese\u00f1as de Airbnb en tu sitio web Drupal (en 2 minutos)\" \/>\n<meta property=\"og:description\" content=\"Esta es una oportunidad para dise\u00f1ar el widget de Rese\u00f1as de Airbnb e integrarlo en su sitio Drupal. Disfrute del servicio de atenci\u00f3n al cliente gratuito y otras ventajas de Elfsight.\" \/>\n<meta property=\"og:url\" content=\"https:\/\/elfsight.com\/es\/airbnb-reviews-widget\/drupal\/\" \/>\n<meta property=\"og:site_name\" content=\"Elfsight ES\" \/>\n<meta property=\"article:modified_time\" content=\"2025-02-06T15:30:30+00:00\" \/>\n<meta name=\"twitter:card\" content=\"summary_large_image\" \/>\n<meta name=\"twitter:label1\" content=\"Tiempo de lectura\" \/>\n\t<meta name=\"twitter:data1\" content=\"3 minutos\" \/>\n<!-- \/ Yoast SEO plugin. -->","yoast_head_json":{"title":"Inserta rese\u00f1as de Airbnb en tu sitio web Drupal (en 2 minutos)","description":"Esta es una oportunidad para dise\u00f1ar el widget de Rese\u00f1as de Airbnb e integrarlo en su sitio Drupal. Disfrute del servicio de atenci\u00f3n al cliente gratuito y otras ventajas de Elfsight.","robots":{"index":"index","follow":"follow","max-snippet":"max-snippet:-1","max-image-preview":"max-image-preview:large","max-video-preview":"max-video-preview:-1"},"canonical":"https:\/\/elfsight.com\/es\/airbnb-reviews-widget\/drupal\/","og_locale":"es_ES","og_type":"article","og_title":"Inserta rese\u00f1as de Airbnb en tu sitio web Drupal (en 2 minutos)","og_description":"Esta es una oportunidad para dise\u00f1ar el widget de Rese\u00f1as de Airbnb e integrarlo en su sitio Drupal. Disfrute del servicio de atenci\u00f3n al cliente gratuito y otras ventajas de Elfsight.","og_url":"https:\/\/elfsight.com\/es\/airbnb-reviews-widget\/drupal\/","og_site_name":"Elfsight ES","article_modified_time":"2025-02-06T15:30:30+00:00","twitter_card":"summary_large_image","twitter_misc":{"Tiempo de lectura":"3 minutos"},"schema":{"@context":"https:\/\/schema.org","@graph":[{"@type":"WebPage","@id":"https:\/\/elfsight.com\/es\/airbnb-reviews-widget\/drupal\/","url":"https:\/\/elfsight.com\/es\/airbnb-reviews-widget\/drupal\/","name":"Inserta rese\u00f1as de Airbnb en tu sitio web Drupal (en 2 minutos)","isPartOf":{"@id":"https:\/\/elfsight.com\/es\/#website"},"datePublished":"1970-01-01T00:00:00+00:00","dateModified":"2025-02-06T15:30:30+00:00","description":"Esta es una oportunidad para dise\u00f1ar el widget de Rese\u00f1as de Airbnb e integrarlo en su sitio Drupal. Disfrute del servicio de atenci\u00f3n al cliente gratuito y otras ventajas de Elfsight.","breadcrumb":{"@id":"https:\/\/elfsight.com\/es\/airbnb-reviews-widget\/drupal\/#breadcrumb"},"inLanguage":"es","potentialAction":[{"@type":"ReadAction","target":["https:\/\/elfsight.com\/es\/airbnb-reviews-widget\/drupal\/"]}]},{"@type":"BreadcrumbList","@id":"https:\/\/elfsight.com\/es\/airbnb-reviews-widget\/drupal\/#breadcrumb","itemListElement":[{"@type":"ListItem","position":1,"name":"Home","item":"https:\/\/elfsight.com\/es\/"},{"@type":"ListItem","position":2,"name":"Airbnb Reviews","item":"https:\/\/elfsight.com\/es\/airbnb-reviews-widget\/"},{"@type":"ListItem","position":3,"name":"Airbnb Reviews &#8211; Drupal"}]},{"@type":"WebSite","@id":"https:\/\/elfsight.com\/es\/#website","url":"https:\/\/elfsight.com\/es\/","name":"Elfsight ES","description":"Just another Elfsight Sites site","potentialAction":[{"@type":"SearchAction","target":{"@type":"EntryPoint","urlTemplate":"https:\/\/elfsight.com\/es\/?s={search_term_string}"},"query-input":{"@type":"PropertyValueSpecification","valueRequired":true,"valueName":"search_term_string"}}],"inLanguage":"es"}]}},"meta_box":{"industry":"","seo_heading":"","heading":"","description":"","cta_heading":"","cta_description":"","application":"437","h1":"Opiniones de Airbnb sobre Drupal","h1_caption":"Publica lo m\u00e1ximo posible de Airbnb en tu sitio web","application_category":[],"applications_title":"","applications_request_title":"","applications_request_button_text":"","hero_text":"","hero_video":"","hero_video_schema_markup":"","selling_points_title":"","selling_points_caption":"","selling_points":[],"selling_points_cta_text":"","features_title":"","features":"","ed_cta_examples_text":"","ed_cta_examples_hidden":"","ed_cta_demo_text":"","ed_cta_demo_hidden":"","why_caption":"","why_editor_title":"","why_editor_text":"","why_team_title":"","why_team_text":"","why_service_title":"","why_service_text":"","template_catalog_visible":"","template_catalog_title":"","template_catalog_text":"","template_catalog_categories_visible":"","demo_title":"Crea tu m\u00f3dulo de Rese\u00f1as de Airbnb","demo_caption":"\u00a1Configura tus rese\u00f1as de Airbnb y agr\u00e9galas a tu sitio web Drupal gratis!","default_faq_hidden":"","app_template_category":[],"platform":"2161","template_public_id":"","codecanyon_url":"","codecanyon_item_id":"","codecanyon_price":"","pricing_caption":"","pricing_elfsight_apps_hide_column":"","pricing_elfsight_apps_url":"","pricing_codecanyon_price_caption":"","integration_category":[],"integration_request_title":"","integration_request_cta":"","integration_platform":"","integrations":[],"platform_category":[],"video_schema_markup":"","price":"desde $0 \/ mes","trial":"","benefits":[{"text":"Servicio de instalaci\u00f3n gratuito"},{"text":"Atenci\u00f3n al cliente experimentada"},{"text":"Garant\u00eda de devoluci\u00f3n de dinero de 14 d\u00edas"},{"text":"Actualizaciones continuas"}],"button_url":"#demo","button_target_blank":"","button_nofollow":"","attributes":[{"name":"Instalaciones","content":"10,000 - 100,000"},{"name":"Sensible","content":"S\u00ed"},{"name":"Navegadores compatibles","content":"Firefox, Safari, Opera, Chrome, Edge"}],"tags":[],"tags_disable_links":"","hide_more_platforms":"","video_object":"","demo_hide_cta":"","demo_hide_cloud_options":"","pricing_title":"","pricing":[{"pricing_icon":"platform","pricing_title":"Elfsight Apps","pricing_title_caption":"Versi\u00f3n multiplataforma que funciona en cualquier sitio web.","pricing_price":"desde $0 \/ mes","pricing_price_caption":"comienza con el plan gratuito","pricing_benefits":[{"text":"Sitios web ilimitados"},{"text":"Soporte gratuito"},{"text":"Ayuda de instalaci\u00f3n gratuita"},{"text":"Oferta especial para m\u00faltiples aplicaciones"}],"pricing_button_text":"A\u00f1adir al sitio web","pricing_button_url":"#demo"}],"related_apps_title":"","related_apps_hidden":"","author":"","image":[],"title":"","job":"","social_networks":[]},"_links":{"self":[{"href":"https:\/\/elfsight.com\/es\/wp-json\/wp\/v2\/pages\/8789","targetHints":{"allow":["GET"]}}],"collection":[{"href":"https:\/\/elfsight.com\/es\/wp-json\/wp\/v2\/pages"}],"about":[{"href":"https:\/\/elfsight.com\/es\/wp-json\/wp\/v2\/types\/page"}],"author":[{"embeddable":true,"href":"https:\/\/elfsight.com\/es\/wp-json\/wp\/v2\/users\/9"}],"replies":[{"embeddable":true,"href":"https:\/\/elfsight.com\/es\/wp-json\/wp\/v2\/comments?post=8789"}],"version-history":[{"count":2,"href":"https:\/\/elfsight.com\/es\/wp-json\/wp\/v2\/pages\/8789\/revisions"}],"predecessor-version":[{"id":18398,"href":"https:\/\/elfsight.com\/es\/wp-json\/wp\/v2\/pages\/8789\/revisions\/18398"}],"up":[{"embeddable":true,"href":"https:\/\/elfsight.com\/es\/wp-json\/wp\/v2\/pages\/438"}],"wp:attachment":[{"href":"https:\/\/elfsight.com\/es\/wp-json\/wp\/v2\/media?parent=8789"}],"curies":[{"name":"wp","href":"https:\/\/api.w.org\/{rel}","templated":true}]}}