{"id":8787,"date":"1970-01-01T00:00:00","date_gmt":"1970-01-01T00:00:00","guid":{"rendered":"https:\/\/elfsight.com\/es\/?page_id=8787"},"modified":"2025-02-06T15:30:30","modified_gmt":"2025-02-06T15:30:30","slug":"bigcommerce","status":"publish","type":"page","link":"https:\/\/elfsight.com\/es\/airbnb-reviews-widget\/bigcommerce\/","title":{"rendered":"Airbnb Reviews &#8211; BigCommerce"},"content":{"rendered":"<div class=\"application-platform-content-item-description application-platform-content-item\" id=\"description\" data-nav-section=\"description\"> <h2>Descripci\u00f3n<\/h2> <p>Si desea presumir de su alta calificaci\u00f3n y convencer a los visitantes del sitio de que sus productos o servicios tienen una buena relaci\u00f3n calidad-precio, el widget Elfsight Airbnb Reviews ser\u00e1 la soluci\u00f3n. Con esta herramienta, podr\u00e1 insertar f\u00e1cilmente rese\u00f1as de clientes de Airbnb en su sitio web. Podr\u00e1s ordenarlos para demostrar solo lo positivo, mostrar calificaciones y un bot\u00f3n activo que llevar\u00e1 a los usuarios a tu p\u00e1gina de Airbnb, donde podr\u00e1n escribir una nueva rese\u00f1a. <\/p> <div class=\"faq\" data-component=\"FAQ\"><div class=\"faq-item\">\r\n\t\t\t\t\t<div class=\"faq-item-question\">\r\n\t\t\t\t\t\t<h3 class=\"faq-item-question-text\">\u00bfD\u00f3nde puedo publicar rese\u00f1as de Airbnb?<\/h3>\r\n\r\n\t\t\t\t\t\t<div class=\"faq-item-question-icon\"><\/div>\r\n\t\t\t\t\t<\/div>\r\n\r\n\t\t\t\t\t<div class=\"faq-item-answer\">\r\n\t\t\t\t\t\t<div class=\"faq-item-answer-text\"> <p>Puedes integrar el widget de rese\u00f1as en cualquier p\u00e1gina de tu sitio o insertarlo en la plantilla del sitio; en este caso, se mostrar\u00e1 en todas las p\u00e1ginas. Las rese\u00f1as har\u00e1n un buen trabajo en las p\u00e1ginas de productos o en la p\u00e1gina Acerca de nosotros, los lugares donde desea demostrar su alta calificaci\u00f3n. <\/p> <\/div>\r\n\t\t\t\t\t<\/div>\r\n\t\t\t\t<\/div><div class=\"faq-item\">\r\n\t\t\t\t\t<div class=\"faq-item-question\">\r\n\t\t\t\t\t\t<h3 class=\"faq-item-question-text\">\u00bfQu\u00e9 beneficios me brinda?<\/h3>\r\n\r\n\t\t\t\t\t\t<div class=\"faq-item-question-icon\"><\/div>\r\n\t\t\t\t\t<\/div>\r\n\r\n\t\t\t\t\t<div class=\"faq-item-answer\">\r\n\t\t\t\t\t\t<div class=\"faq-item-answer-text\"> <p>Las rese\u00f1as agregadas por personas reales parecen perfectamente confiables para los visitantes de su sitio web y significan para ellos que su empresa es confiable. Las calificaciones altas y las cr\u00edticas positivas pueden ayudar a aumentar las compras en su sitio web. Adem\u00e1s, el bot\u00f3n activo contribuir\u00e1 a tener m\u00e1s opiniones de clientes sobre tu alojamiento en Airbnb. <\/p> <\/div>\r\n\t\t\t\t\t<\/div>\r\n\t\t\t\t<\/div> <div class=\"faq-item\">\r\n\t\t\t\t\t<div class=\"faq-item-question\">\r\n\t\t\t\t\t\t<h3 class=\"faq-item-question-text\">\u00bfQu\u00e9 necesito para insertar Rese\u00f1as de Airbnb en mi sitio web? <\/h3>\r\n\r\n\t\t\t\t\t\t<div class=\"faq-item-question-icon\"><\/div>\r\n\t\t\t\t\t<\/div>\r\n\r\n\t\t\t\t\t<div class=\"faq-item-answer\">\r\n\t\t\t\t\t\t<div class=\"faq-item-answer-text\"> <p>Solo te llevar\u00e1 un par de minutos de tu tiempo insertar el widget. El proceso es realmente r\u00e1pido, gratuito y sin codificaci\u00f3n. <\/p> <ol><li>Puede colocar el widget en su sitio directamente a trav\u00e9s de nuestro servicio. Simplemente aplique la gu\u00eda a continuaci\u00f3n en esta p\u00e1gina. <\/li> <li>El widget se puede integrar a trav\u00e9s de nuestro servicio o en el mercado. Puedes ver m\u00e1s detalles de estas variantes y elegir la tuya. <\/li> <\/ol> <\/div>\r\n\t\t\t\t\t<\/div>\r\n\t\t\t\t<\/div> <\/div> <\/div> <div class=\"application-platform-content-item-features application-platform-content-item\" id=\"features\" data-nav-section=\"features\"> <h2>Funciones<\/h2> <p>Para tener un mejor conocimiento del widget, consulte la lista de las funciones principales. Hacen que nuestro widget sea realmente efectivo para su sitio web: <\/p> <ul> <li>3 filtros disponibles: por tipo, excluir por y cantidad de rese\u00f1as para mostrar; <\/li> <li> Encabezado totalmente flexible del widget; <\/li> <li>Seis elementos flexibles de las rese\u00f1as: nombre del autor e imagen, recomendaci\u00f3n, fecha de publicaci\u00f3n, \u00edcono de Airbnb y calificaci\u00f3n de estrellas; <\/li> <\/ul><p><a href=\"#demo\">La demostraci\u00f3n en vivo le revelar\u00e1 una lista completa de funciones<\/a><\/p> <\/div> <div class=\"application-platform-content-item-installation application-platform-content-item\" id=\"installation\" data-nav-section=\"installation\"> <h2>Veamos c\u00f3mo insertar las rese\u00f1as de Airbnb en su tienda BigCommerce<\/h2> <div class=\"video-container\"><iframe width=\"720\" height=\"405\" src=\"https:\/\/www.youtube.com\/embed\/Daf1kvaSLh4\" frameborder=\"0\"><\/iframe><\/div><p>Simplemente sigue las siguientes pautas para integrar la aplicaci\u00f3n en BigCommerce.<\/p> <ol><li><b>Emplea nuestro configurador gratuito y comienza a crear tu widget personalizado de Rese\u00f1as de Airbnb. <\/b><br> Especifique el dise\u00f1o y las opciones adecuados de la herramienta y guarde las ediciones. <\/li> <li><b>Adquiera su c\u00f3digo \u00fanico que aparece en el formulario especial en Elfsight Apps. <\/b><br> Inmediatamente despu\u00e9s de finalizar la personalizaci\u00f3n de su widget, copie el c\u00f3digo personal en la ventana que aparece y gu\u00e1rdelo para su uso posterior. <\/li> <li><b>Comience a usar la aplicaci\u00f3n en su sitio BigCommerce. <\/b><br>Coloca el c\u00f3digo copiado anteriormente en tu sitio web y guarda las modificaciones. <\/li> <li><b>\u00a1Ya terminaste! La incrustaci\u00f3n ha finalizado por completo. <\/b><br> Vaya a su sitio para ver c\u00f3mo funciona el complemento. <\/li><\/ol><p>\u00bfA\u00fan no puedes decidirte? \u00bfO tropez\u00f3 con algo? Simplemente escriba una solicitud a nuestro equipo de soporte y resolver\u00e1 todos los problemas. <\/p> <\/div>","protected":false},"excerpt":{"rendered":"","protected":false},"author":9,"featured_media":0,"parent":438,"menu_order":0,"comment_status":"closed","ping_status":"closed","template":"templates\/template-application-platform.php","meta":{"publish_to_discourse":"","publish_post_category":"","wpdc_auto_publish_overridden":"","wpdc_topic_tags":"","wpdc_pin_topic":"","wpdc_pin_until":"","discourse_post_id":"","discourse_permalink":"","wpdc_publishing_response":"","wpdc_publishing_error":"","footnotes":""},"class_list":["post-8787","page","type-page","status-publish","hentry"],"yoast_head":"<!-- This site is optimized with the Yoast SEO plugin v25.3.1 - https:\/\/yoast.com\/wordpress\/plugins\/seo\/ -->\n<title>Inserte rese\u00f1as de Airbnb en su sitio web de BigCommerce (2025)<\/title>\n<meta name=\"description\" content=\"Aqu\u00ed tienes la oportunidad de crear un widget de Rese\u00f1as de Airbnb e incrustarlo en tu sitio de BigCommere. Disfrutar\u00e1 de asistencia al cliente gratuita y otras ventajas de Elfsight.\" \/>\n<meta name=\"robots\" content=\"index, follow, max-snippet:-1, max-image-preview:large, max-video-preview:-1\" \/>\n<link rel=\"canonical\" href=\"https:\/\/elfsight.com\/es\/airbnb-reviews-widget\/bigcommerce\/\" \/>\n<meta property=\"og:locale\" content=\"es_ES\" \/>\n<meta property=\"og:type\" content=\"article\" \/>\n<meta property=\"og:title\" content=\"Inserte rese\u00f1as de Airbnb en su sitio web de BigCommerce (2025)\" \/>\n<meta property=\"og:description\" content=\"Aqu\u00ed tienes la oportunidad de crear un widget de Rese\u00f1as de Airbnb e incrustarlo en tu sitio de BigCommere. Disfrutar\u00e1 de asistencia al cliente gratuita y otras ventajas de Elfsight.\" \/>\n<meta property=\"og:url\" content=\"https:\/\/elfsight.com\/es\/airbnb-reviews-widget\/bigcommerce\/\" \/>\n<meta property=\"og:site_name\" content=\"Elfsight ES\" \/>\n<meta property=\"article:modified_time\" content=\"2025-02-06T15:30:30+00:00\" \/>\n<meta name=\"twitter:card\" content=\"summary_large_image\" \/>\n<meta name=\"twitter:label1\" content=\"Tiempo de lectura\" \/>\n\t<meta name=\"twitter:data1\" content=\"3 minutos\" \/>\n<!-- \/ Yoast SEO plugin. -->","yoast_head_json":{"title":"Inserte rese\u00f1as de Airbnb en su sitio web de BigCommerce (2025)","description":"Aqu\u00ed tienes la oportunidad de crear un widget de Rese\u00f1as de Airbnb e incrustarlo en tu sitio de BigCommere. Disfrutar\u00e1 de asistencia al cliente gratuita y otras ventajas de Elfsight.","robots":{"index":"index","follow":"follow","max-snippet":"max-snippet:-1","max-image-preview":"max-image-preview:large","max-video-preview":"max-video-preview:-1"},"canonical":"https:\/\/elfsight.com\/es\/airbnb-reviews-widget\/bigcommerce\/","og_locale":"es_ES","og_type":"article","og_title":"Inserte rese\u00f1as de Airbnb en su sitio web de BigCommerce (2025)","og_description":"Aqu\u00ed tienes la oportunidad de crear un widget de Rese\u00f1as de Airbnb e incrustarlo en tu sitio de BigCommere. Disfrutar\u00e1 de asistencia al cliente gratuita y otras ventajas de Elfsight.","og_url":"https:\/\/elfsight.com\/es\/airbnb-reviews-widget\/bigcommerce\/","og_site_name":"Elfsight ES","article_modified_time":"2025-02-06T15:30:30+00:00","twitter_card":"summary_large_image","twitter_misc":{"Tiempo de lectura":"3 minutos"},"schema":{"@context":"https:\/\/schema.org","@graph":[{"@type":"WebPage","@id":"https:\/\/elfsight.com\/es\/airbnb-reviews-widget\/bigcommerce\/","url":"https:\/\/elfsight.com\/es\/airbnb-reviews-widget\/bigcommerce\/","name":"Inserte rese\u00f1as de Airbnb en su sitio web de BigCommerce (2025)","isPartOf":{"@id":"https:\/\/elfsight.com\/es\/#website"},"datePublished":"1970-01-01T00:00:00+00:00","dateModified":"2025-02-06T15:30:30+00:00","description":"Aqu\u00ed tienes la oportunidad de crear un widget de Rese\u00f1as de Airbnb e incrustarlo en tu sitio de BigCommere. Disfrutar\u00e1 de asistencia al cliente gratuita y otras ventajas de Elfsight.","breadcrumb":{"@id":"https:\/\/elfsight.com\/es\/airbnb-reviews-widget\/bigcommerce\/#breadcrumb"},"inLanguage":"es","potentialAction":[{"@type":"ReadAction","target":["https:\/\/elfsight.com\/es\/airbnb-reviews-widget\/bigcommerce\/"]}]},{"@type":"BreadcrumbList","@id":"https:\/\/elfsight.com\/es\/airbnb-reviews-widget\/bigcommerce\/#breadcrumb","itemListElement":[{"@type":"ListItem","position":1,"name":"Home","item":"https:\/\/elfsight.com\/es\/"},{"@type":"ListItem","position":2,"name":"Airbnb Reviews","item":"https:\/\/elfsight.com\/es\/airbnb-reviews-widget\/"},{"@type":"ListItem","position":3,"name":"Airbnb Reviews &#8211; BigCommerce"}]},{"@type":"WebSite","@id":"https:\/\/elfsight.com\/es\/#website","url":"https:\/\/elfsight.com\/es\/","name":"Elfsight ES","description":"Just another Elfsight Sites site","potentialAction":[{"@type":"SearchAction","target":{"@type":"EntryPoint","urlTemplate":"https:\/\/elfsight.com\/es\/?s={search_term_string}"},"query-input":{"@type":"PropertyValueSpecification","valueRequired":true,"valueName":"search_term_string"}}],"inLanguage":"es"}]}},"meta_box":{"industry":"","seo_heading":"","heading":"","description":"","cta_heading":"","cta_description":"","application":"437","h1":"Evaluaciones de Airbnb en BigCommerce","h1_caption":"Inserta las mejores rese\u00f1as de usuarios de Airbnb en tu sitio web","application_category":[],"applications_title":"","applications_request_title":"","applications_request_button_text":"","hero_text":"","hero_video":"","hero_video_schema_markup":"","selling_points_title":"","selling_points_caption":"","selling_points":[],"selling_points_cta_text":"","features_title":"","features":"","ed_cta_examples_text":"","ed_cta_examples_hidden":"","ed_cta_demo_text":"","ed_cta_demo_hidden":"","why_caption":"","why_editor_title":"","why_editor_text":"","why_team_title":"","why_team_text":"","why_service_title":"","why_service_text":"","template_catalog_visible":"","template_catalog_title":"","template_catalog_text":"","template_catalog_categories_visible":"","demo_title":"Crea tu aplicaci\u00f3n de rese\u00f1as de Airbnb","demo_caption":"\u00a1Configure sus rese\u00f1as de Airbnb y agr\u00e9guelas a su sitio web de BigCommerce de forma gratuita!","default_faq_hidden":"","app_template_category":[],"platform":"33","template_public_id":"","codecanyon_url":"","codecanyon_item_id":"","codecanyon_price":"","pricing_caption":"","pricing_elfsight_apps_hide_column":"","pricing_elfsight_apps_url":"","pricing_codecanyon_price_caption":"","integration_category":[],"integration_request_title":"","integration_request_cta":"","integration_platform":"","integrations":[],"platform_category":[],"video_schema_markup":"","price":"desde $0 \/ mes","trial":"","benefits":[{"text":"Ayuda de instalaci\u00f3n gratuita"},{"text":"Servicio al cliente profesional"},{"text":"Garant\u00eda de devoluci\u00f3n de dinero de 14 d\u00edas"},{"text":"Desarrollo continuo"}],"button_url":"#demo","button_target_blank":"","button_nofollow":"","attributes":[{"name":"Instalaciones","content":"10,000 - 100,000"},{"name":"Sensible","content":"S\u00ed"},{"name":"Navegadores compatibles","content":"Firefox, Safari, Opera, Chrome, Edge"}],"tags":[],"tags_disable_links":"","hide_more_platforms":"","video_object":"","demo_hide_cta":"","demo_hide_cloud_options":"","pricing_title":"","pricing":[{"pricing_icon":"platform","pricing_title":"Elfsight Apps","pricing_title_caption":"Software multiplataforma","pricing_price":"desde $0 \/ mes","pricing_price_caption":"comienza con un plan gratuito","pricing_benefits":[{"text":"Sitios web ilimitados"},{"text":"Atenci\u00f3n al cliente dedicada y bien documentada."},{"text":"Servicio de instalaci\u00f3n gratuito"},{"text":"Totalmente personalizable"}],"pricing_button_text":"A\u00f1adir al sitio web","pricing_button_url":"#demo"}],"related_apps_title":"","related_apps_hidden":"","author":"","image":[],"title":"","job":"","social_networks":[]},"_links":{"self":[{"href":"https:\/\/elfsight.com\/es\/wp-json\/wp\/v2\/pages\/8787","targetHints":{"allow":["GET"]}}],"collection":[{"href":"https:\/\/elfsight.com\/es\/wp-json\/wp\/v2\/pages"}],"about":[{"href":"https:\/\/elfsight.com\/es\/wp-json\/wp\/v2\/types\/page"}],"author":[{"embeddable":true,"href":"https:\/\/elfsight.com\/es\/wp-json\/wp\/v2\/users\/9"}],"replies":[{"embeddable":true,"href":"https:\/\/elfsight.com\/es\/wp-json\/wp\/v2\/comments?post=8787"}],"version-history":[{"count":2,"href":"https:\/\/elfsight.com\/es\/wp-json\/wp\/v2\/pages\/8787\/revisions"}],"predecessor-version":[{"id":18400,"href":"https:\/\/elfsight.com\/es\/wp-json\/wp\/v2\/pages\/8787\/revisions\/18400"}],"up":[{"embeddable":true,"href":"https:\/\/elfsight.com\/es\/wp-json\/wp\/v2\/pages\/438"}],"wp:attachment":[{"href":"https:\/\/elfsight.com\/es\/wp-json\/wp\/v2\/media?parent=8787"}],"curies":[{"name":"wp","href":"https:\/\/api.w.org\/{rel}","templated":true}]}}