{"id":8781,"date":"1970-01-01T00:00:00","date_gmt":"1970-01-01T00:00:00","guid":{"rendered":"https:\/\/elfsight.com\/es\/?page_id=8781"},"modified":"2025-02-06T15:30:39","modified_gmt":"2025-02-06T15:30:39","slug":"godaddy","status":"publish","type":"page","link":"https:\/\/elfsight.com\/es\/airbnb-reviews-widget\/godaddy\/","title":{"rendered":"Airbnb Reviews  &#8211; GoDaddy"},"content":{"rendered":"<div class=\"application-platform-content-item-description application-platform-content-item\" id=\"description\" data-nav-section=\"description\"> <h2>Incorporar rese\u00f1as de Airbnb en GoDaddy con el widget de Elfsight<\/h2> <p>Elfsight Airbnb Reviews es una herramienta que le permite publicar recomendaciones publicadas en Airbnb en su sitio web. Con el complemento, podr\u00e1 aplicar filtros para clasificar las rese\u00f1as no deseadas, agregar la calificaci\u00f3n de estrellas y n\u00fameros de su p\u00e1gina, mostrar informaci\u00f3n sobre los autores y agregar un bot\u00f3n de llamada a la acci\u00f3n, que ayudar\u00e1 a los visitantes a escribir una nueva rese\u00f1a sobre su lugar. Las rese\u00f1as de Airbnb de Elfsight lo ayudar\u00e1n a demostrar su alta calidad social en el sitio y atraer nuevas compras.<\/p> <p><b>Aumente las compras demostrando su alta calificaci\u00f3n e imagen positiva<\/b><\/p> <\/div> <div class=\"application-platform-content-item-features application-platform-content-item\" id=\"features\" data-nav-section=\"features\"> <h2>Encuentre a continuaci\u00f3n las caracter\u00edsticas b\u00e1sicas del complemento: <\/h2> <ul> <li>Tres opciones de filtros: por tipo, excluir por, y cantidad de rese\u00f1as para mostrar; <\/li> <li>Una oportunidad para activar\/desactivar el encabezado del complemento; <\/li> <li>Seis elementos flexibles del complemento: nombre y foto del autor, texto de recomendaci\u00f3n, fecha, \u00edcono de Airbnb y calificaci\u00f3n de estrellas; <\/li> <\/ul><p><a href=\"#demo\">Simplemente consulte esta demostraci\u00f3n para ver cu\u00e1nto vale el complemento<\/a><\/p> <\/div> <div class=\"application-platform-content-item-installation application-platform-content-item\" id=\"installation\" data-nav-section=\"installation\"> <h2>\u00bfC\u00f3mo incorporo rese\u00f1as de Airbnb en mi sitio GoDaddy? <\/h2> <p>Simplemente aplique las instrucciones a continuaci\u00f3n para insertar el complemento. <\/p> <ol><li><b>Inicie nuestra demostraci\u00f3n gratuita y comience a formar su propio instrumento. <\/b><br> Especifique la forma y las caracter\u00edsticas preferidas del complemento y aplique las modificaciones. <\/li> <li><b>Copia tu c\u00f3digo \u00fanico que se muestra en la ventana de Elfsight Apps. <\/b><br> Una vez completada la creaci\u00f3n de su complemento personal, copie el c\u00f3digo exclusivo en la ventana emergente que aparece y gu\u00e1rdelo para usarlo m\u00e1s adelante. <\/li> <li><b>Inicie la aplicaci\u00f3n de la herramienta en su p\u00e1gina web de GoDaddy. <\/b><br> Inserta el c\u00f3digo que has guardado anteriormente en tu p\u00e1gina web y aplica las modificaciones. <\/li> <li><b>\u00a1Listo! La integraci\u00f3n est\u00e1 plenamente lograda. <\/b><br>Vaya a su sitio web para examinar el funcionamiento de la herramienta. <\/li><\/ol> <p>Si tiene alguna dificultad, no tema escribir a nuestro personal de soporte. Nuestros especialistas estar\u00e1n encantados de resolver todas las dudas que puedas tener con el complemento. <\/p> <div class=\"faq\" data-component=\"FAQ\"> <div class=\"faq-item\">\r\n\t\t\t\t\t<div class=\"faq-item-question\">\r\n\t\t\t\t\t\t<h3 class=\"faq-item-question-text\">\u00bfC\u00f3mo agregar rese\u00f1as de Airbnb a mi sitio web de GoDaddy sin conocimientos de codificaci\u00f3n?<\/h3>\r\n\r\n\t\t\t\t\t\t<div class=\"faq-item-question-icon\"><\/div>\r\n\t\t\t\t\t<\/div>\r\n\r\n\t\t\t\t\t<div class=\"faq-item-answer\">\r\n\t\t\t\t\t\t<div class=\"faq-item-answer-text\"> <p>Elfsight proporciona una soluci\u00f3n SaaS que le permite crear un widget de rese\u00f1as de Airbnb usted mismo. Vea lo f\u00e1cil que es el proceso: trabaje directamente en el editor en l\u00ednea para crear un widget de rese\u00f1as de Airbnb que le gustar\u00eda ver en su sitio web de GoDaddy. Elija una de las plantillas predise\u00f1adas y ajuste la configuraci\u00f3n de Rese\u00f1as de Airbnb, agregue su contenido, cambie el dise\u00f1o y los colores sin conocimientos de codificaci\u00f3n. Guarde las rese\u00f1as de Airbnb y copie su c\u00f3digo de instalaci\u00f3n, que podr\u00e1 pegar f\u00e1cilmente en su sitio web de GoDaddy sin necesidad de comprar una versi\u00f3n paga. Con nuestro editor intuitivo, cualquier usuario de Internet puede crear un widget de rese\u00f1as de Airbnb en l\u00ednea e incrustarlo f\u00e1cilmente en su sitio web GoDaddy. No es necesario pagar ni ingresar las credenciales de su tarjeta para acceder al servicio. Si tiene alg\u00fan problema en cualquier paso, no dude en ponerse en contacto con nuestro equipo de soporte t\u00e9cnico.<\/p> <\/div>\r\n\t\t\t\t\t<\/div>\r\n\t\t\t\t<\/div> <\/div> <\/div>","protected":false},"excerpt":{"rendered":"","protected":false},"author":9,"featured_media":0,"parent":438,"menu_order":0,"comment_status":"closed","ping_status":"closed","template":"templates\/template-application-platform.php","meta":{"publish_to_discourse":"","publish_post_category":"","wpdc_auto_publish_overridden":"","wpdc_topic_tags":"","wpdc_pin_topic":"","wpdc_pin_until":"","discourse_post_id":"","discourse_permalink":"","wpdc_publishing_response":"","wpdc_publishing_error":"","footnotes":""},"class_list":["post-8781","page","type-page","status-publish","hentry"],"yoast_head":"<!-- This site is optimized with the Yoast SEO plugin v25.3.1 - https:\/\/yoast.com\/wordpress\/plugins\/seo\/ -->\n<title>Rese\u00f1as de Airbnb: \u00a1agregue el complemento Rese\u00f1as al sitio web de GoDaddy!<\/title>\n<meta name=\"description\" content=\"Demuestre r\u00e1pidamente las rese\u00f1as de los usuarios de Airbnb en su sitio web con informaci\u00f3n sobre sus autores, utilizando el complemento de rese\u00f1as de Airbnb para GoDaddy.\" \/>\n<meta name=\"robots\" content=\"index, follow, max-snippet:-1, max-image-preview:large, max-video-preview:-1\" \/>\n<link rel=\"canonical\" href=\"https:\/\/elfsight.com\/es\/airbnb-reviews-widget\/godaddy\/\" \/>\n<meta property=\"og:locale\" content=\"es_ES\" \/>\n<meta property=\"og:type\" content=\"article\" \/>\n<meta property=\"og:title\" content=\"Rese\u00f1as de Airbnb: \u00a1agregue el complemento Rese\u00f1as al sitio web de GoDaddy!\" \/>\n<meta property=\"og:description\" content=\"Demuestre r\u00e1pidamente las rese\u00f1as de los usuarios de Airbnb en su sitio web con informaci\u00f3n sobre sus autores, utilizando el complemento de rese\u00f1as de Airbnb para GoDaddy.\" \/>\n<meta property=\"og:url\" content=\"https:\/\/elfsight.com\/es\/airbnb-reviews-widget\/godaddy\/\" \/>\n<meta property=\"og:site_name\" content=\"Elfsight ES\" \/>\n<meta property=\"article:modified_time\" content=\"2025-02-06T15:30:39+00:00\" \/>\n<meta name=\"twitter:card\" content=\"summary_large_image\" \/>\n<meta name=\"twitter:label1\" content=\"Tiempo de lectura\" \/>\n\t<meta name=\"twitter:data1\" content=\"3 minutos\" \/>\n<!-- \/ Yoast SEO plugin. -->","yoast_head_json":{"title":"Rese\u00f1as de Airbnb: \u00a1agregue el complemento Rese\u00f1as al sitio web de GoDaddy!","description":"Demuestre r\u00e1pidamente las rese\u00f1as de los usuarios de Airbnb en su sitio web con informaci\u00f3n sobre sus autores, utilizando el complemento de rese\u00f1as de Airbnb para GoDaddy.","robots":{"index":"index","follow":"follow","max-snippet":"max-snippet:-1","max-image-preview":"max-image-preview:large","max-video-preview":"max-video-preview:-1"},"canonical":"https:\/\/elfsight.com\/es\/airbnb-reviews-widget\/godaddy\/","og_locale":"es_ES","og_type":"article","og_title":"Rese\u00f1as de Airbnb: \u00a1agregue el complemento Rese\u00f1as al sitio web de GoDaddy!","og_description":"Demuestre r\u00e1pidamente las rese\u00f1as de los usuarios de Airbnb en su sitio web con informaci\u00f3n sobre sus autores, utilizando el complemento de rese\u00f1as de Airbnb para GoDaddy.","og_url":"https:\/\/elfsight.com\/es\/airbnb-reviews-widget\/godaddy\/","og_site_name":"Elfsight ES","article_modified_time":"2025-02-06T15:30:39+00:00","twitter_card":"summary_large_image","twitter_misc":{"Tiempo de lectura":"3 minutos"},"schema":{"@context":"https:\/\/schema.org","@graph":[{"@type":"WebPage","@id":"https:\/\/elfsight.com\/es\/airbnb-reviews-widget\/godaddy\/","url":"https:\/\/elfsight.com\/es\/airbnb-reviews-widget\/godaddy\/","name":"Rese\u00f1as de Airbnb: \u00a1agregue el complemento Rese\u00f1as al sitio web de GoDaddy!","isPartOf":{"@id":"https:\/\/elfsight.com\/es\/#website"},"datePublished":"1970-01-01T00:00:00+00:00","dateModified":"2025-02-06T15:30:39+00:00","description":"Demuestre r\u00e1pidamente las rese\u00f1as de los usuarios de Airbnb en su sitio web con informaci\u00f3n sobre sus autores, utilizando el complemento de rese\u00f1as de Airbnb para GoDaddy.","breadcrumb":{"@id":"https:\/\/elfsight.com\/es\/airbnb-reviews-widget\/godaddy\/#breadcrumb"},"inLanguage":"es","potentialAction":[{"@type":"ReadAction","target":["https:\/\/elfsight.com\/es\/airbnb-reviews-widget\/godaddy\/"]}]},{"@type":"BreadcrumbList","@id":"https:\/\/elfsight.com\/es\/airbnb-reviews-widget\/godaddy\/#breadcrumb","itemListElement":[{"@type":"ListItem","position":1,"name":"Home","item":"https:\/\/elfsight.com\/es\/"},{"@type":"ListItem","position":2,"name":"Airbnb Reviews","item":"https:\/\/elfsight.com\/es\/airbnb-reviews-widget\/"},{"@type":"ListItem","position":3,"name":"Airbnb Reviews &#8211; GoDaddy"}]},{"@type":"WebSite","@id":"https:\/\/elfsight.com\/es\/#website","url":"https:\/\/elfsight.com\/es\/","name":"Elfsight ES","description":"Just another Elfsight Sites site","potentialAction":[{"@type":"SearchAction","target":{"@type":"EntryPoint","urlTemplate":"https:\/\/elfsight.com\/es\/?s={search_term_string}"},"query-input":{"@type":"PropertyValueSpecification","valueRequired":true,"valueName":"search_term_string"}}],"inLanguage":"es"}]}},"meta_box":{"industry":"","seo_heading":"","heading":"","description":"","cta_heading":"","cta_description":"","application":"437","h1":"Complemento de rese\u00f1as de Airbnb de GoDaddy","h1_caption":"Agregue las rese\u00f1as de usuarios m\u00e1s atractivas de Airbnb en su sitio web","application_category":[],"applications_title":"","applications_request_title":"","applications_request_button_text":"","hero_text":"","hero_video":"","hero_video_schema_markup":"","selling_points_title":"","selling_points_caption":"","selling_points":[],"selling_points_cta_text":"","features_title":"","features":"","ed_cta_examples_text":"","ed_cta_examples_hidden":"","ed_cta_demo_text":"","ed_cta_demo_hidden":"","why_caption":"","why_editor_title":"","why_editor_text":"","why_team_title":"","why_team_text":"","why_service_title":"","why_service_text":"","template_catalog_visible":"","template_catalog_title":"","template_catalog_text":"","template_catalog_categories_visible":"","demo_title":"Date prisa y dise\u00f1a rese\u00f1as personalizadas de GoDaddy Airbnb","demo_caption":"Personal\u00edzalo e inserta la herramienta en tu sitio web con la ayuda de una demostraci\u00f3n en vivo.","default_faq_hidden":"","app_template_category":[],"platform":"2183","template_public_id":"","codecanyon_url":"","codecanyon_item_id":"","codecanyon_price":"","pricing_caption":"","pricing_elfsight_apps_hide_column":"","pricing_elfsight_apps_url":"","pricing_codecanyon_price_caption":"","integration_category":[],"integration_request_title":"","integration_request_cta":"","integration_platform":"","integrations":[],"platform_category":[],"video_schema_markup":"","price":"desde $0 \/ mes","trial":"","benefits":[{"text":"Asistencia de instalaci\u00f3n gratuita"},{"text":"Servicio al cliente profesional"},{"text":"Garant\u00eda de reembolso de 14 d\u00edas"},{"text":"Actualizaciones futuras"}],"button_url":"#demo","button_target_blank":"","button_nofollow":"","attributes":[{"name":"Instalaciones","content":"10,000 - 100,000"},{"name":"Sensible","content":"S\u00ed"},{"name":"Navegadores compatibles","content":"IE11, Firefox, Safari, Opera, Chrome, Edge"}],"tags":[],"tags_disable_links":"","hide_more_platforms":"","video_object":"","demo_hide_cta":"","demo_hide_cloud_options":"","pricing_title":"","pricing":[{"pricing_icon":"platform","pricing_title":"Elfsight Apps","pricing_title_caption":"Versi\u00f3n independiente de la plataforma que funciona en cualquier sitio","pricing_price":"desde $0 \/ mes","pricing_price_caption":"comienza con el plan gratuito","pricing_benefits":[{"text":"Dominios ilimitados"},{"text":"Soporte gratuito y bien documentado."},{"text":"Ayuda de instalaci\u00f3n gratuita"},{"text":"100% personalizable"}],"pricing_button_text":"A\u00f1adir al sitio web","pricing_button_url":"#demo"}],"related_apps_title":"","related_apps_hidden":"","author":"","image":[],"title":"","job":"","social_networks":[]},"_links":{"self":[{"href":"https:\/\/elfsight.com\/es\/wp-json\/wp\/v2\/pages\/8781","targetHints":{"allow":["GET"]}}],"collection":[{"href":"https:\/\/elfsight.com\/es\/wp-json\/wp\/v2\/pages"}],"about":[{"href":"https:\/\/elfsight.com\/es\/wp-json\/wp\/v2\/types\/page"}],"author":[{"embeddable":true,"href":"https:\/\/elfsight.com\/es\/wp-json\/wp\/v2\/users\/9"}],"replies":[{"embeddable":true,"href":"https:\/\/elfsight.com\/es\/wp-json\/wp\/v2\/comments?post=8781"}],"version-history":[{"count":2,"href":"https:\/\/elfsight.com\/es\/wp-json\/wp\/v2\/pages\/8781\/revisions"}],"predecessor-version":[{"id":18402,"href":"https:\/\/elfsight.com\/es\/wp-json\/wp\/v2\/pages\/8781\/revisions\/18402"}],"up":[{"embeddable":true,"href":"https:\/\/elfsight.com\/es\/wp-json\/wp\/v2\/pages\/438"}],"wp:attachment":[{"href":"https:\/\/elfsight.com\/es\/wp-json\/wp\/v2\/media?parent=8781"}],"curies":[{"name":"wp","href":"https:\/\/api.w.org\/{rel}","templated":true}]}}