{"id":8780,"date":"1970-01-01T00:00:00","date_gmt":"1970-01-01T00:00:00","guid":{"rendered":"https:\/\/elfsight.com\/es\/?page_id=8780"},"modified":"2025-02-06T15:30:39","modified_gmt":"2025-02-06T15:30:39","slug":"woocommerce","status":"publish","type":"page","link":"https:\/\/elfsight.com\/es\/aliexpress-reviews-widget\/woocommerce\/","title":{"rendered":"AliExpress Reviews &#8211; Woocommerce"},"content":{"rendered":"<div class=\"application-platform-content-item-description application-platform-content-item\" id=\"description\" data-nav-section=\"description\"><h2>Incorpore rese\u00f1as de AliExpress en Woocommerce con el widget Elfsight<\/h2> <p>El complemento Rese\u00f1as de AliExpress de Elfsight, dise\u00f1ado exclusivamente para Woocommerce, es un widget vers\u00e1til y robusto dise\u00f1ado para cautivar la atenci\u00f3n de su sitio web o de los visitantes de su p\u00e1gina. Con este complemento din\u00e1mico a su disposici\u00f3n, puede mostrar sin esfuerzo una amplia variedad de im\u00e1genes, videos o incluso enfatizar las \u00faltimas promociones y ofertas en su tienda en l\u00ednea. Las posibilidades son ilimitadas y usted tiene la libertad de agregar tantas diapositivas al c\u00f3digo HTML de su p\u00e1gina web Woocommerce como desee, lo que le permite exhibir con orgullo sus productos y resaltar esas atractivas promociones.<\/p><p>Una de las cualidades m\u00e1s destacadas del complemento Elfsight AliExpress Reviews para Woocommerce es su notable adaptabilidad. Puede perfeccionar sus diapositivas con efectos visuales cautivadores, haciendo que las presentaciones de sus productos sean a\u00fan m\u00e1s cautivadoras. Ya sea que desee mostrar im\u00e1genes llamativas o videos atractivos, tiene la libertad creativa de personalizar sus dimensiones, asegurando que se integren perfectamente con el dise\u00f1o y estilo de su p\u00e1gina web.<\/p><p>Lo que hace que este widget de Rese\u00f1as de AliExpress de WooCommerce sea excepcional es su capacidad para ayudarlo a crear un control deslizante llamativo que no solo atrae a los usuarios sino que tambi\u00e9n los mantiene interesados \u200b\u200ben su p\u00e1gina web durante per\u00edodos m\u00e1s prolongados. A medida que los visitantes exploran su sitio Woocommerce, la naturaleza din\u00e1mica e interactiva de este complemento garantiza que se mantengan interesados, lo que reduce la probabilidad de que se vayan prematuramente.<\/p><p>El complemento Elfsight AliExpress Reviews para el sitio web Woocommerce abre un mundo de posibilidades para las empresas de comercio electr\u00f3nico. Eleve la visibilidad de su producto, atraiga a su audiencia y mejore el atractivo general de su sitio web Woocommerce con este widget excepcional. Es el widget perfecto para los propietarios de sitios web WooCommerce que buscan causar una impresi\u00f3n duradera y generar m\u00e1s conversiones. Eleve su sitio web Woocommerce a nuevas alturas con el complemento Elfsight AliExpress Reviews hoy. <\/p> <p><b>Utilice el complemento Rese\u00f1as de AliExpress para acelerar el \u00e9xito de su comercio electr\u00f3nico.<\/b><\/p> <div class=\"faq\" data-component=\"FAQ\"><div class=\"faq-item\">\r\n\t\t\t\t\t<div class=\"faq-item-question\">\r\n\t\t\t\t\t\t<h3 class=\"faq-item-question-text\">\u00bfPor qu\u00e9 elegir Rese\u00f1as de Elfsight AliExpress para WooCommerce?<\/h3>\r\n\r\n\t\t\t\t\t\t<div class=\"faq-item-question-icon\"><\/div>\r\n\t\t\t\t\t<\/div>\r\n\r\n\t\t\t\t\t<div class=\"faq-item-answer\">\r\n\t\t\t\t\t\t<div class=\"faq-item-answer-text\"><p>Rese\u00f1as de Elfsight AliExpress para WooCommerce es la mejor opci\u00f3n para los propietarios de tiendas en l\u00ednea que utilizan WooCommerce y desean mejorar sus listados de productos con rese\u00f1as aut\u00e9nticas de clientes. Aqu\u00ed hay algunas razones convincentes para seleccionar este complemento:<\/p><ul> <li>Integraci\u00f3n sin esfuerzo: agregar rese\u00f1as de AliExpress a su tienda WooCommerce es muy sencillo. No necesitas ninguna habilidad de codificaci\u00f3n; es tan simple como copiar y pegar.<\/li> <li>Opciones de personalizaci\u00f3n: personalice su widget de Rese\u00f1as de AliExpress para que coincida con el estilo y la marca de su tienda. Elija entre varios temas, dise\u00f1os y configuraciones de visualizaci\u00f3n de rese\u00f1as.<\/li> <li>Comentarios reales de clientes: muestre rese\u00f1as reales de AliExpress, brindando a los compradores potenciales informaci\u00f3n valiosa y pruebas sociales.<\/li> <li>Confianza mejorada: genere confianza con sus clientes mostrando rese\u00f1as genuinas, anim\u00e1ndolos a tomar decisiones de compra informadas.<\/li> <li>Aumento de ventas: al presentar rese\u00f1as aut\u00e9nticas, aumentar\u00e1 la confianza de los clientes e impulsar\u00e1 m\u00e1s ventas, haciendo que su tienda WooCommerce sea m\u00e1s rentable. rentable.<\/li><\/ul><p>Con Elfsight AliExpress Reviews para WooCommerce, puede mejorar significativamente sus listados de productos y crear una experiencia de compra m\u00e1s confiable.<\/p><\/div>\r\n\t\t\t\t\t<\/div>\r\n\t\t\t\t<\/div><div class=\"faq-item\">\r\n\t\t\t\t\t<div class=\"faq-item-question\">\r\n\t\t\t\t\t\t<h3 class=\"faq-item-question-text\">\u00bfC\u00f3mo agregar rese\u00f1as de Elfsight AliExpress a su tienda WooCommerce?<\/h3>\r\n\r\n\t\t\t\t\t\t<div class=\"faq-item-question-icon\"><\/div>\r\n\t\t\t\t\t<\/div>\r\n\r\n\t\t\t\t\t<div class=\"faq-item-answer\">\r\n\t\t\t\t\t\t<div class=\"faq-item-answer-text\"><p>Integrar rese\u00f1as de Elfsight AliExpress con su tienda WooCommerce es un proceso r\u00e1pido y sencillo. Siga estos pasos para comenzar:<\/p><ol> <li><strong>Personalizaci\u00f3n del widget:<\/strong> Comience personalizando su widget de Rese\u00f1as de AliExpress utilizando nuestro configurador gratuito. Puede elegir su distribuci\u00f3n, dise\u00f1o y otras configuraciones preferidas.<\/li> <li><strong>C\u00f3digo de instalaci\u00f3n:<\/strong> Despu\u00e9s de personalizar su widget, recibir\u00e1 un c\u00f3digo de instalaci\u00f3n \u00fanico. Copie este c\u00f3digo, ya que lo necesitar\u00e1 para el siguiente paso.<\/li> <li><strong>Integraci\u00f3n de tienda:<\/strong> acceda al backend de su tienda WooCommerce y pegue el c\u00f3digo de instalaci\u00f3n en la ubicaci\u00f3n requerida. Guarde los cambios.<\/li> <li><strong>Disfrute de las rese\u00f1as de AliExpress:<\/strong> su widget de rese\u00f1as de AliExpress ahora est\u00e1 integrado correctamente en su tienda. Visita tus listados de productos para ver c\u00f3mo funciona.<\/li><\/ol><p>\u00a1Eso es todo! Ha agregado con \u00e9xito Rese\u00f1as de AliExpress de Elfsight a su tienda WooCommerce, mejorando sus listados de productos con comentarios aut\u00e9nticos de los clientes.<\/p><\/div>\r\n\t\t\t\t\t<\/div>\r\n\t\t\t\t<\/div><div class=\"faq-item\">\r\n\t\t\t\t\t<div class=\"faq-item-question\">\r\n\t\t\t\t\t\t<h3 class=\"faq-item-question-text\">Vista previa de la apariencia del widget con nuestra demostraci\u00f3n en vivo<\/h3>\r\n\r\n\t\t\t\t\t\t<div class=\"faq-item-question-icon\"><\/div>\r\n\t\t\t\t\t<\/div>\r\n\r\n\t\t\t\t\t<div class=\"faq-item-answer\">\r\n\t\t\t\t\t\t<div class=\"faq-item-answer-text\"><p>\u00bfTiene curiosidad por saber c\u00f3mo se ver\u00e1 el widget de Rese\u00f1as de AliExpress en su tienda WooCommerce? Puede obtener una vista previa antes de agregarlo a su sitio. Mientras personaliza el widget en el creador en l\u00ednea, puede ver los cambios en tiempo real en el lado derecho. Esto significa que puede asegurarse de que las rese\u00f1as que se muestran coincidan perfectamente con el estilo de su tienda WooCommerce.<\/p><p><a href=\"https:\/\/elfsight.com\/aliexpress-reviews-widget\/#demo\">Pruebe la demostraci\u00f3n en vivo ahora<\/a><\/p><\/div>\r\n\t\t\t\t\t<\/div>\r\n\t\t\t\t<\/div><\/div><\/div><div class=\"application-platform-content-item-features application-platform-content-item\" id=\"features\" data-nav-section=\"features\"><h2>Caracter\u00edsticas clave de widget: una descripci\u00f3n general r\u00e1pida<\/h2> <p>Libere el potencial del complemento Elfsight AliExpress Reviews con estas notables funciones que le permiten tomar el control del rendimiento de su sitio web o p\u00e1gina en l\u00ednea y la participaci\u00f3n del usuario:<\/p><ul> <li> <strong>Botones de llamado a la acci\u00f3n (CTA) para una conversi\u00f3n mejorada:<\/strong> Con el complemento Elfsight AliExpress Reviews, puede incorporar f\u00e1cilmente botones de llamado a la acci\u00f3n (CTA) en el contenido y el c\u00f3digo HTML de su sitio web o p\u00e1gina. Estos botones sirven como un potente widget para guiar a los usuarios hacia la conversi\u00f3n, ya sea realizando una compra, suscribi\u00e9ndose a un bolet\u00edn informativo o cualquier otra acci\u00f3n deseada. Personalice los botones de Rese\u00f1as de AliExpress para alinearlos con los objetivos de su p\u00e1gina web y estimular la interacci\u00f3n del usuario.  <\/li> <li> <strong>Duraci\u00f3n de la transici\u00f3n de diapositivas personalizable:<\/strong> ajuste la duraci\u00f3n del cambio entre diapositivas para adaptarse al ritmo de su sitio web o p\u00e1gina de WooCommerce. Tiene la flexibilidad de establecer la velocidad a la que gira el contenido dentro del complemento, asegurando que complemente la experiencia general del usuario de su sitio.  <\/li> <li> <strong>M\u00faltiples opciones de funciones:<\/strong> El complemento Elfsight AliExpress Reviews ofrece una variedad de funciones para elegir para su sitio web o p\u00e1gina. Puede seleccionar e integrar los que mejor se alineen con sus necesidades y objetivos espec\u00edficos en el c\u00f3digo HTML de su p\u00e1gina web, mejorando la funcionalidad general y el atractivo de su tienda en l\u00ednea.  <\/li> <li> <strong>Posicionamiento de contenido avanzado:<\/strong> aproveche las opciones de posicionamiento avanzado proporcionadas por el complemento, lo que le permite colocar el contenido de sus rese\u00f1as de AliExpress en cualquier lugar de su sitio web o p\u00e1gina de Woocommerce. Este nivel de control le permite crear una experiencia de usuario fluida y atractiva que resuena con su audiencia.  <\/li> <li> <strong>Cinco variedades de contenido:<\/strong> El complemento Elfsight AliExpress Reviews proporciona cinco opciones de contenido que puede adaptar a sus preferencias. Ya sean im\u00e1genes, videos, descripciones de productos, testimonios de clientes u ofertas atractivas, puede incorporar f\u00e1cilmente estos elementos en el c\u00f3digo de su complemento de Rese\u00f1as de AliExpress, enriqueciendo el contenido y el atractivo visual de su sitio web o p\u00e1gina.  <\/li><\/ul><p>Incorporar las rese\u00f1as de Elfsight AliExpress en el c\u00f3digo HTML de su p\u00e1gina web Woocommerce le garantiza acceso a un conjunto completo de widgets que no solo mejoran la participaci\u00f3n del usuario sino que tambi\u00e9n elevan la funcionalidad y la est\u00e9tica de su p\u00e1gina web. Ya sea aumentando las conversiones a trav\u00e9s de botones CTA, ajustando la duraci\u00f3n de la diapositiva para una experiencia m\u00e1s fluida o haciendo uso del posicionamiento avanzado, este complemento de Rese\u00f1as de AliExpress es la clave para optimizar el rendimiento de su sitio web y crear un viaje de usuario m\u00e1s inmersivo.<\/p><p><a href=\"#demo\">Explore la funcionalidad del complemento con la ayuda de la demostraci\u00f3n.<\/a><\/p> <\/div><div class=\"application-platform-content-item-installation application-platform-content-item\" id=\"installation\" data-nav-section=\"installation\"><h2>C\u00f3mo agregar rese\u00f1as de AliExpress a su p\u00e1gina de WooCommerce<\/h2> <p>Siga estos sencillos pasos para activar el complemento en su sitio WooCommerce.<\/p> <ol><li><b>Comience usando nuestra demostraci\u00f3n gratuita para crear su complemento personalizado de rese\u00f1as de AliExpress para el sitio web de WooCommerce.<\/b><br> Seleccione su apariencia y caracter\u00edsticas preferidas para el widget y aplique las modificaciones deseadas. <\/li> <li><b>Copie el c\u00f3digo HTML \u00fanico generado en Elfsight Apps.<\/b><br> Despu\u00e9s de crear su complemento personalizado, copie el c\u00f3digo HTML proporcionado en la ventana emergente y gu\u00e1rdelo para usarlo en el futuro. <\/li> <li><b>Implemente el complemento Rese\u00f1as de AliExpress en su sitio web WooCommerce.<\/b><br> Agregue el c\u00f3digo guardado anteriormente a la secci\u00f3n HTML de su sitio web o p\u00e1gina WooCommerce y realice los ajustes necesarios. <\/li> <li><b>\u00a1Eso es! La incorporaci\u00f3n de Rese\u00f1as de AliExpress est\u00e1 completa.<\/b><br> Visite su sitio para ver c\u00f3mo funciona el complemento Rese\u00f1as de AliExpress de Woocommerce. <\/li><\/ol> <p>Si tiene alguna pregunta o encuentra dificultades, no dude en ponerse en contacto con nuestro equipo de atenci\u00f3n al cliente. Nuestros expertos est\u00e1n listos para ayudarle con cualquier consulta relacionada con el producto que pueda tener.<\/p> <\/div>","protected":false},"excerpt":{"rendered":"","protected":false},"author":9,"featured_media":0,"parent":459,"menu_order":0,"comment_status":"closed","ping_status":"closed","template":"templates\/template-application-platform.php","meta":{"publish_to_discourse":"","publish_post_category":"","wpdc_auto_publish_overridden":"","wpdc_topic_tags":"","wpdc_pin_topic":"","wpdc_pin_until":"","discourse_post_id":"","discourse_permalink":"","wpdc_publishing_response":"","wpdc_publishing_error":"","footnotes":""},"class_list":["post-8780","page","type-page","status-publish","hentry"],"yoast_head":"<!-- This site is optimized with the Yoast SEO plugin v25.3.1 - https:\/\/yoast.com\/wordpress\/plugins\/seo\/ -->\n<title>Mejore su tienda WooCommerce con las rese\u00f1as de Elfsight AliExpress<\/title>\n<meta name=\"description\" content=\"Mejore la confianza y el compromiso de su tienda Woocommerce con la perfecta integraci\u00f3n de Elfsight AliExpress Reviews. Descubra el sencillo proceso para incorporar rese\u00f1as de clientes y presentaciones de productos, lo que genera mejores conversiones y confianza del cliente.\" \/>\n<meta name=\"robots\" content=\"index, follow, max-snippet:-1, max-image-preview:large, max-video-preview:-1\" \/>\n<link rel=\"canonical\" href=\"https:\/\/elfsight.com\/es\/aliexpress-reviews-widget\/woocommerce\/\" \/>\n<meta property=\"og:locale\" content=\"es_ES\" \/>\n<meta property=\"og:type\" content=\"article\" \/>\n<meta property=\"og:title\" content=\"Mejore su tienda WooCommerce con las rese\u00f1as de Elfsight AliExpress\" \/>\n<meta property=\"og:description\" content=\"Mejore la confianza y el compromiso de su tienda Woocommerce con la perfecta integraci\u00f3n de Elfsight AliExpress Reviews. Descubra el sencillo proceso para incorporar rese\u00f1as de clientes y presentaciones de productos, lo que genera mejores conversiones y confianza del cliente.\" \/>\n<meta property=\"og:url\" content=\"https:\/\/elfsight.com\/es\/aliexpress-reviews-widget\/woocommerce\/\" \/>\n<meta property=\"og:site_name\" content=\"Elfsight ES\" \/>\n<meta property=\"article:modified_time\" content=\"2025-02-06T15:30:39+00:00\" \/>\n<meta name=\"twitter:card\" content=\"summary_large_image\" \/>\n<meta name=\"twitter:label1\" content=\"Tiempo de lectura\" \/>\n\t<meta name=\"twitter:data1\" content=\"8 minutos\" \/>\n<!-- \/ Yoast SEO plugin. -->","yoast_head_json":{"title":"Mejore su tienda WooCommerce con las rese\u00f1as de Elfsight AliExpress","description":"Mejore la confianza y el compromiso de su tienda Woocommerce con la perfecta integraci\u00f3n de Elfsight AliExpress Reviews. Descubra el sencillo proceso para incorporar rese\u00f1as de clientes y presentaciones de productos, lo que genera mejores conversiones y confianza del cliente.","robots":{"index":"index","follow":"follow","max-snippet":"max-snippet:-1","max-image-preview":"max-image-preview:large","max-video-preview":"max-video-preview:-1"},"canonical":"https:\/\/elfsight.com\/es\/aliexpress-reviews-widget\/woocommerce\/","og_locale":"es_ES","og_type":"article","og_title":"Mejore su tienda WooCommerce con las rese\u00f1as de Elfsight AliExpress","og_description":"Mejore la confianza y el compromiso de su tienda Woocommerce con la perfecta integraci\u00f3n de Elfsight AliExpress Reviews. Descubra el sencillo proceso para incorporar rese\u00f1as de clientes y presentaciones de productos, lo que genera mejores conversiones y confianza del cliente.","og_url":"https:\/\/elfsight.com\/es\/aliexpress-reviews-widget\/woocommerce\/","og_site_name":"Elfsight ES","article_modified_time":"2025-02-06T15:30:39+00:00","twitter_card":"summary_large_image","twitter_misc":{"Tiempo de lectura":"8 minutos"},"schema":{"@context":"https:\/\/schema.org","@graph":[{"@type":"WebPage","@id":"https:\/\/elfsight.com\/es\/aliexpress-reviews-widget\/woocommerce\/","url":"https:\/\/elfsight.com\/es\/aliexpress-reviews-widget\/woocommerce\/","name":"Mejore su tienda WooCommerce con las rese\u00f1as de Elfsight AliExpress","isPartOf":{"@id":"https:\/\/elfsight.com\/es\/#website"},"datePublished":"1970-01-01T00:00:00+00:00","dateModified":"2025-02-06T15:30:39+00:00","description":"Mejore la confianza y el compromiso de su tienda Woocommerce con la perfecta integraci\u00f3n de Elfsight AliExpress Reviews. Descubra el sencillo proceso para incorporar rese\u00f1as de clientes y presentaciones de productos, lo que genera mejores conversiones y confianza del cliente.","breadcrumb":{"@id":"https:\/\/elfsight.com\/es\/aliexpress-reviews-widget\/woocommerce\/#breadcrumb"},"inLanguage":"es","potentialAction":[{"@type":"ReadAction","target":["https:\/\/elfsight.com\/es\/aliexpress-reviews-widget\/woocommerce\/"]}]},{"@type":"BreadcrumbList","@id":"https:\/\/elfsight.com\/es\/aliexpress-reviews-widget\/woocommerce\/#breadcrumb","itemListElement":[{"@type":"ListItem","position":1,"name":"Home","item":"https:\/\/elfsight.com\/es\/"},{"@type":"ListItem","position":2,"name":"AliExpress Reviews","item":"https:\/\/elfsight.com\/es\/aliexpress-reviews-widget\/"},{"@type":"ListItem","position":3,"name":"AliExpress Reviews &#8211; Woocommerce"}]},{"@type":"WebSite","@id":"https:\/\/elfsight.com\/es\/#website","url":"https:\/\/elfsight.com\/es\/","name":"Elfsight ES","description":"Just another Elfsight Sites site","potentialAction":[{"@type":"SearchAction","target":{"@type":"EntryPoint","urlTemplate":"https:\/\/elfsight.com\/es\/?s={search_term_string}"},"query-input":{"@type":"PropertyValueSpecification","valueRequired":true,"valueName":"search_term_string"}}],"inLanguage":"es"}]}},"meta_box":{"industry":"","seo_heading":"","heading":"","description":"","cta_heading":"","cta_description":"","application":"458","h1":"C\u00f3mo insertar rese\u00f1as de AliExpress en un sitio web de Woocommerce","h1_caption":"Muestre rese\u00f1as de su tienda Aliexpress para generar confianza y mejorar la credibilidad de sus listados de productos en su sitio web WooCommerce sin esfuerzo.","application_category":[],"applications_title":"","applications_request_title":"","applications_request_button_text":"","hero_text":"","hero_video":"","hero_video_schema_markup":"","selling_points_title":"","selling_points_caption":"","selling_points":[],"selling_points_cta_text":"","features_title":"","features":"","ed_cta_examples_text":"","ed_cta_examples_hidden":"","ed_cta_demo_text":"","ed_cta_demo_hidden":"","why_caption":"","why_editor_title":"","why_editor_text":"","why_team_title":"","why_team_text":"","why_service_title":"","why_service_text":"","template_catalog_visible":"","template_catalog_title":"","template_catalog_text":"","template_catalog_categories_visible":"","demo_title":"Crea tu aplicaci\u00f3n de Rese\u00f1as de AliExpress","demo_caption":"\u00a1Configure sus rese\u00f1as de AliExpress y agr\u00e9guelas a su sitio web WooCommerce gratis!","default_faq_hidden":"","app_template_category":[],"platform":"2311","template_public_id":"","codecanyon_url":"","codecanyon_item_id":"","codecanyon_price":"","pricing_caption":"","pricing_elfsight_apps_hide_column":"","pricing_elfsight_apps_url":"","pricing_codecanyon_price_caption":"","integration_category":[],"integration_request_title":"","integration_request_cta":"","integration_platform":"","integrations":[],"platform_category":[],"video_schema_markup":"","price":"desde $0 \/ mes","trial":"","benefits":[{"text":"Ayuda de instalaci\u00f3n gratuita"},{"text":"Soporte excepcional"},{"text":"Garant\u00eda de reembolso de 14 d\u00edas"},{"text":"Desarrollo continuo"}],"button_url":"#demo","button_target_blank":"","button_nofollow":"","attributes":[{"name":"Instalaciones","content":"10,000 - 100,000"},{"name":"Sensible","content":"S\u00ed"},{"name":"Navegadores compatibles","content":"Firefox, Safari, Opera, Chrome, Edge"}],"tags":[],"tags_disable_links":"","hide_more_platforms":"","video_object":"","demo_hide_cta":"","demo_hide_cloud_options":"","pricing_title":"","pricing":[{"pricing_icon":"platform","pricing_title":"Elfsight Apps","pricing_title_caption":"Soluci\u00f3n digital multiplataforma que se adapta a cualquier sitio.","pricing_price":"desde $0 \/ mes","pricing_price_caption":"comienza con un plan gratuito","pricing_benefits":[{"text":"Sitios web ilimitados"},{"text":"Soporte profesional y bien documentado."},{"text":"Asistencia de instalaci\u00f3n gratuita"},{"text":"100% personalizable"}],"pricing_button_text":"A\u00f1adir al sitio web","pricing_button_url":"#demo"}],"related_apps_title":"","related_apps_hidden":"","author":"","image":[],"title":"","job":"","social_networks":[]},"_links":{"self":[{"href":"https:\/\/elfsight.com\/es\/wp-json\/wp\/v2\/pages\/8780","targetHints":{"allow":["GET"]}}],"collection":[{"href":"https:\/\/elfsight.com\/es\/wp-json\/wp\/v2\/pages"}],"about":[{"href":"https:\/\/elfsight.com\/es\/wp-json\/wp\/v2\/types\/page"}],"author":[{"embeddable":true,"href":"https:\/\/elfsight.com\/es\/wp-json\/wp\/v2\/users\/9"}],"replies":[{"embeddable":true,"href":"https:\/\/elfsight.com\/es\/wp-json\/wp\/v2\/comments?post=8780"}],"version-history":[{"count":2,"href":"https:\/\/elfsight.com\/es\/wp-json\/wp\/v2\/pages\/8780\/revisions"}],"predecessor-version":[{"id":18403,"href":"https:\/\/elfsight.com\/es\/wp-json\/wp\/v2\/pages\/8780\/revisions\/18403"}],"up":[{"embeddable":true,"href":"https:\/\/elfsight.com\/es\/wp-json\/wp\/v2\/pages\/459"}],"wp:attachment":[{"href":"https:\/\/elfsight.com\/es\/wp-json\/wp\/v2\/media?parent=8780"}],"curies":[{"name":"wp","href":"https:\/\/api.w.org\/{rel}","templated":true}]}}