{"id":8779,"date":"1970-01-01T00:00:00","date_gmt":"1970-01-01T00:00:00","guid":{"rendered":"https:\/\/elfsight.com\/es\/?page_id=8779"},"modified":"2025-02-06T15:30:39","modified_gmt":"2025-02-06T15:30:39","slug":"shopify","status":"publish","type":"page","link":"https:\/\/elfsight.com\/es\/aliexpress-reviews-widget\/shopify\/","title":{"rendered":"AliExpress Reviews &#8211; Shopify"},"content":{"rendered":"<div class=\"application-platform-content-item-description application-platform-content-item\" id=\"description\" data-nav-section=\"description\"><h2>Incorporar rese\u00f1as de AliExpress en Shopify con el widget Elfsight<\/h2> <p>El complemento Elfsight AliExpress Reviews, dise\u00f1ado espec\u00edficamente para Shopify, es un widget vers\u00e1til y poderoso dise\u00f1ado para cautivar la atenci\u00f3n de los visitantes de su sitio web o p\u00e1gina. Con este complemento din\u00e1mico a su disposici\u00f3n, puede mostrar sin esfuerzo una amplia gama de im\u00e1genes, videos o incluso resaltar las mejores promociones y ofertas en su tienda en l\u00ednea. Las posibilidades son infinitas y usted tiene la libertad de incorporar al c\u00f3digo HTML de la p\u00e1gina de su sitio web tantas diapositivas como desee, lo que le permitir\u00e1 exhibir con orgullo sus productos y acentuar esas promociones candentes.<\/p><p>Una de las caracter\u00edsticas destacadas del complemento Elfsight AliExpress Reviews es su flexibilidad excepcional. Puede perfeccionar sus diapositivas con efectos visuales cautivadores, haciendo que las presentaciones de sus productos sean a\u00fan m\u00e1s atractivas. Ya sea que desee mostrar im\u00e1genes llamativas o videos atractivos, tiene el control creativo para personalizar sus dimensiones, asegurando que se integren perfectamente con el dise\u00f1o y estilo de su sitio web o p\u00e1gina.<\/p><p>Lo que distingue a este widget de Rese\u00f1as de AliExpress es su capacidad para ayudarlo a crear un control deslizante que llame la atenci\u00f3n y que no solo atraiga a los usuarios sino que tambi\u00e9n los mantenga absortos en la p\u00e1gina de su sitio web durante per\u00edodos m\u00e1s prolongados. A medida que los visitantes exploran su sitio, la naturaleza din\u00e1mica e interactiva de este complemento garantiza que se mantengan interesados, lo que reduce la probabilidad de que se vayan prematuramente.<\/p><p>El complemento Elfsight AliExpress Reviews para Shopify abre un mundo de posibilidades para las empresas de comercio electr\u00f3nico. Aumente la visibilidad de su producto, atraiga a su audiencia y mejore el atractivo general de su sitio con esta herramienta excepcional. Es la soluci\u00f3n perfecta para propietarios de tiendas en l\u00ednea que buscan causar una impresi\u00f3n duradera y generar m\u00e1s conversiones. Eleva tu tienda Shopify a nuevas alturas con el complemento Elfsight AliExpress Reviews hoy. <\/p> <p><b>\u00a1Utiliza el complemento de Rese\u00f1as de AliExpress para alcanzar tus picos de comercio electr\u00f3nico m\u00e1s r\u00e1pido! <\/b><\/p> <div class=\"faq\" data-component=\"FAQ\"><div class=\"faq-item\">\r\n\t\t\t\t\t<div class=\"faq-item-question\">\r\n\t\t\t\t\t\t<h3 class=\"faq-item-question-text\">\u00bfPor qu\u00e9 elegir Elfsight AliExpress Reviews para Shopify?<\/h3>\r\n\r\n\t\t\t\t\t\t<div class=\"faq-item-question-icon\"><\/div>\r\n\t\t\t\t\t<\/div>\r\n\r\n\t\t\t\t\t<div class=\"faq-item-answer\">\r\n\t\t\t\t\t\t<div class=\"faq-item-answer-text\"><p>Elfsight AliExpress Reviews para Shopify es la opci\u00f3n preferida para los propietarios de tiendas en l\u00ednea que utilizan Shopify y desean enriquecer sus listados de productos con rese\u00f1as aut\u00e9nticas de clientes. Aqu\u00ed hay algunas razones convincentes para seleccionar esta aplicaci\u00f3n:<\/p><ul> <li>Integraci\u00f3n sin esfuerzo: agregar rese\u00f1as de AliExpress a tu tienda Shopify es muy sencillo. No necesitas ninguna habilidad de codificaci\u00f3n; es tan simple como copiar y pegar.<\/li> <li>Opciones de personalizaci\u00f3n: personalice su widget de Rese\u00f1as de AliExpress para que coincida con el estilo y la marca de su tienda. Elija entre varios temas, dise\u00f1os y configuraciones de visualizaci\u00f3n de rese\u00f1as.<\/li> <li>Comentarios de clientes reales: muestre rese\u00f1as genuinas de AliExpress, brindando a los compradores potenciales informaci\u00f3n valiosa y pruebas sociales.<\/li> <li>Confianza mejorada: genere confianza con sus clientes mostrando rese\u00f1as aut\u00e9nticas, anim\u00e1ndolos a tomar decisiones de compra informadas.<\/li> <li>Aumento de ventas: al presentar rese\u00f1as reales, aumentar\u00e1 la confianza de los clientes e impulsar\u00e1 m\u00e1s ventas, haciendo que su tienda Shopify sea m\u00e1s rentable. rentable.<\/li><\/ul><p>Con Rese\u00f1as de Elfsight AliExpress para Shopify, puedes mejorar significativamente tus listados de productos y crear una experiencia de compra m\u00e1s confiable.<\/p><\/div>\r\n\t\t\t\t\t<\/div>\r\n\t\t\t\t<\/div><div class=\"faq-item\">\r\n\t\t\t\t\t<div class=\"faq-item-question\">\r\n\t\t\t\t\t\t<h3 class=\"faq-item-question-text\">\u00bfC\u00f3mo agregar rese\u00f1as de Elfsight AliExpress a tu tienda Shopify?<\/h3>\r\n\r\n\t\t\t\t\t\t<div class=\"faq-item-question-icon\"><\/div>\r\n\t\t\t\t\t<\/div>\r\n\r\n\t\t\t\t\t<div class=\"faq-item-answer\">\r\n\t\t\t\t\t\t<div class=\"faq-item-answer-text\"><p>Integrar rese\u00f1as de Elfsight AliExpress con tu tienda Shopify es un proceso r\u00e1pido y sencillo. Siga estos pasos para comenzar:<\/p><ol> <li><strong>Personalizaci\u00f3n del widget:<\/strong> Comience personalizando su widget de Rese\u00f1as de AliExpress utilizando nuestro configurador gratuito. Puede elegir su distribuci\u00f3n, dise\u00f1o y otras configuraciones preferidas.<\/li> <li><strong>C\u00f3digo de instalaci\u00f3n:<\/strong> Despu\u00e9s de personalizar su widget, recibir\u00e1 un c\u00f3digo de instalaci\u00f3n \u00fanico. Copia este c\u00f3digo, ya que lo necesitar\u00e1s para el siguiente paso.<\/li> <li><strong>Integraci\u00f3n de tienda:<\/strong> accede al backend de tu tienda Shopify y pega el c\u00f3digo de instalaci\u00f3n en la ubicaci\u00f3n requerida. Guarde los cambios.<\/li> <li><strong>Disfrute de las rese\u00f1as de AliExpress:<\/strong> su widget de rese\u00f1as de AliExpress ahora est\u00e1 integrado correctamente en su tienda. Visita tus listados de productos para ver c\u00f3mo funciona.<\/li><\/ol><p>\u00a1Eso es todo! Has agregado con \u00e9xito Rese\u00f1as de AliExpress de Elfsight a tu tienda Shopify, mejorando tus listados de productos con comentarios aut\u00e9nticos de los clientes.<\/p><\/div>\r\n\t\t\t\t\t<\/div>\r\n\t\t\t\t<\/div><div class=\"faq-item\">\r\n\t\t\t\t\t<div class=\"faq-item-question\">\r\n\t\t\t\t\t\t<h3 class=\"faq-item-question-text\">Vea la apariencia del widget con nuestra demostraci\u00f3n en vivo<\/h3>\r\n\r\n\t\t\t\t\t\t<div class=\"faq-item-question-icon\"><\/div>\r\n\t\t\t\t\t<\/div>\r\n\r\n\t\t\t\t\t<div class=\"faq-item-answer\">\r\n\t\t\t\t\t\t<div class=\"faq-item-answer-text\"><p>\u00bfTienes curiosidad por saber c\u00f3mo se ver\u00e1 el widget de Rese\u00f1as de AliExpress en tu tienda Shopify? Puede obtener una vista previa antes de agregarlo a su sitio. Mientras personaliza el widget en el creador en l\u00ednea, puede ver los cambios en tiempo real en el lado derecho. Esto significa que puedes asegurarte de que las rese\u00f1as que se muestran coincidan perfectamente con el estilo de tu tienda Shopify.<\/p><p><a href=\"https:\/\/elfsight.com\/aliexpress-reviews-widget\/#demo\">Pruebe la demostraci\u00f3n en vivo ahora<\/a><\/p><\/div>\r\n\t\t\t\t\t<\/div>\r\n\t\t\t\t<\/div><\/div><\/div> <div class=\"application-platform-content-item-features application-platform-content-item\" id=\"features\" data-nav-section=\"features\"> <h2>El widget incluye funciones \u00fatiles y r\u00e1pidas, vea algunas de ellas: <\/h2> <p>Desbloquee el potencial de Elfsight AliExpress Reviews con estas caracter\u00edsticas excepcionales que le permiten tomar el control del rendimiento de su tienda en l\u00ednea y la participaci\u00f3n del usuario:<\/p><ul> <li> <strong>Botones CTA para conversi\u00f3n:<\/strong> Con el complemento Elfsight AliExpress Reviews, puede agregar sin esfuerzo botones de llamada a la acci\u00f3n (CTA) al contenido de la p\u00e1gina de su sitio web y al c\u00f3digo HTML. Estos botones sirven como una poderosa herramienta para guiar a los usuarios hacia la conversi\u00f3n, ya sea realizando una compra, suscribi\u00e9ndose a un bolet\u00edn informativo o cualquier otra acci\u00f3n deseada. Personalice los botones de Rese\u00f1as de AliExpress para alinearlos con los objetivos de su sitio web o p\u00e1gina e impulsar la interacci\u00f3n del usuario.  <\/li> <li> <strong>Duraci\u00f3n de diapositiva personalizable:<\/strong> Adapte la duraci\u00f3n del cambio de diapositiva para adaptarla al ritmo de su sitio web. Tiene la flexibilidad de establecer la velocidad a la que gira el contenido dentro del complemento, asegurando que complemente la experiencia general del usuario de su sitio.  <\/li> <li> <strong>M\u00faltiples opciones de funciones:<\/strong> Elfsight AliExpress Reviews ofrece una variedad de funciones para elegir. Puede elegir e integrar en el c\u00f3digo HTML de la p\u00e1gina de su sitio web los que mejor se alineen con sus necesidades y objetivos espec\u00edficos, mejorando la funcionalidad general y el atractivo de su tienda en l\u00ednea.  <\/li> <li> <strong>Posicionamiento avanzado:<\/strong> Aproveche las opciones de posicionamiento avanzado del complemento que le permiten agregar sus mensajes y contenido de Rese\u00f1as de AliExpress en cualquier lugar de su p\u00e1gina web. Este nivel de control le permite crear una experiencia de usuario fluida y atractiva que resuena con su audiencia.  <\/li> <li> <strong>Cinco opciones de contenido:<\/strong> Elfsight AliExpress Reviews ofrece cinco opciones de contenido que puedes adaptar a tus preferencias. Ya sean im\u00e1genes, videos, descripciones de productos, rese\u00f1as de clientes u ofertas atractivas, puede agregar f\u00e1cilmente estos elementos al c\u00f3digo de su widget de Rese\u00f1as de AliExpress, enriqueciendo el contenido y el atractivo visual de su sitio web o p\u00e1gina.  <\/li><\/ul><p>La incorporaci\u00f3n de Elfsight AliExpress Reviews en el c\u00f3digo HTML de la p\u00e1gina de su sitio web le garantiza acceso a un conjunto completo de herramientas que no solo aumentan la participaci\u00f3n del usuario sino que tambi\u00e9n mejoran la funcionalidad y la est\u00e9tica de su sitio web. Ya sea aumentando las conversiones a trav\u00e9s de botones de CTA, ajustando la duraci\u00f3n de la diapositiva para una experiencia m\u00e1s fluida o haciendo uso del posicionamiento avanzado, este widget de Rese\u00f1as de AliExpress es la clave para optimizar el rendimiento de tu tienda online y crear un viaje de usuario m\u00e1s inmersivo.<\/p><p><a href=\"#demo\">Puedes probar c\u00f3mo funciona el widget con la ayuda de la demostraci\u00f3n<\/a><\/p> <\/div> <div class=\"application-platform-content-item-installation application-platform-content-item\" id=\"installation\" data-nav-section=\"installation\"> <h2>\u00bfC\u00f3mo puedo insertar rese\u00f1as de AliExpress en mi sitio web de Shopify? <\/h2> <p>Simplemente siga varios pasos que se presentan a continuaci\u00f3n para activar el complemento. <\/p> <ol><li><b>Utilice nuestra demostraci\u00f3n gratuita y comience a crear su complemento personalizado de Rese\u00f1as de AliExpress. <\/b><br> Elija el aspecto y las caracter\u00edsticas deseables de la herramienta y aplique las modificaciones. <\/li> <li><b>Copia el c\u00f3digo HTML individual que aparece en la ventana de Elfsight Apps. <\/b><br> Inmediatamente despu\u00e9s de que finalice la creaci\u00f3n de su complemento personal, copie el c\u00f3digo HTML personal en la ventana emergente que aparece y gu\u00e1rdelo para usarlo en el futuro. <\/li> <li><b>Empiece a utilizar el complemento Rese\u00f1as de AliExpress en el sitio Shopify. <\/b><br> A\u00f1ade el c\u00f3digo guardado recientemente en la secci\u00f3n HTML de tu p\u00e1gina y aplica los ajustes. <\/li> <li><b>\u00a1Ya terminaste! La adici\u00f3n de rese\u00f1as de AliExpress est\u00e1 completamente terminada. <\/b><br> Vaya a su sitio para examinar c\u00f3mo funciona el complemento Rese\u00f1as de AliExpress. <\/li><\/ol> <p>En caso de tener preguntas o encontrar dificultades, no dude en escribir a nuestro equipo de atenci\u00f3n al cliente. Nuestros asesores est\u00e1n deseosos de resolver todas las dudas que puedas tener con el producto. <\/p> <\/div>","protected":false},"excerpt":{"rendered":"","protected":false},"author":9,"featured_media":0,"parent":459,"menu_order":0,"comment_status":"closed","ping_status":"closed","template":"templates\/template-application-platform.php","meta":{"publish_to_discourse":"","publish_post_category":"","wpdc_auto_publish_overridden":"","wpdc_topic_tags":"","wpdc_pin_topic":"","wpdc_pin_until":"","discourse_post_id":"","discourse_permalink":"","wpdc_publishing_response":"","wpdc_publishing_error":"","footnotes":""},"class_list":["post-8779","page","type-page","status-publish","hentry"],"yoast_head":"<!-- This site is optimized with the Yoast SEO plugin v25.3.1 - https:\/\/yoast.com\/wordpress\/plugins\/seo\/ -->\n<title>Mejore su tienda Shopify con las rese\u00f1as de Elfsight AliExpress<\/title>\n<meta name=\"description\" content=\"Aumente la credibilidad y el compromiso de su tienda Shopify agregando sin problemas rese\u00f1as de Elfsight AliExpress. Aprenda c\u00f3mo integrar f\u00e1cilmente las opiniones de los clientes y mostrar productos para aumentar las conversiones y la confianza del cliente.\" \/>\n<meta name=\"robots\" content=\"index, follow, max-snippet:-1, max-image-preview:large, max-video-preview:-1\" \/>\n<link rel=\"canonical\" href=\"https:\/\/elfsight.com\/es\/aliexpress-reviews-widget\/shopify\/\" \/>\n<meta property=\"og:locale\" content=\"es_ES\" \/>\n<meta property=\"og:type\" content=\"article\" \/>\n<meta property=\"og:title\" content=\"Mejore su tienda Shopify con las rese\u00f1as de Elfsight AliExpress\" \/>\n<meta property=\"og:description\" content=\"Aumente la credibilidad y el compromiso de su tienda Shopify agregando sin problemas rese\u00f1as de Elfsight AliExpress. Aprenda c\u00f3mo integrar f\u00e1cilmente las opiniones de los clientes y mostrar productos para aumentar las conversiones y la confianza del cliente.\" \/>\n<meta property=\"og:url\" content=\"https:\/\/elfsight.com\/es\/aliexpress-reviews-widget\/shopify\/\" \/>\n<meta property=\"og:site_name\" content=\"Elfsight ES\" \/>\n<meta property=\"article:modified_time\" content=\"2025-02-06T15:30:39+00:00\" \/>\n<meta name=\"twitter:card\" content=\"summary_large_image\" \/>\n<meta name=\"twitter:label1\" content=\"Tiempo de lectura\" \/>\n\t<meta name=\"twitter:data1\" content=\"8 minutos\" \/>\n<!-- \/ Yoast SEO plugin. -->","yoast_head_json":{"title":"Mejore su tienda Shopify con las rese\u00f1as de Elfsight AliExpress","description":"Aumente la credibilidad y el compromiso de su tienda Shopify agregando sin problemas rese\u00f1as de Elfsight AliExpress. Aprenda c\u00f3mo integrar f\u00e1cilmente las opiniones de los clientes y mostrar productos para aumentar las conversiones y la confianza del cliente.","robots":{"index":"index","follow":"follow","max-snippet":"max-snippet:-1","max-image-preview":"max-image-preview:large","max-video-preview":"max-video-preview:-1"},"canonical":"https:\/\/elfsight.com\/es\/aliexpress-reviews-widget\/shopify\/","og_locale":"es_ES","og_type":"article","og_title":"Mejore su tienda Shopify con las rese\u00f1as de Elfsight AliExpress","og_description":"Aumente la credibilidad y el compromiso de su tienda Shopify agregando sin problemas rese\u00f1as de Elfsight AliExpress. Aprenda c\u00f3mo integrar f\u00e1cilmente las opiniones de los clientes y mostrar productos para aumentar las conversiones y la confianza del cliente.","og_url":"https:\/\/elfsight.com\/es\/aliexpress-reviews-widget\/shopify\/","og_site_name":"Elfsight ES","article_modified_time":"2025-02-06T15:30:39+00:00","twitter_card":"summary_large_image","twitter_misc":{"Tiempo de lectura":"8 minutos"},"schema":{"@context":"https:\/\/schema.org","@graph":[{"@type":"WebPage","@id":"https:\/\/elfsight.com\/es\/aliexpress-reviews-widget\/shopify\/","url":"https:\/\/elfsight.com\/es\/aliexpress-reviews-widget\/shopify\/","name":"Mejore su tienda Shopify con las rese\u00f1as de Elfsight AliExpress","isPartOf":{"@id":"https:\/\/elfsight.com\/es\/#website"},"datePublished":"1970-01-01T00:00:00+00:00","dateModified":"2025-02-06T15:30:39+00:00","description":"Aumente la credibilidad y el compromiso de su tienda Shopify agregando sin problemas rese\u00f1as de Elfsight AliExpress. Aprenda c\u00f3mo integrar f\u00e1cilmente las opiniones de los clientes y mostrar productos para aumentar las conversiones y la confianza del cliente.","breadcrumb":{"@id":"https:\/\/elfsight.com\/es\/aliexpress-reviews-widget\/shopify\/#breadcrumb"},"inLanguage":"es","potentialAction":[{"@type":"ReadAction","target":["https:\/\/elfsight.com\/es\/aliexpress-reviews-widget\/shopify\/"]}]},{"@type":"BreadcrumbList","@id":"https:\/\/elfsight.com\/es\/aliexpress-reviews-widget\/shopify\/#breadcrumb","itemListElement":[{"@type":"ListItem","position":1,"name":"Home","item":"https:\/\/elfsight.com\/es\/"},{"@type":"ListItem","position":2,"name":"AliExpress Reviews","item":"https:\/\/elfsight.com\/es\/aliexpress-reviews-widget\/"},{"@type":"ListItem","position":3,"name":"AliExpress Reviews &#8211; Shopify"}]},{"@type":"WebSite","@id":"https:\/\/elfsight.com\/es\/#website","url":"https:\/\/elfsight.com\/es\/","name":"Elfsight ES","description":"Just another Elfsight Sites site","potentialAction":[{"@type":"SearchAction","target":{"@type":"EntryPoint","urlTemplate":"https:\/\/elfsight.com\/es\/?s={search_term_string}"},"query-input":{"@type":"PropertyValueSpecification","valueRequired":true,"valueName":"search_term_string"}}],"inLanguage":"es"}]}},"meta_box":{"industry":"","seo_heading":"","heading":"","description":"","cta_heading":"","cta_description":"","application":"458","h1":"C\u00f3mo insertar rese\u00f1as de AliExpress en un sitio web de Shopify","h1_caption":"Muestre rese\u00f1as de su tienda Aliexpress para generar confianza y mejorar la credibilidad de sus listados de productos en su sitio web Shopify sin esfuerzo.","application_category":[],"applications_title":"","applications_request_title":"","applications_request_button_text":"","hero_text":"","hero_video":"","hero_video_schema_markup":"","selling_points_title":"","selling_points_caption":"","selling_points":[],"selling_points_cta_text":"","features_title":"","features":"","ed_cta_examples_text":"","ed_cta_examples_hidden":"","ed_cta_demo_text":"","ed_cta_demo_hidden":"","why_caption":"","why_editor_title":"","why_editor_text":"","why_team_title":"","why_team_text":"","why_service_title":"","why_service_text":"","template_catalog_visible":"","template_catalog_title":"","template_catalog_text":"","template_catalog_categories_visible":"","demo_title":"Crea tu aplicaci\u00f3n de Rese\u00f1as de AliExpress","demo_caption":"\u00a1Configura tus rese\u00f1as de AliExpress y agr\u00e9galas a tu sitio web de Shopify gratis!","default_faq_hidden":"","app_template_category":[],"platform":"91","template_public_id":"","codecanyon_url":"","codecanyon_item_id":"","codecanyon_price":"","pricing_caption":"","pricing_elfsight_apps_hide_column":"","pricing_elfsight_apps_url":"","pricing_codecanyon_price_caption":"","integration_category":[],"integration_request_title":"","integration_request_cta":"","integration_platform":"","integrations":[],"platform_category":[],"video_schema_markup":"","price":"desde $0 \/ mes","trial":"","benefits":[{"text":"Asistencia de instalaci\u00f3n gratuita"},{"text":"Servicio al cliente competente"},{"text":"Garant\u00eda de devoluci\u00f3n de dinero de 14 d\u00edas"},{"text":"Mejoras futuras"}],"button_url":"#demo","button_target_blank":"","button_nofollow":"","attributes":[{"name":"Instalaciones","content":"10,000 - 100,000"},{"name":"Sensible","content":"S\u00ed"},{"name":"Navegadores compatibles","content":"Firefox, Safari, Opera, Chrome, Edge"}],"tags":[],"tags_disable_links":"","hide_more_platforms":"","video_object":"","demo_hide_cta":"","demo_hide_cloud_options":"","pricing_title":"","pricing":[{"pricing_icon":"platform","pricing_title":"Elfsight Apps","pricing_title_caption":"Versi\u00f3n multiplataforma","pricing_price":"desde $0 \/ mes","pricing_price_caption":"comienza con un plan gratuito","pricing_benefits":[{"text":"Dominios ilimitados"},{"text":"Atenci\u00f3n al cliente premium"},{"text":"Servicio de instalaci\u00f3n gratuito"},{"text":"Totalmente personalizable"}],"pricing_button_text":"A\u00f1adir al sitio web","pricing_button_url":"#demo"}],"related_apps_title":"","related_apps_hidden":"","author":"","image":[],"title":"","job":"","social_networks":[]},"_links":{"self":[{"href":"https:\/\/elfsight.com\/es\/wp-json\/wp\/v2\/pages\/8779","targetHints":{"allow":["GET"]}}],"collection":[{"href":"https:\/\/elfsight.com\/es\/wp-json\/wp\/v2\/pages"}],"about":[{"href":"https:\/\/elfsight.com\/es\/wp-json\/wp\/v2\/types\/page"}],"author":[{"embeddable":true,"href":"https:\/\/elfsight.com\/es\/wp-json\/wp\/v2\/users\/9"}],"replies":[{"embeddable":true,"href":"https:\/\/elfsight.com\/es\/wp-json\/wp\/v2\/comments?post=8779"}],"version-history":[{"count":2,"href":"https:\/\/elfsight.com\/es\/wp-json\/wp\/v2\/pages\/8779\/revisions"}],"predecessor-version":[{"id":18404,"href":"https:\/\/elfsight.com\/es\/wp-json\/wp\/v2\/pages\/8779\/revisions\/18404"}],"up":[{"embeddable":true,"href":"https:\/\/elfsight.com\/es\/wp-json\/wp\/v2\/pages\/459"}],"wp:attachment":[{"href":"https:\/\/elfsight.com\/es\/wp-json\/wp\/v2\/media?parent=8779"}],"curies":[{"name":"wp","href":"https:\/\/api.w.org\/{rel}","templated":true}]}}