{"id":8723,"date":"1970-01-01T00:00:00","date_gmt":"1970-01-01T00:00:00","guid":{"rendered":"https:\/\/elfsight.com\/es\/?page_id=8723"},"modified":"2025-02-06T15:30:48","modified_gmt":"2025-02-06T15:30:48","slug":"woocommerce","status":"publish","type":"page","link":"https:\/\/elfsight.com\/es\/background-music-widget\/woocommerce\/","title":{"rendered":"Background Music &#8211; WooCommerce"},"content":{"rendered":"<div class=\"application-platform-content-item-description application-platform-content-item\" id=\"description\" data-nav-section=\"description\"><h2>Descripci\u00f3n<\/h2><p>El reproductor de audio de fondo Elfsight es un complemento simple que le permite transmitir pistas de m\u00fasica directamente en su sitio web. La herramienta es sumamente modificable: puede cambiar su posici\u00f3n, incrustarla en cualquier lugar de la p\u00e1gina, alterar su tama\u00f1o, cambiar el color del fondo y todos los dem\u00e1s elementos para mezclarlos con el dise\u00f1o de su sitio, emplear un tema oscuro, mostrar im\u00e1genes y mostrar u ocultar cuatro detalles adicionales del reproductor, como la barra de progreso, el encabezado y otros. A\u00f1ade tantas pistas como quieras para deleitar a tus usuarios, activa la reproducci\u00f3n autom\u00e1tica y no lo dudes: \u00a1tus usuarios no abandonar\u00e1n tu sitio web inmediatamente!<\/p><p><b>\u00a1Prueba la m\u00fasica de fondo de Elfsight para lograr tus objetivos comerciales m\u00e1s f\u00e1cilmente!<\/b><\/p> <\/div> <div class=\"application-platform-content-item-features application-platform-content-item\" id=\"features\" data-nav-section=\"features\"><h2>Explora la lista de las m\u00e1s \u00fatiles caracter\u00edsticas:<\/h2><ul><li>Numerosas modificaciones de color<\/li><li>Tema de color oscuro\/claro<\/li><li>Dise\u00f1o responsivo<\/li><li>2 dise\u00f1os aplicables<\/li><li>Una oportunidad para usar una imagen de fondo<\/li><\/ul><p><a href=\"#demo\">Simplemente consulte esta demostraci\u00f3n para tener una idea completa<\/a><\/p><\/div><div class=\"application-platform-content-item-installation application-platform-content-item\" id=\"installation\" data-nav-section=\"installation\"><h2>\u00bfC\u00f3mo agrego un reproductor de m\u00fasica de fondo en mi sitio web WooCommerce?<\/h2><p>Simplemente siga las pautas a continuaci\u00f3n para integrar la herramienta.<\/p><ol><li><b>Emplee nuestra demostraci\u00f3n gratuita y comience a crear su complemento personalizado.<\/b><br> Determine la interfaz deseada y las caracter\u00edsticas del widget y guarde las correcciones.<\/li><li><b>Copia el c\u00f3digo personal que se muestra en la ventana de Elfsight Apps.<\/b><br> Derecha una vez realizada la personalizaci\u00f3n de su complemento personal, copie el c\u00f3digo personal de la ventana que aparece y gu\u00e1rdelo para usarlo en el futuro.<\/li><li><b>Ingrese al uso del audio de fondo en el sitio WooCommerce.<\/b><br> Pegue el c\u00f3digo guardado anteriormente en su p\u00e1gina y aplique las mejoras.<\/li><li><b>La instalaci\u00f3n se realiz\u00f3 completamente.<\/b><br> Visite su p\u00e1gina web para ver c\u00f3mo funciona el widget.<\/li><\/ol><p>Suponiendo que tenga algunas dificultades, no dude en recurrir a nuestro equipo de soporte. Nuestros consultores est\u00e1n deseando ayudarle con todas las preguntas que pueda tener sobre el complemento.<\/p><\/div>","protected":false},"excerpt":{"rendered":"","protected":false},"author":9,"featured_media":0,"parent":501,"menu_order":0,"comment_status":"closed","ping_status":"closed","template":"templates\/template-application-platform.php","meta":{"publish_to_discourse":"","publish_post_category":"","wpdc_auto_publish_overridden":"","wpdc_topic_tags":"","wpdc_pin_topic":"","wpdc_pin_until":"","discourse_post_id":"","discourse_permalink":"","wpdc_publishing_response":"","wpdc_publishing_error":"","footnotes":""},"class_list":["post-8723","page","type-page","status-publish","hentry"],"yoast_head":"<!-- This site is optimized with the Yoast SEO plugin v25.3.1 - https:\/\/yoast.com\/wordpress\/plugins\/seo\/ -->\n<title>Complemento de m\u00fasica de fondo de WooCommerce para su sitio web (2026)<\/title>\n<meta name=\"description\" content=\"Puede ajustar el complemento M\u00fasica de fondo con un par de clics e integrarlo en su p\u00e1gina web WooCommerce directamente desde la demostraci\u00f3n en vivo.\" \/>\n<meta name=\"robots\" content=\"index, follow, max-snippet:-1, max-image-preview:large, max-video-preview:-1\" \/>\n<link rel=\"canonical\" href=\"https:\/\/elfsight.com\/es\/background-music-widget\/woocommerce\/\" \/>\n<meta property=\"og:locale\" content=\"es_ES\" \/>\n<meta property=\"og:type\" content=\"article\" \/>\n<meta property=\"og:title\" content=\"Complemento de m\u00fasica de fondo de WooCommerce para su sitio web (2026)\" \/>\n<meta property=\"og:description\" content=\"Puede ajustar el complemento M\u00fasica de fondo con un par de clics e integrarlo en su p\u00e1gina web WooCommerce directamente desde la demostraci\u00f3n en vivo.\" \/>\n<meta property=\"og:url\" content=\"https:\/\/elfsight.com\/es\/background-music-widget\/woocommerce\/\" \/>\n<meta property=\"og:site_name\" content=\"Elfsight ES\" \/>\n<meta property=\"article:modified_time\" content=\"2025-02-06T15:30:48+00:00\" \/>\n<meta name=\"twitter:card\" content=\"summary_large_image\" \/>\n<meta name=\"twitter:label1\" content=\"Tiempo de lectura\" \/>\n\t<meta name=\"twitter:data1\" content=\"2 minutos\" \/>\n<!-- \/ Yoast SEO plugin. -->","yoast_head_json":{"title":"Complemento de m\u00fasica de fondo de WooCommerce para su sitio web (2026)","description":"Puede ajustar el complemento M\u00fasica de fondo con un par de clics e integrarlo en su p\u00e1gina web WooCommerce directamente desde la demostraci\u00f3n en vivo.","robots":{"index":"index","follow":"follow","max-snippet":"max-snippet:-1","max-image-preview":"max-image-preview:large","max-video-preview":"max-video-preview:-1"},"canonical":"https:\/\/elfsight.com\/es\/background-music-widget\/woocommerce\/","og_locale":"es_ES","og_type":"article","og_title":"Complemento de m\u00fasica de fondo de WooCommerce para su sitio web (2026)","og_description":"Puede ajustar el complemento M\u00fasica de fondo con un par de clics e integrarlo en su p\u00e1gina web WooCommerce directamente desde la demostraci\u00f3n en vivo.","og_url":"https:\/\/elfsight.com\/es\/background-music-widget\/woocommerce\/","og_site_name":"Elfsight ES","article_modified_time":"2025-02-06T15:30:48+00:00","twitter_card":"summary_large_image","twitter_misc":{"Tiempo de lectura":"2 minutos"},"schema":{"@context":"https:\/\/schema.org","@graph":[{"@type":"WebPage","@id":"https:\/\/elfsight.com\/es\/background-music-widget\/woocommerce\/","url":"https:\/\/elfsight.com\/es\/background-music-widget\/woocommerce\/","name":"Complemento de m\u00fasica de fondo de WooCommerce para su sitio web (2026)","isPartOf":{"@id":"https:\/\/elfsight.com\/es\/#website"},"datePublished":"1970-01-01T00:00:00+00:00","dateModified":"2025-02-06T15:30:48+00:00","description":"Puede ajustar el complemento M\u00fasica de fondo con un par de clics e integrarlo en su p\u00e1gina web WooCommerce directamente desde la demostraci\u00f3n en vivo.","breadcrumb":{"@id":"https:\/\/elfsight.com\/es\/background-music-widget\/woocommerce\/#breadcrumb"},"inLanguage":"es","potentialAction":[{"@type":"ReadAction","target":["https:\/\/elfsight.com\/es\/background-music-widget\/woocommerce\/"]}]},{"@type":"BreadcrumbList","@id":"https:\/\/elfsight.com\/es\/background-music-widget\/woocommerce\/#breadcrumb","itemListElement":[{"@type":"ListItem","position":1,"name":"Home","item":"https:\/\/elfsight.com\/es\/"},{"@type":"ListItem","position":2,"name":"Background Music","item":"https:\/\/elfsight.com\/es\/background-music-widget\/"},{"@type":"ListItem","position":3,"name":"Background Music &#8211; WooCommerce"}]},{"@type":"WebSite","@id":"https:\/\/elfsight.com\/es\/#website","url":"https:\/\/elfsight.com\/es\/","name":"Elfsight ES","description":"Just another Elfsight Sites site","potentialAction":[{"@type":"SearchAction","target":{"@type":"EntryPoint","urlTemplate":"https:\/\/elfsight.com\/es\/?s={search_term_string}"},"query-input":{"@type":"PropertyValueSpecification","valueRequired":true,"valueName":"search_term_string"}}],"inLanguage":"es"}]}},"meta_box":{"industry":"","seo_heading":"","heading":"","description":"","cta_heading":"","cta_description":"","application":"500","h1":"Complemento de m\u00fasica de fondo de WooCommerce","h1_caption":"Agregue una caracter\u00edstica interesante a su p\u00e1gina web y atraiga m\u00e1s clientes agradecidos de inmediato","application_category":[],"applications_title":"","applications_request_title":"","applications_request_button_text":"","hero_text":"","hero_video":"","hero_video_schema_markup":"","selling_points_title":"","selling_points_caption":"","selling_points":[],"selling_points_cta_text":"","features_title":"","features":"","ed_cta_examples_text":"","ed_cta_examples_hidden":"","ed_cta_demo_text":"","ed_cta_demo_hidden":"","why_caption":"","why_editor_title":"","why_editor_text":"","why_team_title":"","why_team_text":"","why_service_title":"","why_service_text":"","template_catalog_visible":"","template_catalog_title":"","template_catalog_text":"","template_catalog_categories_visible":"","demo_title":"Crea tu aplicaci\u00f3n de M\u00fasica de Fondo","demo_caption":"\u00a1Configure su m\u00fasica de fondo y agr\u00e9guela a su sitio web WooCommerce gratis!","default_faq_hidden":"","app_template_category":[],"platform":"2311","template_public_id":"","codecanyon_url":"","codecanyon_item_id":"","codecanyon_price":"","pricing_caption":"","pricing_elfsight_apps_hide_column":"","pricing_elfsight_apps_url":"","pricing_codecanyon_price_caption":"","integration_category":[],"integration_request_title":"","integration_request_cta":"","integration_platform":"","integrations":[],"platform_category":[],"video_schema_markup":"","price":"desde $0 \/ mes","trial":"","benefits":[{"text":"Ayuda de instalaci\u00f3n gratuita"},{"text":"Servicio al cliente competente"},{"text":"Garant\u00eda de devoluci\u00f3n de dinero de 14 d\u00edas"},{"text":"Mejoras peri\u00f3dicas"}],"button_url":"#demo","button_target_blank":"","button_nofollow":"","attributes":[{"name":"Instalaciones","content":"10,000 - 100,000"},{"name":"Sensible","content":"S\u00ed"},{"name":"Navegadores compatibles","content":"Firefox, Safari, Opera, Chrome, Edge"}],"tags":[],"tags_disable_links":"","hide_more_platforms":"","video_object":"","demo_hide_cta":"","demo_hide_cloud_options":"","pricing_title":"","pricing":[{"pricing_icon":"platform","pricing_title":"Elfsight Apps","pricing_title_caption":"Soluci\u00f3n multiplataforma","pricing_price":"desde $0 \/ mes","pricing_price_caption":"comienza con un plan gratuito","pricing_benefits":[{"text":"Sitios web ilimitados"},{"text":"Soporte 24 horas al d\u00eda, 7 d\u00edas a la semana y a tiempo"},{"text":"Ayuda de instalaci\u00f3n gratuita"},{"text":"100% personalizable"}],"pricing_button_text":"A\u00f1adir al sitio web","pricing_button_url":"#demo"}],"related_apps_title":"","related_apps_hidden":"","author":"","image":[],"title":"","job":"","social_networks":[]},"_links":{"self":[{"href":"https:\/\/elfsight.com\/es\/wp-json\/wp\/v2\/pages\/8723","targetHints":{"allow":["GET"]}}],"collection":[{"href":"https:\/\/elfsight.com\/es\/wp-json\/wp\/v2\/pages"}],"about":[{"href":"https:\/\/elfsight.com\/es\/wp-json\/wp\/v2\/types\/page"}],"author":[{"embeddable":true,"href":"https:\/\/elfsight.com\/es\/wp-json\/wp\/v2\/users\/9"}],"replies":[{"embeddable":true,"href":"https:\/\/elfsight.com\/es\/wp-json\/wp\/v2\/comments?post=8723"}],"version-history":[{"count":2,"href":"https:\/\/elfsight.com\/es\/wp-json\/wp\/v2\/pages\/8723\/revisions"}],"predecessor-version":[{"id":18407,"href":"https:\/\/elfsight.com\/es\/wp-json\/wp\/v2\/pages\/8723\/revisions\/18407"}],"up":[{"embeddable":true,"href":"https:\/\/elfsight.com\/es\/wp-json\/wp\/v2\/pages\/501"}],"wp:attachment":[{"href":"https:\/\/elfsight.com\/es\/wp-json\/wp\/v2\/media?parent=8723"}],"curies":[{"name":"wp","href":"https:\/\/api.w.org\/{rel}","templated":true}]}}