{"id":8722,"date":"1970-01-01T00:00:00","date_gmt":"1970-01-01T00:00:00","guid":{"rendered":"https:\/\/elfsight.com\/es\/?page_id=8722"},"modified":"2025-12-03T16:18:40","modified_gmt":"2025-12-03T16:18:40","slug":"wix","status":"publish","type":"page","link":"https:\/\/elfsight.com\/es\/background-music-widget\/wix\/","title":{"rendered":"Background Music &#8211; Wix"},"content":{"rendered":"<div class=\"application-platform-content-item-description application-platform-content-item\" id=\"description\" data-nav-section=\"description\"> <h2>Descripci\u00f3n<\/h2> <p>Elfsight Background Audio es un widget sencillo para sitios web de Wix que te permite transmitir pistas de m\u00fasica directamente en tus p\u00e1ginas web. La aplicaci\u00f3n es sumamente ajustable: puede alterar su posici\u00f3n, coloc\u00e1ndola en cualquier lugar de la p\u00e1gina, escalar su tama\u00f1o, cambiar el color del fondo y otras partes para combinarlo con el dise\u00f1o de su sitio web, usar una combinaci\u00f3n de colores oscuros, revelar im\u00e1genes y mostrar u ocultar 4 elementos adicionales del reproductor como la barra de progreso, el t\u00edtulo y muchos m\u00e1s. Incluye tantas pistas como quieras para atraer a tu audiencia, activa la reproducci\u00f3n autom\u00e1tica y no tengas dudas: \u00a1tus usuarios no abandonar\u00e1n tu sitio inmediatamente!<\/p> <p><b>Haz que tu sitio web sea m\u00e1s efectivo para objetivos de comercio electr\u00f3nico con el reproductor de m\u00fasica de fondo<\/b><\/p> <\/div> <div class=\"application-platform-content-item-features application-platform-content-item\" id=\"features\" data-nav-section=\"features\"> <h2>Estas son solo algunas de las amplias funciones del widget: <\/h2> <ul><li>Alteraciones de color ilimitadas<\/li><li>Esquema de colores oscuros\/claros<\/li><li>Dise\u00f1o responsivo<\/li><li>2 dise\u00f1os listos para usar<\/li><li>Posibilidad de agregar una imagen de fondo<\/li><\/ul><p><a href=\"#demo\">Puedes descubrir todas las capacidades del widget en la demostraci\u00f3n a continuaci\u00f3n<\/a><\/p> <\/div> <div class=\"application-platform-content-item-installation application-platform-content-item\" id=\"installation\" data-nav-section=\"installation\"> <h2>\u00bfC\u00f3mo agregar m\u00fasica de fondo al sitio web de Wix?<\/h2> <div class=\"video-container\">\n<iframe width=\"720\" height=\"405\" src=\"https:\/\/www.youtube.com\/embed\/XI5jF-HHlEw?si=Bn97UYUsXJJKhzDX\" frameborder=\"0\" allowfullscreen><\/iframe>\n<\/div><p>Simplemente siga estos pasos que se detallan a continuaci\u00f3n para insertar la herramienta. <\/p> <ol><li><b>Inicie nuestra demostraci\u00f3n gratuita y comience a darle forma a su aplicaci\u00f3n personalizada.<\/b><br> Determine la interfaz preferida y las caracter\u00edsticas de la aplicaci\u00f3n y aplique las correcciones.<\/li> <li><b>Adquiera su c\u00f3digo \u00fanico que se muestra en la ventana de Elfsight Apps<\/b><br> Tan pronto como finalice la configuraci\u00f3n de su aplicaci\u00f3n personal, copie el c\u00f3digo exclusivo en la ventana que aparece y gu\u00e1rdelo para futuras ocasiones.<\/li> <li><b>Comience a usar la aplicaci\u00f3n audio de fondo en Wix<\/b><br> Agrega el c\u00f3digo que guardaste antes en tu sitio web y aplica las correcciones. <\/li> <li><b>\u00a1Ya terminaste! La integraci\u00f3n finaliz\u00f3 exitosamente<\/b><br> Vaya a su p\u00e1gina web para examinar c\u00f3mo funciona la herramienta.<\/li><\/ol> <p>Si tiene alguna pregunta o encuentra algunas dificultades, no dude en comunicarse con nuestro equipo de soporte. Nuestros consultores estar\u00e1n encantados de resolver todas las dificultades que puedas tener con la herramienta. <\/p> <\/div>","protected":false},"excerpt":{"rendered":"","protected":false},"author":9,"featured_media":0,"parent":501,"menu_order":0,"comment_status":"closed","ping_status":"closed","template":"templates\/template-application-platform.php","meta":{"publish_to_discourse":"","publish_post_category":"","wpdc_auto_publish_overridden":"","wpdc_topic_tags":"","wpdc_pin_topic":"","wpdc_pin_until":"","discourse_post_id":"","discourse_permalink":"","wpdc_publishing_response":"","wpdc_publishing_error":"","footnotes":""},"class_list":["post-8722","page","type-page","status-publish","hentry"],"yoast_head":"<!-- This site is optimized with the Yoast SEO plugin v25.3.1 - https:\/\/yoast.com\/wordpress\/plugins\/seo\/ -->\n<title>Audio de fondo: agrega m\u00fasica de fondo al sitio web de Wix [ 2025 ]<\/title>\n<meta name=\"description\" content=\"Agrega un reproductor de m\u00fasica de fondo a tu sitio web Wix. Utilice nuestra pr\u00e1ctica demostraci\u00f3n y d\u00e9 forma a su propia aplicaci\u00f3n de audio de fondo en solo 2 minutos.\" \/>\n<meta name=\"robots\" content=\"index, follow, max-snippet:-1, max-image-preview:large, max-video-preview:-1\" \/>\n<link rel=\"canonical\" href=\"https:\/\/elfsight.com\/es\/background-music-widget\/wix\/\" \/>\n<meta property=\"og:locale\" content=\"es_ES\" \/>\n<meta property=\"og:type\" content=\"article\" \/>\n<meta property=\"og:title\" content=\"Audio de fondo: agrega m\u00fasica de fondo al sitio web de Wix [ 2025 ]\" \/>\n<meta property=\"og:description\" content=\"Agrega un reproductor de m\u00fasica de fondo a tu sitio web Wix. Utilice nuestra pr\u00e1ctica demostraci\u00f3n y d\u00e9 forma a su propia aplicaci\u00f3n de audio de fondo en solo 2 minutos.\" \/>\n<meta property=\"og:url\" content=\"https:\/\/elfsight.com\/es\/background-music-widget\/wix\/\" \/>\n<meta property=\"og:site_name\" content=\"Elfsight ES\" \/>\n<meta property=\"article:modified_time\" content=\"2025-12-03T16:18:40+00:00\" \/>\n<meta name=\"twitter:card\" content=\"summary_large_image\" \/>\n<meta name=\"twitter:label1\" content=\"Tiempo de lectura\" \/>\n\t<meta name=\"twitter:data1\" content=\"2 minutos\" \/>\n<!-- \/ Yoast SEO plugin. -->","yoast_head_json":{"title":"Audio de fondo: agrega m\u00fasica de fondo al sitio web de Wix [ 2025 ]","description":"Agrega un reproductor de m\u00fasica de fondo a tu sitio web Wix. Utilice nuestra pr\u00e1ctica demostraci\u00f3n y d\u00e9 forma a su propia aplicaci\u00f3n de audio de fondo en solo 2 minutos.","robots":{"index":"index","follow":"follow","max-snippet":"max-snippet:-1","max-image-preview":"max-image-preview:large","max-video-preview":"max-video-preview:-1"},"canonical":"https:\/\/elfsight.com\/es\/background-music-widget\/wix\/","og_locale":"es_ES","og_type":"article","og_title":"Audio de fondo: agrega m\u00fasica de fondo al sitio web de Wix [ 2025 ]","og_description":"Agrega un reproductor de m\u00fasica de fondo a tu sitio web Wix. Utilice nuestra pr\u00e1ctica demostraci\u00f3n y d\u00e9 forma a su propia aplicaci\u00f3n de audio de fondo en solo 2 minutos.","og_url":"https:\/\/elfsight.com\/es\/background-music-widget\/wix\/","og_site_name":"Elfsight ES","article_modified_time":"2025-12-03T16:18:40+00:00","twitter_card":"summary_large_image","twitter_misc":{"Tiempo de lectura":"2 minutos"},"schema":{"@context":"https:\/\/schema.org","@graph":[{"@type":"WebPage","@id":"https:\/\/elfsight.com\/es\/background-music-widget\/wix\/","url":"https:\/\/elfsight.com\/es\/background-music-widget\/wix\/","name":"Audio de fondo: agrega m\u00fasica de fondo al sitio web de Wix [ 2025 ]","isPartOf":{"@id":"https:\/\/elfsight.com\/es\/#website"},"datePublished":"1970-01-01T00:00:00+00:00","dateModified":"2025-12-03T16:18:40+00:00","description":"Agrega un reproductor de m\u00fasica de fondo a tu sitio web Wix. Utilice nuestra pr\u00e1ctica demostraci\u00f3n y d\u00e9 forma a su propia aplicaci\u00f3n de audio de fondo en solo 2 minutos.","breadcrumb":{"@id":"https:\/\/elfsight.com\/es\/background-music-widget\/wix\/#breadcrumb"},"inLanguage":"es","potentialAction":[{"@type":"ReadAction","target":["https:\/\/elfsight.com\/es\/background-music-widget\/wix\/"]}]},{"@type":"BreadcrumbList","@id":"https:\/\/elfsight.com\/es\/background-music-widget\/wix\/#breadcrumb","itemListElement":[{"@type":"ListItem","position":1,"name":"Home","item":"https:\/\/elfsight.com\/es\/"},{"@type":"ListItem","position":2,"name":"Background Music","item":"https:\/\/elfsight.com\/es\/background-music-widget\/"},{"@type":"ListItem","position":3,"name":"Background Music &#8211; Wix"}]},{"@type":"WebSite","@id":"https:\/\/elfsight.com\/es\/#website","url":"https:\/\/elfsight.com\/es\/","name":"Elfsight ES","description":"Just another Elfsight Sites site","potentialAction":[{"@type":"SearchAction","target":{"@type":"EntryPoint","urlTemplate":"https:\/\/elfsight.com\/es\/?s={search_term_string}"},"query-input":{"@type":"PropertyValueSpecification","valueRequired":true,"valueName":"search_term_string"}}],"inLanguage":"es"}]}},"meta_box":{"industry":"","seo_heading":"","heading":"","description":"","cta_heading":"","cta_description":"","application":"500","h1":"Aplicaci\u00f3n Wix M\u00fasica de Fondo","h1_caption":"Implemente una opci\u00f3n atractiva en su p\u00e1gina web y atraiga m\u00e1s clientes agradecidos de inmediato.","application_category":[],"applications_title":"","applications_request_title":"","applications_request_button_text":"","hero_text":"","hero_video":"","hero_video_schema_markup":"","selling_points_title":"","selling_points_caption":"","selling_points":[],"selling_points_cta_text":"","features_title":"","features":"","ed_cta_examples_text":"","ed_cta_examples_hidden":"","ed_cta_demo_text":"","ed_cta_demo_hidden":"","why_caption":"","why_editor_title":"","why_editor_text":"","why_team_title":"","why_team_text":"","why_service_title":"","why_service_text":"","template_catalog_visible":"0","template_catalog_title":"","template_catalog_text":"","template_catalog_categories_visible":"","demo_title":"Crea tu aplicaci\u00f3n de M\u00fasica de Fondo","demo_caption":"\u00a1Configura tu m\u00fasica de fondo y agr\u00e9gala a tu sitio web Wix gratis!","default_faq_hidden":"","app_template_category":[],"platform":"112","template_public_id":"","codecanyon_url":"","codecanyon_item_id":"","codecanyon_price":"","pricing_caption":"","pricing_elfsight_apps_hide_column":"","pricing_elfsight_apps_url":"","pricing_codecanyon_price_caption":"","integration_category":[],"integration_request_title":"","integration_request_cta":"","integration_platform":"","integrations":[],"platform_category":[],"video_schema_markup":"","price":"desde $0 \/ mes","trial":"","benefits":[{"text":"Ayuda de instalaci\u00f3n gratuita"},{"text":"Soporte premium"},{"text":"Garant\u00eda de devoluci\u00f3n de dinero de 14 d\u00edas"},{"text":"Mejoras de por vida"}],"button_url":"#demo","button_target_blank":"0","button_nofollow":"0","attributes":[{"name":"Instalaciones","content":"10,000 - 100,000"},{"name":"Sensible","content":"S\u00ed"},{"name":"Navegadores compatibles","content":"Safari, Edge, Firefox, Opera, Chrome"}],"tags":[],"tags_disable_links":"0","hide_more_platforms":"0","video_object":"","demo_hide_cta":"0","demo_hide_cloud_options":"0","pricing_title":"","pricing":[{"pricing_icon":"platform","pricing_title":"Elfsight Apps","pricing_title_caption":"Soluci\u00f3n multiplataforma que funciona en cualquier sitio","pricing_price":"desde $0 \/ mes","pricing_price_caption":"comienza con el plan gratuito","pricing_benefits":[{"text":"N\u00famero ilimitado de dominios"},{"text":"Soporte dedicado y puntual"},{"text":"Servicio de instalaci\u00f3n gratuito"},{"text":"Oferta especial para m\u00faltiples aplicaciones."}],"pricing_button_text":"A\u00f1adir al sitio web","pricing_button_url":"#demo"}],"related_apps_title":"","related_apps_hidden":"0","author":"","image":[],"title":"","job":"","social_networks":[]},"_links":{"self":[{"href":"https:\/\/elfsight.com\/es\/wp-json\/wp\/v2\/pages\/8722","targetHints":{"allow":["GET"]}}],"collection":[{"href":"https:\/\/elfsight.com\/es\/wp-json\/wp\/v2\/pages"}],"about":[{"href":"https:\/\/elfsight.com\/es\/wp-json\/wp\/v2\/types\/page"}],"author":[{"embeddable":true,"href":"https:\/\/elfsight.com\/es\/wp-json\/wp\/v2\/users\/9"}],"replies":[{"embeddable":true,"href":"https:\/\/elfsight.com\/es\/wp-json\/wp\/v2\/comments?post=8722"}],"version-history":[{"count":3,"href":"https:\/\/elfsight.com\/es\/wp-json\/wp\/v2\/pages\/8722\/revisions"}],"predecessor-version":[{"id":20007,"href":"https:\/\/elfsight.com\/es\/wp-json\/wp\/v2\/pages\/8722\/revisions\/20007"}],"up":[{"embeddable":true,"href":"https:\/\/elfsight.com\/es\/wp-json\/wp\/v2\/pages\/501"}],"wp:attachment":[{"href":"https:\/\/elfsight.com\/es\/wp-json\/wp\/v2\/media?parent=8722"}],"curies":[{"name":"wp","href":"https:\/\/api.w.org\/{rel}","templated":true}]}}