{"id":8717,"date":"1970-01-01T00:00:00","date_gmt":"1970-01-01T00:00:00","guid":{"rendered":"https:\/\/elfsight.com\/es\/?page_id=8717"},"modified":"2025-02-06T15:30:56","modified_gmt":"2025-02-06T15:30:56","slug":"weebly","status":"publish","type":"page","link":"https:\/\/elfsight.com\/es\/background-music-widget\/weebly\/","title":{"rendered":"Background Music &#8211; Weebly"},"content":{"rendered":"<div class=\"application-platform-content-item-description application-platform-content-item\" id=\"description\" data-nav-section=\"description\"> <h2>Descripci\u00f3n<\/h2> <p>Elfsight Background Player es un widget sencillo que le permite reproducir pistas de audio en segundo plano directamente en las p\u00e1ginas de su sitio web Weebly. La herramienta es totalmente personalizable: puede modificar su ubicaci\u00f3n, configurarla en cualquier lugar de la p\u00e1gina, escalar su tama\u00f1o, volver a pintar el fondo y todas las dem\u00e1s partes para combinarlo con el dise\u00f1o de su sitio, emplear un tema oscuro, mostrar im\u00e1genes y mostrar u ocultar 4 elementos adicionales del reproductor, por ejemplo, barra de progreso, encabezado y otros. Sube todas las pistas que necesites para deleitar a tu audiencia, activa la reproducci\u00f3n autom\u00e1tica y no lo dudes: \u00a1tus usuarios no abandonar\u00e1n tu sitio web r\u00e1pidamente!<\/p><p><b>Haz que tu sitio sea m\u00e1s eficiente para tareas comerciales con el reproductor de m\u00fasica de fondo<\/b><\/p> <\/div> <div class=\"application-platform-content-item-features application-platform-content-item\" id=\"features\" data-nav-section=\"features\"> <h2>La aplicaci\u00f3n tiene funciones \u00fatiles y r\u00e1pidas, mira algunas de ellas: <\/h2> <ul><li>Varias alteraciones de color<\/li><li>Tema de color oscuro\/claro<\/li><li>Dise\u00f1o maleable<\/li><li>Dos dise\u00f1os aplicables<\/li><li>Una opci\u00f3n para agregar una imagen de fondo<\/li><\/ul><p><a href=\"#demo\">Examine todas las configuraciones en una demostraci\u00f3n con todas las funciones<\/a><\/p> <\/div> <div class=\"application-platform-content-item-installation application-platform-content-item\" id=\"installation\" data-nav-section=\"installation\"> <h2>\u00bfC\u00f3mo agregar m\u00fasica de fondo al sitio web Weebly?<\/h2> <div class=\"video-container\"><iframe width=\"720\" height=\"405\" src=\"https:\/\/www.youtube.com\/embed\/xH-vwGwdHQw\" frameborder=\"0\"><\/iframe><\/div><p>Simplemente siga las pautas a continuaci\u00f3n para comenzar a usar la aplicaci\u00f3n.<\/p> <ol><li><b>Abra nuestra demostraci\u00f3n gratuita y comience a crear su aplicaci\u00f3n personalizada. <\/b><br> Especifique el aspecto seleccionado y los rasgos funcionales de la aplicaci\u00f3n y aplique todas las ediciones. <\/li> <li><b>Obtenga su c\u00f3digo \u00fanico que se muestra en el cuadro de Elfsight Apps. <\/b><br> Cuando finalice el establecimiento de su aplicaci\u00f3n personal, copie el c\u00f3digo exclusivo en la ventana que aparece y gu\u00e1rdelo para su uso posterior. <\/li> <li><b>Inicie el empleo de la aplicaci\u00f3n en su sitio web Weebly. <\/b><br> Pegue el c\u00f3digo que guard\u00f3 recientemente en su sitio web y aplique las mejoras. <\/li> <li><b>\u00a1Ya terminaste! La integraci\u00f3n est\u00e1 plenamente lograda. <\/b><br>Vaya a su p\u00e1gina web para examinar c\u00f3mo funciona la aplicaci\u00f3n. <\/li><\/ol><p>Si tiene alguna consulta o se encuentra con algunas dificultades, no dude en contactar con nuestro personal de atenci\u00f3n al cliente. Nuestros consultores est\u00e1n deseando ayudarte con todos los problemas que puedas tener en la aplicaci\u00f3n.<\/p> <\/div>","protected":false},"excerpt":{"rendered":"","protected":false},"author":9,"featured_media":0,"parent":501,"menu_order":0,"comment_status":"closed","ping_status":"closed","template":"templates\/template-application-platform.php","meta":{"publish_to_discourse":"","publish_post_category":"","wpdc_auto_publish_overridden":"","wpdc_topic_tags":"","wpdc_pin_topic":"","wpdc_pin_until":"","discourse_post_id":"","discourse_permalink":"","wpdc_publishing_response":"","wpdc_publishing_error":"","footnotes":""},"class_list":["post-8717","page","type-page","status-publish","hentry"],"yoast_head":"<!-- This site is optimized with the Yoast SEO plugin v25.3.1 - https:\/\/yoast.com\/wordpress\/plugins\/seo\/ -->\n<title>Audio de fondo: agregue m\u00fasica de fondo al sitio web de Weebly [2025]<\/title>\n<meta name=\"description\" content=\"Agregue un reproductor de m\u00fasica de fondo en su sitio web Weebly. Utilice la pr\u00e1ctica demostraci\u00f3n y genere su propio widget de audio en solo 2 minutos.\" \/>\n<meta name=\"robots\" content=\"index, follow, max-snippet:-1, max-image-preview:large, max-video-preview:-1\" \/>\n<link rel=\"canonical\" href=\"https:\/\/elfsight.com\/es\/background-music-widget\/weebly\/\" \/>\n<meta property=\"og:locale\" content=\"es_ES\" \/>\n<meta property=\"og:type\" content=\"article\" \/>\n<meta property=\"og:title\" content=\"Audio de fondo: agregue m\u00fasica de fondo al sitio web de Weebly [2025]\" \/>\n<meta property=\"og:description\" content=\"Agregue un reproductor de m\u00fasica de fondo en su sitio web Weebly. Utilice la pr\u00e1ctica demostraci\u00f3n y genere su propio widget de audio en solo 2 minutos.\" \/>\n<meta property=\"og:url\" content=\"https:\/\/elfsight.com\/es\/background-music-widget\/weebly\/\" \/>\n<meta property=\"og:site_name\" content=\"Elfsight ES\" \/>\n<meta property=\"article:modified_time\" content=\"2025-02-06T15:30:56+00:00\" \/>\n<meta name=\"twitter:card\" content=\"summary_large_image\" \/>\n<meta name=\"twitter:label1\" content=\"Tiempo de lectura\" \/>\n\t<meta name=\"twitter:data1\" content=\"2 minutos\" \/>\n<!-- \/ Yoast SEO plugin. -->","yoast_head_json":{"title":"Audio de fondo: agregue m\u00fasica de fondo al sitio web de Weebly [2025]","description":"Agregue un reproductor de m\u00fasica de fondo en su sitio web Weebly. Utilice la pr\u00e1ctica demostraci\u00f3n y genere su propio widget de audio en solo 2 minutos.","robots":{"index":"index","follow":"follow","max-snippet":"max-snippet:-1","max-image-preview":"max-image-preview:large","max-video-preview":"max-video-preview:-1"},"canonical":"https:\/\/elfsight.com\/es\/background-music-widget\/weebly\/","og_locale":"es_ES","og_type":"article","og_title":"Audio de fondo: agregue m\u00fasica de fondo al sitio web de Weebly [2025]","og_description":"Agregue un reproductor de m\u00fasica de fondo en su sitio web Weebly. Utilice la pr\u00e1ctica demostraci\u00f3n y genere su propio widget de audio en solo 2 minutos.","og_url":"https:\/\/elfsight.com\/es\/background-music-widget\/weebly\/","og_site_name":"Elfsight ES","article_modified_time":"2025-02-06T15:30:56+00:00","twitter_card":"summary_large_image","twitter_misc":{"Tiempo de lectura":"2 minutos"},"schema":{"@context":"https:\/\/schema.org","@graph":[{"@type":"WebPage","@id":"https:\/\/elfsight.com\/es\/background-music-widget\/weebly\/","url":"https:\/\/elfsight.com\/es\/background-music-widget\/weebly\/","name":"Audio de fondo: agregue m\u00fasica de fondo al sitio web de Weebly [2025]","isPartOf":{"@id":"https:\/\/elfsight.com\/es\/#website"},"datePublished":"1970-01-01T00:00:00+00:00","dateModified":"2025-02-06T15:30:56+00:00","description":"Agregue un reproductor de m\u00fasica de fondo en su sitio web Weebly. Utilice la pr\u00e1ctica demostraci\u00f3n y genere su propio widget de audio en solo 2 minutos.","breadcrumb":{"@id":"https:\/\/elfsight.com\/es\/background-music-widget\/weebly\/#breadcrumb"},"inLanguage":"es","potentialAction":[{"@type":"ReadAction","target":["https:\/\/elfsight.com\/es\/background-music-widget\/weebly\/"]}]},{"@type":"BreadcrumbList","@id":"https:\/\/elfsight.com\/es\/background-music-widget\/weebly\/#breadcrumb","itemListElement":[{"@type":"ListItem","position":1,"name":"Home","item":"https:\/\/elfsight.com\/es\/"},{"@type":"ListItem","position":2,"name":"Background Music","item":"https:\/\/elfsight.com\/es\/background-music-widget\/"},{"@type":"ListItem","position":3,"name":"Background Music &#8211; Weebly"}]},{"@type":"WebSite","@id":"https:\/\/elfsight.com\/es\/#website","url":"https:\/\/elfsight.com\/es\/","name":"Elfsight ES","description":"Just another Elfsight Sites site","potentialAction":[{"@type":"SearchAction","target":{"@type":"EntryPoint","urlTemplate":"https:\/\/elfsight.com\/es\/?s={search_term_string}"},"query-input":{"@type":"PropertyValueSpecification","valueRequired":true,"valueName":"search_term_string"}}],"inLanguage":"es"}]}},"meta_box":{"industry":"","seo_heading":"","heading":"","description":"","cta_heading":"","cta_description":"","application":"500","h1":"Aplicaci\u00f3n Weebly M\u00fasica de Fondo","h1_caption":"Agregue una funci\u00f3n atractiva a su p\u00e1gina de inicio y obtenga m\u00e1s clientes satisfechos r\u00e1pidamente","application_category":[],"applications_title":"","applications_request_title":"","applications_request_button_text":"","hero_text":"","hero_video":"","hero_video_schema_markup":"","selling_points_title":"","selling_points_caption":"","selling_points":[],"selling_points_cta_text":"","features_title":"","features":"","ed_cta_examples_text":"","ed_cta_examples_hidden":"","ed_cta_demo_text":"","ed_cta_demo_hidden":"","why_caption":"","why_editor_title":"","why_editor_text":"","why_team_title":"","why_team_text":"","why_service_title":"","why_service_text":"","template_catalog_visible":"","template_catalog_title":"","template_catalog_text":"","template_catalog_categories_visible":"","demo_title":"Crea tu aplicaci\u00f3n de M\u00fasica de Fondo","demo_caption":"\u00a1Configura tu m\u00fasica de fondo y agr\u00e9gala a tu sitio web Weebly gratis!","default_faq_hidden":"","app_template_category":[],"platform":"109","template_public_id":"","codecanyon_url":"","codecanyon_item_id":"","codecanyon_price":"","pricing_caption":"","pricing_elfsight_apps_hide_column":"","pricing_elfsight_apps_url":"","pricing_codecanyon_price_caption":"","integration_category":[],"integration_request_title":"","integration_request_cta":"","integration_platform":"","integrations":[],"platform_category":[],"video_schema_markup":"","price":"desde $0 \/ mes","trial":"","benefits":[{"text":"Servicio de instalaci\u00f3n gratuito"},{"text":"Servicio al cliente eficaz"},{"text":"Garant\u00eda de reembolso de 14 d\u00edas"},{"text":"Actualizaciones peri\u00f3dicas"}],"button_url":"#demo","button_target_blank":"","button_nofollow":"","attributes":[{"name":"Instalaciones","content":"10,000 - 100,000"},{"name":"Sensible","content":"S\u00ed"},{"name":"Navegadores compatibles","content":"Firefox, Safari, Opera, Chrome, Edge"}],"tags":[],"tags_disable_links":"","hide_more_platforms":"","video_object":"","demo_hide_cta":"","demo_hide_cloud_options":"","pricing_title":"","pricing":[{"pricing_icon":"platform","pricing_title":"Elfsight Apps","pricing_title_caption":"Soluci\u00f3n digital independiente de la plataforma","pricing_price":"desde $0 \/ mes","pricing_price_caption":"comienza con un plan gratuito","pricing_benefits":[{"text":"Dominios ilimitados"},{"text":"Soporte empresarial dedicado"},{"text":"Ayuda de instalaci\u00f3n gratuita"},{"text":"100% personalizable"}],"pricing_button_text":"A\u00f1adir al sitio web","pricing_button_url":"#demo"}],"related_apps_title":"","related_apps_hidden":"","author":"","image":[],"title":"","job":"","social_networks":[]},"_links":{"self":[{"href":"https:\/\/elfsight.com\/es\/wp-json\/wp\/v2\/pages\/8717","targetHints":{"allow":["GET"]}}],"collection":[{"href":"https:\/\/elfsight.com\/es\/wp-json\/wp\/v2\/pages"}],"about":[{"href":"https:\/\/elfsight.com\/es\/wp-json\/wp\/v2\/types\/page"}],"author":[{"embeddable":true,"href":"https:\/\/elfsight.com\/es\/wp-json\/wp\/v2\/users\/9"}],"replies":[{"embeddable":true,"href":"https:\/\/elfsight.com\/es\/wp-json\/wp\/v2\/comments?post=8717"}],"version-history":[{"count":2,"href":"https:\/\/elfsight.com\/es\/wp-json\/wp\/v2\/pages\/8717\/revisions"}],"predecessor-version":[{"id":18409,"href":"https:\/\/elfsight.com\/es\/wp-json\/wp\/v2\/pages\/8717\/revisions\/18409"}],"up":[{"embeddable":true,"href":"https:\/\/elfsight.com\/es\/wp-json\/wp\/v2\/pages\/501"}],"wp:attachment":[{"href":"https:\/\/elfsight.com\/es\/wp-json\/wp\/v2\/media?parent=8717"}],"curies":[{"name":"wp","href":"https:\/\/api.w.org\/{rel}","templated":true}]}}