{"id":8708,"date":"1970-01-01T00:00:00","date_gmt":"1970-01-01T00:00:00","guid":{"rendered":"https:\/\/elfsight.com\/es\/?page_id=8708"},"modified":"2025-02-06T15:31:05","modified_gmt":"2025-02-06T15:31:05","slug":"prestashop","status":"publish","type":"page","link":"https:\/\/elfsight.com\/es\/background-music-widget\/prestashop\/","title":{"rendered":"Background Music &#8211; PrestaShop"},"content":{"rendered":"<div class=\"application-platform-content-item-description application-platform-content-item\" id=\"description\" data-nav-section=\"description\"> <h2>Descripci\u00f3n<\/h2> <p>Elfsight Background Audio Player es un complemento sencillo que le brinda la oportunidad de transmitir pistas de audio en su p\u00e1gina de inicio. El complemento es enormemente personalizable: puede alterar su ubicaci\u00f3n, insertarlo en cualquier lugar de la p\u00e1gina, cambiar su tama\u00f1o, modificar el fondo y todos los dem\u00e1s elementos para combinarlos con el dise\u00f1o de su sitio, aplicar un tema oscuro, revelar im\u00e1genes y mostrar u ocultar otros 3 elementos del reproductor, por ejemplo, la barra de progreso y muchos m\u00e1s. Incluye tantas pistas como quieras para atraer a tus visitantes, activa la reproducci\u00f3n autom\u00e1tica y no tengas dudas: \u00a1tus usuarios no abandonar\u00e1n tu sitio web r\u00e1pidamente! <\/p><p><b>Haga que su sitio tenga m\u00e1s \u00e9xito para los objetivos de comercio electr\u00f3nico con %\u043f\u0440\u043e\u0434\u0443\u043a\u0442%<\/b><\/p> <\/div> <div class=\"application-platform-content-item-features application-platform-content-item\" id=\"features\" data-nav-section=\"features\"> <h2>Consulte la lista de las caracter\u00edsticas m\u00e1s destacadas: <\/h2> <ul><li>Varias variaciones de color<\/li><li>Esquema de colores oscuros\/claros<\/li><li>Responsive dise\u00f1o<\/li><li>2 dise\u00f1os disponibles<\/li><li>Posibilidad de agregar una imagen de fondo<\/li><li>Agregue una cantidad infinita de pistas<\/li><li>Una opci\u00f3n para dise\u00f1ar su combinaci\u00f3n de colores personalizada<\/li><li>Formatos admitidos: ogv, mp3, HLS (mThreeu8), DASH (mpd), webm, mp4<\/li><li>Opci\u00f3n de reproducci\u00f3n autom\u00e1tica<\/li><li>Agregue pistas por URL o directamente desde su dispositivo<\/li><\/ul><p><a href=\"#demo\">Puedes probar c\u00f3mo funciona el widget usando la demostraci\u00f3n<\/a><\/p> <\/div> <div class=\"application-platform-content-item-installation application-platform-content-item\" id=\"installation\" data-nav-section=\"installation\"> <h2>\u00bfC\u00f3mo incrusto m\u00fasica de fondo en mi sitio PrestaShop? <\/h2> <p>Simplemente siga los pasos que se presentan a continuaci\u00f3n para comenzar a usar el complemento. <\/p> <ol><li><b>Abre nuestra demostraci\u00f3n gratuita y comienza a darle forma a tu widget personalizado. <\/b><br>Busca la forma seleccionada y las caracter\u00edsticas de la herramienta y guarda las modificaciones. <\/li> <li><b>Reciba su c\u00f3digo \u00fanico que aparece en el formulario especial de Elfsight Apps. <\/b><br> Una vez finalizada la generaci\u00f3n de su widget personal, copie el c\u00f3digo personal en la ventana emergente que aparece y gu\u00e1rdelo para ocasiones posteriores. <\/li> <li><b>Iniciar la utilizaci\u00f3n del complemento en el sitio PrestaShop. <\/b><br>A\u00f1ade el c\u00f3digo que has copiado anteriormente en tu sitio web y aplica las modificaciones. <\/li> <li><b>\u00a1Listo! La integraci\u00f3n est\u00e1 plenamente lograda. <\/b><br>Vaya a su sitio web para examinar c\u00f3mo funciona el widget. <\/li><\/ol> <p>Supongamos que enfrenta algunas dificultades, no dude en escribir a nuestro equipo de soporte. Nuestros consultores estar\u00e1n encantados de resolver todos los problemas que pueda tener con el widget. <\/p> <\/div>","protected":false},"excerpt":{"rendered":"","protected":false},"author":9,"featured_media":0,"parent":501,"menu_order":0,"comment_status":"closed","ping_status":"closed","template":"templates\/template-application-platform.php","meta":{"publish_to_discourse":"","publish_post_category":"","wpdc_auto_publish_overridden":"","wpdc_topic_tags":"","wpdc_pin_topic":"","wpdc_pin_until":"","discourse_post_id":"","discourse_permalink":"","wpdc_publishing_response":"","wpdc_publishing_error":"","footnotes":""},"class_list":["post-8708","page","type-page","status-publish","hentry"],"yoast_head":"<!-- This site is optimized with the Yoast SEO plugin v25.3.1 - https:\/\/yoast.com\/wordpress\/plugins\/seo\/ -->\n<title>Audio de fondo: agregue m\u00fasica de fondo al sitio web de PrestaShop<\/title>\n<meta name=\"description\" content=\"Agregue una m\u00fasica de fondo al sitio web de PrestaShop. Ejecute la \u00fatil demostraci\u00f3n de Elfsight y cree su complemento de audio personalizado en solo un par de minutos.\" \/>\n<meta name=\"robots\" content=\"index, follow, max-snippet:-1, max-image-preview:large, max-video-preview:-1\" \/>\n<link rel=\"canonical\" href=\"https:\/\/elfsight.com\/es\/background-music-widget\/prestashop\/\" \/>\n<meta property=\"og:locale\" content=\"es_ES\" \/>\n<meta property=\"og:type\" content=\"article\" \/>\n<meta property=\"og:title\" content=\"Audio de fondo: agregue m\u00fasica de fondo al sitio web de PrestaShop\" \/>\n<meta property=\"og:description\" content=\"Agregue una m\u00fasica de fondo al sitio web de PrestaShop. Ejecute la \u00fatil demostraci\u00f3n de Elfsight y cree su complemento de audio personalizado en solo un par de minutos.\" \/>\n<meta property=\"og:url\" content=\"https:\/\/elfsight.com\/es\/background-music-widget\/prestashop\/\" \/>\n<meta property=\"og:site_name\" content=\"Elfsight ES\" \/>\n<meta property=\"article:modified_time\" content=\"2025-02-06T15:31:05+00:00\" \/>\n<meta name=\"twitter:card\" content=\"summary_large_image\" \/>\n<meta name=\"twitter:label1\" content=\"Tiempo de lectura\" \/>\n\t<meta name=\"twitter:data1\" content=\"2 minutos\" \/>\n<!-- \/ Yoast SEO plugin. -->","yoast_head_json":{"title":"Audio de fondo: agregue m\u00fasica de fondo al sitio web de PrestaShop","description":"Agregue una m\u00fasica de fondo al sitio web de PrestaShop. Ejecute la \u00fatil demostraci\u00f3n de Elfsight y cree su complemento de audio personalizado en solo un par de minutos.","robots":{"index":"index","follow":"follow","max-snippet":"max-snippet:-1","max-image-preview":"max-image-preview:large","max-video-preview":"max-video-preview:-1"},"canonical":"https:\/\/elfsight.com\/es\/background-music-widget\/prestashop\/","og_locale":"es_ES","og_type":"article","og_title":"Audio de fondo: agregue m\u00fasica de fondo al sitio web de PrestaShop","og_description":"Agregue una m\u00fasica de fondo al sitio web de PrestaShop. Ejecute la \u00fatil demostraci\u00f3n de Elfsight y cree su complemento de audio personalizado en solo un par de minutos.","og_url":"https:\/\/elfsight.com\/es\/background-music-widget\/prestashop\/","og_site_name":"Elfsight ES","article_modified_time":"2025-02-06T15:31:05+00:00","twitter_card":"summary_large_image","twitter_misc":{"Tiempo de lectura":"2 minutos"},"schema":{"@context":"https:\/\/schema.org","@graph":[{"@type":"WebPage","@id":"https:\/\/elfsight.com\/es\/background-music-widget\/prestashop\/","url":"https:\/\/elfsight.com\/es\/background-music-widget\/prestashop\/","name":"Audio de fondo: agregue m\u00fasica de fondo al sitio web de PrestaShop","isPartOf":{"@id":"https:\/\/elfsight.com\/es\/#website"},"datePublished":"1970-01-01T00:00:00+00:00","dateModified":"2025-02-06T15:31:05+00:00","description":"Agregue una m\u00fasica de fondo al sitio web de PrestaShop. Ejecute la \u00fatil demostraci\u00f3n de Elfsight y cree su complemento de audio personalizado en solo un par de minutos.","breadcrumb":{"@id":"https:\/\/elfsight.com\/es\/background-music-widget\/prestashop\/#breadcrumb"},"inLanguage":"es","potentialAction":[{"@type":"ReadAction","target":["https:\/\/elfsight.com\/es\/background-music-widget\/prestashop\/"]}]},{"@type":"BreadcrumbList","@id":"https:\/\/elfsight.com\/es\/background-music-widget\/prestashop\/#breadcrumb","itemListElement":[{"@type":"ListItem","position":1,"name":"Home","item":"https:\/\/elfsight.com\/es\/"},{"@type":"ListItem","position":2,"name":"Background Music","item":"https:\/\/elfsight.com\/es\/background-music-widget\/"},{"@type":"ListItem","position":3,"name":"Background Music &#8211; PrestaShop"}]},{"@type":"WebSite","@id":"https:\/\/elfsight.com\/es\/#website","url":"https:\/\/elfsight.com\/es\/","name":"Elfsight ES","description":"Just another Elfsight Sites site","potentialAction":[{"@type":"SearchAction","target":{"@type":"EntryPoint","urlTemplate":"https:\/\/elfsight.com\/es\/?s={search_term_string}"},"query-input":{"@type":"PropertyValueSpecification","valueRequired":true,"valueName":"search_term_string"}}],"inLanguage":"es"}]}},"meta_box":{"industry":"","seo_heading":"","heading":"","description":"","cta_heading":"","cta_description":"","application":"500","h1":"Complemento de m\u00fasica de fondo de PrestaShop","h1_caption":"Agregue una opci\u00f3n atractiva a su sitio web y atraiga a m\u00e1s oyentes r\u00e1pidamente","application_category":[],"applications_title":"","applications_request_title":"","applications_request_button_text":"","hero_text":"","hero_video":"","hero_video_schema_markup":"","selling_points_title":"","selling_points_caption":"","selling_points":[],"selling_points_cta_text":"","features_title":"","features":"","ed_cta_examples_text":"","ed_cta_examples_hidden":"","ed_cta_demo_text":"","ed_cta_demo_hidden":"","why_caption":"","why_editor_title":"","why_editor_text":"","why_team_title":"","why_team_text":"","why_service_title":"","why_service_text":"","template_catalog_visible":"","template_catalog_title":"","template_catalog_text":"","template_catalog_categories_visible":"","demo_title":"Crea tu complemento de m\u00fasica de fondo","demo_caption":"\u00a1Configura tu M\u00fasica de Fondo y agr\u00e9gala a tu sitio web PrestaShop gratis!","default_faq_hidden":"","app_template_category":[],"platform":"2250","template_public_id":"","codecanyon_url":"","codecanyon_item_id":"","codecanyon_price":"","pricing_caption":"","pricing_elfsight_apps_hide_column":"","pricing_elfsight_apps_url":"","pricing_codecanyon_price_caption":"","integration_category":[],"integration_request_title":"","integration_request_cta":"","integration_platform":"","integrations":[],"platform_category":[],"video_schema_markup":"","price":"desde $0 \/ mes","trial":"","benefits":[{"text":"Servicio de instalaci\u00f3n gratuito"},{"text":"Servicio al cliente profesional"},{"text":"Garant\u00eda de reembolso de 14 d\u00edas"},{"text":"Mejoras gratuitas continuas"}],"button_url":"#demo","button_target_blank":"","button_nofollow":"","attributes":[{"name":"Instalaciones","content":"10,000 - 100,000"},{"name":"Sensible","content":"S\u00ed"},{"name":"Navegadores compatibles","content":"Firefox, Safari, Opera, Chrome, Edge"}],"tags":[],"tags_disable_links":"","hide_more_platforms":"","video_object":"","demo_hide_cta":"","demo_hide_cloud_options":"","pricing_title":"","pricing":[{"pricing_icon":"platform","pricing_title":"Elfsight Apps","pricing_title_caption":"Soluci\u00f3n digital independiente de la plataforma","pricing_price":"desde $0 \/ mes","pricing_price_caption":"comienza con un plan gratuito","pricing_benefits":[{"text":"Dominios ilimitados"},{"text":"Ayuda de instalaci\u00f3n gratuita"},{"text":"Atenci\u00f3n al cliente dedicada"},{"text":"100% personalizable"}],"pricing_button_text":"A\u00f1adir al sitio web","pricing_button_url":"#demo"}],"related_apps_title":"","related_apps_hidden":"","author":"","image":[],"title":"","job":"","social_networks":[]},"_links":{"self":[{"href":"https:\/\/elfsight.com\/es\/wp-json\/wp\/v2\/pages\/8708","targetHints":{"allow":["GET"]}}],"collection":[{"href":"https:\/\/elfsight.com\/es\/wp-json\/wp\/v2\/pages"}],"about":[{"href":"https:\/\/elfsight.com\/es\/wp-json\/wp\/v2\/types\/page"}],"author":[{"embeddable":true,"href":"https:\/\/elfsight.com\/es\/wp-json\/wp\/v2\/users\/9"}],"replies":[{"embeddable":true,"href":"https:\/\/elfsight.com\/es\/wp-json\/wp\/v2\/comments?post=8708"}],"version-history":[{"count":2,"href":"https:\/\/elfsight.com\/es\/wp-json\/wp\/v2\/pages\/8708\/revisions"}],"predecessor-version":[{"id":18414,"href":"https:\/\/elfsight.com\/es\/wp-json\/wp\/v2\/pages\/8708\/revisions\/18414"}],"up":[{"embeddable":true,"href":"https:\/\/elfsight.com\/es\/wp-json\/wp\/v2\/pages\/501"}],"wp:attachment":[{"href":"https:\/\/elfsight.com\/es\/wp-json\/wp\/v2\/media?parent=8708"}],"curies":[{"name":"wp","href":"https:\/\/api.w.org\/{rel}","templated":true}]}}