{"id":8707,"date":"1970-01-01T00:00:00","date_gmt":"1970-01-01T00:00:00","guid":{"rendered":"https:\/\/elfsight.com\/es\/?page_id=8707"},"modified":"2025-02-06T15:31:05","modified_gmt":"2025-02-06T15:31:05","slug":"opencart","status":"publish","type":"page","link":"https:\/\/elfsight.com\/es\/background-music-widget\/opencart\/","title":{"rendered":"Background Music &#8211; OpenCart"},"content":{"rendered":"<div class=\"application-platform-content-item-description application-platform-content-item\" id=\"description\" data-nav-section=\"description\"> <h2>Descripci\u00f3n<\/h2> <p>Elfsight Background Audio player es una extensi\u00f3n simple para sitios web OpenCart que le permite reproducir pistas de m\u00fasica directamente en su p\u00e1gina web. La herramienta es enormemente ajustable: eres libre de cambiar su posici\u00f3n, configurarla en cualquier lugar de la p\u00e1gina, alterar su tama\u00f1o, volver a pintar el fondo y otros elementos para combinarlo con el estilo de tu sitio, aplicar una combinaci\u00f3n de colores oscuros, mostrar portadas y mostrar u ocultar otras cuatro partes del reproductor como la barra de progreso, el encabezado y muchas m\u00e1s. Agregue tantas pistas como desee para atraer a sus visitantes, active la opci\u00f3n de reproducci\u00f3n autom\u00e1tica y no lo dude: \u00a1su audiencia no abandonar\u00e1 su sitio web r\u00e1pidamente!<\/p> <p><b>Con el reproductor de m\u00fasica de fondo Elfsight, inicie un crecimiento activo del negocio y aumente las ventas <\/b><\/p> <\/div> <div class=\"application-platform-content-item-features application-platform-content-item\" id=\"features\" data-nav-section=\"features\"> <h2>Encuentre a continuaci\u00f3n las caracter\u00edsticas fundamentales de la extensi\u00f3n:<\/h2> <ul><li>Varias variaciones de color<\/li><li>Tema de color oscuro\/claro<\/li><li>Dise\u00f1o maleable<\/li><li>2 dise\u00f1os disponibles<\/li><li>Una opci\u00f3n para usar una imagen de fondo<\/li><\/ul><p><a href=\"#demo\">Simplemente prueba esta demostraci\u00f3n para tener una idea completa<\/a><\/p> <\/div> <div class=\"application-platform-content-item-installation application-platform-content-item\" id=\"installation\" data-nav-section=\"installation\"> <h2>\u00bfC\u00f3mo agregar m\u00fasica de fondo a mi sitio web OpenCart? <\/h2> <p>Simplemente siga las pautas a continuaci\u00f3n para comenzar a trabajar con la extensi\u00f3n. <\/p> <ol><li><b>Emplee nuestro editor gratuito y comience a crear su extensi\u00f3n personalizada. <\/b><br>Elija el dise\u00f1o seleccionado y las opciones de la extensi\u00f3n y aplique todas las ediciones. <\/li> <li><b>Reciba su c\u00f3digo \u00fanico mostrado en el cuadro de Elfsight Apps. <\/b><br> Tan pronto como finalice la creaci\u00f3n de su extensi\u00f3n, copie el c\u00f3digo exclusivo en la ventana emergente que aparece y gu\u00e1rdelo para futuras necesidades. <\/li> <li><b>Comience a usar la extensi\u00f3n en el sitio web de OpenCart. <\/b><br> A\u00f1ade el c\u00f3digo que has copiado recientemente en tu p\u00e1gina web y aplica las modificaciones. <\/li> <li><b>\u00a1Listo! La integraci\u00f3n se realiza por completo. <\/b><br>Abre tu sitio web para ver en acci\u00f3n el rendimiento de la extensi\u00f3n. <\/li><\/ol><p>Si tienes dudas o te encuentras con obst\u00e1culos, ponte en contacto con nuestro equipo de soporte. Nuestros asesores estar\u00e1n encantados de resolver todos los problemas que puedas tener sobre el producto. <\/p> <\/div>","protected":false},"excerpt":{"rendered":"","protected":false},"author":9,"featured_media":0,"parent":501,"menu_order":0,"comment_status":"closed","ping_status":"closed","template":"templates\/template-application-platform.php","meta":{"publish_to_discourse":"","publish_post_category":"","wpdc_auto_publish_overridden":"","wpdc_topic_tags":"","wpdc_pin_topic":"","wpdc_pin_until":"","discourse_post_id":"","discourse_permalink":"","wpdc_publishing_response":"","wpdc_publishing_error":"","footnotes":""},"class_list":["post-8707","page","type-page","status-publish","hentry"],"yoast_head":"<!-- This site is optimized with the Yoast SEO plugin v25.3.1 - https:\/\/yoast.com\/wordpress\/plugins\/seo\/ -->\n<title>Reproductor de m\u00fasica de fondo para el sitio web de Elementor (gratis y sin codificaci\u00f3n)<\/title>\n<meta name=\"description\" content=\"Agregue un widget de m\u00fasica de fondo impresionable en su p\u00e1gina OpenCart. Utilice nuestra pr\u00e1ctica demostraci\u00f3n y cree su widget personalizado en solo un par de minutos.\" \/>\n<meta name=\"robots\" content=\"index, follow, max-snippet:-1, max-image-preview:large, max-video-preview:-1\" \/>\n<link rel=\"canonical\" href=\"https:\/\/elfsight.com\/es\/background-music-widget\/opencart\/\" \/>\n<meta property=\"og:locale\" content=\"es_ES\" \/>\n<meta property=\"og:type\" content=\"article\" \/>\n<meta property=\"og:title\" content=\"Reproductor de m\u00fasica de fondo para el sitio web de Elementor (gratis y sin codificaci\u00f3n)\" \/>\n<meta property=\"og:description\" content=\"Agregue un widget de m\u00fasica de fondo impresionable en su p\u00e1gina OpenCart. Utilice nuestra pr\u00e1ctica demostraci\u00f3n y cree su widget personalizado en solo un par de minutos.\" \/>\n<meta property=\"og:url\" content=\"https:\/\/elfsight.com\/es\/background-music-widget\/opencart\/\" \/>\n<meta property=\"og:site_name\" content=\"Elfsight ES\" \/>\n<meta property=\"article:modified_time\" content=\"2025-02-06T15:31:05+00:00\" \/>\n<meta name=\"twitter:card\" content=\"summary_large_image\" \/>\n<meta name=\"twitter:label1\" content=\"Tiempo de lectura\" \/>\n\t<meta name=\"twitter:data1\" content=\"2 minutos\" \/>\n<!-- \/ Yoast SEO plugin. -->","yoast_head_json":{"title":"Reproductor de m\u00fasica de fondo para el sitio web de Elementor (gratis y sin codificaci\u00f3n)","description":"Agregue un widget de m\u00fasica de fondo impresionable en su p\u00e1gina OpenCart. Utilice nuestra pr\u00e1ctica demostraci\u00f3n y cree su widget personalizado en solo un par de minutos.","robots":{"index":"index","follow":"follow","max-snippet":"max-snippet:-1","max-image-preview":"max-image-preview:large","max-video-preview":"max-video-preview:-1"},"canonical":"https:\/\/elfsight.com\/es\/background-music-widget\/opencart\/","og_locale":"es_ES","og_type":"article","og_title":"Reproductor de m\u00fasica de fondo para el sitio web de Elementor (gratis y sin codificaci\u00f3n)","og_description":"Agregue un widget de m\u00fasica de fondo impresionable en su p\u00e1gina OpenCart. Utilice nuestra pr\u00e1ctica demostraci\u00f3n y cree su widget personalizado en solo un par de minutos.","og_url":"https:\/\/elfsight.com\/es\/background-music-widget\/opencart\/","og_site_name":"Elfsight ES","article_modified_time":"2025-02-06T15:31:05+00:00","twitter_card":"summary_large_image","twitter_misc":{"Tiempo de lectura":"2 minutos"},"schema":{"@context":"https:\/\/schema.org","@graph":[{"@type":"WebPage","@id":"https:\/\/elfsight.com\/es\/background-music-widget\/opencart\/","url":"https:\/\/elfsight.com\/es\/background-music-widget\/opencart\/","name":"Reproductor de m\u00fasica de fondo para el sitio web de Elementor (gratis y sin codificaci\u00f3n)","isPartOf":{"@id":"https:\/\/elfsight.com\/es\/#website"},"datePublished":"1970-01-01T00:00:00+00:00","dateModified":"2025-02-06T15:31:05+00:00","description":"Agregue un widget de m\u00fasica de fondo impresionable en su p\u00e1gina OpenCart. Utilice nuestra pr\u00e1ctica demostraci\u00f3n y cree su widget personalizado en solo un par de minutos.","breadcrumb":{"@id":"https:\/\/elfsight.com\/es\/background-music-widget\/opencart\/#breadcrumb"},"inLanguage":"es","potentialAction":[{"@type":"ReadAction","target":["https:\/\/elfsight.com\/es\/background-music-widget\/opencart\/"]}]},{"@type":"BreadcrumbList","@id":"https:\/\/elfsight.com\/es\/background-music-widget\/opencart\/#breadcrumb","itemListElement":[{"@type":"ListItem","position":1,"name":"Home","item":"https:\/\/elfsight.com\/es\/"},{"@type":"ListItem","position":2,"name":"Background Music","item":"https:\/\/elfsight.com\/es\/background-music-widget\/"},{"@type":"ListItem","position":3,"name":"Background Music &#8211; OpenCart"}]},{"@type":"WebSite","@id":"https:\/\/elfsight.com\/es\/#website","url":"https:\/\/elfsight.com\/es\/","name":"Elfsight ES","description":"Just another Elfsight Sites site","potentialAction":[{"@type":"SearchAction","target":{"@type":"EntryPoint","urlTemplate":"https:\/\/elfsight.com\/es\/?s={search_term_string}"},"query-input":{"@type":"PropertyValueSpecification","valueRequired":true,"valueName":"search_term_string"}}],"inLanguage":"es"}]}},"meta_box":{"industry":"","seo_heading":"","heading":"","description":"","cta_heading":"","cta_description":"","application":"500","h1":"Extensi\u00f3n de m\u00fasica de fondo OpenCart","h1_caption":"Implemente una funci\u00f3n atractiva en su p\u00e1gina de inicio y atraiga m\u00e1s clientes satisfechos con un clic","application_category":[],"applications_title":"","applications_request_title":"","applications_request_button_text":"","hero_text":"","hero_video":"","hero_video_schema_markup":"","selling_points_title":"","selling_points_caption":"","selling_points":[],"selling_points_cta_text":"","features_title":"","features":"","ed_cta_examples_text":"","ed_cta_examples_hidden":"","ed_cta_demo_text":"","ed_cta_demo_hidden":"","why_caption":"","why_editor_title":"","why_editor_text":"","why_team_title":"","why_team_text":"","why_service_title":"","why_service_text":"","template_catalog_visible":"","template_catalog_title":"","template_catalog_text":"","template_catalog_categories_visible":"","demo_title":"Crea tu extensi\u00f3n de M\u00fasica de Fondo","demo_caption":"\u00a1Configure su m\u00fasica de fondo y agr\u00e9guela a su sitio web OpenCart gratis!","default_faq_hidden":"","app_template_category":[],"platform":"88","template_public_id":"","codecanyon_url":"","codecanyon_item_id":"","codecanyon_price":"","pricing_caption":"","pricing_elfsight_apps_hide_column":"","pricing_elfsight_apps_url":"","pricing_codecanyon_price_caption":"","integration_category":[],"integration_request_title":"","integration_request_cta":"","integration_platform":"","integrations":[],"platform_category":[],"video_schema_markup":"","price":"desde $0 \/ mes","trial":"","benefits":[{"text":"Asistencia de instalaci\u00f3n gratuita"},{"text":"Soporte premium"},{"text":"Garant\u00eda de devoluci\u00f3n de dinero de 14 d\u00edas"},{"text":"Mejoras continuas y gratuitas"}],"button_url":"#demo","button_target_blank":"","button_nofollow":"","attributes":[{"name":"Instalaciones","content":"10,000 - 100,000"},{"name":"Sensible","content":"S\u00ed"},{"name":"Navegadores compatibles","content":"Firefox, Chrome, Edge, Opera, Safari"}],"tags":[],"tags_disable_links":"","hide_more_platforms":"","video_object":"","demo_hide_cta":"","demo_hide_cloud_options":"","pricing_title":"","pricing":[{"pricing_icon":"platform","pricing_title":"Elfsight Apps","pricing_title_caption":"Versi\u00f3n multiplataforma","pricing_price":"desde $0 \/ mes","pricing_price_caption":"comienza con el plan gratuito","pricing_benefits":[{"text":"Soporte premium y puntual"},{"text":"Asistencia de instalaci\u00f3n gratuita"},{"text":"Soporte premium y puntual"},{"text":"100% personalizable"}],"pricing_button_text":"A\u00f1adir al sitio web","pricing_button_url":"#demo"}],"related_apps_title":"","related_apps_hidden":"","author":"","image":[],"title":"","job":"","social_networks":[]},"_links":{"self":[{"href":"https:\/\/elfsight.com\/es\/wp-json\/wp\/v2\/pages\/8707","targetHints":{"allow":["GET"]}}],"collection":[{"href":"https:\/\/elfsight.com\/es\/wp-json\/wp\/v2\/pages"}],"about":[{"href":"https:\/\/elfsight.com\/es\/wp-json\/wp\/v2\/types\/page"}],"author":[{"embeddable":true,"href":"https:\/\/elfsight.com\/es\/wp-json\/wp\/v2\/users\/9"}],"replies":[{"embeddable":true,"href":"https:\/\/elfsight.com\/es\/wp-json\/wp\/v2\/comments?post=8707"}],"version-history":[{"count":2,"href":"https:\/\/elfsight.com\/es\/wp-json\/wp\/v2\/pages\/8707\/revisions"}],"predecessor-version":[{"id":18415,"href":"https:\/\/elfsight.com\/es\/wp-json\/wp\/v2\/pages\/8707\/revisions\/18415"}],"up":[{"embeddable":true,"href":"https:\/\/elfsight.com\/es\/wp-json\/wp\/v2\/pages\/501"}],"wp:attachment":[{"href":"https:\/\/elfsight.com\/es\/wp-json\/wp\/v2\/media?parent=8707"}],"curies":[{"name":"wp","href":"https:\/\/api.w.org\/{rel}","templated":true}]}}